{"id":95598,"date":"2024-04-18T13:01:21","date_gmt":"2024-04-18T11:01:21","guid":{"rendered":"https:\/\/letrame.com\/catalogo\/producto\/cuatro-amigos\/"},"modified":"2024-04-18T13:01:35","modified_gmt":"2024-04-18T11:01:35","slug":"cuatro-amigos","status":"publish","type":"product","link":"https:\/\/letrame.com\/catalogo\/producto\/cuatro-amigos\/","title":{"rendered":"Cuatro amigos"},"content":{"rendered":"\n<p><strong>ISBN<\/strong>: 978-84-18240-79-9<br><strong>T\u00edtulo<\/strong>: Cuatro amigos<br><strong>Fecha<\/strong>: 2020<br><strong>P\u00e1ginas<\/strong>: 474<\/p>\n\n\n\n<div style=\"height:55px\" aria-hidden=\"true\" class=\"wp-block-spacer\"><\/div>\n\n\n\n<p><strong>SINOPSIS<\/strong><\/p>\n\n\n\n<p>Cuatro amigos es una novela de ficci\u00f3n, narrada en presente y primera persona, que consta de dos partes bien diferenciadas. La primera sit\u00faa la acci\u00f3n a finales de la pasada d\u00e9cada y narra las vivencias de unos amigos que se reencuentran tras a\u00f1os sin apenas contacto. Los hechos se desarrollan en un diminuto apartamento de los Alpes franceses, y sirve, de una parte, para establecer ciertas semejanzas entre el protagonista y su omnipresente abuelo, y por otra, para dirimir la manera, dispar y en ocasiones antag\u00f3nica, que tienen estos amigos de concebir un mundo que parece desmoronarse. Una semana de&nbsp;convivencia les servir\u00e1 para enfrentarse a sus miedos, y enriquecer sus conturbadas o delicuescentes vidas, permiti\u00e9ndoles encarar los diferentes problemas que deben afrontar a la vuelta de sus vacaciones.&nbsp; La segunda parte se desarrolla al cabo de cuarenta a\u00f1os, en un mundo imaginario que ha superado un Apocalipsis, pero el emplazamiento es id\u00e9ntico; desde ese mismo apartamento, Carlos recuerda atribulado&nbsp;aquella semana id\u00edlica, repasa los acontecimientos que se sucedieron y comprueba c\u00f3mo aquel triste vaticinio fue superado con creces. Tras el \u00e9xodo originado por un drama personal que le lleva a recorrer medio mundo, y de la mano de unos objetos que acaban convirti\u00e9ndose en tot\u00e9micos, explica la convergencia entre unas existencias donde el pasado, el presente y el futuro se complementan. La novela sirve adem\u00e1s para establecer un paralelismo, cuyo desenlace no se resuelve hasta el final, entre la vida del protagonista y la de su abuelo, que sufri\u00f3 encarcelamiento en un gulag estalinista, atraves\u00f3 Siberia en pleno invierno, lleg\u00f3 a Espa\u00f1a en plena guerra civil, se embarc\u00f3 en una guerra mundial que le llev\u00f3 hasta San Petersburgo y que finaliz\u00f3 con otro cautiverio, este en un campo de concentraci\u00f3n nazi.<\/p>\n","protected":false},"excerpt":{"rendered":"<p><strong>ISBN:\u00a0<span class=\"sku\">978-84-18240-79-9<\/span><\/strong><\/p>\n<p>Cuatro amigos es una novela de ficci\u00f3n, narrada en presente y primera persona, que consta de dos partes bien diferenciadas. La primera sit\u00faa la acci\u00f3n a finales de la pasada d\u00e9cada y narra las vivencias de unos amigos que se reencuentran tras a\u00f1os sin apenas contacto. Los hechos se desarrollan en un diminuto apartamento de los Alpes franceses, y sirve, de una parte, para establecer ciertas semejanzas entre el protagonista y su omnipresente abuelo, y por otra, para dirimir la manera, dispar y en ocasiones antag\u00f3nica, que tienen estos amigos de concebir un mundo que parece desmoronarse. \u00a0<\/p>\n","protected":false},"featured_media":95599,"comment_status":"closed","ping_status":"open","template":"","meta":{"_acf_changed":false},"libro":[],"product_brand":[],"product_cat":[16],"product_tag":[],"class_list":{"0":"post-95598","1":"product","2":"type-product","3":"status-publish","4":"has-post-thumbnail","6":"product_cat-novela","8":"first","9":"instock","10":"purchasable","11":"product-type-simple"},"acf":{"autor":[74084],"enlace_de_compra":"https:\/\/www.amazon.es\/Cuatro-amigos-Carlos-Gonz%C3%A1lez-Escribano\/dp\/8418240792\/ref=sr_1_1?__mk_es_ES=%C3%85M%C3%85%C5%BD%C3%95%C3%91&amp&dchild=1&amp&keywords=Cuatro+amigos+letrame&amp&qid=1594727420&amp&s=books&amp&sr=1-1"},"yoast_head":"<!-- This site is optimized with the Yoast SEO plugin v26.6 - https:\/\/yoast.com\/wordpress\/plugins\/seo\/ -->\n<title>Cuatro amigos - Catalogo | Letrame Grupo Editorial<\/title>\n<meta name=\"robots\" content=\"index, follow, max-snippet:-1, max-image-preview:large, max-video-preview:-1\" \/>\n<link rel=\"canonical\" href=\"https:\/\/letrame.com\/catalogo\/producto\/cuatro-amigos\/\" \/>\n<meta property=\"og:locale\" content=\"es_ES\" \/>\n<meta property=\"og:type\" content=\"article\" \/>\n<meta property=\"og:title\" content=\"Cuatro amigos - Catalogo | Letrame Grupo Editorial\" \/>\n<meta property=\"og:description\" content=\"ISBN:\u00a0978-84-18240-79-9 Cuatro amigos es una novela de ficci\u00f3n, narrada en presente y primera persona, que consta de dos partes bien diferenciadas. La primera sit\u00faa la acci\u00f3n a finales de la pasada d\u00e9cada y narra las vivencias de unos amigos que se reencuentran tras a\u00f1os sin apenas contacto. Los hechos se desarrollan en un diminuto apartamento de los Alpes franceses, y sirve, de una parte, para establecer ciertas semejanzas entre el protagonista y su omnipresente abuelo, y por otra, para dirimir la manera, dispar y en ocasiones antag\u00f3nica, que tienen estos amigos de concebir un mundo que parece desmoronarse. \u00a0\" \/>\n<meta property=\"og:url\" content=\"https:\/\/letrame.com\/catalogo\/producto\/cuatro-amigos\/\" \/>\n<meta property=\"og:site_name\" content=\"Catalogo | Letrame Grupo Editorial\" \/>\n<meta property=\"article:modified_time\" content=\"2024-04-18T11:01:35+00:00\" \/>\n<meta property=\"og:image\" content=\"https:\/\/letrame.com\/catalogo\/wp-content\/uploads\/2024\/04\/Cuatro-amigos-scaled-1.jpg\" \/>\n\t<meta property=\"og:image:width\" content=\"1746\" \/>\n\t<meta property=\"og:image:height\" content=\"2560\" \/>\n\t<meta property=\"og:image:type\" content=\"image\/jpeg\" \/>\n<meta name=\"twitter:card\" content=\"summary_large_image\" \/>\n<meta name=\"twitter:label1\" content=\"Tiempo de lectura\" \/>\n\t<meta name=\"twitter:data1\" content=\"2 minutos\" \/>\n<script type=\"application\/ld+json\" class=\"yoast-schema-graph\">{\"@context\":\"https:\/\/schema.org\",\"@graph\":[{\"@type\":\"WebPage\",\"@id\":\"https:\/\/letrame.com\/catalogo\/producto\/cuatro-amigos\/\",\"url\":\"https:\/\/letrame.com\/catalogo\/producto\/cuatro-amigos\/\",\"name\":\"Cuatro amigos - Catalogo | Letrame Grupo Editorial\",\"isPartOf\":{\"@id\":\"https:\/\/letrame.com\/catalogo\/#website\"},\"primaryImageOfPage\":{\"@id\":\"https:\/\/letrame.com\/catalogo\/producto\/cuatro-amigos\/#primaryimage\"},\"image\":{\"@id\":\"https:\/\/letrame.com\/catalogo\/producto\/cuatro-amigos\/#primaryimage\"},\"thumbnailUrl\":\"https:\/\/letrame.com\/catalogo\/wp-content\/uploads\/2024\/04\/Cuatro-amigos-scaled-1.jpg\",\"datePublished\":\"2024-04-18T11:01:21+00:00\",\"dateModified\":\"2024-04-18T11:01:35+00:00\",\"breadcrumb\":{\"@id\":\"https:\/\/letrame.com\/catalogo\/producto\/cuatro-amigos\/#breadcrumb\"},\"inLanguage\":\"es\",\"potentialAction\":[{\"@type\":\"ReadAction\",\"target\":[\"https:\/\/letrame.com\/catalogo\/producto\/cuatro-amigos\/\"]}]},{\"@type\":\"ImageObject\",\"inLanguage\":\"es\",\"@id\":\"https:\/\/letrame.com\/catalogo\/producto\/cuatro-amigos\/#primaryimage\",\"url\":\"https:\/\/letrame.com\/catalogo\/wp-content\/uploads\/2024\/04\/Cuatro-amigos-scaled-1.jpg\",\"contentUrl\":\"https:\/\/letrame.com\/catalogo\/wp-content\/uploads\/2024\/04\/Cuatro-amigos-scaled-1.jpg\",\"width\":1746,\"height\":2560},{\"@type\":\"BreadcrumbList\",\"@id\":\"https:\/\/letrame.com\/catalogo\/producto\/cuatro-amigos\/#breadcrumb\",\"itemListElement\":[{\"@type\":\"ListItem\",\"position\":1,\"name\":\"Portada\",\"item\":\"https:\/\/letrame.com\/catalogo\/\"},{\"@type\":\"ListItem\",\"position\":2,\"name\":\"Cat\u00e1logo\",\"item\":\"https:\/\/letrame.com\/catalogo\/\"},{\"@type\":\"ListItem\",\"position\":3,\"name\":\"Cuatro amigos\"}]},{\"@type\":\"WebSite\",\"@id\":\"https:\/\/letrame.com\/catalogo\/#website\",\"url\":\"https:\/\/letrame.com\/catalogo\/\",\"name\":\"Catalogo | Letrame Grupo Editorial\",\"description\":\"\",\"publisher\":{\"@id\":\"https:\/\/letrame.com\/catalogo\/#organization\"},\"potentialAction\":[{\"@type\":\"SearchAction\",\"target\":{\"@type\":\"EntryPoint\",\"urlTemplate\":\"https:\/\/letrame.com\/catalogo\/?s={search_term_string}\"},\"query-input\":{\"@type\":\"PropertyValueSpecification\",\"valueRequired\":true,\"valueName\":\"search_term_string\"}}],\"inLanguage\":\"es\"},{\"@type\":\"Organization\",\"@id\":\"https:\/\/letrame.com\/catalogo\/#organization\",\"name\":\"Catalogo | Letrame Grupo Editorial\",\"url\":\"https:\/\/letrame.com\/catalogo\/\",\"logo\":{\"@type\":\"ImageObject\",\"inLanguage\":\"es\",\"@id\":\"https:\/\/letrame.com\/catalogo\/#\/schema\/logo\/image\/\",\"url\":\"https:\/\/letrame.com\/catalogo\/wp-content\/uploads\/2024\/03\/logo2.webp\",\"contentUrl\":\"https:\/\/letrame.com\/catalogo\/wp-content\/uploads\/2024\/03\/logo2.webp\",\"width\":394,\"height\":128,\"caption\":\"Catalogo | Letrame Grupo Editorial\"},\"image\":{\"@id\":\"https:\/\/letrame.com\/catalogo\/#\/schema\/logo\/image\/\"}}]}<\/script>\n<!-- \/ Yoast SEO plugin. -->","yoast_head_json":{"title":"Cuatro amigos - Catalogo | Letrame Grupo Editorial","robots":{"index":"index","follow":"follow","max-snippet":"max-snippet:-1","max-image-preview":"max-image-preview:large","max-video-preview":"max-video-preview:-1"},"canonical":"https:\/\/letrame.com\/catalogo\/producto\/cuatro-amigos\/","og_locale":"es_ES","og_type":"article","og_title":"Cuatro amigos - Catalogo | Letrame Grupo Editorial","og_description":"ISBN:\u00a0978-84-18240-79-9 Cuatro amigos es una novela de ficci\u00f3n, narrada en presente y primera persona, que consta de dos partes bien diferenciadas. La primera sit\u00faa la acci\u00f3n a finales de la pasada d\u00e9cada y narra las vivencias de unos amigos que se reencuentran tras a\u00f1os sin apenas contacto. Los hechos se desarrollan en un diminuto apartamento de los Alpes franceses, y sirve, de una parte, para establecer ciertas semejanzas entre el protagonista y su omnipresente abuelo, y por otra, para dirimir la manera, dispar y en ocasiones antag\u00f3nica, que tienen estos amigos de concebir un mundo que parece desmoronarse. \u00a0","og_url":"https:\/\/letrame.com\/catalogo\/producto\/cuatro-amigos\/","og_site_name":"Catalogo | Letrame Grupo Editorial","article_modified_time":"2024-04-18T11:01:35+00:00","og_image":[{"width":1746,"height":2560,"url":"https:\/\/letrame.com\/catalogo\/wp-content\/uploads\/2024\/04\/Cuatro-amigos-scaled-1.jpg","type":"image\/jpeg"}],"twitter_card":"summary_large_image","twitter_misc":{"Tiempo de lectura":"2 minutos"},"schema":{"@context":"https:\/\/schema.org","@graph":[{"@type":"WebPage","@id":"https:\/\/letrame.com\/catalogo\/producto\/cuatro-amigos\/","url":"https:\/\/letrame.com\/catalogo\/producto\/cuatro-amigos\/","name":"Cuatro amigos - Catalogo | Letrame Grupo Editorial","isPartOf":{"@id":"https:\/\/letrame.com\/catalogo\/#website"},"primaryImageOfPage":{"@id":"https:\/\/letrame.com\/catalogo\/producto\/cuatro-amigos\/#primaryimage"},"image":{"@id":"https:\/\/letrame.com\/catalogo\/producto\/cuatro-amigos\/#primaryimage"},"thumbnailUrl":"https:\/\/letrame.com\/catalogo\/wp-content\/uploads\/2024\/04\/Cuatro-amigos-scaled-1.jpg","datePublished":"2024-04-18T11:01:21+00:00","dateModified":"2024-04-18T11:01:35+00:00","breadcrumb":{"@id":"https:\/\/letrame.com\/catalogo\/producto\/cuatro-amigos\/#breadcrumb"},"inLanguage":"es","potentialAction":[{"@type":"ReadAction","target":["https:\/\/letrame.com\/catalogo\/producto\/cuatro-amigos\/"]}]},{"@type":"ImageObject","inLanguage":"es","@id":"https:\/\/letrame.com\/catalogo\/producto\/cuatro-amigos\/#primaryimage","url":"https:\/\/letrame.com\/catalogo\/wp-content\/uploads\/2024\/04\/Cuatro-amigos-scaled-1.jpg","contentUrl":"https:\/\/letrame.com\/catalogo\/wp-content\/uploads\/2024\/04\/Cuatro-amigos-scaled-1.jpg","width":1746,"height":2560},{"@type":"BreadcrumbList","@id":"https:\/\/letrame.com\/catalogo\/producto\/cuatro-amigos\/#breadcrumb","itemListElement":[{"@type":"ListItem","position":1,"name":"Portada","item":"https:\/\/letrame.com\/catalogo\/"},{"@type":"ListItem","position":2,"name":"Cat\u00e1logo","item":"https:\/\/letrame.com\/catalogo\/"},{"@type":"ListItem","position":3,"name":"Cuatro amigos"}]},{"@type":"WebSite","@id":"https:\/\/letrame.com\/catalogo\/#website","url":"https:\/\/letrame.com\/catalogo\/","name":"Catalogo | Letrame Grupo Editorial","description":"","publisher":{"@id":"https:\/\/letrame.com\/catalogo\/#organization"},"potentialAction":[{"@type":"SearchAction","target":{"@type":"EntryPoint","urlTemplate":"https:\/\/letrame.com\/catalogo\/?s={search_term_string}"},"query-input":{"@type":"PropertyValueSpecification","valueRequired":true,"valueName":"search_term_string"}}],"inLanguage":"es"},{"@type":"Organization","@id":"https:\/\/letrame.com\/catalogo\/#organization","name":"Catalogo | Letrame Grupo Editorial","url":"https:\/\/letrame.com\/catalogo\/","logo":{"@type":"ImageObject","inLanguage":"es","@id":"https:\/\/letrame.com\/catalogo\/#\/schema\/logo\/image\/","url":"https:\/\/letrame.com\/catalogo\/wp-content\/uploads\/2024\/03\/logo2.webp","contentUrl":"https:\/\/letrame.com\/catalogo\/wp-content\/uploads\/2024\/03\/logo2.webp","width":394,"height":128,"caption":"Catalogo | Letrame Grupo Editorial"},"image":{"@id":"https:\/\/letrame.com\/catalogo\/#\/schema\/logo\/image\/"}}]}},"_links":{"self":[{"href":"https:\/\/letrame.com\/catalogo\/wp-json\/wp\/v2\/product\/95598","targetHints":{"allow":["GET"]}}],"collection":[{"href":"https:\/\/letrame.com\/catalogo\/wp-json\/wp\/v2\/product"}],"about":[{"href":"https:\/\/letrame.com\/catalogo\/wp-json\/wp\/v2\/types\/product"}],"replies":[{"embeddable":true,"href":"https:\/\/letrame.com\/catalogo\/wp-json\/wp\/v2\/comments?post=95598"}],"acf:post":[{"embeddable":true,"href":"https:\/\/letrame.com\/catalogo\/wp-json\/wp\/v2\/author_book\/74084"}],"wp:featuredmedia":[{"embeddable":true,"href":"https:\/\/letrame.com\/catalogo\/wp-json\/wp\/v2\/media\/95599"}],"wp:attachment":[{"href":"https:\/\/letrame.com\/catalogo\/wp-json\/wp\/v2\/media?parent=95598"}],"wp:term":[{"taxonomy":"libro","embeddable":true,"href":"https:\/\/letrame.com\/catalogo\/wp-json\/wp\/v2\/libro?post=95598"},{"taxonomy":"product_brand","embeddable":true,"href":"https:\/\/letrame.com\/catalogo\/wp-json\/wp\/v2\/product_brand?post=95598"},{"taxonomy":"product_cat","embeddable":true,"href":"https:\/\/letrame.com\/catalogo\/wp-json\/wp\/v2\/product_cat?post=95598"},{"taxonomy":"product_tag","embeddable":true,"href":"https:\/\/letrame.com\/catalogo\/wp-json\/wp\/v2\/product_tag?post=95598"}],"curies":[{"name":"wp","href":"https:\/\/api.w.org\/{rel}","templated":true}]}}