{"id":95584,"date":"2024-04-18T13:00:24","date_gmt":"2024-04-18T11:00:24","guid":{"rendered":"https:\/\/letrame.com\/catalogo\/producto\/te-perdono\/"},"modified":"2024-04-18T13:00:24","modified_gmt":"2024-04-18T11:00:24","slug":"te-perdono","status":"publish","type":"product","link":"https:\/\/letrame.com\/catalogo\/producto\/te-perdono\/","title":{"rendered":"Te perdono"},"content":{"rendered":"\n<p><strong>ISBN<\/strong>: 978-84-18186-18-9<br><strong>T\u00edtulo<\/strong>: Te perdono<br><strong>Fecha<\/strong>: 2020<br><strong>P\u00e1ginas<\/strong>: 218<\/p>\n\n\n\n<div style=\"height:64px\" aria-hidden=\"true\" class=\"wp-block-spacer\"><\/div>\n\n\n\n<p><strong>SINOPSIS<\/strong><\/p>\n\n\n\n<p>\u00abAlgunos hombres son incapaces de amar a una mujer y buscan amar a dos\u00bb. Es el caso de Tulio Ferreira, el heredero de un negocio familiar que regresa al pueblo de su infancia para atender a su madre esquizofr\u00e9nica. \u00cdntimamente ajeno al alcance moral de sus actos, decide mantener una relaci\u00f3n furtiva con un amor que la distancia y el tiempo no supieron descomponer, y que le har\u00e1 poner en tela de juicio el amor que siente por su novia Clara. En medio de una y otra solicitud; la una habl\u00e1ndole a sus sentidos, la otra habl\u00e1ndole a su coraz\u00f3n, Tulio Ferreira se entregar\u00e1 al dominio de una pasi\u00f3n que poco a poco le degradar\u00e1 su car\u00e1cter y le har\u00e1 sentir los dolores necesarios para alcanzar su redenci\u00f3n.<\/p>\n","protected":false},"excerpt":{"rendered":"<p><strong>ISBN:\u00a0<span class=\"sku\">978-84-18186-18-9<\/span><\/strong><\/p>\n<p>\u00abAlgunos hombres son incapaces de amar a una mujer y buscan amar a dos\u00bb. Es el caso de Tulio Ferreira, el heredero de un negocio familiar que regresa al pueblo de su infancia para atender a su madre esquizofr\u00e9nica. \u00cdntimamente ajeno al alcance moral de sus actos, decide mantener una relaci\u00f3n furtiva con un amor que la distancia y el tiempo no supieron descomponer, y que le har\u00e1 poner en tela de juicio el amor que siente por su novia Clara. En medio de una y otra solicitud; la una habl\u00e1ndole a sus sentidos, la otra habl\u00e1ndole a su coraz\u00f3n, Tulio Ferreira se entregar\u00e1 al dominio de una pasi\u00f3n que poco a poco le degradar\u00e1 su car\u00e1cter y le har\u00e1 sentir los dolores necesarios para alcanzar su redenci\u00f3n. \u00a0 \u00a0<\/p>\n","protected":false},"featured_media":95585,"comment_status":"closed","ping_status":"open","template":"","meta":{"_acf_changed":false},"libro":[],"product_brand":[],"product_cat":[16],"product_tag":[],"class_list":{"0":"post-95584","1":"product","2":"type-product","3":"status-publish","4":"has-post-thumbnail","6":"product_cat-novela","8":"first","9":"instock","10":"purchasable","11":"product-type-simple"},"acf":{"autor":[74335],"enlace_de_compra":"https:\/\/www.amazon.es\/Te-perdono-Juan-Cabarcas-Haeckermann\/dp\/8418186186\/ref=sr_1_2?__mk_es_ES=%C3%85M%C3%85%C5%BD%C3%95%C3%91&amp&dchild=1&amp&keywords=Te+perdono+letrame&amp&qid=1594725935&amp&sr=8-2"},"yoast_head":"<!-- This site is optimized with the Yoast SEO plugin v26.6 - https:\/\/yoast.com\/wordpress\/plugins\/seo\/ -->\n<title>Te perdono - Catalogo | Letrame Grupo Editorial<\/title>\n<meta name=\"robots\" content=\"index, follow, max-snippet:-1, max-image-preview:large, max-video-preview:-1\" \/>\n<link rel=\"canonical\" href=\"https:\/\/letrame.com\/catalogo\/producto\/te-perdono\/\" \/>\n<meta property=\"og:locale\" content=\"es_ES\" \/>\n<meta property=\"og:type\" content=\"article\" \/>\n<meta property=\"og:title\" content=\"Te perdono - Catalogo | Letrame Grupo Editorial\" \/>\n<meta property=\"og:description\" content=\"ISBN:\u00a0978-84-18186-18-9 \u00abAlgunos hombres son incapaces de amar a una mujer y buscan amar a dos\u00bb. Es el caso de Tulio Ferreira, el heredero de un negocio familiar que regresa al pueblo de su infancia para atender a su madre esquizofr\u00e9nica. \u00cdntimamente ajeno al alcance moral de sus actos, decide mantener una relaci\u00f3n furtiva con un amor que la distancia y el tiempo no supieron descomponer, y que le har\u00e1 poner en tela de juicio el amor que siente por su novia Clara. En medio de una y otra solicitud; la una habl\u00e1ndole a sus sentidos, la otra habl\u00e1ndole a su coraz\u00f3n, Tulio Ferreira se entregar\u00e1 al dominio de una pasi\u00f3n que poco a poco le degradar\u00e1 su car\u00e1cter y le har\u00e1 sentir los dolores necesarios para alcanzar su redenci\u00f3n. \u00a0 \u00a0\" \/>\n<meta property=\"og:url\" content=\"https:\/\/letrame.com\/catalogo\/producto\/te-perdono\/\" \/>\n<meta property=\"og:site_name\" content=\"Catalogo | Letrame Grupo Editorial\" \/>\n<meta property=\"og:image\" content=\"https:\/\/letrame.com\/catalogo\/wp-content\/uploads\/2024\/04\/Te-perdono-scaled-1.jpg\" \/>\n\t<meta property=\"og:image:width\" content=\"1746\" \/>\n\t<meta property=\"og:image:height\" content=\"2560\" \/>\n\t<meta property=\"og:image:type\" content=\"image\/jpeg\" \/>\n<meta name=\"twitter:card\" content=\"summary_large_image\" \/>\n<meta name=\"twitter:label1\" content=\"Tiempo de lectura\" \/>\n\t<meta name=\"twitter:data1\" content=\"1 minuto\" \/>\n<script type=\"application\/ld+json\" class=\"yoast-schema-graph\">{\"@context\":\"https:\/\/schema.org\",\"@graph\":[{\"@type\":\"WebPage\",\"@id\":\"https:\/\/letrame.com\/catalogo\/producto\/te-perdono\/\",\"url\":\"https:\/\/letrame.com\/catalogo\/producto\/te-perdono\/\",\"name\":\"Te perdono - Catalogo | Letrame Grupo Editorial\",\"isPartOf\":{\"@id\":\"https:\/\/letrame.com\/catalogo\/#website\"},\"primaryImageOfPage\":{\"@id\":\"https:\/\/letrame.com\/catalogo\/producto\/te-perdono\/#primaryimage\"},\"image\":{\"@id\":\"https:\/\/letrame.com\/catalogo\/producto\/te-perdono\/#primaryimage\"},\"thumbnailUrl\":\"https:\/\/letrame.com\/catalogo\/wp-content\/uploads\/2024\/04\/Te-perdono-scaled-1.jpg\",\"datePublished\":\"2024-04-18T11:00:24+00:00\",\"breadcrumb\":{\"@id\":\"https:\/\/letrame.com\/catalogo\/producto\/te-perdono\/#breadcrumb\"},\"inLanguage\":\"es\",\"potentialAction\":[{\"@type\":\"ReadAction\",\"target\":[\"https:\/\/letrame.com\/catalogo\/producto\/te-perdono\/\"]}]},{\"@type\":\"ImageObject\",\"inLanguage\":\"es\",\"@id\":\"https:\/\/letrame.com\/catalogo\/producto\/te-perdono\/#primaryimage\",\"url\":\"https:\/\/letrame.com\/catalogo\/wp-content\/uploads\/2024\/04\/Te-perdono-scaled-1.jpg\",\"contentUrl\":\"https:\/\/letrame.com\/catalogo\/wp-content\/uploads\/2024\/04\/Te-perdono-scaled-1.jpg\",\"width\":1746,\"height\":2560},{\"@type\":\"BreadcrumbList\",\"@id\":\"https:\/\/letrame.com\/catalogo\/producto\/te-perdono\/#breadcrumb\",\"itemListElement\":[{\"@type\":\"ListItem\",\"position\":1,\"name\":\"Portada\",\"item\":\"https:\/\/letrame.com\/catalogo\/\"},{\"@type\":\"ListItem\",\"position\":2,\"name\":\"Cat\u00e1logo\",\"item\":\"https:\/\/letrame.com\/catalogo\/\"},{\"@type\":\"ListItem\",\"position\":3,\"name\":\"Te perdono\"}]},{\"@type\":\"WebSite\",\"@id\":\"https:\/\/letrame.com\/catalogo\/#website\",\"url\":\"https:\/\/letrame.com\/catalogo\/\",\"name\":\"Catalogo | Letrame Grupo Editorial\",\"description\":\"\",\"publisher\":{\"@id\":\"https:\/\/letrame.com\/catalogo\/#organization\"},\"potentialAction\":[{\"@type\":\"SearchAction\",\"target\":{\"@type\":\"EntryPoint\",\"urlTemplate\":\"https:\/\/letrame.com\/catalogo\/?s={search_term_string}\"},\"query-input\":{\"@type\":\"PropertyValueSpecification\",\"valueRequired\":true,\"valueName\":\"search_term_string\"}}],\"inLanguage\":\"es\"},{\"@type\":\"Organization\",\"@id\":\"https:\/\/letrame.com\/catalogo\/#organization\",\"name\":\"Catalogo | Letrame Grupo Editorial\",\"url\":\"https:\/\/letrame.com\/catalogo\/\",\"logo\":{\"@type\":\"ImageObject\",\"inLanguage\":\"es\",\"@id\":\"https:\/\/letrame.com\/catalogo\/#\/schema\/logo\/image\/\",\"url\":\"https:\/\/letrame.com\/catalogo\/wp-content\/uploads\/2024\/03\/logo2.webp\",\"contentUrl\":\"https:\/\/letrame.com\/catalogo\/wp-content\/uploads\/2024\/03\/logo2.webp\",\"width\":394,\"height\":128,\"caption\":\"Catalogo | Letrame Grupo Editorial\"},\"image\":{\"@id\":\"https:\/\/letrame.com\/catalogo\/#\/schema\/logo\/image\/\"}}]}<\/script>\n<!-- \/ Yoast SEO plugin. -->","yoast_head_json":{"title":"Te perdono - Catalogo | Letrame Grupo Editorial","robots":{"index":"index","follow":"follow","max-snippet":"max-snippet:-1","max-image-preview":"max-image-preview:large","max-video-preview":"max-video-preview:-1"},"canonical":"https:\/\/letrame.com\/catalogo\/producto\/te-perdono\/","og_locale":"es_ES","og_type":"article","og_title":"Te perdono - Catalogo | Letrame Grupo Editorial","og_description":"ISBN:\u00a0978-84-18186-18-9 \u00abAlgunos hombres son incapaces de amar a una mujer y buscan amar a dos\u00bb. Es el caso de Tulio Ferreira, el heredero de un negocio familiar que regresa al pueblo de su infancia para atender a su madre esquizofr\u00e9nica. \u00cdntimamente ajeno al alcance moral de sus actos, decide mantener una relaci\u00f3n furtiva con un amor que la distancia y el tiempo no supieron descomponer, y que le har\u00e1 poner en tela de juicio el amor que siente por su novia Clara. En medio de una y otra solicitud; la una habl\u00e1ndole a sus sentidos, la otra habl\u00e1ndole a su coraz\u00f3n, Tulio Ferreira se entregar\u00e1 al dominio de una pasi\u00f3n que poco a poco le degradar\u00e1 su car\u00e1cter y le har\u00e1 sentir los dolores necesarios para alcanzar su redenci\u00f3n. \u00a0 \u00a0","og_url":"https:\/\/letrame.com\/catalogo\/producto\/te-perdono\/","og_site_name":"Catalogo | Letrame Grupo Editorial","og_image":[{"width":1746,"height":2560,"url":"https:\/\/letrame.com\/catalogo\/wp-content\/uploads\/2024\/04\/Te-perdono-scaled-1.jpg","type":"image\/jpeg"}],"twitter_card":"summary_large_image","twitter_misc":{"Tiempo de lectura":"1 minuto"},"schema":{"@context":"https:\/\/schema.org","@graph":[{"@type":"WebPage","@id":"https:\/\/letrame.com\/catalogo\/producto\/te-perdono\/","url":"https:\/\/letrame.com\/catalogo\/producto\/te-perdono\/","name":"Te perdono - Catalogo | Letrame Grupo Editorial","isPartOf":{"@id":"https:\/\/letrame.com\/catalogo\/#website"},"primaryImageOfPage":{"@id":"https:\/\/letrame.com\/catalogo\/producto\/te-perdono\/#primaryimage"},"image":{"@id":"https:\/\/letrame.com\/catalogo\/producto\/te-perdono\/#primaryimage"},"thumbnailUrl":"https:\/\/letrame.com\/catalogo\/wp-content\/uploads\/2024\/04\/Te-perdono-scaled-1.jpg","datePublished":"2024-04-18T11:00:24+00:00","breadcrumb":{"@id":"https:\/\/letrame.com\/catalogo\/producto\/te-perdono\/#breadcrumb"},"inLanguage":"es","potentialAction":[{"@type":"ReadAction","target":["https:\/\/letrame.com\/catalogo\/producto\/te-perdono\/"]}]},{"@type":"ImageObject","inLanguage":"es","@id":"https:\/\/letrame.com\/catalogo\/producto\/te-perdono\/#primaryimage","url":"https:\/\/letrame.com\/catalogo\/wp-content\/uploads\/2024\/04\/Te-perdono-scaled-1.jpg","contentUrl":"https:\/\/letrame.com\/catalogo\/wp-content\/uploads\/2024\/04\/Te-perdono-scaled-1.jpg","width":1746,"height":2560},{"@type":"BreadcrumbList","@id":"https:\/\/letrame.com\/catalogo\/producto\/te-perdono\/#breadcrumb","itemListElement":[{"@type":"ListItem","position":1,"name":"Portada","item":"https:\/\/letrame.com\/catalogo\/"},{"@type":"ListItem","position":2,"name":"Cat\u00e1logo","item":"https:\/\/letrame.com\/catalogo\/"},{"@type":"ListItem","position":3,"name":"Te perdono"}]},{"@type":"WebSite","@id":"https:\/\/letrame.com\/catalogo\/#website","url":"https:\/\/letrame.com\/catalogo\/","name":"Catalogo | Letrame Grupo Editorial","description":"","publisher":{"@id":"https:\/\/letrame.com\/catalogo\/#organization"},"potentialAction":[{"@type":"SearchAction","target":{"@type":"EntryPoint","urlTemplate":"https:\/\/letrame.com\/catalogo\/?s={search_term_string}"},"query-input":{"@type":"PropertyValueSpecification","valueRequired":true,"valueName":"search_term_string"}}],"inLanguage":"es"},{"@type":"Organization","@id":"https:\/\/letrame.com\/catalogo\/#organization","name":"Catalogo | Letrame Grupo Editorial","url":"https:\/\/letrame.com\/catalogo\/","logo":{"@type":"ImageObject","inLanguage":"es","@id":"https:\/\/letrame.com\/catalogo\/#\/schema\/logo\/image\/","url":"https:\/\/letrame.com\/catalogo\/wp-content\/uploads\/2024\/03\/logo2.webp","contentUrl":"https:\/\/letrame.com\/catalogo\/wp-content\/uploads\/2024\/03\/logo2.webp","width":394,"height":128,"caption":"Catalogo | Letrame Grupo Editorial"},"image":{"@id":"https:\/\/letrame.com\/catalogo\/#\/schema\/logo\/image\/"}}]}},"_links":{"self":[{"href":"https:\/\/letrame.com\/catalogo\/wp-json\/wp\/v2\/product\/95584","targetHints":{"allow":["GET"]}}],"collection":[{"href":"https:\/\/letrame.com\/catalogo\/wp-json\/wp\/v2\/product"}],"about":[{"href":"https:\/\/letrame.com\/catalogo\/wp-json\/wp\/v2\/types\/product"}],"replies":[{"embeddable":true,"href":"https:\/\/letrame.com\/catalogo\/wp-json\/wp\/v2\/comments?post=95584"}],"acf:post":[{"embeddable":true,"href":"https:\/\/letrame.com\/catalogo\/wp-json\/wp\/v2\/author_book\/74335"}],"wp:featuredmedia":[{"embeddable":true,"href":"https:\/\/letrame.com\/catalogo\/wp-json\/wp\/v2\/media\/95585"}],"wp:attachment":[{"href":"https:\/\/letrame.com\/catalogo\/wp-json\/wp\/v2\/media?parent=95584"}],"wp:term":[{"taxonomy":"libro","embeddable":true,"href":"https:\/\/letrame.com\/catalogo\/wp-json\/wp\/v2\/libro?post=95584"},{"taxonomy":"product_brand","embeddable":true,"href":"https:\/\/letrame.com\/catalogo\/wp-json\/wp\/v2\/product_brand?post=95584"},{"taxonomy":"product_cat","embeddable":true,"href":"https:\/\/letrame.com\/catalogo\/wp-json\/wp\/v2\/product_cat?post=95584"},{"taxonomy":"product_tag","embeddable":true,"href":"https:\/\/letrame.com\/catalogo\/wp-json\/wp\/v2\/product_tag?post=95584"}],"curies":[{"name":"wp","href":"https:\/\/api.w.org\/{rel}","templated":true}]}}