{"id":95542,"date":"2024-04-18T12:56:16","date_gmt":"2024-04-18T10:56:16","guid":{"rendered":"https:\/\/letrame.com\/catalogo\/producto\/evocaciones-hoguera-de-amor-y-llama-de-olvido\/"},"modified":"2024-04-18T12:56:16","modified_gmt":"2024-04-18T10:56:16","slug":"evocaciones-hoguera-de-amor-y-llama-de-olvido","status":"publish","type":"product","link":"https:\/\/letrame.com\/catalogo\/producto\/evocaciones-hoguera-de-amor-y-llama-de-olvido\/","title":{"rendered":"EVOCACIONES. HOGUERA DE AMOR Y LLAMA DE OLVIDO"},"content":{"rendered":"\n<p><strong>ISBN<\/strong>: : 978-84-18240-93-5<br><strong>T\u00edtulo<\/strong>: EVOCACIONES. HOGUERA DE AMOR Y LLAMA DE OLVIDO<br><strong>Fecha<\/strong>: 2020<br><strong>P\u00e1ginas<\/strong>: 118<\/p>\n\n\n\n<div style=\"height:31px\" aria-hidden=\"true\" class=\"wp-block-spacer\"><\/div>\n\n\n\n<p><strong>SINOPSIS<\/strong><\/p>\n\n\n\n<p>Evocaciones, Hoguera de amor y Llama de olvido es simplemente un libro de poemas que refleja las vibraciones de mi alma en unos momentos concretos de mi existencia, en un espacio de tiempo de varios a\u00f1os en los que el amor vino y se fue y volvi\u00f3 a venir, dejando a su paso profundas y apasionadas huellas y dolorosas improntas. La primera parte, Evocaciones, es un reconocimiento a que mis poemas, quiz\u00e1s los de casi todos, son deudores de otros poemas que hemos le\u00eddo u o\u00eddo a lo largo de nuestra vida y cuyas palabras o cuyos conceptos se han quedado grabados a fuego en nuestra alma, en nuestro coraz\u00f3n o en nuestro cerebro, o en los tres sitios a la vez. La segunda parte, Hoguera de amor y Llama de olvido, pretende reflejar, por un lado, el intenso calor que gener\u00f3 en mis entra\u00f1as un amor que se estaba haci\u00e9ndose realidad en mi vida y, por otro, la peque\u00f1a llama que qued\u00f3 encendida en mi coraz\u00f3n cuando ese amor se transform\u00f3 en olvido; quiz\u00e1s imagen sublimada, del amor perdido. Muchos de los poemas del libro est\u00e1n escritos utilizando formas bastante cl\u00e1sicas, algunas de ellas, como las liras, poco usadas en la actualidad. \u00bfTiene eso alguna explicaci\u00f3n? Para m\u00ed, ninguna. As\u00ed salieron y as\u00ed se han quedado.<\/p>\n","protected":false},"excerpt":{"rendered":"<p><strong>ISBN:\u00a0<span class=\"sku\">: 978-84-18240-93-5<\/span><\/strong><\/p>\n<p><em>Evocaciones, Hoguera de amor y Llama de olvido\u00a0<\/em>es simplemente un libro de poemas que refleja las vibraciones de mi alma en unos momentos concretos de mi existencia, en un espacio de tiempo de varios a\u00f1os en los que el amor vino y se fue y volvi\u00f3 a venir, dejando a su paso profundas y apasionadas huellas y dolorosas improntas.\u00a0 \u00a0<\/p>\n","protected":false},"featured_media":95543,"comment_status":"closed","ping_status":"open","template":"","meta":{"_acf_changed":false},"libro":[],"product_brand":[],"product_cat":[20],"product_tag":[],"class_list":{"0":"post-95542","1":"product","2":"type-product","3":"status-publish","4":"has-post-thumbnail","6":"product_cat-poesia","8":"first","9":"instock","10":"purchasable","11":"product-type-simple"},"acf":{"autor":[74370],"enlace_de_compra":"https:\/\/www.amazon.es\/Evocaciones-Hoguera-amor-llama-olvido\/dp\/8418240938"},"yoast_head":"<!-- This site is optimized with the Yoast SEO plugin v27.4 - https:\/\/yoast.com\/product\/yoast-seo-wordpress\/ -->\n<title>EVOCACIONES. HOGUERA DE AMOR Y LLAMA DE OLVIDO - Catalogo | Letrame Grupo Editorial<\/title>\n<meta name=\"robots\" content=\"index, follow, max-snippet:-1, max-image-preview:large, max-video-preview:-1\" \/>\n<link rel=\"canonical\" href=\"https:\/\/letrame.com\/catalogo\/producto\/evocaciones-hoguera-de-amor-y-llama-de-olvido\/\" \/>\n<meta property=\"og:locale\" content=\"es_ES\" \/>\n<meta property=\"og:type\" content=\"article\" \/>\n<meta property=\"og:title\" content=\"EVOCACIONES. HOGUERA DE AMOR Y LLAMA DE OLVIDO - Catalogo | Letrame Grupo Editorial\" \/>\n<meta property=\"og:description\" content=\"ISBN:\u00a0: 978-84-18240-93-5 Evocaciones, Hoguera de amor y Llama de olvido\u00a0es simplemente un libro de poemas que refleja las vibraciones de mi alma en unos momentos concretos de mi existencia, en un espacio de tiempo de varios a\u00f1os en los que el amor vino y se fue y volvi\u00f3 a venir, dejando a su paso profundas y apasionadas huellas y dolorosas improntas.\u00a0 \u00a0\" \/>\n<meta property=\"og:url\" content=\"https:\/\/letrame.com\/catalogo\/producto\/evocaciones-hoguera-de-amor-y-llama-de-olvido\/\" \/>\n<meta property=\"og:site_name\" content=\"Catalogo | Letrame Grupo Editorial\" \/>\n<meta property=\"og:image\" content=\"https:\/\/letrame.com\/catalogo\/wp-content\/uploads\/2024\/04\/EVOCACIONES.-HOGUERA-DE-AMOR-Y-LLAMA-DE-OLVIDO-scaled-1.jpg\" \/>\n\t<meta property=\"og:image:width\" content=\"1746\" \/>\n\t<meta property=\"og:image:height\" content=\"2560\" \/>\n\t<meta property=\"og:image:type\" content=\"image\/jpeg\" \/>\n<meta name=\"twitter:card\" content=\"summary_large_image\" \/>\n<meta name=\"twitter:label1\" content=\"Tiempo de lectura\" \/>\n\t<meta name=\"twitter:data1\" content=\"1 minuto\" \/>\n<script type=\"application\/ld+json\" class=\"yoast-schema-graph\">{\"@context\":\"https:\\\/\\\/schema.org\",\"@graph\":[{\"@type\":\"WebPage\",\"@id\":\"https:\\\/\\\/letrame.com\\\/catalogo\\\/producto\\\/evocaciones-hoguera-de-amor-y-llama-de-olvido\\\/\",\"url\":\"https:\\\/\\\/letrame.com\\\/catalogo\\\/producto\\\/evocaciones-hoguera-de-amor-y-llama-de-olvido\\\/\",\"name\":\"EVOCACIONES. HOGUERA DE AMOR Y LLAMA DE OLVIDO - Catalogo | Letrame Grupo Editorial\",\"isPartOf\":{\"@id\":\"https:\\\/\\\/letrame.com\\\/catalogo\\\/#website\"},\"primaryImageOfPage\":{\"@id\":\"https:\\\/\\\/letrame.com\\\/catalogo\\\/producto\\\/evocaciones-hoguera-de-amor-y-llama-de-olvido\\\/#primaryimage\"},\"image\":{\"@id\":\"https:\\\/\\\/letrame.com\\\/catalogo\\\/producto\\\/evocaciones-hoguera-de-amor-y-llama-de-olvido\\\/#primaryimage\"},\"thumbnailUrl\":\"https:\\\/\\\/letrame.com\\\/catalogo\\\/wp-content\\\/uploads\\\/2024\\\/04\\\/EVOCACIONES.-HOGUERA-DE-AMOR-Y-LLAMA-DE-OLVIDO-scaled-1.jpg\",\"datePublished\":\"2024-04-18T10:56:16+00:00\",\"breadcrumb\":{\"@id\":\"https:\\\/\\\/letrame.com\\\/catalogo\\\/producto\\\/evocaciones-hoguera-de-amor-y-llama-de-olvido\\\/#breadcrumb\"},\"inLanguage\":\"es\",\"potentialAction\":[{\"@type\":\"ReadAction\",\"target\":[\"https:\\\/\\\/letrame.com\\\/catalogo\\\/producto\\\/evocaciones-hoguera-de-amor-y-llama-de-olvido\\\/\"]}]},{\"@type\":\"ImageObject\",\"inLanguage\":\"es\",\"@id\":\"https:\\\/\\\/letrame.com\\\/catalogo\\\/producto\\\/evocaciones-hoguera-de-amor-y-llama-de-olvido\\\/#primaryimage\",\"url\":\"https:\\\/\\\/letrame.com\\\/catalogo\\\/wp-content\\\/uploads\\\/2024\\\/04\\\/EVOCACIONES.-HOGUERA-DE-AMOR-Y-LLAMA-DE-OLVIDO-scaled-1.jpg\",\"contentUrl\":\"https:\\\/\\\/letrame.com\\\/catalogo\\\/wp-content\\\/uploads\\\/2024\\\/04\\\/EVOCACIONES.-HOGUERA-DE-AMOR-Y-LLAMA-DE-OLVIDO-scaled-1.jpg\",\"width\":1746,\"height\":2560},{\"@type\":\"BreadcrumbList\",\"@id\":\"https:\\\/\\\/letrame.com\\\/catalogo\\\/producto\\\/evocaciones-hoguera-de-amor-y-llama-de-olvido\\\/#breadcrumb\",\"itemListElement\":[{\"@type\":\"ListItem\",\"position\":1,\"name\":\"Portada\",\"item\":\"https:\\\/\\\/letrame.com\\\/catalogo\\\/\"},{\"@type\":\"ListItem\",\"position\":2,\"name\":\"Cat\u00e1logo\",\"item\":\"https:\\\/\\\/letrame.com\\\/catalogo\\\/\"},{\"@type\":\"ListItem\",\"position\":3,\"name\":\"EVOCACIONES. HOGUERA DE AMOR Y LLAMA DE OLVIDO\"}]},{\"@type\":\"WebSite\",\"@id\":\"https:\\\/\\\/letrame.com\\\/catalogo\\\/#website\",\"url\":\"https:\\\/\\\/letrame.com\\\/catalogo\\\/\",\"name\":\"Catalogo | Letrame Grupo Editorial\",\"description\":\"\",\"publisher\":{\"@id\":\"https:\\\/\\\/letrame.com\\\/catalogo\\\/#organization\"},\"potentialAction\":[{\"@type\":\"SearchAction\",\"target\":{\"@type\":\"EntryPoint\",\"urlTemplate\":\"https:\\\/\\\/letrame.com\\\/catalogo\\\/?s={search_term_string}\"},\"query-input\":{\"@type\":\"PropertyValueSpecification\",\"valueRequired\":true,\"valueName\":\"search_term_string\"}}],\"inLanguage\":\"es\"},{\"@type\":\"Organization\",\"@id\":\"https:\\\/\\\/letrame.com\\\/catalogo\\\/#organization\",\"name\":\"Catalogo | Letrame Grupo Editorial\",\"url\":\"https:\\\/\\\/letrame.com\\\/catalogo\\\/\",\"logo\":{\"@type\":\"ImageObject\",\"inLanguage\":\"es\",\"@id\":\"https:\\\/\\\/letrame.com\\\/catalogo\\\/#\\\/schema\\\/logo\\\/image\\\/\",\"url\":\"https:\\\/\\\/letrame.com\\\/catalogo\\\/wp-content\\\/uploads\\\/2024\\\/03\\\/logo2.webp\",\"contentUrl\":\"https:\\\/\\\/letrame.com\\\/catalogo\\\/wp-content\\\/uploads\\\/2024\\\/03\\\/logo2.webp\",\"width\":394,\"height\":128,\"caption\":\"Catalogo | Letrame Grupo Editorial\"},\"image\":{\"@id\":\"https:\\\/\\\/letrame.com\\\/catalogo\\\/#\\\/schema\\\/logo\\\/image\\\/\"}}]}<\/script>\n<!-- \/ Yoast SEO plugin. -->","yoast_head_json":{"title":"EVOCACIONES. HOGUERA DE AMOR Y LLAMA DE OLVIDO - Catalogo | Letrame Grupo Editorial","robots":{"index":"index","follow":"follow","max-snippet":"max-snippet:-1","max-image-preview":"max-image-preview:large","max-video-preview":"max-video-preview:-1"},"canonical":"https:\/\/letrame.com\/catalogo\/producto\/evocaciones-hoguera-de-amor-y-llama-de-olvido\/","og_locale":"es_ES","og_type":"article","og_title":"EVOCACIONES. HOGUERA DE AMOR Y LLAMA DE OLVIDO - Catalogo | Letrame Grupo Editorial","og_description":"ISBN:\u00a0: 978-84-18240-93-5 Evocaciones, Hoguera de amor y Llama de olvido\u00a0es simplemente un libro de poemas que refleja las vibraciones de mi alma en unos momentos concretos de mi existencia, en un espacio de tiempo de varios a\u00f1os en los que el amor vino y se fue y volvi\u00f3 a venir, dejando a su paso profundas y apasionadas huellas y dolorosas improntas.\u00a0 \u00a0","og_url":"https:\/\/letrame.com\/catalogo\/producto\/evocaciones-hoguera-de-amor-y-llama-de-olvido\/","og_site_name":"Catalogo | Letrame Grupo Editorial","og_image":[{"width":1746,"height":2560,"url":"https:\/\/letrame.com\/catalogo\/wp-content\/uploads\/2024\/04\/EVOCACIONES.-HOGUERA-DE-AMOR-Y-LLAMA-DE-OLVIDO-scaled-1.jpg","type":"image\/jpeg"}],"twitter_card":"summary_large_image","twitter_misc":{"Tiempo de lectura":"1 minuto"},"schema":{"@context":"https:\/\/schema.org","@graph":[{"@type":"WebPage","@id":"https:\/\/letrame.com\/catalogo\/producto\/evocaciones-hoguera-de-amor-y-llama-de-olvido\/","url":"https:\/\/letrame.com\/catalogo\/producto\/evocaciones-hoguera-de-amor-y-llama-de-olvido\/","name":"EVOCACIONES. HOGUERA DE AMOR Y LLAMA DE OLVIDO - Catalogo | Letrame Grupo Editorial","isPartOf":{"@id":"https:\/\/letrame.com\/catalogo\/#website"},"primaryImageOfPage":{"@id":"https:\/\/letrame.com\/catalogo\/producto\/evocaciones-hoguera-de-amor-y-llama-de-olvido\/#primaryimage"},"image":{"@id":"https:\/\/letrame.com\/catalogo\/producto\/evocaciones-hoguera-de-amor-y-llama-de-olvido\/#primaryimage"},"thumbnailUrl":"https:\/\/letrame.com\/catalogo\/wp-content\/uploads\/2024\/04\/EVOCACIONES.-HOGUERA-DE-AMOR-Y-LLAMA-DE-OLVIDO-scaled-1.jpg","datePublished":"2024-04-18T10:56:16+00:00","breadcrumb":{"@id":"https:\/\/letrame.com\/catalogo\/producto\/evocaciones-hoguera-de-amor-y-llama-de-olvido\/#breadcrumb"},"inLanguage":"es","potentialAction":[{"@type":"ReadAction","target":["https:\/\/letrame.com\/catalogo\/producto\/evocaciones-hoguera-de-amor-y-llama-de-olvido\/"]}]},{"@type":"ImageObject","inLanguage":"es","@id":"https:\/\/letrame.com\/catalogo\/producto\/evocaciones-hoguera-de-amor-y-llama-de-olvido\/#primaryimage","url":"https:\/\/letrame.com\/catalogo\/wp-content\/uploads\/2024\/04\/EVOCACIONES.-HOGUERA-DE-AMOR-Y-LLAMA-DE-OLVIDO-scaled-1.jpg","contentUrl":"https:\/\/letrame.com\/catalogo\/wp-content\/uploads\/2024\/04\/EVOCACIONES.-HOGUERA-DE-AMOR-Y-LLAMA-DE-OLVIDO-scaled-1.jpg","width":1746,"height":2560},{"@type":"BreadcrumbList","@id":"https:\/\/letrame.com\/catalogo\/producto\/evocaciones-hoguera-de-amor-y-llama-de-olvido\/#breadcrumb","itemListElement":[{"@type":"ListItem","position":1,"name":"Portada","item":"https:\/\/letrame.com\/catalogo\/"},{"@type":"ListItem","position":2,"name":"Cat\u00e1logo","item":"https:\/\/letrame.com\/catalogo\/"},{"@type":"ListItem","position":3,"name":"EVOCACIONES. HOGUERA DE AMOR Y LLAMA DE OLVIDO"}]},{"@type":"WebSite","@id":"https:\/\/letrame.com\/catalogo\/#website","url":"https:\/\/letrame.com\/catalogo\/","name":"Catalogo | Letrame Grupo Editorial","description":"","publisher":{"@id":"https:\/\/letrame.com\/catalogo\/#organization"},"potentialAction":[{"@type":"SearchAction","target":{"@type":"EntryPoint","urlTemplate":"https:\/\/letrame.com\/catalogo\/?s={search_term_string}"},"query-input":{"@type":"PropertyValueSpecification","valueRequired":true,"valueName":"search_term_string"}}],"inLanguage":"es"},{"@type":"Organization","@id":"https:\/\/letrame.com\/catalogo\/#organization","name":"Catalogo | Letrame Grupo Editorial","url":"https:\/\/letrame.com\/catalogo\/","logo":{"@type":"ImageObject","inLanguage":"es","@id":"https:\/\/letrame.com\/catalogo\/#\/schema\/logo\/image\/","url":"https:\/\/letrame.com\/catalogo\/wp-content\/uploads\/2024\/03\/logo2.webp","contentUrl":"https:\/\/letrame.com\/catalogo\/wp-content\/uploads\/2024\/03\/logo2.webp","width":394,"height":128,"caption":"Catalogo | Letrame Grupo Editorial"},"image":{"@id":"https:\/\/letrame.com\/catalogo\/#\/schema\/logo\/image\/"}}]}},"_links":{"self":[{"href":"https:\/\/letrame.com\/catalogo\/wp-json\/wp\/v2\/product\/95542","targetHints":{"allow":["GET"]}}],"collection":[{"href":"https:\/\/letrame.com\/catalogo\/wp-json\/wp\/v2\/product"}],"about":[{"href":"https:\/\/letrame.com\/catalogo\/wp-json\/wp\/v2\/types\/product"}],"replies":[{"embeddable":true,"href":"https:\/\/letrame.com\/catalogo\/wp-json\/wp\/v2\/comments?post=95542"}],"acf:post":[{"embeddable":true,"href":"https:\/\/letrame.com\/catalogo\/wp-json\/wp\/v2\/author_book\/74370"}],"wp:featuredmedia":[{"embeddable":true,"href":"https:\/\/letrame.com\/catalogo\/wp-json\/wp\/v2\/media\/95543"}],"wp:attachment":[{"href":"https:\/\/letrame.com\/catalogo\/wp-json\/wp\/v2\/media?parent=95542"}],"wp:term":[{"taxonomy":"libro","embeddable":true,"href":"https:\/\/letrame.com\/catalogo\/wp-json\/wp\/v2\/libro?post=95542"},{"taxonomy":"product_brand","embeddable":true,"href":"https:\/\/letrame.com\/catalogo\/wp-json\/wp\/v2\/product_brand?post=95542"},{"taxonomy":"product_cat","embeddable":true,"href":"https:\/\/letrame.com\/catalogo\/wp-json\/wp\/v2\/product_cat?post=95542"},{"taxonomy":"product_tag","embeddable":true,"href":"https:\/\/letrame.com\/catalogo\/wp-json\/wp\/v2\/product_tag?post=95542"}],"curies":[{"name":"wp","href":"https:\/\/api.w.org\/{rel}","templated":true}]}}