{"id":95520,"date":"2024-04-18T12:53:50","date_gmt":"2024-04-18T10:53:50","guid":{"rendered":"https:\/\/letrame.com\/catalogo\/producto\/no-nos-hablen-de-fake-news\/"},"modified":"2024-04-18T12:54:05","modified_gmt":"2024-04-18T10:54:05","slug":"no-nos-hablen-de-fake-news","status":"publish","type":"product","link":"https:\/\/letrame.com\/catalogo\/producto\/no-nos-hablen-de-fake-news\/","title":{"rendered":"NO NOS HABLEN DE FAKE NEWS"},"content":{"rendered":"\n<p><strong>ISBN<\/strong>: 978-84-18240-89-8<br><strong>T\u00edtulo<\/strong>: NO NOS HABLEN DE FAKE NEWS<br><strong>Fecha<\/strong>: 2020<br><strong>P\u00e1ginas<\/strong>: 86<\/p>\n\n\n\n<div style=\"height:39px\" aria-hidden=\"true\" class=\"wp-block-spacer\"><\/div>\n\n\n\n<p><strong>SINOPSIS<\/strong><\/p>\n\n\n\n<p>Invitamos a reflexionar. Asumimos con demasiada rapidez informaciones que nos llegan a trav\u00e9s de muchos medios de comunicaci\u00f3n, algunos tradicionales y otros con nuevas tecnolog\u00edas. Es un suicidio. La falta de compromiso con la verdad en los medios de comunicaci\u00f3n es tan lamentable que presumir de veracidad por contar solamente la parte que interesa implica devorar los principios del Periodismo. La lamentable falta de criterio sobre lo que es Periodismo, sobre su papel y sus responsabilidades, es un enorme problema que voluntariamente dejan de lado los poderes, y los medios, porque les interesa. Este libro intenta, in\u00fatilmente, destapar algunos elementos nocivos que se perpet\u00faan en la profesi\u00f3n period\u00edstica y que siguen impidiendo su verdadero papel social como comunicadores de la verdad.<\/p>\n","protected":false},"excerpt":{"rendered":"<p><strong>ISBN:\u00a0<span class=\"sku\">978-84-18240-89-8<\/span><\/strong><\/p>\n<p>Invitamos a reflexionar. Asumimos con demasiada rapidez informaciones que nos llegan a trav\u00e9s de muchos medios de comunicaci\u00f3n, algunos tradicionales y otros con nuevas tecnolog\u00edas. Es un suicidio. La falta de compromiso con la verdad en los medios de comunicaci\u00f3n es tan lamentable que presumir de veracidad por contar solamente la parte que interesa implica devorar los principios del Periodismo. La lamentable falta de criterio sobre lo que es Periodismo, sobre su papel y sus responsabilidades, es un enorme problema que voluntariamente dejan de lado los poderes, y los medios, porque les interesa. Este libro intenta, in\u00fatilmente, destapar algunos elementos nocivos que se perpet\u00faan en la profesi\u00f3n period\u00edstica y que siguen impidiendo su verdadero papel social como comunicadores de la verdad.\u00a0 \u00a0<\/p>\n","protected":false},"featured_media":95521,"comment_status":"closed","ping_status":"open","template":"","meta":{"_acf_changed":false},"libro":[],"product_brand":[],"product_cat":[23,21],"product_tag":[],"class_list":{"0":"post-95520","1":"product","2":"type-product","3":"status-publish","4":"has-post-thumbnail","6":"product_cat-ensayos","7":"product_cat-relato","9":"first","10":"instock","11":"purchasable","12":"product-type-simple"},"acf":{"autor":[74388],"enlace_de_compra":""},"yoast_head":"<!-- This site is optimized with the Yoast SEO plugin v26.6 - https:\/\/yoast.com\/wordpress\/plugins\/seo\/ -->\n<title>NO NOS HABLEN DE FAKE NEWS - Catalogo | Letrame Grupo Editorial<\/title>\n<meta name=\"robots\" content=\"index, follow, max-snippet:-1, max-image-preview:large, max-video-preview:-1\" \/>\n<link rel=\"canonical\" href=\"https:\/\/letrame.com\/catalogo\/producto\/no-nos-hablen-de-fake-news\/\" \/>\n<meta property=\"og:locale\" content=\"es_ES\" \/>\n<meta property=\"og:type\" content=\"article\" \/>\n<meta property=\"og:title\" content=\"NO NOS HABLEN DE FAKE NEWS - Catalogo | Letrame Grupo Editorial\" \/>\n<meta property=\"og:description\" content=\"ISBN:\u00a0978-84-18240-89-8 Invitamos a reflexionar. Asumimos con demasiada rapidez informaciones que nos llegan a trav\u00e9s de muchos medios de comunicaci\u00f3n, algunos tradicionales y otros con nuevas tecnolog\u00edas. Es un suicidio. La falta de compromiso con la verdad en los medios de comunicaci\u00f3n es tan lamentable que presumir de veracidad por contar solamente la parte que interesa implica devorar los principios del Periodismo. La lamentable falta de criterio sobre lo que es Periodismo, sobre su papel y sus responsabilidades, es un enorme problema que voluntariamente dejan de lado los poderes, y los medios, porque les interesa. Este libro intenta, in\u00fatilmente, destapar algunos elementos nocivos que se perpet\u00faan en la profesi\u00f3n period\u00edstica y que siguen impidiendo su verdadero papel social como comunicadores de la verdad.\u00a0 \u00a0\" \/>\n<meta property=\"og:url\" content=\"https:\/\/letrame.com\/catalogo\/producto\/no-nos-hablen-de-fake-news\/\" \/>\n<meta property=\"og:site_name\" content=\"Catalogo | Letrame Grupo Editorial\" \/>\n<meta property=\"article:modified_time\" content=\"2024-04-18T10:54:05+00:00\" \/>\n<meta property=\"og:image\" content=\"https:\/\/letrame.com\/catalogo\/wp-content\/uploads\/2024\/04\/NO-NOS-HABLEN-DE-FAKE-NEWS-scaled-1.jpg\" \/>\n\t<meta property=\"og:image:width\" content=\"1746\" \/>\n\t<meta property=\"og:image:height\" content=\"2560\" \/>\n\t<meta property=\"og:image:type\" content=\"image\/jpeg\" \/>\n<meta name=\"twitter:card\" content=\"summary_large_image\" \/>\n<meta name=\"twitter:label1\" content=\"Tiempo de lectura\" \/>\n\t<meta name=\"twitter:data1\" content=\"1 minuto\" \/>\n<script type=\"application\/ld+json\" class=\"yoast-schema-graph\">{\"@context\":\"https:\/\/schema.org\",\"@graph\":[{\"@type\":\"WebPage\",\"@id\":\"https:\/\/letrame.com\/catalogo\/producto\/no-nos-hablen-de-fake-news\/\",\"url\":\"https:\/\/letrame.com\/catalogo\/producto\/no-nos-hablen-de-fake-news\/\",\"name\":\"NO NOS HABLEN DE FAKE NEWS - Catalogo | Letrame Grupo Editorial\",\"isPartOf\":{\"@id\":\"https:\/\/letrame.com\/catalogo\/#website\"},\"primaryImageOfPage\":{\"@id\":\"https:\/\/letrame.com\/catalogo\/producto\/no-nos-hablen-de-fake-news\/#primaryimage\"},\"image\":{\"@id\":\"https:\/\/letrame.com\/catalogo\/producto\/no-nos-hablen-de-fake-news\/#primaryimage\"},\"thumbnailUrl\":\"https:\/\/letrame.com\/catalogo\/wp-content\/uploads\/2024\/04\/NO-NOS-HABLEN-DE-FAKE-NEWS-scaled-1.jpg\",\"datePublished\":\"2024-04-18T10:53:50+00:00\",\"dateModified\":\"2024-04-18T10:54:05+00:00\",\"breadcrumb\":{\"@id\":\"https:\/\/letrame.com\/catalogo\/producto\/no-nos-hablen-de-fake-news\/#breadcrumb\"},\"inLanguage\":\"es\",\"potentialAction\":[{\"@type\":\"ReadAction\",\"target\":[\"https:\/\/letrame.com\/catalogo\/producto\/no-nos-hablen-de-fake-news\/\"]}]},{\"@type\":\"ImageObject\",\"inLanguage\":\"es\",\"@id\":\"https:\/\/letrame.com\/catalogo\/producto\/no-nos-hablen-de-fake-news\/#primaryimage\",\"url\":\"https:\/\/letrame.com\/catalogo\/wp-content\/uploads\/2024\/04\/NO-NOS-HABLEN-DE-FAKE-NEWS-scaled-1.jpg\",\"contentUrl\":\"https:\/\/letrame.com\/catalogo\/wp-content\/uploads\/2024\/04\/NO-NOS-HABLEN-DE-FAKE-NEWS-scaled-1.jpg\",\"width\":1746,\"height\":2560},{\"@type\":\"BreadcrumbList\",\"@id\":\"https:\/\/letrame.com\/catalogo\/producto\/no-nos-hablen-de-fake-news\/#breadcrumb\",\"itemListElement\":[{\"@type\":\"ListItem\",\"position\":1,\"name\":\"Portada\",\"item\":\"https:\/\/letrame.com\/catalogo\/\"},{\"@type\":\"ListItem\",\"position\":2,\"name\":\"Cat\u00e1logo\",\"item\":\"https:\/\/letrame.com\/catalogo\/\"},{\"@type\":\"ListItem\",\"position\":3,\"name\":\"NO NOS HABLEN DE FAKE NEWS\"}]},{\"@type\":\"WebSite\",\"@id\":\"https:\/\/letrame.com\/catalogo\/#website\",\"url\":\"https:\/\/letrame.com\/catalogo\/\",\"name\":\"Catalogo | Letrame Grupo Editorial\",\"description\":\"\",\"publisher\":{\"@id\":\"https:\/\/letrame.com\/catalogo\/#organization\"},\"potentialAction\":[{\"@type\":\"SearchAction\",\"target\":{\"@type\":\"EntryPoint\",\"urlTemplate\":\"https:\/\/letrame.com\/catalogo\/?s={search_term_string}\"},\"query-input\":{\"@type\":\"PropertyValueSpecification\",\"valueRequired\":true,\"valueName\":\"search_term_string\"}}],\"inLanguage\":\"es\"},{\"@type\":\"Organization\",\"@id\":\"https:\/\/letrame.com\/catalogo\/#organization\",\"name\":\"Catalogo | Letrame Grupo Editorial\",\"url\":\"https:\/\/letrame.com\/catalogo\/\",\"logo\":{\"@type\":\"ImageObject\",\"inLanguage\":\"es\",\"@id\":\"https:\/\/letrame.com\/catalogo\/#\/schema\/logo\/image\/\",\"url\":\"https:\/\/letrame.com\/catalogo\/wp-content\/uploads\/2024\/03\/logo2.webp\",\"contentUrl\":\"https:\/\/letrame.com\/catalogo\/wp-content\/uploads\/2024\/03\/logo2.webp\",\"width\":394,\"height\":128,\"caption\":\"Catalogo | Letrame Grupo Editorial\"},\"image\":{\"@id\":\"https:\/\/letrame.com\/catalogo\/#\/schema\/logo\/image\/\"}}]}<\/script>\n<!-- \/ Yoast SEO plugin. -->","yoast_head_json":{"title":"NO NOS HABLEN DE FAKE NEWS - Catalogo | Letrame Grupo Editorial","robots":{"index":"index","follow":"follow","max-snippet":"max-snippet:-1","max-image-preview":"max-image-preview:large","max-video-preview":"max-video-preview:-1"},"canonical":"https:\/\/letrame.com\/catalogo\/producto\/no-nos-hablen-de-fake-news\/","og_locale":"es_ES","og_type":"article","og_title":"NO NOS HABLEN DE FAKE NEWS - Catalogo | Letrame Grupo Editorial","og_description":"ISBN:\u00a0978-84-18240-89-8 Invitamos a reflexionar. Asumimos con demasiada rapidez informaciones que nos llegan a trav\u00e9s de muchos medios de comunicaci\u00f3n, algunos tradicionales y otros con nuevas tecnolog\u00edas. Es un suicidio. La falta de compromiso con la verdad en los medios de comunicaci\u00f3n es tan lamentable que presumir de veracidad por contar solamente la parte que interesa implica devorar los principios del Periodismo. La lamentable falta de criterio sobre lo que es Periodismo, sobre su papel y sus responsabilidades, es un enorme problema que voluntariamente dejan de lado los poderes, y los medios, porque les interesa. Este libro intenta, in\u00fatilmente, destapar algunos elementos nocivos que se perpet\u00faan en la profesi\u00f3n period\u00edstica y que siguen impidiendo su verdadero papel social como comunicadores de la verdad.\u00a0 \u00a0","og_url":"https:\/\/letrame.com\/catalogo\/producto\/no-nos-hablen-de-fake-news\/","og_site_name":"Catalogo | Letrame Grupo Editorial","article_modified_time":"2024-04-18T10:54:05+00:00","og_image":[{"width":1746,"height":2560,"url":"https:\/\/letrame.com\/catalogo\/wp-content\/uploads\/2024\/04\/NO-NOS-HABLEN-DE-FAKE-NEWS-scaled-1.jpg","type":"image\/jpeg"}],"twitter_card":"summary_large_image","twitter_misc":{"Tiempo de lectura":"1 minuto"},"schema":{"@context":"https:\/\/schema.org","@graph":[{"@type":"WebPage","@id":"https:\/\/letrame.com\/catalogo\/producto\/no-nos-hablen-de-fake-news\/","url":"https:\/\/letrame.com\/catalogo\/producto\/no-nos-hablen-de-fake-news\/","name":"NO NOS HABLEN DE FAKE NEWS - Catalogo | Letrame Grupo Editorial","isPartOf":{"@id":"https:\/\/letrame.com\/catalogo\/#website"},"primaryImageOfPage":{"@id":"https:\/\/letrame.com\/catalogo\/producto\/no-nos-hablen-de-fake-news\/#primaryimage"},"image":{"@id":"https:\/\/letrame.com\/catalogo\/producto\/no-nos-hablen-de-fake-news\/#primaryimage"},"thumbnailUrl":"https:\/\/letrame.com\/catalogo\/wp-content\/uploads\/2024\/04\/NO-NOS-HABLEN-DE-FAKE-NEWS-scaled-1.jpg","datePublished":"2024-04-18T10:53:50+00:00","dateModified":"2024-04-18T10:54:05+00:00","breadcrumb":{"@id":"https:\/\/letrame.com\/catalogo\/producto\/no-nos-hablen-de-fake-news\/#breadcrumb"},"inLanguage":"es","potentialAction":[{"@type":"ReadAction","target":["https:\/\/letrame.com\/catalogo\/producto\/no-nos-hablen-de-fake-news\/"]}]},{"@type":"ImageObject","inLanguage":"es","@id":"https:\/\/letrame.com\/catalogo\/producto\/no-nos-hablen-de-fake-news\/#primaryimage","url":"https:\/\/letrame.com\/catalogo\/wp-content\/uploads\/2024\/04\/NO-NOS-HABLEN-DE-FAKE-NEWS-scaled-1.jpg","contentUrl":"https:\/\/letrame.com\/catalogo\/wp-content\/uploads\/2024\/04\/NO-NOS-HABLEN-DE-FAKE-NEWS-scaled-1.jpg","width":1746,"height":2560},{"@type":"BreadcrumbList","@id":"https:\/\/letrame.com\/catalogo\/producto\/no-nos-hablen-de-fake-news\/#breadcrumb","itemListElement":[{"@type":"ListItem","position":1,"name":"Portada","item":"https:\/\/letrame.com\/catalogo\/"},{"@type":"ListItem","position":2,"name":"Cat\u00e1logo","item":"https:\/\/letrame.com\/catalogo\/"},{"@type":"ListItem","position":3,"name":"NO NOS HABLEN DE FAKE NEWS"}]},{"@type":"WebSite","@id":"https:\/\/letrame.com\/catalogo\/#website","url":"https:\/\/letrame.com\/catalogo\/","name":"Catalogo | Letrame Grupo Editorial","description":"","publisher":{"@id":"https:\/\/letrame.com\/catalogo\/#organization"},"potentialAction":[{"@type":"SearchAction","target":{"@type":"EntryPoint","urlTemplate":"https:\/\/letrame.com\/catalogo\/?s={search_term_string}"},"query-input":{"@type":"PropertyValueSpecification","valueRequired":true,"valueName":"search_term_string"}}],"inLanguage":"es"},{"@type":"Organization","@id":"https:\/\/letrame.com\/catalogo\/#organization","name":"Catalogo | Letrame Grupo Editorial","url":"https:\/\/letrame.com\/catalogo\/","logo":{"@type":"ImageObject","inLanguage":"es","@id":"https:\/\/letrame.com\/catalogo\/#\/schema\/logo\/image\/","url":"https:\/\/letrame.com\/catalogo\/wp-content\/uploads\/2024\/03\/logo2.webp","contentUrl":"https:\/\/letrame.com\/catalogo\/wp-content\/uploads\/2024\/03\/logo2.webp","width":394,"height":128,"caption":"Catalogo | Letrame Grupo Editorial"},"image":{"@id":"https:\/\/letrame.com\/catalogo\/#\/schema\/logo\/image\/"}}]}},"_links":{"self":[{"href":"https:\/\/letrame.com\/catalogo\/wp-json\/wp\/v2\/product\/95520","targetHints":{"allow":["GET"]}}],"collection":[{"href":"https:\/\/letrame.com\/catalogo\/wp-json\/wp\/v2\/product"}],"about":[{"href":"https:\/\/letrame.com\/catalogo\/wp-json\/wp\/v2\/types\/product"}],"replies":[{"embeddable":true,"href":"https:\/\/letrame.com\/catalogo\/wp-json\/wp\/v2\/comments?post=95520"}],"acf:post":[{"embeddable":true,"href":"https:\/\/letrame.com\/catalogo\/wp-json\/wp\/v2\/author_book\/74388"}],"wp:featuredmedia":[{"embeddable":true,"href":"https:\/\/letrame.com\/catalogo\/wp-json\/wp\/v2\/media\/95521"}],"wp:attachment":[{"href":"https:\/\/letrame.com\/catalogo\/wp-json\/wp\/v2\/media?parent=95520"}],"wp:term":[{"taxonomy":"libro","embeddable":true,"href":"https:\/\/letrame.com\/catalogo\/wp-json\/wp\/v2\/libro?post=95520"},{"taxonomy":"product_brand","embeddable":true,"href":"https:\/\/letrame.com\/catalogo\/wp-json\/wp\/v2\/product_brand?post=95520"},{"taxonomy":"product_cat","embeddable":true,"href":"https:\/\/letrame.com\/catalogo\/wp-json\/wp\/v2\/product_cat?post=95520"},{"taxonomy":"product_tag","embeddable":true,"href":"https:\/\/letrame.com\/catalogo\/wp-json\/wp\/v2\/product_tag?post=95520"}],"curies":[{"name":"wp","href":"https:\/\/api.w.org\/{rel}","templated":true}]}}