{"id":95514,"date":"2024-04-18T12:53:10","date_gmt":"2024-04-18T10:53:10","guid":{"rendered":"https:\/\/letrame.com\/catalogo\/producto\/como-no-perder-a-tus-hijos-tras-el-divorcio\/"},"modified":"2024-04-18T12:53:25","modified_gmt":"2024-04-18T10:53:25","slug":"como-no-perder-a-tus-hijos-tras-el-divorcio","status":"publish","type":"product","link":"https:\/\/letrame.com\/catalogo\/producto\/como-no-perder-a-tus-hijos-tras-el-divorcio\/","title":{"rendered":"C\u00f3mo no perder a tus hijos tras el divorcio"},"content":{"rendered":"\n<p><strong>ISBN<\/strong>: 9788418344985<br><strong>T\u00edtulo<\/strong>: C\u00f3mo no perder a tus hijos tras el divorcio<br><strong>Fecha<\/strong>: 2020<br><strong>P\u00e1ginas<\/strong>: 98<\/p>\n\n\n\n<div style=\"height:40px\" aria-hidden=\"true\" class=\"wp-block-spacer\"><\/div>\n\n\n\n<p><strong>SINOPSIS<\/strong><\/p>\n\n\n\n<p>El divorcio o separaci\u00f3n no deber\u00eda significar la p\u00e9rdida de los hijos pero, en algunos casos, vemos que es la cruda realidad. Esta gu\u00eda pr\u00e1ctica presenta, con ayuda de los testimonios recogidos en consulta durante d\u00e9cadas, la realidad que viven algunos padres y madres cuando se separan de sus parejas. A trav\u00e9s de las dudas y sufrimiento que expresan y plantean, se expone lo que todav\u00eda en muchas ocasiones no se quiere ver, las interferencias parentales. Es decir, progenitores que tras la separaci\u00f3n hacen, conscientemente o no, todo lo posible por romper el v\u00ednculo y cualquier tipo de relaci\u00f3n de sus hijos con el otro progenitor. Te has separado y \u00bftienes problemas para ver a tus hijos?, \u00bfles hablan mal de ti?, \u00bfte ocultan informaci\u00f3n importante de ellos?, \u00bfhace meses que no puedes verlos y no hay causa justificada? Si tu respuesta es afirmativa a alguna de estas preguntas, este libro te puede ser \u00fatil. En \u00e9l, de manera muy pr\u00e1ctica, se ofrecen pautas, herramientas, estrategias y consejos para intentar que los adultos que se ven hoy en d\u00eda en esta situaci\u00f3n \u00absobrevivan\u00bb y sigan luchando para no perder definitivamente a sus hijos.<\/p>\n","protected":false},"excerpt":{"rendered":"<p><strong>ISBN:\u00a0<span class=\"sku\">9788418344985<\/span><\/strong><\/p>\n<p>El divorcio o separaci\u00f3n no deber\u00eda significar la p\u00e9rdida de los hijos pero, en algunos casos, vemos que es la cruda realidad. Esta gu\u00eda pr\u00e1ctica presenta, con ayuda de los testimonios recogidos en consulta durante d\u00e9cadas, la realidad que viven algunos padres y madres cuando se separan de sus parejas. A trav\u00e9s de las dudas y sufrimiento que expresan y plantean, se expone lo que todav\u00eda en muchas ocasiones no se quiere ver, las interferencias parentales. Es decir, progenitores que tras la separaci\u00f3n hacen, conscientemente o no, todo lo posible por romper el v\u00ednculo y cualquier tipo de relaci\u00f3n de sus hijos con el otro progenitor.\u00a0\u00a0<\/p>\n","protected":false},"featured_media":95515,"comment_status":"closed","ping_status":"open","template":"","meta":{"_acf_changed":false},"libro":[],"product_brand":[],"product_cat":[23],"product_tag":[],"class_list":{"0":"post-95514","1":"product","2":"type-product","3":"status-publish","4":"has-post-thumbnail","6":"product_cat-ensayos","8":"first","9":"instock","10":"purchasable","11":"product-type-simple"},"acf":{"autor":[74390],"enlace_de_compra":""},"yoast_head":"<!-- This site is optimized with the Yoast SEO plugin v27.4 - https:\/\/yoast.com\/product\/yoast-seo-wordpress\/ -->\n<title>C\u00f3mo no perder a tus hijos tras el divorcio - Catalogo | Letrame Grupo Editorial<\/title>\n<meta name=\"robots\" content=\"index, follow, max-snippet:-1, max-image-preview:large, max-video-preview:-1\" \/>\n<link rel=\"canonical\" href=\"https:\/\/letrame.com\/catalogo\/producto\/como-no-perder-a-tus-hijos-tras-el-divorcio\/\" \/>\n<meta property=\"og:locale\" content=\"es_ES\" \/>\n<meta property=\"og:type\" content=\"article\" \/>\n<meta property=\"og:title\" content=\"C\u00f3mo no perder a tus hijos tras el divorcio - Catalogo | Letrame Grupo Editorial\" \/>\n<meta property=\"og:description\" content=\"ISBN:\u00a09788418344985 El divorcio o separaci\u00f3n no deber\u00eda significar la p\u00e9rdida de los hijos pero, en algunos casos, vemos que es la cruda realidad. Esta gu\u00eda pr\u00e1ctica presenta, con ayuda de los testimonios recogidos en consulta durante d\u00e9cadas, la realidad que viven algunos padres y madres cuando se separan de sus parejas. A trav\u00e9s de las dudas y sufrimiento que expresan y plantean, se expone lo que todav\u00eda en muchas ocasiones no se quiere ver, las interferencias parentales. Es decir, progenitores que tras la separaci\u00f3n hacen, conscientemente o no, todo lo posible por romper el v\u00ednculo y cualquier tipo de relaci\u00f3n de sus hijos con el otro progenitor.\u00a0\u00a0\" \/>\n<meta property=\"og:url\" content=\"https:\/\/letrame.com\/catalogo\/producto\/como-no-perder-a-tus-hijos-tras-el-divorcio\/\" \/>\n<meta property=\"og:site_name\" content=\"Catalogo | Letrame Grupo Editorial\" \/>\n<meta property=\"article:modified_time\" content=\"2024-04-18T10:53:25+00:00\" \/>\n<meta property=\"og:image\" content=\"https:\/\/letrame.com\/catalogo\/wp-content\/uploads\/2024\/04\/Como-no-perder-a-tus-hijos-tras-el-divorcio-scaled-1.jpg\" \/>\n\t<meta property=\"og:image:width\" content=\"1746\" \/>\n\t<meta property=\"og:image:height\" content=\"2560\" \/>\n\t<meta property=\"og:image:type\" content=\"image\/jpeg\" \/>\n<meta name=\"twitter:card\" content=\"summary_large_image\" \/>\n<meta name=\"twitter:label1\" content=\"Tiempo de lectura\" \/>\n\t<meta name=\"twitter:data1\" content=\"1 minuto\" \/>\n<script type=\"application\/ld+json\" class=\"yoast-schema-graph\">{\"@context\":\"https:\\\/\\\/schema.org\",\"@graph\":[{\"@type\":\"WebPage\",\"@id\":\"https:\\\/\\\/letrame.com\\\/catalogo\\\/producto\\\/como-no-perder-a-tus-hijos-tras-el-divorcio\\\/\",\"url\":\"https:\\\/\\\/letrame.com\\\/catalogo\\\/producto\\\/como-no-perder-a-tus-hijos-tras-el-divorcio\\\/\",\"name\":\"C\u00f3mo no perder a tus hijos tras el divorcio - Catalogo | Letrame Grupo Editorial\",\"isPartOf\":{\"@id\":\"https:\\\/\\\/letrame.com\\\/catalogo\\\/#website\"},\"primaryImageOfPage\":{\"@id\":\"https:\\\/\\\/letrame.com\\\/catalogo\\\/producto\\\/como-no-perder-a-tus-hijos-tras-el-divorcio\\\/#primaryimage\"},\"image\":{\"@id\":\"https:\\\/\\\/letrame.com\\\/catalogo\\\/producto\\\/como-no-perder-a-tus-hijos-tras-el-divorcio\\\/#primaryimage\"},\"thumbnailUrl\":\"https:\\\/\\\/letrame.com\\\/catalogo\\\/wp-content\\\/uploads\\\/2024\\\/04\\\/Como-no-perder-a-tus-hijos-tras-el-divorcio-scaled-1.jpg\",\"datePublished\":\"2024-04-18T10:53:10+00:00\",\"dateModified\":\"2024-04-18T10:53:25+00:00\",\"breadcrumb\":{\"@id\":\"https:\\\/\\\/letrame.com\\\/catalogo\\\/producto\\\/como-no-perder-a-tus-hijos-tras-el-divorcio\\\/#breadcrumb\"},\"inLanguage\":\"es\",\"potentialAction\":[{\"@type\":\"ReadAction\",\"target\":[\"https:\\\/\\\/letrame.com\\\/catalogo\\\/producto\\\/como-no-perder-a-tus-hijos-tras-el-divorcio\\\/\"]}]},{\"@type\":\"ImageObject\",\"inLanguage\":\"es\",\"@id\":\"https:\\\/\\\/letrame.com\\\/catalogo\\\/producto\\\/como-no-perder-a-tus-hijos-tras-el-divorcio\\\/#primaryimage\",\"url\":\"https:\\\/\\\/letrame.com\\\/catalogo\\\/wp-content\\\/uploads\\\/2024\\\/04\\\/Como-no-perder-a-tus-hijos-tras-el-divorcio-scaled-1.jpg\",\"contentUrl\":\"https:\\\/\\\/letrame.com\\\/catalogo\\\/wp-content\\\/uploads\\\/2024\\\/04\\\/Como-no-perder-a-tus-hijos-tras-el-divorcio-scaled-1.jpg\",\"width\":1746,\"height\":2560},{\"@type\":\"BreadcrumbList\",\"@id\":\"https:\\\/\\\/letrame.com\\\/catalogo\\\/producto\\\/como-no-perder-a-tus-hijos-tras-el-divorcio\\\/#breadcrumb\",\"itemListElement\":[{\"@type\":\"ListItem\",\"position\":1,\"name\":\"Portada\",\"item\":\"https:\\\/\\\/letrame.com\\\/catalogo\\\/\"},{\"@type\":\"ListItem\",\"position\":2,\"name\":\"Cat\u00e1logo\",\"item\":\"https:\\\/\\\/letrame.com\\\/catalogo\\\/\"},{\"@type\":\"ListItem\",\"position\":3,\"name\":\"C\u00f3mo no perder a tus hijos tras el divorcio\"}]},{\"@type\":\"WebSite\",\"@id\":\"https:\\\/\\\/letrame.com\\\/catalogo\\\/#website\",\"url\":\"https:\\\/\\\/letrame.com\\\/catalogo\\\/\",\"name\":\"Catalogo | Letrame Grupo Editorial\",\"description\":\"\",\"publisher\":{\"@id\":\"https:\\\/\\\/letrame.com\\\/catalogo\\\/#organization\"},\"potentialAction\":[{\"@type\":\"SearchAction\",\"target\":{\"@type\":\"EntryPoint\",\"urlTemplate\":\"https:\\\/\\\/letrame.com\\\/catalogo\\\/?s={search_term_string}\"},\"query-input\":{\"@type\":\"PropertyValueSpecification\",\"valueRequired\":true,\"valueName\":\"search_term_string\"}}],\"inLanguage\":\"es\"},{\"@type\":\"Organization\",\"@id\":\"https:\\\/\\\/letrame.com\\\/catalogo\\\/#organization\",\"name\":\"Catalogo | Letrame Grupo Editorial\",\"url\":\"https:\\\/\\\/letrame.com\\\/catalogo\\\/\",\"logo\":{\"@type\":\"ImageObject\",\"inLanguage\":\"es\",\"@id\":\"https:\\\/\\\/letrame.com\\\/catalogo\\\/#\\\/schema\\\/logo\\\/image\\\/\",\"url\":\"https:\\\/\\\/letrame.com\\\/catalogo\\\/wp-content\\\/uploads\\\/2024\\\/03\\\/logo2.webp\",\"contentUrl\":\"https:\\\/\\\/letrame.com\\\/catalogo\\\/wp-content\\\/uploads\\\/2024\\\/03\\\/logo2.webp\",\"width\":394,\"height\":128,\"caption\":\"Catalogo | Letrame Grupo Editorial\"},\"image\":{\"@id\":\"https:\\\/\\\/letrame.com\\\/catalogo\\\/#\\\/schema\\\/logo\\\/image\\\/\"}}]}<\/script>\n<!-- \/ Yoast SEO plugin. -->","yoast_head_json":{"title":"C\u00f3mo no perder a tus hijos tras el divorcio - Catalogo | Letrame Grupo Editorial","robots":{"index":"index","follow":"follow","max-snippet":"max-snippet:-1","max-image-preview":"max-image-preview:large","max-video-preview":"max-video-preview:-1"},"canonical":"https:\/\/letrame.com\/catalogo\/producto\/como-no-perder-a-tus-hijos-tras-el-divorcio\/","og_locale":"es_ES","og_type":"article","og_title":"C\u00f3mo no perder a tus hijos tras el divorcio - Catalogo | Letrame Grupo Editorial","og_description":"ISBN:\u00a09788418344985 El divorcio o separaci\u00f3n no deber\u00eda significar la p\u00e9rdida de los hijos pero, en algunos casos, vemos que es la cruda realidad. Esta gu\u00eda pr\u00e1ctica presenta, con ayuda de los testimonios recogidos en consulta durante d\u00e9cadas, la realidad que viven algunos padres y madres cuando se separan de sus parejas. A trav\u00e9s de las dudas y sufrimiento que expresan y plantean, se expone lo que todav\u00eda en muchas ocasiones no se quiere ver, las interferencias parentales. Es decir, progenitores que tras la separaci\u00f3n hacen, conscientemente o no, todo lo posible por romper el v\u00ednculo y cualquier tipo de relaci\u00f3n de sus hijos con el otro progenitor.\u00a0\u00a0","og_url":"https:\/\/letrame.com\/catalogo\/producto\/como-no-perder-a-tus-hijos-tras-el-divorcio\/","og_site_name":"Catalogo | Letrame Grupo Editorial","article_modified_time":"2024-04-18T10:53:25+00:00","og_image":[{"width":1746,"height":2560,"url":"https:\/\/letrame.com\/catalogo\/wp-content\/uploads\/2024\/04\/Como-no-perder-a-tus-hijos-tras-el-divorcio-scaled-1.jpg","type":"image\/jpeg"}],"twitter_card":"summary_large_image","twitter_misc":{"Tiempo de lectura":"1 minuto"},"schema":{"@context":"https:\/\/schema.org","@graph":[{"@type":"WebPage","@id":"https:\/\/letrame.com\/catalogo\/producto\/como-no-perder-a-tus-hijos-tras-el-divorcio\/","url":"https:\/\/letrame.com\/catalogo\/producto\/como-no-perder-a-tus-hijos-tras-el-divorcio\/","name":"C\u00f3mo no perder a tus hijos tras el divorcio - Catalogo | Letrame Grupo Editorial","isPartOf":{"@id":"https:\/\/letrame.com\/catalogo\/#website"},"primaryImageOfPage":{"@id":"https:\/\/letrame.com\/catalogo\/producto\/como-no-perder-a-tus-hijos-tras-el-divorcio\/#primaryimage"},"image":{"@id":"https:\/\/letrame.com\/catalogo\/producto\/como-no-perder-a-tus-hijos-tras-el-divorcio\/#primaryimage"},"thumbnailUrl":"https:\/\/letrame.com\/catalogo\/wp-content\/uploads\/2024\/04\/Como-no-perder-a-tus-hijos-tras-el-divorcio-scaled-1.jpg","datePublished":"2024-04-18T10:53:10+00:00","dateModified":"2024-04-18T10:53:25+00:00","breadcrumb":{"@id":"https:\/\/letrame.com\/catalogo\/producto\/como-no-perder-a-tus-hijos-tras-el-divorcio\/#breadcrumb"},"inLanguage":"es","potentialAction":[{"@type":"ReadAction","target":["https:\/\/letrame.com\/catalogo\/producto\/como-no-perder-a-tus-hijos-tras-el-divorcio\/"]}]},{"@type":"ImageObject","inLanguage":"es","@id":"https:\/\/letrame.com\/catalogo\/producto\/como-no-perder-a-tus-hijos-tras-el-divorcio\/#primaryimage","url":"https:\/\/letrame.com\/catalogo\/wp-content\/uploads\/2024\/04\/Como-no-perder-a-tus-hijos-tras-el-divorcio-scaled-1.jpg","contentUrl":"https:\/\/letrame.com\/catalogo\/wp-content\/uploads\/2024\/04\/Como-no-perder-a-tus-hijos-tras-el-divorcio-scaled-1.jpg","width":1746,"height":2560},{"@type":"BreadcrumbList","@id":"https:\/\/letrame.com\/catalogo\/producto\/como-no-perder-a-tus-hijos-tras-el-divorcio\/#breadcrumb","itemListElement":[{"@type":"ListItem","position":1,"name":"Portada","item":"https:\/\/letrame.com\/catalogo\/"},{"@type":"ListItem","position":2,"name":"Cat\u00e1logo","item":"https:\/\/letrame.com\/catalogo\/"},{"@type":"ListItem","position":3,"name":"C\u00f3mo no perder a tus hijos tras el divorcio"}]},{"@type":"WebSite","@id":"https:\/\/letrame.com\/catalogo\/#website","url":"https:\/\/letrame.com\/catalogo\/","name":"Catalogo | Letrame Grupo Editorial","description":"","publisher":{"@id":"https:\/\/letrame.com\/catalogo\/#organization"},"potentialAction":[{"@type":"SearchAction","target":{"@type":"EntryPoint","urlTemplate":"https:\/\/letrame.com\/catalogo\/?s={search_term_string}"},"query-input":{"@type":"PropertyValueSpecification","valueRequired":true,"valueName":"search_term_string"}}],"inLanguage":"es"},{"@type":"Organization","@id":"https:\/\/letrame.com\/catalogo\/#organization","name":"Catalogo | Letrame Grupo Editorial","url":"https:\/\/letrame.com\/catalogo\/","logo":{"@type":"ImageObject","inLanguage":"es","@id":"https:\/\/letrame.com\/catalogo\/#\/schema\/logo\/image\/","url":"https:\/\/letrame.com\/catalogo\/wp-content\/uploads\/2024\/03\/logo2.webp","contentUrl":"https:\/\/letrame.com\/catalogo\/wp-content\/uploads\/2024\/03\/logo2.webp","width":394,"height":128,"caption":"Catalogo | Letrame Grupo Editorial"},"image":{"@id":"https:\/\/letrame.com\/catalogo\/#\/schema\/logo\/image\/"}}]}},"_links":{"self":[{"href":"https:\/\/letrame.com\/catalogo\/wp-json\/wp\/v2\/product\/95514","targetHints":{"allow":["GET"]}}],"collection":[{"href":"https:\/\/letrame.com\/catalogo\/wp-json\/wp\/v2\/product"}],"about":[{"href":"https:\/\/letrame.com\/catalogo\/wp-json\/wp\/v2\/types\/product"}],"replies":[{"embeddable":true,"href":"https:\/\/letrame.com\/catalogo\/wp-json\/wp\/v2\/comments?post=95514"}],"acf:post":[{"embeddable":true,"href":"https:\/\/letrame.com\/catalogo\/wp-json\/wp\/v2\/author_book\/74390"}],"wp:featuredmedia":[{"embeddable":true,"href":"https:\/\/letrame.com\/catalogo\/wp-json\/wp\/v2\/media\/95515"}],"wp:attachment":[{"href":"https:\/\/letrame.com\/catalogo\/wp-json\/wp\/v2\/media?parent=95514"}],"wp:term":[{"taxonomy":"libro","embeddable":true,"href":"https:\/\/letrame.com\/catalogo\/wp-json\/wp\/v2\/libro?post=95514"},{"taxonomy":"product_brand","embeddable":true,"href":"https:\/\/letrame.com\/catalogo\/wp-json\/wp\/v2\/product_brand?post=95514"},{"taxonomy":"product_cat","embeddable":true,"href":"https:\/\/letrame.com\/catalogo\/wp-json\/wp\/v2\/product_cat?post=95514"},{"taxonomy":"product_tag","embeddable":true,"href":"https:\/\/letrame.com\/catalogo\/wp-json\/wp\/v2\/product_tag?post=95514"}],"curies":[{"name":"wp","href":"https:\/\/api.w.org\/{rel}","templated":true}]}}