{"id":95510,"date":"2024-04-18T12:52:41","date_gmt":"2024-04-18T10:52:41","guid":{"rendered":"https:\/\/letrame.com\/catalogo\/producto\/eres-un-antisistema\/"},"modified":"2024-04-18T12:52:57","modified_gmt":"2024-04-18T10:52:57","slug":"eres-un-antisistema","status":"publish","type":"product","link":"https:\/\/letrame.com\/catalogo\/producto\/eres-un-antisistema\/","title":{"rendered":"\u00bfEres un antisistema?"},"content":{"rendered":"\n<p><strong>ISBN<\/strong>: 978-8418344442<br><strong>T\u00edtulo<\/strong>: \u00bfEres un antisistema?<br><strong>Fecha<\/strong>: 2020<br><strong>P\u00e1ginas<\/strong>: 140<\/p>\n\n\n\n<div style=\"height:42px\" aria-hidden=\"true\" class=\"wp-block-spacer\"><\/div>\n\n\n\n<p><strong>SINOPSIS<\/strong><\/p>\n\n\n\n<p>\u00bfQui\u00e9nes son los antisistema? \u00bfQu\u00e9 se proponen? \u00bfQu\u00e9 imagen ofrecen de ellos los medios de comunicaci\u00f3n? Este breve ensayo pretende ofrecer una visi\u00f3n clara y accesible, no exenta de humor, sobre aquellos que claman: \u00a1otro mundo es posible! \u00bfEs, en efecto, posible? \u00bfM\u00e1s bien urgente? \u00bfO acaso inevitable? Cada vez es mayor el n\u00famero de cient\u00edficos e intelectuales que alertan de una pr\u00f3xima crisis de sostenibilidad, una de tal magnitud que es dudoso que sea posible reponerse, llamadas, ya gritos, que encuentran un escaso hueco en el \u00e1mbito pol\u00edtico o medi\u00e1tico, una actitud que lleva a la ciudadan\u00eda a una aceptaci\u00f3n mec\u00e1nica y acr\u00edtica del modelo civilizatorio existente. Es preciso reflexionar con seriedad si los cambios requeridos para lograr el deseado equilibrio humanidad-planeta se limitar\u00edan a unas modificaciones cosm\u00e9ticas \u2013reciclaje, ahorro energ\u00e9tico, reverdecimiento de la energ\u00eda\u2026- que no alteraran la esencia de nuestro modelo de desarrollo, o si por el contrario asistimos a una fatal incompatibilidad entre el sistema crecentista nacido de la revoluci\u00f3n industrial y la preservaci\u00f3n del metabolismo b\u00e1sico de la Tierra. Se propone, pues, un ejercicio de honestidad que nos impulse a poner en cuesti\u00f3n el modelo de desarrollo imperante y a atenernos al diagn\u00f3stico resultante: si este arroja un veredicto de inviabilidad, tendremos que dar un cambio de tim\u00f3n hasta donde sea preciso llegar.<\/p>\n","protected":false},"excerpt":{"rendered":"<p><strong>ISBN:\u00a0<span class=\"sku\">978-8418344442<\/span><\/strong><\/p>\n<p>\u00bfQui\u00e9nes son los antisistema? \u00bfQu\u00e9 se proponen? \u00bfQu\u00e9 imagen ofrecen de ellos los medios de comunicaci\u00f3n? Este breve ensayo pretende ofrecer una visi\u00f3n clara y accesible, no exenta de humor, sobre aquellos que claman: \u00a1otro mundo es posible! \u00bfEs, en efecto, posible?\u00a0 \u00a0<\/p>\n","protected":false},"featured_media":95511,"comment_status":"closed","ping_status":"open","template":"","meta":{"_acf_changed":false},"libro":[],"product_brand":[],"product_cat":[23],"product_tag":[],"class_list":{"0":"post-95510","1":"product","2":"type-product","3":"status-publish","4":"has-post-thumbnail","6":"product_cat-ensayos","8":"first","9":"instock","10":"purchasable","11":"product-type-simple"},"acf":{"autor":[74394],"enlace_de_compra":"https:\/\/www.amazon.es\/%C2%BFEres-antisistema-Javier-Alberdi-Guibert\/dp\/841834444X\/ref=sr_1_1?__mk_es_ES=%C3%85M%C3%85%C5%BD%C3%95%C3%91&amp&dchild=1&amp&keywords=%C2%BFEres+un+antisistema%3F+letrame&amp&qid=1594811706&amp&s=books&amp&sr=1-1"},"yoast_head":"<!-- This site is optimized with the Yoast SEO plugin v26.6 - https:\/\/yoast.com\/wordpress\/plugins\/seo\/ -->\n<title>\u00bfEres un antisistema? - Catalogo | Letrame Grupo Editorial<\/title>\n<meta name=\"robots\" content=\"index, follow, max-snippet:-1, max-image-preview:large, max-video-preview:-1\" \/>\n<link rel=\"canonical\" href=\"https:\/\/letrame.com\/catalogo\/producto\/eres-un-antisistema\/\" \/>\n<meta property=\"og:locale\" content=\"es_ES\" \/>\n<meta property=\"og:type\" content=\"article\" \/>\n<meta property=\"og:title\" content=\"\u00bfEres un antisistema? - Catalogo | Letrame Grupo Editorial\" \/>\n<meta property=\"og:description\" content=\"ISBN:\u00a0978-8418344442 \u00bfQui\u00e9nes son los antisistema? \u00bfQu\u00e9 se proponen? \u00bfQu\u00e9 imagen ofrecen de ellos los medios de comunicaci\u00f3n? Este breve ensayo pretende ofrecer una visi\u00f3n clara y accesible, no exenta de humor, sobre aquellos que claman: \u00a1otro mundo es posible! \u00bfEs, en efecto, posible?\u00a0 \u00a0\" \/>\n<meta property=\"og:url\" content=\"https:\/\/letrame.com\/catalogo\/producto\/eres-un-antisistema\/\" \/>\n<meta property=\"og:site_name\" content=\"Catalogo | Letrame Grupo Editorial\" \/>\n<meta property=\"article:modified_time\" content=\"2024-04-18T10:52:57+00:00\" \/>\n<meta property=\"og:image\" content=\"https:\/\/letrame.com\/catalogo\/wp-content\/uploads\/2024\/04\/eres-un-antisistema-scaled-1.jpg\" \/>\n\t<meta property=\"og:image:width\" content=\"1746\" \/>\n\t<meta property=\"og:image:height\" content=\"2560\" \/>\n\t<meta property=\"og:image:type\" content=\"image\/jpeg\" \/>\n<meta name=\"twitter:card\" content=\"summary_large_image\" \/>\n<meta name=\"twitter:label1\" content=\"Tiempo de lectura\" \/>\n\t<meta name=\"twitter:data1\" content=\"1 minuto\" \/>\n<script type=\"application\/ld+json\" class=\"yoast-schema-graph\">{\"@context\":\"https:\/\/schema.org\",\"@graph\":[{\"@type\":\"WebPage\",\"@id\":\"https:\/\/letrame.com\/catalogo\/producto\/eres-un-antisistema\/\",\"url\":\"https:\/\/letrame.com\/catalogo\/producto\/eres-un-antisistema\/\",\"name\":\"\u00bfEres un antisistema? - Catalogo | Letrame Grupo Editorial\",\"isPartOf\":{\"@id\":\"https:\/\/letrame.com\/catalogo\/#website\"},\"primaryImageOfPage\":{\"@id\":\"https:\/\/letrame.com\/catalogo\/producto\/eres-un-antisistema\/#primaryimage\"},\"image\":{\"@id\":\"https:\/\/letrame.com\/catalogo\/producto\/eres-un-antisistema\/#primaryimage\"},\"thumbnailUrl\":\"https:\/\/letrame.com\/catalogo\/wp-content\/uploads\/2024\/04\/eres-un-antisistema-scaled-1.jpg\",\"datePublished\":\"2024-04-18T10:52:41+00:00\",\"dateModified\":\"2024-04-18T10:52:57+00:00\",\"breadcrumb\":{\"@id\":\"https:\/\/letrame.com\/catalogo\/producto\/eres-un-antisistema\/#breadcrumb\"},\"inLanguage\":\"es\",\"potentialAction\":[{\"@type\":\"ReadAction\",\"target\":[\"https:\/\/letrame.com\/catalogo\/producto\/eres-un-antisistema\/\"]}]},{\"@type\":\"ImageObject\",\"inLanguage\":\"es\",\"@id\":\"https:\/\/letrame.com\/catalogo\/producto\/eres-un-antisistema\/#primaryimage\",\"url\":\"https:\/\/letrame.com\/catalogo\/wp-content\/uploads\/2024\/04\/eres-un-antisistema-scaled-1.jpg\",\"contentUrl\":\"https:\/\/letrame.com\/catalogo\/wp-content\/uploads\/2024\/04\/eres-un-antisistema-scaled-1.jpg\",\"width\":1746,\"height\":2560},{\"@type\":\"BreadcrumbList\",\"@id\":\"https:\/\/letrame.com\/catalogo\/producto\/eres-un-antisistema\/#breadcrumb\",\"itemListElement\":[{\"@type\":\"ListItem\",\"position\":1,\"name\":\"Portada\",\"item\":\"https:\/\/letrame.com\/catalogo\/\"},{\"@type\":\"ListItem\",\"position\":2,\"name\":\"Cat\u00e1logo\",\"item\":\"https:\/\/letrame.com\/catalogo\/\"},{\"@type\":\"ListItem\",\"position\":3,\"name\":\"\u00bfEres un antisistema?\"}]},{\"@type\":\"WebSite\",\"@id\":\"https:\/\/letrame.com\/catalogo\/#website\",\"url\":\"https:\/\/letrame.com\/catalogo\/\",\"name\":\"Catalogo | Letrame Grupo Editorial\",\"description\":\"\",\"publisher\":{\"@id\":\"https:\/\/letrame.com\/catalogo\/#organization\"},\"potentialAction\":[{\"@type\":\"SearchAction\",\"target\":{\"@type\":\"EntryPoint\",\"urlTemplate\":\"https:\/\/letrame.com\/catalogo\/?s={search_term_string}\"},\"query-input\":{\"@type\":\"PropertyValueSpecification\",\"valueRequired\":true,\"valueName\":\"search_term_string\"}}],\"inLanguage\":\"es\"},{\"@type\":\"Organization\",\"@id\":\"https:\/\/letrame.com\/catalogo\/#organization\",\"name\":\"Catalogo | Letrame Grupo Editorial\",\"url\":\"https:\/\/letrame.com\/catalogo\/\",\"logo\":{\"@type\":\"ImageObject\",\"inLanguage\":\"es\",\"@id\":\"https:\/\/letrame.com\/catalogo\/#\/schema\/logo\/image\/\",\"url\":\"https:\/\/letrame.com\/catalogo\/wp-content\/uploads\/2024\/03\/logo2.webp\",\"contentUrl\":\"https:\/\/letrame.com\/catalogo\/wp-content\/uploads\/2024\/03\/logo2.webp\",\"width\":394,\"height\":128,\"caption\":\"Catalogo | Letrame Grupo Editorial\"},\"image\":{\"@id\":\"https:\/\/letrame.com\/catalogo\/#\/schema\/logo\/image\/\"}}]}<\/script>\n<!-- \/ Yoast SEO plugin. -->","yoast_head_json":{"title":"\u00bfEres un antisistema? - Catalogo | Letrame Grupo Editorial","robots":{"index":"index","follow":"follow","max-snippet":"max-snippet:-1","max-image-preview":"max-image-preview:large","max-video-preview":"max-video-preview:-1"},"canonical":"https:\/\/letrame.com\/catalogo\/producto\/eres-un-antisistema\/","og_locale":"es_ES","og_type":"article","og_title":"\u00bfEres un antisistema? - Catalogo | Letrame Grupo Editorial","og_description":"ISBN:\u00a0978-8418344442 \u00bfQui\u00e9nes son los antisistema? \u00bfQu\u00e9 se proponen? \u00bfQu\u00e9 imagen ofrecen de ellos los medios de comunicaci\u00f3n? Este breve ensayo pretende ofrecer una visi\u00f3n clara y accesible, no exenta de humor, sobre aquellos que claman: \u00a1otro mundo es posible! \u00bfEs, en efecto, posible?\u00a0 \u00a0","og_url":"https:\/\/letrame.com\/catalogo\/producto\/eres-un-antisistema\/","og_site_name":"Catalogo | Letrame Grupo Editorial","article_modified_time":"2024-04-18T10:52:57+00:00","og_image":[{"width":1746,"height":2560,"url":"https:\/\/letrame.com\/catalogo\/wp-content\/uploads\/2024\/04\/eres-un-antisistema-scaled-1.jpg","type":"image\/jpeg"}],"twitter_card":"summary_large_image","twitter_misc":{"Tiempo de lectura":"1 minuto"},"schema":{"@context":"https:\/\/schema.org","@graph":[{"@type":"WebPage","@id":"https:\/\/letrame.com\/catalogo\/producto\/eres-un-antisistema\/","url":"https:\/\/letrame.com\/catalogo\/producto\/eres-un-antisistema\/","name":"\u00bfEres un antisistema? - Catalogo | Letrame Grupo Editorial","isPartOf":{"@id":"https:\/\/letrame.com\/catalogo\/#website"},"primaryImageOfPage":{"@id":"https:\/\/letrame.com\/catalogo\/producto\/eres-un-antisistema\/#primaryimage"},"image":{"@id":"https:\/\/letrame.com\/catalogo\/producto\/eres-un-antisistema\/#primaryimage"},"thumbnailUrl":"https:\/\/letrame.com\/catalogo\/wp-content\/uploads\/2024\/04\/eres-un-antisistema-scaled-1.jpg","datePublished":"2024-04-18T10:52:41+00:00","dateModified":"2024-04-18T10:52:57+00:00","breadcrumb":{"@id":"https:\/\/letrame.com\/catalogo\/producto\/eres-un-antisistema\/#breadcrumb"},"inLanguage":"es","potentialAction":[{"@type":"ReadAction","target":["https:\/\/letrame.com\/catalogo\/producto\/eres-un-antisistema\/"]}]},{"@type":"ImageObject","inLanguage":"es","@id":"https:\/\/letrame.com\/catalogo\/producto\/eres-un-antisistema\/#primaryimage","url":"https:\/\/letrame.com\/catalogo\/wp-content\/uploads\/2024\/04\/eres-un-antisistema-scaled-1.jpg","contentUrl":"https:\/\/letrame.com\/catalogo\/wp-content\/uploads\/2024\/04\/eres-un-antisistema-scaled-1.jpg","width":1746,"height":2560},{"@type":"BreadcrumbList","@id":"https:\/\/letrame.com\/catalogo\/producto\/eres-un-antisistema\/#breadcrumb","itemListElement":[{"@type":"ListItem","position":1,"name":"Portada","item":"https:\/\/letrame.com\/catalogo\/"},{"@type":"ListItem","position":2,"name":"Cat\u00e1logo","item":"https:\/\/letrame.com\/catalogo\/"},{"@type":"ListItem","position":3,"name":"\u00bfEres un antisistema?"}]},{"@type":"WebSite","@id":"https:\/\/letrame.com\/catalogo\/#website","url":"https:\/\/letrame.com\/catalogo\/","name":"Catalogo | Letrame Grupo Editorial","description":"","publisher":{"@id":"https:\/\/letrame.com\/catalogo\/#organization"},"potentialAction":[{"@type":"SearchAction","target":{"@type":"EntryPoint","urlTemplate":"https:\/\/letrame.com\/catalogo\/?s={search_term_string}"},"query-input":{"@type":"PropertyValueSpecification","valueRequired":true,"valueName":"search_term_string"}}],"inLanguage":"es"},{"@type":"Organization","@id":"https:\/\/letrame.com\/catalogo\/#organization","name":"Catalogo | Letrame Grupo Editorial","url":"https:\/\/letrame.com\/catalogo\/","logo":{"@type":"ImageObject","inLanguage":"es","@id":"https:\/\/letrame.com\/catalogo\/#\/schema\/logo\/image\/","url":"https:\/\/letrame.com\/catalogo\/wp-content\/uploads\/2024\/03\/logo2.webp","contentUrl":"https:\/\/letrame.com\/catalogo\/wp-content\/uploads\/2024\/03\/logo2.webp","width":394,"height":128,"caption":"Catalogo | Letrame Grupo Editorial"},"image":{"@id":"https:\/\/letrame.com\/catalogo\/#\/schema\/logo\/image\/"}}]}},"_links":{"self":[{"href":"https:\/\/letrame.com\/catalogo\/wp-json\/wp\/v2\/product\/95510","targetHints":{"allow":["GET"]}}],"collection":[{"href":"https:\/\/letrame.com\/catalogo\/wp-json\/wp\/v2\/product"}],"about":[{"href":"https:\/\/letrame.com\/catalogo\/wp-json\/wp\/v2\/types\/product"}],"replies":[{"embeddable":true,"href":"https:\/\/letrame.com\/catalogo\/wp-json\/wp\/v2\/comments?post=95510"}],"acf:post":[{"embeddable":true,"href":"https:\/\/letrame.com\/catalogo\/wp-json\/wp\/v2\/author_book\/74394"}],"wp:featuredmedia":[{"embeddable":true,"href":"https:\/\/letrame.com\/catalogo\/wp-json\/wp\/v2\/media\/95511"}],"wp:attachment":[{"href":"https:\/\/letrame.com\/catalogo\/wp-json\/wp\/v2\/media?parent=95510"}],"wp:term":[{"taxonomy":"libro","embeddable":true,"href":"https:\/\/letrame.com\/catalogo\/wp-json\/wp\/v2\/libro?post=95510"},{"taxonomy":"product_brand","embeddable":true,"href":"https:\/\/letrame.com\/catalogo\/wp-json\/wp\/v2\/product_brand?post=95510"},{"taxonomy":"product_cat","embeddable":true,"href":"https:\/\/letrame.com\/catalogo\/wp-json\/wp\/v2\/product_cat?post=95510"},{"taxonomy":"product_tag","embeddable":true,"href":"https:\/\/letrame.com\/catalogo\/wp-json\/wp\/v2\/product_tag?post=95510"}],"curies":[{"name":"wp","href":"https:\/\/api.w.org\/{rel}","templated":true}]}}