{"id":95464,"date":"2024-04-18T12:48:10","date_gmt":"2024-04-18T10:48:10","guid":{"rendered":"https:\/\/letrame.com\/catalogo\/producto\/historia-de-la-mafia-santa\/"},"modified":"2024-04-18T12:48:10","modified_gmt":"2024-04-18T10:48:10","slug":"historia-de-la-mafia-santa","status":"publish","type":"product","link":"https:\/\/letrame.com\/catalogo\/producto\/historia-de-la-mafia-santa\/","title":{"rendered":"Historia de la mafia santa"},"content":{"rendered":"<p><strong>ISBN<\/strong>: 978-84-18064-69-2<br \/>\n<strong>T\u00edtulo<\/strong>: Historia de la mafia santa<br \/>\n<strong>Fecha<\/strong>: 2020<br \/>\n<strong>P\u00e1ginas<\/strong>: 508<\/p>\n<p>&nbsp;<\/p>\n<p><strong>SINOPSIS<\/strong><\/p>\n<section>\n<div class=\"about-this-book\">\n<div class=\"container\">\n<div class=\"right-detail shop-detail1 pull-right col-md-8 col-sm-8 col-xs-12\">\n<div id=\"editionnal-reviews\" class=\"book-desc-detail\"><span class=\"detail-desc box-detail-desc\">Central Separaci\u00f3n Estado-Iglesias Estado Laico Cuando hablamos de dioses se hace necesario establecer una primera diferencia entre polite\u00edsmo y monote\u00edsmo. La conclusi\u00f3n que se sigue de esta diferencia es que ya estamos hablando en t\u00e9rminos pol\u00edticos. De democracia o totalitarismo. Lo democr\u00e1tico es laico y lo totalitario es religioso: \u00abLa experiencia religiosa es un sentimiento de dependencia absoluta\u00bb y esto es as\u00ed porque los individuos se someten a poderes autoritarios exteriores a \u00e9l e interiorizados en \u00e9l. \u00abEst\u00e1n ah\u00ed afuera, disfrazados de gente normal, hasta que sus necesidades internas los convierten en depredadores. No buscan solo nuestra sangre, sino adem\u00e1s nuestra energ\u00eda emocional\u00bb. Al principio, parecen mejores que las personas corrientes. Son brillantes, encantadores. Os caen bien, confi\u00e1is en ellos, esper\u00e1is m\u00e1s de ellos que de otras personas. Esper\u00e1is m\u00e1s, pero recib\u00eds menos y al final os capturan.<\/span><\/div>\n<div id=\"clear-scroll\" class=\"clearfix\"><\/div>\n<\/div>\n<\/div>\n<\/div>\n<\/section>\n<div class=\"feature-section feature-option2\">\n<div class=\"container\">\n<div class=\"related products\">\n<div class=\"title-box\"><\/div>\n<\/div>\n<\/div>\n<\/div>\n","protected":false},"excerpt":{"rendered":"<p><strong><span class=\"sku_wrapper\">ISBN:\u00a0<span class=\"sku\">978-84-18064-69-2<\/span><\/span><\/strong><\/p>\n<p><strong>Central<\/strong><\/p>\n<p><strong>Separaci\u00f3n Estado-Iglesias\u00a0\u00a0\u00a0\u00a0\u00a0\u00a0\u00a0\u00a0\u00a0\u00a0\u00a0\u00a0\u00a0\u00a0\u00a0\u00a0\u00a0\u00a0\u00a0\u00a0\u00a0\u00a0\u00a0 \u00a0\u00a0\u00a0\u00a0\u00a0\u00a0\u00a0\u00a0\u00a0\u00a0\u00a0\u00a0\u00a0\u00a0\u00a0\u00a0\u00a0\u00a0\u00a0\u00a0\u00a0\u00a0\u00a0\u00a0\u00a0\u00a0\u00a0\u00a0\u00a0\u00a0\u00a0\u00a0\u00a0\u00a0\u00a0\u00a0\u00a0\u00a0\u00a0\u00a0\u00a0\u00a0\u00a0\u00a0\u00a0\u00a0 Estado Laico<\/strong><\/p>\n<p><em>Cuando hablamos de dioses se hace necesario establecer una primera diferencia entre polite\u00edsmo y monote\u00edsmo. La conclusi\u00f3n que se sigue de esta diferencia es que ya estamos hablando en t\u00e9rminos pol\u00edticos. De democracia o totalitarismo. Lo democr\u00e1tico es laico y lo totalitario es religioso:\u00a0 <\/em><em>\u00abLa experiencia religiosa es un sentimiento de dependencia absoluta\u00bb y esto es as\u00ed porque los individuos se someten a poderes autoritarios exteriores a \u00e9l e interiorizados en \u00e9l.<\/em><\/p>\n<p>\u00ab<em>Est\u00e1n ah\u00ed afuera, disfrazados de gente normal, hasta que sus necesidades internas los convierten en depredadores. No buscan solo nuestra sangre, sino adem\u00e1s nuestra energ\u00eda emocional<\/em>\u00bb<em>.<\/em><\/p>\n<p><em>Al principio, parecen mejores que las personas corrientes. Son brillantes, encantadores. Os caen bien, confi\u00e1is en ellos, esper\u00e1is m\u00e1s de ellos que de otras personas.<\/em><\/p>\n<p><em>Esper\u00e1is m\u00e1s, pero recib\u00eds menos y al final os capturan.<\/em><\/p>\n","protected":false},"featured_media":95465,"comment_status":"closed","ping_status":"open","template":"","meta":{"_acf_changed":false},"libro":[],"product_brand":[],"product_cat":[23],"product_tag":[],"class_list":{"0":"post-95464","1":"product","2":"type-product","3":"status-publish","4":"has-post-thumbnail","6":"product_cat-ensayos","8":"first","9":"instock","10":"purchasable","11":"product-type-simple"},"acf":{"autor":[73245],"enlace_de_compra":"https:\/\/www.amazon.es\/Historia-Mafia-Santa-Luis-Domingo\/dp\/8418064692\/ref=sr_1_1?__mk_es_ES=%C3%85M%C3%85%C5%BD%C3%95%C3%91&amp&keywords=historia+de+la+mafia+santa+letrame&amp&qid=1579865553&amp&sr=8-1"},"yoast_head":"<!-- This site is optimized with the Yoast SEO plugin v27.4 - https:\/\/yoast.com\/product\/yoast-seo-wordpress\/ -->\n<title>Historia de la mafia santa - Catalogo | Letrame Grupo Editorial<\/title>\n<meta name=\"robots\" content=\"index, follow, max-snippet:-1, max-image-preview:large, max-video-preview:-1\" \/>\n<link rel=\"canonical\" href=\"https:\/\/letrame.com\/catalogo\/producto\/historia-de-la-mafia-santa\/\" \/>\n<meta property=\"og:locale\" content=\"es_ES\" \/>\n<meta property=\"og:type\" content=\"article\" \/>\n<meta property=\"og:title\" content=\"Historia de la mafia santa - Catalogo | Letrame Grupo Editorial\" \/>\n<meta property=\"og:description\" content=\"ISBN:\u00a0978-84-18064-69-2 Central Separaci\u00f3n Estado-Iglesias\u00a0\u00a0\u00a0\u00a0\u00a0\u00a0\u00a0\u00a0\u00a0\u00a0\u00a0\u00a0\u00a0\u00a0\u00a0\u00a0\u00a0\u00a0\u00a0\u00a0\u00a0\u00a0\u00a0 \u00a0\u00a0\u00a0\u00a0\u00a0\u00a0\u00a0\u00a0\u00a0\u00a0\u00a0\u00a0\u00a0\u00a0\u00a0\u00a0\u00a0\u00a0\u00a0\u00a0\u00a0\u00a0\u00a0\u00a0\u00a0\u00a0\u00a0\u00a0\u00a0\u00a0\u00a0\u00a0\u00a0\u00a0\u00a0\u00a0\u00a0\u00a0\u00a0\u00a0\u00a0\u00a0\u00a0\u00a0\u00a0\u00a0 Estado Laico Cuando hablamos de dioses se hace necesario establecer una primera diferencia entre polite\u00edsmo y monote\u00edsmo. La conclusi\u00f3n que se sigue de esta diferencia es que ya estamos hablando en t\u00e9rminos pol\u00edticos. De democracia o totalitarismo. Lo democr\u00e1tico es laico y lo totalitario es religioso:\u00a0 \u00abLa experiencia religiosa es un sentimiento de dependencia absoluta\u00bb y esto es as\u00ed porque los individuos se someten a poderes autoritarios exteriores a \u00e9l e interiorizados en \u00e9l. \u00abEst\u00e1n ah\u00ed afuera, disfrazados de gente normal, hasta que sus necesidades internas los convierten en depredadores. No buscan solo nuestra sangre, sino adem\u00e1s nuestra energ\u00eda emocional\u00bb. Al principio, parecen mejores que las personas corrientes. Son brillantes, encantadores. Os caen bien, confi\u00e1is en ellos, esper\u00e1is m\u00e1s de ellos que de otras personas. Esper\u00e1is m\u00e1s, pero recib\u00eds menos y al final os capturan.\" \/>\n<meta property=\"og:url\" content=\"https:\/\/letrame.com\/catalogo\/producto\/historia-de-la-mafia-santa\/\" \/>\n<meta property=\"og:site_name\" content=\"Catalogo | Letrame Grupo Editorial\" \/>\n<meta property=\"og:image\" content=\"https:\/\/letrame.com\/catalogo\/wp-content\/uploads\/2024\/04\/portada_historiadelamafiasanta_277mm-compressed-2-1-scaled-1.jpg\" \/>\n\t<meta property=\"og:image:width\" content=\"1813\" \/>\n\t<meta property=\"og:image:height\" content=\"2560\" \/>\n\t<meta property=\"og:image:type\" content=\"image\/jpeg\" \/>\n<meta name=\"twitter:card\" content=\"summary_large_image\" \/>\n<meta name=\"twitter:label1\" content=\"Tiempo de lectura\" \/>\n\t<meta name=\"twitter:data1\" content=\"1 minuto\" \/>\n<script type=\"application\/ld+json\" class=\"yoast-schema-graph\">{\"@context\":\"https:\\\/\\\/schema.org\",\"@graph\":[{\"@type\":\"WebPage\",\"@id\":\"https:\\\/\\\/letrame.com\\\/catalogo\\\/producto\\\/historia-de-la-mafia-santa\\\/\",\"url\":\"https:\\\/\\\/letrame.com\\\/catalogo\\\/producto\\\/historia-de-la-mafia-santa\\\/\",\"name\":\"Historia de la mafia santa - Catalogo | Letrame Grupo Editorial\",\"isPartOf\":{\"@id\":\"https:\\\/\\\/letrame.com\\\/catalogo\\\/#website\"},\"primaryImageOfPage\":{\"@id\":\"https:\\\/\\\/letrame.com\\\/catalogo\\\/producto\\\/historia-de-la-mafia-santa\\\/#primaryimage\"},\"image\":{\"@id\":\"https:\\\/\\\/letrame.com\\\/catalogo\\\/producto\\\/historia-de-la-mafia-santa\\\/#primaryimage\"},\"thumbnailUrl\":\"https:\\\/\\\/letrame.com\\\/catalogo\\\/wp-content\\\/uploads\\\/2024\\\/04\\\/portada_historiadelamafiasanta_277mm-compressed-2-1-scaled-1.jpg\",\"datePublished\":\"2024-04-18T10:48:10+00:00\",\"breadcrumb\":{\"@id\":\"https:\\\/\\\/letrame.com\\\/catalogo\\\/producto\\\/historia-de-la-mafia-santa\\\/#breadcrumb\"},\"inLanguage\":\"es\",\"potentialAction\":[{\"@type\":\"ReadAction\",\"target\":[\"https:\\\/\\\/letrame.com\\\/catalogo\\\/producto\\\/historia-de-la-mafia-santa\\\/\"]}]},{\"@type\":\"ImageObject\",\"inLanguage\":\"es\",\"@id\":\"https:\\\/\\\/letrame.com\\\/catalogo\\\/producto\\\/historia-de-la-mafia-santa\\\/#primaryimage\",\"url\":\"https:\\\/\\\/letrame.com\\\/catalogo\\\/wp-content\\\/uploads\\\/2024\\\/04\\\/portada_historiadelamafiasanta_277mm-compressed-2-1-scaled-1.jpg\",\"contentUrl\":\"https:\\\/\\\/letrame.com\\\/catalogo\\\/wp-content\\\/uploads\\\/2024\\\/04\\\/portada_historiadelamafiasanta_277mm-compressed-2-1-scaled-1.jpg\",\"width\":1813,\"height\":2560},{\"@type\":\"BreadcrumbList\",\"@id\":\"https:\\\/\\\/letrame.com\\\/catalogo\\\/producto\\\/historia-de-la-mafia-santa\\\/#breadcrumb\",\"itemListElement\":[{\"@type\":\"ListItem\",\"position\":1,\"name\":\"Portada\",\"item\":\"https:\\\/\\\/letrame.com\\\/catalogo\\\/\"},{\"@type\":\"ListItem\",\"position\":2,\"name\":\"Cat\u00e1logo\",\"item\":\"https:\\\/\\\/letrame.com\\\/catalogo\\\/\"},{\"@type\":\"ListItem\",\"position\":3,\"name\":\"Historia de la mafia santa\"}]},{\"@type\":\"WebSite\",\"@id\":\"https:\\\/\\\/letrame.com\\\/catalogo\\\/#website\",\"url\":\"https:\\\/\\\/letrame.com\\\/catalogo\\\/\",\"name\":\"Catalogo | Letrame Grupo Editorial\",\"description\":\"\",\"publisher\":{\"@id\":\"https:\\\/\\\/letrame.com\\\/catalogo\\\/#organization\"},\"potentialAction\":[{\"@type\":\"SearchAction\",\"target\":{\"@type\":\"EntryPoint\",\"urlTemplate\":\"https:\\\/\\\/letrame.com\\\/catalogo\\\/?s={search_term_string}\"},\"query-input\":{\"@type\":\"PropertyValueSpecification\",\"valueRequired\":true,\"valueName\":\"search_term_string\"}}],\"inLanguage\":\"es\"},{\"@type\":\"Organization\",\"@id\":\"https:\\\/\\\/letrame.com\\\/catalogo\\\/#organization\",\"name\":\"Catalogo | Letrame Grupo Editorial\",\"url\":\"https:\\\/\\\/letrame.com\\\/catalogo\\\/\",\"logo\":{\"@type\":\"ImageObject\",\"inLanguage\":\"es\",\"@id\":\"https:\\\/\\\/letrame.com\\\/catalogo\\\/#\\\/schema\\\/logo\\\/image\\\/\",\"url\":\"https:\\\/\\\/letrame.com\\\/catalogo\\\/wp-content\\\/uploads\\\/2024\\\/03\\\/logo2.webp\",\"contentUrl\":\"https:\\\/\\\/letrame.com\\\/catalogo\\\/wp-content\\\/uploads\\\/2024\\\/03\\\/logo2.webp\",\"width\":394,\"height\":128,\"caption\":\"Catalogo | Letrame Grupo Editorial\"},\"image\":{\"@id\":\"https:\\\/\\\/letrame.com\\\/catalogo\\\/#\\\/schema\\\/logo\\\/image\\\/\"}}]}<\/script>\n<!-- \/ Yoast SEO plugin. -->","yoast_head_json":{"title":"Historia de la mafia santa - Catalogo | Letrame Grupo Editorial","robots":{"index":"index","follow":"follow","max-snippet":"max-snippet:-1","max-image-preview":"max-image-preview:large","max-video-preview":"max-video-preview:-1"},"canonical":"https:\/\/letrame.com\/catalogo\/producto\/historia-de-la-mafia-santa\/","og_locale":"es_ES","og_type":"article","og_title":"Historia de la mafia santa - Catalogo | Letrame Grupo Editorial","og_description":"ISBN:\u00a0978-84-18064-69-2 Central Separaci\u00f3n Estado-Iglesias\u00a0\u00a0\u00a0\u00a0\u00a0\u00a0\u00a0\u00a0\u00a0\u00a0\u00a0\u00a0\u00a0\u00a0\u00a0\u00a0\u00a0\u00a0\u00a0\u00a0\u00a0\u00a0\u00a0 \u00a0\u00a0\u00a0\u00a0\u00a0\u00a0\u00a0\u00a0\u00a0\u00a0\u00a0\u00a0\u00a0\u00a0\u00a0\u00a0\u00a0\u00a0\u00a0\u00a0\u00a0\u00a0\u00a0\u00a0\u00a0\u00a0\u00a0\u00a0\u00a0\u00a0\u00a0\u00a0\u00a0\u00a0\u00a0\u00a0\u00a0\u00a0\u00a0\u00a0\u00a0\u00a0\u00a0\u00a0\u00a0\u00a0 Estado Laico Cuando hablamos de dioses se hace necesario establecer una primera diferencia entre polite\u00edsmo y monote\u00edsmo. La conclusi\u00f3n que se sigue de esta diferencia es que ya estamos hablando en t\u00e9rminos pol\u00edticos. De democracia o totalitarismo. Lo democr\u00e1tico es laico y lo totalitario es religioso:\u00a0 \u00abLa experiencia religiosa es un sentimiento de dependencia absoluta\u00bb y esto es as\u00ed porque los individuos se someten a poderes autoritarios exteriores a \u00e9l e interiorizados en \u00e9l. \u00abEst\u00e1n ah\u00ed afuera, disfrazados de gente normal, hasta que sus necesidades internas los convierten en depredadores. No buscan solo nuestra sangre, sino adem\u00e1s nuestra energ\u00eda emocional\u00bb. Al principio, parecen mejores que las personas corrientes. Son brillantes, encantadores. Os caen bien, confi\u00e1is en ellos, esper\u00e1is m\u00e1s de ellos que de otras personas. Esper\u00e1is m\u00e1s, pero recib\u00eds menos y al final os capturan.","og_url":"https:\/\/letrame.com\/catalogo\/producto\/historia-de-la-mafia-santa\/","og_site_name":"Catalogo | Letrame Grupo Editorial","og_image":[{"width":1813,"height":2560,"url":"https:\/\/letrame.com\/catalogo\/wp-content\/uploads\/2024\/04\/portada_historiadelamafiasanta_277mm-compressed-2-1-scaled-1.jpg","type":"image\/jpeg"}],"twitter_card":"summary_large_image","twitter_misc":{"Tiempo de lectura":"1 minuto"},"schema":{"@context":"https:\/\/schema.org","@graph":[{"@type":"WebPage","@id":"https:\/\/letrame.com\/catalogo\/producto\/historia-de-la-mafia-santa\/","url":"https:\/\/letrame.com\/catalogo\/producto\/historia-de-la-mafia-santa\/","name":"Historia de la mafia santa - Catalogo | Letrame Grupo Editorial","isPartOf":{"@id":"https:\/\/letrame.com\/catalogo\/#website"},"primaryImageOfPage":{"@id":"https:\/\/letrame.com\/catalogo\/producto\/historia-de-la-mafia-santa\/#primaryimage"},"image":{"@id":"https:\/\/letrame.com\/catalogo\/producto\/historia-de-la-mafia-santa\/#primaryimage"},"thumbnailUrl":"https:\/\/letrame.com\/catalogo\/wp-content\/uploads\/2024\/04\/portada_historiadelamafiasanta_277mm-compressed-2-1-scaled-1.jpg","datePublished":"2024-04-18T10:48:10+00:00","breadcrumb":{"@id":"https:\/\/letrame.com\/catalogo\/producto\/historia-de-la-mafia-santa\/#breadcrumb"},"inLanguage":"es","potentialAction":[{"@type":"ReadAction","target":["https:\/\/letrame.com\/catalogo\/producto\/historia-de-la-mafia-santa\/"]}]},{"@type":"ImageObject","inLanguage":"es","@id":"https:\/\/letrame.com\/catalogo\/producto\/historia-de-la-mafia-santa\/#primaryimage","url":"https:\/\/letrame.com\/catalogo\/wp-content\/uploads\/2024\/04\/portada_historiadelamafiasanta_277mm-compressed-2-1-scaled-1.jpg","contentUrl":"https:\/\/letrame.com\/catalogo\/wp-content\/uploads\/2024\/04\/portada_historiadelamafiasanta_277mm-compressed-2-1-scaled-1.jpg","width":1813,"height":2560},{"@type":"BreadcrumbList","@id":"https:\/\/letrame.com\/catalogo\/producto\/historia-de-la-mafia-santa\/#breadcrumb","itemListElement":[{"@type":"ListItem","position":1,"name":"Portada","item":"https:\/\/letrame.com\/catalogo\/"},{"@type":"ListItem","position":2,"name":"Cat\u00e1logo","item":"https:\/\/letrame.com\/catalogo\/"},{"@type":"ListItem","position":3,"name":"Historia de la mafia santa"}]},{"@type":"WebSite","@id":"https:\/\/letrame.com\/catalogo\/#website","url":"https:\/\/letrame.com\/catalogo\/","name":"Catalogo | Letrame Grupo Editorial","description":"","publisher":{"@id":"https:\/\/letrame.com\/catalogo\/#organization"},"potentialAction":[{"@type":"SearchAction","target":{"@type":"EntryPoint","urlTemplate":"https:\/\/letrame.com\/catalogo\/?s={search_term_string}"},"query-input":{"@type":"PropertyValueSpecification","valueRequired":true,"valueName":"search_term_string"}}],"inLanguage":"es"},{"@type":"Organization","@id":"https:\/\/letrame.com\/catalogo\/#organization","name":"Catalogo | Letrame Grupo Editorial","url":"https:\/\/letrame.com\/catalogo\/","logo":{"@type":"ImageObject","inLanguage":"es","@id":"https:\/\/letrame.com\/catalogo\/#\/schema\/logo\/image\/","url":"https:\/\/letrame.com\/catalogo\/wp-content\/uploads\/2024\/03\/logo2.webp","contentUrl":"https:\/\/letrame.com\/catalogo\/wp-content\/uploads\/2024\/03\/logo2.webp","width":394,"height":128,"caption":"Catalogo | Letrame Grupo Editorial"},"image":{"@id":"https:\/\/letrame.com\/catalogo\/#\/schema\/logo\/image\/"}}]}},"_links":{"self":[{"href":"https:\/\/letrame.com\/catalogo\/wp-json\/wp\/v2\/product\/95464","targetHints":{"allow":["GET"]}}],"collection":[{"href":"https:\/\/letrame.com\/catalogo\/wp-json\/wp\/v2\/product"}],"about":[{"href":"https:\/\/letrame.com\/catalogo\/wp-json\/wp\/v2\/types\/product"}],"replies":[{"embeddable":true,"href":"https:\/\/letrame.com\/catalogo\/wp-json\/wp\/v2\/comments?post=95464"}],"acf:post":[{"embeddable":true,"href":"https:\/\/letrame.com\/catalogo\/wp-json\/wp\/v2\/author_book\/73245"}],"wp:featuredmedia":[{"embeddable":true,"href":"https:\/\/letrame.com\/catalogo\/wp-json\/wp\/v2\/media\/95465"}],"wp:attachment":[{"href":"https:\/\/letrame.com\/catalogo\/wp-json\/wp\/v2\/media?parent=95464"}],"wp:term":[{"taxonomy":"libro","embeddable":true,"href":"https:\/\/letrame.com\/catalogo\/wp-json\/wp\/v2\/libro?post=95464"},{"taxonomy":"product_brand","embeddable":true,"href":"https:\/\/letrame.com\/catalogo\/wp-json\/wp\/v2\/product_brand?post=95464"},{"taxonomy":"product_cat","embeddable":true,"href":"https:\/\/letrame.com\/catalogo\/wp-json\/wp\/v2\/product_cat?post=95464"},{"taxonomy":"product_tag","embeddable":true,"href":"https:\/\/letrame.com\/catalogo\/wp-json\/wp\/v2\/product_tag?post=95464"}],"curies":[{"name":"wp","href":"https:\/\/api.w.org\/{rel}","templated":true}]}}