{"id":95386,"date":"2024-04-18T12:40:10","date_gmt":"2024-04-18T10:40:10","guid":{"rendered":"https:\/\/letrame.com\/catalogo\/producto\/los-siete-arcangeles-y-sus-simbolos-sanadores\/"},"modified":"2024-05-15T14:39:09","modified_gmt":"2024-05-15T12:39:09","slug":"los-siete-arcangeles-y-sus-simbolos-sanadores","status":"publish","type":"product","link":"https:\/\/letrame.com\/catalogo\/producto\/los-siete-arcangeles-y-sus-simbolos-sanadores\/","title":{"rendered":"Los siete arc\u00e1ngeles y sus s\u00edmbolos sanadores\u00a0"},"content":{"rendered":"<p><strong>ISBN<\/strong>: 978-84-17011-81-9<br \/>\n<strong>T\u00edtulo<\/strong>: Los siete arc\u00e1ngeles y sus s\u00edmbolos sanadores<br \/>\n<strong>Fecha<\/strong>: 2017<br \/>\n<strong>P\u00e1ginas<\/strong>: 164<\/p>\n<p>&nbsp;<\/p>\n<p><strong>SINOPSIS<\/strong><\/p>\n<section>\n<div class=\"about-this-book\">\n<div class=\"container\">\n<div class=\"right-detail shop-detail1 pull-right col-md-8 col-sm-8 col-xs-12\">\n<div id=\"editionnal-reviews\" class=\"book-desc-detail\"><span class=\"detail-desc box-detail-desc\">La autora Consolaci\u00f3n Horneros, nos invita a entrar en el mundo de la energ\u00eda y el amor a trav\u00e9s de una serie de s\u00edmbolos canalizados por ella y enviados por los Arc\u00e1ngeles. Todos y cada uno de estos s\u00edmbolos contienen mensajes llenos de amor, fe y esperanza, que unidos a unos consejos que la autora nos dar\u00e1, podremos resolver los conflictos de nuestro d\u00eda a d\u00eda ayud\u00e1ndonos en el perd\u00f3n, aceptaci\u00f3n y sanaci\u00f3n de nuestro yo interior.<\/span><\/div>\n<div id=\"clear-scroll\" class=\"clearfix\"><\/div>\n<\/div>\n<\/div>\n<\/div>\n<\/section>\n<div class=\"feature-section feature-option2\">\n<div class=\"container\">\n<div class=\"related products\">\n<div class=\"title-box\"><\/div>\n<\/div>\n<\/div>\n<\/div>\n<p><iframe data-src=\"https:\/\/player.vimeo.com\/video\/216969065?title=0&amp;byline=0&amp;portrait=0\" width=\"640\" height=\"360\" frameborder=\"0\" allowfullscreen=\"allowfullscreen\" src=\"data:image\/svg+xml;base64,PHN2ZyB3aWR0aD0iMSIgaGVpZ2h0PSIxIiB4bWxucz0iaHR0cDovL3d3dy53My5vcmcvMjAwMC9zdmciPjwvc3ZnPg==\" class=\"lazyload\" data-load-mode=\"1\"><\/iframe><\/p>\n","protected":false},"excerpt":{"rendered":"<p><strong>ISBN: 978-84-17011-81-9<\/strong><\/p>\n<p>La autora Consolaci\u00f3n Horneros, nos invita a entrar en el mundo de la energ\u00eda y el amor a trav\u00e9s de una serie de s\u00edmbolos canalizados por ella y enviados por los Arc\u00e1ngeles. Todos y cada uno de estos s\u00edmbolos contienen mensajes&#8230;<\/p>\n","protected":false},"featured_media":100031,"comment_status":"closed","ping_status":"closed","template":"","meta":{"_acf_changed":false},"libro":[],"product_brand":[],"product_cat":[21],"product_tag":[],"class_list":{"0":"post-95386","1":"product","2":"type-product","3":"status-publish","4":"has-post-thumbnail","6":"product_cat-relato","8":"first","9":"instock","10":"purchasable","11":"product-type-simple"},"acf":{"autor":[74041],"enlace_de_compra":"https:\/\/www.amazon.es\/Los-arc%C3%A1ngeles-s%C3%ADmbolos-sanadores-Autoayuda\/dp\/8417011811\/"},"yoast_head":"<!-- This site is optimized with the Yoast SEO plugin v26.6 - https:\/\/yoast.com\/wordpress\/plugins\/seo\/ -->\n<title>Los siete arc\u00e1ngeles y sus s\u00edmbolos sanadores\u00a0 - Catalogo | Letrame Grupo Editorial<\/title>\n<meta name=\"robots\" content=\"index, follow, max-snippet:-1, max-image-preview:large, max-video-preview:-1\" \/>\n<link rel=\"canonical\" href=\"https:\/\/letrame.com\/catalogo\/producto\/los-siete-arcangeles-y-sus-simbolos-sanadores\/\" \/>\n<meta property=\"og:locale\" content=\"es_ES\" \/>\n<meta property=\"og:type\" content=\"article\" \/>\n<meta property=\"og:title\" content=\"Los siete arc\u00e1ngeles y sus s\u00edmbolos sanadores\u00a0 - Catalogo | Letrame Grupo Editorial\" \/>\n<meta property=\"og:description\" content=\"ISBN: 978-84-17011-81-9  La autora Consolaci\u00f3n Horneros, nos invita a entrar en el mundo de la energ\u00eda y el amor a trav\u00e9s de una serie de s\u00edmbolos canalizados por ella y enviados por los Arc\u00e1ngeles. Todos y cada uno de estos s\u00edmbolos contienen mensajes...\" \/>\n<meta property=\"og:url\" content=\"https:\/\/letrame.com\/catalogo\/producto\/los-siete-arcangeles-y-sus-simbolos-sanadores\/\" \/>\n<meta property=\"og:site_name\" content=\"Catalogo | Letrame Grupo Editorial\" \/>\n<meta property=\"article:modified_time\" content=\"2024-05-15T12:39:09+00:00\" \/>\n<meta property=\"og:image\" content=\"https:\/\/letrame.com\/catalogo\/wp-content\/uploads\/2024\/04\/Los-siete-arcangeles.webp\" \/>\n\t<meta property=\"og:image:width\" content=\"375\" \/>\n\t<meta property=\"og:image:height\" content=\"562\" \/>\n\t<meta property=\"og:image:type\" content=\"image\/webp\" \/>\n<meta name=\"twitter:card\" content=\"summary_large_image\" \/>\n<meta name=\"twitter:label1\" content=\"Tiempo de lectura\" \/>\n\t<meta name=\"twitter:data1\" content=\"1 minuto\" \/>\n<script type=\"application\/ld+json\" class=\"yoast-schema-graph\">{\"@context\":\"https:\/\/schema.org\",\"@graph\":[{\"@type\":\"WebPage\",\"@id\":\"https:\/\/letrame.com\/catalogo\/producto\/los-siete-arcangeles-y-sus-simbolos-sanadores\/\",\"url\":\"https:\/\/letrame.com\/catalogo\/producto\/los-siete-arcangeles-y-sus-simbolos-sanadores\/\",\"name\":\"Los siete arc\u00e1ngeles y sus s\u00edmbolos sanadores\u00a0 - Catalogo | Letrame Grupo Editorial\",\"isPartOf\":{\"@id\":\"https:\/\/letrame.com\/catalogo\/#website\"},\"primaryImageOfPage\":{\"@id\":\"https:\/\/letrame.com\/catalogo\/producto\/los-siete-arcangeles-y-sus-simbolos-sanadores\/#primaryimage\"},\"image\":{\"@id\":\"https:\/\/letrame.com\/catalogo\/producto\/los-siete-arcangeles-y-sus-simbolos-sanadores\/#primaryimage\"},\"thumbnailUrl\":\"https:\/\/letrame.com\/catalogo\/wp-content\/uploads\/2024\/04\/Los-siete-arcangeles.webp\",\"datePublished\":\"2024-04-18T10:40:10+00:00\",\"dateModified\":\"2024-05-15T12:39:09+00:00\",\"breadcrumb\":{\"@id\":\"https:\/\/letrame.com\/catalogo\/producto\/los-siete-arcangeles-y-sus-simbolos-sanadores\/#breadcrumb\"},\"inLanguage\":\"es\",\"potentialAction\":[{\"@type\":\"ReadAction\",\"target\":[\"https:\/\/letrame.com\/catalogo\/producto\/los-siete-arcangeles-y-sus-simbolos-sanadores\/\"]}]},{\"@type\":\"ImageObject\",\"inLanguage\":\"es\",\"@id\":\"https:\/\/letrame.com\/catalogo\/producto\/los-siete-arcangeles-y-sus-simbolos-sanadores\/#primaryimage\",\"url\":\"https:\/\/letrame.com\/catalogo\/wp-content\/uploads\/2024\/04\/Los-siete-arcangeles.webp\",\"contentUrl\":\"https:\/\/letrame.com\/catalogo\/wp-content\/uploads\/2024\/04\/Los-siete-arcangeles.webp\",\"width\":375,\"height\":562},{\"@type\":\"BreadcrumbList\",\"@id\":\"https:\/\/letrame.com\/catalogo\/producto\/los-siete-arcangeles-y-sus-simbolos-sanadores\/#breadcrumb\",\"itemListElement\":[{\"@type\":\"ListItem\",\"position\":1,\"name\":\"Portada\",\"item\":\"https:\/\/letrame.com\/catalogo\/\"},{\"@type\":\"ListItem\",\"position\":2,\"name\":\"Cat\u00e1logo\",\"item\":\"https:\/\/letrame.com\/catalogo\/\"},{\"@type\":\"ListItem\",\"position\":3,\"name\":\"Los siete arc\u00e1ngeles y sus s\u00edmbolos sanadores\u00a0\"}]},{\"@type\":\"WebSite\",\"@id\":\"https:\/\/letrame.com\/catalogo\/#website\",\"url\":\"https:\/\/letrame.com\/catalogo\/\",\"name\":\"Catalogo | Letrame Grupo Editorial\",\"description\":\"\",\"publisher\":{\"@id\":\"https:\/\/letrame.com\/catalogo\/#organization\"},\"potentialAction\":[{\"@type\":\"SearchAction\",\"target\":{\"@type\":\"EntryPoint\",\"urlTemplate\":\"https:\/\/letrame.com\/catalogo\/?s={search_term_string}\"},\"query-input\":{\"@type\":\"PropertyValueSpecification\",\"valueRequired\":true,\"valueName\":\"search_term_string\"}}],\"inLanguage\":\"es\"},{\"@type\":\"Organization\",\"@id\":\"https:\/\/letrame.com\/catalogo\/#organization\",\"name\":\"Catalogo | Letrame Grupo Editorial\",\"url\":\"https:\/\/letrame.com\/catalogo\/\",\"logo\":{\"@type\":\"ImageObject\",\"inLanguage\":\"es\",\"@id\":\"https:\/\/letrame.com\/catalogo\/#\/schema\/logo\/image\/\",\"url\":\"https:\/\/letrame.com\/catalogo\/wp-content\/uploads\/2024\/03\/logo2.webp\",\"contentUrl\":\"https:\/\/letrame.com\/catalogo\/wp-content\/uploads\/2024\/03\/logo2.webp\",\"width\":394,\"height\":128,\"caption\":\"Catalogo | Letrame Grupo Editorial\"},\"image\":{\"@id\":\"https:\/\/letrame.com\/catalogo\/#\/schema\/logo\/image\/\"}}]}<\/script>\n<!-- \/ Yoast SEO plugin. -->","yoast_head_json":{"title":"Los siete arc\u00e1ngeles y sus s\u00edmbolos sanadores\u00a0 - Catalogo | Letrame Grupo Editorial","robots":{"index":"index","follow":"follow","max-snippet":"max-snippet:-1","max-image-preview":"max-image-preview:large","max-video-preview":"max-video-preview:-1"},"canonical":"https:\/\/letrame.com\/catalogo\/producto\/los-siete-arcangeles-y-sus-simbolos-sanadores\/","og_locale":"es_ES","og_type":"article","og_title":"Los siete arc\u00e1ngeles y sus s\u00edmbolos sanadores\u00a0 - Catalogo | Letrame Grupo Editorial","og_description":"ISBN: 978-84-17011-81-9  La autora Consolaci\u00f3n Horneros, nos invita a entrar en el mundo de la energ\u00eda y el amor a trav\u00e9s de una serie de s\u00edmbolos canalizados por ella y enviados por los Arc\u00e1ngeles. Todos y cada uno de estos s\u00edmbolos contienen mensajes...","og_url":"https:\/\/letrame.com\/catalogo\/producto\/los-siete-arcangeles-y-sus-simbolos-sanadores\/","og_site_name":"Catalogo | Letrame Grupo Editorial","article_modified_time":"2024-05-15T12:39:09+00:00","og_image":[{"width":375,"height":562,"url":"https:\/\/letrame.com\/catalogo\/wp-content\/uploads\/2024\/04\/Los-siete-arcangeles.webp","type":"image\/webp"}],"twitter_card":"summary_large_image","twitter_misc":{"Tiempo de lectura":"1 minuto"},"schema":{"@context":"https:\/\/schema.org","@graph":[{"@type":"WebPage","@id":"https:\/\/letrame.com\/catalogo\/producto\/los-siete-arcangeles-y-sus-simbolos-sanadores\/","url":"https:\/\/letrame.com\/catalogo\/producto\/los-siete-arcangeles-y-sus-simbolos-sanadores\/","name":"Los siete arc\u00e1ngeles y sus s\u00edmbolos sanadores\u00a0 - Catalogo | Letrame Grupo Editorial","isPartOf":{"@id":"https:\/\/letrame.com\/catalogo\/#website"},"primaryImageOfPage":{"@id":"https:\/\/letrame.com\/catalogo\/producto\/los-siete-arcangeles-y-sus-simbolos-sanadores\/#primaryimage"},"image":{"@id":"https:\/\/letrame.com\/catalogo\/producto\/los-siete-arcangeles-y-sus-simbolos-sanadores\/#primaryimage"},"thumbnailUrl":"https:\/\/letrame.com\/catalogo\/wp-content\/uploads\/2024\/04\/Los-siete-arcangeles.webp","datePublished":"2024-04-18T10:40:10+00:00","dateModified":"2024-05-15T12:39:09+00:00","breadcrumb":{"@id":"https:\/\/letrame.com\/catalogo\/producto\/los-siete-arcangeles-y-sus-simbolos-sanadores\/#breadcrumb"},"inLanguage":"es","potentialAction":[{"@type":"ReadAction","target":["https:\/\/letrame.com\/catalogo\/producto\/los-siete-arcangeles-y-sus-simbolos-sanadores\/"]}]},{"@type":"ImageObject","inLanguage":"es","@id":"https:\/\/letrame.com\/catalogo\/producto\/los-siete-arcangeles-y-sus-simbolos-sanadores\/#primaryimage","url":"https:\/\/letrame.com\/catalogo\/wp-content\/uploads\/2024\/04\/Los-siete-arcangeles.webp","contentUrl":"https:\/\/letrame.com\/catalogo\/wp-content\/uploads\/2024\/04\/Los-siete-arcangeles.webp","width":375,"height":562},{"@type":"BreadcrumbList","@id":"https:\/\/letrame.com\/catalogo\/producto\/los-siete-arcangeles-y-sus-simbolos-sanadores\/#breadcrumb","itemListElement":[{"@type":"ListItem","position":1,"name":"Portada","item":"https:\/\/letrame.com\/catalogo\/"},{"@type":"ListItem","position":2,"name":"Cat\u00e1logo","item":"https:\/\/letrame.com\/catalogo\/"},{"@type":"ListItem","position":3,"name":"Los siete arc\u00e1ngeles y sus s\u00edmbolos sanadores\u00a0"}]},{"@type":"WebSite","@id":"https:\/\/letrame.com\/catalogo\/#website","url":"https:\/\/letrame.com\/catalogo\/","name":"Catalogo | Letrame Grupo Editorial","description":"","publisher":{"@id":"https:\/\/letrame.com\/catalogo\/#organization"},"potentialAction":[{"@type":"SearchAction","target":{"@type":"EntryPoint","urlTemplate":"https:\/\/letrame.com\/catalogo\/?s={search_term_string}"},"query-input":{"@type":"PropertyValueSpecification","valueRequired":true,"valueName":"search_term_string"}}],"inLanguage":"es"},{"@type":"Organization","@id":"https:\/\/letrame.com\/catalogo\/#organization","name":"Catalogo | Letrame Grupo Editorial","url":"https:\/\/letrame.com\/catalogo\/","logo":{"@type":"ImageObject","inLanguage":"es","@id":"https:\/\/letrame.com\/catalogo\/#\/schema\/logo\/image\/","url":"https:\/\/letrame.com\/catalogo\/wp-content\/uploads\/2024\/03\/logo2.webp","contentUrl":"https:\/\/letrame.com\/catalogo\/wp-content\/uploads\/2024\/03\/logo2.webp","width":394,"height":128,"caption":"Catalogo | Letrame Grupo Editorial"},"image":{"@id":"https:\/\/letrame.com\/catalogo\/#\/schema\/logo\/image\/"}}]}},"_links":{"self":[{"href":"https:\/\/letrame.com\/catalogo\/wp-json\/wp\/v2\/product\/95386","targetHints":{"allow":["GET"]}}],"collection":[{"href":"https:\/\/letrame.com\/catalogo\/wp-json\/wp\/v2\/product"}],"about":[{"href":"https:\/\/letrame.com\/catalogo\/wp-json\/wp\/v2\/types\/product"}],"replies":[{"embeddable":true,"href":"https:\/\/letrame.com\/catalogo\/wp-json\/wp\/v2\/comments?post=95386"}],"acf:post":[{"embeddable":true,"href":"https:\/\/letrame.com\/catalogo\/wp-json\/wp\/v2\/author_book\/74041"}],"wp:featuredmedia":[{"embeddable":true,"href":"https:\/\/letrame.com\/catalogo\/wp-json\/wp\/v2\/media\/100031"}],"wp:attachment":[{"href":"https:\/\/letrame.com\/catalogo\/wp-json\/wp\/v2\/media?parent=95386"}],"wp:term":[{"taxonomy":"libro","embeddable":true,"href":"https:\/\/letrame.com\/catalogo\/wp-json\/wp\/v2\/libro?post=95386"},{"taxonomy":"product_brand","embeddable":true,"href":"https:\/\/letrame.com\/catalogo\/wp-json\/wp\/v2\/product_brand?post=95386"},{"taxonomy":"product_cat","embeddable":true,"href":"https:\/\/letrame.com\/catalogo\/wp-json\/wp\/v2\/product_cat?post=95386"},{"taxonomy":"product_tag","embeddable":true,"href":"https:\/\/letrame.com\/catalogo\/wp-json\/wp\/v2\/product_tag?post=95386"}],"curies":[{"name":"wp","href":"https:\/\/api.w.org\/{rel}","templated":true}]}}