{"id":95359,"date":"2024-04-18T12:36:58","date_gmt":"2024-04-18T10:36:58","guid":{"rendered":"https:\/\/letrame.com\/catalogo\/producto\/las-diligencias-preliminares-en-el-proceso-civil\/"},"modified":"2024-04-18T12:36:59","modified_gmt":"2024-04-18T10:36:59","slug":"las-diligencias-preliminares-en-el-proceso-civil","status":"publish","type":"product","link":"https:\/\/letrame.com\/catalogo\/producto\/las-diligencias-preliminares-en-el-proceso-civil\/","title":{"rendered":"Las diligencias preliminares en el proceso civil"},"content":{"rendered":"<p><strong>ISBN<\/strong>: 978-84-16916-91-7<br \/>\n<strong>T\u00edtulo<\/strong>: Las diligencias preliminares en el proceso civil<br \/>\n<strong>Fecha<\/strong>: 2017<br \/>\n<strong>P\u00e1ginas<\/strong>: 486<\/p>\n<p>&nbsp;<\/p>\n<p><strong>SINOPSIS<\/strong><\/p>\n<section>\n<div class=\"about-this-book\">\n<div class=\"container\">\n<div class=\"right-detail shop-detail1 pull-right col-md-8 col-sm-8 col-xs-12\">\n<div id=\"editionnal-reviews\" class=\"book-desc-detail\"><span class=\"detail-desc box-detail-desc\">En la presente tesis doctoral se realiza un an\u00e1lisis completo y acabado de las diligencias preliminares tras la aprobaci\u00f3n de la Ley 1\/2000, de 7 de enero, de Enjuiciamiento Civil y de las sucesivas reformas legales. Cada una de las diligencias preliminares, presenta pues, su propia problem\u00e1tica derivada, a su vez, de su propio alcance y cometido, dado, siguiendo a Garnica Mart\u00edn, Juan F., su incremento de supuestos, especialmente la demandada exhibici\u00f3n del contrato de seguro, y la concreci\u00f3n de los grupos de consumidores y usuarios. Su car\u00e1cter m\u00e1s abierto, en especial en temas de legitimaci\u00f3n, y exhibici\u00f3n de documentos. Supresi\u00f3n por innecesario de alg\u00fan supuesto, concretamente el del apartado 4\u00ba del art. 497 de la vieja Ley. La aparici\u00f3n de la necesaria cauci\u00f3n, y las consecuencias del incumplimiento del requerimiento a quien est\u00e1 ahora obligado a cumplirlo. Ello, supone el estudio del alcance y finalidad de su necesariedad en el futuro, o no futuro, planteamiento del correspondiente juicio. Para ello se parte del estudio de la instituci\u00f3n a la luz de la regulaci\u00f3n legal, contenida en los 256 y ss. de la LEC de 2000, as\u00ed como de las reformas introducidas en la misma por la Ley 19\/2006, sobre ampliaci\u00f3n de medidas en materia de propiedad industrial e intelectual, y mediante la Ley 13\/2009, con relaci\u00f3n a la intervenci\u00f3n del secretario durante el procedimiento. As\u00ed mismo, conviene apuntar que el objeto de estudio se complementa con el an\u00e1lisis de las aportaciones realizadas por la doctrina cient\u00edfica, as\u00ed como con el examen de la aplicaci\u00f3n e interpretaci\u00f3n que de la anterior normativa se viene haciendo en la jurisprudencia, principalmente menor. Todo ello, llevar\u00e1 a su concepto, naturaleza jur\u00eddica y fundamento de las mismas. A su objeto. A la cuesti\u00f3n de su n\u00famero abierto o cerrado y el porqu\u00e9 de sus limitaciones, y los distintos supuestos previstos. En definitiva, en este trabajo se realiza un profundo estudio de esta instituci\u00f3n en el proceso civil para mediante el consiguiente an\u00e1lisis normativo, doctrinal y jurisprudencial, detectar la problem\u00e1tica que genera esta resoluci\u00f3n y efectuar las correspondientes propuestas para su resoluci\u00f3n.<\/span><\/div>\n<div id=\"clear-scroll\" class=\"clearfix\"><\/div>\n<\/div>\n<\/div>\n<\/div>\n<\/section>\n<div class=\"feature-section feature-option2\">\n<div class=\"container\">\n<div class=\"related products\">\n<div class=\"title-box\"><\/div>\n<\/div>\n<\/div>\n<\/div>\n<p><iframe title=\"Las diligencias preliminares en el proceso civil\" data-src=\"https:\/\/player.vimeo.com\/video\/198646707?dnt=1&amp;app_id=122963\" width=\"800\" height=\"450\" frameborder=\"0\" allow=\"autoplay; fullscreen; picture-in-picture; clipboard-write\" src=\"data:image\/svg+xml;base64,PHN2ZyB3aWR0aD0iMSIgaGVpZ2h0PSIxIiB4bWxucz0iaHR0cDovL3d3dy53My5vcmcvMjAwMC9zdmciPjwvc3ZnPg==\" class=\"lazyload\" data-load-mode=\"1\"><\/iframe><\/p>\n","protected":false},"excerpt":{"rendered":"<p><strong>ISBN: 978-84-16916-91-7<\/strong><\/p>\n<p>En la presente tesis doctoral se realiza un an\u00e1lisis completo y acabado de las diligencias preliminares tras la aprobaci\u00f3n de la Ley 1\/2000, de 7 de enero, de Enjuiciamiento Civil y de las sucesivas reformas legales. Cada una de las diligencias preliminares, presenta pues, su propia&#8230;<\/p>\n","protected":false},"featured_media":95360,"comment_status":"closed","ping_status":"open","template":"","meta":{"_acf_changed":false},"libro":[],"product_brand":[],"product_cat":[23],"product_tag":[],"class_list":{"0":"post-95359","1":"product","2":"type-product","3":"status-publish","4":"has-post-thumbnail","6":"product_cat-ensayos","8":"first","9":"instock","10":"purchasable","11":"product-type-simple"},"acf":{"autor":[72488],"enlace_de_compra":"https:\/\/www.amazon.es\/diligencias-preliminares-proceso-civil-Investigaci%C3%B3n\/dp\/8416916918\/ref=sr_1_2?ie=UTF8&amp&qid=1493372449&amp&sr=8-2&amp&keywords=Las+diligencias+preliminares+en+el+proceso+civil"},"yoast_head":"<!-- This site is optimized with the Yoast SEO plugin v27.4 - https:\/\/yoast.com\/product\/yoast-seo-wordpress\/ -->\n<title>Las diligencias preliminares en el proceso civil - Catalogo | Letrame Grupo Editorial<\/title>\n<meta name=\"robots\" content=\"index, follow, max-snippet:-1, max-image-preview:large, max-video-preview:-1\" \/>\n<link rel=\"canonical\" href=\"https:\/\/letrame.com\/catalogo\/producto\/las-diligencias-preliminares-en-el-proceso-civil\/\" \/>\n<meta property=\"og:locale\" content=\"es_ES\" \/>\n<meta property=\"og:type\" content=\"article\" \/>\n<meta property=\"og:title\" content=\"Las diligencias preliminares en el proceso civil - Catalogo | Letrame Grupo Editorial\" \/>\n<meta property=\"og:description\" content=\"ISBN: 978-84-16916-91-7 En la presente tesis doctoral se realiza un an\u00e1lisis completo y acabado de las diligencias preliminares tras la aprobaci\u00f3n de la Ley 1\/2000, de 7 de enero, de Enjuiciamiento Civil y de las sucesivas reformas legales. Cada una de las diligencias preliminares, presenta pues, su propia...\" \/>\n<meta property=\"og:url\" content=\"https:\/\/letrame.com\/catalogo\/producto\/las-diligencias-preliminares-en-el-proceso-civil\/\" \/>\n<meta property=\"og:site_name\" content=\"Catalogo | Letrame Grupo Editorial\" \/>\n<meta property=\"article:modified_time\" content=\"2024-04-18T10:36:59+00:00\" \/>\n<meta property=\"og:image\" content=\"https:\/\/letrame.com\/catalogo\/wp-content\/uploads\/2024\/04\/Portada-Las-diligencias.jpg\" \/>\n\t<meta property=\"og:image:width\" content=\"375\" \/>\n\t<meta property=\"og:image:height\" content=\"550\" \/>\n\t<meta property=\"og:image:type\" content=\"image\/jpeg\" \/>\n<meta name=\"twitter:card\" content=\"summary_large_image\" \/>\n<meta name=\"twitter:label1\" content=\"Tiempo de lectura\" \/>\n\t<meta name=\"twitter:data1\" content=\"2 minutos\" \/>\n<script type=\"application\/ld+json\" class=\"yoast-schema-graph\">{\"@context\":\"https:\\\/\\\/schema.org\",\"@graph\":[{\"@type\":\"WebPage\",\"@id\":\"https:\\\/\\\/letrame.com\\\/catalogo\\\/producto\\\/las-diligencias-preliminares-en-el-proceso-civil\\\/\",\"url\":\"https:\\\/\\\/letrame.com\\\/catalogo\\\/producto\\\/las-diligencias-preliminares-en-el-proceso-civil\\\/\",\"name\":\"Las diligencias preliminares en el proceso civil - Catalogo | Letrame Grupo Editorial\",\"isPartOf\":{\"@id\":\"https:\\\/\\\/letrame.com\\\/catalogo\\\/#website\"},\"primaryImageOfPage\":{\"@id\":\"https:\\\/\\\/letrame.com\\\/catalogo\\\/producto\\\/las-diligencias-preliminares-en-el-proceso-civil\\\/#primaryimage\"},\"image\":{\"@id\":\"https:\\\/\\\/letrame.com\\\/catalogo\\\/producto\\\/las-diligencias-preliminares-en-el-proceso-civil\\\/#primaryimage\"},\"thumbnailUrl\":\"https:\\\/\\\/letrame.com\\\/catalogo\\\/wp-content\\\/uploads\\\/2024\\\/04\\\/Portada-Las-diligencias.jpg\",\"datePublished\":\"2024-04-18T10:36:58+00:00\",\"dateModified\":\"2024-04-18T10:36:59+00:00\",\"breadcrumb\":{\"@id\":\"https:\\\/\\\/letrame.com\\\/catalogo\\\/producto\\\/las-diligencias-preliminares-en-el-proceso-civil\\\/#breadcrumb\"},\"inLanguage\":\"es\",\"potentialAction\":[{\"@type\":\"ReadAction\",\"target\":[\"https:\\\/\\\/letrame.com\\\/catalogo\\\/producto\\\/las-diligencias-preliminares-en-el-proceso-civil\\\/\"]}]},{\"@type\":\"ImageObject\",\"inLanguage\":\"es\",\"@id\":\"https:\\\/\\\/letrame.com\\\/catalogo\\\/producto\\\/las-diligencias-preliminares-en-el-proceso-civil\\\/#primaryimage\",\"url\":\"https:\\\/\\\/letrame.com\\\/catalogo\\\/wp-content\\\/uploads\\\/2024\\\/04\\\/Portada-Las-diligencias.jpg\",\"contentUrl\":\"https:\\\/\\\/letrame.com\\\/catalogo\\\/wp-content\\\/uploads\\\/2024\\\/04\\\/Portada-Las-diligencias.jpg\",\"width\":375,\"height\":550},{\"@type\":\"BreadcrumbList\",\"@id\":\"https:\\\/\\\/letrame.com\\\/catalogo\\\/producto\\\/las-diligencias-preliminares-en-el-proceso-civil\\\/#breadcrumb\",\"itemListElement\":[{\"@type\":\"ListItem\",\"position\":1,\"name\":\"Portada\",\"item\":\"https:\\\/\\\/letrame.com\\\/catalogo\\\/\"},{\"@type\":\"ListItem\",\"position\":2,\"name\":\"Cat\u00e1logo\",\"item\":\"https:\\\/\\\/letrame.com\\\/catalogo\\\/\"},{\"@type\":\"ListItem\",\"position\":3,\"name\":\"Las diligencias preliminares en el proceso civil\"}]},{\"@type\":\"WebSite\",\"@id\":\"https:\\\/\\\/letrame.com\\\/catalogo\\\/#website\",\"url\":\"https:\\\/\\\/letrame.com\\\/catalogo\\\/\",\"name\":\"Catalogo | Letrame Grupo Editorial\",\"description\":\"\",\"publisher\":{\"@id\":\"https:\\\/\\\/letrame.com\\\/catalogo\\\/#organization\"},\"potentialAction\":[{\"@type\":\"SearchAction\",\"target\":{\"@type\":\"EntryPoint\",\"urlTemplate\":\"https:\\\/\\\/letrame.com\\\/catalogo\\\/?s={search_term_string}\"},\"query-input\":{\"@type\":\"PropertyValueSpecification\",\"valueRequired\":true,\"valueName\":\"search_term_string\"}}],\"inLanguage\":\"es\"},{\"@type\":\"Organization\",\"@id\":\"https:\\\/\\\/letrame.com\\\/catalogo\\\/#organization\",\"name\":\"Catalogo | Letrame Grupo Editorial\",\"url\":\"https:\\\/\\\/letrame.com\\\/catalogo\\\/\",\"logo\":{\"@type\":\"ImageObject\",\"inLanguage\":\"es\",\"@id\":\"https:\\\/\\\/letrame.com\\\/catalogo\\\/#\\\/schema\\\/logo\\\/image\\\/\",\"url\":\"https:\\\/\\\/letrame.com\\\/catalogo\\\/wp-content\\\/uploads\\\/2024\\\/03\\\/logo2.webp\",\"contentUrl\":\"https:\\\/\\\/letrame.com\\\/catalogo\\\/wp-content\\\/uploads\\\/2024\\\/03\\\/logo2.webp\",\"width\":394,\"height\":128,\"caption\":\"Catalogo | Letrame Grupo Editorial\"},\"image\":{\"@id\":\"https:\\\/\\\/letrame.com\\\/catalogo\\\/#\\\/schema\\\/logo\\\/image\\\/\"}}]}<\/script>\n<!-- \/ Yoast SEO plugin. -->","yoast_head_json":{"title":"Las diligencias preliminares en el proceso civil - Catalogo | Letrame Grupo Editorial","robots":{"index":"index","follow":"follow","max-snippet":"max-snippet:-1","max-image-preview":"max-image-preview:large","max-video-preview":"max-video-preview:-1"},"canonical":"https:\/\/letrame.com\/catalogo\/producto\/las-diligencias-preliminares-en-el-proceso-civil\/","og_locale":"es_ES","og_type":"article","og_title":"Las diligencias preliminares en el proceso civil - Catalogo | Letrame Grupo Editorial","og_description":"ISBN: 978-84-16916-91-7 En la presente tesis doctoral se realiza un an\u00e1lisis completo y acabado de las diligencias preliminares tras la aprobaci\u00f3n de la Ley 1\/2000, de 7 de enero, de Enjuiciamiento Civil y de las sucesivas reformas legales. Cada una de las diligencias preliminares, presenta pues, su propia...","og_url":"https:\/\/letrame.com\/catalogo\/producto\/las-diligencias-preliminares-en-el-proceso-civil\/","og_site_name":"Catalogo | Letrame Grupo Editorial","article_modified_time":"2024-04-18T10:36:59+00:00","og_image":[{"width":375,"height":550,"url":"https:\/\/letrame.com\/catalogo\/wp-content\/uploads\/2024\/04\/Portada-Las-diligencias.jpg","type":"image\/jpeg"}],"twitter_card":"summary_large_image","twitter_misc":{"Tiempo de lectura":"2 minutos"},"schema":{"@context":"https:\/\/schema.org","@graph":[{"@type":"WebPage","@id":"https:\/\/letrame.com\/catalogo\/producto\/las-diligencias-preliminares-en-el-proceso-civil\/","url":"https:\/\/letrame.com\/catalogo\/producto\/las-diligencias-preliminares-en-el-proceso-civil\/","name":"Las diligencias preliminares en el proceso civil - Catalogo | Letrame Grupo Editorial","isPartOf":{"@id":"https:\/\/letrame.com\/catalogo\/#website"},"primaryImageOfPage":{"@id":"https:\/\/letrame.com\/catalogo\/producto\/las-diligencias-preliminares-en-el-proceso-civil\/#primaryimage"},"image":{"@id":"https:\/\/letrame.com\/catalogo\/producto\/las-diligencias-preliminares-en-el-proceso-civil\/#primaryimage"},"thumbnailUrl":"https:\/\/letrame.com\/catalogo\/wp-content\/uploads\/2024\/04\/Portada-Las-diligencias.jpg","datePublished":"2024-04-18T10:36:58+00:00","dateModified":"2024-04-18T10:36:59+00:00","breadcrumb":{"@id":"https:\/\/letrame.com\/catalogo\/producto\/las-diligencias-preliminares-en-el-proceso-civil\/#breadcrumb"},"inLanguage":"es","potentialAction":[{"@type":"ReadAction","target":["https:\/\/letrame.com\/catalogo\/producto\/las-diligencias-preliminares-en-el-proceso-civil\/"]}]},{"@type":"ImageObject","inLanguage":"es","@id":"https:\/\/letrame.com\/catalogo\/producto\/las-diligencias-preliminares-en-el-proceso-civil\/#primaryimage","url":"https:\/\/letrame.com\/catalogo\/wp-content\/uploads\/2024\/04\/Portada-Las-diligencias.jpg","contentUrl":"https:\/\/letrame.com\/catalogo\/wp-content\/uploads\/2024\/04\/Portada-Las-diligencias.jpg","width":375,"height":550},{"@type":"BreadcrumbList","@id":"https:\/\/letrame.com\/catalogo\/producto\/las-diligencias-preliminares-en-el-proceso-civil\/#breadcrumb","itemListElement":[{"@type":"ListItem","position":1,"name":"Portada","item":"https:\/\/letrame.com\/catalogo\/"},{"@type":"ListItem","position":2,"name":"Cat\u00e1logo","item":"https:\/\/letrame.com\/catalogo\/"},{"@type":"ListItem","position":3,"name":"Las diligencias preliminares en el proceso civil"}]},{"@type":"WebSite","@id":"https:\/\/letrame.com\/catalogo\/#website","url":"https:\/\/letrame.com\/catalogo\/","name":"Catalogo | Letrame Grupo Editorial","description":"","publisher":{"@id":"https:\/\/letrame.com\/catalogo\/#organization"},"potentialAction":[{"@type":"SearchAction","target":{"@type":"EntryPoint","urlTemplate":"https:\/\/letrame.com\/catalogo\/?s={search_term_string}"},"query-input":{"@type":"PropertyValueSpecification","valueRequired":true,"valueName":"search_term_string"}}],"inLanguage":"es"},{"@type":"Organization","@id":"https:\/\/letrame.com\/catalogo\/#organization","name":"Catalogo | Letrame Grupo Editorial","url":"https:\/\/letrame.com\/catalogo\/","logo":{"@type":"ImageObject","inLanguage":"es","@id":"https:\/\/letrame.com\/catalogo\/#\/schema\/logo\/image\/","url":"https:\/\/letrame.com\/catalogo\/wp-content\/uploads\/2024\/03\/logo2.webp","contentUrl":"https:\/\/letrame.com\/catalogo\/wp-content\/uploads\/2024\/03\/logo2.webp","width":394,"height":128,"caption":"Catalogo | Letrame Grupo Editorial"},"image":{"@id":"https:\/\/letrame.com\/catalogo\/#\/schema\/logo\/image\/"}}]}},"_links":{"self":[{"href":"https:\/\/letrame.com\/catalogo\/wp-json\/wp\/v2\/product\/95359","targetHints":{"allow":["GET"]}}],"collection":[{"href":"https:\/\/letrame.com\/catalogo\/wp-json\/wp\/v2\/product"}],"about":[{"href":"https:\/\/letrame.com\/catalogo\/wp-json\/wp\/v2\/types\/product"}],"replies":[{"embeddable":true,"href":"https:\/\/letrame.com\/catalogo\/wp-json\/wp\/v2\/comments?post=95359"}],"acf:post":[{"embeddable":true,"href":"https:\/\/letrame.com\/catalogo\/wp-json\/wp\/v2\/author_book\/72488"}],"wp:featuredmedia":[{"embeddable":true,"href":"https:\/\/letrame.com\/catalogo\/wp-json\/wp\/v2\/media\/95360"}],"wp:attachment":[{"href":"https:\/\/letrame.com\/catalogo\/wp-json\/wp\/v2\/media?parent=95359"}],"wp:term":[{"taxonomy":"libro","embeddable":true,"href":"https:\/\/letrame.com\/catalogo\/wp-json\/wp\/v2\/libro?post=95359"},{"taxonomy":"product_brand","embeddable":true,"href":"https:\/\/letrame.com\/catalogo\/wp-json\/wp\/v2\/product_brand?post=95359"},{"taxonomy":"product_cat","embeddable":true,"href":"https:\/\/letrame.com\/catalogo\/wp-json\/wp\/v2\/product_cat?post=95359"},{"taxonomy":"product_tag","embeddable":true,"href":"https:\/\/letrame.com\/catalogo\/wp-json\/wp\/v2\/product_tag?post=95359"}],"curies":[{"name":"wp","href":"https:\/\/api.w.org\/{rel}","templated":true}]}}