{"id":95313,"date":"2024-04-18T12:30:28","date_gmt":"2024-04-18T10:30:28","guid":{"rendered":"https:\/\/letrame.com\/catalogo\/producto\/caminito-del-falla-2\/"},"modified":"2024-04-18T12:31:00","modified_gmt":"2024-04-18T10:31:00","slug":"caminito-del-falla-2","status":"publish","type":"product","link":"https:\/\/letrame.com\/catalogo\/producto\/caminito-del-falla-2\/","title":{"rendered":"Caminito del Falla 2"},"content":{"rendered":"<p><strong>ISBN<\/strong>:&nbsp;978-84-18090-63-9<br \/>\n<strong>T\u00edtulo<\/strong>: Caminito del Falla 2<br \/>\n<strong>Fecha<\/strong>: 2019<br \/>\n<strong>P\u00e1ginas<\/strong>: 278<\/p>\n<p>&nbsp;<\/p>\n<p><strong>SINOPSIS<\/strong><\/p>\n<section>\n<div class=\"about-this-book\">\n<div class=\"container\">\n<div class=\"right-detail shop-detail1 pull-right col-md-8 col-sm-8 col-xs-12\">\n<div id=\"editionnal-reviews\" class=\"book-desc-detail\"><span class=\"detail-desc box-detail-desc\">El carnaval de C\u00e1diz y el concurso del Falla est\u00e1n en grave peligro. Un plan secreto cuyo objetivo es llevarse el concurso de C\u00e1diz y convertirlo en un negocio ser\u00e1 descubierto por Fran y el se\u00f1or Paco. La muerte de un famoso autor, conocedor de aquel plan y que hab\u00eda programado una estrategia para evitarlo, ha dejado solo en manos de ellos dos la responsabilidad de poder salvar el carnaval. Pero solo podr\u00e1n conseguirlo con la ayuda de los aficionados. Mientras preparan sus repertorios y ensayan con sus grupos para participar en el COAC 2020, tendr\u00e1n que llevar a cabo la Operaci\u00f3n Fan\u00e1ticos, una peligrosa y confidencial misi\u00f3n que les traer\u00e1 m\u00faltiples complicaciones&#8230; \u00bfHasta d\u00f3nde llegar\u00e1n por salvar el carnaval? \u00bfD\u00f3nde est\u00e1 el l\u00edmite entre afici\u00f3n y fanatismo? \u00bfCu\u00e1l es el verdadero veneno? Atr\u00e9vete a descubrirlo en esta aventura repleta de intriga, emociones y mucho carnaval.<\/span><\/div>\n<div id=\"clear-scroll\" class=\"clearfix\"><\/div>\n<\/div>\n<\/div>\n<\/div>\n<\/section>\n<div class=\"feature-section feature-option2\">\n<div class=\"container\">\n<div class=\"related products\">\n<div class=\"title-box\"><\/div>\n<\/div>\n<\/div>\n<\/div>\n","protected":false},"excerpt":{"rendered":"<p>ISBN: 978-84-18090-63-9<\/p>\n<p>El carnaval de C\u00e1diz y el concurso del Falla est\u00e1n en grave peligro. Un plan secreto cuyo objetivo es llevarse el concurso de C\u00e1diz y convertirlo en un negocio ser\u00e1 descubierto por Fran y el se\u00f1or Paco. La muerte de un famoso autor, conocedor de aquel plan y que hab\u00eda programado una estrategia para evitarlo, ha dejado solo en manos de ellos dos la responsabilidad de poder salvar el carnaval. Pero solo podr\u00e1n conseguirlo con la ayuda de los aficionados.<\/p>\n<p>Mientras preparan sus repertorios y ensayan con sus grupos para participar en el COAC 2020, tendr\u00e1n que llevar a cabo la Operaci\u00f3n Fan\u00e1ticos, una peligrosa y confidencial misi\u00f3n que les traer\u00e1 m\u00faltiples complicaciones&#8230;<\/p>\n<p>\u00bfHasta d\u00f3nde llegar\u00e1n por salvar el carnaval? \u00bfD\u00f3nde est\u00e1 el l\u00edmite entre afici\u00f3n y fanatismo? \u00bfCu\u00e1l es el verdadero veneno? Atr\u00e9vete a descubrirlo en esta aventura repleta de intriga, emociones y mucho carnaval.<\/p>\n","protected":false},"featured_media":95314,"comment_status":"closed","ping_status":"open","template":"","meta":{"_acf_changed":false},"libro":[],"product_brand":[],"product_cat":[16],"product_tag":[],"class_list":{"0":"post-95313","1":"product","2":"type-product","3":"status-publish","4":"has-post-thumbnail","6":"product_cat-novela","8":"first","9":"instock","10":"purchasable","11":"product-type-simple"},"acf":{"autor":[73331],"enlace_de_compra":"https:\/\/www.amazon.es\/Caminito-del-Falla-Veneno-fan%C3%A1ticos-ebook\/dp\/B084DTYJWP\/ref=sr_1_fkmr0_1?__mk_es_ES=%C3%85M%C3%85%C5%BD%C3%95%C3%91&amp&dchild=1&amp&keywords=Caminito+del+Falla+2letrame&amp&qid=1590490419&amp&sr=8-1-fkmr0"},"yoast_head":"<!-- This site is optimized with the Yoast SEO plugin v26.6 - https:\/\/yoast.com\/wordpress\/plugins\/seo\/ -->\n<title>Caminito del Falla 2 - Catalogo | Letrame Grupo Editorial<\/title>\n<meta name=\"robots\" content=\"index, follow, max-snippet:-1, max-image-preview:large, max-video-preview:-1\" \/>\n<link rel=\"canonical\" href=\"https:\/\/letrame.com\/catalogo\/producto\/caminito-del-falla-2\/\" \/>\n<meta property=\"og:locale\" content=\"es_ES\" \/>\n<meta property=\"og:type\" content=\"article\" \/>\n<meta property=\"og:title\" content=\"Caminito del Falla 2 - Catalogo | Letrame Grupo Editorial\" \/>\n<meta property=\"og:description\" content=\"ISBN: 978-84-18090-63-9 El carnaval de C\u00e1diz y el concurso del Falla est\u00e1n en grave peligro. Un plan secreto cuyo objetivo es llevarse el concurso de C\u00e1diz y convertirlo en un negocio ser\u00e1 descubierto por Fran y el se\u00f1or Paco. La muerte de un famoso autor, conocedor de aquel plan y que hab\u00eda programado una estrategia para evitarlo, ha dejado solo en manos de ellos dos la responsabilidad de poder salvar el carnaval. Pero solo podr\u00e1n conseguirlo con la ayuda de los aficionados. Mientras preparan sus repertorios y ensayan con sus grupos para participar en el COAC 2020, tendr\u00e1n que llevar a cabo la Operaci\u00f3n Fan\u00e1ticos, una peligrosa y confidencial misi\u00f3n que les traer\u00e1 m\u00faltiples complicaciones... \u00bfHasta d\u00f3nde llegar\u00e1n por salvar el carnaval? \u00bfD\u00f3nde est\u00e1 el l\u00edmite entre afici\u00f3n y fanatismo? \u00bfCu\u00e1l es el verdadero veneno? Atr\u00e9vete a descubrirlo en esta aventura repleta de intriga, emociones y mucho carnaval.\" \/>\n<meta property=\"og:url\" content=\"https:\/\/letrame.com\/catalogo\/producto\/caminito-del-falla-2\/\" \/>\n<meta property=\"og:site_name\" content=\"Catalogo | Letrame Grupo Editorial\" \/>\n<meta property=\"article:modified_time\" content=\"2024-04-18T10:31:00+00:00\" \/>\n<meta property=\"og:image\" content=\"https:\/\/letrame.com\/catalogo\/wp-content\/uploads\/2024\/04\/portada_caminitodelfalla2_1555mm-compressed-1-scaled-1.jpg\" \/>\n\t<meta property=\"og:image:width\" content=\"1746\" \/>\n\t<meta property=\"og:image:height\" content=\"2560\" \/>\n\t<meta property=\"og:image:type\" content=\"image\/jpeg\" \/>\n<meta name=\"twitter:card\" content=\"summary_large_image\" \/>\n<meta name=\"twitter:label1\" content=\"Tiempo de lectura\" \/>\n\t<meta name=\"twitter:data1\" content=\"1 minuto\" \/>\n<script type=\"application\/ld+json\" class=\"yoast-schema-graph\">{\"@context\":\"https:\/\/schema.org\",\"@graph\":[{\"@type\":\"WebPage\",\"@id\":\"https:\/\/letrame.com\/catalogo\/producto\/caminito-del-falla-2\/\",\"url\":\"https:\/\/letrame.com\/catalogo\/producto\/caminito-del-falla-2\/\",\"name\":\"Caminito del Falla 2 - Catalogo | Letrame Grupo Editorial\",\"isPartOf\":{\"@id\":\"https:\/\/letrame.com\/catalogo\/#website\"},\"primaryImageOfPage\":{\"@id\":\"https:\/\/letrame.com\/catalogo\/producto\/caminito-del-falla-2\/#primaryimage\"},\"image\":{\"@id\":\"https:\/\/letrame.com\/catalogo\/producto\/caminito-del-falla-2\/#primaryimage\"},\"thumbnailUrl\":\"https:\/\/letrame.com\/catalogo\/wp-content\/uploads\/2024\/04\/portada_caminitodelfalla2_1555mm-compressed-1-scaled-1.jpg\",\"datePublished\":\"2024-04-18T10:30:28+00:00\",\"dateModified\":\"2024-04-18T10:31:00+00:00\",\"breadcrumb\":{\"@id\":\"https:\/\/letrame.com\/catalogo\/producto\/caminito-del-falla-2\/#breadcrumb\"},\"inLanguage\":\"es\",\"potentialAction\":[{\"@type\":\"ReadAction\",\"target\":[\"https:\/\/letrame.com\/catalogo\/producto\/caminito-del-falla-2\/\"]}]},{\"@type\":\"ImageObject\",\"inLanguage\":\"es\",\"@id\":\"https:\/\/letrame.com\/catalogo\/producto\/caminito-del-falla-2\/#primaryimage\",\"url\":\"https:\/\/letrame.com\/catalogo\/wp-content\/uploads\/2024\/04\/portada_caminitodelfalla2_1555mm-compressed-1-scaled-1.jpg\",\"contentUrl\":\"https:\/\/letrame.com\/catalogo\/wp-content\/uploads\/2024\/04\/portada_caminitodelfalla2_1555mm-compressed-1-scaled-1.jpg\",\"width\":1746,\"height\":2560},{\"@type\":\"BreadcrumbList\",\"@id\":\"https:\/\/letrame.com\/catalogo\/producto\/caminito-del-falla-2\/#breadcrumb\",\"itemListElement\":[{\"@type\":\"ListItem\",\"position\":1,\"name\":\"Portada\",\"item\":\"https:\/\/letrame.com\/catalogo\/\"},{\"@type\":\"ListItem\",\"position\":2,\"name\":\"Cat\u00e1logo\",\"item\":\"https:\/\/letrame.com\/catalogo\/\"},{\"@type\":\"ListItem\",\"position\":3,\"name\":\"Caminito del Falla 2\"}]},{\"@type\":\"WebSite\",\"@id\":\"https:\/\/letrame.com\/catalogo\/#website\",\"url\":\"https:\/\/letrame.com\/catalogo\/\",\"name\":\"Catalogo | Letrame Grupo Editorial\",\"description\":\"\",\"publisher\":{\"@id\":\"https:\/\/letrame.com\/catalogo\/#organization\"},\"potentialAction\":[{\"@type\":\"SearchAction\",\"target\":{\"@type\":\"EntryPoint\",\"urlTemplate\":\"https:\/\/letrame.com\/catalogo\/?s={search_term_string}\"},\"query-input\":{\"@type\":\"PropertyValueSpecification\",\"valueRequired\":true,\"valueName\":\"search_term_string\"}}],\"inLanguage\":\"es\"},{\"@type\":\"Organization\",\"@id\":\"https:\/\/letrame.com\/catalogo\/#organization\",\"name\":\"Catalogo | Letrame Grupo Editorial\",\"url\":\"https:\/\/letrame.com\/catalogo\/\",\"logo\":{\"@type\":\"ImageObject\",\"inLanguage\":\"es\",\"@id\":\"https:\/\/letrame.com\/catalogo\/#\/schema\/logo\/image\/\",\"url\":\"https:\/\/letrame.com\/catalogo\/wp-content\/uploads\/2024\/03\/logo2.webp\",\"contentUrl\":\"https:\/\/letrame.com\/catalogo\/wp-content\/uploads\/2024\/03\/logo2.webp\",\"width\":394,\"height\":128,\"caption\":\"Catalogo | Letrame Grupo Editorial\"},\"image\":{\"@id\":\"https:\/\/letrame.com\/catalogo\/#\/schema\/logo\/image\/\"}}]}<\/script>\n<!-- \/ Yoast SEO plugin. -->","yoast_head_json":{"title":"Caminito del Falla 2 - Catalogo | Letrame Grupo Editorial","robots":{"index":"index","follow":"follow","max-snippet":"max-snippet:-1","max-image-preview":"max-image-preview:large","max-video-preview":"max-video-preview:-1"},"canonical":"https:\/\/letrame.com\/catalogo\/producto\/caminito-del-falla-2\/","og_locale":"es_ES","og_type":"article","og_title":"Caminito del Falla 2 - Catalogo | Letrame Grupo Editorial","og_description":"ISBN: 978-84-18090-63-9 El carnaval de C\u00e1diz y el concurso del Falla est\u00e1n en grave peligro. Un plan secreto cuyo objetivo es llevarse el concurso de C\u00e1diz y convertirlo en un negocio ser\u00e1 descubierto por Fran y el se\u00f1or Paco. La muerte de un famoso autor, conocedor de aquel plan y que hab\u00eda programado una estrategia para evitarlo, ha dejado solo en manos de ellos dos la responsabilidad de poder salvar el carnaval. Pero solo podr\u00e1n conseguirlo con la ayuda de los aficionados. Mientras preparan sus repertorios y ensayan con sus grupos para participar en el COAC 2020, tendr\u00e1n que llevar a cabo la Operaci\u00f3n Fan\u00e1ticos, una peligrosa y confidencial misi\u00f3n que les traer\u00e1 m\u00faltiples complicaciones... \u00bfHasta d\u00f3nde llegar\u00e1n por salvar el carnaval? \u00bfD\u00f3nde est\u00e1 el l\u00edmite entre afici\u00f3n y fanatismo? \u00bfCu\u00e1l es el verdadero veneno? Atr\u00e9vete a descubrirlo en esta aventura repleta de intriga, emociones y mucho carnaval.","og_url":"https:\/\/letrame.com\/catalogo\/producto\/caminito-del-falla-2\/","og_site_name":"Catalogo | Letrame Grupo Editorial","article_modified_time":"2024-04-18T10:31:00+00:00","og_image":[{"width":1746,"height":2560,"url":"https:\/\/letrame.com\/catalogo\/wp-content\/uploads\/2024\/04\/portada_caminitodelfalla2_1555mm-compressed-1-scaled-1.jpg","type":"image\/jpeg"}],"twitter_card":"summary_large_image","twitter_misc":{"Tiempo de lectura":"1 minuto"},"schema":{"@context":"https:\/\/schema.org","@graph":[{"@type":"WebPage","@id":"https:\/\/letrame.com\/catalogo\/producto\/caminito-del-falla-2\/","url":"https:\/\/letrame.com\/catalogo\/producto\/caminito-del-falla-2\/","name":"Caminito del Falla 2 - Catalogo | Letrame Grupo Editorial","isPartOf":{"@id":"https:\/\/letrame.com\/catalogo\/#website"},"primaryImageOfPage":{"@id":"https:\/\/letrame.com\/catalogo\/producto\/caminito-del-falla-2\/#primaryimage"},"image":{"@id":"https:\/\/letrame.com\/catalogo\/producto\/caminito-del-falla-2\/#primaryimage"},"thumbnailUrl":"https:\/\/letrame.com\/catalogo\/wp-content\/uploads\/2024\/04\/portada_caminitodelfalla2_1555mm-compressed-1-scaled-1.jpg","datePublished":"2024-04-18T10:30:28+00:00","dateModified":"2024-04-18T10:31:00+00:00","breadcrumb":{"@id":"https:\/\/letrame.com\/catalogo\/producto\/caminito-del-falla-2\/#breadcrumb"},"inLanguage":"es","potentialAction":[{"@type":"ReadAction","target":["https:\/\/letrame.com\/catalogo\/producto\/caminito-del-falla-2\/"]}]},{"@type":"ImageObject","inLanguage":"es","@id":"https:\/\/letrame.com\/catalogo\/producto\/caminito-del-falla-2\/#primaryimage","url":"https:\/\/letrame.com\/catalogo\/wp-content\/uploads\/2024\/04\/portada_caminitodelfalla2_1555mm-compressed-1-scaled-1.jpg","contentUrl":"https:\/\/letrame.com\/catalogo\/wp-content\/uploads\/2024\/04\/portada_caminitodelfalla2_1555mm-compressed-1-scaled-1.jpg","width":1746,"height":2560},{"@type":"BreadcrumbList","@id":"https:\/\/letrame.com\/catalogo\/producto\/caminito-del-falla-2\/#breadcrumb","itemListElement":[{"@type":"ListItem","position":1,"name":"Portada","item":"https:\/\/letrame.com\/catalogo\/"},{"@type":"ListItem","position":2,"name":"Cat\u00e1logo","item":"https:\/\/letrame.com\/catalogo\/"},{"@type":"ListItem","position":3,"name":"Caminito del Falla 2"}]},{"@type":"WebSite","@id":"https:\/\/letrame.com\/catalogo\/#website","url":"https:\/\/letrame.com\/catalogo\/","name":"Catalogo | Letrame Grupo Editorial","description":"","publisher":{"@id":"https:\/\/letrame.com\/catalogo\/#organization"},"potentialAction":[{"@type":"SearchAction","target":{"@type":"EntryPoint","urlTemplate":"https:\/\/letrame.com\/catalogo\/?s={search_term_string}"},"query-input":{"@type":"PropertyValueSpecification","valueRequired":true,"valueName":"search_term_string"}}],"inLanguage":"es"},{"@type":"Organization","@id":"https:\/\/letrame.com\/catalogo\/#organization","name":"Catalogo | Letrame Grupo Editorial","url":"https:\/\/letrame.com\/catalogo\/","logo":{"@type":"ImageObject","inLanguage":"es","@id":"https:\/\/letrame.com\/catalogo\/#\/schema\/logo\/image\/","url":"https:\/\/letrame.com\/catalogo\/wp-content\/uploads\/2024\/03\/logo2.webp","contentUrl":"https:\/\/letrame.com\/catalogo\/wp-content\/uploads\/2024\/03\/logo2.webp","width":394,"height":128,"caption":"Catalogo | Letrame Grupo Editorial"},"image":{"@id":"https:\/\/letrame.com\/catalogo\/#\/schema\/logo\/image\/"}}]}},"_links":{"self":[{"href":"https:\/\/letrame.com\/catalogo\/wp-json\/wp\/v2\/product\/95313","targetHints":{"allow":["GET"]}}],"collection":[{"href":"https:\/\/letrame.com\/catalogo\/wp-json\/wp\/v2\/product"}],"about":[{"href":"https:\/\/letrame.com\/catalogo\/wp-json\/wp\/v2\/types\/product"}],"replies":[{"embeddable":true,"href":"https:\/\/letrame.com\/catalogo\/wp-json\/wp\/v2\/comments?post=95313"}],"acf:post":[{"embeddable":true,"href":"https:\/\/letrame.com\/catalogo\/wp-json\/wp\/v2\/author_book\/73331"}],"wp:featuredmedia":[{"embeddable":true,"href":"https:\/\/letrame.com\/catalogo\/wp-json\/wp\/v2\/media\/95314"}],"wp:attachment":[{"href":"https:\/\/letrame.com\/catalogo\/wp-json\/wp\/v2\/media?parent=95313"}],"wp:term":[{"taxonomy":"libro","embeddable":true,"href":"https:\/\/letrame.com\/catalogo\/wp-json\/wp\/v2\/libro?post=95313"},{"taxonomy":"product_brand","embeddable":true,"href":"https:\/\/letrame.com\/catalogo\/wp-json\/wp\/v2\/product_brand?post=95313"},{"taxonomy":"product_cat","embeddable":true,"href":"https:\/\/letrame.com\/catalogo\/wp-json\/wp\/v2\/product_cat?post=95313"},{"taxonomy":"product_tag","embeddable":true,"href":"https:\/\/letrame.com\/catalogo\/wp-json\/wp\/v2\/product_tag?post=95313"}],"curies":[{"name":"wp","href":"https:\/\/api.w.org\/{rel}","templated":true}]}}