{"id":95265,"date":"2024-04-18T12:24:31","date_gmt":"2024-04-18T10:24:31","guid":{"rendered":"https:\/\/letrame.com\/catalogo\/producto\/cuento-ligero-del-sobrino-triatleta-globero\/"},"modified":"2024-04-18T12:24:45","modified_gmt":"2024-04-18T10:24:45","slug":"cuento-ligero-del-sobrino-triatleta-globero","status":"publish","type":"product","link":"https:\/\/letrame.com\/catalogo\/producto\/cuento-ligero-del-sobrino-triatleta-globero\/","title":{"rendered":"Cuento ligero del sobrino triatleta globero"},"content":{"rendered":"<p><strong>ISBN<\/strong>: 978-84-18240-06-5<br \/>\n<strong>T\u00edtulo<\/strong>: Cuento ligero del sobrino triatleta globero<br \/>\n<strong>Fecha<\/strong>: 2020<br \/>\n<strong>P\u00e1ginas<\/strong>: 126<\/p>\n<p>&nbsp;<\/p>\n<p><strong>SINOPSIS<\/strong><\/p>\n<section>\n<div class=\"about-this-book\">\n<div class=\"container\">\n<div class=\"right-detail shop-detail1 pull-right col-md-8 col-sm-8 col-xs-12\">\n<div id=\"editionnal-reviews\" class=\"book-desc-detail\"><span class=\"detail-desc box-detail-desc\">Paquito era un ni\u00f1o normal hasta que a su t\u00edo le dio una ventolera y decidi\u00f3 convertirse en triatleta a la carrera. Tan sorprendente noticia har\u00e1 dar a su vida un inesperado giro. Si mayores noticias precisaras para sumergirte en este cuento, a\u00f1adir\u00e9 que embadurnado est\u00e1 de humor desde el primer momento, y rebozado en la harina de muy puros sentimientos, como la amistad, el respeto, la constancia y el esfuerzo. Basado en la desternillante novela El triatleta globero que se forj\u00f3 una coraza de acero, esta historia, deportiva y de superar retos, jalonada est\u00e1 de episodios muy dispares y diversos e incluso de una alocada investigaci\u00f3n que har\u00e1 disfrutar mucho a mayores y peque\u00f1os. Moraleja: Sentirse capaz de lo inalcanzable, adem\u00e1s de muy digno y loable, equivale a plantar una semilla de la que, aplicando abono y litros de dedicaci\u00f3n y riego, germinar\u00e1 satisfacci\u00f3n y el \u00e9xito m\u00e1s verdadero. Y aunque no ser\u00e1 f\u00e1cil, si encuentras motivaci\u00f3n y luchas por ella, dulce ser\u00e1 la recompensa, adem\u00e1s de muy linda y bella. Y es que, como dir\u00eda un frutero: \u00abpara disfrutar del zumo de una naranja, hay que exprimirla primero\u00bb. Palabra de globero.<\/span><\/div>\n<div id=\"clear-scroll\" class=\"clearfix\"><\/div>\n<\/div>\n<\/div>\n<\/div>\n<\/section>\n<div class=\"feature-section feature-option2\">\n<div class=\"container\">\n<div class=\"related products\">\n<div class=\"title-box\"><\/div>\n<\/div>\n<\/div>\n<\/div>\n","protected":false},"excerpt":{"rendered":"<p><strong>ISBN: 978-84-18240-06-5<\/strong><\/p>\n<p>Paquito era un ni\u00f1o normal hasta que a su t\u00edo le dio una ventolera y decidi\u00f3 convertirse en triatleta a la carrera. Tan sorprendente noticia har\u00e1 dar a su vida un inesperado giro.<\/p>\n<p>Si mayores noticias precisaras para sumergirte en este cuento, a\u00f1adir\u00e9 que embadurnado est\u00e1 de humor desde el primer momento, y rebozado en la harina de muy puros sentimientos, como la amistad, el respeto, la constancia y el esfuerzo.<\/p>\n<p>Basado en la desternillante novela <em>El triatleta globero que se forj\u00f3 una coraza de acero<\/em>, esta historia, deportiva y de superar retos, jalonada est\u00e1 de episodios muy dispares y diversos e incluso de una alocada investigaci\u00f3n que har\u00e1 disfrutar mucho a mayores y peque\u00f1os.<\/p>\n","protected":false},"featured_media":95266,"comment_status":"closed","ping_status":"open","template":"","meta":{"_acf_changed":false},"libro":[],"product_brand":[],"product_cat":[16],"product_tag":[],"class_list":{"0":"post-95265","1":"product","2":"type-product","3":"status-publish","4":"has-post-thumbnail","6":"product_cat-novela","8":"first","9":"instock","10":"purchasable","11":"product-type-simple"},"acf":{"autor":"","enlace_de_compra":""},"yoast_head":"<!-- This site is optimized with the Yoast SEO plugin v26.6 - https:\/\/yoast.com\/wordpress\/plugins\/seo\/ -->\n<title>Cuento ligero del sobrino triatleta globero - Catalogo | Letrame Grupo Editorial<\/title>\n<meta name=\"robots\" content=\"index, follow, max-snippet:-1, max-image-preview:large, max-video-preview:-1\" \/>\n<link rel=\"canonical\" href=\"https:\/\/letrame.com\/catalogo\/producto\/cuento-ligero-del-sobrino-triatleta-globero\/\" \/>\n<meta property=\"og:locale\" content=\"es_ES\" \/>\n<meta property=\"og:type\" content=\"article\" \/>\n<meta property=\"og:title\" content=\"Cuento ligero del sobrino triatleta globero - Catalogo | Letrame Grupo Editorial\" \/>\n<meta property=\"og:description\" content=\"ISBN: 978-84-18240-06-5 Paquito era un ni\u00f1o normal hasta que a su t\u00edo le dio una ventolera y decidi\u00f3 convertirse en triatleta a la carrera. Tan sorprendente noticia har\u00e1 dar a su vida un inesperado giro. Si mayores noticias precisaras para sumergirte en este cuento, a\u00f1adir\u00e9 que embadurnado est\u00e1 de humor desde el primer momento, y rebozado en la harina de muy puros sentimientos, como la amistad, el respeto, la constancia y el esfuerzo. Basado en la desternillante novela El triatleta globero que se forj\u00f3 una coraza de acero, esta historia, deportiva y de superar retos, jalonada est\u00e1 de episodios muy dispares y diversos e incluso de una alocada investigaci\u00f3n que har\u00e1 disfrutar mucho a mayores y peque\u00f1os.\" \/>\n<meta property=\"og:url\" content=\"https:\/\/letrame.com\/catalogo\/producto\/cuento-ligero-del-sobrino-triatleta-globero\/\" \/>\n<meta property=\"og:site_name\" content=\"Catalogo | Letrame Grupo Editorial\" \/>\n<meta property=\"article:modified_time\" content=\"2024-04-18T10:24:45+00:00\" \/>\n<meta property=\"og:image\" content=\"https:\/\/letrame.com\/catalogo\/wp-content\/uploads\/2024\/04\/portada_cuentoligero_71mm-compressed-scaled-1.jpg\" \/>\n\t<meta property=\"og:image:width\" content=\"1746\" \/>\n\t<meta property=\"og:image:height\" content=\"2560\" \/>\n\t<meta property=\"og:image:type\" content=\"image\/jpeg\" \/>\n<meta name=\"twitter:card\" content=\"summary_large_image\" \/>\n<meta name=\"twitter:label1\" content=\"Tiempo de lectura\" \/>\n\t<meta name=\"twitter:data1\" content=\"1 minuto\" \/>\n<script type=\"application\/ld+json\" class=\"yoast-schema-graph\">{\"@context\":\"https:\/\/schema.org\",\"@graph\":[{\"@type\":\"WebPage\",\"@id\":\"https:\/\/letrame.com\/catalogo\/producto\/cuento-ligero-del-sobrino-triatleta-globero\/\",\"url\":\"https:\/\/letrame.com\/catalogo\/producto\/cuento-ligero-del-sobrino-triatleta-globero\/\",\"name\":\"Cuento ligero del sobrino triatleta globero - Catalogo | Letrame Grupo Editorial\",\"isPartOf\":{\"@id\":\"https:\/\/letrame.com\/catalogo\/#website\"},\"primaryImageOfPage\":{\"@id\":\"https:\/\/letrame.com\/catalogo\/producto\/cuento-ligero-del-sobrino-triatleta-globero\/#primaryimage\"},\"image\":{\"@id\":\"https:\/\/letrame.com\/catalogo\/producto\/cuento-ligero-del-sobrino-triatleta-globero\/#primaryimage\"},\"thumbnailUrl\":\"https:\/\/letrame.com\/catalogo\/wp-content\/uploads\/2024\/04\/portada_cuentoligero_71mm-compressed-scaled-1.jpg\",\"datePublished\":\"2024-04-18T10:24:31+00:00\",\"dateModified\":\"2024-04-18T10:24:45+00:00\",\"breadcrumb\":{\"@id\":\"https:\/\/letrame.com\/catalogo\/producto\/cuento-ligero-del-sobrino-triatleta-globero\/#breadcrumb\"},\"inLanguage\":\"es\",\"potentialAction\":[{\"@type\":\"ReadAction\",\"target\":[\"https:\/\/letrame.com\/catalogo\/producto\/cuento-ligero-del-sobrino-triatleta-globero\/\"]}]},{\"@type\":\"ImageObject\",\"inLanguage\":\"es\",\"@id\":\"https:\/\/letrame.com\/catalogo\/producto\/cuento-ligero-del-sobrino-triatleta-globero\/#primaryimage\",\"url\":\"https:\/\/letrame.com\/catalogo\/wp-content\/uploads\/2024\/04\/portada_cuentoligero_71mm-compressed-scaled-1.jpg\",\"contentUrl\":\"https:\/\/letrame.com\/catalogo\/wp-content\/uploads\/2024\/04\/portada_cuentoligero_71mm-compressed-scaled-1.jpg\",\"width\":1746,\"height\":2560},{\"@type\":\"BreadcrumbList\",\"@id\":\"https:\/\/letrame.com\/catalogo\/producto\/cuento-ligero-del-sobrino-triatleta-globero\/#breadcrumb\",\"itemListElement\":[{\"@type\":\"ListItem\",\"position\":1,\"name\":\"Portada\",\"item\":\"https:\/\/letrame.com\/catalogo\/\"},{\"@type\":\"ListItem\",\"position\":2,\"name\":\"Cat\u00e1logo\",\"item\":\"https:\/\/letrame.com\/catalogo\/\"},{\"@type\":\"ListItem\",\"position\":3,\"name\":\"Cuento ligero del sobrino triatleta globero\"}]},{\"@type\":\"WebSite\",\"@id\":\"https:\/\/letrame.com\/catalogo\/#website\",\"url\":\"https:\/\/letrame.com\/catalogo\/\",\"name\":\"Catalogo | Letrame Grupo Editorial\",\"description\":\"\",\"publisher\":{\"@id\":\"https:\/\/letrame.com\/catalogo\/#organization\"},\"potentialAction\":[{\"@type\":\"SearchAction\",\"target\":{\"@type\":\"EntryPoint\",\"urlTemplate\":\"https:\/\/letrame.com\/catalogo\/?s={search_term_string}\"},\"query-input\":{\"@type\":\"PropertyValueSpecification\",\"valueRequired\":true,\"valueName\":\"search_term_string\"}}],\"inLanguage\":\"es\"},{\"@type\":\"Organization\",\"@id\":\"https:\/\/letrame.com\/catalogo\/#organization\",\"name\":\"Catalogo | Letrame Grupo Editorial\",\"url\":\"https:\/\/letrame.com\/catalogo\/\",\"logo\":{\"@type\":\"ImageObject\",\"inLanguage\":\"es\",\"@id\":\"https:\/\/letrame.com\/catalogo\/#\/schema\/logo\/image\/\",\"url\":\"https:\/\/letrame.com\/catalogo\/wp-content\/uploads\/2024\/03\/logo2.webp\",\"contentUrl\":\"https:\/\/letrame.com\/catalogo\/wp-content\/uploads\/2024\/03\/logo2.webp\",\"width\":394,\"height\":128,\"caption\":\"Catalogo | Letrame Grupo Editorial\"},\"image\":{\"@id\":\"https:\/\/letrame.com\/catalogo\/#\/schema\/logo\/image\/\"}}]}<\/script>\n<!-- \/ Yoast SEO plugin. -->","yoast_head_json":{"title":"Cuento ligero del sobrino triatleta globero - Catalogo | Letrame Grupo Editorial","robots":{"index":"index","follow":"follow","max-snippet":"max-snippet:-1","max-image-preview":"max-image-preview:large","max-video-preview":"max-video-preview:-1"},"canonical":"https:\/\/letrame.com\/catalogo\/producto\/cuento-ligero-del-sobrino-triatleta-globero\/","og_locale":"es_ES","og_type":"article","og_title":"Cuento ligero del sobrino triatleta globero - Catalogo | Letrame Grupo Editorial","og_description":"ISBN: 978-84-18240-06-5 Paquito era un ni\u00f1o normal hasta que a su t\u00edo le dio una ventolera y decidi\u00f3 convertirse en triatleta a la carrera. Tan sorprendente noticia har\u00e1 dar a su vida un inesperado giro. Si mayores noticias precisaras para sumergirte en este cuento, a\u00f1adir\u00e9 que embadurnado est\u00e1 de humor desde el primer momento, y rebozado en la harina de muy puros sentimientos, como la amistad, el respeto, la constancia y el esfuerzo. Basado en la desternillante novela El triatleta globero que se forj\u00f3 una coraza de acero, esta historia, deportiva y de superar retos, jalonada est\u00e1 de episodios muy dispares y diversos e incluso de una alocada investigaci\u00f3n que har\u00e1 disfrutar mucho a mayores y peque\u00f1os.","og_url":"https:\/\/letrame.com\/catalogo\/producto\/cuento-ligero-del-sobrino-triatleta-globero\/","og_site_name":"Catalogo | Letrame Grupo Editorial","article_modified_time":"2024-04-18T10:24:45+00:00","og_image":[{"width":1746,"height":2560,"url":"https:\/\/letrame.com\/catalogo\/wp-content\/uploads\/2024\/04\/portada_cuentoligero_71mm-compressed-scaled-1.jpg","type":"image\/jpeg"}],"twitter_card":"summary_large_image","twitter_misc":{"Tiempo de lectura":"1 minuto"},"schema":{"@context":"https:\/\/schema.org","@graph":[{"@type":"WebPage","@id":"https:\/\/letrame.com\/catalogo\/producto\/cuento-ligero-del-sobrino-triatleta-globero\/","url":"https:\/\/letrame.com\/catalogo\/producto\/cuento-ligero-del-sobrino-triatleta-globero\/","name":"Cuento ligero del sobrino triatleta globero - Catalogo | Letrame Grupo Editorial","isPartOf":{"@id":"https:\/\/letrame.com\/catalogo\/#website"},"primaryImageOfPage":{"@id":"https:\/\/letrame.com\/catalogo\/producto\/cuento-ligero-del-sobrino-triatleta-globero\/#primaryimage"},"image":{"@id":"https:\/\/letrame.com\/catalogo\/producto\/cuento-ligero-del-sobrino-triatleta-globero\/#primaryimage"},"thumbnailUrl":"https:\/\/letrame.com\/catalogo\/wp-content\/uploads\/2024\/04\/portada_cuentoligero_71mm-compressed-scaled-1.jpg","datePublished":"2024-04-18T10:24:31+00:00","dateModified":"2024-04-18T10:24:45+00:00","breadcrumb":{"@id":"https:\/\/letrame.com\/catalogo\/producto\/cuento-ligero-del-sobrino-triatleta-globero\/#breadcrumb"},"inLanguage":"es","potentialAction":[{"@type":"ReadAction","target":["https:\/\/letrame.com\/catalogo\/producto\/cuento-ligero-del-sobrino-triatleta-globero\/"]}]},{"@type":"ImageObject","inLanguage":"es","@id":"https:\/\/letrame.com\/catalogo\/producto\/cuento-ligero-del-sobrino-triatleta-globero\/#primaryimage","url":"https:\/\/letrame.com\/catalogo\/wp-content\/uploads\/2024\/04\/portada_cuentoligero_71mm-compressed-scaled-1.jpg","contentUrl":"https:\/\/letrame.com\/catalogo\/wp-content\/uploads\/2024\/04\/portada_cuentoligero_71mm-compressed-scaled-1.jpg","width":1746,"height":2560},{"@type":"BreadcrumbList","@id":"https:\/\/letrame.com\/catalogo\/producto\/cuento-ligero-del-sobrino-triatleta-globero\/#breadcrumb","itemListElement":[{"@type":"ListItem","position":1,"name":"Portada","item":"https:\/\/letrame.com\/catalogo\/"},{"@type":"ListItem","position":2,"name":"Cat\u00e1logo","item":"https:\/\/letrame.com\/catalogo\/"},{"@type":"ListItem","position":3,"name":"Cuento ligero del sobrino triatleta globero"}]},{"@type":"WebSite","@id":"https:\/\/letrame.com\/catalogo\/#website","url":"https:\/\/letrame.com\/catalogo\/","name":"Catalogo | Letrame Grupo Editorial","description":"","publisher":{"@id":"https:\/\/letrame.com\/catalogo\/#organization"},"potentialAction":[{"@type":"SearchAction","target":{"@type":"EntryPoint","urlTemplate":"https:\/\/letrame.com\/catalogo\/?s={search_term_string}"},"query-input":{"@type":"PropertyValueSpecification","valueRequired":true,"valueName":"search_term_string"}}],"inLanguage":"es"},{"@type":"Organization","@id":"https:\/\/letrame.com\/catalogo\/#organization","name":"Catalogo | Letrame Grupo Editorial","url":"https:\/\/letrame.com\/catalogo\/","logo":{"@type":"ImageObject","inLanguage":"es","@id":"https:\/\/letrame.com\/catalogo\/#\/schema\/logo\/image\/","url":"https:\/\/letrame.com\/catalogo\/wp-content\/uploads\/2024\/03\/logo2.webp","contentUrl":"https:\/\/letrame.com\/catalogo\/wp-content\/uploads\/2024\/03\/logo2.webp","width":394,"height":128,"caption":"Catalogo | Letrame Grupo Editorial"},"image":{"@id":"https:\/\/letrame.com\/catalogo\/#\/schema\/logo\/image\/"}}]}},"_links":{"self":[{"href":"https:\/\/letrame.com\/catalogo\/wp-json\/wp\/v2\/product\/95265","targetHints":{"allow":["GET"]}}],"collection":[{"href":"https:\/\/letrame.com\/catalogo\/wp-json\/wp\/v2\/product"}],"about":[{"href":"https:\/\/letrame.com\/catalogo\/wp-json\/wp\/v2\/types\/product"}],"replies":[{"embeddable":true,"href":"https:\/\/letrame.com\/catalogo\/wp-json\/wp\/v2\/comments?post=95265"}],"wp:featuredmedia":[{"embeddable":true,"href":"https:\/\/letrame.com\/catalogo\/wp-json\/wp\/v2\/media\/95266"}],"wp:attachment":[{"href":"https:\/\/letrame.com\/catalogo\/wp-json\/wp\/v2\/media?parent=95265"}],"wp:term":[{"taxonomy":"libro","embeddable":true,"href":"https:\/\/letrame.com\/catalogo\/wp-json\/wp\/v2\/libro?post=95265"},{"taxonomy":"product_brand","embeddable":true,"href":"https:\/\/letrame.com\/catalogo\/wp-json\/wp\/v2\/product_brand?post=95265"},{"taxonomy":"product_cat","embeddable":true,"href":"https:\/\/letrame.com\/catalogo\/wp-json\/wp\/v2\/product_cat?post=95265"},{"taxonomy":"product_tag","embeddable":true,"href":"https:\/\/letrame.com\/catalogo\/wp-json\/wp\/v2\/product_tag?post=95265"}],"curies":[{"name":"wp","href":"https:\/\/api.w.org\/{rel}","templated":true}]}}