{"id":95211,"date":"2024-04-18T12:18:22","date_gmt":"2024-04-18T10:18:22","guid":{"rendered":"https:\/\/letrame.com\/catalogo\/producto\/el-arte-de-sentirse-bien\/"},"modified":"2024-04-18T12:18:22","modified_gmt":"2024-04-18T10:18:22","slug":"el-arte-de-sentirse-bien","status":"publish","type":"product","link":"https:\/\/letrame.com\/catalogo\/producto\/el-arte-de-sentirse-bien\/","title":{"rendered":"El arte de sentirse bien"},"content":{"rendered":"\n<p><strong>ISBN<\/strong>: 978-84-18024-81-8<br><strong>T\u00edtulo<\/strong>: El arte de sentirse bien<br><strong>Fecha<\/strong>: 2019<br><strong>P\u00e1ginas<\/strong>: 152<\/p>\n\n\n\n<p><strong>SINOPSIS<\/strong><\/p>\n\n\n\n<p>Hemos sido condicionados desde muy peque\u00f1os a valorar \u00fanicamente lo que conseguimos a trav\u00e9s del esfuerzo, quitando valor o desestimando a aquello que podemos conseguir con facilidad, algo tan sencillo como es sentirse bien. Buscamos continuamente algo externo a nosotros que nos haga felices porque es lo que la sociedad nos vende continuamente y pensamos que cuando alcancemos nuestros\u00a0\u00a0objetivos o nuestros objetos de deseo, bien sea a nivel material o a trav\u00e9s de una pareja, ser\u00e1 entonces cuando seamos felices. Estudiamos, buscamos pareja, nos casamos, tenemos hijos, cumpliendo as\u00ed un guion dictado por la sociedad, muchas veces sin plantearnos si es lo que realmente deseamos. Y, de pronto, nos damos cuenta de que esa felicidad llega moment\u00e1neamente y se va, y vuelta a empezar y siempre ocurre lo mismo, convirti\u00e9ndose la felicidad en un objetivo inalcanzable, una \u00abmisi\u00f3n imposible\u00bb, algo que se nos escurre siempre entre los dedos y que siempre nos deja como una especie de sensaci\u00f3n de vac\u00edo porque, en realidad, la felicidad no es algo tangible, no es un diploma que adquieres y cuelgas en la pared y has terminado para siempre\u2026 \u00a0\u00bfY si no es como nos lo han hecho creer? \u00bfY si fuera al rev\u00e9s? \u00bfY si todo fuera m\u00e1s sencillo? \u00bfY si simplemente con el hecho de sentirte bien tuvieras acceso a todo lo que deseas en la vida? No es casualidad que este libro est\u00e9 en tus manos y ahora como siempre en la vida eres t\u00fa el que decides. \u00bfQuieres realmente ser feliz? Adelante\u2026 \u00bfMe acompa\u00f1as?<\/p>\n","protected":false},"excerpt":{"rendered":"<p>Hemos sido condicionados desde muy peque\u00f1os a valorar \u00fanicamente lo que conseguimos a trav\u00e9s del esfuerzo, quitando valor o desestimando a aquello que podemos conseguir con facilidad, algo tan sencillo como es sentirse bien.<\/p>\n<p>Buscamos continuamente algo externo a nosotros que nos haga felices porque es lo que la sociedad nos vende continuamente y pensamos que cuando alcancemos nuestros\u00a0\u00a0objetivos o nuestros objetos de deseo, bien sea a nivel material o a trav\u00e9s de una pareja, ser\u00e1 entonces cuando seamos felices. Estudiamos, buscamos pareja, nos casamos, tenemos hijos, cumpliendo as\u00ed un guion dictado por la sociedad, muchas veces sin plantearnos si es lo que realmente deseamos. Y, de pronto, nos damos cuenta de que esa felicidad llega moment\u00e1neamente y se va, y vuelta a empezar y siempre ocurre lo mismo, convirti\u00e9ndose la felicidad en un objetivo inalcanzable, una \u00abmisi\u00f3n imposible\u00bb, algo que se nos escurre siempre entre los dedos y que siempre nos deja como una especie de sensaci\u00f3n de vac\u00edo porque, en realidad, la felicidad no es algo tangible, no es un diploma que adquieres y cuelgas en la pared y has terminado para siempre\u2026<\/p>\n<p>\u00bfY si no es como nos lo han hecho creer? \u00bfY si fuera al rev\u00e9s? \u00bfY si todo fuera m\u00e1s sencillo? \u00bfY si simplemente con el hecho de sentirte bien tuvieras acceso a todo lo que deseas en la vida?<\/p>\n<p>No es casualidad que este libro est\u00e9 en tus manos y ahora como siempre en la vida eres t\u00fa el que decides. \u00bfQuieres realmente ser feliz? Adelante\u2026 \u00bfMe acompa\u00f1as?<\/p>\n","protected":false},"featured_media":95212,"comment_status":"closed","ping_status":"open","template":"","meta":{"_acf_changed":false},"libro":[],"product_brand":[],"product_cat":[18],"product_tag":[],"class_list":{"0":"post-95211","1":"product","2":"type-product","3":"status-publish","4":"has-post-thumbnail","6":"product_cat-autoayuda","8":"first","9":"instock","10":"purchasable","11":"product-type-simple"},"acf":{"autor":"","enlace_de_compra":""},"yoast_head":"<!-- This site is optimized with the Yoast SEO plugin v27.4 - https:\/\/yoast.com\/product\/yoast-seo-wordpress\/ -->\n<title>El arte de sentirse bien - Catalogo | Letrame Grupo Editorial<\/title>\n<meta name=\"robots\" content=\"index, follow, max-snippet:-1, max-image-preview:large, max-video-preview:-1\" \/>\n<link rel=\"canonical\" href=\"https:\/\/letrame.com\/catalogo\/producto\/el-arte-de-sentirse-bien\/\" \/>\n<meta property=\"og:locale\" content=\"es_ES\" \/>\n<meta property=\"og:type\" content=\"article\" \/>\n<meta property=\"og:title\" content=\"El arte de sentirse bien - Catalogo | Letrame Grupo Editorial\" \/>\n<meta property=\"og:description\" content=\"Hemos sido condicionados desde muy peque\u00f1os a valorar \u00fanicamente lo que conseguimos a trav\u00e9s del esfuerzo, quitando valor o desestimando a aquello que podemos conseguir con facilidad, algo tan sencillo como es sentirse bien. Buscamos continuamente algo externo a nosotros que nos haga felices porque es lo que la sociedad nos vende continuamente y pensamos que cuando alcancemos nuestros\u00a0\u00a0objetivos o nuestros objetos de deseo, bien sea a nivel material o a trav\u00e9s de una pareja, ser\u00e1 entonces cuando seamos felices. Estudiamos, buscamos pareja, nos casamos, tenemos hijos, cumpliendo as\u00ed un guion dictado por la sociedad, muchas veces sin plantearnos si es lo que realmente deseamos. Y, de pronto, nos damos cuenta de que esa felicidad llega moment\u00e1neamente y se va, y vuelta a empezar y siempre ocurre lo mismo, convirti\u00e9ndose la felicidad en un objetivo inalcanzable, una \u00abmisi\u00f3n imposible\u00bb, algo que se nos escurre siempre entre los dedos y que siempre nos deja como una especie de sensaci\u00f3n de vac\u00edo porque, en realidad, la felicidad no es algo tangible, no es un diploma que adquieres y cuelgas en la pared y has terminado para siempre\u2026 \u00bfY si no es como nos lo han hecho creer? \u00bfY si fuera al rev\u00e9s? \u00bfY si todo fuera m\u00e1s sencillo? \u00bfY si simplemente con el hecho de sentirte bien tuvieras acceso a todo lo que deseas en la vida? No es casualidad que este libro est\u00e9 en tus manos y ahora como siempre en la vida eres t\u00fa el que decides. \u00bfQuieres realmente ser feliz? Adelante\u2026 \u00bfMe acompa\u00f1as?\" \/>\n<meta property=\"og:url\" content=\"https:\/\/letrame.com\/catalogo\/producto\/el-arte-de-sentirse-bien\/\" \/>\n<meta property=\"og:site_name\" content=\"Catalogo | Letrame Grupo Editorial\" \/>\n<meta property=\"og:image\" content=\"https:\/\/letrame.com\/catalogo\/wp-content\/uploads\/2024\/04\/portada_elartedesentirsebien_812mm-compressed-1-scaled-1.jpg\" \/>\n\t<meta property=\"og:image:width\" content=\"1746\" \/>\n\t<meta property=\"og:image:height\" content=\"2560\" \/>\n\t<meta property=\"og:image:type\" content=\"image\/jpeg\" \/>\n<meta name=\"twitter:card\" content=\"summary_large_image\" \/>\n<meta name=\"twitter:label1\" content=\"Tiempo de lectura\" \/>\n\t<meta name=\"twitter:data1\" content=\"1 minuto\" \/>\n<script type=\"application\/ld+json\" class=\"yoast-schema-graph\">{\"@context\":\"https:\\\/\\\/schema.org\",\"@graph\":[{\"@type\":\"WebPage\",\"@id\":\"https:\\\/\\\/letrame.com\\\/catalogo\\\/producto\\\/el-arte-de-sentirse-bien\\\/\",\"url\":\"https:\\\/\\\/letrame.com\\\/catalogo\\\/producto\\\/el-arte-de-sentirse-bien\\\/\",\"name\":\"El arte de sentirse bien - Catalogo | Letrame Grupo Editorial\",\"isPartOf\":{\"@id\":\"https:\\\/\\\/letrame.com\\\/catalogo\\\/#website\"},\"primaryImageOfPage\":{\"@id\":\"https:\\\/\\\/letrame.com\\\/catalogo\\\/producto\\\/el-arte-de-sentirse-bien\\\/#primaryimage\"},\"image\":{\"@id\":\"https:\\\/\\\/letrame.com\\\/catalogo\\\/producto\\\/el-arte-de-sentirse-bien\\\/#primaryimage\"},\"thumbnailUrl\":\"https:\\\/\\\/letrame.com\\\/catalogo\\\/wp-content\\\/uploads\\\/2024\\\/04\\\/portada_elartedesentirsebien_812mm-compressed-1-scaled-1.jpg\",\"datePublished\":\"2024-04-18T10:18:22+00:00\",\"breadcrumb\":{\"@id\":\"https:\\\/\\\/letrame.com\\\/catalogo\\\/producto\\\/el-arte-de-sentirse-bien\\\/#breadcrumb\"},\"inLanguage\":\"es\",\"potentialAction\":[{\"@type\":\"ReadAction\",\"target\":[\"https:\\\/\\\/letrame.com\\\/catalogo\\\/producto\\\/el-arte-de-sentirse-bien\\\/\"]}]},{\"@type\":\"ImageObject\",\"inLanguage\":\"es\",\"@id\":\"https:\\\/\\\/letrame.com\\\/catalogo\\\/producto\\\/el-arte-de-sentirse-bien\\\/#primaryimage\",\"url\":\"https:\\\/\\\/letrame.com\\\/catalogo\\\/wp-content\\\/uploads\\\/2024\\\/04\\\/portada_elartedesentirsebien_812mm-compressed-1-scaled-1.jpg\",\"contentUrl\":\"https:\\\/\\\/letrame.com\\\/catalogo\\\/wp-content\\\/uploads\\\/2024\\\/04\\\/portada_elartedesentirsebien_812mm-compressed-1-scaled-1.jpg\",\"width\":1746,\"height\":2560},{\"@type\":\"BreadcrumbList\",\"@id\":\"https:\\\/\\\/letrame.com\\\/catalogo\\\/producto\\\/el-arte-de-sentirse-bien\\\/#breadcrumb\",\"itemListElement\":[{\"@type\":\"ListItem\",\"position\":1,\"name\":\"Portada\",\"item\":\"https:\\\/\\\/letrame.com\\\/catalogo\\\/\"},{\"@type\":\"ListItem\",\"position\":2,\"name\":\"Cat\u00e1logo\",\"item\":\"https:\\\/\\\/letrame.com\\\/catalogo\\\/\"},{\"@type\":\"ListItem\",\"position\":3,\"name\":\"El arte de sentirse bien\"}]},{\"@type\":\"WebSite\",\"@id\":\"https:\\\/\\\/letrame.com\\\/catalogo\\\/#website\",\"url\":\"https:\\\/\\\/letrame.com\\\/catalogo\\\/\",\"name\":\"Catalogo | Letrame Grupo Editorial\",\"description\":\"\",\"publisher\":{\"@id\":\"https:\\\/\\\/letrame.com\\\/catalogo\\\/#organization\"},\"potentialAction\":[{\"@type\":\"SearchAction\",\"target\":{\"@type\":\"EntryPoint\",\"urlTemplate\":\"https:\\\/\\\/letrame.com\\\/catalogo\\\/?s={search_term_string}\"},\"query-input\":{\"@type\":\"PropertyValueSpecification\",\"valueRequired\":true,\"valueName\":\"search_term_string\"}}],\"inLanguage\":\"es\"},{\"@type\":\"Organization\",\"@id\":\"https:\\\/\\\/letrame.com\\\/catalogo\\\/#organization\",\"name\":\"Catalogo | Letrame Grupo Editorial\",\"url\":\"https:\\\/\\\/letrame.com\\\/catalogo\\\/\",\"logo\":{\"@type\":\"ImageObject\",\"inLanguage\":\"es\",\"@id\":\"https:\\\/\\\/letrame.com\\\/catalogo\\\/#\\\/schema\\\/logo\\\/image\\\/\",\"url\":\"https:\\\/\\\/letrame.com\\\/catalogo\\\/wp-content\\\/uploads\\\/2024\\\/03\\\/logo2.webp\",\"contentUrl\":\"https:\\\/\\\/letrame.com\\\/catalogo\\\/wp-content\\\/uploads\\\/2024\\\/03\\\/logo2.webp\",\"width\":394,\"height\":128,\"caption\":\"Catalogo | Letrame Grupo Editorial\"},\"image\":{\"@id\":\"https:\\\/\\\/letrame.com\\\/catalogo\\\/#\\\/schema\\\/logo\\\/image\\\/\"}}]}<\/script>\n<!-- \/ Yoast SEO plugin. -->","yoast_head_json":{"title":"El arte de sentirse bien - Catalogo | Letrame Grupo Editorial","robots":{"index":"index","follow":"follow","max-snippet":"max-snippet:-1","max-image-preview":"max-image-preview:large","max-video-preview":"max-video-preview:-1"},"canonical":"https:\/\/letrame.com\/catalogo\/producto\/el-arte-de-sentirse-bien\/","og_locale":"es_ES","og_type":"article","og_title":"El arte de sentirse bien - Catalogo | Letrame Grupo Editorial","og_description":"Hemos sido condicionados desde muy peque\u00f1os a valorar \u00fanicamente lo que conseguimos a trav\u00e9s del esfuerzo, quitando valor o desestimando a aquello que podemos conseguir con facilidad, algo tan sencillo como es sentirse bien. Buscamos continuamente algo externo a nosotros que nos haga felices porque es lo que la sociedad nos vende continuamente y pensamos que cuando alcancemos nuestros\u00a0\u00a0objetivos o nuestros objetos de deseo, bien sea a nivel material o a trav\u00e9s de una pareja, ser\u00e1 entonces cuando seamos felices. Estudiamos, buscamos pareja, nos casamos, tenemos hijos, cumpliendo as\u00ed un guion dictado por la sociedad, muchas veces sin plantearnos si es lo que realmente deseamos. Y, de pronto, nos damos cuenta de que esa felicidad llega moment\u00e1neamente y se va, y vuelta a empezar y siempre ocurre lo mismo, convirti\u00e9ndose la felicidad en un objetivo inalcanzable, una \u00abmisi\u00f3n imposible\u00bb, algo que se nos escurre siempre entre los dedos y que siempre nos deja como una especie de sensaci\u00f3n de vac\u00edo porque, en realidad, la felicidad no es algo tangible, no es un diploma que adquieres y cuelgas en la pared y has terminado para siempre\u2026 \u00bfY si no es como nos lo han hecho creer? \u00bfY si fuera al rev\u00e9s? \u00bfY si todo fuera m\u00e1s sencillo? \u00bfY si simplemente con el hecho de sentirte bien tuvieras acceso a todo lo que deseas en la vida? No es casualidad que este libro est\u00e9 en tus manos y ahora como siempre en la vida eres t\u00fa el que decides. \u00bfQuieres realmente ser feliz? Adelante\u2026 \u00bfMe acompa\u00f1as?","og_url":"https:\/\/letrame.com\/catalogo\/producto\/el-arte-de-sentirse-bien\/","og_site_name":"Catalogo | Letrame Grupo Editorial","og_image":[{"width":1746,"height":2560,"url":"https:\/\/letrame.com\/catalogo\/wp-content\/uploads\/2024\/04\/portada_elartedesentirsebien_812mm-compressed-1-scaled-1.jpg","type":"image\/jpeg"}],"twitter_card":"summary_large_image","twitter_misc":{"Tiempo de lectura":"1 minuto"},"schema":{"@context":"https:\/\/schema.org","@graph":[{"@type":"WebPage","@id":"https:\/\/letrame.com\/catalogo\/producto\/el-arte-de-sentirse-bien\/","url":"https:\/\/letrame.com\/catalogo\/producto\/el-arte-de-sentirse-bien\/","name":"El arte de sentirse bien - Catalogo | Letrame Grupo Editorial","isPartOf":{"@id":"https:\/\/letrame.com\/catalogo\/#website"},"primaryImageOfPage":{"@id":"https:\/\/letrame.com\/catalogo\/producto\/el-arte-de-sentirse-bien\/#primaryimage"},"image":{"@id":"https:\/\/letrame.com\/catalogo\/producto\/el-arte-de-sentirse-bien\/#primaryimage"},"thumbnailUrl":"https:\/\/letrame.com\/catalogo\/wp-content\/uploads\/2024\/04\/portada_elartedesentirsebien_812mm-compressed-1-scaled-1.jpg","datePublished":"2024-04-18T10:18:22+00:00","breadcrumb":{"@id":"https:\/\/letrame.com\/catalogo\/producto\/el-arte-de-sentirse-bien\/#breadcrumb"},"inLanguage":"es","potentialAction":[{"@type":"ReadAction","target":["https:\/\/letrame.com\/catalogo\/producto\/el-arte-de-sentirse-bien\/"]}]},{"@type":"ImageObject","inLanguage":"es","@id":"https:\/\/letrame.com\/catalogo\/producto\/el-arte-de-sentirse-bien\/#primaryimage","url":"https:\/\/letrame.com\/catalogo\/wp-content\/uploads\/2024\/04\/portada_elartedesentirsebien_812mm-compressed-1-scaled-1.jpg","contentUrl":"https:\/\/letrame.com\/catalogo\/wp-content\/uploads\/2024\/04\/portada_elartedesentirsebien_812mm-compressed-1-scaled-1.jpg","width":1746,"height":2560},{"@type":"BreadcrumbList","@id":"https:\/\/letrame.com\/catalogo\/producto\/el-arte-de-sentirse-bien\/#breadcrumb","itemListElement":[{"@type":"ListItem","position":1,"name":"Portada","item":"https:\/\/letrame.com\/catalogo\/"},{"@type":"ListItem","position":2,"name":"Cat\u00e1logo","item":"https:\/\/letrame.com\/catalogo\/"},{"@type":"ListItem","position":3,"name":"El arte de sentirse bien"}]},{"@type":"WebSite","@id":"https:\/\/letrame.com\/catalogo\/#website","url":"https:\/\/letrame.com\/catalogo\/","name":"Catalogo | Letrame Grupo Editorial","description":"","publisher":{"@id":"https:\/\/letrame.com\/catalogo\/#organization"},"potentialAction":[{"@type":"SearchAction","target":{"@type":"EntryPoint","urlTemplate":"https:\/\/letrame.com\/catalogo\/?s={search_term_string}"},"query-input":{"@type":"PropertyValueSpecification","valueRequired":true,"valueName":"search_term_string"}}],"inLanguage":"es"},{"@type":"Organization","@id":"https:\/\/letrame.com\/catalogo\/#organization","name":"Catalogo | Letrame Grupo Editorial","url":"https:\/\/letrame.com\/catalogo\/","logo":{"@type":"ImageObject","inLanguage":"es","@id":"https:\/\/letrame.com\/catalogo\/#\/schema\/logo\/image\/","url":"https:\/\/letrame.com\/catalogo\/wp-content\/uploads\/2024\/03\/logo2.webp","contentUrl":"https:\/\/letrame.com\/catalogo\/wp-content\/uploads\/2024\/03\/logo2.webp","width":394,"height":128,"caption":"Catalogo | Letrame Grupo Editorial"},"image":{"@id":"https:\/\/letrame.com\/catalogo\/#\/schema\/logo\/image\/"}}]}},"_links":{"self":[{"href":"https:\/\/letrame.com\/catalogo\/wp-json\/wp\/v2\/product\/95211","targetHints":{"allow":["GET"]}}],"collection":[{"href":"https:\/\/letrame.com\/catalogo\/wp-json\/wp\/v2\/product"}],"about":[{"href":"https:\/\/letrame.com\/catalogo\/wp-json\/wp\/v2\/types\/product"}],"replies":[{"embeddable":true,"href":"https:\/\/letrame.com\/catalogo\/wp-json\/wp\/v2\/comments?post=95211"}],"wp:featuredmedia":[{"embeddable":true,"href":"https:\/\/letrame.com\/catalogo\/wp-json\/wp\/v2\/media\/95212"}],"wp:attachment":[{"href":"https:\/\/letrame.com\/catalogo\/wp-json\/wp\/v2\/media?parent=95211"}],"wp:term":[{"taxonomy":"libro","embeddable":true,"href":"https:\/\/letrame.com\/catalogo\/wp-json\/wp\/v2\/libro?post=95211"},{"taxonomy":"product_brand","embeddable":true,"href":"https:\/\/letrame.com\/catalogo\/wp-json\/wp\/v2\/product_brand?post=95211"},{"taxonomy":"product_cat","embeddable":true,"href":"https:\/\/letrame.com\/catalogo\/wp-json\/wp\/v2\/product_cat?post=95211"},{"taxonomy":"product_tag","embeddable":true,"href":"https:\/\/letrame.com\/catalogo\/wp-json\/wp\/v2\/product_tag?post=95211"}],"curies":[{"name":"wp","href":"https:\/\/api.w.org\/{rel}","templated":true}]}}