{"id":95206,"date":"2024-04-18T12:17:18","date_gmt":"2024-04-18T10:17:18","guid":{"rendered":"https:\/\/letrame.com\/catalogo\/producto\/el-sanador-y-los-siete-sabios-de-la-luz\/"},"modified":"2024-04-18T12:17:18","modified_gmt":"2024-04-18T10:17:18","slug":"el-sanador-y-los-siete-sabios-de-la-luz","status":"publish","type":"product","link":"https:\/\/letrame.com\/catalogo\/producto\/el-sanador-y-los-siete-sabios-de-la-luz\/","title":{"rendered":"El sanador y los siete sabios de la luz"},"content":{"rendered":"<p><strong>ISBN<\/strong>: 978-84-18090-66-0<br \/>\n<strong>T\u00edtulo<\/strong>: El sanador y los siete sabios de la luz<br \/>\n<strong>Fecha<\/strong>: 2020<br \/>\n<strong>P\u00e1ginas<\/strong>: 192<\/p>\n<p>&nbsp;<\/p>\n<p><strong>SINOPSIS<\/strong><\/p>\n<section>\n<div class=\"about-this-book\">\n<div class=\"container\">\n<div class=\"right-detail shop-detail1 pull-right col-md-8 col-sm-8 col-xs-12\">\n<div id=\"editionnal-reviews\" class=\"book-desc-detail\"><span class=\"detail-desc box-detail-desc\">Un joven terapeuta reci\u00e9n titulado en la escuela de naturopat\u00eda recibe un misterioso regalo, una oportunidad excepcional que le llevar\u00e1 a emprender un apasionante y enriquecedor viaje a lo largo de siete aldeas remotas de La India. All\u00ed, de la mano de siete sabios, maestros en el arte de la energ\u00eda de los chakras, le ser\u00e1n revelados los secretos de la sanaci\u00f3n energ\u00e9tica y el bienestar. Una f\u00e1bula espiritual que analiza las causas psicosom\u00e1ticas que promueven las distintas enfermedades y dolencias del ser humano desde una perspectiva hol\u00edstica, aportando soluciones para recuperar y preservar la salud que conforman lo que podr\u00eda considerarse como una Medicina Cu\u00e1ntica o \u00bfpor qu\u00e9 no? Divina. Su autor propone, a trav\u00e9s de un ameno di\u00e1logo salpicado de numerosos gui\u00f1os humor\u00edsticos, citas celebres y profundas reflexiones, acompa\u00f1ar a Juli\u00e1n, el protagonista, en su maravillosa aventura a lo largo de cada una de las reveladoras jornadas compartidas con sus doctos mentores; con objeto de descubrir c\u00f3mo mantener correctamente activados y equilibrados los principales centros energ\u00e9ticos de nuestro cuerpo y poder gozar del ansiado bienestar f\u00edsico, emocional y espiritual que todos anhelamos.<\/span><\/div>\n<div id=\"clear-scroll\" class=\"clearfix\"><\/div>\n<\/div>\n<\/div>\n<\/div>\n<\/section>\n<div class=\"feature-section feature-option2\">\n<div class=\"container\">\n<div class=\"related products\">\n<div class=\"title-box\"><\/div>\n<\/div>\n<\/div>\n<\/div>\n","protected":false},"excerpt":{"rendered":"<p><strong>ISBN: 978-84-18090-66-0<\/strong><\/p>\n<p>Un joven terapeuta reci\u00e9n titulado en la escuela de naturopat\u00eda recibe un misterioso regalo, una oportunidad excepcional que le llevar\u00e1 a emprender un apasionante y enriquecedor viaje a lo largo de siete aldeas remotas de La India. All\u00ed, de la mano de siete sabios, maestros en el arte de la energ\u00eda de los chakras, le ser\u00e1n revelados los secretos de la sanaci\u00f3n energ\u00e9tica y el bienestar.<br \/>\nUna f\u00e1bula espiritual que analiza las causas psicosom\u00e1ticas que promueven las distintas enfermedades y dolencias del ser humano desde una perspectiva hol\u00edstica, aportando soluciones para recuperar y preservar la salud que conforman lo que podr\u00eda considerarse como una Medicina Cu\u00e1ntica o \u00bfpor qu\u00e9 no? Divina.<\/p>\n","protected":false},"featured_media":95207,"comment_status":"closed","ping_status":"open","template":"","meta":{"_acf_changed":false},"libro":[],"product_brand":[],"product_cat":[16],"product_tag":[],"class_list":{"0":"post-95206","1":"product","2":"type-product","3":"status-publish","4":"has-post-thumbnail","6":"product_cat-novela","8":"first","9":"instock","10":"purchasable","11":"product-type-simple"},"acf":{"autor":[74160],"enlace_de_compra":""},"yoast_head":"<!-- This site is optimized with the Yoast SEO plugin v26.6 - https:\/\/yoast.com\/wordpress\/plugins\/seo\/ -->\n<title>El sanador y los siete sabios de la luz - Catalogo | Letrame Grupo Editorial<\/title>\n<meta name=\"robots\" content=\"index, follow, max-snippet:-1, max-image-preview:large, max-video-preview:-1\" \/>\n<link rel=\"canonical\" href=\"https:\/\/letrame.com\/catalogo\/producto\/el-sanador-y-los-siete-sabios-de-la-luz\/\" \/>\n<meta property=\"og:locale\" content=\"es_ES\" \/>\n<meta property=\"og:type\" content=\"article\" \/>\n<meta property=\"og:title\" content=\"El sanador y los siete sabios de la luz - Catalogo | Letrame Grupo Editorial\" \/>\n<meta property=\"og:description\" content=\"ISBN: 978-84-18090-66-0 Un joven terapeuta reci\u00e9n titulado en la escuela de naturopat\u00eda recibe un misterioso regalo, una oportunidad excepcional que le llevar\u00e1 a emprender un apasionante y enriquecedor viaje a lo largo de siete aldeas remotas de La India. All\u00ed, de la mano de siete sabios, maestros en el arte de la energ\u00eda de los chakras, le ser\u00e1n revelados los secretos de la sanaci\u00f3n energ\u00e9tica y el bienestar. Una f\u00e1bula espiritual que analiza las causas psicosom\u00e1ticas que promueven las distintas enfermedades y dolencias del ser humano desde una perspectiva hol\u00edstica, aportando soluciones para recuperar y preservar la salud que conforman lo que podr\u00eda considerarse como una Medicina Cu\u00e1ntica o \u00bfpor qu\u00e9 no? Divina.\" \/>\n<meta property=\"og:url\" content=\"https:\/\/letrame.com\/catalogo\/producto\/el-sanador-y-los-siete-sabios-de-la-luz\/\" \/>\n<meta property=\"og:site_name\" content=\"Catalogo | Letrame Grupo Editorial\" \/>\n<meta property=\"og:image\" content=\"https:\/\/letrame.com\/catalogo\/wp-content\/uploads\/2024\/04\/portada_losanadores_996mm-compressed-scaled-1.jpg\" \/>\n\t<meta property=\"og:image:width\" content=\"1746\" \/>\n\t<meta property=\"og:image:height\" content=\"2560\" \/>\n\t<meta property=\"og:image:type\" content=\"image\/jpeg\" \/>\n<meta name=\"twitter:card\" content=\"summary_large_image\" \/>\n<meta name=\"twitter:label1\" content=\"Tiempo de lectura\" \/>\n\t<meta name=\"twitter:data1\" content=\"1 minuto\" \/>\n<script type=\"application\/ld+json\" class=\"yoast-schema-graph\">{\"@context\":\"https:\/\/schema.org\",\"@graph\":[{\"@type\":\"WebPage\",\"@id\":\"https:\/\/letrame.com\/catalogo\/producto\/el-sanador-y-los-siete-sabios-de-la-luz\/\",\"url\":\"https:\/\/letrame.com\/catalogo\/producto\/el-sanador-y-los-siete-sabios-de-la-luz\/\",\"name\":\"El sanador y los siete sabios de la luz - Catalogo | Letrame Grupo Editorial\",\"isPartOf\":{\"@id\":\"https:\/\/letrame.com\/catalogo\/#website\"},\"primaryImageOfPage\":{\"@id\":\"https:\/\/letrame.com\/catalogo\/producto\/el-sanador-y-los-siete-sabios-de-la-luz\/#primaryimage\"},\"image\":{\"@id\":\"https:\/\/letrame.com\/catalogo\/producto\/el-sanador-y-los-siete-sabios-de-la-luz\/#primaryimage\"},\"thumbnailUrl\":\"https:\/\/letrame.com\/catalogo\/wp-content\/uploads\/2024\/04\/portada_losanadores_996mm-compressed-scaled-1.jpg\",\"datePublished\":\"2024-04-18T10:17:18+00:00\",\"breadcrumb\":{\"@id\":\"https:\/\/letrame.com\/catalogo\/producto\/el-sanador-y-los-siete-sabios-de-la-luz\/#breadcrumb\"},\"inLanguage\":\"es\",\"potentialAction\":[{\"@type\":\"ReadAction\",\"target\":[\"https:\/\/letrame.com\/catalogo\/producto\/el-sanador-y-los-siete-sabios-de-la-luz\/\"]}]},{\"@type\":\"ImageObject\",\"inLanguage\":\"es\",\"@id\":\"https:\/\/letrame.com\/catalogo\/producto\/el-sanador-y-los-siete-sabios-de-la-luz\/#primaryimage\",\"url\":\"https:\/\/letrame.com\/catalogo\/wp-content\/uploads\/2024\/04\/portada_losanadores_996mm-compressed-scaled-1.jpg\",\"contentUrl\":\"https:\/\/letrame.com\/catalogo\/wp-content\/uploads\/2024\/04\/portada_losanadores_996mm-compressed-scaled-1.jpg\",\"width\":1746,\"height\":2560},{\"@type\":\"BreadcrumbList\",\"@id\":\"https:\/\/letrame.com\/catalogo\/producto\/el-sanador-y-los-siete-sabios-de-la-luz\/#breadcrumb\",\"itemListElement\":[{\"@type\":\"ListItem\",\"position\":1,\"name\":\"Portada\",\"item\":\"https:\/\/letrame.com\/catalogo\/\"},{\"@type\":\"ListItem\",\"position\":2,\"name\":\"Cat\u00e1logo\",\"item\":\"https:\/\/letrame.com\/catalogo\/\"},{\"@type\":\"ListItem\",\"position\":3,\"name\":\"El sanador y los siete sabios de la luz\"}]},{\"@type\":\"WebSite\",\"@id\":\"https:\/\/letrame.com\/catalogo\/#website\",\"url\":\"https:\/\/letrame.com\/catalogo\/\",\"name\":\"Catalogo | Letrame Grupo Editorial\",\"description\":\"\",\"publisher\":{\"@id\":\"https:\/\/letrame.com\/catalogo\/#organization\"},\"potentialAction\":[{\"@type\":\"SearchAction\",\"target\":{\"@type\":\"EntryPoint\",\"urlTemplate\":\"https:\/\/letrame.com\/catalogo\/?s={search_term_string}\"},\"query-input\":{\"@type\":\"PropertyValueSpecification\",\"valueRequired\":true,\"valueName\":\"search_term_string\"}}],\"inLanguage\":\"es\"},{\"@type\":\"Organization\",\"@id\":\"https:\/\/letrame.com\/catalogo\/#organization\",\"name\":\"Catalogo | Letrame Grupo Editorial\",\"url\":\"https:\/\/letrame.com\/catalogo\/\",\"logo\":{\"@type\":\"ImageObject\",\"inLanguage\":\"es\",\"@id\":\"https:\/\/letrame.com\/catalogo\/#\/schema\/logo\/image\/\",\"url\":\"https:\/\/letrame.com\/catalogo\/wp-content\/uploads\/2024\/03\/logo2.webp\",\"contentUrl\":\"https:\/\/letrame.com\/catalogo\/wp-content\/uploads\/2024\/03\/logo2.webp\",\"width\":394,\"height\":128,\"caption\":\"Catalogo | Letrame Grupo Editorial\"},\"image\":{\"@id\":\"https:\/\/letrame.com\/catalogo\/#\/schema\/logo\/image\/\"}}]}<\/script>\n<!-- \/ Yoast SEO plugin. -->","yoast_head_json":{"title":"El sanador y los siete sabios de la luz - Catalogo | Letrame Grupo Editorial","robots":{"index":"index","follow":"follow","max-snippet":"max-snippet:-1","max-image-preview":"max-image-preview:large","max-video-preview":"max-video-preview:-1"},"canonical":"https:\/\/letrame.com\/catalogo\/producto\/el-sanador-y-los-siete-sabios-de-la-luz\/","og_locale":"es_ES","og_type":"article","og_title":"El sanador y los siete sabios de la luz - Catalogo | Letrame Grupo Editorial","og_description":"ISBN: 978-84-18090-66-0 Un joven terapeuta reci\u00e9n titulado en la escuela de naturopat\u00eda recibe un misterioso regalo, una oportunidad excepcional que le llevar\u00e1 a emprender un apasionante y enriquecedor viaje a lo largo de siete aldeas remotas de La India. All\u00ed, de la mano de siete sabios, maestros en el arte de la energ\u00eda de los chakras, le ser\u00e1n revelados los secretos de la sanaci\u00f3n energ\u00e9tica y el bienestar. Una f\u00e1bula espiritual que analiza las causas psicosom\u00e1ticas que promueven las distintas enfermedades y dolencias del ser humano desde una perspectiva hol\u00edstica, aportando soluciones para recuperar y preservar la salud que conforman lo que podr\u00eda considerarse como una Medicina Cu\u00e1ntica o \u00bfpor qu\u00e9 no? Divina.","og_url":"https:\/\/letrame.com\/catalogo\/producto\/el-sanador-y-los-siete-sabios-de-la-luz\/","og_site_name":"Catalogo | Letrame Grupo Editorial","og_image":[{"width":1746,"height":2560,"url":"https:\/\/letrame.com\/catalogo\/wp-content\/uploads\/2024\/04\/portada_losanadores_996mm-compressed-scaled-1.jpg","type":"image\/jpeg"}],"twitter_card":"summary_large_image","twitter_misc":{"Tiempo de lectura":"1 minuto"},"schema":{"@context":"https:\/\/schema.org","@graph":[{"@type":"WebPage","@id":"https:\/\/letrame.com\/catalogo\/producto\/el-sanador-y-los-siete-sabios-de-la-luz\/","url":"https:\/\/letrame.com\/catalogo\/producto\/el-sanador-y-los-siete-sabios-de-la-luz\/","name":"El sanador y los siete sabios de la luz - Catalogo | Letrame Grupo Editorial","isPartOf":{"@id":"https:\/\/letrame.com\/catalogo\/#website"},"primaryImageOfPage":{"@id":"https:\/\/letrame.com\/catalogo\/producto\/el-sanador-y-los-siete-sabios-de-la-luz\/#primaryimage"},"image":{"@id":"https:\/\/letrame.com\/catalogo\/producto\/el-sanador-y-los-siete-sabios-de-la-luz\/#primaryimage"},"thumbnailUrl":"https:\/\/letrame.com\/catalogo\/wp-content\/uploads\/2024\/04\/portada_losanadores_996mm-compressed-scaled-1.jpg","datePublished":"2024-04-18T10:17:18+00:00","breadcrumb":{"@id":"https:\/\/letrame.com\/catalogo\/producto\/el-sanador-y-los-siete-sabios-de-la-luz\/#breadcrumb"},"inLanguage":"es","potentialAction":[{"@type":"ReadAction","target":["https:\/\/letrame.com\/catalogo\/producto\/el-sanador-y-los-siete-sabios-de-la-luz\/"]}]},{"@type":"ImageObject","inLanguage":"es","@id":"https:\/\/letrame.com\/catalogo\/producto\/el-sanador-y-los-siete-sabios-de-la-luz\/#primaryimage","url":"https:\/\/letrame.com\/catalogo\/wp-content\/uploads\/2024\/04\/portada_losanadores_996mm-compressed-scaled-1.jpg","contentUrl":"https:\/\/letrame.com\/catalogo\/wp-content\/uploads\/2024\/04\/portada_losanadores_996mm-compressed-scaled-1.jpg","width":1746,"height":2560},{"@type":"BreadcrumbList","@id":"https:\/\/letrame.com\/catalogo\/producto\/el-sanador-y-los-siete-sabios-de-la-luz\/#breadcrumb","itemListElement":[{"@type":"ListItem","position":1,"name":"Portada","item":"https:\/\/letrame.com\/catalogo\/"},{"@type":"ListItem","position":2,"name":"Cat\u00e1logo","item":"https:\/\/letrame.com\/catalogo\/"},{"@type":"ListItem","position":3,"name":"El sanador y los siete sabios de la luz"}]},{"@type":"WebSite","@id":"https:\/\/letrame.com\/catalogo\/#website","url":"https:\/\/letrame.com\/catalogo\/","name":"Catalogo | Letrame Grupo Editorial","description":"","publisher":{"@id":"https:\/\/letrame.com\/catalogo\/#organization"},"potentialAction":[{"@type":"SearchAction","target":{"@type":"EntryPoint","urlTemplate":"https:\/\/letrame.com\/catalogo\/?s={search_term_string}"},"query-input":{"@type":"PropertyValueSpecification","valueRequired":true,"valueName":"search_term_string"}}],"inLanguage":"es"},{"@type":"Organization","@id":"https:\/\/letrame.com\/catalogo\/#organization","name":"Catalogo | Letrame Grupo Editorial","url":"https:\/\/letrame.com\/catalogo\/","logo":{"@type":"ImageObject","inLanguage":"es","@id":"https:\/\/letrame.com\/catalogo\/#\/schema\/logo\/image\/","url":"https:\/\/letrame.com\/catalogo\/wp-content\/uploads\/2024\/03\/logo2.webp","contentUrl":"https:\/\/letrame.com\/catalogo\/wp-content\/uploads\/2024\/03\/logo2.webp","width":394,"height":128,"caption":"Catalogo | Letrame Grupo Editorial"},"image":{"@id":"https:\/\/letrame.com\/catalogo\/#\/schema\/logo\/image\/"}}]}},"_links":{"self":[{"href":"https:\/\/letrame.com\/catalogo\/wp-json\/wp\/v2\/product\/95206","targetHints":{"allow":["GET"]}}],"collection":[{"href":"https:\/\/letrame.com\/catalogo\/wp-json\/wp\/v2\/product"}],"about":[{"href":"https:\/\/letrame.com\/catalogo\/wp-json\/wp\/v2\/types\/product"}],"replies":[{"embeddable":true,"href":"https:\/\/letrame.com\/catalogo\/wp-json\/wp\/v2\/comments?post=95206"}],"acf:post":[{"embeddable":true,"href":"https:\/\/letrame.com\/catalogo\/wp-json\/wp\/v2\/author_book\/74160"}],"wp:featuredmedia":[{"embeddable":true,"href":"https:\/\/letrame.com\/catalogo\/wp-json\/wp\/v2\/media\/95207"}],"wp:attachment":[{"href":"https:\/\/letrame.com\/catalogo\/wp-json\/wp\/v2\/media?parent=95206"}],"wp:term":[{"taxonomy":"libro","embeddable":true,"href":"https:\/\/letrame.com\/catalogo\/wp-json\/wp\/v2\/libro?post=95206"},{"taxonomy":"product_brand","embeddable":true,"href":"https:\/\/letrame.com\/catalogo\/wp-json\/wp\/v2\/product_brand?post=95206"},{"taxonomy":"product_cat","embeddable":true,"href":"https:\/\/letrame.com\/catalogo\/wp-json\/wp\/v2\/product_cat?post=95206"},{"taxonomy":"product_tag","embeddable":true,"href":"https:\/\/letrame.com\/catalogo\/wp-json\/wp\/v2\/product_tag?post=95206"}],"curies":[{"name":"wp","href":"https:\/\/api.w.org\/{rel}","templated":true}]}}