{"id":95204,"date":"2024-04-18T12:16:44","date_gmt":"2024-04-18T10:16:44","guid":{"rendered":"https:\/\/letrame.com\/catalogo\/producto\/la-mesa-de-al-lado\/"},"modified":"2024-04-18T12:17:06","modified_gmt":"2024-04-18T10:17:06","slug":"la-mesa-de-al-lado","status":"publish","type":"product","link":"https:\/\/letrame.com\/catalogo\/producto\/la-mesa-de-al-lado\/","title":{"rendered":"La mesa de al lado"},"content":{"rendered":"<p><strong>ISBN<\/strong>: 978-84-18186-11-0<br \/>\n<strong>T\u00edtulo<\/strong>: La mesa de al lado<br \/>\n<strong>Fecha<\/strong>: 2020<br \/>\n<strong>P\u00e1ginas<\/strong>: 254<\/p>\n<p>&nbsp;<\/p>\n<p><strong>SINOPSIS<\/strong><\/p>\n<section>\n<div class=\"about-this-book\">\n<div class=\"container\">\n<div class=\"right-detail shop-detail1 pull-right col-md-8 col-sm-8 col-xs-12\">\n<div id=\"editionnal-reviews\" class=\"book-desc-detail\"><span class=\"detail-desc box-detail-desc\">La mesa de al lado es un conjunto particular de relatos creados a partir de diferentes situaciones cotidianas que llevan a la narradora a ser part\u00edcipe de multitud de debates sobre temas comunes en nuestro d\u00eda a d\u00eda. Temas que generalmente el ser humano oculta p\u00fablicamente por miedo al qu\u00e9 pensar\u00e1n, pero se comentan en privado; confesiones personales, romances, discusiones, temas tab\u00faes&#8230; pero, siempre, historias reales. Estas p\u00e1ginas tienen el poder de hacerte sentir identificado con sus sucesos y adentrarte en sus profundas reflexiones sobre la vida. Con un lenguaje coloquial se forma un libro repleto de diversi\u00f3n, intriga, miedos y muchas m\u00e1s emociones intensas. Nacido de una serie de estad\u00edsticas que estudiaron los comportamientos humanos, las relaciones entre las personas en nuestra sociedad, el cotilleo puro y duro que est\u00e1 intr\u00ednseco en nuestras vidas y un pu\u00f1ado de picard\u00eda de la mano de Marina Garc\u00eda Plaza. Treinta historietas, una vida.<\/span><\/div>\n<div id=\"clear-scroll\" class=\"clearfix\"><\/div>\n<\/div>\n<\/div>\n<\/div>\n<\/section>\n<div class=\"feature-section feature-option2\">\n<div class=\"container\">\n<div class=\"related products\">\n<div class=\"title-box\"><\/div>\n<\/div>\n<\/div>\n<\/div>\n","protected":false},"excerpt":{"rendered":"<p><strong>ISBN: 978-84-18186-11-0<\/strong><\/p>\n<p><em>La mesa de al lado<\/em> es un conjunto particular de relatos creados a partir de diferentes situaciones cotidianas que llevan a la narradora a ser part\u00edcipe de multitud de debates sobre temas comunes en nuestro d\u00eda a d\u00eda. Temas que generalmente el ser humano oculta p\u00fablicamente por miedo al qu\u00e9 pensar\u00e1n, pero se comentan en privado; confesiones personales, romances, discusiones, temas tab\u00faes&#8230; pero, siempre, historias reales.<\/p>\n<p>Estas p\u00e1ginas tienen el poder de hacerte sentir identificado con sus sucesos y adentrarte en sus profundas reflexiones sobre la vida.<\/p>\n<p>Con un lenguaje coloquial se forma un libro repleto de diversi\u00f3n, intriga, miedos y muchas m\u00e1s emociones intensas.<\/p>\n<p>Nacido de una serie de estad\u00edsticas que estudiaron los comportamientos humanos, las relaciones entre las personas en nuestra sociedad, el cotilleo puro y duro que est\u00e1 intr\u00ednseco en nuestras vidas y un pu\u00f1ado de picard\u00eda de la mano de Marina Garc\u00eda Plaza.<\/p>\n<p><em>Treinta historietas, una vida.<\/em><\/p>\n","protected":false},"featured_media":95205,"comment_status":"closed","ping_status":"open","template":"","meta":{"_acf_changed":false},"libro":[],"product_brand":[],"product_cat":[21],"product_tag":[],"class_list":{"0":"post-95204","1":"product","2":"type-product","3":"status-publish","4":"has-post-thumbnail","6":"product_cat-relato","8":"first","9":"instock","10":"purchasable","11":"product-type-simple"},"acf":{"autor":[74158],"enlace_de_compra":""},"yoast_head":"<!-- This site is optimized with the Yoast SEO plugin v26.6 - https:\/\/yoast.com\/wordpress\/plugins\/seo\/ -->\n<title>La mesa de al lado - Catalogo | Letrame Grupo Editorial<\/title>\n<meta name=\"robots\" content=\"index, follow, max-snippet:-1, max-image-preview:large, max-video-preview:-1\" \/>\n<link rel=\"canonical\" href=\"https:\/\/letrame.com\/catalogo\/producto\/la-mesa-de-al-lado\/\" \/>\n<meta property=\"og:locale\" content=\"es_ES\" \/>\n<meta property=\"og:type\" content=\"article\" \/>\n<meta property=\"og:title\" content=\"La mesa de al lado - Catalogo | Letrame Grupo Editorial\" \/>\n<meta property=\"og:description\" content=\"ISBN: 978-84-18186-11-0 La mesa de al lado es un conjunto particular de relatos creados a partir de diferentes situaciones cotidianas que llevan a la narradora a ser part\u00edcipe de multitud de debates sobre temas comunes en nuestro d\u00eda a d\u00eda. Temas que generalmente el ser humano oculta p\u00fablicamente por miedo al qu\u00e9 pensar\u00e1n, pero se comentan en privado; confesiones personales, romances, discusiones, temas tab\u00faes... pero, siempre, historias reales. Estas p\u00e1ginas tienen el poder de hacerte sentir identificado con sus sucesos y adentrarte en sus profundas reflexiones sobre la vida. Con un lenguaje coloquial se forma un libro repleto de diversi\u00f3n, intriga, miedos y muchas m\u00e1s emociones intensas. Nacido de una serie de estad\u00edsticas que estudiaron los comportamientos humanos, las relaciones entre las personas en nuestra sociedad, el cotilleo puro y duro que est\u00e1 intr\u00ednseco en nuestras vidas y un pu\u00f1ado de picard\u00eda de la mano de Marina Garc\u00eda Plaza. Treinta historietas, una vida.\" \/>\n<meta property=\"og:url\" content=\"https:\/\/letrame.com\/catalogo\/producto\/la-mesa-de-al-lado\/\" \/>\n<meta property=\"og:site_name\" content=\"Catalogo | Letrame Grupo Editorial\" \/>\n<meta property=\"article:modified_time\" content=\"2024-04-18T10:17:06+00:00\" \/>\n<meta property=\"og:image\" content=\"https:\/\/letrame.com\/catalogo\/wp-content\/uploads\/2024\/04\/portada_lamesadeallado_1282mm-compressed-scaled-1.jpg\" \/>\n\t<meta property=\"og:image:width\" content=\"1746\" \/>\n\t<meta property=\"og:image:height\" content=\"2560\" \/>\n\t<meta property=\"og:image:type\" content=\"image\/jpeg\" \/>\n<meta name=\"twitter:card\" content=\"summary_large_image\" \/>\n<meta name=\"twitter:label1\" content=\"Tiempo de lectura\" \/>\n\t<meta name=\"twitter:data1\" content=\"1 minuto\" \/>\n<script type=\"application\/ld+json\" class=\"yoast-schema-graph\">{\"@context\":\"https:\/\/schema.org\",\"@graph\":[{\"@type\":\"WebPage\",\"@id\":\"https:\/\/letrame.com\/catalogo\/producto\/la-mesa-de-al-lado\/\",\"url\":\"https:\/\/letrame.com\/catalogo\/producto\/la-mesa-de-al-lado\/\",\"name\":\"La mesa de al lado - Catalogo | Letrame Grupo Editorial\",\"isPartOf\":{\"@id\":\"https:\/\/letrame.com\/catalogo\/#website\"},\"primaryImageOfPage\":{\"@id\":\"https:\/\/letrame.com\/catalogo\/producto\/la-mesa-de-al-lado\/#primaryimage\"},\"image\":{\"@id\":\"https:\/\/letrame.com\/catalogo\/producto\/la-mesa-de-al-lado\/#primaryimage\"},\"thumbnailUrl\":\"https:\/\/letrame.com\/catalogo\/wp-content\/uploads\/2024\/04\/portada_lamesadeallado_1282mm-compressed-scaled-1.jpg\",\"datePublished\":\"2024-04-18T10:16:44+00:00\",\"dateModified\":\"2024-04-18T10:17:06+00:00\",\"breadcrumb\":{\"@id\":\"https:\/\/letrame.com\/catalogo\/producto\/la-mesa-de-al-lado\/#breadcrumb\"},\"inLanguage\":\"es\",\"potentialAction\":[{\"@type\":\"ReadAction\",\"target\":[\"https:\/\/letrame.com\/catalogo\/producto\/la-mesa-de-al-lado\/\"]}]},{\"@type\":\"ImageObject\",\"inLanguage\":\"es\",\"@id\":\"https:\/\/letrame.com\/catalogo\/producto\/la-mesa-de-al-lado\/#primaryimage\",\"url\":\"https:\/\/letrame.com\/catalogo\/wp-content\/uploads\/2024\/04\/portada_lamesadeallado_1282mm-compressed-scaled-1.jpg\",\"contentUrl\":\"https:\/\/letrame.com\/catalogo\/wp-content\/uploads\/2024\/04\/portada_lamesadeallado_1282mm-compressed-scaled-1.jpg\",\"width\":1746,\"height\":2560},{\"@type\":\"BreadcrumbList\",\"@id\":\"https:\/\/letrame.com\/catalogo\/producto\/la-mesa-de-al-lado\/#breadcrumb\",\"itemListElement\":[{\"@type\":\"ListItem\",\"position\":1,\"name\":\"Portada\",\"item\":\"https:\/\/letrame.com\/catalogo\/\"},{\"@type\":\"ListItem\",\"position\":2,\"name\":\"Cat\u00e1logo\",\"item\":\"https:\/\/letrame.com\/catalogo\/\"},{\"@type\":\"ListItem\",\"position\":3,\"name\":\"La mesa de al lado\"}]},{\"@type\":\"WebSite\",\"@id\":\"https:\/\/letrame.com\/catalogo\/#website\",\"url\":\"https:\/\/letrame.com\/catalogo\/\",\"name\":\"Catalogo | Letrame Grupo Editorial\",\"description\":\"\",\"publisher\":{\"@id\":\"https:\/\/letrame.com\/catalogo\/#organization\"},\"potentialAction\":[{\"@type\":\"SearchAction\",\"target\":{\"@type\":\"EntryPoint\",\"urlTemplate\":\"https:\/\/letrame.com\/catalogo\/?s={search_term_string}\"},\"query-input\":{\"@type\":\"PropertyValueSpecification\",\"valueRequired\":true,\"valueName\":\"search_term_string\"}}],\"inLanguage\":\"es\"},{\"@type\":\"Organization\",\"@id\":\"https:\/\/letrame.com\/catalogo\/#organization\",\"name\":\"Catalogo | Letrame Grupo Editorial\",\"url\":\"https:\/\/letrame.com\/catalogo\/\",\"logo\":{\"@type\":\"ImageObject\",\"inLanguage\":\"es\",\"@id\":\"https:\/\/letrame.com\/catalogo\/#\/schema\/logo\/image\/\",\"url\":\"https:\/\/letrame.com\/catalogo\/wp-content\/uploads\/2024\/03\/logo2.webp\",\"contentUrl\":\"https:\/\/letrame.com\/catalogo\/wp-content\/uploads\/2024\/03\/logo2.webp\",\"width\":394,\"height\":128,\"caption\":\"Catalogo | Letrame Grupo Editorial\"},\"image\":{\"@id\":\"https:\/\/letrame.com\/catalogo\/#\/schema\/logo\/image\/\"}}]}<\/script>\n<!-- \/ Yoast SEO plugin. -->","yoast_head_json":{"title":"La mesa de al lado - Catalogo | Letrame Grupo Editorial","robots":{"index":"index","follow":"follow","max-snippet":"max-snippet:-1","max-image-preview":"max-image-preview:large","max-video-preview":"max-video-preview:-1"},"canonical":"https:\/\/letrame.com\/catalogo\/producto\/la-mesa-de-al-lado\/","og_locale":"es_ES","og_type":"article","og_title":"La mesa de al lado - Catalogo | Letrame Grupo Editorial","og_description":"ISBN: 978-84-18186-11-0 La mesa de al lado es un conjunto particular de relatos creados a partir de diferentes situaciones cotidianas que llevan a la narradora a ser part\u00edcipe de multitud de debates sobre temas comunes en nuestro d\u00eda a d\u00eda. Temas que generalmente el ser humano oculta p\u00fablicamente por miedo al qu\u00e9 pensar\u00e1n, pero se comentan en privado; confesiones personales, romances, discusiones, temas tab\u00faes... pero, siempre, historias reales. Estas p\u00e1ginas tienen el poder de hacerte sentir identificado con sus sucesos y adentrarte en sus profundas reflexiones sobre la vida. Con un lenguaje coloquial se forma un libro repleto de diversi\u00f3n, intriga, miedos y muchas m\u00e1s emociones intensas. Nacido de una serie de estad\u00edsticas que estudiaron los comportamientos humanos, las relaciones entre las personas en nuestra sociedad, el cotilleo puro y duro que est\u00e1 intr\u00ednseco en nuestras vidas y un pu\u00f1ado de picard\u00eda de la mano de Marina Garc\u00eda Plaza. Treinta historietas, una vida.","og_url":"https:\/\/letrame.com\/catalogo\/producto\/la-mesa-de-al-lado\/","og_site_name":"Catalogo | Letrame Grupo Editorial","article_modified_time":"2024-04-18T10:17:06+00:00","og_image":[{"width":1746,"height":2560,"url":"https:\/\/letrame.com\/catalogo\/wp-content\/uploads\/2024\/04\/portada_lamesadeallado_1282mm-compressed-scaled-1.jpg","type":"image\/jpeg"}],"twitter_card":"summary_large_image","twitter_misc":{"Tiempo de lectura":"1 minuto"},"schema":{"@context":"https:\/\/schema.org","@graph":[{"@type":"WebPage","@id":"https:\/\/letrame.com\/catalogo\/producto\/la-mesa-de-al-lado\/","url":"https:\/\/letrame.com\/catalogo\/producto\/la-mesa-de-al-lado\/","name":"La mesa de al lado - Catalogo | Letrame Grupo Editorial","isPartOf":{"@id":"https:\/\/letrame.com\/catalogo\/#website"},"primaryImageOfPage":{"@id":"https:\/\/letrame.com\/catalogo\/producto\/la-mesa-de-al-lado\/#primaryimage"},"image":{"@id":"https:\/\/letrame.com\/catalogo\/producto\/la-mesa-de-al-lado\/#primaryimage"},"thumbnailUrl":"https:\/\/letrame.com\/catalogo\/wp-content\/uploads\/2024\/04\/portada_lamesadeallado_1282mm-compressed-scaled-1.jpg","datePublished":"2024-04-18T10:16:44+00:00","dateModified":"2024-04-18T10:17:06+00:00","breadcrumb":{"@id":"https:\/\/letrame.com\/catalogo\/producto\/la-mesa-de-al-lado\/#breadcrumb"},"inLanguage":"es","potentialAction":[{"@type":"ReadAction","target":["https:\/\/letrame.com\/catalogo\/producto\/la-mesa-de-al-lado\/"]}]},{"@type":"ImageObject","inLanguage":"es","@id":"https:\/\/letrame.com\/catalogo\/producto\/la-mesa-de-al-lado\/#primaryimage","url":"https:\/\/letrame.com\/catalogo\/wp-content\/uploads\/2024\/04\/portada_lamesadeallado_1282mm-compressed-scaled-1.jpg","contentUrl":"https:\/\/letrame.com\/catalogo\/wp-content\/uploads\/2024\/04\/portada_lamesadeallado_1282mm-compressed-scaled-1.jpg","width":1746,"height":2560},{"@type":"BreadcrumbList","@id":"https:\/\/letrame.com\/catalogo\/producto\/la-mesa-de-al-lado\/#breadcrumb","itemListElement":[{"@type":"ListItem","position":1,"name":"Portada","item":"https:\/\/letrame.com\/catalogo\/"},{"@type":"ListItem","position":2,"name":"Cat\u00e1logo","item":"https:\/\/letrame.com\/catalogo\/"},{"@type":"ListItem","position":3,"name":"La mesa de al lado"}]},{"@type":"WebSite","@id":"https:\/\/letrame.com\/catalogo\/#website","url":"https:\/\/letrame.com\/catalogo\/","name":"Catalogo | Letrame Grupo Editorial","description":"","publisher":{"@id":"https:\/\/letrame.com\/catalogo\/#organization"},"potentialAction":[{"@type":"SearchAction","target":{"@type":"EntryPoint","urlTemplate":"https:\/\/letrame.com\/catalogo\/?s={search_term_string}"},"query-input":{"@type":"PropertyValueSpecification","valueRequired":true,"valueName":"search_term_string"}}],"inLanguage":"es"},{"@type":"Organization","@id":"https:\/\/letrame.com\/catalogo\/#organization","name":"Catalogo | Letrame Grupo Editorial","url":"https:\/\/letrame.com\/catalogo\/","logo":{"@type":"ImageObject","inLanguage":"es","@id":"https:\/\/letrame.com\/catalogo\/#\/schema\/logo\/image\/","url":"https:\/\/letrame.com\/catalogo\/wp-content\/uploads\/2024\/03\/logo2.webp","contentUrl":"https:\/\/letrame.com\/catalogo\/wp-content\/uploads\/2024\/03\/logo2.webp","width":394,"height":128,"caption":"Catalogo | Letrame Grupo Editorial"},"image":{"@id":"https:\/\/letrame.com\/catalogo\/#\/schema\/logo\/image\/"}}]}},"_links":{"self":[{"href":"https:\/\/letrame.com\/catalogo\/wp-json\/wp\/v2\/product\/95204","targetHints":{"allow":["GET"]}}],"collection":[{"href":"https:\/\/letrame.com\/catalogo\/wp-json\/wp\/v2\/product"}],"about":[{"href":"https:\/\/letrame.com\/catalogo\/wp-json\/wp\/v2\/types\/product"}],"replies":[{"embeddable":true,"href":"https:\/\/letrame.com\/catalogo\/wp-json\/wp\/v2\/comments?post=95204"}],"acf:post":[{"embeddable":true,"href":"https:\/\/letrame.com\/catalogo\/wp-json\/wp\/v2\/author_book\/74158"}],"wp:featuredmedia":[{"embeddable":true,"href":"https:\/\/letrame.com\/catalogo\/wp-json\/wp\/v2\/media\/95205"}],"wp:attachment":[{"href":"https:\/\/letrame.com\/catalogo\/wp-json\/wp\/v2\/media?parent=95204"}],"wp:term":[{"taxonomy":"libro","embeddable":true,"href":"https:\/\/letrame.com\/catalogo\/wp-json\/wp\/v2\/libro?post=95204"},{"taxonomy":"product_brand","embeddable":true,"href":"https:\/\/letrame.com\/catalogo\/wp-json\/wp\/v2\/product_brand?post=95204"},{"taxonomy":"product_cat","embeddable":true,"href":"https:\/\/letrame.com\/catalogo\/wp-json\/wp\/v2\/product_cat?post=95204"},{"taxonomy":"product_tag","embeddable":true,"href":"https:\/\/letrame.com\/catalogo\/wp-json\/wp\/v2\/product_tag?post=95204"}],"curies":[{"name":"wp","href":"https:\/\/api.w.org\/{rel}","templated":true}]}}