{"id":95173,"date":"2024-04-18T12:13:05","date_gmt":"2024-04-18T10:13:05","guid":{"rendered":"https:\/\/letrame.com\/catalogo\/producto\/atencion-a-la-carta\/"},"modified":"2024-04-18T12:13:05","modified_gmt":"2024-04-18T10:13:05","slug":"atencion-a-la-carta","status":"publish","type":"product","link":"https:\/\/letrame.com\/catalogo\/producto\/atencion-a-la-carta\/","title":{"rendered":"Atenci\u00f3n a la carta"},"content":{"rendered":"<p><strong>ISBN<\/strong>: 978-84-18024-65-8<br \/>\n<strong>T\u00edtulo<\/strong>: Atenci\u00f3n a la carta<br \/>\n<strong>Fecha<\/strong>: 2019<br \/>\n<strong>P\u00e1ginas<\/strong>: 235<\/p>\n<p>&nbsp;<\/p>\n<p><strong>SINOPSIS<\/strong><\/p>\n<section>\n<div class=\"about-this-book\">\n<div class=\"container\">\n<div class=\"right-detail shop-detail1 pull-right col-md-8 col-sm-8 col-xs-12\">\n<div id=\"editionnal-reviews\" class=\"book-desc-detail\"><span class=\"detail-desc box-detail-desc\">LOS EMPRENDEDORES EST\u00c1N OLVIDANDO ALGO ESENCIAL LO \u00daNICO&nbsp;QUE REALMENTE&nbsp;SATISFACE A UN CONSUMIDOR&nbsp;Y LO HACE VOLVER&nbsp;ES EL BUEN TRATO \u00bfC\u00f3mo ofrecer a tus clientes una atenci\u00f3n \u00fanica y personalizada? Atenci\u00f3n a la carta&nbsp;ofrece una nueva visi\u00f3n de servicio que sirve de puente en tu comunicaci\u00f3n como emprendedor con tus empleados y tus clientes. Este libro te gu\u00eda, paso a paso, para posicionar tu marca y tu servicio como \u00fanicos entre tus clientes y sin competencia en el mercado.<\/span><\/div>\n<div id=\"clear-scroll\" class=\"clearfix\"><\/div>\n<\/div>\n<\/div>\n<\/div>\n<\/section>\n<div class=\"feature-section feature-option2\">\n<div class=\"container\">\n<div class=\"related products\">\n<div class=\"title-box\"><\/div>\n<\/div>\n<\/div>\n<\/div>\n","protected":false},"excerpt":{"rendered":"<p><strong><span class=\"sku_wrapper\">ISBN:\u00a0<span class=\"sku\">978-84-18024-65-8<\/span><\/span><\/strong><\/p>\n<p><strong>LOS EMPRENDEDORES EST\u00c1N <\/strong><strong>OLVIDANDO ALGO ESENCIAL <\/strong><\/p>\n<p><strong>LO \u00daNICO\u00a0QUE REALMENTE\u00a0<\/strong><strong>SATISFACE A UN CONSUMIDOR\u00a0<\/strong><strong>Y LO HACE VOLVER<\/strong><strong>\u00a0ES EL BUEN TRATO<\/strong><\/p>\n<p><strong>\u00bfC\u00f3mo ofrecer a tus clientes una atenci\u00f3n \u00fanica y personalizada?<\/strong><\/p>\n<p><em>Atenci\u00f3n a la carta<\/em>\u00a0ofrece una nueva visi\u00f3n de servicio que sirve de puente en tu comunicaci\u00f3n como emprendedor con tus empleados y tus clientes. Este libro te gu\u00eda, paso a paso, para posicionar tu marca y tu servicio como \u00fanicos entre tus clientes y sin competencia en el mercado.<\/p>\n","protected":false},"featured_media":95174,"comment_status":"closed","ping_status":"open","template":"","meta":{"_acf_changed":false},"libro":[],"product_brand":[],"product_cat":[18],"product_tag":[],"class_list":{"0":"post-95173","1":"product","2":"type-product","3":"status-publish","4":"has-post-thumbnail","6":"product_cat-autoayuda","8":"first","9":"instock","10":"purchasable","11":"product-type-simple"},"acf":{"autor":[73985],"enlace_de_compra":""},"yoast_head":"<!-- This site is optimized with the Yoast SEO plugin v26.6 - https:\/\/yoast.com\/wordpress\/plugins\/seo\/ -->\n<title>Atenci\u00f3n a la carta - Catalogo | Letrame Grupo Editorial<\/title>\n<meta name=\"robots\" content=\"index, follow, max-snippet:-1, max-image-preview:large, max-video-preview:-1\" \/>\n<link rel=\"canonical\" href=\"https:\/\/letrame.com\/catalogo\/producto\/atencion-a-la-carta\/\" \/>\n<meta property=\"og:locale\" content=\"es_ES\" \/>\n<meta property=\"og:type\" content=\"article\" \/>\n<meta property=\"og:title\" content=\"Atenci\u00f3n a la carta - Catalogo | Letrame Grupo Editorial\" \/>\n<meta property=\"og:description\" content=\"ISBN:\u00a0978-84-18024-65-8 LOS EMPRENDEDORES EST\u00c1N OLVIDANDO ALGO ESENCIAL  LO \u00daNICO\u00a0QUE REALMENTE\u00a0SATISFACE A UN CONSUMIDOR\u00a0Y LO HACE VOLVER\u00a0ES EL BUEN TRATO \u00bfC\u00f3mo ofrecer a tus clientes una atenci\u00f3n \u00fanica y personalizada? Atenci\u00f3n a la carta\u00a0ofrece una nueva visi\u00f3n de servicio que sirve de puente en tu comunicaci\u00f3n como emprendedor con tus empleados y tus clientes. Este libro te gu\u00eda, paso a paso, para posicionar tu marca y tu servicio como \u00fanicos entre tus clientes y sin competencia en el mercado.\" \/>\n<meta property=\"og:url\" content=\"https:\/\/letrame.com\/catalogo\/producto\/atencion-a-la-carta\/\" \/>\n<meta property=\"og:site_name\" content=\"Catalogo | Letrame Grupo Editorial\" \/>\n<meta property=\"og:image\" content=\"https:\/\/letrame.com\/catalogo\/wp-content\/uploads\/2024\/04\/portada_atencionalacarta_135mm-compressed-1.jpg\" \/>\n\t<meta property=\"og:image:width\" content=\"1500\" \/>\n\t<meta property=\"og:image:height\" content=\"2362\" \/>\n\t<meta property=\"og:image:type\" content=\"image\/jpeg\" \/>\n<meta name=\"twitter:card\" content=\"summary_large_image\" \/>\n<meta name=\"twitter:label1\" content=\"Tiempo de lectura\" \/>\n\t<meta name=\"twitter:data1\" content=\"1 minuto\" \/>\n<script type=\"application\/ld+json\" class=\"yoast-schema-graph\">{\"@context\":\"https:\/\/schema.org\",\"@graph\":[{\"@type\":\"WebPage\",\"@id\":\"https:\/\/letrame.com\/catalogo\/producto\/atencion-a-la-carta\/\",\"url\":\"https:\/\/letrame.com\/catalogo\/producto\/atencion-a-la-carta\/\",\"name\":\"Atenci\u00f3n a la carta - Catalogo | Letrame Grupo Editorial\",\"isPartOf\":{\"@id\":\"https:\/\/letrame.com\/catalogo\/#website\"},\"primaryImageOfPage\":{\"@id\":\"https:\/\/letrame.com\/catalogo\/producto\/atencion-a-la-carta\/#primaryimage\"},\"image\":{\"@id\":\"https:\/\/letrame.com\/catalogo\/producto\/atencion-a-la-carta\/#primaryimage\"},\"thumbnailUrl\":\"https:\/\/letrame.com\/catalogo\/wp-content\/uploads\/2024\/04\/portada_atencionalacarta_135mm-compressed-1.jpg\",\"datePublished\":\"2024-04-18T10:13:05+00:00\",\"breadcrumb\":{\"@id\":\"https:\/\/letrame.com\/catalogo\/producto\/atencion-a-la-carta\/#breadcrumb\"},\"inLanguage\":\"es\",\"potentialAction\":[{\"@type\":\"ReadAction\",\"target\":[\"https:\/\/letrame.com\/catalogo\/producto\/atencion-a-la-carta\/\"]}]},{\"@type\":\"ImageObject\",\"inLanguage\":\"es\",\"@id\":\"https:\/\/letrame.com\/catalogo\/producto\/atencion-a-la-carta\/#primaryimage\",\"url\":\"https:\/\/letrame.com\/catalogo\/wp-content\/uploads\/2024\/04\/portada_atencionalacarta_135mm-compressed-1.jpg\",\"contentUrl\":\"https:\/\/letrame.com\/catalogo\/wp-content\/uploads\/2024\/04\/portada_atencionalacarta_135mm-compressed-1.jpg\",\"width\":1500,\"height\":2362},{\"@type\":\"BreadcrumbList\",\"@id\":\"https:\/\/letrame.com\/catalogo\/producto\/atencion-a-la-carta\/#breadcrumb\",\"itemListElement\":[{\"@type\":\"ListItem\",\"position\":1,\"name\":\"Portada\",\"item\":\"https:\/\/letrame.com\/catalogo\/\"},{\"@type\":\"ListItem\",\"position\":2,\"name\":\"Cat\u00e1logo\",\"item\":\"https:\/\/letrame.com\/catalogo\/\"},{\"@type\":\"ListItem\",\"position\":3,\"name\":\"Atenci\u00f3n a la carta\"}]},{\"@type\":\"WebSite\",\"@id\":\"https:\/\/letrame.com\/catalogo\/#website\",\"url\":\"https:\/\/letrame.com\/catalogo\/\",\"name\":\"Catalogo | Letrame Grupo Editorial\",\"description\":\"\",\"publisher\":{\"@id\":\"https:\/\/letrame.com\/catalogo\/#organization\"},\"potentialAction\":[{\"@type\":\"SearchAction\",\"target\":{\"@type\":\"EntryPoint\",\"urlTemplate\":\"https:\/\/letrame.com\/catalogo\/?s={search_term_string}\"},\"query-input\":{\"@type\":\"PropertyValueSpecification\",\"valueRequired\":true,\"valueName\":\"search_term_string\"}}],\"inLanguage\":\"es\"},{\"@type\":\"Organization\",\"@id\":\"https:\/\/letrame.com\/catalogo\/#organization\",\"name\":\"Catalogo | Letrame Grupo Editorial\",\"url\":\"https:\/\/letrame.com\/catalogo\/\",\"logo\":{\"@type\":\"ImageObject\",\"inLanguage\":\"es\",\"@id\":\"https:\/\/letrame.com\/catalogo\/#\/schema\/logo\/image\/\",\"url\":\"https:\/\/letrame.com\/catalogo\/wp-content\/uploads\/2024\/03\/logo2.webp\",\"contentUrl\":\"https:\/\/letrame.com\/catalogo\/wp-content\/uploads\/2024\/03\/logo2.webp\",\"width\":394,\"height\":128,\"caption\":\"Catalogo | Letrame Grupo Editorial\"},\"image\":{\"@id\":\"https:\/\/letrame.com\/catalogo\/#\/schema\/logo\/image\/\"}}]}<\/script>\n<!-- \/ Yoast SEO plugin. -->","yoast_head_json":{"title":"Atenci\u00f3n a la carta - Catalogo | Letrame Grupo Editorial","robots":{"index":"index","follow":"follow","max-snippet":"max-snippet:-1","max-image-preview":"max-image-preview:large","max-video-preview":"max-video-preview:-1"},"canonical":"https:\/\/letrame.com\/catalogo\/producto\/atencion-a-la-carta\/","og_locale":"es_ES","og_type":"article","og_title":"Atenci\u00f3n a la carta - Catalogo | Letrame Grupo Editorial","og_description":"ISBN:\u00a0978-84-18024-65-8 LOS EMPRENDEDORES EST\u00c1N OLVIDANDO ALGO ESENCIAL  LO \u00daNICO\u00a0QUE REALMENTE\u00a0SATISFACE A UN CONSUMIDOR\u00a0Y LO HACE VOLVER\u00a0ES EL BUEN TRATO \u00bfC\u00f3mo ofrecer a tus clientes una atenci\u00f3n \u00fanica y personalizada? Atenci\u00f3n a la carta\u00a0ofrece una nueva visi\u00f3n de servicio que sirve de puente en tu comunicaci\u00f3n como emprendedor con tus empleados y tus clientes. Este libro te gu\u00eda, paso a paso, para posicionar tu marca y tu servicio como \u00fanicos entre tus clientes y sin competencia en el mercado.","og_url":"https:\/\/letrame.com\/catalogo\/producto\/atencion-a-la-carta\/","og_site_name":"Catalogo | Letrame Grupo Editorial","og_image":[{"width":1500,"height":2362,"url":"https:\/\/letrame.com\/catalogo\/wp-content\/uploads\/2024\/04\/portada_atencionalacarta_135mm-compressed-1.jpg","type":"image\/jpeg"}],"twitter_card":"summary_large_image","twitter_misc":{"Tiempo de lectura":"1 minuto"},"schema":{"@context":"https:\/\/schema.org","@graph":[{"@type":"WebPage","@id":"https:\/\/letrame.com\/catalogo\/producto\/atencion-a-la-carta\/","url":"https:\/\/letrame.com\/catalogo\/producto\/atencion-a-la-carta\/","name":"Atenci\u00f3n a la carta - Catalogo | Letrame Grupo Editorial","isPartOf":{"@id":"https:\/\/letrame.com\/catalogo\/#website"},"primaryImageOfPage":{"@id":"https:\/\/letrame.com\/catalogo\/producto\/atencion-a-la-carta\/#primaryimage"},"image":{"@id":"https:\/\/letrame.com\/catalogo\/producto\/atencion-a-la-carta\/#primaryimage"},"thumbnailUrl":"https:\/\/letrame.com\/catalogo\/wp-content\/uploads\/2024\/04\/portada_atencionalacarta_135mm-compressed-1.jpg","datePublished":"2024-04-18T10:13:05+00:00","breadcrumb":{"@id":"https:\/\/letrame.com\/catalogo\/producto\/atencion-a-la-carta\/#breadcrumb"},"inLanguage":"es","potentialAction":[{"@type":"ReadAction","target":["https:\/\/letrame.com\/catalogo\/producto\/atencion-a-la-carta\/"]}]},{"@type":"ImageObject","inLanguage":"es","@id":"https:\/\/letrame.com\/catalogo\/producto\/atencion-a-la-carta\/#primaryimage","url":"https:\/\/letrame.com\/catalogo\/wp-content\/uploads\/2024\/04\/portada_atencionalacarta_135mm-compressed-1.jpg","contentUrl":"https:\/\/letrame.com\/catalogo\/wp-content\/uploads\/2024\/04\/portada_atencionalacarta_135mm-compressed-1.jpg","width":1500,"height":2362},{"@type":"BreadcrumbList","@id":"https:\/\/letrame.com\/catalogo\/producto\/atencion-a-la-carta\/#breadcrumb","itemListElement":[{"@type":"ListItem","position":1,"name":"Portada","item":"https:\/\/letrame.com\/catalogo\/"},{"@type":"ListItem","position":2,"name":"Cat\u00e1logo","item":"https:\/\/letrame.com\/catalogo\/"},{"@type":"ListItem","position":3,"name":"Atenci\u00f3n a la carta"}]},{"@type":"WebSite","@id":"https:\/\/letrame.com\/catalogo\/#website","url":"https:\/\/letrame.com\/catalogo\/","name":"Catalogo | Letrame Grupo Editorial","description":"","publisher":{"@id":"https:\/\/letrame.com\/catalogo\/#organization"},"potentialAction":[{"@type":"SearchAction","target":{"@type":"EntryPoint","urlTemplate":"https:\/\/letrame.com\/catalogo\/?s={search_term_string}"},"query-input":{"@type":"PropertyValueSpecification","valueRequired":true,"valueName":"search_term_string"}}],"inLanguage":"es"},{"@type":"Organization","@id":"https:\/\/letrame.com\/catalogo\/#organization","name":"Catalogo | Letrame Grupo Editorial","url":"https:\/\/letrame.com\/catalogo\/","logo":{"@type":"ImageObject","inLanguage":"es","@id":"https:\/\/letrame.com\/catalogo\/#\/schema\/logo\/image\/","url":"https:\/\/letrame.com\/catalogo\/wp-content\/uploads\/2024\/03\/logo2.webp","contentUrl":"https:\/\/letrame.com\/catalogo\/wp-content\/uploads\/2024\/03\/logo2.webp","width":394,"height":128,"caption":"Catalogo | Letrame Grupo Editorial"},"image":{"@id":"https:\/\/letrame.com\/catalogo\/#\/schema\/logo\/image\/"}}]}},"_links":{"self":[{"href":"https:\/\/letrame.com\/catalogo\/wp-json\/wp\/v2\/product\/95173","targetHints":{"allow":["GET"]}}],"collection":[{"href":"https:\/\/letrame.com\/catalogo\/wp-json\/wp\/v2\/product"}],"about":[{"href":"https:\/\/letrame.com\/catalogo\/wp-json\/wp\/v2\/types\/product"}],"replies":[{"embeddable":true,"href":"https:\/\/letrame.com\/catalogo\/wp-json\/wp\/v2\/comments?post=95173"}],"acf:post":[{"embeddable":true,"href":"https:\/\/letrame.com\/catalogo\/wp-json\/wp\/v2\/author_book\/73985"}],"wp:featuredmedia":[{"embeddable":true,"href":"https:\/\/letrame.com\/catalogo\/wp-json\/wp\/v2\/media\/95174"}],"wp:attachment":[{"href":"https:\/\/letrame.com\/catalogo\/wp-json\/wp\/v2\/media?parent=95173"}],"wp:term":[{"taxonomy":"libro","embeddable":true,"href":"https:\/\/letrame.com\/catalogo\/wp-json\/wp\/v2\/libro?post=95173"},{"taxonomy":"product_brand","embeddable":true,"href":"https:\/\/letrame.com\/catalogo\/wp-json\/wp\/v2\/product_brand?post=95173"},{"taxonomy":"product_cat","embeddable":true,"href":"https:\/\/letrame.com\/catalogo\/wp-json\/wp\/v2\/product_cat?post=95173"},{"taxonomy":"product_tag","embeddable":true,"href":"https:\/\/letrame.com\/catalogo\/wp-json\/wp\/v2\/product_tag?post=95173"}],"curies":[{"name":"wp","href":"https:\/\/api.w.org\/{rel}","templated":true}]}}