{"id":95135,"date":"2024-04-18T12:08:23","date_gmt":"2024-04-18T10:08:23","guid":{"rendered":"https:\/\/letrame.com\/catalogo\/producto\/objetivo-el-titanic-cronica-de-una-epoca\/"},"modified":"2024-04-18T12:08:37","modified_gmt":"2024-04-18T10:08:37","slug":"objetivo-el-titanic-cronica-de-una-epoca","status":"publish","type":"product","link":"https:\/\/letrame.com\/catalogo\/producto\/objetivo-el-titanic-cronica-de-una-epoca\/","title":{"rendered":"Objetivo. El titanic. Cr\u00f3nica de una \u00c9poca"},"content":{"rendered":"<p><strong>ISBN<\/strong>: 978-84-18090-93-6<br \/>\n<strong>T\u00edtulo<\/strong>: Objetivo. El titanic. Cr\u00f3nica de una \u00c9poca<br \/>\n<strong>Fecha<\/strong>: 2019<br \/>\n<strong>P\u00e1ginas<\/strong>: 372<\/p>\n<p>&nbsp;<\/p>\n<p><strong>SINOPSIS<\/strong><\/p>\n<section>\n<div class=\"about-this-book\">\n<div class=\"container\">\n<div class=\"right-detail shop-detail1 pull-right col-md-8 col-sm-8 col-xs-12\">\n<div id=\"editionnal-reviews\" class=\"book-desc-detail\"><span class=\"detail-desc box-detail-desc\">El comienzo del siglo XX fue fruct\u00edfero en cuanto al desarrollo de la tecnolog\u00eda ya que algunos de los inventos surgidos en el siglo anterior, no comenzaron a utilizarse con eficacia hasta principios del XX. Gracias a todos estos inventos, la vida de la gente mejor\u00f3 y los hombres creyeron que eran capaces de realizar cualquier cosa que se propusieran.Los transportes se beneficiaron en gran medida de esta nueva tecnolog\u00eda haciendo posible la construcci\u00f3n de grandes barcos.En este contexto es f\u00e1cil deducir lo que supuso la construcci\u00f3n y el posterior viaje del Titanic. Su grandeza era la grandeza de los tiempos.Nuestro protagonista Tomeu, marinero alicantino, intr\u00e9pido y aventurero, al tener noticia de la construcci\u00f3n del gran trasatl\u00e1ntico se propone formar parte de la tripulaci\u00f3n y junto a sus dos amigos y compa\u00f1eros Glyn y Vicente vivir\u00e1 una serie de situaciones navegando por diferentes mares y conociendo distintas realidades que le llevar\u00e1n a conseguir su objetivo. No obstante, todo se desmorona como una torre de naipes y el conseguir su objetivo le lleva a vivir la peor experiencia de su vida.Sin embargo, la raza humana tiene un encomiable poder de superaci\u00f3n y nuestro protagonista, a pesar de la gran tragedia que tiene que vivir, puede rehacer su vida y seguir adelante aunque nunca le abandone el gran dolor que desde entonces anidar\u00e1 en el fondo de su alma.<\/span><\/div>\n<div id=\"clear-scroll\" class=\"clearfix\"><\/div>\n<\/div>\n<\/div>\n<\/div>\n<\/section>\n<div class=\"feature-section feature-option2\">\n<div class=\"container\">\n<div class=\"related products\">\n<div class=\"title-box\"><\/div>\n<\/div>\n<\/div>\n<\/div>\n","protected":false},"excerpt":{"rendered":"<p><strong>ISBN: 978-84-18090-93-6<\/strong><\/p>\n<p>El comienzo del siglo XX fue fruct\u00edfero en cuanto al desarrollo de la tecnolog\u00eda ya que algunos de los inventos surgidos en el siglo anterior, no comenzaron a utilizarse con eficacia hasta principios del XX.<\/p>\n<p>Gracias a todos estos inventos, la vida de la gente mejor\u00f3 y los hombres creyeron que eran capaces de realizar cualquier cosa que se propusieran.Los transportes se beneficiaron en gran medida de esta nueva tecnolog\u00eda haciendo posible la construcci\u00f3n de grandes barcos.En este contexto es f\u00e1cil deducir lo que supuso la construcci\u00f3n y el posterior viaje del Titanic.<\/p>\n","protected":false},"featured_media":95136,"comment_status":"closed","ping_status":"open","template":"","meta":{"_acf_changed":false},"libro":[],"product_brand":[],"product_cat":[16],"product_tag":[],"class_list":{"0":"post-95135","1":"product","2":"type-product","3":"status-publish","4":"has-post-thumbnail","6":"product_cat-novela","8":"first","9":"instock","10":"purchasable","11":"product-type-simple"},"acf":{"autor":[73954],"enlace_de_compra":"https:\/\/www.centrallibrera.com\/libro\/objetivo-el-titanic-cronica-de-una-epoca_434268"},"yoast_head":"<!-- This site is optimized with the Yoast SEO plugin v26.6 - https:\/\/yoast.com\/wordpress\/plugins\/seo\/ -->\n<title>Objetivo. El titanic. Cr\u00f3nica de una \u00c9poca - Catalogo | Letrame Grupo Editorial<\/title>\n<meta name=\"robots\" content=\"index, follow, max-snippet:-1, max-image-preview:large, max-video-preview:-1\" \/>\n<link rel=\"canonical\" href=\"https:\/\/letrame.com\/catalogo\/producto\/objetivo-el-titanic-cronica-de-una-epoca\/\" \/>\n<meta property=\"og:locale\" content=\"es_ES\" \/>\n<meta property=\"og:type\" content=\"article\" \/>\n<meta property=\"og:title\" content=\"Objetivo. El titanic. Cr\u00f3nica de una \u00c9poca - Catalogo | Letrame Grupo Editorial\" \/>\n<meta property=\"og:description\" content=\"ISBN: 978-84-18090-93-6 El comienzo del siglo XX fue fruct\u00edfero en cuanto al desarrollo de la tecnolog\u00eda ya que algunos de los inventos surgidos en el siglo anterior, no comenzaron a utilizarse con eficacia hasta principios del XX. Gracias a todos estos inventos, la vida de la gente mejor\u00f3 y los hombres creyeron que eran capaces de realizar cualquier cosa que se propusieran.Los transportes se beneficiaron en gran medida de esta nueva tecnolog\u00eda haciendo posible la construcci\u00f3n de grandes barcos.En este contexto es f\u00e1cil deducir lo que supuso la construcci\u00f3n y el posterior viaje del Titanic.\" \/>\n<meta property=\"og:url\" content=\"https:\/\/letrame.com\/catalogo\/producto\/objetivo-el-titanic-cronica-de-una-epoca\/\" \/>\n<meta property=\"og:site_name\" content=\"Catalogo | Letrame Grupo Editorial\" \/>\n<meta property=\"article:modified_time\" content=\"2024-04-18T10:08:37+00:00\" \/>\n<meta property=\"og:image\" content=\"https:\/\/letrame.com\/catalogo\/wp-content\/uploads\/2024\/04\/portada_objetivotitanic_184mm-compressed-scaled-1.jpg\" \/>\n\t<meta property=\"og:image:width\" content=\"1703\" \/>\n\t<meta property=\"og:image:height\" content=\"2560\" \/>\n\t<meta property=\"og:image:type\" content=\"image\/jpeg\" \/>\n<meta name=\"twitter:card\" content=\"summary_large_image\" \/>\n<meta name=\"twitter:label1\" content=\"Tiempo de lectura\" \/>\n\t<meta name=\"twitter:data1\" content=\"1 minuto\" \/>\n<script type=\"application\/ld+json\" class=\"yoast-schema-graph\">{\"@context\":\"https:\/\/schema.org\",\"@graph\":[{\"@type\":\"WebPage\",\"@id\":\"https:\/\/letrame.com\/catalogo\/producto\/objetivo-el-titanic-cronica-de-una-epoca\/\",\"url\":\"https:\/\/letrame.com\/catalogo\/producto\/objetivo-el-titanic-cronica-de-una-epoca\/\",\"name\":\"Objetivo. El titanic. Cr\u00f3nica de una \u00c9poca - Catalogo | Letrame Grupo Editorial\",\"isPartOf\":{\"@id\":\"https:\/\/letrame.com\/catalogo\/#website\"},\"primaryImageOfPage\":{\"@id\":\"https:\/\/letrame.com\/catalogo\/producto\/objetivo-el-titanic-cronica-de-una-epoca\/#primaryimage\"},\"image\":{\"@id\":\"https:\/\/letrame.com\/catalogo\/producto\/objetivo-el-titanic-cronica-de-una-epoca\/#primaryimage\"},\"thumbnailUrl\":\"https:\/\/letrame.com\/catalogo\/wp-content\/uploads\/2024\/04\/portada_objetivotitanic_184mm-compressed-scaled-1.jpg\",\"datePublished\":\"2024-04-18T10:08:23+00:00\",\"dateModified\":\"2024-04-18T10:08:37+00:00\",\"breadcrumb\":{\"@id\":\"https:\/\/letrame.com\/catalogo\/producto\/objetivo-el-titanic-cronica-de-una-epoca\/#breadcrumb\"},\"inLanguage\":\"es\",\"potentialAction\":[{\"@type\":\"ReadAction\",\"target\":[\"https:\/\/letrame.com\/catalogo\/producto\/objetivo-el-titanic-cronica-de-una-epoca\/\"]}]},{\"@type\":\"ImageObject\",\"inLanguage\":\"es\",\"@id\":\"https:\/\/letrame.com\/catalogo\/producto\/objetivo-el-titanic-cronica-de-una-epoca\/#primaryimage\",\"url\":\"https:\/\/letrame.com\/catalogo\/wp-content\/uploads\/2024\/04\/portada_objetivotitanic_184mm-compressed-scaled-1.jpg\",\"contentUrl\":\"https:\/\/letrame.com\/catalogo\/wp-content\/uploads\/2024\/04\/portada_objetivotitanic_184mm-compressed-scaled-1.jpg\",\"width\":1703,\"height\":2560},{\"@type\":\"BreadcrumbList\",\"@id\":\"https:\/\/letrame.com\/catalogo\/producto\/objetivo-el-titanic-cronica-de-una-epoca\/#breadcrumb\",\"itemListElement\":[{\"@type\":\"ListItem\",\"position\":1,\"name\":\"Portada\",\"item\":\"https:\/\/letrame.com\/catalogo\/\"},{\"@type\":\"ListItem\",\"position\":2,\"name\":\"Cat\u00e1logo\",\"item\":\"https:\/\/letrame.com\/catalogo\/\"},{\"@type\":\"ListItem\",\"position\":3,\"name\":\"Objetivo. El titanic. Cr\u00f3nica de una \u00c9poca\"}]},{\"@type\":\"WebSite\",\"@id\":\"https:\/\/letrame.com\/catalogo\/#website\",\"url\":\"https:\/\/letrame.com\/catalogo\/\",\"name\":\"Catalogo | Letrame Grupo Editorial\",\"description\":\"\",\"publisher\":{\"@id\":\"https:\/\/letrame.com\/catalogo\/#organization\"},\"potentialAction\":[{\"@type\":\"SearchAction\",\"target\":{\"@type\":\"EntryPoint\",\"urlTemplate\":\"https:\/\/letrame.com\/catalogo\/?s={search_term_string}\"},\"query-input\":{\"@type\":\"PropertyValueSpecification\",\"valueRequired\":true,\"valueName\":\"search_term_string\"}}],\"inLanguage\":\"es\"},{\"@type\":\"Organization\",\"@id\":\"https:\/\/letrame.com\/catalogo\/#organization\",\"name\":\"Catalogo | Letrame Grupo Editorial\",\"url\":\"https:\/\/letrame.com\/catalogo\/\",\"logo\":{\"@type\":\"ImageObject\",\"inLanguage\":\"es\",\"@id\":\"https:\/\/letrame.com\/catalogo\/#\/schema\/logo\/image\/\",\"url\":\"https:\/\/letrame.com\/catalogo\/wp-content\/uploads\/2024\/03\/logo2.webp\",\"contentUrl\":\"https:\/\/letrame.com\/catalogo\/wp-content\/uploads\/2024\/03\/logo2.webp\",\"width\":394,\"height\":128,\"caption\":\"Catalogo | Letrame Grupo Editorial\"},\"image\":{\"@id\":\"https:\/\/letrame.com\/catalogo\/#\/schema\/logo\/image\/\"}}]}<\/script>\n<!-- \/ Yoast SEO plugin. -->","yoast_head_json":{"title":"Objetivo. El titanic. Cr\u00f3nica de una \u00c9poca - Catalogo | Letrame Grupo Editorial","robots":{"index":"index","follow":"follow","max-snippet":"max-snippet:-1","max-image-preview":"max-image-preview:large","max-video-preview":"max-video-preview:-1"},"canonical":"https:\/\/letrame.com\/catalogo\/producto\/objetivo-el-titanic-cronica-de-una-epoca\/","og_locale":"es_ES","og_type":"article","og_title":"Objetivo. El titanic. Cr\u00f3nica de una \u00c9poca - Catalogo | Letrame Grupo Editorial","og_description":"ISBN: 978-84-18090-93-6 El comienzo del siglo XX fue fruct\u00edfero en cuanto al desarrollo de la tecnolog\u00eda ya que algunos de los inventos surgidos en el siglo anterior, no comenzaron a utilizarse con eficacia hasta principios del XX. Gracias a todos estos inventos, la vida de la gente mejor\u00f3 y los hombres creyeron que eran capaces de realizar cualquier cosa que se propusieran.Los transportes se beneficiaron en gran medida de esta nueva tecnolog\u00eda haciendo posible la construcci\u00f3n de grandes barcos.En este contexto es f\u00e1cil deducir lo que supuso la construcci\u00f3n y el posterior viaje del Titanic.","og_url":"https:\/\/letrame.com\/catalogo\/producto\/objetivo-el-titanic-cronica-de-una-epoca\/","og_site_name":"Catalogo | Letrame Grupo Editorial","article_modified_time":"2024-04-18T10:08:37+00:00","og_image":[{"width":1703,"height":2560,"url":"https:\/\/letrame.com\/catalogo\/wp-content\/uploads\/2024\/04\/portada_objetivotitanic_184mm-compressed-scaled-1.jpg","type":"image\/jpeg"}],"twitter_card":"summary_large_image","twitter_misc":{"Tiempo de lectura":"1 minuto"},"schema":{"@context":"https:\/\/schema.org","@graph":[{"@type":"WebPage","@id":"https:\/\/letrame.com\/catalogo\/producto\/objetivo-el-titanic-cronica-de-una-epoca\/","url":"https:\/\/letrame.com\/catalogo\/producto\/objetivo-el-titanic-cronica-de-una-epoca\/","name":"Objetivo. El titanic. Cr\u00f3nica de una \u00c9poca - Catalogo | Letrame Grupo Editorial","isPartOf":{"@id":"https:\/\/letrame.com\/catalogo\/#website"},"primaryImageOfPage":{"@id":"https:\/\/letrame.com\/catalogo\/producto\/objetivo-el-titanic-cronica-de-una-epoca\/#primaryimage"},"image":{"@id":"https:\/\/letrame.com\/catalogo\/producto\/objetivo-el-titanic-cronica-de-una-epoca\/#primaryimage"},"thumbnailUrl":"https:\/\/letrame.com\/catalogo\/wp-content\/uploads\/2024\/04\/portada_objetivotitanic_184mm-compressed-scaled-1.jpg","datePublished":"2024-04-18T10:08:23+00:00","dateModified":"2024-04-18T10:08:37+00:00","breadcrumb":{"@id":"https:\/\/letrame.com\/catalogo\/producto\/objetivo-el-titanic-cronica-de-una-epoca\/#breadcrumb"},"inLanguage":"es","potentialAction":[{"@type":"ReadAction","target":["https:\/\/letrame.com\/catalogo\/producto\/objetivo-el-titanic-cronica-de-una-epoca\/"]}]},{"@type":"ImageObject","inLanguage":"es","@id":"https:\/\/letrame.com\/catalogo\/producto\/objetivo-el-titanic-cronica-de-una-epoca\/#primaryimage","url":"https:\/\/letrame.com\/catalogo\/wp-content\/uploads\/2024\/04\/portada_objetivotitanic_184mm-compressed-scaled-1.jpg","contentUrl":"https:\/\/letrame.com\/catalogo\/wp-content\/uploads\/2024\/04\/portada_objetivotitanic_184mm-compressed-scaled-1.jpg","width":1703,"height":2560},{"@type":"BreadcrumbList","@id":"https:\/\/letrame.com\/catalogo\/producto\/objetivo-el-titanic-cronica-de-una-epoca\/#breadcrumb","itemListElement":[{"@type":"ListItem","position":1,"name":"Portada","item":"https:\/\/letrame.com\/catalogo\/"},{"@type":"ListItem","position":2,"name":"Cat\u00e1logo","item":"https:\/\/letrame.com\/catalogo\/"},{"@type":"ListItem","position":3,"name":"Objetivo. El titanic. Cr\u00f3nica de una \u00c9poca"}]},{"@type":"WebSite","@id":"https:\/\/letrame.com\/catalogo\/#website","url":"https:\/\/letrame.com\/catalogo\/","name":"Catalogo | Letrame Grupo Editorial","description":"","publisher":{"@id":"https:\/\/letrame.com\/catalogo\/#organization"},"potentialAction":[{"@type":"SearchAction","target":{"@type":"EntryPoint","urlTemplate":"https:\/\/letrame.com\/catalogo\/?s={search_term_string}"},"query-input":{"@type":"PropertyValueSpecification","valueRequired":true,"valueName":"search_term_string"}}],"inLanguage":"es"},{"@type":"Organization","@id":"https:\/\/letrame.com\/catalogo\/#organization","name":"Catalogo | Letrame Grupo Editorial","url":"https:\/\/letrame.com\/catalogo\/","logo":{"@type":"ImageObject","inLanguage":"es","@id":"https:\/\/letrame.com\/catalogo\/#\/schema\/logo\/image\/","url":"https:\/\/letrame.com\/catalogo\/wp-content\/uploads\/2024\/03\/logo2.webp","contentUrl":"https:\/\/letrame.com\/catalogo\/wp-content\/uploads\/2024\/03\/logo2.webp","width":394,"height":128,"caption":"Catalogo | Letrame Grupo Editorial"},"image":{"@id":"https:\/\/letrame.com\/catalogo\/#\/schema\/logo\/image\/"}}]}},"_links":{"self":[{"href":"https:\/\/letrame.com\/catalogo\/wp-json\/wp\/v2\/product\/95135","targetHints":{"allow":["GET"]}}],"collection":[{"href":"https:\/\/letrame.com\/catalogo\/wp-json\/wp\/v2\/product"}],"about":[{"href":"https:\/\/letrame.com\/catalogo\/wp-json\/wp\/v2\/types\/product"}],"replies":[{"embeddable":true,"href":"https:\/\/letrame.com\/catalogo\/wp-json\/wp\/v2\/comments?post=95135"}],"acf:post":[{"embeddable":true,"href":"https:\/\/letrame.com\/catalogo\/wp-json\/wp\/v2\/author_book\/73954"}],"wp:featuredmedia":[{"embeddable":true,"href":"https:\/\/letrame.com\/catalogo\/wp-json\/wp\/v2\/media\/95136"}],"wp:attachment":[{"href":"https:\/\/letrame.com\/catalogo\/wp-json\/wp\/v2\/media?parent=95135"}],"wp:term":[{"taxonomy":"libro","embeddable":true,"href":"https:\/\/letrame.com\/catalogo\/wp-json\/wp\/v2\/libro?post=95135"},{"taxonomy":"product_brand","embeddable":true,"href":"https:\/\/letrame.com\/catalogo\/wp-json\/wp\/v2\/product_brand?post=95135"},{"taxonomy":"product_cat","embeddable":true,"href":"https:\/\/letrame.com\/catalogo\/wp-json\/wp\/v2\/product_cat?post=95135"},{"taxonomy":"product_tag","embeddable":true,"href":"https:\/\/letrame.com\/catalogo\/wp-json\/wp\/v2\/product_tag?post=95135"}],"curies":[{"name":"wp","href":"https:\/\/api.w.org\/{rel}","templated":true}]}}