{"id":95107,"date":"2024-04-18T12:04:01","date_gmt":"2024-04-18T10:04:01","guid":{"rendered":"https:\/\/letrame.com\/catalogo\/producto\/suenos-del-hastio\/"},"modified":"2024-05-15T14:15:24","modified_gmt":"2024-05-15T12:15:24","slug":"suenos-del-hastio","status":"publish","type":"product","link":"https:\/\/letrame.com\/catalogo\/producto\/suenos-del-hastio\/","title":{"rendered":"Sue\u00f1os del hast\u00edo"},"content":{"rendered":"<p><strong>ISBN<\/strong>: 978-84-17990-76-3<br \/>\n<strong>T\u00edtulo<\/strong>: Sue\u00f1os del hast\u00edo<br \/>\n<strong>Fecha<\/strong>: 2019<br \/>\n<strong>P\u00e1ginas<\/strong>: 168<\/p>\n<p>&nbsp;<\/p>\n<p><strong>SINOPSIS<\/strong><\/p>\n<section>\n<div class=\"about-this-book\">\n<div class=\"container\">\n<div class=\"right-detail shop-detail1 pull-right col-md-8 col-sm-8 col-xs-12\">\n<div id=\"editionnal-reviews\" class=\"book-desc-detail\"><span class=\"detail-desc box-detail-desc\">Sue\u00f1os del hast\u00edo es una fusi\u00f3n de la ilusi\u00f3n del mundo real confrontado, por una parte, con el misterio de la espiritualidad, de las emociones vivas, del cansancio y del hast\u00edo que muchas veces nos embarga, y por otra, con el ansia de vivir, de la visi\u00f3n, del don de saber mirar el presente con proyecci\u00f3n de futuro. Es una b\u00fasqueda constante de la libertad interior, de la libertad creativa que todos internamente poseemos y que sale a florecer en los versos de este libro. Un libro que fusiona arte y literatura con las ilustraciones que acompa\u00f1an sus poemas y que recogen fielmente los estados de \u00e1nimo que despiertan sus versos. Amor, vida, muerte, el m\u00e1s all\u00e1, el paso del tiempo, la religi\u00f3n y otros muchos temas expresados de forma muy directa por los sentimientos del autor.<\/span><\/div>\n<div id=\"clear-scroll\" class=\"clearfix\"><\/div>\n<\/div>\n<\/div>\n<\/div>\n<\/section>\n<div class=\"feature-section feature-option2\">\n<div class=\"container\">\n<div class=\"related products\">\n<div class=\"title-box\"><\/div>\n<\/div>\n<\/div>\n<\/div>\n","protected":false},"excerpt":{"rendered":"<p><strong>ISBN: 978-84-17990-76-3<\/strong><\/p>\n<p><em>Sue\u00f1os del hast\u00edo<\/em> es una fusi\u00f3n de la ilusi\u00f3n del mundo real confrontado, por una parte, con el misterio de la espiritualidad, de las emociones vivas, del cansancio y del hast\u00edo que muchas veces nos embarga, y por otra, con el ansia de vivir, de la visi\u00f3n, del don de saber mirar el presente con proyecci\u00f3n de futuro.<\/p>\n<p>Es una b\u00fasqueda constante de la libertad interior, de la libertad creativa que todos internamente poseemos y que sale a florecer en los versos de este libro.<\/p>\n<p>Un libro que fusiona arte y literatura con las ilustraciones que acompa\u00f1an sus poemas y que recogen fielmente los estados de \u00e1nimo que despiertan sus versos.<\/p>\n<p>Amor, vida, muerte, el\u00a0m\u00e1s all\u00e1, el paso del tiempo, la religi\u00f3n y otros muchos temas\u00a0expresados de forma muy directa por los sentimientos del autor.<\/p>\n","protected":false},"featured_media":100000,"comment_status":"closed","ping_status":"closed","template":"","meta":{"_acf_changed":false},"libro":[],"product_brand":[],"product_cat":[18],"product_tag":[],"class_list":{"0":"post-95107","1":"product","2":"type-product","3":"status-publish","4":"has-post-thumbnail","6":"product_cat-autoayuda","8":"first","9":"instock","10":"purchasable","11":"product-type-simple"},"acf":{"autor":[73930],"enlace_de_compra":""},"yoast_head":"<!-- This site is optimized with the Yoast SEO plugin v27.4 - https:\/\/yoast.com\/product\/yoast-seo-wordpress\/ -->\n<title>Sue\u00f1os del hast\u00edo - Catalogo | Letrame Grupo Editorial<\/title>\n<meta name=\"robots\" content=\"index, follow, max-snippet:-1, max-image-preview:large, max-video-preview:-1\" \/>\n<link rel=\"canonical\" href=\"https:\/\/letrame.com\/catalogo\/producto\/suenos-del-hastio\/\" \/>\n<meta property=\"og:locale\" content=\"es_ES\" \/>\n<meta property=\"og:type\" content=\"article\" \/>\n<meta property=\"og:title\" content=\"Sue\u00f1os del hast\u00edo - Catalogo | Letrame Grupo Editorial\" \/>\n<meta property=\"og:description\" content=\"ISBN: 978-84-17990-76-3  Sue\u00f1os del hast\u00edo es una fusi\u00f3n de la ilusi\u00f3n del mundo real confrontado, por una parte, con el misterio de la espiritualidad, de las emociones vivas, del cansancio y del hast\u00edo que muchas veces nos embarga, y por otra, con el ansia de vivir, de la visi\u00f3n, del don de saber mirar el presente con proyecci\u00f3n de futuro.  Es una b\u00fasqueda constante de la libertad interior, de la libertad creativa que todos internamente poseemos y que sale a florecer en los versos de este libro.  Un libro que fusiona arte y literatura con las ilustraciones que acompa\u00f1an sus poemas y que recogen fielmente los estados de \u00e1nimo que despiertan sus versos.  Amor, vida, muerte, el\u00a0m\u00e1s all\u00e1, el paso del tiempo, la religi\u00f3n y otros muchos temas\u00a0expresados de forma muy directa por los sentimientos del autor.\" \/>\n<meta property=\"og:url\" content=\"https:\/\/letrame.com\/catalogo\/producto\/suenos-del-hastio\/\" \/>\n<meta property=\"og:site_name\" content=\"Catalogo | Letrame Grupo Editorial\" \/>\n<meta property=\"article:modified_time\" content=\"2024-05-15T12:15:24+00:00\" \/>\n<meta property=\"og:image\" content=\"https:\/\/letrame.com\/catalogo\/wp-content\/uploads\/2024\/04\/portada_suenosdelhastio_89mm-compressed.webp\" \/>\n\t<meta property=\"og:image:width\" content=\"1594\" \/>\n\t<meta property=\"og:image:height\" content=\"2480\" \/>\n\t<meta property=\"og:image:type\" content=\"image\/webp\" \/>\n<meta name=\"twitter:card\" content=\"summary_large_image\" \/>\n<meta name=\"twitter:label1\" content=\"Tiempo de lectura\" \/>\n\t<meta name=\"twitter:data1\" content=\"1 minuto\" \/>\n<script type=\"application\/ld+json\" class=\"yoast-schema-graph\">{\"@context\":\"https:\\\/\\\/schema.org\",\"@graph\":[{\"@type\":\"WebPage\",\"@id\":\"https:\\\/\\\/letrame.com\\\/catalogo\\\/producto\\\/suenos-del-hastio\\\/\",\"url\":\"https:\\\/\\\/letrame.com\\\/catalogo\\\/producto\\\/suenos-del-hastio\\\/\",\"name\":\"Sue\u00f1os del hast\u00edo - Catalogo | Letrame Grupo Editorial\",\"isPartOf\":{\"@id\":\"https:\\\/\\\/letrame.com\\\/catalogo\\\/#website\"},\"primaryImageOfPage\":{\"@id\":\"https:\\\/\\\/letrame.com\\\/catalogo\\\/producto\\\/suenos-del-hastio\\\/#primaryimage\"},\"image\":{\"@id\":\"https:\\\/\\\/letrame.com\\\/catalogo\\\/producto\\\/suenos-del-hastio\\\/#primaryimage\"},\"thumbnailUrl\":\"https:\\\/\\\/letrame.com\\\/catalogo\\\/wp-content\\\/uploads\\\/2024\\\/04\\\/portada_suenosdelhastio_89mm-compressed.webp\",\"datePublished\":\"2024-04-18T10:04:01+00:00\",\"dateModified\":\"2024-05-15T12:15:24+00:00\",\"breadcrumb\":{\"@id\":\"https:\\\/\\\/letrame.com\\\/catalogo\\\/producto\\\/suenos-del-hastio\\\/#breadcrumb\"},\"inLanguage\":\"es\",\"potentialAction\":[{\"@type\":\"ReadAction\",\"target\":[\"https:\\\/\\\/letrame.com\\\/catalogo\\\/producto\\\/suenos-del-hastio\\\/\"]}]},{\"@type\":\"ImageObject\",\"inLanguage\":\"es\",\"@id\":\"https:\\\/\\\/letrame.com\\\/catalogo\\\/producto\\\/suenos-del-hastio\\\/#primaryimage\",\"url\":\"https:\\\/\\\/letrame.com\\\/catalogo\\\/wp-content\\\/uploads\\\/2024\\\/04\\\/portada_suenosdelhastio_89mm-compressed.webp\",\"contentUrl\":\"https:\\\/\\\/letrame.com\\\/catalogo\\\/wp-content\\\/uploads\\\/2024\\\/04\\\/portada_suenosdelhastio_89mm-compressed.webp\",\"width\":1594,\"height\":2480},{\"@type\":\"BreadcrumbList\",\"@id\":\"https:\\\/\\\/letrame.com\\\/catalogo\\\/producto\\\/suenos-del-hastio\\\/#breadcrumb\",\"itemListElement\":[{\"@type\":\"ListItem\",\"position\":1,\"name\":\"Portada\",\"item\":\"https:\\\/\\\/letrame.com\\\/catalogo\\\/\"},{\"@type\":\"ListItem\",\"position\":2,\"name\":\"Cat\u00e1logo\",\"item\":\"https:\\\/\\\/letrame.com\\\/catalogo\\\/\"},{\"@type\":\"ListItem\",\"position\":3,\"name\":\"Sue\u00f1os del hast\u00edo\"}]},{\"@type\":\"WebSite\",\"@id\":\"https:\\\/\\\/letrame.com\\\/catalogo\\\/#website\",\"url\":\"https:\\\/\\\/letrame.com\\\/catalogo\\\/\",\"name\":\"Catalogo | Letrame Grupo Editorial\",\"description\":\"\",\"publisher\":{\"@id\":\"https:\\\/\\\/letrame.com\\\/catalogo\\\/#organization\"},\"potentialAction\":[{\"@type\":\"SearchAction\",\"target\":{\"@type\":\"EntryPoint\",\"urlTemplate\":\"https:\\\/\\\/letrame.com\\\/catalogo\\\/?s={search_term_string}\"},\"query-input\":{\"@type\":\"PropertyValueSpecification\",\"valueRequired\":true,\"valueName\":\"search_term_string\"}}],\"inLanguage\":\"es\"},{\"@type\":\"Organization\",\"@id\":\"https:\\\/\\\/letrame.com\\\/catalogo\\\/#organization\",\"name\":\"Catalogo | Letrame Grupo Editorial\",\"url\":\"https:\\\/\\\/letrame.com\\\/catalogo\\\/\",\"logo\":{\"@type\":\"ImageObject\",\"inLanguage\":\"es\",\"@id\":\"https:\\\/\\\/letrame.com\\\/catalogo\\\/#\\\/schema\\\/logo\\\/image\\\/\",\"url\":\"https:\\\/\\\/letrame.com\\\/catalogo\\\/wp-content\\\/uploads\\\/2024\\\/03\\\/logo2.webp\",\"contentUrl\":\"https:\\\/\\\/letrame.com\\\/catalogo\\\/wp-content\\\/uploads\\\/2024\\\/03\\\/logo2.webp\",\"width\":394,\"height\":128,\"caption\":\"Catalogo | Letrame Grupo Editorial\"},\"image\":{\"@id\":\"https:\\\/\\\/letrame.com\\\/catalogo\\\/#\\\/schema\\\/logo\\\/image\\\/\"}}]}<\/script>\n<!-- \/ Yoast SEO plugin. -->","yoast_head_json":{"title":"Sue\u00f1os del hast\u00edo - Catalogo | Letrame Grupo Editorial","robots":{"index":"index","follow":"follow","max-snippet":"max-snippet:-1","max-image-preview":"max-image-preview:large","max-video-preview":"max-video-preview:-1"},"canonical":"https:\/\/letrame.com\/catalogo\/producto\/suenos-del-hastio\/","og_locale":"es_ES","og_type":"article","og_title":"Sue\u00f1os del hast\u00edo - Catalogo | Letrame Grupo Editorial","og_description":"ISBN: 978-84-17990-76-3  Sue\u00f1os del hast\u00edo es una fusi\u00f3n de la ilusi\u00f3n del mundo real confrontado, por una parte, con el misterio de la espiritualidad, de las emociones vivas, del cansancio y del hast\u00edo que muchas veces nos embarga, y por otra, con el ansia de vivir, de la visi\u00f3n, del don de saber mirar el presente con proyecci\u00f3n de futuro.  Es una b\u00fasqueda constante de la libertad interior, de la libertad creativa que todos internamente poseemos y que sale a florecer en los versos de este libro.  Un libro que fusiona arte y literatura con las ilustraciones que acompa\u00f1an sus poemas y que recogen fielmente los estados de \u00e1nimo que despiertan sus versos.  Amor, vida, muerte, el\u00a0m\u00e1s all\u00e1, el paso del tiempo, la religi\u00f3n y otros muchos temas\u00a0expresados de forma muy directa por los sentimientos del autor.","og_url":"https:\/\/letrame.com\/catalogo\/producto\/suenos-del-hastio\/","og_site_name":"Catalogo | Letrame Grupo Editorial","article_modified_time":"2024-05-15T12:15:24+00:00","og_image":[{"width":1594,"height":2480,"url":"https:\/\/letrame.com\/catalogo\/wp-content\/uploads\/2024\/04\/portada_suenosdelhastio_89mm-compressed.webp","type":"image\/webp"}],"twitter_card":"summary_large_image","twitter_misc":{"Tiempo de lectura":"1 minuto"},"schema":{"@context":"https:\/\/schema.org","@graph":[{"@type":"WebPage","@id":"https:\/\/letrame.com\/catalogo\/producto\/suenos-del-hastio\/","url":"https:\/\/letrame.com\/catalogo\/producto\/suenos-del-hastio\/","name":"Sue\u00f1os del hast\u00edo - Catalogo | Letrame Grupo Editorial","isPartOf":{"@id":"https:\/\/letrame.com\/catalogo\/#website"},"primaryImageOfPage":{"@id":"https:\/\/letrame.com\/catalogo\/producto\/suenos-del-hastio\/#primaryimage"},"image":{"@id":"https:\/\/letrame.com\/catalogo\/producto\/suenos-del-hastio\/#primaryimage"},"thumbnailUrl":"https:\/\/letrame.com\/catalogo\/wp-content\/uploads\/2024\/04\/portada_suenosdelhastio_89mm-compressed.webp","datePublished":"2024-04-18T10:04:01+00:00","dateModified":"2024-05-15T12:15:24+00:00","breadcrumb":{"@id":"https:\/\/letrame.com\/catalogo\/producto\/suenos-del-hastio\/#breadcrumb"},"inLanguage":"es","potentialAction":[{"@type":"ReadAction","target":["https:\/\/letrame.com\/catalogo\/producto\/suenos-del-hastio\/"]}]},{"@type":"ImageObject","inLanguage":"es","@id":"https:\/\/letrame.com\/catalogo\/producto\/suenos-del-hastio\/#primaryimage","url":"https:\/\/letrame.com\/catalogo\/wp-content\/uploads\/2024\/04\/portada_suenosdelhastio_89mm-compressed.webp","contentUrl":"https:\/\/letrame.com\/catalogo\/wp-content\/uploads\/2024\/04\/portada_suenosdelhastio_89mm-compressed.webp","width":1594,"height":2480},{"@type":"BreadcrumbList","@id":"https:\/\/letrame.com\/catalogo\/producto\/suenos-del-hastio\/#breadcrumb","itemListElement":[{"@type":"ListItem","position":1,"name":"Portada","item":"https:\/\/letrame.com\/catalogo\/"},{"@type":"ListItem","position":2,"name":"Cat\u00e1logo","item":"https:\/\/letrame.com\/catalogo\/"},{"@type":"ListItem","position":3,"name":"Sue\u00f1os del hast\u00edo"}]},{"@type":"WebSite","@id":"https:\/\/letrame.com\/catalogo\/#website","url":"https:\/\/letrame.com\/catalogo\/","name":"Catalogo | Letrame Grupo Editorial","description":"","publisher":{"@id":"https:\/\/letrame.com\/catalogo\/#organization"},"potentialAction":[{"@type":"SearchAction","target":{"@type":"EntryPoint","urlTemplate":"https:\/\/letrame.com\/catalogo\/?s={search_term_string}"},"query-input":{"@type":"PropertyValueSpecification","valueRequired":true,"valueName":"search_term_string"}}],"inLanguage":"es"},{"@type":"Organization","@id":"https:\/\/letrame.com\/catalogo\/#organization","name":"Catalogo | Letrame Grupo Editorial","url":"https:\/\/letrame.com\/catalogo\/","logo":{"@type":"ImageObject","inLanguage":"es","@id":"https:\/\/letrame.com\/catalogo\/#\/schema\/logo\/image\/","url":"https:\/\/letrame.com\/catalogo\/wp-content\/uploads\/2024\/03\/logo2.webp","contentUrl":"https:\/\/letrame.com\/catalogo\/wp-content\/uploads\/2024\/03\/logo2.webp","width":394,"height":128,"caption":"Catalogo | Letrame Grupo Editorial"},"image":{"@id":"https:\/\/letrame.com\/catalogo\/#\/schema\/logo\/image\/"}}]}},"_links":{"self":[{"href":"https:\/\/letrame.com\/catalogo\/wp-json\/wp\/v2\/product\/95107","targetHints":{"allow":["GET"]}}],"collection":[{"href":"https:\/\/letrame.com\/catalogo\/wp-json\/wp\/v2\/product"}],"about":[{"href":"https:\/\/letrame.com\/catalogo\/wp-json\/wp\/v2\/types\/product"}],"replies":[{"embeddable":true,"href":"https:\/\/letrame.com\/catalogo\/wp-json\/wp\/v2\/comments?post=95107"}],"acf:post":[{"embeddable":true,"href":"https:\/\/letrame.com\/catalogo\/wp-json\/wp\/v2\/author_book\/73930"}],"wp:featuredmedia":[{"embeddable":true,"href":"https:\/\/letrame.com\/catalogo\/wp-json\/wp\/v2\/media\/100000"}],"wp:attachment":[{"href":"https:\/\/letrame.com\/catalogo\/wp-json\/wp\/v2\/media?parent=95107"}],"wp:term":[{"taxonomy":"libro","embeddable":true,"href":"https:\/\/letrame.com\/catalogo\/wp-json\/wp\/v2\/libro?post=95107"},{"taxonomy":"product_brand","embeddable":true,"href":"https:\/\/letrame.com\/catalogo\/wp-json\/wp\/v2\/product_brand?post=95107"},{"taxonomy":"product_cat","embeddable":true,"href":"https:\/\/letrame.com\/catalogo\/wp-json\/wp\/v2\/product_cat?post=95107"},{"taxonomy":"product_tag","embeddable":true,"href":"https:\/\/letrame.com\/catalogo\/wp-json\/wp\/v2\/product_tag?post=95107"}],"curies":[{"name":"wp","href":"https:\/\/api.w.org\/{rel}","templated":true}]}}