{"id":95086,"date":"2024-04-18T12:01:48","date_gmt":"2024-04-18T10:01:48","guid":{"rendered":"https:\/\/letrame.com\/catalogo\/producto\/el-sueno-de-la-amapola\/"},"modified":"2024-05-15T14:15:58","modified_gmt":"2024-05-15T12:15:58","slug":"el-sueno-de-la-amapola","status":"publish","type":"product","link":"https:\/\/letrame.com\/catalogo\/producto\/el-sueno-de-la-amapola\/","title":{"rendered":"El sue\u00f1o de la amapola"},"content":{"rendered":"<p><strong>ISBN<\/strong>: 978-84-18090-02-8<br \/>\n<strong>T\u00edtulo<\/strong>: El sue\u00f1o de la amapola<br \/>\n<strong>Fecha<\/strong>: 2019<br \/>\n<strong>P\u00e1ginas<\/strong>: 124<\/p>\n<p>&nbsp;<\/p>\n<p><strong>SINOPSIS<\/strong><\/p>\n<section>\n<div class=\"about-this-book\">\n<div class=\"container\">\n<div class=\"right-detail shop-detail1 pull-right col-md-8 col-sm-8 col-xs-12\">\n<div id=\"editionnal-reviews\" class=\"book-desc-detail\"><span class=\"detail-desc box-detail-desc\">Europa, 1933. Un detective llega a una antigua mansi\u00f3n neog\u00f3tica, reconvertida en hotel, para investigar la desaparici\u00f3n de uno de los empleados. El edificio est\u00e1 aislado en medio de la monta\u00f1a, rodeado por una inmensa arboleda que lo devora con cruel lentitud; escapar a pie resulta imposible, un verdadero suicidio, y la casa tampoco dispone de ning\u00fan veh\u00edculo. No hay rastro alguno del desaparecido, nadie sabe nada acerca de su paradero, y aunque todos, hu\u00e9spedes y empleados, aparentan tristeza y desasosiego, contin\u00faan con sus vidas como si nada hubiese ocurrido. Cuando el detective inicia sus pesquisas no tarda en descubrir que en aquel lugar hay un secreto mucho m\u00e1s profundo.<\/span><\/div>\n<div id=\"clear-scroll\" class=\"clearfix\"><\/div>\n<\/div>\n<\/div>\n<\/div>\n<\/section>\n<div class=\"feature-section feature-option2\">\n<div class=\"container\">\n<div class=\"related products\">\n<div class=\"title-box\"><\/div>\n<\/div>\n<\/div>\n<\/div>\n","protected":false},"excerpt":{"rendered":"<p><strong>ISBN: 978-84-18090-02-8<\/strong><\/p>\n<p>Europa, 1933. Un detective llega a una antigua mansi\u00f3n neog\u00f3tica, reconvertida en hotel, para investigar la desaparici\u00f3n de uno de los empleados. El edificio est\u00e1 aislado en medio de la monta\u00f1a, rodeado por una inmensa arboleda que lo devora con cruel lentitud; escapar a pie resulta imposible, un verdadero suicidio, y la casa tampoco dispone de ning\u00fan veh\u00edculo. No hay rastro alguno del desaparecido, nadie sabe nada acerca de su paradero, y aunque todos, hu\u00e9spedes y empleados, aparentan tristeza y desasosiego, contin\u00faan con sus vidas como si nada hubiese ocurrido. Cuando el detective inicia sus pesquisas no tarda en descubrir que en aquel lugar hay un secreto mucho m\u00e1s profundo.<\/p>\n","protected":false},"featured_media":100002,"comment_status":"closed","ping_status":"closed","template":"","meta":{"_acf_changed":false},"libro":[],"product_brand":[],"product_cat":[16],"product_tag":[],"class_list":{"0":"post-95086","1":"product","2":"type-product","3":"status-publish","4":"has-post-thumbnail","6":"product_cat-novela","8":"first","9":"instock","10":"purchasable","11":"product-type-simple"},"acf":{"autor":[73908],"enlace_de_compra":""},"yoast_head":"<!-- This site is optimized with the Yoast SEO plugin v26.6 - https:\/\/yoast.com\/wordpress\/plugins\/seo\/ -->\n<title>El sue\u00f1o de la amapola - Catalogo | Letrame Grupo Editorial<\/title>\n<meta name=\"robots\" content=\"index, follow, max-snippet:-1, max-image-preview:large, max-video-preview:-1\" \/>\n<link rel=\"canonical\" href=\"https:\/\/letrame.com\/catalogo\/producto\/el-sueno-de-la-amapola\/\" \/>\n<meta property=\"og:locale\" content=\"es_ES\" \/>\n<meta property=\"og:type\" content=\"article\" \/>\n<meta property=\"og:title\" content=\"El sue\u00f1o de la amapola - Catalogo | Letrame Grupo Editorial\" \/>\n<meta property=\"og:description\" content=\"ISBN: 978-84-18090-02-8  Europa, 1933. Un detective llega a una antigua mansi\u00f3n neog\u00f3tica, reconvertida en hotel, para investigar la desaparici\u00f3n de uno de los empleados. El edificio est\u00e1 aislado en medio de la monta\u00f1a, rodeado por una inmensa arboleda que lo devora con cruel lentitud; escapar a pie resulta imposible, un verdadero suicidio, y la casa tampoco dispone de ning\u00fan veh\u00edculo. No hay rastro alguno del desaparecido, nadie sabe nada acerca de su paradero, y aunque todos, hu\u00e9spedes y empleados, aparentan tristeza y desasosiego, contin\u00faan con sus vidas como si nada hubiese ocurrido. Cuando el detective inicia sus pesquisas no tarda en descubrir que en aquel lugar hay un secreto mucho m\u00e1s profundo.\" \/>\n<meta property=\"og:url\" content=\"https:\/\/letrame.com\/catalogo\/producto\/el-sueno-de-la-amapola\/\" \/>\n<meta property=\"og:site_name\" content=\"Catalogo | Letrame Grupo Editorial\" \/>\n<meta property=\"article:modified_time\" content=\"2024-05-15T12:15:58+00:00\" \/>\n<meta property=\"og:image\" content=\"https:\/\/letrame.com\/catalogo\/wp-content\/uploads\/2024\/04\/portada_elsuenodelaamapola_862mm-compressed-1-scaled-1.webp\" \/>\n\t<meta property=\"og:image:width\" content=\"1746\" \/>\n\t<meta property=\"og:image:height\" content=\"2560\" \/>\n\t<meta property=\"og:image:type\" content=\"image\/webp\" \/>\n<meta name=\"twitter:card\" content=\"summary_large_image\" \/>\n<meta name=\"twitter:label1\" content=\"Tiempo de lectura\" \/>\n\t<meta name=\"twitter:data1\" content=\"1 minuto\" \/>\n<script type=\"application\/ld+json\" class=\"yoast-schema-graph\">{\"@context\":\"https:\/\/schema.org\",\"@graph\":[{\"@type\":\"WebPage\",\"@id\":\"https:\/\/letrame.com\/catalogo\/producto\/el-sueno-de-la-amapola\/\",\"url\":\"https:\/\/letrame.com\/catalogo\/producto\/el-sueno-de-la-amapola\/\",\"name\":\"El sue\u00f1o de la amapola - Catalogo | Letrame Grupo Editorial\",\"isPartOf\":{\"@id\":\"https:\/\/letrame.com\/catalogo\/#website\"},\"primaryImageOfPage\":{\"@id\":\"https:\/\/letrame.com\/catalogo\/producto\/el-sueno-de-la-amapola\/#primaryimage\"},\"image\":{\"@id\":\"https:\/\/letrame.com\/catalogo\/producto\/el-sueno-de-la-amapola\/#primaryimage\"},\"thumbnailUrl\":\"https:\/\/letrame.com\/catalogo\/wp-content\/uploads\/2024\/04\/portada_elsuenodelaamapola_862mm-compressed-1-scaled-1.webp\",\"datePublished\":\"2024-04-18T10:01:48+00:00\",\"dateModified\":\"2024-05-15T12:15:58+00:00\",\"breadcrumb\":{\"@id\":\"https:\/\/letrame.com\/catalogo\/producto\/el-sueno-de-la-amapola\/#breadcrumb\"},\"inLanguage\":\"es\",\"potentialAction\":[{\"@type\":\"ReadAction\",\"target\":[\"https:\/\/letrame.com\/catalogo\/producto\/el-sueno-de-la-amapola\/\"]}]},{\"@type\":\"ImageObject\",\"inLanguage\":\"es\",\"@id\":\"https:\/\/letrame.com\/catalogo\/producto\/el-sueno-de-la-amapola\/#primaryimage\",\"url\":\"https:\/\/letrame.com\/catalogo\/wp-content\/uploads\/2024\/04\/portada_elsuenodelaamapola_862mm-compressed-1-scaled-1.webp\",\"contentUrl\":\"https:\/\/letrame.com\/catalogo\/wp-content\/uploads\/2024\/04\/portada_elsuenodelaamapola_862mm-compressed-1-scaled-1.webp\",\"width\":1746,\"height\":2560},{\"@type\":\"BreadcrumbList\",\"@id\":\"https:\/\/letrame.com\/catalogo\/producto\/el-sueno-de-la-amapola\/#breadcrumb\",\"itemListElement\":[{\"@type\":\"ListItem\",\"position\":1,\"name\":\"Portada\",\"item\":\"https:\/\/letrame.com\/catalogo\/\"},{\"@type\":\"ListItem\",\"position\":2,\"name\":\"Cat\u00e1logo\",\"item\":\"https:\/\/letrame.com\/catalogo\/\"},{\"@type\":\"ListItem\",\"position\":3,\"name\":\"El sue\u00f1o de la amapola\"}]},{\"@type\":\"WebSite\",\"@id\":\"https:\/\/letrame.com\/catalogo\/#website\",\"url\":\"https:\/\/letrame.com\/catalogo\/\",\"name\":\"Catalogo | Letrame Grupo Editorial\",\"description\":\"\",\"publisher\":{\"@id\":\"https:\/\/letrame.com\/catalogo\/#organization\"},\"potentialAction\":[{\"@type\":\"SearchAction\",\"target\":{\"@type\":\"EntryPoint\",\"urlTemplate\":\"https:\/\/letrame.com\/catalogo\/?s={search_term_string}\"},\"query-input\":{\"@type\":\"PropertyValueSpecification\",\"valueRequired\":true,\"valueName\":\"search_term_string\"}}],\"inLanguage\":\"es\"},{\"@type\":\"Organization\",\"@id\":\"https:\/\/letrame.com\/catalogo\/#organization\",\"name\":\"Catalogo | Letrame Grupo Editorial\",\"url\":\"https:\/\/letrame.com\/catalogo\/\",\"logo\":{\"@type\":\"ImageObject\",\"inLanguage\":\"es\",\"@id\":\"https:\/\/letrame.com\/catalogo\/#\/schema\/logo\/image\/\",\"url\":\"https:\/\/letrame.com\/catalogo\/wp-content\/uploads\/2024\/03\/logo2.webp\",\"contentUrl\":\"https:\/\/letrame.com\/catalogo\/wp-content\/uploads\/2024\/03\/logo2.webp\",\"width\":394,\"height\":128,\"caption\":\"Catalogo | Letrame Grupo Editorial\"},\"image\":{\"@id\":\"https:\/\/letrame.com\/catalogo\/#\/schema\/logo\/image\/\"}}]}<\/script>\n<!-- \/ Yoast SEO plugin. -->","yoast_head_json":{"title":"El sue\u00f1o de la amapola - Catalogo | Letrame Grupo Editorial","robots":{"index":"index","follow":"follow","max-snippet":"max-snippet:-1","max-image-preview":"max-image-preview:large","max-video-preview":"max-video-preview:-1"},"canonical":"https:\/\/letrame.com\/catalogo\/producto\/el-sueno-de-la-amapola\/","og_locale":"es_ES","og_type":"article","og_title":"El sue\u00f1o de la amapola - Catalogo | Letrame Grupo Editorial","og_description":"ISBN: 978-84-18090-02-8  Europa, 1933. Un detective llega a una antigua mansi\u00f3n neog\u00f3tica, reconvertida en hotel, para investigar la desaparici\u00f3n de uno de los empleados. El edificio est\u00e1 aislado en medio de la monta\u00f1a, rodeado por una inmensa arboleda que lo devora con cruel lentitud; escapar a pie resulta imposible, un verdadero suicidio, y la casa tampoco dispone de ning\u00fan veh\u00edculo. No hay rastro alguno del desaparecido, nadie sabe nada acerca de su paradero, y aunque todos, hu\u00e9spedes y empleados, aparentan tristeza y desasosiego, contin\u00faan con sus vidas como si nada hubiese ocurrido. Cuando el detective inicia sus pesquisas no tarda en descubrir que en aquel lugar hay un secreto mucho m\u00e1s profundo.","og_url":"https:\/\/letrame.com\/catalogo\/producto\/el-sueno-de-la-amapola\/","og_site_name":"Catalogo | Letrame Grupo Editorial","article_modified_time":"2024-05-15T12:15:58+00:00","og_image":[{"width":1746,"height":2560,"url":"https:\/\/letrame.com\/catalogo\/wp-content\/uploads\/2024\/04\/portada_elsuenodelaamapola_862mm-compressed-1-scaled-1.webp","type":"image\/webp"}],"twitter_card":"summary_large_image","twitter_misc":{"Tiempo de lectura":"1 minuto"},"schema":{"@context":"https:\/\/schema.org","@graph":[{"@type":"WebPage","@id":"https:\/\/letrame.com\/catalogo\/producto\/el-sueno-de-la-amapola\/","url":"https:\/\/letrame.com\/catalogo\/producto\/el-sueno-de-la-amapola\/","name":"El sue\u00f1o de la amapola - Catalogo | Letrame Grupo Editorial","isPartOf":{"@id":"https:\/\/letrame.com\/catalogo\/#website"},"primaryImageOfPage":{"@id":"https:\/\/letrame.com\/catalogo\/producto\/el-sueno-de-la-amapola\/#primaryimage"},"image":{"@id":"https:\/\/letrame.com\/catalogo\/producto\/el-sueno-de-la-amapola\/#primaryimage"},"thumbnailUrl":"https:\/\/letrame.com\/catalogo\/wp-content\/uploads\/2024\/04\/portada_elsuenodelaamapola_862mm-compressed-1-scaled-1.webp","datePublished":"2024-04-18T10:01:48+00:00","dateModified":"2024-05-15T12:15:58+00:00","breadcrumb":{"@id":"https:\/\/letrame.com\/catalogo\/producto\/el-sueno-de-la-amapola\/#breadcrumb"},"inLanguage":"es","potentialAction":[{"@type":"ReadAction","target":["https:\/\/letrame.com\/catalogo\/producto\/el-sueno-de-la-amapola\/"]}]},{"@type":"ImageObject","inLanguage":"es","@id":"https:\/\/letrame.com\/catalogo\/producto\/el-sueno-de-la-amapola\/#primaryimage","url":"https:\/\/letrame.com\/catalogo\/wp-content\/uploads\/2024\/04\/portada_elsuenodelaamapola_862mm-compressed-1-scaled-1.webp","contentUrl":"https:\/\/letrame.com\/catalogo\/wp-content\/uploads\/2024\/04\/portada_elsuenodelaamapola_862mm-compressed-1-scaled-1.webp","width":1746,"height":2560},{"@type":"BreadcrumbList","@id":"https:\/\/letrame.com\/catalogo\/producto\/el-sueno-de-la-amapola\/#breadcrumb","itemListElement":[{"@type":"ListItem","position":1,"name":"Portada","item":"https:\/\/letrame.com\/catalogo\/"},{"@type":"ListItem","position":2,"name":"Cat\u00e1logo","item":"https:\/\/letrame.com\/catalogo\/"},{"@type":"ListItem","position":3,"name":"El sue\u00f1o de la amapola"}]},{"@type":"WebSite","@id":"https:\/\/letrame.com\/catalogo\/#website","url":"https:\/\/letrame.com\/catalogo\/","name":"Catalogo | Letrame Grupo Editorial","description":"","publisher":{"@id":"https:\/\/letrame.com\/catalogo\/#organization"},"potentialAction":[{"@type":"SearchAction","target":{"@type":"EntryPoint","urlTemplate":"https:\/\/letrame.com\/catalogo\/?s={search_term_string}"},"query-input":{"@type":"PropertyValueSpecification","valueRequired":true,"valueName":"search_term_string"}}],"inLanguage":"es"},{"@type":"Organization","@id":"https:\/\/letrame.com\/catalogo\/#organization","name":"Catalogo | Letrame Grupo Editorial","url":"https:\/\/letrame.com\/catalogo\/","logo":{"@type":"ImageObject","inLanguage":"es","@id":"https:\/\/letrame.com\/catalogo\/#\/schema\/logo\/image\/","url":"https:\/\/letrame.com\/catalogo\/wp-content\/uploads\/2024\/03\/logo2.webp","contentUrl":"https:\/\/letrame.com\/catalogo\/wp-content\/uploads\/2024\/03\/logo2.webp","width":394,"height":128,"caption":"Catalogo | Letrame Grupo Editorial"},"image":{"@id":"https:\/\/letrame.com\/catalogo\/#\/schema\/logo\/image\/"}}]}},"_links":{"self":[{"href":"https:\/\/letrame.com\/catalogo\/wp-json\/wp\/v2\/product\/95086","targetHints":{"allow":["GET"]}}],"collection":[{"href":"https:\/\/letrame.com\/catalogo\/wp-json\/wp\/v2\/product"}],"about":[{"href":"https:\/\/letrame.com\/catalogo\/wp-json\/wp\/v2\/types\/product"}],"replies":[{"embeddable":true,"href":"https:\/\/letrame.com\/catalogo\/wp-json\/wp\/v2\/comments?post=95086"}],"acf:post":[{"embeddable":true,"href":"https:\/\/letrame.com\/catalogo\/wp-json\/wp\/v2\/author_book\/73908"}],"wp:featuredmedia":[{"embeddable":true,"href":"https:\/\/letrame.com\/catalogo\/wp-json\/wp\/v2\/media\/100002"}],"wp:attachment":[{"href":"https:\/\/letrame.com\/catalogo\/wp-json\/wp\/v2\/media?parent=95086"}],"wp:term":[{"taxonomy":"libro","embeddable":true,"href":"https:\/\/letrame.com\/catalogo\/wp-json\/wp\/v2\/libro?post=95086"},{"taxonomy":"product_brand","embeddable":true,"href":"https:\/\/letrame.com\/catalogo\/wp-json\/wp\/v2\/product_brand?post=95086"},{"taxonomy":"product_cat","embeddable":true,"href":"https:\/\/letrame.com\/catalogo\/wp-json\/wp\/v2\/product_cat?post=95086"},{"taxonomy":"product_tag","embeddable":true,"href":"https:\/\/letrame.com\/catalogo\/wp-json\/wp\/v2\/product_tag?post=95086"}],"curies":[{"name":"wp","href":"https:\/\/api.w.org\/{rel}","templated":true}]}}