{"id":95043,"date":"2024-04-18T11:50:29","date_gmt":"2024-04-18T09:50:29","guid":{"rendered":"https:\/\/letrame.com\/catalogo\/producto\/6-obras-de-teatro-breve\/"},"modified":"2024-04-18T11:51:09","modified_gmt":"2024-04-18T09:51:09","slug":"6-obras-de-teatro-breve","status":"publish","type":"product","link":"https:\/\/letrame.com\/catalogo\/producto\/6-obras-de-teatro-breve\/","title":{"rendered":"6 obras de teatro breve"},"content":{"rendered":"<p><strong>ISBN<\/strong>: &nbsp;<span class=\"sku\">978-84-18064-64-7<\/span><br \/>\n<strong>T\u00edtulo<\/strong>: 6 obras de teatro breve<br \/>\n<strong>Fecha<\/strong>: 2019<br \/>\n<strong>P\u00e1ginas<\/strong>: 82<\/p>\n<p>&nbsp;<\/p>\n<p><strong>SINOPSIS<\/strong><\/p>\n<p><strong>\u00daltimo Aviso:&nbsp;<\/strong>Por la megafon\u00eda de un aeropuerto se anuncia el \u00faltimo aviso para embarcar.En la puerta de embarque est\u00e1 Lourdes y aparece Ernesto corriendo con dos maletas como equipaje de mano identific\u00e1ndose como los pasajeros que faltan, asegurando que su esposa est\u00e1 a su lado aunque la azafata insiste en que no la ve.&nbsp;<strong>La Abusadora:&nbsp;<\/strong>Severo Anchoa Obligado, acude a un juzgado de conciliaci\u00f3n para denunciar a su esposa, B\u00e1rbara, por abuso sexual. El juez, Juan King, con su saber hacer y maestr\u00eda, tratar\u00e1 de imponer justicia y de conseguir&nbsp; un compromiso de acercamiento y buenos modales entre el matrimonio del se\u00f1or Anchoa y la se\u00f1ora Boquer\u00f3n.&nbsp;<strong>Visita de Compa\u00f1\u00eda:&nbsp;<\/strong>Un grupo de amigas deciden visitar a don Anselmo, persona de avanzada edad, con un estado de salud lamentable. Ellas van con la intenci\u00f3n de acompa\u00f1arle, pero al final la visita se convierte en la excusa para intercambiarse los chismorreos que unas y otras saben. Y los males de don Anselmo pasan a un segundo plano. Y conoci\u00e9ndole, pintan bastos.&nbsp;<strong>Musolaris:&nbsp;<\/strong>Cuatro mujeres juegan una partida de mus. Y como es natural en toda partida que se precie, se establece entre ellas un pique, concretamente entre las dos \u00abl\u00edderes\u00bb o las que llevan el peso de decidir cada uno de los chances de la partida. Incluso, llegan a comparar y citar los dos or\u00edgenes de cada una de ellas, \u00c1vila y Santurce (al lado de Bilbao).&nbsp;<strong>D\u00eda Se\u00f1alado:&nbsp;<\/strong>Esmeralda est\u00e1 contenta porque es el quince aniversario de su boda y va a salir a cenar con su marido, Pepe. Pero coincide con la final de la Copa de Europa de F\u00fatbol y uno de los equipos que juega la final es el Real Madrid, de qui\u00e9n Pepe es forofo empedernido, olvid\u00e1ndose por completo de que coincide con su aniversario de boda.&nbsp;<strong>Tabaco est\u00e1 triste:&nbsp;<\/strong>Tabaco cuenta sus or\u00edgenes y lo valioso que era para los nativos y que incluso le pon\u00edan de decoraci\u00f3n en Par\u00eds.Todas las plantas \u2013 Manzanilla, T\u00e9, Laurel, Menta, Zanahoria, Aloe y Tabaco- engrandecen su importancia y su influencia en la Naturaleza, y se mal meten unas con otras, alabando sus virtudes y coordinadas en sus intervenciones por el Sol.<\/p>\n","protected":false},"excerpt":{"rendered":"<p><strong>ISBN: 978-84-18064-64-7<\/strong><\/p>\n<p><strong>\u00daltimo Aviso: <\/strong>Por la megafon\u00eda de un aeropuerto se anuncia el \u00faltimo aviso para embarcar.En la puerta de embarque est\u00e1 Lourdes y aparece Ernesto corriendo con dos maletas como equipaje de mano identific\u00e1ndose como los pasajeros que faltan, asegurando que su esposa est\u00e1 a su lado aunque la azafata insiste en que no la ve. <strong>La Abusadora: <\/strong>Severo Anchoa Obligado, acude a un juzgado de conciliaci\u00f3n para denunciar a su esposa, B\u00e1rbara, por abuso sexual. El juez, Juan King, con su saber hacer y maestr\u00eda, tratar\u00e1 de imponer justicia y de conseguir\u00a0 un compromiso de acercamiento y buenos modales entre el matrimonio del se\u00f1or Anchoa y la se\u00f1ora Boquer\u00f3n.<\/p>\n","protected":false},"featured_media":95044,"comment_status":"closed","ping_status":"open","template":"","meta":{"_acf_changed":false},"libro":[],"product_brand":[],"product_cat":[21],"product_tag":[],"class_list":{"0":"post-95043","1":"product","2":"type-product","3":"status-publish","4":"has-post-thumbnail","6":"product_cat-relato","8":"first","9":"instock","10":"purchasable","11":"product-type-simple"},"acf":{"autor":[73872],"enlace_de_compra":""},"yoast_head":"<!-- This site is optimized with the Yoast SEO plugin v26.6 - https:\/\/yoast.com\/wordpress\/plugins\/seo\/ -->\n<title>6 obras de teatro breve - Catalogo | Letrame Grupo Editorial<\/title>\n<meta name=\"robots\" content=\"index, follow, max-snippet:-1, max-image-preview:large, max-video-preview:-1\" \/>\n<link rel=\"canonical\" href=\"https:\/\/letrame.com\/catalogo\/producto\/6-obras-de-teatro-breve\/\" \/>\n<meta property=\"og:locale\" content=\"es_ES\" \/>\n<meta property=\"og:type\" content=\"article\" \/>\n<meta property=\"og:title\" content=\"6 obras de teatro breve - Catalogo | Letrame Grupo Editorial\" \/>\n<meta property=\"og:description\" content=\"ISBN: 978-84-18064-64-7 \u00daltimo Aviso: Por la megafon\u00eda de un aeropuerto se anuncia el \u00faltimo aviso para embarcar.En la puerta de embarque est\u00e1 Lourdes y aparece Ernesto corriendo con dos maletas como equipaje de mano identific\u00e1ndose como los pasajeros que faltan, asegurando que su esposa est\u00e1 a su lado aunque la azafata insiste en que no la ve. La Abusadora: Severo Anchoa Obligado, acude a un juzgado de conciliaci\u00f3n para denunciar a su esposa, B\u00e1rbara, por abuso sexual. El juez, Juan King, con su saber hacer y maestr\u00eda, tratar\u00e1 de imponer justicia y de conseguir\u00a0 un compromiso de acercamiento y buenos modales entre el matrimonio del se\u00f1or Anchoa y la se\u00f1ora Boquer\u00f3n.\" \/>\n<meta property=\"og:url\" content=\"https:\/\/letrame.com\/catalogo\/producto\/6-obras-de-teatro-breve\/\" \/>\n<meta property=\"og:site_name\" content=\"Catalogo | Letrame Grupo Editorial\" \/>\n<meta property=\"article:modified_time\" content=\"2024-04-18T09:51:09+00:00\" \/>\n<meta property=\"og:image\" content=\"https:\/\/letrame.com\/catalogo\/wp-content\/uploads\/2024\/04\/portada_6obrasdeteatrobreve_5mm-compressed-scaled-1.jpg\" \/>\n\t<meta property=\"og:image:width\" content=\"1746\" \/>\n\t<meta property=\"og:image:height\" content=\"2560\" \/>\n\t<meta property=\"og:image:type\" content=\"image\/jpeg\" \/>\n<meta name=\"twitter:card\" content=\"summary_large_image\" \/>\n<meta name=\"twitter:label1\" content=\"Tiempo de lectura\" \/>\n\t<meta name=\"twitter:data1\" content=\"2 minutos\" \/>\n<script type=\"application\/ld+json\" class=\"yoast-schema-graph\">{\"@context\":\"https:\/\/schema.org\",\"@graph\":[{\"@type\":\"WebPage\",\"@id\":\"https:\/\/letrame.com\/catalogo\/producto\/6-obras-de-teatro-breve\/\",\"url\":\"https:\/\/letrame.com\/catalogo\/producto\/6-obras-de-teatro-breve\/\",\"name\":\"6 obras de teatro breve - Catalogo | Letrame Grupo Editorial\",\"isPartOf\":{\"@id\":\"https:\/\/letrame.com\/catalogo\/#website\"},\"primaryImageOfPage\":{\"@id\":\"https:\/\/letrame.com\/catalogo\/producto\/6-obras-de-teatro-breve\/#primaryimage\"},\"image\":{\"@id\":\"https:\/\/letrame.com\/catalogo\/producto\/6-obras-de-teatro-breve\/#primaryimage\"},\"thumbnailUrl\":\"https:\/\/letrame.com\/catalogo\/wp-content\/uploads\/2024\/04\/portada_6obrasdeteatrobreve_5mm-compressed-scaled-1.jpg\",\"datePublished\":\"2024-04-18T09:50:29+00:00\",\"dateModified\":\"2024-04-18T09:51:09+00:00\",\"breadcrumb\":{\"@id\":\"https:\/\/letrame.com\/catalogo\/producto\/6-obras-de-teatro-breve\/#breadcrumb\"},\"inLanguage\":\"es\",\"potentialAction\":[{\"@type\":\"ReadAction\",\"target\":[\"https:\/\/letrame.com\/catalogo\/producto\/6-obras-de-teatro-breve\/\"]}]},{\"@type\":\"ImageObject\",\"inLanguage\":\"es\",\"@id\":\"https:\/\/letrame.com\/catalogo\/producto\/6-obras-de-teatro-breve\/#primaryimage\",\"url\":\"https:\/\/letrame.com\/catalogo\/wp-content\/uploads\/2024\/04\/portada_6obrasdeteatrobreve_5mm-compressed-scaled-1.jpg\",\"contentUrl\":\"https:\/\/letrame.com\/catalogo\/wp-content\/uploads\/2024\/04\/portada_6obrasdeteatrobreve_5mm-compressed-scaled-1.jpg\",\"width\":1746,\"height\":2560},{\"@type\":\"BreadcrumbList\",\"@id\":\"https:\/\/letrame.com\/catalogo\/producto\/6-obras-de-teatro-breve\/#breadcrumb\",\"itemListElement\":[{\"@type\":\"ListItem\",\"position\":1,\"name\":\"Portada\",\"item\":\"https:\/\/letrame.com\/catalogo\/\"},{\"@type\":\"ListItem\",\"position\":2,\"name\":\"Cat\u00e1logo\",\"item\":\"https:\/\/letrame.com\/catalogo\/\"},{\"@type\":\"ListItem\",\"position\":3,\"name\":\"6 obras de teatro breve\"}]},{\"@type\":\"WebSite\",\"@id\":\"https:\/\/letrame.com\/catalogo\/#website\",\"url\":\"https:\/\/letrame.com\/catalogo\/\",\"name\":\"Catalogo | Letrame Grupo Editorial\",\"description\":\"\",\"publisher\":{\"@id\":\"https:\/\/letrame.com\/catalogo\/#organization\"},\"potentialAction\":[{\"@type\":\"SearchAction\",\"target\":{\"@type\":\"EntryPoint\",\"urlTemplate\":\"https:\/\/letrame.com\/catalogo\/?s={search_term_string}\"},\"query-input\":{\"@type\":\"PropertyValueSpecification\",\"valueRequired\":true,\"valueName\":\"search_term_string\"}}],\"inLanguage\":\"es\"},{\"@type\":\"Organization\",\"@id\":\"https:\/\/letrame.com\/catalogo\/#organization\",\"name\":\"Catalogo | Letrame Grupo Editorial\",\"url\":\"https:\/\/letrame.com\/catalogo\/\",\"logo\":{\"@type\":\"ImageObject\",\"inLanguage\":\"es\",\"@id\":\"https:\/\/letrame.com\/catalogo\/#\/schema\/logo\/image\/\",\"url\":\"https:\/\/letrame.com\/catalogo\/wp-content\/uploads\/2024\/03\/logo2.webp\",\"contentUrl\":\"https:\/\/letrame.com\/catalogo\/wp-content\/uploads\/2024\/03\/logo2.webp\",\"width\":394,\"height\":128,\"caption\":\"Catalogo | Letrame Grupo Editorial\"},\"image\":{\"@id\":\"https:\/\/letrame.com\/catalogo\/#\/schema\/logo\/image\/\"}}]}<\/script>\n<!-- \/ Yoast SEO plugin. -->","yoast_head_json":{"title":"6 obras de teatro breve - Catalogo | Letrame Grupo Editorial","robots":{"index":"index","follow":"follow","max-snippet":"max-snippet:-1","max-image-preview":"max-image-preview:large","max-video-preview":"max-video-preview:-1"},"canonical":"https:\/\/letrame.com\/catalogo\/producto\/6-obras-de-teatro-breve\/","og_locale":"es_ES","og_type":"article","og_title":"6 obras de teatro breve - Catalogo | Letrame Grupo Editorial","og_description":"ISBN: 978-84-18064-64-7 \u00daltimo Aviso: Por la megafon\u00eda de un aeropuerto se anuncia el \u00faltimo aviso para embarcar.En la puerta de embarque est\u00e1 Lourdes y aparece Ernesto corriendo con dos maletas como equipaje de mano identific\u00e1ndose como los pasajeros que faltan, asegurando que su esposa est\u00e1 a su lado aunque la azafata insiste en que no la ve. La Abusadora: Severo Anchoa Obligado, acude a un juzgado de conciliaci\u00f3n para denunciar a su esposa, B\u00e1rbara, por abuso sexual. El juez, Juan King, con su saber hacer y maestr\u00eda, tratar\u00e1 de imponer justicia y de conseguir\u00a0 un compromiso de acercamiento y buenos modales entre el matrimonio del se\u00f1or Anchoa y la se\u00f1ora Boquer\u00f3n.","og_url":"https:\/\/letrame.com\/catalogo\/producto\/6-obras-de-teatro-breve\/","og_site_name":"Catalogo | Letrame Grupo Editorial","article_modified_time":"2024-04-18T09:51:09+00:00","og_image":[{"width":1746,"height":2560,"url":"https:\/\/letrame.com\/catalogo\/wp-content\/uploads\/2024\/04\/portada_6obrasdeteatrobreve_5mm-compressed-scaled-1.jpg","type":"image\/jpeg"}],"twitter_card":"summary_large_image","twitter_misc":{"Tiempo de lectura":"2 minutos"},"schema":{"@context":"https:\/\/schema.org","@graph":[{"@type":"WebPage","@id":"https:\/\/letrame.com\/catalogo\/producto\/6-obras-de-teatro-breve\/","url":"https:\/\/letrame.com\/catalogo\/producto\/6-obras-de-teatro-breve\/","name":"6 obras de teatro breve - Catalogo | Letrame Grupo Editorial","isPartOf":{"@id":"https:\/\/letrame.com\/catalogo\/#website"},"primaryImageOfPage":{"@id":"https:\/\/letrame.com\/catalogo\/producto\/6-obras-de-teatro-breve\/#primaryimage"},"image":{"@id":"https:\/\/letrame.com\/catalogo\/producto\/6-obras-de-teatro-breve\/#primaryimage"},"thumbnailUrl":"https:\/\/letrame.com\/catalogo\/wp-content\/uploads\/2024\/04\/portada_6obrasdeteatrobreve_5mm-compressed-scaled-1.jpg","datePublished":"2024-04-18T09:50:29+00:00","dateModified":"2024-04-18T09:51:09+00:00","breadcrumb":{"@id":"https:\/\/letrame.com\/catalogo\/producto\/6-obras-de-teatro-breve\/#breadcrumb"},"inLanguage":"es","potentialAction":[{"@type":"ReadAction","target":["https:\/\/letrame.com\/catalogo\/producto\/6-obras-de-teatro-breve\/"]}]},{"@type":"ImageObject","inLanguage":"es","@id":"https:\/\/letrame.com\/catalogo\/producto\/6-obras-de-teatro-breve\/#primaryimage","url":"https:\/\/letrame.com\/catalogo\/wp-content\/uploads\/2024\/04\/portada_6obrasdeteatrobreve_5mm-compressed-scaled-1.jpg","contentUrl":"https:\/\/letrame.com\/catalogo\/wp-content\/uploads\/2024\/04\/portada_6obrasdeteatrobreve_5mm-compressed-scaled-1.jpg","width":1746,"height":2560},{"@type":"BreadcrumbList","@id":"https:\/\/letrame.com\/catalogo\/producto\/6-obras-de-teatro-breve\/#breadcrumb","itemListElement":[{"@type":"ListItem","position":1,"name":"Portada","item":"https:\/\/letrame.com\/catalogo\/"},{"@type":"ListItem","position":2,"name":"Cat\u00e1logo","item":"https:\/\/letrame.com\/catalogo\/"},{"@type":"ListItem","position":3,"name":"6 obras de teatro breve"}]},{"@type":"WebSite","@id":"https:\/\/letrame.com\/catalogo\/#website","url":"https:\/\/letrame.com\/catalogo\/","name":"Catalogo | Letrame Grupo Editorial","description":"","publisher":{"@id":"https:\/\/letrame.com\/catalogo\/#organization"},"potentialAction":[{"@type":"SearchAction","target":{"@type":"EntryPoint","urlTemplate":"https:\/\/letrame.com\/catalogo\/?s={search_term_string}"},"query-input":{"@type":"PropertyValueSpecification","valueRequired":true,"valueName":"search_term_string"}}],"inLanguage":"es"},{"@type":"Organization","@id":"https:\/\/letrame.com\/catalogo\/#organization","name":"Catalogo | Letrame Grupo Editorial","url":"https:\/\/letrame.com\/catalogo\/","logo":{"@type":"ImageObject","inLanguage":"es","@id":"https:\/\/letrame.com\/catalogo\/#\/schema\/logo\/image\/","url":"https:\/\/letrame.com\/catalogo\/wp-content\/uploads\/2024\/03\/logo2.webp","contentUrl":"https:\/\/letrame.com\/catalogo\/wp-content\/uploads\/2024\/03\/logo2.webp","width":394,"height":128,"caption":"Catalogo | Letrame Grupo Editorial"},"image":{"@id":"https:\/\/letrame.com\/catalogo\/#\/schema\/logo\/image\/"}}]}},"_links":{"self":[{"href":"https:\/\/letrame.com\/catalogo\/wp-json\/wp\/v2\/product\/95043","targetHints":{"allow":["GET"]}}],"collection":[{"href":"https:\/\/letrame.com\/catalogo\/wp-json\/wp\/v2\/product"}],"about":[{"href":"https:\/\/letrame.com\/catalogo\/wp-json\/wp\/v2\/types\/product"}],"replies":[{"embeddable":true,"href":"https:\/\/letrame.com\/catalogo\/wp-json\/wp\/v2\/comments?post=95043"}],"acf:post":[{"embeddable":true,"href":"https:\/\/letrame.com\/catalogo\/wp-json\/wp\/v2\/author_book\/73872"}],"wp:featuredmedia":[{"embeddable":true,"href":"https:\/\/letrame.com\/catalogo\/wp-json\/wp\/v2\/media\/95044"}],"wp:attachment":[{"href":"https:\/\/letrame.com\/catalogo\/wp-json\/wp\/v2\/media?parent=95043"}],"wp:term":[{"taxonomy":"libro","embeddable":true,"href":"https:\/\/letrame.com\/catalogo\/wp-json\/wp\/v2\/libro?post=95043"},{"taxonomy":"product_brand","embeddable":true,"href":"https:\/\/letrame.com\/catalogo\/wp-json\/wp\/v2\/product_brand?post=95043"},{"taxonomy":"product_cat","embeddable":true,"href":"https:\/\/letrame.com\/catalogo\/wp-json\/wp\/v2\/product_cat?post=95043"},{"taxonomy":"product_tag","embeddable":true,"href":"https:\/\/letrame.com\/catalogo\/wp-json\/wp\/v2\/product_tag?post=95043"}],"curies":[{"name":"wp","href":"https:\/\/api.w.org\/{rel}","templated":true}]}}