{"id":95023,"date":"2024-04-18T11:47:47","date_gmt":"2024-04-18T09:47:47","guid":{"rendered":"https:\/\/letrame.com\/catalogo\/producto\/kendra\/"},"modified":"2024-04-18T11:48:24","modified_gmt":"2024-04-18T09:48:24","slug":"kendra","status":"publish","type":"product","link":"https:\/\/letrame.com\/catalogo\/producto\/kendra\/","title":{"rendered":"Kendra"},"content":{"rendered":"<p><strong>ISBN<\/strong>: 978-84-17965-38-9<br \/>\n<strong>T\u00edtulo<\/strong>: Kendra<br \/>\n<strong>Fecha<\/strong>: 2019<br \/>\n<strong>P\u00e1ginas<\/strong>: 50<\/p>\n<p>&nbsp;<\/p>\n<p><strong>SINOPSIS<\/strong><\/p>\n<section>\n<div class=\"about-this-book\">\n<div class=\"container\">\n<div class=\"right-detail shop-detail1 pull-right col-md-8 col-sm-8 col-xs-12\">\n<div id=\"editionnal-reviews\" class=\"book-desc-detail\"><span class=\"detail-desc box-detail-desc\">Esta es una historia de una ni\u00f1a \u00fanica y valiente que gracias a un secreto y a no tener miedo, cambi\u00f3 el destino de un hombre y de un poblado entero. Apto para todas las edades, resalta unos valores necesarios en un mundo cada vez mas veloz y a veces da\u00f1ino para aquellos peque\u00f1os seres que nos rodean y nos acompa\u00f1an. Alba Bar\u00f3n, naci\u00f3 en Barakaldo en 1981. Aunque se licenci\u00f3 en Historia, cosas del destino la llevaron a ser madre antes que nada. Sus hijas Xana y Alma, son su fuerza para seguir cada d\u00eda, y a las que les escribe cuentos cada vez que le viene la inspiraci\u00f3n. Esta es su segunda obra, la primera fue El hada que no sab\u00eda volar dedicada en especial a su hija mayor Xana, que tiene par\u00e1lisis cerebral, queriendo poner voz en un entorno desenfadado a sus diferencias. Vi\u00e9ndolas no como limitaciones, sino como obst\u00e1culos a superar. Amante de la naturaleza, de los animales y de la vida en general, aporta su granito de arena con esta obra para tratar de inculcar a los ni\u00f1os aquello que ella recibi\u00f3 de peque\u00f1a, Valores fuertes. Gracias a todos los que han hecho posible que este peque\u00f1o cuento vea la luz.<\/span><\/div>\n<div id=\"clear-scroll\" class=\"clearfix\"><\/div>\n<\/div>\n<\/div>\n<\/div>\n<\/section>\n<div class=\"feature-section feature-option2\">\n<div class=\"container\">\n<div class=\"related products\">\n<div class=\"title-box\"><\/div>\n<\/div>\n<\/div>\n<\/div>\n","protected":false},"excerpt":{"rendered":"<p><strong>ISBN: 978-84-17965-38-9<\/strong><\/p>\n<p>Esta es una historia de una ni\u00f1a \u00fanica y valiente que gracias a un secreto y a no tener miedo, cambi\u00f3 el destino de un hombre y de un poblado entero. Apto para todas las edades, resalta unos valores necesarios en un mundo cada vez mas veloz y a veces da\u00f1ino para aquellos peque\u00f1os seres que nos rodean y nos acompa\u00f1an.<\/p>\n","protected":false},"featured_media":95024,"comment_status":"closed","ping_status":"open","template":"","meta":{"_acf_changed":false},"libro":[],"product_brand":[],"product_cat":[17,16],"product_tag":[],"class_list":{"0":"post-95023","1":"product","2":"type-product","3":"status-publish","4":"has-post-thumbnail","6":"product_cat-infantil","7":"product_cat-novela","9":"first","10":"instock","11":"purchasable","12":"product-type-simple"},"acf":{"autor":[73860],"enlace_de_compra":""},"yoast_head":"<!-- This site is optimized with the Yoast SEO plugin v26.6 - https:\/\/yoast.com\/wordpress\/plugins\/seo\/ -->\n<title>Kendra - Catalogo | Letrame Grupo Editorial<\/title>\n<meta name=\"robots\" content=\"index, follow, max-snippet:-1, max-image-preview:large, max-video-preview:-1\" \/>\n<link rel=\"canonical\" href=\"https:\/\/letrame.com\/catalogo\/producto\/kendra\/\" \/>\n<meta property=\"og:locale\" content=\"es_ES\" \/>\n<meta property=\"og:type\" content=\"article\" \/>\n<meta property=\"og:title\" content=\"Kendra - Catalogo | Letrame Grupo Editorial\" \/>\n<meta property=\"og:description\" content=\"ISBN: 978-84-17965-38-9 Esta es una historia de una ni\u00f1a \u00fanica y valiente que gracias a un secreto y a no tener miedo, cambi\u00f3 el destino de un hombre y de un poblado entero. Apto para todas las edades, resalta unos valores necesarios en un mundo cada vez mas veloz y a veces da\u00f1ino para aquellos peque\u00f1os seres que nos rodean y nos acompa\u00f1an.\" \/>\n<meta property=\"og:url\" content=\"https:\/\/letrame.com\/catalogo\/producto\/kendra\/\" \/>\n<meta property=\"og:site_name\" content=\"Catalogo | Letrame Grupo Editorial\" \/>\n<meta property=\"article:modified_time\" content=\"2024-04-18T09:48:24+00:00\" \/>\n<meta property=\"og:image\" content=\"https:\/\/letrame.com\/catalogo\/wp-content\/uploads\/2024\/04\/portada-14-scaled-1.jpg\" \/>\n\t<meta property=\"og:image:width\" content=\"409\" \/>\n\t<meta property=\"og:image:height\" content=\"600\" \/>\n\t<meta property=\"og:image:type\" content=\"image\/jpeg\" \/>\n<meta name=\"twitter:card\" content=\"summary_large_image\" \/>\n<meta name=\"twitter:label1\" content=\"Tiempo de lectura\" \/>\n\t<meta name=\"twitter:data1\" content=\"1 minuto\" \/>\n<script type=\"application\/ld+json\" class=\"yoast-schema-graph\">{\"@context\":\"https:\/\/schema.org\",\"@graph\":[{\"@type\":\"WebPage\",\"@id\":\"https:\/\/letrame.com\/catalogo\/producto\/kendra\/\",\"url\":\"https:\/\/letrame.com\/catalogo\/producto\/kendra\/\",\"name\":\"Kendra - Catalogo | Letrame Grupo Editorial\",\"isPartOf\":{\"@id\":\"https:\/\/letrame.com\/catalogo\/#website\"},\"primaryImageOfPage\":{\"@id\":\"https:\/\/letrame.com\/catalogo\/producto\/kendra\/#primaryimage\"},\"image\":{\"@id\":\"https:\/\/letrame.com\/catalogo\/producto\/kendra\/#primaryimage\"},\"thumbnailUrl\":\"https:\/\/letrame.com\/catalogo\/wp-content\/uploads\/2024\/04\/portada-14-scaled-1.jpg\",\"datePublished\":\"2024-04-18T09:47:47+00:00\",\"dateModified\":\"2024-04-18T09:48:24+00:00\",\"breadcrumb\":{\"@id\":\"https:\/\/letrame.com\/catalogo\/producto\/kendra\/#breadcrumb\"},\"inLanguage\":\"es\",\"potentialAction\":[{\"@type\":\"ReadAction\",\"target\":[\"https:\/\/letrame.com\/catalogo\/producto\/kendra\/\"]}]},{\"@type\":\"ImageObject\",\"inLanguage\":\"es\",\"@id\":\"https:\/\/letrame.com\/catalogo\/producto\/kendra\/#primaryimage\",\"url\":\"https:\/\/letrame.com\/catalogo\/wp-content\/uploads\/2024\/04\/portada-14-scaled-1.jpg\",\"contentUrl\":\"https:\/\/letrame.com\/catalogo\/wp-content\/uploads\/2024\/04\/portada-14-scaled-1.jpg\",\"width\":409,\"height\":600},{\"@type\":\"BreadcrumbList\",\"@id\":\"https:\/\/letrame.com\/catalogo\/producto\/kendra\/#breadcrumb\",\"itemListElement\":[{\"@type\":\"ListItem\",\"position\":1,\"name\":\"Portada\",\"item\":\"https:\/\/letrame.com\/catalogo\/\"},{\"@type\":\"ListItem\",\"position\":2,\"name\":\"Cat\u00e1logo\",\"item\":\"https:\/\/letrame.com\/catalogo\/\"},{\"@type\":\"ListItem\",\"position\":3,\"name\":\"Kendra\"}]},{\"@type\":\"WebSite\",\"@id\":\"https:\/\/letrame.com\/catalogo\/#website\",\"url\":\"https:\/\/letrame.com\/catalogo\/\",\"name\":\"Catalogo | Letrame Grupo Editorial\",\"description\":\"\",\"publisher\":{\"@id\":\"https:\/\/letrame.com\/catalogo\/#organization\"},\"potentialAction\":[{\"@type\":\"SearchAction\",\"target\":{\"@type\":\"EntryPoint\",\"urlTemplate\":\"https:\/\/letrame.com\/catalogo\/?s={search_term_string}\"},\"query-input\":{\"@type\":\"PropertyValueSpecification\",\"valueRequired\":true,\"valueName\":\"search_term_string\"}}],\"inLanguage\":\"es\"},{\"@type\":\"Organization\",\"@id\":\"https:\/\/letrame.com\/catalogo\/#organization\",\"name\":\"Catalogo | Letrame Grupo Editorial\",\"url\":\"https:\/\/letrame.com\/catalogo\/\",\"logo\":{\"@type\":\"ImageObject\",\"inLanguage\":\"es\",\"@id\":\"https:\/\/letrame.com\/catalogo\/#\/schema\/logo\/image\/\",\"url\":\"https:\/\/letrame.com\/catalogo\/wp-content\/uploads\/2024\/03\/logo2.webp\",\"contentUrl\":\"https:\/\/letrame.com\/catalogo\/wp-content\/uploads\/2024\/03\/logo2.webp\",\"width\":394,\"height\":128,\"caption\":\"Catalogo | Letrame Grupo Editorial\"},\"image\":{\"@id\":\"https:\/\/letrame.com\/catalogo\/#\/schema\/logo\/image\/\"}}]}<\/script>\n<!-- \/ Yoast SEO plugin. -->","yoast_head_json":{"title":"Kendra - Catalogo | Letrame Grupo Editorial","robots":{"index":"index","follow":"follow","max-snippet":"max-snippet:-1","max-image-preview":"max-image-preview:large","max-video-preview":"max-video-preview:-1"},"canonical":"https:\/\/letrame.com\/catalogo\/producto\/kendra\/","og_locale":"es_ES","og_type":"article","og_title":"Kendra - Catalogo | Letrame Grupo Editorial","og_description":"ISBN: 978-84-17965-38-9 Esta es una historia de una ni\u00f1a \u00fanica y valiente que gracias a un secreto y a no tener miedo, cambi\u00f3 el destino de un hombre y de un poblado entero. Apto para todas las edades, resalta unos valores necesarios en un mundo cada vez mas veloz y a veces da\u00f1ino para aquellos peque\u00f1os seres que nos rodean y nos acompa\u00f1an.","og_url":"https:\/\/letrame.com\/catalogo\/producto\/kendra\/","og_site_name":"Catalogo | Letrame Grupo Editorial","article_modified_time":"2024-04-18T09:48:24+00:00","og_image":[{"width":409,"height":600,"url":"https:\/\/letrame.com\/catalogo\/wp-content\/uploads\/2024\/04\/portada-14-scaled-1.jpg","type":"image\/jpeg"}],"twitter_card":"summary_large_image","twitter_misc":{"Tiempo de lectura":"1 minuto"},"schema":{"@context":"https:\/\/schema.org","@graph":[{"@type":"WebPage","@id":"https:\/\/letrame.com\/catalogo\/producto\/kendra\/","url":"https:\/\/letrame.com\/catalogo\/producto\/kendra\/","name":"Kendra - Catalogo | Letrame Grupo Editorial","isPartOf":{"@id":"https:\/\/letrame.com\/catalogo\/#website"},"primaryImageOfPage":{"@id":"https:\/\/letrame.com\/catalogo\/producto\/kendra\/#primaryimage"},"image":{"@id":"https:\/\/letrame.com\/catalogo\/producto\/kendra\/#primaryimage"},"thumbnailUrl":"https:\/\/letrame.com\/catalogo\/wp-content\/uploads\/2024\/04\/portada-14-scaled-1.jpg","datePublished":"2024-04-18T09:47:47+00:00","dateModified":"2024-04-18T09:48:24+00:00","breadcrumb":{"@id":"https:\/\/letrame.com\/catalogo\/producto\/kendra\/#breadcrumb"},"inLanguage":"es","potentialAction":[{"@type":"ReadAction","target":["https:\/\/letrame.com\/catalogo\/producto\/kendra\/"]}]},{"@type":"ImageObject","inLanguage":"es","@id":"https:\/\/letrame.com\/catalogo\/producto\/kendra\/#primaryimage","url":"https:\/\/letrame.com\/catalogo\/wp-content\/uploads\/2024\/04\/portada-14-scaled-1.jpg","contentUrl":"https:\/\/letrame.com\/catalogo\/wp-content\/uploads\/2024\/04\/portada-14-scaled-1.jpg","width":409,"height":600},{"@type":"BreadcrumbList","@id":"https:\/\/letrame.com\/catalogo\/producto\/kendra\/#breadcrumb","itemListElement":[{"@type":"ListItem","position":1,"name":"Portada","item":"https:\/\/letrame.com\/catalogo\/"},{"@type":"ListItem","position":2,"name":"Cat\u00e1logo","item":"https:\/\/letrame.com\/catalogo\/"},{"@type":"ListItem","position":3,"name":"Kendra"}]},{"@type":"WebSite","@id":"https:\/\/letrame.com\/catalogo\/#website","url":"https:\/\/letrame.com\/catalogo\/","name":"Catalogo | Letrame Grupo Editorial","description":"","publisher":{"@id":"https:\/\/letrame.com\/catalogo\/#organization"},"potentialAction":[{"@type":"SearchAction","target":{"@type":"EntryPoint","urlTemplate":"https:\/\/letrame.com\/catalogo\/?s={search_term_string}"},"query-input":{"@type":"PropertyValueSpecification","valueRequired":true,"valueName":"search_term_string"}}],"inLanguage":"es"},{"@type":"Organization","@id":"https:\/\/letrame.com\/catalogo\/#organization","name":"Catalogo | Letrame Grupo Editorial","url":"https:\/\/letrame.com\/catalogo\/","logo":{"@type":"ImageObject","inLanguage":"es","@id":"https:\/\/letrame.com\/catalogo\/#\/schema\/logo\/image\/","url":"https:\/\/letrame.com\/catalogo\/wp-content\/uploads\/2024\/03\/logo2.webp","contentUrl":"https:\/\/letrame.com\/catalogo\/wp-content\/uploads\/2024\/03\/logo2.webp","width":394,"height":128,"caption":"Catalogo | Letrame Grupo Editorial"},"image":{"@id":"https:\/\/letrame.com\/catalogo\/#\/schema\/logo\/image\/"}}]}},"_links":{"self":[{"href":"https:\/\/letrame.com\/catalogo\/wp-json\/wp\/v2\/product\/95023","targetHints":{"allow":["GET"]}}],"collection":[{"href":"https:\/\/letrame.com\/catalogo\/wp-json\/wp\/v2\/product"}],"about":[{"href":"https:\/\/letrame.com\/catalogo\/wp-json\/wp\/v2\/types\/product"}],"replies":[{"embeddable":true,"href":"https:\/\/letrame.com\/catalogo\/wp-json\/wp\/v2\/comments?post=95023"}],"acf:post":[{"embeddable":true,"href":"https:\/\/letrame.com\/catalogo\/wp-json\/wp\/v2\/author_book\/73860"}],"wp:featuredmedia":[{"embeddable":true,"href":"https:\/\/letrame.com\/catalogo\/wp-json\/wp\/v2\/media\/95024"}],"wp:attachment":[{"href":"https:\/\/letrame.com\/catalogo\/wp-json\/wp\/v2\/media?parent=95023"}],"wp:term":[{"taxonomy":"libro","embeddable":true,"href":"https:\/\/letrame.com\/catalogo\/wp-json\/wp\/v2\/libro?post=95023"},{"taxonomy":"product_brand","embeddable":true,"href":"https:\/\/letrame.com\/catalogo\/wp-json\/wp\/v2\/product_brand?post=95023"},{"taxonomy":"product_cat","embeddable":true,"href":"https:\/\/letrame.com\/catalogo\/wp-json\/wp\/v2\/product_cat?post=95023"},{"taxonomy":"product_tag","embeddable":true,"href":"https:\/\/letrame.com\/catalogo\/wp-json\/wp\/v2\/product_tag?post=95023"}],"curies":[{"name":"wp","href":"https:\/\/api.w.org\/{rel}","templated":true}]}}