{"id":95014,"date":"2024-04-18T11:46:53","date_gmt":"2024-04-18T09:46:53","guid":{"rendered":"https:\/\/letrame.com\/catalogo\/producto\/el-trasvase-del-ebro\/"},"modified":"2024-04-18T11:47:28","modified_gmt":"2024-04-18T09:47:28","slug":"el-trasvase-del-ebro","status":"publish","type":"product","link":"https:\/\/letrame.com\/catalogo\/producto\/el-trasvase-del-ebro\/","title":{"rendered":"El trasvase del Ebro"},"content":{"rendered":"<p><strong>ISBN<\/strong>: 978-84-17897-78-9<br \/>\n<strong>T\u00edtulo<\/strong>: El trasvase del Ebro<br \/>\n<strong>Fecha<\/strong>: 2019<br \/>\n<strong>P\u00e1ginas<\/strong>: 358<\/p>\n<p>&nbsp;<\/p>\n<p><strong>SINOPSIS<\/strong><\/p>\n<section>\n<div class=\"about-this-book\">\n<div class=\"container\">\n<div class=\"right-detail shop-detail1 pull-right col-md-8 col-sm-8 col-xs-12\">\n<div id=\"editionnal-reviews\" class=\"book-desc-detail\"><span class=\"detail-desc box-detail-desc\">La gesti\u00f3n del agua es hoy uno de los cap\u00edtulos relevantes de la acci\u00f3n pol\u00edtica, siendo los trasvases intercuencas las operaciones m\u00e1s espectaculares en el campo de la distribuci\u00f3n de este recurso. Al enfrentarse el autor al estudio de la problem\u00e1tica que suscita el trasvase del Ebro, descubre que la pol\u00e9mica que lo rodea es consecuencia \u2014sobre todo\u2014 de la inexistencia de una doctrina adecuada que gu\u00ede la toma de decisiones en este tipo de actuaciones. Cuesti\u00f3n esta que se aborda en el libro estableciendo que un trasvase debe ser tratado como aportaci\u00f3n del insumo agua al desarrollo de los territorios concernidos, y hacerlo someti\u00e9ndose a los principios de disponibilidad seg\u00fan la naturaleza del agua y en coordinaci\u00f3n con el resto de los par\u00e1metros del desarrollo. As\u00ed, en la confrontaci\u00f3n en una cuenca cedente entre la demanda para el desarrollo de su territorio y las disponibilidades potenciales del recurso se puede llegar a establecer si existen caudales sobrantes a trasvasar. Aplicada la doctrina al r\u00edo Ebro se concluye que \u2014solo en t\u00e9rminos hidr\u00e1ulicos\u2014 est\u00e1 por determinar la existencia de caudales sobrantes, lo que requiere calcular previamente los caudales regulados finalmente disponibles y la demanda de agua para el total desarrollo de la Cuenca, magnitudes estas que hoy estamos lejos de conocer. Por \u00faltimo, no se puede asegurar tampoco la demanda que Arag\u00f3n necesita para su desarrollo potencial, siendo presumiblemente un desarrollo prioritario dado su valor geopol\u00edtico en el contexto espa\u00f1ol. En resumen, el autor reclama un cambio profundo en la pol\u00edtica hidr\u00e1ulica.<\/span><\/div>\n<div id=\"clear-scroll\" class=\"clearfix\"><\/div>\n<\/div>\n<\/div>\n<\/div>\n<\/section>\n<div class=\"feature-section feature-option2\">\n<div class=\"container\">\n<div class=\"related products\">\n<div class=\"title-box\"><\/div>\n<\/div>\n<\/div>\n<\/div>\n","protected":false},"excerpt":{"rendered":"<p><strong>ISBN: 978-84-17897-78-9<\/strong><\/p>\n<p>La gesti\u00f3n del agua es hoy uno de los cap\u00edtulos relevantes de la acci\u00f3n pol\u00edtica, siendo los trasvases intercuencas las operaciones m\u00e1s espectaculares en el campo de la distribuci\u00f3n de este recurso.<br \/>\nAl enfrentarse el autor al estudio de la problem\u00e1tica que suscita el trasvase del Ebro, descubre que la pol\u00e9mica que lo rodea es consecuencia \u2014sobre todo\u2014 de la inexistencia de una doctrina adecuada que gu\u00ede la toma de decisiones en este tipo de actuaciones. Cuesti\u00f3n esta que se aborda en el libro estableciendo que un trasvase debe ser tratado como aportaci\u00f3n del insumo agua al desarrollo de los territorios concernidos, y hacerlo someti\u00e9ndose a los principios de disponibilidad seg\u00fan la naturaleza del agua y en coordinaci\u00f3n con el resto de los par\u00e1metros del desarrollo.<\/p>\n","protected":false},"featured_media":95015,"comment_status":"closed","ping_status":"open","template":"","meta":{"_acf_changed":false},"libro":[],"product_brand":[],"product_cat":[22,23],"product_tag":[],"class_list":{"0":"post-95014","1":"product","2":"type-product","3":"status-publish","4":"has-post-thumbnail","6":"product_cat-docencia","7":"product_cat-ensayos","9":"first","10":"instock","11":"purchasable","12":"product-type-simple"},"acf":{"autor":"","enlace_de_compra":"https:\/\/www.amazon.es\/trasvase-futuro-Arag%C3%B3n-opci%C3%B3n-pol%C3%ADtica\/dp\/841789778X\/ref=sr_1_1?__mk_es_ES=%C3%85M%C3%85%C5%BD%C3%95%C3%91&amp&keywords=el+trasvase+del+ebro&amp&qid=1568890817&amp&sr=8-1"},"yoast_head":"<!-- This site is optimized with the Yoast SEO plugin v27.4 - https:\/\/yoast.com\/product\/yoast-seo-wordpress\/ -->\n<title>El trasvase del Ebro - Catalogo | Letrame Grupo Editorial<\/title>\n<meta name=\"robots\" content=\"index, follow, max-snippet:-1, max-image-preview:large, max-video-preview:-1\" \/>\n<link rel=\"canonical\" href=\"https:\/\/letrame.com\/catalogo\/producto\/el-trasvase-del-ebro\/\" \/>\n<meta property=\"og:locale\" content=\"es_ES\" \/>\n<meta property=\"og:type\" content=\"article\" \/>\n<meta property=\"og:title\" content=\"El trasvase del Ebro - Catalogo | Letrame Grupo Editorial\" \/>\n<meta property=\"og:description\" content=\"ISBN: 978-84-17897-78-9 La gesti\u00f3n del agua es hoy uno de los cap\u00edtulos relevantes de la acci\u00f3n pol\u00edtica, siendo los trasvases intercuencas las operaciones m\u00e1s espectaculares en el campo de la distribuci\u00f3n de este recurso. Al enfrentarse el autor al estudio de la problem\u00e1tica que suscita el trasvase del Ebro, descubre que la pol\u00e9mica que lo rodea es consecuencia \u2014sobre todo\u2014 de la inexistencia de una doctrina adecuada que gu\u00ede la toma de decisiones en este tipo de actuaciones. Cuesti\u00f3n esta que se aborda en el libro estableciendo que un trasvase debe ser tratado como aportaci\u00f3n del insumo agua al desarrollo de los territorios concernidos, y hacerlo someti\u00e9ndose a los principios de disponibilidad seg\u00fan la naturaleza del agua y en coordinaci\u00f3n con el resto de los par\u00e1metros del desarrollo.\" \/>\n<meta property=\"og:url\" content=\"https:\/\/letrame.com\/catalogo\/producto\/el-trasvase-del-ebro\/\" \/>\n<meta property=\"og:site_name\" content=\"Catalogo | Letrame Grupo Editorial\" \/>\n<meta property=\"article:modified_time\" content=\"2024-04-18T09:47:28+00:00\" \/>\n<meta property=\"og:image\" content=\"https:\/\/letrame.com\/catalogo\/wp-content\/uploads\/2024\/04\/portada_EltrasvasedelEbro_196mm-compressed-1-scaled-1.jpg\" \/>\n\t<meta property=\"og:image:width\" content=\"425\" \/>\n\t<meta property=\"og:image:height\" content=\"600\" \/>\n\t<meta property=\"og:image:type\" content=\"image\/jpeg\" \/>\n<meta name=\"twitter:card\" content=\"summary_large_image\" \/>\n<meta name=\"twitter:label1\" content=\"Tiempo de lectura\" \/>\n\t<meta name=\"twitter:data1\" content=\"1 minuto\" \/>\n<script type=\"application\/ld+json\" class=\"yoast-schema-graph\">{\"@context\":\"https:\\\/\\\/schema.org\",\"@graph\":[{\"@type\":\"WebPage\",\"@id\":\"https:\\\/\\\/letrame.com\\\/catalogo\\\/producto\\\/el-trasvase-del-ebro\\\/\",\"url\":\"https:\\\/\\\/letrame.com\\\/catalogo\\\/producto\\\/el-trasvase-del-ebro\\\/\",\"name\":\"El trasvase del Ebro - Catalogo | Letrame Grupo Editorial\",\"isPartOf\":{\"@id\":\"https:\\\/\\\/letrame.com\\\/catalogo\\\/#website\"},\"primaryImageOfPage\":{\"@id\":\"https:\\\/\\\/letrame.com\\\/catalogo\\\/producto\\\/el-trasvase-del-ebro\\\/#primaryimage\"},\"image\":{\"@id\":\"https:\\\/\\\/letrame.com\\\/catalogo\\\/producto\\\/el-trasvase-del-ebro\\\/#primaryimage\"},\"thumbnailUrl\":\"https:\\\/\\\/letrame.com\\\/catalogo\\\/wp-content\\\/uploads\\\/2024\\\/04\\\/portada_EltrasvasedelEbro_196mm-compressed-1-scaled-1.jpg\",\"datePublished\":\"2024-04-18T09:46:53+00:00\",\"dateModified\":\"2024-04-18T09:47:28+00:00\",\"breadcrumb\":{\"@id\":\"https:\\\/\\\/letrame.com\\\/catalogo\\\/producto\\\/el-trasvase-del-ebro\\\/#breadcrumb\"},\"inLanguage\":\"es\",\"potentialAction\":[{\"@type\":\"ReadAction\",\"target\":[\"https:\\\/\\\/letrame.com\\\/catalogo\\\/producto\\\/el-trasvase-del-ebro\\\/\"]}]},{\"@type\":\"ImageObject\",\"inLanguage\":\"es\",\"@id\":\"https:\\\/\\\/letrame.com\\\/catalogo\\\/producto\\\/el-trasvase-del-ebro\\\/#primaryimage\",\"url\":\"https:\\\/\\\/letrame.com\\\/catalogo\\\/wp-content\\\/uploads\\\/2024\\\/04\\\/portada_EltrasvasedelEbro_196mm-compressed-1-scaled-1.jpg\",\"contentUrl\":\"https:\\\/\\\/letrame.com\\\/catalogo\\\/wp-content\\\/uploads\\\/2024\\\/04\\\/portada_EltrasvasedelEbro_196mm-compressed-1-scaled-1.jpg\",\"width\":425,\"height\":600},{\"@type\":\"BreadcrumbList\",\"@id\":\"https:\\\/\\\/letrame.com\\\/catalogo\\\/producto\\\/el-trasvase-del-ebro\\\/#breadcrumb\",\"itemListElement\":[{\"@type\":\"ListItem\",\"position\":1,\"name\":\"Portada\",\"item\":\"https:\\\/\\\/letrame.com\\\/catalogo\\\/\"},{\"@type\":\"ListItem\",\"position\":2,\"name\":\"Cat\u00e1logo\",\"item\":\"https:\\\/\\\/letrame.com\\\/catalogo\\\/\"},{\"@type\":\"ListItem\",\"position\":3,\"name\":\"El trasvase del Ebro\"}]},{\"@type\":\"WebSite\",\"@id\":\"https:\\\/\\\/letrame.com\\\/catalogo\\\/#website\",\"url\":\"https:\\\/\\\/letrame.com\\\/catalogo\\\/\",\"name\":\"Catalogo | Letrame Grupo Editorial\",\"description\":\"\",\"publisher\":{\"@id\":\"https:\\\/\\\/letrame.com\\\/catalogo\\\/#organization\"},\"potentialAction\":[{\"@type\":\"SearchAction\",\"target\":{\"@type\":\"EntryPoint\",\"urlTemplate\":\"https:\\\/\\\/letrame.com\\\/catalogo\\\/?s={search_term_string}\"},\"query-input\":{\"@type\":\"PropertyValueSpecification\",\"valueRequired\":true,\"valueName\":\"search_term_string\"}}],\"inLanguage\":\"es\"},{\"@type\":\"Organization\",\"@id\":\"https:\\\/\\\/letrame.com\\\/catalogo\\\/#organization\",\"name\":\"Catalogo | Letrame Grupo Editorial\",\"url\":\"https:\\\/\\\/letrame.com\\\/catalogo\\\/\",\"logo\":{\"@type\":\"ImageObject\",\"inLanguage\":\"es\",\"@id\":\"https:\\\/\\\/letrame.com\\\/catalogo\\\/#\\\/schema\\\/logo\\\/image\\\/\",\"url\":\"https:\\\/\\\/letrame.com\\\/catalogo\\\/wp-content\\\/uploads\\\/2024\\\/03\\\/logo2.webp\",\"contentUrl\":\"https:\\\/\\\/letrame.com\\\/catalogo\\\/wp-content\\\/uploads\\\/2024\\\/03\\\/logo2.webp\",\"width\":394,\"height\":128,\"caption\":\"Catalogo | Letrame Grupo Editorial\"},\"image\":{\"@id\":\"https:\\\/\\\/letrame.com\\\/catalogo\\\/#\\\/schema\\\/logo\\\/image\\\/\"}}]}<\/script>\n<!-- \/ Yoast SEO plugin. -->","yoast_head_json":{"title":"El trasvase del Ebro - Catalogo | Letrame Grupo Editorial","robots":{"index":"index","follow":"follow","max-snippet":"max-snippet:-1","max-image-preview":"max-image-preview:large","max-video-preview":"max-video-preview:-1"},"canonical":"https:\/\/letrame.com\/catalogo\/producto\/el-trasvase-del-ebro\/","og_locale":"es_ES","og_type":"article","og_title":"El trasvase del Ebro - Catalogo | Letrame Grupo Editorial","og_description":"ISBN: 978-84-17897-78-9 La gesti\u00f3n del agua es hoy uno de los cap\u00edtulos relevantes de la acci\u00f3n pol\u00edtica, siendo los trasvases intercuencas las operaciones m\u00e1s espectaculares en el campo de la distribuci\u00f3n de este recurso. Al enfrentarse el autor al estudio de la problem\u00e1tica que suscita el trasvase del Ebro, descubre que la pol\u00e9mica que lo rodea es consecuencia \u2014sobre todo\u2014 de la inexistencia de una doctrina adecuada que gu\u00ede la toma de decisiones en este tipo de actuaciones. Cuesti\u00f3n esta que se aborda en el libro estableciendo que un trasvase debe ser tratado como aportaci\u00f3n del insumo agua al desarrollo de los territorios concernidos, y hacerlo someti\u00e9ndose a los principios de disponibilidad seg\u00fan la naturaleza del agua y en coordinaci\u00f3n con el resto de los par\u00e1metros del desarrollo.","og_url":"https:\/\/letrame.com\/catalogo\/producto\/el-trasvase-del-ebro\/","og_site_name":"Catalogo | Letrame Grupo Editorial","article_modified_time":"2024-04-18T09:47:28+00:00","og_image":[{"width":425,"height":600,"url":"https:\/\/letrame.com\/catalogo\/wp-content\/uploads\/2024\/04\/portada_EltrasvasedelEbro_196mm-compressed-1-scaled-1.jpg","type":"image\/jpeg"}],"twitter_card":"summary_large_image","twitter_misc":{"Tiempo de lectura":"1 minuto"},"schema":{"@context":"https:\/\/schema.org","@graph":[{"@type":"WebPage","@id":"https:\/\/letrame.com\/catalogo\/producto\/el-trasvase-del-ebro\/","url":"https:\/\/letrame.com\/catalogo\/producto\/el-trasvase-del-ebro\/","name":"El trasvase del Ebro - Catalogo | Letrame Grupo Editorial","isPartOf":{"@id":"https:\/\/letrame.com\/catalogo\/#website"},"primaryImageOfPage":{"@id":"https:\/\/letrame.com\/catalogo\/producto\/el-trasvase-del-ebro\/#primaryimage"},"image":{"@id":"https:\/\/letrame.com\/catalogo\/producto\/el-trasvase-del-ebro\/#primaryimage"},"thumbnailUrl":"https:\/\/letrame.com\/catalogo\/wp-content\/uploads\/2024\/04\/portada_EltrasvasedelEbro_196mm-compressed-1-scaled-1.jpg","datePublished":"2024-04-18T09:46:53+00:00","dateModified":"2024-04-18T09:47:28+00:00","breadcrumb":{"@id":"https:\/\/letrame.com\/catalogo\/producto\/el-trasvase-del-ebro\/#breadcrumb"},"inLanguage":"es","potentialAction":[{"@type":"ReadAction","target":["https:\/\/letrame.com\/catalogo\/producto\/el-trasvase-del-ebro\/"]}]},{"@type":"ImageObject","inLanguage":"es","@id":"https:\/\/letrame.com\/catalogo\/producto\/el-trasvase-del-ebro\/#primaryimage","url":"https:\/\/letrame.com\/catalogo\/wp-content\/uploads\/2024\/04\/portada_EltrasvasedelEbro_196mm-compressed-1-scaled-1.jpg","contentUrl":"https:\/\/letrame.com\/catalogo\/wp-content\/uploads\/2024\/04\/portada_EltrasvasedelEbro_196mm-compressed-1-scaled-1.jpg","width":425,"height":600},{"@type":"BreadcrumbList","@id":"https:\/\/letrame.com\/catalogo\/producto\/el-trasvase-del-ebro\/#breadcrumb","itemListElement":[{"@type":"ListItem","position":1,"name":"Portada","item":"https:\/\/letrame.com\/catalogo\/"},{"@type":"ListItem","position":2,"name":"Cat\u00e1logo","item":"https:\/\/letrame.com\/catalogo\/"},{"@type":"ListItem","position":3,"name":"El trasvase del Ebro"}]},{"@type":"WebSite","@id":"https:\/\/letrame.com\/catalogo\/#website","url":"https:\/\/letrame.com\/catalogo\/","name":"Catalogo | Letrame Grupo Editorial","description":"","publisher":{"@id":"https:\/\/letrame.com\/catalogo\/#organization"},"potentialAction":[{"@type":"SearchAction","target":{"@type":"EntryPoint","urlTemplate":"https:\/\/letrame.com\/catalogo\/?s={search_term_string}"},"query-input":{"@type":"PropertyValueSpecification","valueRequired":true,"valueName":"search_term_string"}}],"inLanguage":"es"},{"@type":"Organization","@id":"https:\/\/letrame.com\/catalogo\/#organization","name":"Catalogo | Letrame Grupo Editorial","url":"https:\/\/letrame.com\/catalogo\/","logo":{"@type":"ImageObject","inLanguage":"es","@id":"https:\/\/letrame.com\/catalogo\/#\/schema\/logo\/image\/","url":"https:\/\/letrame.com\/catalogo\/wp-content\/uploads\/2024\/03\/logo2.webp","contentUrl":"https:\/\/letrame.com\/catalogo\/wp-content\/uploads\/2024\/03\/logo2.webp","width":394,"height":128,"caption":"Catalogo | Letrame Grupo Editorial"},"image":{"@id":"https:\/\/letrame.com\/catalogo\/#\/schema\/logo\/image\/"}}]}},"_links":{"self":[{"href":"https:\/\/letrame.com\/catalogo\/wp-json\/wp\/v2\/product\/95014","targetHints":{"allow":["GET"]}}],"collection":[{"href":"https:\/\/letrame.com\/catalogo\/wp-json\/wp\/v2\/product"}],"about":[{"href":"https:\/\/letrame.com\/catalogo\/wp-json\/wp\/v2\/types\/product"}],"replies":[{"embeddable":true,"href":"https:\/\/letrame.com\/catalogo\/wp-json\/wp\/v2\/comments?post=95014"}],"wp:featuredmedia":[{"embeddable":true,"href":"https:\/\/letrame.com\/catalogo\/wp-json\/wp\/v2\/media\/95015"}],"wp:attachment":[{"href":"https:\/\/letrame.com\/catalogo\/wp-json\/wp\/v2\/media?parent=95014"}],"wp:term":[{"taxonomy":"libro","embeddable":true,"href":"https:\/\/letrame.com\/catalogo\/wp-json\/wp\/v2\/libro?post=95014"},{"taxonomy":"product_brand","embeddable":true,"href":"https:\/\/letrame.com\/catalogo\/wp-json\/wp\/v2\/product_brand?post=95014"},{"taxonomy":"product_cat","embeddable":true,"href":"https:\/\/letrame.com\/catalogo\/wp-json\/wp\/v2\/product_cat?post=95014"},{"taxonomy":"product_tag","embeddable":true,"href":"https:\/\/letrame.com\/catalogo\/wp-json\/wp\/v2\/product_tag?post=95014"}],"curies":[{"name":"wp","href":"https:\/\/api.w.org\/{rel}","templated":true}]}}