{"id":94778,"date":"2024-04-18T11:23:37","date_gmt":"2024-04-18T09:23:37","guid":{"rendered":"https:\/\/letrame.com\/catalogo\/producto\/los-diarios-de-gervasio-cunqueiro\/"},"modified":"2024-04-18T11:23:37","modified_gmt":"2024-04-18T09:23:37","slug":"los-diarios-de-gervasio-cunqueiro","status":"publish","type":"product","link":"https:\/\/letrame.com\/catalogo\/producto\/los-diarios-de-gervasio-cunqueiro\/","title":{"rendered":"Los diarios de Gervasio Cunqueiro"},"content":{"rendered":"<p><strong>ISBN<\/strong>: 978-84-17897-66-6<br \/>\n<strong>T\u00edtulo<\/strong>: Los diarios de Gervasio Cunqueiro<br \/>\n<strong>Fecha<\/strong>: 2019<br \/>\n<strong>P\u00e1ginas<\/strong>: 606<\/p>\n<p>&nbsp;<\/p>\n<p><strong>SINOPSIS<\/strong><\/p>\n<section>\n<div class=\"about-this-book\">\n<div class=\"container\">\n<div class=\"right-detail shop-detail1 pull-right col-md-8 col-sm-8 col-xs-12\">\n<div id=\"editionnal-reviews\" class=\"book-desc-detail\"><span class=\"detail-desc box-detail-desc\">\u00bfEscribi\u00f3 el general Franco unos diarios? No hay indicios de ello. Este libro es simplemente una ficci\u00f3n hist\u00f3rica novelada (pero rigurosa), apoy\u00e1ndose en las hemerotecas, los libros de historia, los documentales de la \u00e9poca, la imaginaci\u00f3n y la propia percepci\u00f3n del autor. Escrito en una suave clave de humor, pone en boca de Franco, a trav\u00e9s de unos falsos diarios, sus opiniones sobre todo lo humano y lo divino, sus sentimientos, su personal modo de dirigir la Guerra Civil de su bando y la forma c\u00f3mo organiz\u00f3 un estado en aquellos a\u00f1os, al socaire de los acontecimientos reales que acontecieron en Espa\u00f1a, y en el mundo, en un periodo determinado de su vida (desde octubre de 1934, cuando se produjo la sublevaci\u00f3n minera en Asturias, hasta el final de la Guerra Civil en abril de 1939). Un periodo convulso que enlaz\u00f3 con el estallido de la II Guerra Mundial, en el que nuestro protagonista se erigi\u00f3 en una figura pol\u00edtica objeto de culto y odio, a partes desiguales, por propios y extra\u00f1os. Que nadie quiera verlo con otros ojos. Cometer\u00eda, desde luego, un grave error.<\/span><\/div>\n<div id=\"clear-scroll\" class=\"clearfix\"><\/div>\n<\/div>\n<\/div>\n<\/div>\n<\/section>\n<div class=\"feature-section feature-option2\">\n<div class=\"container\">\n<div class=\"related products\">\n<div class=\"title-box\"><\/div>\n<\/div>\n<\/div>\n<\/div>\n","protected":false},"excerpt":{"rendered":"<p><strong>ISBN: 978-84-17897-66-6<\/strong><\/p>\n<p>\u00bfEscribi\u00f3 el general Franco unos diarios? No hay indicios de ello. Este libro es simplemente una ficci\u00f3n hist\u00f3rica novelada (pero rigurosa), apoy\u00e1ndose en las hemerotecas, los libros de historia, los documentales de la \u00e9poca, la imaginaci\u00f3n y la propia percepci\u00f3n del autor.<\/p>\n","protected":false},"featured_media":94779,"comment_status":"closed","ping_status":"open","template":"","meta":{"_acf_changed":false},"libro":[],"product_brand":[],"product_cat":[16],"product_tag":[],"class_list":{"0":"post-94778","1":"product","2":"type-product","3":"status-publish","4":"has-post-thumbnail","6":"product_cat-novela","8":"first","9":"instock","10":"purchasable","11":"product-type-simple"},"acf":{"autor":[73668],"enlace_de_compra":"https:\/\/www.amazon.es\/Los-diarios-Gervasio-Cunqueiro-Investigaci%C3%B3n\/dp\/8417897666\/ref=sr_1_1?__mk_es_ES=%C3%85M%C3%85%C5%BD%C3%95%C3%91&amp&keywords=los+diarios+de+gervasio&amp&qid=1564051805&amp&s=gateway&amp&sr=8-1"},"yoast_head":"<!-- This site is optimized with the Yoast SEO plugin v26.6 - https:\/\/yoast.com\/wordpress\/plugins\/seo\/ -->\n<title>Los diarios de Gervasio Cunqueiro - Catalogo | Letrame Grupo Editorial<\/title>\n<meta name=\"robots\" content=\"index, follow, max-snippet:-1, max-image-preview:large, max-video-preview:-1\" \/>\n<link rel=\"canonical\" href=\"https:\/\/letrame.com\/catalogo\/producto\/los-diarios-de-gervasio-cunqueiro\/\" \/>\n<meta property=\"og:locale\" content=\"es_ES\" \/>\n<meta property=\"og:type\" content=\"article\" \/>\n<meta property=\"og:title\" content=\"Los diarios de Gervasio Cunqueiro - Catalogo | Letrame Grupo Editorial\" \/>\n<meta property=\"og:description\" content=\"ISBN: 978-84-17897-66-6 \u00bfEscribi\u00f3 el general Franco unos diarios? No hay indicios de ello. Este libro es simplemente una ficci\u00f3n hist\u00f3rica novelada (pero rigurosa), apoy\u00e1ndose en las hemerotecas, los libros de historia, los documentales de la \u00e9poca, la imaginaci\u00f3n y la propia percepci\u00f3n del autor.\" \/>\n<meta property=\"og:url\" content=\"https:\/\/letrame.com\/catalogo\/producto\/los-diarios-de-gervasio-cunqueiro\/\" \/>\n<meta property=\"og:site_name\" content=\"Catalogo | Letrame Grupo Editorial\" \/>\n<meta property=\"og:image\" content=\"https:\/\/letrame.com\/catalogo\/wp-content\/uploads\/2024\/04\/portada_Losdiariosd_2905mm-compressed-1-scaled-1.jpg\" \/>\n\t<meta property=\"og:image:width\" content=\"1767\" \/>\n\t<meta property=\"og:image:height\" content=\"2560\" \/>\n\t<meta property=\"og:image:type\" content=\"image\/jpeg\" \/>\n<meta name=\"twitter:card\" content=\"summary_large_image\" \/>\n<meta name=\"twitter:label1\" content=\"Tiempo de lectura\" \/>\n\t<meta name=\"twitter:data1\" content=\"1 minuto\" \/>\n<script type=\"application\/ld+json\" class=\"yoast-schema-graph\">{\"@context\":\"https:\/\/schema.org\",\"@graph\":[{\"@type\":\"WebPage\",\"@id\":\"https:\/\/letrame.com\/catalogo\/producto\/los-diarios-de-gervasio-cunqueiro\/\",\"url\":\"https:\/\/letrame.com\/catalogo\/producto\/los-diarios-de-gervasio-cunqueiro\/\",\"name\":\"Los diarios de Gervasio Cunqueiro - Catalogo | Letrame Grupo Editorial\",\"isPartOf\":{\"@id\":\"https:\/\/letrame.com\/catalogo\/#website\"},\"primaryImageOfPage\":{\"@id\":\"https:\/\/letrame.com\/catalogo\/producto\/los-diarios-de-gervasio-cunqueiro\/#primaryimage\"},\"image\":{\"@id\":\"https:\/\/letrame.com\/catalogo\/producto\/los-diarios-de-gervasio-cunqueiro\/#primaryimage\"},\"thumbnailUrl\":\"https:\/\/letrame.com\/catalogo\/wp-content\/uploads\/2024\/04\/portada_Losdiariosd_2905mm-compressed-1-scaled-1.jpg\",\"datePublished\":\"2024-04-18T09:23:37+00:00\",\"breadcrumb\":{\"@id\":\"https:\/\/letrame.com\/catalogo\/producto\/los-diarios-de-gervasio-cunqueiro\/#breadcrumb\"},\"inLanguage\":\"es\",\"potentialAction\":[{\"@type\":\"ReadAction\",\"target\":[\"https:\/\/letrame.com\/catalogo\/producto\/los-diarios-de-gervasio-cunqueiro\/\"]}]},{\"@type\":\"ImageObject\",\"inLanguage\":\"es\",\"@id\":\"https:\/\/letrame.com\/catalogo\/producto\/los-diarios-de-gervasio-cunqueiro\/#primaryimage\",\"url\":\"https:\/\/letrame.com\/catalogo\/wp-content\/uploads\/2024\/04\/portada_Losdiariosd_2905mm-compressed-1-scaled-1.jpg\",\"contentUrl\":\"https:\/\/letrame.com\/catalogo\/wp-content\/uploads\/2024\/04\/portada_Losdiariosd_2905mm-compressed-1-scaled-1.jpg\",\"width\":1767,\"height\":2560},{\"@type\":\"BreadcrumbList\",\"@id\":\"https:\/\/letrame.com\/catalogo\/producto\/los-diarios-de-gervasio-cunqueiro\/#breadcrumb\",\"itemListElement\":[{\"@type\":\"ListItem\",\"position\":1,\"name\":\"Portada\",\"item\":\"https:\/\/letrame.com\/catalogo\/\"},{\"@type\":\"ListItem\",\"position\":2,\"name\":\"Cat\u00e1logo\",\"item\":\"https:\/\/letrame.com\/catalogo\/\"},{\"@type\":\"ListItem\",\"position\":3,\"name\":\"Los diarios de Gervasio Cunqueiro\"}]},{\"@type\":\"WebSite\",\"@id\":\"https:\/\/letrame.com\/catalogo\/#website\",\"url\":\"https:\/\/letrame.com\/catalogo\/\",\"name\":\"Catalogo | Letrame Grupo Editorial\",\"description\":\"\",\"publisher\":{\"@id\":\"https:\/\/letrame.com\/catalogo\/#organization\"},\"potentialAction\":[{\"@type\":\"SearchAction\",\"target\":{\"@type\":\"EntryPoint\",\"urlTemplate\":\"https:\/\/letrame.com\/catalogo\/?s={search_term_string}\"},\"query-input\":{\"@type\":\"PropertyValueSpecification\",\"valueRequired\":true,\"valueName\":\"search_term_string\"}}],\"inLanguage\":\"es\"},{\"@type\":\"Organization\",\"@id\":\"https:\/\/letrame.com\/catalogo\/#organization\",\"name\":\"Catalogo | Letrame Grupo Editorial\",\"url\":\"https:\/\/letrame.com\/catalogo\/\",\"logo\":{\"@type\":\"ImageObject\",\"inLanguage\":\"es\",\"@id\":\"https:\/\/letrame.com\/catalogo\/#\/schema\/logo\/image\/\",\"url\":\"https:\/\/letrame.com\/catalogo\/wp-content\/uploads\/2024\/03\/logo2.webp\",\"contentUrl\":\"https:\/\/letrame.com\/catalogo\/wp-content\/uploads\/2024\/03\/logo2.webp\",\"width\":394,\"height\":128,\"caption\":\"Catalogo | Letrame Grupo Editorial\"},\"image\":{\"@id\":\"https:\/\/letrame.com\/catalogo\/#\/schema\/logo\/image\/\"}}]}<\/script>\n<!-- \/ Yoast SEO plugin. -->","yoast_head_json":{"title":"Los diarios de Gervasio Cunqueiro - Catalogo | Letrame Grupo Editorial","robots":{"index":"index","follow":"follow","max-snippet":"max-snippet:-1","max-image-preview":"max-image-preview:large","max-video-preview":"max-video-preview:-1"},"canonical":"https:\/\/letrame.com\/catalogo\/producto\/los-diarios-de-gervasio-cunqueiro\/","og_locale":"es_ES","og_type":"article","og_title":"Los diarios de Gervasio Cunqueiro - Catalogo | Letrame Grupo Editorial","og_description":"ISBN: 978-84-17897-66-6 \u00bfEscribi\u00f3 el general Franco unos diarios? No hay indicios de ello. Este libro es simplemente una ficci\u00f3n hist\u00f3rica novelada (pero rigurosa), apoy\u00e1ndose en las hemerotecas, los libros de historia, los documentales de la \u00e9poca, la imaginaci\u00f3n y la propia percepci\u00f3n del autor.","og_url":"https:\/\/letrame.com\/catalogo\/producto\/los-diarios-de-gervasio-cunqueiro\/","og_site_name":"Catalogo | Letrame Grupo Editorial","og_image":[{"width":1767,"height":2560,"url":"https:\/\/letrame.com\/catalogo\/wp-content\/uploads\/2024\/04\/portada_Losdiariosd_2905mm-compressed-1-scaled-1.jpg","type":"image\/jpeg"}],"twitter_card":"summary_large_image","twitter_misc":{"Tiempo de lectura":"1 minuto"},"schema":{"@context":"https:\/\/schema.org","@graph":[{"@type":"WebPage","@id":"https:\/\/letrame.com\/catalogo\/producto\/los-diarios-de-gervasio-cunqueiro\/","url":"https:\/\/letrame.com\/catalogo\/producto\/los-diarios-de-gervasio-cunqueiro\/","name":"Los diarios de Gervasio Cunqueiro - Catalogo | Letrame Grupo Editorial","isPartOf":{"@id":"https:\/\/letrame.com\/catalogo\/#website"},"primaryImageOfPage":{"@id":"https:\/\/letrame.com\/catalogo\/producto\/los-diarios-de-gervasio-cunqueiro\/#primaryimage"},"image":{"@id":"https:\/\/letrame.com\/catalogo\/producto\/los-diarios-de-gervasio-cunqueiro\/#primaryimage"},"thumbnailUrl":"https:\/\/letrame.com\/catalogo\/wp-content\/uploads\/2024\/04\/portada_Losdiariosd_2905mm-compressed-1-scaled-1.jpg","datePublished":"2024-04-18T09:23:37+00:00","breadcrumb":{"@id":"https:\/\/letrame.com\/catalogo\/producto\/los-diarios-de-gervasio-cunqueiro\/#breadcrumb"},"inLanguage":"es","potentialAction":[{"@type":"ReadAction","target":["https:\/\/letrame.com\/catalogo\/producto\/los-diarios-de-gervasio-cunqueiro\/"]}]},{"@type":"ImageObject","inLanguage":"es","@id":"https:\/\/letrame.com\/catalogo\/producto\/los-diarios-de-gervasio-cunqueiro\/#primaryimage","url":"https:\/\/letrame.com\/catalogo\/wp-content\/uploads\/2024\/04\/portada_Losdiariosd_2905mm-compressed-1-scaled-1.jpg","contentUrl":"https:\/\/letrame.com\/catalogo\/wp-content\/uploads\/2024\/04\/portada_Losdiariosd_2905mm-compressed-1-scaled-1.jpg","width":1767,"height":2560},{"@type":"BreadcrumbList","@id":"https:\/\/letrame.com\/catalogo\/producto\/los-diarios-de-gervasio-cunqueiro\/#breadcrumb","itemListElement":[{"@type":"ListItem","position":1,"name":"Portada","item":"https:\/\/letrame.com\/catalogo\/"},{"@type":"ListItem","position":2,"name":"Cat\u00e1logo","item":"https:\/\/letrame.com\/catalogo\/"},{"@type":"ListItem","position":3,"name":"Los diarios de Gervasio Cunqueiro"}]},{"@type":"WebSite","@id":"https:\/\/letrame.com\/catalogo\/#website","url":"https:\/\/letrame.com\/catalogo\/","name":"Catalogo | Letrame Grupo Editorial","description":"","publisher":{"@id":"https:\/\/letrame.com\/catalogo\/#organization"},"potentialAction":[{"@type":"SearchAction","target":{"@type":"EntryPoint","urlTemplate":"https:\/\/letrame.com\/catalogo\/?s={search_term_string}"},"query-input":{"@type":"PropertyValueSpecification","valueRequired":true,"valueName":"search_term_string"}}],"inLanguage":"es"},{"@type":"Organization","@id":"https:\/\/letrame.com\/catalogo\/#organization","name":"Catalogo | Letrame Grupo Editorial","url":"https:\/\/letrame.com\/catalogo\/","logo":{"@type":"ImageObject","inLanguage":"es","@id":"https:\/\/letrame.com\/catalogo\/#\/schema\/logo\/image\/","url":"https:\/\/letrame.com\/catalogo\/wp-content\/uploads\/2024\/03\/logo2.webp","contentUrl":"https:\/\/letrame.com\/catalogo\/wp-content\/uploads\/2024\/03\/logo2.webp","width":394,"height":128,"caption":"Catalogo | Letrame Grupo Editorial"},"image":{"@id":"https:\/\/letrame.com\/catalogo\/#\/schema\/logo\/image\/"}}]}},"_links":{"self":[{"href":"https:\/\/letrame.com\/catalogo\/wp-json\/wp\/v2\/product\/94778","targetHints":{"allow":["GET"]}}],"collection":[{"href":"https:\/\/letrame.com\/catalogo\/wp-json\/wp\/v2\/product"}],"about":[{"href":"https:\/\/letrame.com\/catalogo\/wp-json\/wp\/v2\/types\/product"}],"replies":[{"embeddable":true,"href":"https:\/\/letrame.com\/catalogo\/wp-json\/wp\/v2\/comments?post=94778"}],"acf:post":[{"embeddable":true,"href":"https:\/\/letrame.com\/catalogo\/wp-json\/wp\/v2\/author_book\/73668"}],"wp:featuredmedia":[{"embeddable":true,"href":"https:\/\/letrame.com\/catalogo\/wp-json\/wp\/v2\/media\/94779"}],"wp:attachment":[{"href":"https:\/\/letrame.com\/catalogo\/wp-json\/wp\/v2\/media?parent=94778"}],"wp:term":[{"taxonomy":"libro","embeddable":true,"href":"https:\/\/letrame.com\/catalogo\/wp-json\/wp\/v2\/libro?post=94778"},{"taxonomy":"product_brand","embeddable":true,"href":"https:\/\/letrame.com\/catalogo\/wp-json\/wp\/v2\/product_brand?post=94778"},{"taxonomy":"product_cat","embeddable":true,"href":"https:\/\/letrame.com\/catalogo\/wp-json\/wp\/v2\/product_cat?post=94778"},{"taxonomy":"product_tag","embeddable":true,"href":"https:\/\/letrame.com\/catalogo\/wp-json\/wp\/v2\/product_tag?post=94778"}],"curies":[{"name":"wp","href":"https:\/\/api.w.org\/{rel}","templated":true}]}}