{"id":94761,"date":"2024-04-18T11:21:22","date_gmt":"2024-04-18T09:21:22","guid":{"rendered":"https:\/\/letrame.com\/catalogo\/producto\/los-guerreros-de-dazeta-2-acero-brillante-en-tiempo-de-tinieblas\/"},"modified":"2024-07-25T12:15:42","modified_gmt":"2024-07-25T10:15:42","slug":"los-guerreros-de-dazeta-2-acero-brillante-en-tiempo-de-tinieblas","status":"publish","type":"product","link":"https:\/\/letrame.com\/catalogo\/producto\/los-guerreros-de-dazeta-2-acero-brillante-en-tiempo-de-tinieblas\/","title":{"rendered":"Los guerreros de Dazeta 2, acero brillante en tiempo de tinieblas"},"content":{"rendered":"<p><strong>ISBN<\/strong>: 978-84-17897-19-2<br \/>\n<strong>T\u00edtulo<\/strong>: Los guerreros de Dazeta 2, acero brillante en tiempo de tinieblas<br \/>\n<strong>Fecha<\/strong>: 2019<br \/>\n<strong>P\u00e1ginas<\/strong>: 320<\/p>\n<p>&nbsp;<\/p>\n<p><strong>SINOPSIS<\/strong><\/p>\n<section>\n<div class=\"about-this-book\">\n<div class=\"container\">\n<div class=\"right-detail shop-detail1 pull-right col-md-8 col-sm-8 col-xs-12\">\n<div id=\"editionnal-reviews\" class=\"book-desc-detail\"><span class=\"detail-desc box-detail-desc\">Tras el ascenso de Oldut al poder tiempos oscuros se ciernen sobre el imperio de los tres mil a\u00f1os. El pueblo es oprimido y silenciado, la corrupci\u00f3n campa a sus anchas mientras el gobernador permanece en palacio realizando oscuras maquinaciones. Pero en medio de la tormenta, como un preludio de lo que est\u00e1 por venir, los Guerreros del Acero no permanecer\u00e1n de manos cruzadas. Los peque\u00f1os h\u00e9roes, aquellos de los que no se escriben grandes poemas a pesar de sus grandes gestas, resplandecen en estos tiempos como el brillo de una armadura de acero en medio de las tinieblas. A veces, los m\u00e1s humildes son aquellos quienes luchan por las causas m\u00e1s justas, aquellos que combaten la opresi\u00f3n simplemente no queriendo arrodillarse. A veces, el amor es capaz de impulsar a un guerrero a luchar contra las tinieblas que habitan en su coraz\u00f3n y contra aquello que solo busca la crueldad. A veces, tan solo la determinaci\u00f3n puede doblegar a las tinieblas, la justicia no siempre es f\u00e1cil de aplicar, a veces el mal est\u00e1 oculto entre los tuyos. Tan solo los peque\u00f1os gestos devuelven la esperanza a un mundo oscuro y tenebroso. Todo fluye hacia un mismo destino imparable, una aciaga oscuridad que amenaza con cubrir el universo y apagar la luz de los rostros de todos sus habitantes. Pero ellos siempre estar\u00e1n all\u00ed, los caballeros de reluciente armadura, preparados para revelarse cuando llegue la hora. Acomp\u00e1\u00f1anos en tres emocionantes aventuras, tres historias de amor y traici\u00f3n, de acci\u00f3n y gestos humildes destinados a ser un peque\u00f1o brillo de esperanza en un mundo sumido en la oscuridad.<\/span><\/div>\n<div id=\"clear-scroll\" class=\"clearfix\"><\/div>\n<\/div>\n<\/div>\n<\/div>\n<\/section>\n<div class=\"feature-section feature-option2\">\n<div class=\"container\">\n<div class=\"related products\">\n<div class=\"title-box\"><\/div>\n<\/div>\n<\/div>\n<\/div>\n","protected":false},"excerpt":{"rendered":"<p><strong>ISBN: 978-84-17897-19-2<\/strong><\/p>\n<p>Tras el ascenso de Oldut al poder tiempos oscuros se ciernen sobre el imperio de los tres mil a\u00f1os. El pueblo es oprimido y silenciado, la corrupci\u00f3n campa a sus anchas mientras el gobernador permanece en palacio realizando oscuras maquinaciones.<\/p>\n","protected":false},"featured_media":94762,"comment_status":"closed","ping_status":"closed","template":"","meta":{"_acf_changed":false},"libro":[],"product_brand":[],"product_cat":[16],"product_tag":[],"class_list":{"0":"post-94761","1":"product","2":"type-product","3":"status-publish","4":"has-post-thumbnail","6":"product_cat-novela","8":"first","9":"instock","10":"purchasable","11":"product-type-simple"},"acf":{"autor":[72869,72868,72871],"enlace_de_compra":""},"yoast_head":"<!-- This site is optimized with the Yoast SEO plugin v27.4 - https:\/\/yoast.com\/product\/yoast-seo-wordpress\/ -->\n<title>Los guerreros de Dazeta 2, acero brillante en tiempo de tinieblas - Catalogo | Letrame Grupo Editorial<\/title>\n<meta name=\"robots\" content=\"index, follow, max-snippet:-1, max-image-preview:large, max-video-preview:-1\" \/>\n<link rel=\"canonical\" href=\"https:\/\/letrame.com\/catalogo\/producto\/los-guerreros-de-dazeta-2-acero-brillante-en-tiempo-de-tinieblas\/\" \/>\n<meta property=\"og:locale\" content=\"es_ES\" \/>\n<meta property=\"og:type\" content=\"article\" \/>\n<meta property=\"og:title\" content=\"Los guerreros de Dazeta 2, acero brillante en tiempo de tinieblas - Catalogo | Letrame Grupo Editorial\" \/>\n<meta property=\"og:description\" content=\"ISBN: 978-84-17897-19-2  Tras el ascenso de Oldut al poder tiempos oscuros se ciernen sobre el imperio de los tres mil a\u00f1os. El pueblo es oprimido y silenciado, la corrupci\u00f3n campa a sus anchas mientras el gobernador permanece en palacio realizando oscuras maquinaciones.\" \/>\n<meta property=\"og:url\" content=\"https:\/\/letrame.com\/catalogo\/producto\/los-guerreros-de-dazeta-2-acero-brillante-en-tiempo-de-tinieblas\/\" \/>\n<meta property=\"og:site_name\" content=\"Catalogo | Letrame Grupo Editorial\" \/>\n<meta property=\"article:modified_time\" content=\"2024-07-25T10:15:42+00:00\" \/>\n<meta property=\"og:image\" content=\"https:\/\/letrame.com\/catalogo\/wp-content\/uploads\/2024\/04\/portada_dazeta2_159mm-compressed-scaled-1.jpg\" \/>\n\t<meta property=\"og:image:width\" content=\"1813\" \/>\n\t<meta property=\"og:image:height\" content=\"2560\" \/>\n\t<meta property=\"og:image:type\" content=\"image\/jpeg\" \/>\n<meta name=\"twitter:card\" content=\"summary_large_image\" \/>\n<meta name=\"twitter:label1\" content=\"Tiempo de lectura\" \/>\n\t<meta name=\"twitter:data1\" content=\"2 minutos\" \/>\n<script type=\"application\/ld+json\" class=\"yoast-schema-graph\">{\"@context\":\"https:\\\/\\\/schema.org\",\"@graph\":[{\"@type\":\"WebPage\",\"@id\":\"https:\\\/\\\/letrame.com\\\/catalogo\\\/producto\\\/los-guerreros-de-dazeta-2-acero-brillante-en-tiempo-de-tinieblas\\\/\",\"url\":\"https:\\\/\\\/letrame.com\\\/catalogo\\\/producto\\\/los-guerreros-de-dazeta-2-acero-brillante-en-tiempo-de-tinieblas\\\/\",\"name\":\"Los guerreros de Dazeta 2, acero brillante en tiempo de tinieblas - Catalogo | Letrame Grupo Editorial\",\"isPartOf\":{\"@id\":\"https:\\\/\\\/letrame.com\\\/catalogo\\\/#website\"},\"primaryImageOfPage\":{\"@id\":\"https:\\\/\\\/letrame.com\\\/catalogo\\\/producto\\\/los-guerreros-de-dazeta-2-acero-brillante-en-tiempo-de-tinieblas\\\/#primaryimage\"},\"image\":{\"@id\":\"https:\\\/\\\/letrame.com\\\/catalogo\\\/producto\\\/los-guerreros-de-dazeta-2-acero-brillante-en-tiempo-de-tinieblas\\\/#primaryimage\"},\"thumbnailUrl\":\"https:\\\/\\\/letrame.com\\\/catalogo\\\/wp-content\\\/uploads\\\/2024\\\/04\\\/portada_dazeta2_159mm-compressed-scaled-1.jpg\",\"datePublished\":\"2024-04-18T09:21:22+00:00\",\"dateModified\":\"2024-07-25T10:15:42+00:00\",\"breadcrumb\":{\"@id\":\"https:\\\/\\\/letrame.com\\\/catalogo\\\/producto\\\/los-guerreros-de-dazeta-2-acero-brillante-en-tiempo-de-tinieblas\\\/#breadcrumb\"},\"inLanguage\":\"es\",\"potentialAction\":[{\"@type\":\"ReadAction\",\"target\":[\"https:\\\/\\\/letrame.com\\\/catalogo\\\/producto\\\/los-guerreros-de-dazeta-2-acero-brillante-en-tiempo-de-tinieblas\\\/\"]}]},{\"@type\":\"ImageObject\",\"inLanguage\":\"es\",\"@id\":\"https:\\\/\\\/letrame.com\\\/catalogo\\\/producto\\\/los-guerreros-de-dazeta-2-acero-brillante-en-tiempo-de-tinieblas\\\/#primaryimage\",\"url\":\"https:\\\/\\\/letrame.com\\\/catalogo\\\/wp-content\\\/uploads\\\/2024\\\/04\\\/portada_dazeta2_159mm-compressed-scaled-1.jpg\",\"contentUrl\":\"https:\\\/\\\/letrame.com\\\/catalogo\\\/wp-content\\\/uploads\\\/2024\\\/04\\\/portada_dazeta2_159mm-compressed-scaled-1.jpg\",\"width\":1813,\"height\":2560},{\"@type\":\"BreadcrumbList\",\"@id\":\"https:\\\/\\\/letrame.com\\\/catalogo\\\/producto\\\/los-guerreros-de-dazeta-2-acero-brillante-en-tiempo-de-tinieblas\\\/#breadcrumb\",\"itemListElement\":[{\"@type\":\"ListItem\",\"position\":1,\"name\":\"Portada\",\"item\":\"https:\\\/\\\/letrame.com\\\/catalogo\\\/\"},{\"@type\":\"ListItem\",\"position\":2,\"name\":\"Cat\u00e1logo\",\"item\":\"https:\\\/\\\/letrame.com\\\/catalogo\\\/\"},{\"@type\":\"ListItem\",\"position\":3,\"name\":\"Los guerreros de Dazeta 2, acero brillante en tiempo de tinieblas\"}]},{\"@type\":\"WebSite\",\"@id\":\"https:\\\/\\\/letrame.com\\\/catalogo\\\/#website\",\"url\":\"https:\\\/\\\/letrame.com\\\/catalogo\\\/\",\"name\":\"Catalogo | Letrame Grupo Editorial\",\"description\":\"\",\"publisher\":{\"@id\":\"https:\\\/\\\/letrame.com\\\/catalogo\\\/#organization\"},\"potentialAction\":[{\"@type\":\"SearchAction\",\"target\":{\"@type\":\"EntryPoint\",\"urlTemplate\":\"https:\\\/\\\/letrame.com\\\/catalogo\\\/?s={search_term_string}\"},\"query-input\":{\"@type\":\"PropertyValueSpecification\",\"valueRequired\":true,\"valueName\":\"search_term_string\"}}],\"inLanguage\":\"es\"},{\"@type\":\"Organization\",\"@id\":\"https:\\\/\\\/letrame.com\\\/catalogo\\\/#organization\",\"name\":\"Catalogo | Letrame Grupo Editorial\",\"url\":\"https:\\\/\\\/letrame.com\\\/catalogo\\\/\",\"logo\":{\"@type\":\"ImageObject\",\"inLanguage\":\"es\",\"@id\":\"https:\\\/\\\/letrame.com\\\/catalogo\\\/#\\\/schema\\\/logo\\\/image\\\/\",\"url\":\"https:\\\/\\\/letrame.com\\\/catalogo\\\/wp-content\\\/uploads\\\/2024\\\/03\\\/logo2.webp\",\"contentUrl\":\"https:\\\/\\\/letrame.com\\\/catalogo\\\/wp-content\\\/uploads\\\/2024\\\/03\\\/logo2.webp\",\"width\":394,\"height\":128,\"caption\":\"Catalogo | Letrame Grupo Editorial\"},\"image\":{\"@id\":\"https:\\\/\\\/letrame.com\\\/catalogo\\\/#\\\/schema\\\/logo\\\/image\\\/\"}}]}<\/script>\n<!-- \/ Yoast SEO plugin. -->","yoast_head_json":{"title":"Los guerreros de Dazeta 2, acero brillante en tiempo de tinieblas - Catalogo | Letrame Grupo Editorial","robots":{"index":"index","follow":"follow","max-snippet":"max-snippet:-1","max-image-preview":"max-image-preview:large","max-video-preview":"max-video-preview:-1"},"canonical":"https:\/\/letrame.com\/catalogo\/producto\/los-guerreros-de-dazeta-2-acero-brillante-en-tiempo-de-tinieblas\/","og_locale":"es_ES","og_type":"article","og_title":"Los guerreros de Dazeta 2, acero brillante en tiempo de tinieblas - Catalogo | Letrame Grupo Editorial","og_description":"ISBN: 978-84-17897-19-2  Tras el ascenso de Oldut al poder tiempos oscuros se ciernen sobre el imperio de los tres mil a\u00f1os. El pueblo es oprimido y silenciado, la corrupci\u00f3n campa a sus anchas mientras el gobernador permanece en palacio realizando oscuras maquinaciones.","og_url":"https:\/\/letrame.com\/catalogo\/producto\/los-guerreros-de-dazeta-2-acero-brillante-en-tiempo-de-tinieblas\/","og_site_name":"Catalogo | Letrame Grupo Editorial","article_modified_time":"2024-07-25T10:15:42+00:00","og_image":[{"width":1813,"height":2560,"url":"https:\/\/letrame.com\/catalogo\/wp-content\/uploads\/2024\/04\/portada_dazeta2_159mm-compressed-scaled-1.jpg","type":"image\/jpeg"}],"twitter_card":"summary_large_image","twitter_misc":{"Tiempo de lectura":"2 minutos"},"schema":{"@context":"https:\/\/schema.org","@graph":[{"@type":"WebPage","@id":"https:\/\/letrame.com\/catalogo\/producto\/los-guerreros-de-dazeta-2-acero-brillante-en-tiempo-de-tinieblas\/","url":"https:\/\/letrame.com\/catalogo\/producto\/los-guerreros-de-dazeta-2-acero-brillante-en-tiempo-de-tinieblas\/","name":"Los guerreros de Dazeta 2, acero brillante en tiempo de tinieblas - Catalogo | Letrame Grupo Editorial","isPartOf":{"@id":"https:\/\/letrame.com\/catalogo\/#website"},"primaryImageOfPage":{"@id":"https:\/\/letrame.com\/catalogo\/producto\/los-guerreros-de-dazeta-2-acero-brillante-en-tiempo-de-tinieblas\/#primaryimage"},"image":{"@id":"https:\/\/letrame.com\/catalogo\/producto\/los-guerreros-de-dazeta-2-acero-brillante-en-tiempo-de-tinieblas\/#primaryimage"},"thumbnailUrl":"https:\/\/letrame.com\/catalogo\/wp-content\/uploads\/2024\/04\/portada_dazeta2_159mm-compressed-scaled-1.jpg","datePublished":"2024-04-18T09:21:22+00:00","dateModified":"2024-07-25T10:15:42+00:00","breadcrumb":{"@id":"https:\/\/letrame.com\/catalogo\/producto\/los-guerreros-de-dazeta-2-acero-brillante-en-tiempo-de-tinieblas\/#breadcrumb"},"inLanguage":"es","potentialAction":[{"@type":"ReadAction","target":["https:\/\/letrame.com\/catalogo\/producto\/los-guerreros-de-dazeta-2-acero-brillante-en-tiempo-de-tinieblas\/"]}]},{"@type":"ImageObject","inLanguage":"es","@id":"https:\/\/letrame.com\/catalogo\/producto\/los-guerreros-de-dazeta-2-acero-brillante-en-tiempo-de-tinieblas\/#primaryimage","url":"https:\/\/letrame.com\/catalogo\/wp-content\/uploads\/2024\/04\/portada_dazeta2_159mm-compressed-scaled-1.jpg","contentUrl":"https:\/\/letrame.com\/catalogo\/wp-content\/uploads\/2024\/04\/portada_dazeta2_159mm-compressed-scaled-1.jpg","width":1813,"height":2560},{"@type":"BreadcrumbList","@id":"https:\/\/letrame.com\/catalogo\/producto\/los-guerreros-de-dazeta-2-acero-brillante-en-tiempo-de-tinieblas\/#breadcrumb","itemListElement":[{"@type":"ListItem","position":1,"name":"Portada","item":"https:\/\/letrame.com\/catalogo\/"},{"@type":"ListItem","position":2,"name":"Cat\u00e1logo","item":"https:\/\/letrame.com\/catalogo\/"},{"@type":"ListItem","position":3,"name":"Los guerreros de Dazeta 2, acero brillante en tiempo de tinieblas"}]},{"@type":"WebSite","@id":"https:\/\/letrame.com\/catalogo\/#website","url":"https:\/\/letrame.com\/catalogo\/","name":"Catalogo | Letrame Grupo Editorial","description":"","publisher":{"@id":"https:\/\/letrame.com\/catalogo\/#organization"},"potentialAction":[{"@type":"SearchAction","target":{"@type":"EntryPoint","urlTemplate":"https:\/\/letrame.com\/catalogo\/?s={search_term_string}"},"query-input":{"@type":"PropertyValueSpecification","valueRequired":true,"valueName":"search_term_string"}}],"inLanguage":"es"},{"@type":"Organization","@id":"https:\/\/letrame.com\/catalogo\/#organization","name":"Catalogo | Letrame Grupo Editorial","url":"https:\/\/letrame.com\/catalogo\/","logo":{"@type":"ImageObject","inLanguage":"es","@id":"https:\/\/letrame.com\/catalogo\/#\/schema\/logo\/image\/","url":"https:\/\/letrame.com\/catalogo\/wp-content\/uploads\/2024\/03\/logo2.webp","contentUrl":"https:\/\/letrame.com\/catalogo\/wp-content\/uploads\/2024\/03\/logo2.webp","width":394,"height":128,"caption":"Catalogo | Letrame Grupo Editorial"},"image":{"@id":"https:\/\/letrame.com\/catalogo\/#\/schema\/logo\/image\/"}}]}},"_links":{"self":[{"href":"https:\/\/letrame.com\/catalogo\/wp-json\/wp\/v2\/product\/94761","targetHints":{"allow":["GET"]}}],"collection":[{"href":"https:\/\/letrame.com\/catalogo\/wp-json\/wp\/v2\/product"}],"about":[{"href":"https:\/\/letrame.com\/catalogo\/wp-json\/wp\/v2\/types\/product"}],"replies":[{"embeddable":true,"href":"https:\/\/letrame.com\/catalogo\/wp-json\/wp\/v2\/comments?post=94761"}],"acf:post":[{"embeddable":true,"href":"https:\/\/letrame.com\/catalogo\/wp-json\/wp\/v2\/author_book\/72871"},{"embeddable":true,"href":"https:\/\/letrame.com\/catalogo\/wp-json\/wp\/v2\/author_book\/72868"},{"embeddable":true,"href":"https:\/\/letrame.com\/catalogo\/wp-json\/wp\/v2\/author_book\/72869"}],"wp:featuredmedia":[{"embeddable":true,"href":"https:\/\/letrame.com\/catalogo\/wp-json\/wp\/v2\/media\/94762"}],"wp:attachment":[{"href":"https:\/\/letrame.com\/catalogo\/wp-json\/wp\/v2\/media?parent=94761"}],"wp:term":[{"taxonomy":"libro","embeddable":true,"href":"https:\/\/letrame.com\/catalogo\/wp-json\/wp\/v2\/libro?post=94761"},{"taxonomy":"product_brand","embeddable":true,"href":"https:\/\/letrame.com\/catalogo\/wp-json\/wp\/v2\/product_brand?post=94761"},{"taxonomy":"product_cat","embeddable":true,"href":"https:\/\/letrame.com\/catalogo\/wp-json\/wp\/v2\/product_cat?post=94761"},{"taxonomy":"product_tag","embeddable":true,"href":"https:\/\/letrame.com\/catalogo\/wp-json\/wp\/v2\/product_tag?post=94761"}],"curies":[{"name":"wp","href":"https:\/\/api.w.org\/{rel}","templated":true}]}}