{"id":94754,"date":"2024-04-18T11:20:16","date_gmt":"2024-04-18T09:20:16","guid":{"rendered":"https:\/\/letrame.com\/catalogo\/producto\/si-los-peces-hablaran\/"},"modified":"2024-05-15T14:20:06","modified_gmt":"2024-05-15T12:20:06","slug":"si-los-peces-hablaran","status":"publish","type":"product","link":"https:\/\/letrame.com\/catalogo\/producto\/si-los-peces-hablaran\/","title":{"rendered":"Si los peces hablaran&#8230;"},"content":{"rendered":"<div>\n<p><strong>ISBN<\/strong>: \u00a0978-84-09-16706-7<\/p>\n<div class=\"gmail_default\"><b>Encuadernaci\u00f3n<\/b>: Carton\u00e9<\/div>\n<div class=\"gmail_default\"><strong>T\u00edtulo<\/strong>: Si los peces hablaran&#8230;<br \/>\n<strong>Fecha<\/strong>: 2019<br \/>\n<strong>P\u00e1ginas<\/strong>: 146<\/div>\n<p>&nbsp;<\/p>\n<p><strong>SINOPSIS<\/strong><\/p>\n<section>\n<div class=\"about-this-book\">\n<div class=\"container\">\n<div class=\"right-detail shop-detail1 pull-right col-md-8 col-sm-8 col-xs-12\">\n<div id=\"editionnal-reviews\" class=\"book-desc-detail\"><span class=\"detail-desc box-detail-desc\">Las criaturas marinas se unen para resolver el grave problema de la contaminaci\u00f3n. Con los tridentes del Rey Neptuno limpian el mar, pero la basura&#8230; \u00a1no deja de caer! Nela la Irritable, la sabia D\u00f1a. Paciencia, La Bella Azul o el temible don Canino colaboran para vencer todos los obst\u00e1culos y comunicarse con esa especie tan rara \u201cque vive fuera del agua\u201d \u00a1Oooh, qu\u00e9 gran responsabilidad! Por el bien de todos, han de lograr concienciar a los humanos de que es necesario \u00a1\u00a1QUE CAMBIEN SUS MALOS H\u00c1BITOS Y ADQUIERAN UN COMPROMISO CON EL MAR!! Por suerte, cuentan con el apoyo de Lorena y su abuelita. \u00bf\u00bfConseguir\u00e1n ayudarlos\u2026??<\/span><\/div>\n<\/div>\n<\/div>\n<\/div>\n<\/section>\n<\/div>\n<div>\n<p>&nbsp;<\/p>\n<p>&nbsp;<\/p>\n<\/div>\n<div><\/div>\n<div><\/div>\n<div>\n<section>\n<div class=\"about-this-book\">\n<div class=\"container\">\n<div class=\"right-detail shop-detail1 pull-right col-md-8 col-sm-8 col-xs-12\">\n<div id=\"clear-scroll\" class=\"clearfix\"><\/div>\n<\/div>\n<\/div>\n<\/div>\n<\/section>\n<div class=\"feature-section feature-option2\">\n<div class=\"container\">\n<div class=\"related products\">\n<div class=\"title-box\"><\/div>\n<\/div>\n<\/div>\n<\/div>\n<\/div>\n<p><iframe title=\"Si los peces hablaran\u2026_Tr\u00e1iler del cuento\" data-src=\"https:\/\/player.vimeo.com\/video\/308684111?dnt=1&amp;app_id=122963\" width=\"800\" height=\"450\" frameborder=\"0\" allow=\"autoplay; fullscreen; picture-in-picture; clipboard-write\" src=\"data:image\/svg+xml;base64,PHN2ZyB3aWR0aD0iMSIgaGVpZ2h0PSIxIiB4bWxucz0iaHR0cDovL3d3dy53My5vcmcvMjAwMC9zdmciPjwvc3ZnPg==\" class=\"lazyload\" data-load-mode=\"1\"><\/iframe><\/p>\n<p><iframe title=\"Si los peces hablaran...._Musical de Sandra Santa Cruz\" data-src=\"https:\/\/player.vimeo.com\/video\/337151039?dnt=1&amp;app_id=122963\" width=\"800\" height=\"600\" frameborder=\"0\" allow=\"autoplay; fullscreen; picture-in-picture; clipboard-write\" src=\"data:image\/svg+xml;base64,PHN2ZyB3aWR0aD0iMSIgaGVpZ2h0PSIxIiB4bWxucz0iaHR0cDovL3d3dy53My5vcmcvMjAwMC9zdmciPjwvc3ZnPg==\" class=\"lazyload\" data-load-mode=\"1\"><\/iframe><\/p>\n<div>\n<p>&nbsp;<\/p>\n<\/div>\n<p><img fetchpriority=\"high\" decoding=\"async\" class=\"alignnone size-medium wp-image-22834\" src=\"http:\/\/aroas.es\/letrame\/wp-content\/uploads\/2019\/07\/Si-los-peces-hablaran..._Sandra-Santa-Cruz-215x239.png\" alt=\"\" width=\"215\" height=\"239\" \/><\/p>\n<p>LEE UNA MUESTRA DEL LIBRO\u00a0<a href=\"https:\/\/silospeceshablaran.com\/lee-un-fragmento-del-cuento\/\" target=\"_blank\" rel=\"noopener\" data-saferedirecturl=\"https:\/\/www.google.com\/url?q=https:\/\/silospeceshablaran.com\/lee-un-fragmento-del-cuento\/&amp;source=gmail&amp;ust=1611403243033000&amp;usg=AFQjCNHLJ85e0B8wIkygxHkrl0oLpWYtQw\">AQU\u00cd<\/a>\u00a0TOTALMENTE GRATIS.<\/p>\n<p>&nbsp;<\/p>\n<div>\n<p><a href=\"https:\/\/silospeceshablaran.com\/\" target=\"_blank\" rel=\"noopener noreferrer\" data-saferedirecturl=\"https:\/\/www.google.com\/url?q=https:\/\/silospeceshablaran.com\/&amp;source=gmail&amp;ust=1569940826313000&amp;usg=AFQjCNHRMym_oUZeqcP6F1CxNlcnki6n4A\">M\u00c1S INFORMACI\u00d3N EN: SI LOS PECES HABLARAN&#8230;<\/a><\/p>\n<\/div>\n","protected":false},"excerpt":{"rendered":"<p><strong>ISBN: \u00a0978-84-09-16706-7<\/strong><\/p>\n<p>Si los peces hablaran&#8230; nace tras el \u00e9xito de su propio\u00a0Musical. El libro contiene escenas de<span class=\"gmail_default\">\u00a0\u00e9ste\u00a0<\/span>en realidad aumentada y trata una realidad llevada cuento para pedirnos que salvemos el mar. Est\u00e1 supervisado por investigadoras marinas. En su 2\u00aa Edici\u00f3n se han sustituido sus c\u00f3digos QR por Realidad Aumentada con animaci\u00f3n, para transmitir un mensaje que va m\u00e1s all\u00e1 de la edad, incluso, entre quienes todav\u00eda no saben leer. Un cuento tanto para ni\u00f1os como para adultos. NINGUNA ESPECIE MERECE VIVIR ENTRE BASURA. \u00a1NO TE QUEDES DE ALETAS CRUZADAS!<\/p>\n<p><a href=\"https:\/\/silospeceshablaran.com\/lee-un-fragmento-del-cuento\/\"><img decoding=\"async\" class=\"alignnone wp-image-47528 lazyload\" data-src=\"https:\/\/letrame.com\/catalogo\/wp-content\/uploads\/2019\/07\/unnamed.jpg\" alt=\"\" width=\"320\" height=\"326\" src=\"data:image\/svg+xml;base64,PHN2ZyB3aWR0aD0iMSIgaGVpZ2h0PSIxIiB4bWxucz0iaHR0cDovL3d3dy53My5vcmcvMjAwMC9zdmciPjwvc3ZnPg==\" style=\"--smush-placeholder-width: 320px; --smush-placeholder-aspect-ratio: 320\/326;\" \/><\/a><\/p>\n","protected":false},"featured_media":100018,"comment_status":"closed","ping_status":"closed","template":"","meta":{"_acf_changed":false},"libro":[],"product_brand":[],"product_cat":[17],"product_tag":[],"class_list":{"0":"post-94754","1":"product","2":"type-product","3":"status-publish","4":"has-post-thumbnail","6":"product_cat-infantil","8":"first","9":"instock","10":"purchasable","11":"product-type-simple"},"acf":{"autor":[73646],"enlace_de_compra":"https:\/\/silospeceshablaran.com\/lee-un-fragmento-del-cuento\/"},"yoast_head":"<!-- This site is optimized with the Yoast SEO plugin v27.4 - https:\/\/yoast.com\/product\/yoast-seo-wordpress\/ -->\n<title>Si los peces hablaran... - Catalogo | Letrame Grupo Editorial<\/title>\n<meta name=\"robots\" content=\"index, follow, max-snippet:-1, max-image-preview:large, max-video-preview:-1\" \/>\n<link rel=\"canonical\" href=\"https:\/\/letrame.com\/catalogo\/producto\/si-los-peces-hablaran\/\" \/>\n<meta property=\"og:locale\" content=\"es_ES\" \/>\n<meta property=\"og:type\" content=\"article\" \/>\n<meta property=\"og:title\" content=\"Si los peces hablaran... - Catalogo | Letrame Grupo Editorial\" \/>\n<meta property=\"og:description\" content=\"ISBN: \u00a0978-84-09-16706-7  Si los peces hablaran... nace tras el \u00e9xito de su propio\u00a0Musical. El libro contiene escenas de\u00a0\u00e9ste\u00a0en realidad aumentada y trata una realidad llevada cuento para pedirnos que salvemos el mar. Est\u00e1 supervisado por investigadoras marinas. En su 2\u00aa Edici\u00f3n se han sustituido sus c\u00f3digos QR por Realidad Aumentada con animaci\u00f3n, para transmitir un mensaje que va m\u00e1s all\u00e1 de la edad, incluso, entre quienes todav\u00eda no saben leer. Un cuento tanto para ni\u00f1os como para adultos. NINGUNA ESPECIE MERECE VIVIR ENTRE BASURA. \u00a1NO TE QUEDES DE ALETAS CRUZADAS!\" \/>\n<meta property=\"og:url\" content=\"https:\/\/letrame.com\/catalogo\/producto\/si-los-peces-hablaran\/\" \/>\n<meta property=\"og:site_name\" content=\"Catalogo | Letrame Grupo Editorial\" \/>\n<meta property=\"article:modified_time\" content=\"2024-05-15T12:20:06+00:00\" \/>\n<meta property=\"og:image\" content=\"https:\/\/letrame.com\/catalogo\/wp-content\/uploads\/2024\/04\/Si-los-peces-hablaran-2a-Edicion_Sandra-Santa-Cruz.webp\" \/>\n\t<meta property=\"og:image:width\" content=\"1326\" \/>\n\t<meta property=\"og:image:height\" content=\"1379\" \/>\n\t<meta property=\"og:image:type\" content=\"image\/webp\" \/>\n<meta name=\"twitter:card\" content=\"summary_large_image\" \/>\n<meta name=\"twitter:label1\" content=\"Tiempo de lectura\" \/>\n\t<meta name=\"twitter:data1\" content=\"1 minuto\" \/>\n<script type=\"application\/ld+json\" class=\"yoast-schema-graph\">{\"@context\":\"https:\\\/\\\/schema.org\",\"@graph\":[{\"@type\":\"WebPage\",\"@id\":\"https:\\\/\\\/letrame.com\\\/catalogo\\\/producto\\\/si-los-peces-hablaran\\\/\",\"url\":\"https:\\\/\\\/letrame.com\\\/catalogo\\\/producto\\\/si-los-peces-hablaran\\\/\",\"name\":\"Si los peces hablaran... - Catalogo | Letrame Grupo Editorial\",\"isPartOf\":{\"@id\":\"https:\\\/\\\/letrame.com\\\/catalogo\\\/#website\"},\"primaryImageOfPage\":{\"@id\":\"https:\\\/\\\/letrame.com\\\/catalogo\\\/producto\\\/si-los-peces-hablaran\\\/#primaryimage\"},\"image\":{\"@id\":\"https:\\\/\\\/letrame.com\\\/catalogo\\\/producto\\\/si-los-peces-hablaran\\\/#primaryimage\"},\"thumbnailUrl\":\"https:\\\/\\\/letrame.com\\\/catalogo\\\/wp-content\\\/uploads\\\/2024\\\/04\\\/Si-los-peces-hablaran-2a-Edicion_Sandra-Santa-Cruz.webp\",\"datePublished\":\"2024-04-18T09:20:16+00:00\",\"dateModified\":\"2024-05-15T12:20:06+00:00\",\"breadcrumb\":{\"@id\":\"https:\\\/\\\/letrame.com\\\/catalogo\\\/producto\\\/si-los-peces-hablaran\\\/#breadcrumb\"},\"inLanguage\":\"es\",\"potentialAction\":[{\"@type\":\"ReadAction\",\"target\":[\"https:\\\/\\\/letrame.com\\\/catalogo\\\/producto\\\/si-los-peces-hablaran\\\/\"]}]},{\"@type\":\"ImageObject\",\"inLanguage\":\"es\",\"@id\":\"https:\\\/\\\/letrame.com\\\/catalogo\\\/producto\\\/si-los-peces-hablaran\\\/#primaryimage\",\"url\":\"https:\\\/\\\/letrame.com\\\/catalogo\\\/wp-content\\\/uploads\\\/2024\\\/04\\\/Si-los-peces-hablaran-2a-Edicion_Sandra-Santa-Cruz.webp\",\"contentUrl\":\"https:\\\/\\\/letrame.com\\\/catalogo\\\/wp-content\\\/uploads\\\/2024\\\/04\\\/Si-los-peces-hablaran-2a-Edicion_Sandra-Santa-Cruz.webp\",\"width\":1326,\"height\":1379},{\"@type\":\"BreadcrumbList\",\"@id\":\"https:\\\/\\\/letrame.com\\\/catalogo\\\/producto\\\/si-los-peces-hablaran\\\/#breadcrumb\",\"itemListElement\":[{\"@type\":\"ListItem\",\"position\":1,\"name\":\"Portada\",\"item\":\"https:\\\/\\\/letrame.com\\\/catalogo\\\/\"},{\"@type\":\"ListItem\",\"position\":2,\"name\":\"Cat\u00e1logo\",\"item\":\"https:\\\/\\\/letrame.com\\\/catalogo\\\/\"},{\"@type\":\"ListItem\",\"position\":3,\"name\":\"Si los peces hablaran&#8230;\"}]},{\"@type\":\"WebSite\",\"@id\":\"https:\\\/\\\/letrame.com\\\/catalogo\\\/#website\",\"url\":\"https:\\\/\\\/letrame.com\\\/catalogo\\\/\",\"name\":\"Catalogo | Letrame Grupo Editorial\",\"description\":\"\",\"publisher\":{\"@id\":\"https:\\\/\\\/letrame.com\\\/catalogo\\\/#organization\"},\"potentialAction\":[{\"@type\":\"SearchAction\",\"target\":{\"@type\":\"EntryPoint\",\"urlTemplate\":\"https:\\\/\\\/letrame.com\\\/catalogo\\\/?s={search_term_string}\"},\"query-input\":{\"@type\":\"PropertyValueSpecification\",\"valueRequired\":true,\"valueName\":\"search_term_string\"}}],\"inLanguage\":\"es\"},{\"@type\":\"Organization\",\"@id\":\"https:\\\/\\\/letrame.com\\\/catalogo\\\/#organization\",\"name\":\"Catalogo | Letrame Grupo Editorial\",\"url\":\"https:\\\/\\\/letrame.com\\\/catalogo\\\/\",\"logo\":{\"@type\":\"ImageObject\",\"inLanguage\":\"es\",\"@id\":\"https:\\\/\\\/letrame.com\\\/catalogo\\\/#\\\/schema\\\/logo\\\/image\\\/\",\"url\":\"https:\\\/\\\/letrame.com\\\/catalogo\\\/wp-content\\\/uploads\\\/2024\\\/03\\\/logo2.webp\",\"contentUrl\":\"https:\\\/\\\/letrame.com\\\/catalogo\\\/wp-content\\\/uploads\\\/2024\\\/03\\\/logo2.webp\",\"width\":394,\"height\":128,\"caption\":\"Catalogo | Letrame Grupo Editorial\"},\"image\":{\"@id\":\"https:\\\/\\\/letrame.com\\\/catalogo\\\/#\\\/schema\\\/logo\\\/image\\\/\"}}]}<\/script>\n<!-- \/ Yoast SEO plugin. -->","yoast_head_json":{"title":"Si los peces hablaran... - Catalogo | Letrame Grupo Editorial","robots":{"index":"index","follow":"follow","max-snippet":"max-snippet:-1","max-image-preview":"max-image-preview:large","max-video-preview":"max-video-preview:-1"},"canonical":"https:\/\/letrame.com\/catalogo\/producto\/si-los-peces-hablaran\/","og_locale":"es_ES","og_type":"article","og_title":"Si los peces hablaran... - Catalogo | Letrame Grupo Editorial","og_description":"ISBN: \u00a0978-84-09-16706-7  Si los peces hablaran... nace tras el \u00e9xito de su propio\u00a0Musical. El libro contiene escenas de\u00a0\u00e9ste\u00a0en realidad aumentada y trata una realidad llevada cuento para pedirnos que salvemos el mar. Est\u00e1 supervisado por investigadoras marinas. En su 2\u00aa Edici\u00f3n se han sustituido sus c\u00f3digos QR por Realidad Aumentada con animaci\u00f3n, para transmitir un mensaje que va m\u00e1s all\u00e1 de la edad, incluso, entre quienes todav\u00eda no saben leer. Un cuento tanto para ni\u00f1os como para adultos. NINGUNA ESPECIE MERECE VIVIR ENTRE BASURA. \u00a1NO TE QUEDES DE ALETAS CRUZADAS!","og_url":"https:\/\/letrame.com\/catalogo\/producto\/si-los-peces-hablaran\/","og_site_name":"Catalogo | Letrame Grupo Editorial","article_modified_time":"2024-05-15T12:20:06+00:00","og_image":[{"width":1326,"height":1379,"url":"https:\/\/letrame.com\/catalogo\/wp-content\/uploads\/2024\/04\/Si-los-peces-hablaran-2a-Edicion_Sandra-Santa-Cruz.webp","type":"image\/webp"}],"twitter_card":"summary_large_image","twitter_misc":{"Tiempo de lectura":"1 minuto"},"schema":{"@context":"https:\/\/schema.org","@graph":[{"@type":"WebPage","@id":"https:\/\/letrame.com\/catalogo\/producto\/si-los-peces-hablaran\/","url":"https:\/\/letrame.com\/catalogo\/producto\/si-los-peces-hablaran\/","name":"Si los peces hablaran... - Catalogo | Letrame Grupo Editorial","isPartOf":{"@id":"https:\/\/letrame.com\/catalogo\/#website"},"primaryImageOfPage":{"@id":"https:\/\/letrame.com\/catalogo\/producto\/si-los-peces-hablaran\/#primaryimage"},"image":{"@id":"https:\/\/letrame.com\/catalogo\/producto\/si-los-peces-hablaran\/#primaryimage"},"thumbnailUrl":"https:\/\/letrame.com\/catalogo\/wp-content\/uploads\/2024\/04\/Si-los-peces-hablaran-2a-Edicion_Sandra-Santa-Cruz.webp","datePublished":"2024-04-18T09:20:16+00:00","dateModified":"2024-05-15T12:20:06+00:00","breadcrumb":{"@id":"https:\/\/letrame.com\/catalogo\/producto\/si-los-peces-hablaran\/#breadcrumb"},"inLanguage":"es","potentialAction":[{"@type":"ReadAction","target":["https:\/\/letrame.com\/catalogo\/producto\/si-los-peces-hablaran\/"]}]},{"@type":"ImageObject","inLanguage":"es","@id":"https:\/\/letrame.com\/catalogo\/producto\/si-los-peces-hablaran\/#primaryimage","url":"https:\/\/letrame.com\/catalogo\/wp-content\/uploads\/2024\/04\/Si-los-peces-hablaran-2a-Edicion_Sandra-Santa-Cruz.webp","contentUrl":"https:\/\/letrame.com\/catalogo\/wp-content\/uploads\/2024\/04\/Si-los-peces-hablaran-2a-Edicion_Sandra-Santa-Cruz.webp","width":1326,"height":1379},{"@type":"BreadcrumbList","@id":"https:\/\/letrame.com\/catalogo\/producto\/si-los-peces-hablaran\/#breadcrumb","itemListElement":[{"@type":"ListItem","position":1,"name":"Portada","item":"https:\/\/letrame.com\/catalogo\/"},{"@type":"ListItem","position":2,"name":"Cat\u00e1logo","item":"https:\/\/letrame.com\/catalogo\/"},{"@type":"ListItem","position":3,"name":"Si los peces hablaran&#8230;"}]},{"@type":"WebSite","@id":"https:\/\/letrame.com\/catalogo\/#website","url":"https:\/\/letrame.com\/catalogo\/","name":"Catalogo | Letrame Grupo Editorial","description":"","publisher":{"@id":"https:\/\/letrame.com\/catalogo\/#organization"},"potentialAction":[{"@type":"SearchAction","target":{"@type":"EntryPoint","urlTemplate":"https:\/\/letrame.com\/catalogo\/?s={search_term_string}"},"query-input":{"@type":"PropertyValueSpecification","valueRequired":true,"valueName":"search_term_string"}}],"inLanguage":"es"},{"@type":"Organization","@id":"https:\/\/letrame.com\/catalogo\/#organization","name":"Catalogo | Letrame Grupo Editorial","url":"https:\/\/letrame.com\/catalogo\/","logo":{"@type":"ImageObject","inLanguage":"es","@id":"https:\/\/letrame.com\/catalogo\/#\/schema\/logo\/image\/","url":"https:\/\/letrame.com\/catalogo\/wp-content\/uploads\/2024\/03\/logo2.webp","contentUrl":"https:\/\/letrame.com\/catalogo\/wp-content\/uploads\/2024\/03\/logo2.webp","width":394,"height":128,"caption":"Catalogo | Letrame Grupo Editorial"},"image":{"@id":"https:\/\/letrame.com\/catalogo\/#\/schema\/logo\/image\/"}}]}},"_links":{"self":[{"href":"https:\/\/letrame.com\/catalogo\/wp-json\/wp\/v2\/product\/94754","targetHints":{"allow":["GET"]}}],"collection":[{"href":"https:\/\/letrame.com\/catalogo\/wp-json\/wp\/v2\/product"}],"about":[{"href":"https:\/\/letrame.com\/catalogo\/wp-json\/wp\/v2\/types\/product"}],"replies":[{"embeddable":true,"href":"https:\/\/letrame.com\/catalogo\/wp-json\/wp\/v2\/comments?post=94754"}],"acf:post":[{"embeddable":true,"href":"https:\/\/letrame.com\/catalogo\/wp-json\/wp\/v2\/author_book\/73646"}],"wp:featuredmedia":[{"embeddable":true,"href":"https:\/\/letrame.com\/catalogo\/wp-json\/wp\/v2\/media\/100018"}],"wp:attachment":[{"href":"https:\/\/letrame.com\/catalogo\/wp-json\/wp\/v2\/media?parent=94754"}],"wp:term":[{"taxonomy":"libro","embeddable":true,"href":"https:\/\/letrame.com\/catalogo\/wp-json\/wp\/v2\/libro?post=94754"},{"taxonomy":"product_brand","embeddable":true,"href":"https:\/\/letrame.com\/catalogo\/wp-json\/wp\/v2\/product_brand?post=94754"},{"taxonomy":"product_cat","embeddable":true,"href":"https:\/\/letrame.com\/catalogo\/wp-json\/wp\/v2\/product_cat?post=94754"},{"taxonomy":"product_tag","embeddable":true,"href":"https:\/\/letrame.com\/catalogo\/wp-json\/wp\/v2\/product_tag?post=94754"}],"curies":[{"name":"wp","href":"https:\/\/api.w.org\/{rel}","templated":true}]}}