{"id":94740,"date":"2024-04-18T11:19:22","date_gmt":"2024-04-18T09:19:22","guid":{"rendered":"https:\/\/letrame.com\/catalogo\/producto\/los-enemigos-del-sexo\/"},"modified":"2024-07-19T11:31:21","modified_gmt":"2024-07-19T09:31:21","slug":"los-enemigos-del-sexo","status":"publish","type":"product","link":"https:\/\/letrame.com\/catalogo\/producto\/los-enemigos-del-sexo\/","title":{"rendered":"Los enemigos del sexo"},"content":{"rendered":"<p><strong>ISBN<\/strong>: 978-84-17935-83-2<br \/>\n<strong>T\u00edtulo<\/strong>: Los enemigos del sexo<br \/>\n<strong>Fecha<\/strong>: 2019<br \/>\n<strong>P\u00e1ginas<\/strong>: 204<\/p>\n<p>&nbsp;<\/p>\n<p><strong>SINOPSIS<\/strong><\/p>\n<section>\n<div class=\"about-this-book\">\n<div class=\"container\">\n<div class=\"right-detail shop-detail1 pull-right col-md-8 col-sm-8 col-xs-12\">\n<div id=\"editionnal-reviews\" class=\"book-desc-detail\"><span class=\"detail-desc box-detail-desc\">Un libro para conocerte, redescubrirte y aprender a disfrutarte sexualmente con naturalidad y sin prejuicios. \u00bfTe gustar\u00eda sentirte una persona m\u00e1s satisfecha en el sexo? No existen f\u00f3rmulas m\u00e1gicas para conseguirlo pero este libro puede ayudarte a dar rienda suelta a todo tu potencial er\u00f3tico. Descubrir\u00e1s c\u00f3mo disfrutar m\u00e1s de tu vida sexual conociendo de primera mano a todos aquellos enemigos que pueden aparecer en tu vida sexualmente hablando y que generan malestar y da\u00f1an tu experiencia sexual. \u00bfTe cuesta pedir lo que quieres en la cama? \u00bfTe aburres soberanamente en el sexo y te gustar\u00eda innovar? \u00bfSientes tanto estr\u00e9s que tu cuerpo no reacciona a los est\u00edmulos er\u00f3ticos? \u00bfNo sabes detectar las se\u00f1ales de tu cuerpo que te dicen que est\u00e1 preparado para la acci\u00f3n? Cr\u00e9eme, tal vez no sabes de sexo tanto como pensabas. Para poner un poco de orden en tu vida sexual contar\u00e1s con una gu\u00eda donde paso a paso aprender\u00e1s a controlar a tus enemigos \u00edntimos hasta decirles adi\u00f3s y podr\u00e1s disfrutar del sexo con satisfacci\u00f3n y felicidad.<\/span><\/div>\n<div id=\"clear-scroll\" class=\"clearfix\"><\/div>\n<\/div>\n<\/div>\n<\/div>\n<\/section>\n<div class=\"feature-section feature-option2\">\n<div class=\"container\">\n<div class=\"related products\">\n<div class=\"title-box\"><\/div>\n<\/div>\n<\/div>\n<\/div>\n","protected":false},"excerpt":{"rendered":"<p><strong>ISBN: 978-84-17935-83-2<\/strong><\/p>\n<p>Un libro para conocerte, redescubrirte y aprender a disfrutarte sexualmente con naturalidad y sin prejuicios.<br \/>\n\u00bfTe gustar\u00eda sentirte una persona m\u00e1s satisfecha en el sexo? No existen f\u00f3rmulas m\u00e1gicas para conseguirlo pero este libro puede ayudarte a dar rienda suelta a todo tu potencial er\u00f3tico. Descubrir\u00e1s c\u00f3mo disfrutar m\u00e1s de tu vida sexual conociendo de primera mano a todos aquellos enemigos que pueden aparecer en tu vida sexualmente hablando y que generan malestar y da\u00f1an tu experiencia sexual.<\/p>\n","protected":false},"featured_media":94741,"comment_status":"closed","ping_status":"closed","template":"","meta":{"_acf_changed":false},"libro":[],"product_brand":[],"product_cat":[18],"product_tag":[],"class_list":{"0":"post-94740","1":"product","2":"type-product","3":"status-publish","4":"has-post-thumbnail","6":"product_cat-autoayuda","8":"first","9":"instock","10":"purchasable","11":"product-type-simple"},"acf":{"autor":[77864],"enlace_de_compra":""},"yoast_head":"<!-- This site is optimized with the Yoast SEO plugin v27.4 - https:\/\/yoast.com\/product\/yoast-seo-wordpress\/ -->\n<title>Los enemigos del sexo - Catalogo | Letrame Grupo Editorial<\/title>\n<meta name=\"robots\" content=\"index, follow, max-snippet:-1, max-image-preview:large, max-video-preview:-1\" \/>\n<link rel=\"canonical\" href=\"https:\/\/letrame.com\/catalogo\/producto\/los-enemigos-del-sexo\/\" \/>\n<meta property=\"og:locale\" content=\"es_ES\" \/>\n<meta property=\"og:type\" content=\"article\" \/>\n<meta property=\"og:title\" content=\"Los enemigos del sexo - Catalogo | Letrame Grupo Editorial\" \/>\n<meta property=\"og:description\" content=\"ISBN: 978-84-17935-83-2  Un libro para conocerte, redescubrirte y aprender a disfrutarte sexualmente con naturalidad y sin prejuicios. \u00bfTe gustar\u00eda sentirte una persona m\u00e1s satisfecha en el sexo? No existen f\u00f3rmulas m\u00e1gicas para conseguirlo pero este libro puede ayudarte a dar rienda suelta a todo tu potencial er\u00f3tico. Descubrir\u00e1s c\u00f3mo disfrutar m\u00e1s de tu vida sexual conociendo de primera mano a todos aquellos enemigos que pueden aparecer en tu vida sexualmente hablando y que generan malestar y da\u00f1an tu experiencia sexual.\" \/>\n<meta property=\"og:url\" content=\"https:\/\/letrame.com\/catalogo\/producto\/los-enemigos-del-sexo\/\" \/>\n<meta property=\"og:site_name\" content=\"Catalogo | Letrame Grupo Editorial\" \/>\n<meta property=\"article:modified_time\" content=\"2024-07-19T09:31:21+00:00\" \/>\n<meta property=\"og:image\" content=\"https:\/\/letrame.com\/catalogo\/wp-content\/uploads\/2024\/04\/CUBIERTA.jpg\" \/>\n\t<meta property=\"og:image:width\" content=\"440\" \/>\n\t<meta property=\"og:image:height\" content=\"600\" \/>\n\t<meta property=\"og:image:type\" content=\"image\/jpeg\" \/>\n<meta name=\"twitter:card\" content=\"summary_large_image\" \/>\n<meta name=\"twitter:label1\" content=\"Tiempo de lectura\" \/>\n\t<meta name=\"twitter:data1\" content=\"2 minutos\" \/>\n<script type=\"application\/ld+json\" class=\"yoast-schema-graph\">{\"@context\":\"https:\\\/\\\/schema.org\",\"@graph\":[{\"@type\":\"WebPage\",\"@id\":\"https:\\\/\\\/letrame.com\\\/catalogo\\\/producto\\\/los-enemigos-del-sexo\\\/\",\"url\":\"https:\\\/\\\/letrame.com\\\/catalogo\\\/producto\\\/los-enemigos-del-sexo\\\/\",\"name\":\"Los enemigos del sexo - Catalogo | Letrame Grupo Editorial\",\"isPartOf\":{\"@id\":\"https:\\\/\\\/letrame.com\\\/catalogo\\\/#website\"},\"primaryImageOfPage\":{\"@id\":\"https:\\\/\\\/letrame.com\\\/catalogo\\\/producto\\\/los-enemigos-del-sexo\\\/#primaryimage\"},\"image\":{\"@id\":\"https:\\\/\\\/letrame.com\\\/catalogo\\\/producto\\\/los-enemigos-del-sexo\\\/#primaryimage\"},\"thumbnailUrl\":\"https:\\\/\\\/letrame.com\\\/catalogo\\\/wp-content\\\/uploads\\\/2024\\\/04\\\/CUBIERTA.jpg\",\"datePublished\":\"2024-04-18T09:19:22+00:00\",\"dateModified\":\"2024-07-19T09:31:21+00:00\",\"breadcrumb\":{\"@id\":\"https:\\\/\\\/letrame.com\\\/catalogo\\\/producto\\\/los-enemigos-del-sexo\\\/#breadcrumb\"},\"inLanguage\":\"es\",\"potentialAction\":[{\"@type\":\"ReadAction\",\"target\":[\"https:\\\/\\\/letrame.com\\\/catalogo\\\/producto\\\/los-enemigos-del-sexo\\\/\"]}]},{\"@type\":\"ImageObject\",\"inLanguage\":\"es\",\"@id\":\"https:\\\/\\\/letrame.com\\\/catalogo\\\/producto\\\/los-enemigos-del-sexo\\\/#primaryimage\",\"url\":\"https:\\\/\\\/letrame.com\\\/catalogo\\\/wp-content\\\/uploads\\\/2024\\\/04\\\/CUBIERTA.jpg\",\"contentUrl\":\"https:\\\/\\\/letrame.com\\\/catalogo\\\/wp-content\\\/uploads\\\/2024\\\/04\\\/CUBIERTA.jpg\",\"width\":440,\"height\":600},{\"@type\":\"BreadcrumbList\",\"@id\":\"https:\\\/\\\/letrame.com\\\/catalogo\\\/producto\\\/los-enemigos-del-sexo\\\/#breadcrumb\",\"itemListElement\":[{\"@type\":\"ListItem\",\"position\":1,\"name\":\"Portada\",\"item\":\"https:\\\/\\\/letrame.com\\\/catalogo\\\/\"},{\"@type\":\"ListItem\",\"position\":2,\"name\":\"Cat\u00e1logo\",\"item\":\"https:\\\/\\\/letrame.com\\\/catalogo\\\/\"},{\"@type\":\"ListItem\",\"position\":3,\"name\":\"Los enemigos del sexo\"}]},{\"@type\":\"WebSite\",\"@id\":\"https:\\\/\\\/letrame.com\\\/catalogo\\\/#website\",\"url\":\"https:\\\/\\\/letrame.com\\\/catalogo\\\/\",\"name\":\"Catalogo | Letrame Grupo Editorial\",\"description\":\"\",\"publisher\":{\"@id\":\"https:\\\/\\\/letrame.com\\\/catalogo\\\/#organization\"},\"potentialAction\":[{\"@type\":\"SearchAction\",\"target\":{\"@type\":\"EntryPoint\",\"urlTemplate\":\"https:\\\/\\\/letrame.com\\\/catalogo\\\/?s={search_term_string}\"},\"query-input\":{\"@type\":\"PropertyValueSpecification\",\"valueRequired\":true,\"valueName\":\"search_term_string\"}}],\"inLanguage\":\"es\"},{\"@type\":\"Organization\",\"@id\":\"https:\\\/\\\/letrame.com\\\/catalogo\\\/#organization\",\"name\":\"Catalogo | Letrame Grupo Editorial\",\"url\":\"https:\\\/\\\/letrame.com\\\/catalogo\\\/\",\"logo\":{\"@type\":\"ImageObject\",\"inLanguage\":\"es\",\"@id\":\"https:\\\/\\\/letrame.com\\\/catalogo\\\/#\\\/schema\\\/logo\\\/image\\\/\",\"url\":\"https:\\\/\\\/letrame.com\\\/catalogo\\\/wp-content\\\/uploads\\\/2024\\\/03\\\/logo2.webp\",\"contentUrl\":\"https:\\\/\\\/letrame.com\\\/catalogo\\\/wp-content\\\/uploads\\\/2024\\\/03\\\/logo2.webp\",\"width\":394,\"height\":128,\"caption\":\"Catalogo | Letrame Grupo Editorial\"},\"image\":{\"@id\":\"https:\\\/\\\/letrame.com\\\/catalogo\\\/#\\\/schema\\\/logo\\\/image\\\/\"}}]}<\/script>\n<!-- \/ Yoast SEO plugin. -->","yoast_head_json":{"title":"Los enemigos del sexo - Catalogo | Letrame Grupo Editorial","robots":{"index":"index","follow":"follow","max-snippet":"max-snippet:-1","max-image-preview":"max-image-preview:large","max-video-preview":"max-video-preview:-1"},"canonical":"https:\/\/letrame.com\/catalogo\/producto\/los-enemigos-del-sexo\/","og_locale":"es_ES","og_type":"article","og_title":"Los enemigos del sexo - Catalogo | Letrame Grupo Editorial","og_description":"ISBN: 978-84-17935-83-2  Un libro para conocerte, redescubrirte y aprender a disfrutarte sexualmente con naturalidad y sin prejuicios. \u00bfTe gustar\u00eda sentirte una persona m\u00e1s satisfecha en el sexo? No existen f\u00f3rmulas m\u00e1gicas para conseguirlo pero este libro puede ayudarte a dar rienda suelta a todo tu potencial er\u00f3tico. Descubrir\u00e1s c\u00f3mo disfrutar m\u00e1s de tu vida sexual conociendo de primera mano a todos aquellos enemigos que pueden aparecer en tu vida sexualmente hablando y que generan malestar y da\u00f1an tu experiencia sexual.","og_url":"https:\/\/letrame.com\/catalogo\/producto\/los-enemigos-del-sexo\/","og_site_name":"Catalogo | Letrame Grupo Editorial","article_modified_time":"2024-07-19T09:31:21+00:00","og_image":[{"width":440,"height":600,"url":"https:\/\/letrame.com\/catalogo\/wp-content\/uploads\/2024\/04\/CUBIERTA.jpg","type":"image\/jpeg"}],"twitter_card":"summary_large_image","twitter_misc":{"Tiempo de lectura":"2 minutos"},"schema":{"@context":"https:\/\/schema.org","@graph":[{"@type":"WebPage","@id":"https:\/\/letrame.com\/catalogo\/producto\/los-enemigos-del-sexo\/","url":"https:\/\/letrame.com\/catalogo\/producto\/los-enemigos-del-sexo\/","name":"Los enemigos del sexo - Catalogo | Letrame Grupo Editorial","isPartOf":{"@id":"https:\/\/letrame.com\/catalogo\/#website"},"primaryImageOfPage":{"@id":"https:\/\/letrame.com\/catalogo\/producto\/los-enemigos-del-sexo\/#primaryimage"},"image":{"@id":"https:\/\/letrame.com\/catalogo\/producto\/los-enemigos-del-sexo\/#primaryimage"},"thumbnailUrl":"https:\/\/letrame.com\/catalogo\/wp-content\/uploads\/2024\/04\/CUBIERTA.jpg","datePublished":"2024-04-18T09:19:22+00:00","dateModified":"2024-07-19T09:31:21+00:00","breadcrumb":{"@id":"https:\/\/letrame.com\/catalogo\/producto\/los-enemigos-del-sexo\/#breadcrumb"},"inLanguage":"es","potentialAction":[{"@type":"ReadAction","target":["https:\/\/letrame.com\/catalogo\/producto\/los-enemigos-del-sexo\/"]}]},{"@type":"ImageObject","inLanguage":"es","@id":"https:\/\/letrame.com\/catalogo\/producto\/los-enemigos-del-sexo\/#primaryimage","url":"https:\/\/letrame.com\/catalogo\/wp-content\/uploads\/2024\/04\/CUBIERTA.jpg","contentUrl":"https:\/\/letrame.com\/catalogo\/wp-content\/uploads\/2024\/04\/CUBIERTA.jpg","width":440,"height":600},{"@type":"BreadcrumbList","@id":"https:\/\/letrame.com\/catalogo\/producto\/los-enemigos-del-sexo\/#breadcrumb","itemListElement":[{"@type":"ListItem","position":1,"name":"Portada","item":"https:\/\/letrame.com\/catalogo\/"},{"@type":"ListItem","position":2,"name":"Cat\u00e1logo","item":"https:\/\/letrame.com\/catalogo\/"},{"@type":"ListItem","position":3,"name":"Los enemigos del sexo"}]},{"@type":"WebSite","@id":"https:\/\/letrame.com\/catalogo\/#website","url":"https:\/\/letrame.com\/catalogo\/","name":"Catalogo | Letrame Grupo Editorial","description":"","publisher":{"@id":"https:\/\/letrame.com\/catalogo\/#organization"},"potentialAction":[{"@type":"SearchAction","target":{"@type":"EntryPoint","urlTemplate":"https:\/\/letrame.com\/catalogo\/?s={search_term_string}"},"query-input":{"@type":"PropertyValueSpecification","valueRequired":true,"valueName":"search_term_string"}}],"inLanguage":"es"},{"@type":"Organization","@id":"https:\/\/letrame.com\/catalogo\/#organization","name":"Catalogo | Letrame Grupo Editorial","url":"https:\/\/letrame.com\/catalogo\/","logo":{"@type":"ImageObject","inLanguage":"es","@id":"https:\/\/letrame.com\/catalogo\/#\/schema\/logo\/image\/","url":"https:\/\/letrame.com\/catalogo\/wp-content\/uploads\/2024\/03\/logo2.webp","contentUrl":"https:\/\/letrame.com\/catalogo\/wp-content\/uploads\/2024\/03\/logo2.webp","width":394,"height":128,"caption":"Catalogo | Letrame Grupo Editorial"},"image":{"@id":"https:\/\/letrame.com\/catalogo\/#\/schema\/logo\/image\/"}}]}},"_links":{"self":[{"href":"https:\/\/letrame.com\/catalogo\/wp-json\/wp\/v2\/product\/94740","targetHints":{"allow":["GET"]}}],"collection":[{"href":"https:\/\/letrame.com\/catalogo\/wp-json\/wp\/v2\/product"}],"about":[{"href":"https:\/\/letrame.com\/catalogo\/wp-json\/wp\/v2\/types\/product"}],"replies":[{"embeddable":true,"href":"https:\/\/letrame.com\/catalogo\/wp-json\/wp\/v2\/comments?post=94740"}],"acf:post":[{"embeddable":true,"href":"https:\/\/letrame.com\/catalogo\/wp-json\/wp\/v2\/author_book\/77864"}],"wp:featuredmedia":[{"embeddable":true,"href":"https:\/\/letrame.com\/catalogo\/wp-json\/wp\/v2\/media\/94741"}],"wp:attachment":[{"href":"https:\/\/letrame.com\/catalogo\/wp-json\/wp\/v2\/media?parent=94740"}],"wp:term":[{"taxonomy":"libro","embeddable":true,"href":"https:\/\/letrame.com\/catalogo\/wp-json\/wp\/v2\/libro?post=94740"},{"taxonomy":"product_brand","embeddable":true,"href":"https:\/\/letrame.com\/catalogo\/wp-json\/wp\/v2\/product_brand?post=94740"},{"taxonomy":"product_cat","embeddable":true,"href":"https:\/\/letrame.com\/catalogo\/wp-json\/wp\/v2\/product_cat?post=94740"},{"taxonomy":"product_tag","embeddable":true,"href":"https:\/\/letrame.com\/catalogo\/wp-json\/wp\/v2\/product_tag?post=94740"}],"curies":[{"name":"wp","href":"https:\/\/api.w.org\/{rel}","templated":true}]}}