{"id":94669,"date":"2024-04-18T11:11:25","date_gmt":"2024-04-18T09:11:25","guid":{"rendered":"https:\/\/letrame.com\/catalogo\/producto\/cartas-del-alma\/"},"modified":"2024-04-18T11:11:53","modified_gmt":"2024-04-18T09:11:53","slug":"cartas-del-alma","status":"publish","type":"product","link":"https:\/\/letrame.com\/catalogo\/producto\/cartas-del-alma\/","title":{"rendered":"Cartas del alma"},"content":{"rendered":"<p><strong>ISBN<\/strong>: &nbsp;<span class=\"sku\">978-84-17935-30-6<\/span><br \/>\n<strong>T\u00edtulo<\/strong>: Cartas del alma<br \/>\n<strong>Fecha<\/strong>: 2019<br \/>\n<strong>P\u00e1ginas<\/strong>: 302<\/p>\n<p>&nbsp;<\/p>\n<p><strong>SINOPSIS<\/strong><\/p>\n<section>\n<div class=\"about-this-book\">\n<div class=\"container\">\n<div class=\"right-detail shop-detail1 pull-right col-md-8 col-sm-8 col-xs-12\">\n<div id=\"editionnal-reviews\" class=\"book-desc-detail\"><span class=\"detail-desc box-detail-desc\">\u00bfTe has planteado alguna vez el sentido de tu existencia? \u00bfTe has preguntado quiz\u00e1s por qu\u00e9 es aparentemente tan dif\u00edcil ser feliz? Las respuestas a estas y otras tantas preguntas, consideradas vitales, se encuentran en tu interior. Posees un alma muy sabia con la que puedes conectar a trav\u00e9s del sentimiento, que no a trav\u00e9s de la raz\u00f3n. Cartas del Alma son una serie de reflexiones escuchadas y sentidas por el autor y compartidas sin haber sido adaptadas ni filtradas por la l\u00f3gica. Constituyen est\u00edmulos para sentir y escucharte si as\u00ed te lo permites. An\u00edmate a emprender un viaje a las profundidades de tu ser, donde los sentimientos constituyen los ecos de la sabidur\u00eda de tu alma. Descubrir\u00e1s que todo lo que necesitas para alcanzar la plenitud y ser feliz, lo llevas contigo desde el momento de tu nacimiento.<\/span><\/div>\n<div id=\"clear-scroll\" class=\"clearfix\"><\/div>\n<\/div>\n<\/div>\n<\/div>\n<\/section>\n<div class=\"feature-section feature-option2\">\n<div class=\"container\">\n<div class=\"related products\">\n<div class=\"title-box\"><\/div>\n<\/div>\n<\/div>\n<\/div>\n","protected":false},"excerpt":{"rendered":"<p><strong>ISBN: \u00a0<span class=\"sku\">978-84-17935-30-6<\/span><\/strong><\/p>\n<p>\u00bfTe has planteado alguna vez el sentido de tu existencia? \u00bfTe has preguntado quiz\u00e1s por qu\u00e9 es aparentemente tan dif\u00edcil ser feliz?<\/p>\n<p>Las respuestas a estas y otras tantas preguntas, consideradas vitales, se encuentran en tu interior. Posees un alma muy sabia con la que puedes conectar a trav\u00e9s del sentimiento, que no a trav\u00e9s de la raz\u00f3n.<\/p>\n<p>Cartas del Alma son una serie de reflexiones escuchadas y sentidas por el autor y compartidas sin haber sido adaptadas ni filtradas por la l\u00f3gica. Constituyen est\u00edmulos para sentir y escucharte si as\u00ed te lo permites.<\/p>\n","protected":false},"featured_media":94670,"comment_status":"closed","ping_status":"open","template":"","meta":{"_acf_changed":false},"libro":[],"product_brand":[],"product_cat":[18],"product_tag":[],"class_list":{"0":"post-94669","1":"product","2":"type-product","3":"status-publish","4":"has-post-thumbnail","6":"product_cat-autoayuda","8":"first","9":"instock","10":"purchasable","11":"product-type-simple"},"acf":{"autor":[73563],"enlace_de_compra":""},"yoast_head":"<!-- This site is optimized with the Yoast SEO plugin v26.6 - https:\/\/yoast.com\/wordpress\/plugins\/seo\/ -->\n<title>Cartas del alma - Catalogo | Letrame Grupo Editorial<\/title>\n<meta name=\"robots\" content=\"index, follow, max-snippet:-1, max-image-preview:large, max-video-preview:-1\" \/>\n<link rel=\"canonical\" href=\"https:\/\/letrame.com\/catalogo\/producto\/cartas-del-alma\/\" \/>\n<meta property=\"og:locale\" content=\"es_ES\" \/>\n<meta property=\"og:type\" content=\"article\" \/>\n<meta property=\"og:title\" content=\"Cartas del alma - Catalogo | Letrame Grupo Editorial\" \/>\n<meta property=\"og:description\" content=\"ISBN: \u00a0978-84-17935-30-6 \u00bfTe has planteado alguna vez el sentido de tu existencia? \u00bfTe has preguntado quiz\u00e1s por qu\u00e9 es aparentemente tan dif\u00edcil ser feliz? Las respuestas a estas y otras tantas preguntas, consideradas vitales, se encuentran en tu interior. Posees un alma muy sabia con la que puedes conectar a trav\u00e9s del sentimiento, que no a trav\u00e9s de la raz\u00f3n. Cartas del Alma son una serie de reflexiones escuchadas y sentidas por el autor y compartidas sin haber sido adaptadas ni filtradas por la l\u00f3gica. Constituyen est\u00edmulos para sentir y escucharte si as\u00ed te lo permites.\" \/>\n<meta property=\"og:url\" content=\"https:\/\/letrame.com\/catalogo\/producto\/cartas-del-alma\/\" \/>\n<meta property=\"og:site_name\" content=\"Catalogo | Letrame Grupo Editorial\" \/>\n<meta property=\"article:modified_time\" content=\"2024-04-18T09:11:53+00:00\" \/>\n<meta property=\"og:image\" content=\"https:\/\/letrame.com\/catalogo\/wp-content\/uploads\/2024\/04\/portada_Cartasdelalma_168mm-compressed-1-scaled-1.jpg\" \/>\n\t<meta property=\"og:image:width\" content=\"1746\" \/>\n\t<meta property=\"og:image:height\" content=\"2560\" \/>\n\t<meta property=\"og:image:type\" content=\"image\/jpeg\" \/>\n<meta name=\"twitter:card\" content=\"summary_large_image\" \/>\n<meta name=\"twitter:label1\" content=\"Tiempo de lectura\" \/>\n\t<meta name=\"twitter:data1\" content=\"1 minuto\" \/>\n<script type=\"application\/ld+json\" class=\"yoast-schema-graph\">{\"@context\":\"https:\/\/schema.org\",\"@graph\":[{\"@type\":\"WebPage\",\"@id\":\"https:\/\/letrame.com\/catalogo\/producto\/cartas-del-alma\/\",\"url\":\"https:\/\/letrame.com\/catalogo\/producto\/cartas-del-alma\/\",\"name\":\"Cartas del alma - Catalogo | Letrame Grupo Editorial\",\"isPartOf\":{\"@id\":\"https:\/\/letrame.com\/catalogo\/#website\"},\"primaryImageOfPage\":{\"@id\":\"https:\/\/letrame.com\/catalogo\/producto\/cartas-del-alma\/#primaryimage\"},\"image\":{\"@id\":\"https:\/\/letrame.com\/catalogo\/producto\/cartas-del-alma\/#primaryimage\"},\"thumbnailUrl\":\"https:\/\/letrame.com\/catalogo\/wp-content\/uploads\/2024\/04\/portada_Cartasdelalma_168mm-compressed-1-scaled-1.jpg\",\"datePublished\":\"2024-04-18T09:11:25+00:00\",\"dateModified\":\"2024-04-18T09:11:53+00:00\",\"breadcrumb\":{\"@id\":\"https:\/\/letrame.com\/catalogo\/producto\/cartas-del-alma\/#breadcrumb\"},\"inLanguage\":\"es\",\"potentialAction\":[{\"@type\":\"ReadAction\",\"target\":[\"https:\/\/letrame.com\/catalogo\/producto\/cartas-del-alma\/\"]}]},{\"@type\":\"ImageObject\",\"inLanguage\":\"es\",\"@id\":\"https:\/\/letrame.com\/catalogo\/producto\/cartas-del-alma\/#primaryimage\",\"url\":\"https:\/\/letrame.com\/catalogo\/wp-content\/uploads\/2024\/04\/portada_Cartasdelalma_168mm-compressed-1-scaled-1.jpg\",\"contentUrl\":\"https:\/\/letrame.com\/catalogo\/wp-content\/uploads\/2024\/04\/portada_Cartasdelalma_168mm-compressed-1-scaled-1.jpg\",\"width\":1746,\"height\":2560},{\"@type\":\"BreadcrumbList\",\"@id\":\"https:\/\/letrame.com\/catalogo\/producto\/cartas-del-alma\/#breadcrumb\",\"itemListElement\":[{\"@type\":\"ListItem\",\"position\":1,\"name\":\"Portada\",\"item\":\"https:\/\/letrame.com\/catalogo\/\"},{\"@type\":\"ListItem\",\"position\":2,\"name\":\"Cat\u00e1logo\",\"item\":\"https:\/\/letrame.com\/catalogo\/\"},{\"@type\":\"ListItem\",\"position\":3,\"name\":\"Cartas del alma\"}]},{\"@type\":\"WebSite\",\"@id\":\"https:\/\/letrame.com\/catalogo\/#website\",\"url\":\"https:\/\/letrame.com\/catalogo\/\",\"name\":\"Catalogo | Letrame Grupo Editorial\",\"description\":\"\",\"publisher\":{\"@id\":\"https:\/\/letrame.com\/catalogo\/#organization\"},\"potentialAction\":[{\"@type\":\"SearchAction\",\"target\":{\"@type\":\"EntryPoint\",\"urlTemplate\":\"https:\/\/letrame.com\/catalogo\/?s={search_term_string}\"},\"query-input\":{\"@type\":\"PropertyValueSpecification\",\"valueRequired\":true,\"valueName\":\"search_term_string\"}}],\"inLanguage\":\"es\"},{\"@type\":\"Organization\",\"@id\":\"https:\/\/letrame.com\/catalogo\/#organization\",\"name\":\"Catalogo | Letrame Grupo Editorial\",\"url\":\"https:\/\/letrame.com\/catalogo\/\",\"logo\":{\"@type\":\"ImageObject\",\"inLanguage\":\"es\",\"@id\":\"https:\/\/letrame.com\/catalogo\/#\/schema\/logo\/image\/\",\"url\":\"https:\/\/letrame.com\/catalogo\/wp-content\/uploads\/2024\/03\/logo2.webp\",\"contentUrl\":\"https:\/\/letrame.com\/catalogo\/wp-content\/uploads\/2024\/03\/logo2.webp\",\"width\":394,\"height\":128,\"caption\":\"Catalogo | Letrame Grupo Editorial\"},\"image\":{\"@id\":\"https:\/\/letrame.com\/catalogo\/#\/schema\/logo\/image\/\"}}]}<\/script>\n<!-- \/ Yoast SEO plugin. -->","yoast_head_json":{"title":"Cartas del alma - Catalogo | Letrame Grupo Editorial","robots":{"index":"index","follow":"follow","max-snippet":"max-snippet:-1","max-image-preview":"max-image-preview:large","max-video-preview":"max-video-preview:-1"},"canonical":"https:\/\/letrame.com\/catalogo\/producto\/cartas-del-alma\/","og_locale":"es_ES","og_type":"article","og_title":"Cartas del alma - Catalogo | Letrame Grupo Editorial","og_description":"ISBN: \u00a0978-84-17935-30-6 \u00bfTe has planteado alguna vez el sentido de tu existencia? \u00bfTe has preguntado quiz\u00e1s por qu\u00e9 es aparentemente tan dif\u00edcil ser feliz? Las respuestas a estas y otras tantas preguntas, consideradas vitales, se encuentran en tu interior. Posees un alma muy sabia con la que puedes conectar a trav\u00e9s del sentimiento, que no a trav\u00e9s de la raz\u00f3n. Cartas del Alma son una serie de reflexiones escuchadas y sentidas por el autor y compartidas sin haber sido adaptadas ni filtradas por la l\u00f3gica. Constituyen est\u00edmulos para sentir y escucharte si as\u00ed te lo permites.","og_url":"https:\/\/letrame.com\/catalogo\/producto\/cartas-del-alma\/","og_site_name":"Catalogo | Letrame Grupo Editorial","article_modified_time":"2024-04-18T09:11:53+00:00","og_image":[{"width":1746,"height":2560,"url":"https:\/\/letrame.com\/catalogo\/wp-content\/uploads\/2024\/04\/portada_Cartasdelalma_168mm-compressed-1-scaled-1.jpg","type":"image\/jpeg"}],"twitter_card":"summary_large_image","twitter_misc":{"Tiempo de lectura":"1 minuto"},"schema":{"@context":"https:\/\/schema.org","@graph":[{"@type":"WebPage","@id":"https:\/\/letrame.com\/catalogo\/producto\/cartas-del-alma\/","url":"https:\/\/letrame.com\/catalogo\/producto\/cartas-del-alma\/","name":"Cartas del alma - Catalogo | Letrame Grupo Editorial","isPartOf":{"@id":"https:\/\/letrame.com\/catalogo\/#website"},"primaryImageOfPage":{"@id":"https:\/\/letrame.com\/catalogo\/producto\/cartas-del-alma\/#primaryimage"},"image":{"@id":"https:\/\/letrame.com\/catalogo\/producto\/cartas-del-alma\/#primaryimage"},"thumbnailUrl":"https:\/\/letrame.com\/catalogo\/wp-content\/uploads\/2024\/04\/portada_Cartasdelalma_168mm-compressed-1-scaled-1.jpg","datePublished":"2024-04-18T09:11:25+00:00","dateModified":"2024-04-18T09:11:53+00:00","breadcrumb":{"@id":"https:\/\/letrame.com\/catalogo\/producto\/cartas-del-alma\/#breadcrumb"},"inLanguage":"es","potentialAction":[{"@type":"ReadAction","target":["https:\/\/letrame.com\/catalogo\/producto\/cartas-del-alma\/"]}]},{"@type":"ImageObject","inLanguage":"es","@id":"https:\/\/letrame.com\/catalogo\/producto\/cartas-del-alma\/#primaryimage","url":"https:\/\/letrame.com\/catalogo\/wp-content\/uploads\/2024\/04\/portada_Cartasdelalma_168mm-compressed-1-scaled-1.jpg","contentUrl":"https:\/\/letrame.com\/catalogo\/wp-content\/uploads\/2024\/04\/portada_Cartasdelalma_168mm-compressed-1-scaled-1.jpg","width":1746,"height":2560},{"@type":"BreadcrumbList","@id":"https:\/\/letrame.com\/catalogo\/producto\/cartas-del-alma\/#breadcrumb","itemListElement":[{"@type":"ListItem","position":1,"name":"Portada","item":"https:\/\/letrame.com\/catalogo\/"},{"@type":"ListItem","position":2,"name":"Cat\u00e1logo","item":"https:\/\/letrame.com\/catalogo\/"},{"@type":"ListItem","position":3,"name":"Cartas del alma"}]},{"@type":"WebSite","@id":"https:\/\/letrame.com\/catalogo\/#website","url":"https:\/\/letrame.com\/catalogo\/","name":"Catalogo | Letrame Grupo Editorial","description":"","publisher":{"@id":"https:\/\/letrame.com\/catalogo\/#organization"},"potentialAction":[{"@type":"SearchAction","target":{"@type":"EntryPoint","urlTemplate":"https:\/\/letrame.com\/catalogo\/?s={search_term_string}"},"query-input":{"@type":"PropertyValueSpecification","valueRequired":true,"valueName":"search_term_string"}}],"inLanguage":"es"},{"@type":"Organization","@id":"https:\/\/letrame.com\/catalogo\/#organization","name":"Catalogo | Letrame Grupo Editorial","url":"https:\/\/letrame.com\/catalogo\/","logo":{"@type":"ImageObject","inLanguage":"es","@id":"https:\/\/letrame.com\/catalogo\/#\/schema\/logo\/image\/","url":"https:\/\/letrame.com\/catalogo\/wp-content\/uploads\/2024\/03\/logo2.webp","contentUrl":"https:\/\/letrame.com\/catalogo\/wp-content\/uploads\/2024\/03\/logo2.webp","width":394,"height":128,"caption":"Catalogo | Letrame Grupo Editorial"},"image":{"@id":"https:\/\/letrame.com\/catalogo\/#\/schema\/logo\/image\/"}}]}},"_links":{"self":[{"href":"https:\/\/letrame.com\/catalogo\/wp-json\/wp\/v2\/product\/94669","targetHints":{"allow":["GET"]}}],"collection":[{"href":"https:\/\/letrame.com\/catalogo\/wp-json\/wp\/v2\/product"}],"about":[{"href":"https:\/\/letrame.com\/catalogo\/wp-json\/wp\/v2\/types\/product"}],"replies":[{"embeddable":true,"href":"https:\/\/letrame.com\/catalogo\/wp-json\/wp\/v2\/comments?post=94669"}],"acf:post":[{"embeddable":true,"href":"https:\/\/letrame.com\/catalogo\/wp-json\/wp\/v2\/author_book\/73563"}],"wp:featuredmedia":[{"embeddable":true,"href":"https:\/\/letrame.com\/catalogo\/wp-json\/wp\/v2\/media\/94670"}],"wp:attachment":[{"href":"https:\/\/letrame.com\/catalogo\/wp-json\/wp\/v2\/media?parent=94669"}],"wp:term":[{"taxonomy":"libro","embeddable":true,"href":"https:\/\/letrame.com\/catalogo\/wp-json\/wp\/v2\/libro?post=94669"},{"taxonomy":"product_brand","embeddable":true,"href":"https:\/\/letrame.com\/catalogo\/wp-json\/wp\/v2\/product_brand?post=94669"},{"taxonomy":"product_cat","embeddable":true,"href":"https:\/\/letrame.com\/catalogo\/wp-json\/wp\/v2\/product_cat?post=94669"},{"taxonomy":"product_tag","embeddable":true,"href":"https:\/\/letrame.com\/catalogo\/wp-json\/wp\/v2\/product_tag?post=94669"}],"curies":[{"name":"wp","href":"https:\/\/api.w.org\/{rel}","templated":true}]}}