{"id":94656,"date":"2024-04-18T11:10:26","date_gmt":"2024-04-18T09:10:26","guid":{"rendered":"https:\/\/letrame.com\/catalogo\/producto\/el-vestido-rojo-de-yohana-y-otros-cuentos\/"},"modified":"2024-04-18T11:10:26","modified_gmt":"2024-04-18T09:10:26","slug":"el-vestido-rojo-de-yohana-y-otros-cuentos","status":"publish","type":"product","link":"https:\/\/letrame.com\/catalogo\/producto\/el-vestido-rojo-de-yohana-y-otros-cuentos\/","title":{"rendered":"El vestido rojo de Yohana y otros cuentos"},"content":{"rendered":"<p><strong>ISBN<\/strong>: &nbsp;<span class=\"sku\">978-84-17864-27-9<\/span><br \/>\n<strong>T\u00edtulo<\/strong>: El vestido rojo de Yohana y otros cuentos<br \/>\n<strong>Fecha<\/strong>: 2019<br \/>\n<strong>P\u00e1ginas<\/strong>: 80<\/p>\n<p>&nbsp;<\/p>\n<p><strong>SINOPSIS<\/strong><\/p>\n<section>\n<div class=\"about-this-book\">\n<div class=\"container\">\n<div class=\"right-detail shop-detail1 pull-right col-md-8 col-sm-8 col-xs-12\">\n<div id=\"editionnal-reviews\" class=\"book-desc-detail\"><span class=\"detail-desc box-detail-desc\">Este libro de relatos, apreciado lector o lectora, es como un barrio cualquiera de su ciudad: aqu\u00ed conviven la due\u00f1a de la mercer\u00eda, el cura de la parroquia, un perrito marginado, una colegiala en peligro, un paciente del hospital psiqui\u00e1trico, extra\u00f1as parejas, visitantes de otros mundos, maltratadores y alg\u00fan que otro asesino (seguro que tambi\u00e9n hay uno en su barrio). Pero no se preocupe: solo saldr\u00e1n cuando usted quiera y si sigue leyendo un poco m\u00e1s all\u00e1 de esta contraportada. Ci\u00e9rrelo bien al terminar.<\/span><\/div>\n<div id=\"clear-scroll\" class=\"clearfix\"><\/div>\n<\/div>\n<\/div>\n<\/div>\n<\/section>\n<div class=\"feature-section feature-option2\">\n<div class=\"container\">\n<div class=\"related products\">\n<div class=\"title-box\"><\/div>\n<\/div>\n<\/div>\n<\/div>\n","protected":false},"excerpt":{"rendered":"<p><strong>ISBN: 978-84-17864-27-9<\/strong><\/p>\n<p>Este libro de relatos, apreciado lector o lectora, es como un barrio cualquiera de su ciudad: aqu\u00ed conviven la due\u00f1a de la mercer\u00eda, el cura de la parroquia, un perrito marginado, una colegiala en peligro, un paciente del hospital psiqui\u00e1trico, extra\u00f1as parejas, visitantes de otros mundos, maltratadores y alg\u00fan que otro asesino (seguro que tambi\u00e9n hay uno en su barrio). Pero no se preocupe: solo saldr\u00e1n cuando usted quiera y si sigue leyendo un poco m\u00e1s all\u00e1 de esta contraportada. Ci\u00e9rrelo bien al terminar.<\/p>\n","protected":false},"featured_media":94657,"comment_status":"closed","ping_status":"open","template":"","meta":{"_acf_changed":false},"libro":[],"product_brand":[],"product_cat":[21],"product_tag":[],"class_list":{"0":"post-94656","1":"product","2":"type-product","3":"status-publish","4":"has-post-thumbnail","6":"product_cat-relato","8":"first","9":"instock","10":"purchasable","11":"product-type-simple"},"acf":{"autor":[73549],"enlace_de_compra":"https:\/\/www.agapea.com\/Susana-Cano-Mendez\/El-vestido-rojo-de-Yohana-y-otros-cuentos-9788417864279-i.htm"},"yoast_head":"<!-- This site is optimized with the Yoast SEO plugin v27.4 - https:\/\/yoast.com\/product\/yoast-seo-wordpress\/ -->\n<title>El vestido rojo de Yohana y otros cuentos - Catalogo | Letrame Grupo Editorial<\/title>\n<meta name=\"robots\" content=\"index, follow, max-snippet:-1, max-image-preview:large, max-video-preview:-1\" \/>\n<link rel=\"canonical\" href=\"https:\/\/letrame.com\/catalogo\/producto\/el-vestido-rojo-de-yohana-y-otros-cuentos\/\" \/>\n<meta property=\"og:locale\" content=\"es_ES\" \/>\n<meta property=\"og:type\" content=\"article\" \/>\n<meta property=\"og:title\" content=\"El vestido rojo de Yohana y otros cuentos - Catalogo | Letrame Grupo Editorial\" \/>\n<meta property=\"og:description\" content=\"ISBN: 978-84-17864-27-9 Este libro de relatos, apreciado lector o lectora, es como un barrio cualquiera de su ciudad: aqu\u00ed conviven la due\u00f1a de la mercer\u00eda, el cura de la parroquia, un perrito marginado, una colegiala en peligro, un paciente del hospital psiqui\u00e1trico, extra\u00f1as parejas, visitantes de otros mundos, maltratadores y alg\u00fan que otro asesino (seguro que tambi\u00e9n hay uno en su barrio). Pero no se preocupe: solo saldr\u00e1n cuando usted quiera y si sigue leyendo un poco m\u00e1s all\u00e1 de esta contraportada. Ci\u00e9rrelo bien al terminar.\" \/>\n<meta property=\"og:url\" content=\"https:\/\/letrame.com\/catalogo\/producto\/el-vestido-rojo-de-yohana-y-otros-cuentos\/\" \/>\n<meta property=\"og:site_name\" content=\"Catalogo | Letrame Grupo Editorial\" \/>\n<meta property=\"og:image\" content=\"https:\/\/letrame.com\/catalogo\/wp-content\/uploads\/2024\/04\/Portada-compressed-71-scaled-1.jpg\" \/>\n\t<meta property=\"og:image:width\" content=\"736\" \/>\n\t<meta property=\"og:image:height\" content=\"1080\" \/>\n\t<meta property=\"og:image:type\" content=\"image\/jpeg\" \/>\n<meta name=\"twitter:card\" content=\"summary_large_image\" \/>\n<meta name=\"twitter:label1\" content=\"Tiempo de lectura\" \/>\n\t<meta name=\"twitter:data1\" content=\"1 minuto\" \/>\n<script type=\"application\/ld+json\" class=\"yoast-schema-graph\">{\"@context\":\"https:\\\/\\\/schema.org\",\"@graph\":[{\"@type\":\"WebPage\",\"@id\":\"https:\\\/\\\/letrame.com\\\/catalogo\\\/producto\\\/el-vestido-rojo-de-yohana-y-otros-cuentos\\\/\",\"url\":\"https:\\\/\\\/letrame.com\\\/catalogo\\\/producto\\\/el-vestido-rojo-de-yohana-y-otros-cuentos\\\/\",\"name\":\"El vestido rojo de Yohana y otros cuentos - Catalogo | Letrame Grupo Editorial\",\"isPartOf\":{\"@id\":\"https:\\\/\\\/letrame.com\\\/catalogo\\\/#website\"},\"primaryImageOfPage\":{\"@id\":\"https:\\\/\\\/letrame.com\\\/catalogo\\\/producto\\\/el-vestido-rojo-de-yohana-y-otros-cuentos\\\/#primaryimage\"},\"image\":{\"@id\":\"https:\\\/\\\/letrame.com\\\/catalogo\\\/producto\\\/el-vestido-rojo-de-yohana-y-otros-cuentos\\\/#primaryimage\"},\"thumbnailUrl\":\"https:\\\/\\\/letrame.com\\\/catalogo\\\/wp-content\\\/uploads\\\/2024\\\/04\\\/Portada-compressed-71-scaled-1.jpg\",\"datePublished\":\"2024-04-18T09:10:26+00:00\",\"breadcrumb\":{\"@id\":\"https:\\\/\\\/letrame.com\\\/catalogo\\\/producto\\\/el-vestido-rojo-de-yohana-y-otros-cuentos\\\/#breadcrumb\"},\"inLanguage\":\"es\",\"potentialAction\":[{\"@type\":\"ReadAction\",\"target\":[\"https:\\\/\\\/letrame.com\\\/catalogo\\\/producto\\\/el-vestido-rojo-de-yohana-y-otros-cuentos\\\/\"]}]},{\"@type\":\"ImageObject\",\"inLanguage\":\"es\",\"@id\":\"https:\\\/\\\/letrame.com\\\/catalogo\\\/producto\\\/el-vestido-rojo-de-yohana-y-otros-cuentos\\\/#primaryimage\",\"url\":\"https:\\\/\\\/letrame.com\\\/catalogo\\\/wp-content\\\/uploads\\\/2024\\\/04\\\/Portada-compressed-71-scaled-1.jpg\",\"contentUrl\":\"https:\\\/\\\/letrame.com\\\/catalogo\\\/wp-content\\\/uploads\\\/2024\\\/04\\\/Portada-compressed-71-scaled-1.jpg\",\"width\":736,\"height\":1080},{\"@type\":\"BreadcrumbList\",\"@id\":\"https:\\\/\\\/letrame.com\\\/catalogo\\\/producto\\\/el-vestido-rojo-de-yohana-y-otros-cuentos\\\/#breadcrumb\",\"itemListElement\":[{\"@type\":\"ListItem\",\"position\":1,\"name\":\"Portada\",\"item\":\"https:\\\/\\\/letrame.com\\\/catalogo\\\/\"},{\"@type\":\"ListItem\",\"position\":2,\"name\":\"Cat\u00e1logo\",\"item\":\"https:\\\/\\\/letrame.com\\\/catalogo\\\/\"},{\"@type\":\"ListItem\",\"position\":3,\"name\":\"El vestido rojo de Yohana y otros cuentos\"}]},{\"@type\":\"WebSite\",\"@id\":\"https:\\\/\\\/letrame.com\\\/catalogo\\\/#website\",\"url\":\"https:\\\/\\\/letrame.com\\\/catalogo\\\/\",\"name\":\"Catalogo | Letrame Grupo Editorial\",\"description\":\"\",\"publisher\":{\"@id\":\"https:\\\/\\\/letrame.com\\\/catalogo\\\/#organization\"},\"potentialAction\":[{\"@type\":\"SearchAction\",\"target\":{\"@type\":\"EntryPoint\",\"urlTemplate\":\"https:\\\/\\\/letrame.com\\\/catalogo\\\/?s={search_term_string}\"},\"query-input\":{\"@type\":\"PropertyValueSpecification\",\"valueRequired\":true,\"valueName\":\"search_term_string\"}}],\"inLanguage\":\"es\"},{\"@type\":\"Organization\",\"@id\":\"https:\\\/\\\/letrame.com\\\/catalogo\\\/#organization\",\"name\":\"Catalogo | Letrame Grupo Editorial\",\"url\":\"https:\\\/\\\/letrame.com\\\/catalogo\\\/\",\"logo\":{\"@type\":\"ImageObject\",\"inLanguage\":\"es\",\"@id\":\"https:\\\/\\\/letrame.com\\\/catalogo\\\/#\\\/schema\\\/logo\\\/image\\\/\",\"url\":\"https:\\\/\\\/letrame.com\\\/catalogo\\\/wp-content\\\/uploads\\\/2024\\\/03\\\/logo2.webp\",\"contentUrl\":\"https:\\\/\\\/letrame.com\\\/catalogo\\\/wp-content\\\/uploads\\\/2024\\\/03\\\/logo2.webp\",\"width\":394,\"height\":128,\"caption\":\"Catalogo | Letrame Grupo Editorial\"},\"image\":{\"@id\":\"https:\\\/\\\/letrame.com\\\/catalogo\\\/#\\\/schema\\\/logo\\\/image\\\/\"}}]}<\/script>\n<!-- \/ Yoast SEO plugin. -->","yoast_head_json":{"title":"El vestido rojo de Yohana y otros cuentos - Catalogo | Letrame Grupo Editorial","robots":{"index":"index","follow":"follow","max-snippet":"max-snippet:-1","max-image-preview":"max-image-preview:large","max-video-preview":"max-video-preview:-1"},"canonical":"https:\/\/letrame.com\/catalogo\/producto\/el-vestido-rojo-de-yohana-y-otros-cuentos\/","og_locale":"es_ES","og_type":"article","og_title":"El vestido rojo de Yohana y otros cuentos - Catalogo | Letrame Grupo Editorial","og_description":"ISBN: 978-84-17864-27-9 Este libro de relatos, apreciado lector o lectora, es como un barrio cualquiera de su ciudad: aqu\u00ed conviven la due\u00f1a de la mercer\u00eda, el cura de la parroquia, un perrito marginado, una colegiala en peligro, un paciente del hospital psiqui\u00e1trico, extra\u00f1as parejas, visitantes de otros mundos, maltratadores y alg\u00fan que otro asesino (seguro que tambi\u00e9n hay uno en su barrio). Pero no se preocupe: solo saldr\u00e1n cuando usted quiera y si sigue leyendo un poco m\u00e1s all\u00e1 de esta contraportada. Ci\u00e9rrelo bien al terminar.","og_url":"https:\/\/letrame.com\/catalogo\/producto\/el-vestido-rojo-de-yohana-y-otros-cuentos\/","og_site_name":"Catalogo | Letrame Grupo Editorial","og_image":[{"width":736,"height":1080,"url":"https:\/\/letrame.com\/catalogo\/wp-content\/uploads\/2024\/04\/Portada-compressed-71-scaled-1.jpg","type":"image\/jpeg"}],"twitter_card":"summary_large_image","twitter_misc":{"Tiempo de lectura":"1 minuto"},"schema":{"@context":"https:\/\/schema.org","@graph":[{"@type":"WebPage","@id":"https:\/\/letrame.com\/catalogo\/producto\/el-vestido-rojo-de-yohana-y-otros-cuentos\/","url":"https:\/\/letrame.com\/catalogo\/producto\/el-vestido-rojo-de-yohana-y-otros-cuentos\/","name":"El vestido rojo de Yohana y otros cuentos - Catalogo | Letrame Grupo Editorial","isPartOf":{"@id":"https:\/\/letrame.com\/catalogo\/#website"},"primaryImageOfPage":{"@id":"https:\/\/letrame.com\/catalogo\/producto\/el-vestido-rojo-de-yohana-y-otros-cuentos\/#primaryimage"},"image":{"@id":"https:\/\/letrame.com\/catalogo\/producto\/el-vestido-rojo-de-yohana-y-otros-cuentos\/#primaryimage"},"thumbnailUrl":"https:\/\/letrame.com\/catalogo\/wp-content\/uploads\/2024\/04\/Portada-compressed-71-scaled-1.jpg","datePublished":"2024-04-18T09:10:26+00:00","breadcrumb":{"@id":"https:\/\/letrame.com\/catalogo\/producto\/el-vestido-rojo-de-yohana-y-otros-cuentos\/#breadcrumb"},"inLanguage":"es","potentialAction":[{"@type":"ReadAction","target":["https:\/\/letrame.com\/catalogo\/producto\/el-vestido-rojo-de-yohana-y-otros-cuentos\/"]}]},{"@type":"ImageObject","inLanguage":"es","@id":"https:\/\/letrame.com\/catalogo\/producto\/el-vestido-rojo-de-yohana-y-otros-cuentos\/#primaryimage","url":"https:\/\/letrame.com\/catalogo\/wp-content\/uploads\/2024\/04\/Portada-compressed-71-scaled-1.jpg","contentUrl":"https:\/\/letrame.com\/catalogo\/wp-content\/uploads\/2024\/04\/Portada-compressed-71-scaled-1.jpg","width":736,"height":1080},{"@type":"BreadcrumbList","@id":"https:\/\/letrame.com\/catalogo\/producto\/el-vestido-rojo-de-yohana-y-otros-cuentos\/#breadcrumb","itemListElement":[{"@type":"ListItem","position":1,"name":"Portada","item":"https:\/\/letrame.com\/catalogo\/"},{"@type":"ListItem","position":2,"name":"Cat\u00e1logo","item":"https:\/\/letrame.com\/catalogo\/"},{"@type":"ListItem","position":3,"name":"El vestido rojo de Yohana y otros cuentos"}]},{"@type":"WebSite","@id":"https:\/\/letrame.com\/catalogo\/#website","url":"https:\/\/letrame.com\/catalogo\/","name":"Catalogo | Letrame Grupo Editorial","description":"","publisher":{"@id":"https:\/\/letrame.com\/catalogo\/#organization"},"potentialAction":[{"@type":"SearchAction","target":{"@type":"EntryPoint","urlTemplate":"https:\/\/letrame.com\/catalogo\/?s={search_term_string}"},"query-input":{"@type":"PropertyValueSpecification","valueRequired":true,"valueName":"search_term_string"}}],"inLanguage":"es"},{"@type":"Organization","@id":"https:\/\/letrame.com\/catalogo\/#organization","name":"Catalogo | Letrame Grupo Editorial","url":"https:\/\/letrame.com\/catalogo\/","logo":{"@type":"ImageObject","inLanguage":"es","@id":"https:\/\/letrame.com\/catalogo\/#\/schema\/logo\/image\/","url":"https:\/\/letrame.com\/catalogo\/wp-content\/uploads\/2024\/03\/logo2.webp","contentUrl":"https:\/\/letrame.com\/catalogo\/wp-content\/uploads\/2024\/03\/logo2.webp","width":394,"height":128,"caption":"Catalogo | Letrame Grupo Editorial"},"image":{"@id":"https:\/\/letrame.com\/catalogo\/#\/schema\/logo\/image\/"}}]}},"_links":{"self":[{"href":"https:\/\/letrame.com\/catalogo\/wp-json\/wp\/v2\/product\/94656","targetHints":{"allow":["GET"]}}],"collection":[{"href":"https:\/\/letrame.com\/catalogo\/wp-json\/wp\/v2\/product"}],"about":[{"href":"https:\/\/letrame.com\/catalogo\/wp-json\/wp\/v2\/types\/product"}],"replies":[{"embeddable":true,"href":"https:\/\/letrame.com\/catalogo\/wp-json\/wp\/v2\/comments?post=94656"}],"acf:post":[{"embeddable":true,"href":"https:\/\/letrame.com\/catalogo\/wp-json\/wp\/v2\/author_book\/73549"}],"wp:featuredmedia":[{"embeddable":true,"href":"https:\/\/letrame.com\/catalogo\/wp-json\/wp\/v2\/media\/94657"}],"wp:attachment":[{"href":"https:\/\/letrame.com\/catalogo\/wp-json\/wp\/v2\/media?parent=94656"}],"wp:term":[{"taxonomy":"libro","embeddable":true,"href":"https:\/\/letrame.com\/catalogo\/wp-json\/wp\/v2\/libro?post=94656"},{"taxonomy":"product_brand","embeddable":true,"href":"https:\/\/letrame.com\/catalogo\/wp-json\/wp\/v2\/product_brand?post=94656"},{"taxonomy":"product_cat","embeddable":true,"href":"https:\/\/letrame.com\/catalogo\/wp-json\/wp\/v2\/product_cat?post=94656"},{"taxonomy":"product_tag","embeddable":true,"href":"https:\/\/letrame.com\/catalogo\/wp-json\/wp\/v2\/product_tag?post=94656"}],"curies":[{"name":"wp","href":"https:\/\/api.w.org\/{rel}","templated":true}]}}