{"id":94648,"date":"2024-04-18T11:09:20","date_gmt":"2024-04-18T09:09:20","guid":{"rendered":"https:\/\/letrame.com\/catalogo\/producto\/el-amor-es-la-luz-que-ilumina-mi-camino\/"},"modified":"2024-04-18T11:09:33","modified_gmt":"2024-04-18T09:09:33","slug":"el-amor-es-la-luz-que-ilumina-mi-camino","status":"publish","type":"product","link":"https:\/\/letrame.com\/catalogo\/producto\/el-amor-es-la-luz-que-ilumina-mi-camino\/","title":{"rendered":"El amor es la luz que ilumina mi camino"},"content":{"rendered":"<p><strong>ISBN<\/strong>: &nbsp;<span class=\"sku\">978-84-17897-08-6<\/span><br \/>\n<strong>T\u00edtulo<\/strong>: El amor es la luz que ilumina mi camino<br \/>\n<strong>Fecha<\/strong>: 2019<br \/>\n<strong>P\u00e1ginas<\/strong>: 332<\/p>\n<p>&nbsp;<\/p>\n<p><strong>SINOPSIS<\/strong><\/p>\n<section>\n<div class=\"about-this-book\">\n<div class=\"container\">\n<div class=\"right-detail shop-detail1 pull-right col-md-8 col-sm-8 col-xs-12\">\n<div id=\"editionnal-reviews\" class=\"book-desc-detail\"><span class=\"detail-desc box-detail-desc\">CON 3 EDICIONES AGOTADAS Y DESPUES DE 24 A\u00d1OS TIENES YA EN TUS MANOS LA 4\u00aa EDICION Despu\u00e9s de mi primer libro, La Fuerza del Amor, el Idioma del Cielo, el cual consider\u00e9 un aperitivo, paso ahora a ofreceros un plato m\u00e1s fuerte, rico y sabroso a nivel espiritual. En \u00e9l, explico, como en el anterior libro y de una manera sencilla y amena, entre otras cosas: C\u00f3mo dominar el cuerpo y mundo de las emociones. C\u00f3mo realizar un viaje astral sin peligro. C\u00f3mo defenderse de los ataques a nivel f\u00edsico, ps\u00edquico, mental y espiritual. C\u00f3mo despertar y utilizar el poder de la mente y del esp\u00edritu. C\u00f3mo limpiar el aura de los cuerpos m\u00e1s sutiles que todos los seres tenemos. Mis experiencias en los viajes astrales y mentales, as\u00ed como con el cuerpo f\u00edsico. Mi amistad con Sixto Paz. C\u00f3mo despertar y desarrollar la kundalini sin peligro. Qu\u00e9 es el libro o registro ak\u00e1shico, donde existen tambi\u00e9n mundos paralelos y al mismo tiempo qui\u00e9nes pueden visitarlo. Experiencia con mi alma gemela, as\u00ed tambi\u00e9n como con El Maestro Cristo Jes\u00fas. Y finalmente, entre otras cosas, la curaci\u00f3n por medio del poder de la mente. Como novedad, a\u00f1adido en esta nueva edici\u00f3n: Mi reencuentro con Sixto Paz, en Per\u00fa. Mi amistad con el maravilloso Enrique Barrios y para finalizar con broche de oro, he puesto el \u00faltimo comunicado despu\u00e9s de 33 a\u00f1os de haber recibido el primero, y como algo especial, os hablo sobre la Reencarnaci\u00f3n. La finalidad del libro es que sep\u00e1is y conozc\u00e1is cu\u00e1les son los \u00absecretos\u00bb para obtener en vuestra vida todo aquello que os propong\u00e1is, siempre con la SUPREMA LUZ DIVINA DEL CREADOR y con el poder de su MENTE.<\/span><\/div>\n<div id=\"clear-scroll\" class=\"clearfix\"><\/div>\n<\/div>\n<\/div>\n<\/div>\n<\/section>\n<div class=\"feature-section feature-option2\">\n<div class=\"container\">\n<div class=\"related products\">\n<div class=\"title-box\"><\/div>\n<\/div>\n<\/div>\n<\/div>\n","protected":false},"excerpt":{"rendered":"<p><strong>ISBN: 978-84-17897-08-6<\/strong><\/p>\n<p>Despu\u00e9s de mi primer libro, <em>La Fuerza del Amor, el Idioma del Cielo<\/em>, el cual consider\u00e9 un aperitivo, paso ahora a ofreceros un plato m\u00e1s fuerte, rico y sabroso a nivel espiritual.<\/p>\n<p>En \u00e9l, explico, como en el anterior libro y de una manera sencilla y amena, entre otras cosas: C\u00f3mo dominar el cuerpo y mundo de las emociones. C\u00f3mo realizar un viaje astral sin peligro. C\u00f3mo defenderse de los ataques a nivel f\u00edsico, ps\u00edquico, mental y espiritual. C\u00f3mo despertar y utilizar el poder de la mente y del esp\u00edritu. C\u00f3mo limpiar el aura de los cuerpos m\u00e1s sutiles que todos los seres tenemos.<\/p>\n","protected":false},"featured_media":94649,"comment_status":"closed","ping_status":"open","template":"","meta":{"_acf_changed":false},"libro":[],"product_brand":[],"product_cat":[25],"product_tag":[],"class_list":{"0":"post-94648","1":"product","2":"type-product","3":"status-publish","4":"has-post-thumbnail","6":"product_cat-religion-y-espiritualidad","8":"first","9":"instock","10":"purchasable","11":"product-type-simple"},"acf":{"autor":[72857],"enlace_de_compra":"https:\/\/www.amazon.es\/amor-luz-ilumina-camino-Espiritual\/dp\/8417897089\/ref=sr_1_fkmrnull_1?__mk_es_ES=%C3%85M%C3%85%C5%BD%C3%95%C3%91&amp&keywords=el+amor+es+la+luz+que+ilumina+mi+camino+letrame&amp&qid=1557568265&amp&s=gateway&amp&sr=8-1-fkmrnull"},"yoast_head":"<!-- This site is optimized with the Yoast SEO plugin v26.6 - https:\/\/yoast.com\/wordpress\/plugins\/seo\/ -->\n<title>El amor es la luz que ilumina mi camino - Catalogo | Letrame Grupo Editorial<\/title>\n<meta name=\"robots\" content=\"index, follow, max-snippet:-1, max-image-preview:large, max-video-preview:-1\" \/>\n<link rel=\"canonical\" href=\"https:\/\/letrame.com\/catalogo\/producto\/el-amor-es-la-luz-que-ilumina-mi-camino\/\" \/>\n<meta property=\"og:locale\" content=\"es_ES\" \/>\n<meta property=\"og:type\" content=\"article\" \/>\n<meta property=\"og:title\" content=\"El amor es la luz que ilumina mi camino - Catalogo | Letrame Grupo Editorial\" \/>\n<meta property=\"og:description\" content=\"ISBN: 978-84-17897-08-6 Despu\u00e9s de mi primer libro, La Fuerza del Amor, el Idioma del Cielo, el cual consider\u00e9 un aperitivo, paso ahora a ofreceros un plato m\u00e1s fuerte, rico y sabroso a nivel espiritual. En \u00e9l, explico, como en el anterior libro y de una manera sencilla y amena, entre otras cosas: C\u00f3mo dominar el cuerpo y mundo de las emociones. C\u00f3mo realizar un viaje astral sin peligro. C\u00f3mo defenderse de los ataques a nivel f\u00edsico, ps\u00edquico, mental y espiritual. C\u00f3mo despertar y utilizar el poder de la mente y del esp\u00edritu. C\u00f3mo limpiar el aura de los cuerpos m\u00e1s sutiles que todos los seres tenemos.\" \/>\n<meta property=\"og:url\" content=\"https:\/\/letrame.com\/catalogo\/producto\/el-amor-es-la-luz-que-ilumina-mi-camino\/\" \/>\n<meta property=\"og:site_name\" content=\"Catalogo | Letrame Grupo Editorial\" \/>\n<meta property=\"article:modified_time\" content=\"2024-04-18T09:09:33+00:00\" \/>\n<meta property=\"og:image\" content=\"https:\/\/letrame.com\/catalogo\/wp-content\/uploads\/2024\/04\/portada_elamoreslaluz_183mm-compressed-scaled-1.jpg\" \/>\n\t<meta property=\"og:image:width\" content=\"1746\" \/>\n\t<meta property=\"og:image:height\" content=\"2560\" \/>\n\t<meta property=\"og:image:type\" content=\"image\/jpeg\" \/>\n<meta name=\"twitter:card\" content=\"summary_large_image\" \/>\n<meta name=\"twitter:label1\" content=\"Tiempo de lectura\" \/>\n\t<meta name=\"twitter:data1\" content=\"2 minutos\" \/>\n<script type=\"application\/ld+json\" class=\"yoast-schema-graph\">{\"@context\":\"https:\/\/schema.org\",\"@graph\":[{\"@type\":\"WebPage\",\"@id\":\"https:\/\/letrame.com\/catalogo\/producto\/el-amor-es-la-luz-que-ilumina-mi-camino\/\",\"url\":\"https:\/\/letrame.com\/catalogo\/producto\/el-amor-es-la-luz-que-ilumina-mi-camino\/\",\"name\":\"El amor es la luz que ilumina mi camino - Catalogo | Letrame Grupo Editorial\",\"isPartOf\":{\"@id\":\"https:\/\/letrame.com\/catalogo\/#website\"},\"primaryImageOfPage\":{\"@id\":\"https:\/\/letrame.com\/catalogo\/producto\/el-amor-es-la-luz-que-ilumina-mi-camino\/#primaryimage\"},\"image\":{\"@id\":\"https:\/\/letrame.com\/catalogo\/producto\/el-amor-es-la-luz-que-ilumina-mi-camino\/#primaryimage\"},\"thumbnailUrl\":\"https:\/\/letrame.com\/catalogo\/wp-content\/uploads\/2024\/04\/portada_elamoreslaluz_183mm-compressed-scaled-1.jpg\",\"datePublished\":\"2024-04-18T09:09:20+00:00\",\"dateModified\":\"2024-04-18T09:09:33+00:00\",\"breadcrumb\":{\"@id\":\"https:\/\/letrame.com\/catalogo\/producto\/el-amor-es-la-luz-que-ilumina-mi-camino\/#breadcrumb\"},\"inLanguage\":\"es\",\"potentialAction\":[{\"@type\":\"ReadAction\",\"target\":[\"https:\/\/letrame.com\/catalogo\/producto\/el-amor-es-la-luz-que-ilumina-mi-camino\/\"]}]},{\"@type\":\"ImageObject\",\"inLanguage\":\"es\",\"@id\":\"https:\/\/letrame.com\/catalogo\/producto\/el-amor-es-la-luz-que-ilumina-mi-camino\/#primaryimage\",\"url\":\"https:\/\/letrame.com\/catalogo\/wp-content\/uploads\/2024\/04\/portada_elamoreslaluz_183mm-compressed-scaled-1.jpg\",\"contentUrl\":\"https:\/\/letrame.com\/catalogo\/wp-content\/uploads\/2024\/04\/portada_elamoreslaluz_183mm-compressed-scaled-1.jpg\",\"width\":1746,\"height\":2560},{\"@type\":\"BreadcrumbList\",\"@id\":\"https:\/\/letrame.com\/catalogo\/producto\/el-amor-es-la-luz-que-ilumina-mi-camino\/#breadcrumb\",\"itemListElement\":[{\"@type\":\"ListItem\",\"position\":1,\"name\":\"Portada\",\"item\":\"https:\/\/letrame.com\/catalogo\/\"},{\"@type\":\"ListItem\",\"position\":2,\"name\":\"Cat\u00e1logo\",\"item\":\"https:\/\/letrame.com\/catalogo\/\"},{\"@type\":\"ListItem\",\"position\":3,\"name\":\"El amor es la luz que ilumina mi camino\"}]},{\"@type\":\"WebSite\",\"@id\":\"https:\/\/letrame.com\/catalogo\/#website\",\"url\":\"https:\/\/letrame.com\/catalogo\/\",\"name\":\"Catalogo | Letrame Grupo Editorial\",\"description\":\"\",\"publisher\":{\"@id\":\"https:\/\/letrame.com\/catalogo\/#organization\"},\"potentialAction\":[{\"@type\":\"SearchAction\",\"target\":{\"@type\":\"EntryPoint\",\"urlTemplate\":\"https:\/\/letrame.com\/catalogo\/?s={search_term_string}\"},\"query-input\":{\"@type\":\"PropertyValueSpecification\",\"valueRequired\":true,\"valueName\":\"search_term_string\"}}],\"inLanguage\":\"es\"},{\"@type\":\"Organization\",\"@id\":\"https:\/\/letrame.com\/catalogo\/#organization\",\"name\":\"Catalogo | Letrame Grupo Editorial\",\"url\":\"https:\/\/letrame.com\/catalogo\/\",\"logo\":{\"@type\":\"ImageObject\",\"inLanguage\":\"es\",\"@id\":\"https:\/\/letrame.com\/catalogo\/#\/schema\/logo\/image\/\",\"url\":\"https:\/\/letrame.com\/catalogo\/wp-content\/uploads\/2024\/03\/logo2.webp\",\"contentUrl\":\"https:\/\/letrame.com\/catalogo\/wp-content\/uploads\/2024\/03\/logo2.webp\",\"width\":394,\"height\":128,\"caption\":\"Catalogo | Letrame Grupo Editorial\"},\"image\":{\"@id\":\"https:\/\/letrame.com\/catalogo\/#\/schema\/logo\/image\/\"}}]}<\/script>\n<!-- \/ Yoast SEO plugin. -->","yoast_head_json":{"title":"El amor es la luz que ilumina mi camino - Catalogo | Letrame Grupo Editorial","robots":{"index":"index","follow":"follow","max-snippet":"max-snippet:-1","max-image-preview":"max-image-preview:large","max-video-preview":"max-video-preview:-1"},"canonical":"https:\/\/letrame.com\/catalogo\/producto\/el-amor-es-la-luz-que-ilumina-mi-camino\/","og_locale":"es_ES","og_type":"article","og_title":"El amor es la luz que ilumina mi camino - Catalogo | Letrame Grupo Editorial","og_description":"ISBN: 978-84-17897-08-6 Despu\u00e9s de mi primer libro, La Fuerza del Amor, el Idioma del Cielo, el cual consider\u00e9 un aperitivo, paso ahora a ofreceros un plato m\u00e1s fuerte, rico y sabroso a nivel espiritual. En \u00e9l, explico, como en el anterior libro y de una manera sencilla y amena, entre otras cosas: C\u00f3mo dominar el cuerpo y mundo de las emociones. C\u00f3mo realizar un viaje astral sin peligro. C\u00f3mo defenderse de los ataques a nivel f\u00edsico, ps\u00edquico, mental y espiritual. C\u00f3mo despertar y utilizar el poder de la mente y del esp\u00edritu. C\u00f3mo limpiar el aura de los cuerpos m\u00e1s sutiles que todos los seres tenemos.","og_url":"https:\/\/letrame.com\/catalogo\/producto\/el-amor-es-la-luz-que-ilumina-mi-camino\/","og_site_name":"Catalogo | Letrame Grupo Editorial","article_modified_time":"2024-04-18T09:09:33+00:00","og_image":[{"width":1746,"height":2560,"url":"https:\/\/letrame.com\/catalogo\/wp-content\/uploads\/2024\/04\/portada_elamoreslaluz_183mm-compressed-scaled-1.jpg","type":"image\/jpeg"}],"twitter_card":"summary_large_image","twitter_misc":{"Tiempo de lectura":"2 minutos"},"schema":{"@context":"https:\/\/schema.org","@graph":[{"@type":"WebPage","@id":"https:\/\/letrame.com\/catalogo\/producto\/el-amor-es-la-luz-que-ilumina-mi-camino\/","url":"https:\/\/letrame.com\/catalogo\/producto\/el-amor-es-la-luz-que-ilumina-mi-camino\/","name":"El amor es la luz que ilumina mi camino - Catalogo | Letrame Grupo Editorial","isPartOf":{"@id":"https:\/\/letrame.com\/catalogo\/#website"},"primaryImageOfPage":{"@id":"https:\/\/letrame.com\/catalogo\/producto\/el-amor-es-la-luz-que-ilumina-mi-camino\/#primaryimage"},"image":{"@id":"https:\/\/letrame.com\/catalogo\/producto\/el-amor-es-la-luz-que-ilumina-mi-camino\/#primaryimage"},"thumbnailUrl":"https:\/\/letrame.com\/catalogo\/wp-content\/uploads\/2024\/04\/portada_elamoreslaluz_183mm-compressed-scaled-1.jpg","datePublished":"2024-04-18T09:09:20+00:00","dateModified":"2024-04-18T09:09:33+00:00","breadcrumb":{"@id":"https:\/\/letrame.com\/catalogo\/producto\/el-amor-es-la-luz-que-ilumina-mi-camino\/#breadcrumb"},"inLanguage":"es","potentialAction":[{"@type":"ReadAction","target":["https:\/\/letrame.com\/catalogo\/producto\/el-amor-es-la-luz-que-ilumina-mi-camino\/"]}]},{"@type":"ImageObject","inLanguage":"es","@id":"https:\/\/letrame.com\/catalogo\/producto\/el-amor-es-la-luz-que-ilumina-mi-camino\/#primaryimage","url":"https:\/\/letrame.com\/catalogo\/wp-content\/uploads\/2024\/04\/portada_elamoreslaluz_183mm-compressed-scaled-1.jpg","contentUrl":"https:\/\/letrame.com\/catalogo\/wp-content\/uploads\/2024\/04\/portada_elamoreslaluz_183mm-compressed-scaled-1.jpg","width":1746,"height":2560},{"@type":"BreadcrumbList","@id":"https:\/\/letrame.com\/catalogo\/producto\/el-amor-es-la-luz-que-ilumina-mi-camino\/#breadcrumb","itemListElement":[{"@type":"ListItem","position":1,"name":"Portada","item":"https:\/\/letrame.com\/catalogo\/"},{"@type":"ListItem","position":2,"name":"Cat\u00e1logo","item":"https:\/\/letrame.com\/catalogo\/"},{"@type":"ListItem","position":3,"name":"El amor es la luz que ilumina mi camino"}]},{"@type":"WebSite","@id":"https:\/\/letrame.com\/catalogo\/#website","url":"https:\/\/letrame.com\/catalogo\/","name":"Catalogo | Letrame Grupo Editorial","description":"","publisher":{"@id":"https:\/\/letrame.com\/catalogo\/#organization"},"potentialAction":[{"@type":"SearchAction","target":{"@type":"EntryPoint","urlTemplate":"https:\/\/letrame.com\/catalogo\/?s={search_term_string}"},"query-input":{"@type":"PropertyValueSpecification","valueRequired":true,"valueName":"search_term_string"}}],"inLanguage":"es"},{"@type":"Organization","@id":"https:\/\/letrame.com\/catalogo\/#organization","name":"Catalogo | Letrame Grupo Editorial","url":"https:\/\/letrame.com\/catalogo\/","logo":{"@type":"ImageObject","inLanguage":"es","@id":"https:\/\/letrame.com\/catalogo\/#\/schema\/logo\/image\/","url":"https:\/\/letrame.com\/catalogo\/wp-content\/uploads\/2024\/03\/logo2.webp","contentUrl":"https:\/\/letrame.com\/catalogo\/wp-content\/uploads\/2024\/03\/logo2.webp","width":394,"height":128,"caption":"Catalogo | Letrame Grupo Editorial"},"image":{"@id":"https:\/\/letrame.com\/catalogo\/#\/schema\/logo\/image\/"}}]}},"_links":{"self":[{"href":"https:\/\/letrame.com\/catalogo\/wp-json\/wp\/v2\/product\/94648","targetHints":{"allow":["GET"]}}],"collection":[{"href":"https:\/\/letrame.com\/catalogo\/wp-json\/wp\/v2\/product"}],"about":[{"href":"https:\/\/letrame.com\/catalogo\/wp-json\/wp\/v2\/types\/product"}],"replies":[{"embeddable":true,"href":"https:\/\/letrame.com\/catalogo\/wp-json\/wp\/v2\/comments?post=94648"}],"acf:post":[{"embeddable":true,"href":"https:\/\/letrame.com\/catalogo\/wp-json\/wp\/v2\/author_book\/72857"}],"wp:featuredmedia":[{"embeddable":true,"href":"https:\/\/letrame.com\/catalogo\/wp-json\/wp\/v2\/media\/94649"}],"wp:attachment":[{"href":"https:\/\/letrame.com\/catalogo\/wp-json\/wp\/v2\/media?parent=94648"}],"wp:term":[{"taxonomy":"libro","embeddable":true,"href":"https:\/\/letrame.com\/catalogo\/wp-json\/wp\/v2\/libro?post=94648"},{"taxonomy":"product_brand","embeddable":true,"href":"https:\/\/letrame.com\/catalogo\/wp-json\/wp\/v2\/product_brand?post=94648"},{"taxonomy":"product_cat","embeddable":true,"href":"https:\/\/letrame.com\/catalogo\/wp-json\/wp\/v2\/product_cat?post=94648"},{"taxonomy":"product_tag","embeddable":true,"href":"https:\/\/letrame.com\/catalogo\/wp-json\/wp\/v2\/product_tag?post=94648"}],"curies":[{"name":"wp","href":"https:\/\/api.w.org\/{rel}","templated":true}]}}