{"id":94601,"date":"2024-04-18T11:03:49","date_gmt":"2024-04-18T09:03:49","guid":{"rendered":"https:\/\/letrame.com\/catalogo\/producto\/tareas-aplicadas-de-tiro\/"},"modified":"2024-07-19T11:17:53","modified_gmt":"2024-07-19T09:17:53","slug":"tareas-aplicadas-de-tiro","status":"publish","type":"product","link":"https:\/\/letrame.com\/catalogo\/producto\/tareas-aplicadas-de-tiro\/","title":{"rendered":"Tareas aplicadas de tiro"},"content":{"rendered":"<p><strong>ISBN<\/strong>: 978-84-17779-62-7<br \/>\n<strong>T\u00edtulo<\/strong>: Tareas aplicadas de tiro<br \/>\n<strong>Fecha<\/strong>: 2019<br \/>\n<strong>P\u00e1ginas<\/strong>: 210<\/p>\n<p>&nbsp;<\/p>\n<p><strong>SINOPSIS<\/strong><\/p>\n<section>\n<div class=\"about-this-book\">\n<div class=\"container\">\n<div class=\"right-detail shop-detail1 pull-right col-md-8 col-sm-8 col-xs-12\">\n<div id=\"editionnal-reviews\" class=\"book-desc-detail\"><span class=\"detail-desc box-detail-desc\">En este libro, a trav\u00e9s de 150 ejercicios, se presentan m\u00faltiples tareas aplicadas al tiro en baloncesto donde se trabajan situaciones reales de juego y conceptos t\u00e1cticos como el bloqueo directo, el bloqueo indirecto, el bloqueo ciego, juego en el poste bajo, la ocupaci\u00f3n de espacios, el tiro libre&#8230; Estos ejercicios est\u00e1n desarrollados por parejas, por tr\u00edos, grupo en medio campo, grupo a todo campo y competici\u00f3n. Tambi\u00e9n aportan detalles t\u00e9cnicos para su correcta ejecuci\u00f3n, diferentes variantes que permiten trabajar la condici\u00f3n f\u00edsica e interesantes retos que har\u00e1n que el entrenamiento del tiro sea m\u00e1s divertido, eficaz y f\u00e1cil tanto para los jugadores como para los entrenadores.<\/span><\/div>\n<div id=\"clear-scroll\" class=\"clearfix\"><\/div>\n<\/div>\n<\/div>\n<\/div>\n<\/section>\n<div class=\"feature-section feature-option2\">\n<div class=\"container\">\n<div class=\"related products\">\n<div class=\"title-box\"><\/div>\n<\/div>\n<\/div>\n<\/div>\n","protected":false},"excerpt":{"rendered":"<p><strong>ISBN: 978-84-17779-62-7<\/strong><\/p>\n<p>En este libro, a trav\u00e9s de 150 ejercicios, se presentan m\u00faltiples tareas aplicadas al tiro en baloncesto donde se trabajan situaciones reales de juego y conceptos t\u00e1cticos como el bloqueo directo, el bloqueo indirecto, el bloqueo ciego, juego en el poste bajo, la ocupaci\u00f3n de espacios, el tiro libre&#8230;<\/p>\n","protected":false},"featured_media":94602,"comment_status":"closed","ping_status":"closed","template":"","meta":{"_acf_changed":false},"libro":[],"product_brand":[],"product_cat":[23],"product_tag":[],"class_list":{"0":"post-94601","1":"product","2":"type-product","3":"status-publish","4":"has-post-thumbnail","6":"product_cat-ensayos","8":"first","9":"instock","10":"purchasable","11":"product-type-simple"},"acf":{"autor":[73503,76540],"enlace_de_compra":"https:\/\/www.amazon.es\/Tareas-aplicadas-Investigaci%C3%B3n-Alfredo-Galicia\/dp\/8417779620\/ref=sr_1_fkmrnull_1?__mk_es_ES=%C3%85M%C3%85%C5%BD%C3%95%C3%91&amp&crid=31RCTJVMXJWS8&amp&keywords=tareas+aplicadas+de+tiro&amp&qid=1557241071&amp&s=gateway&amp&sprefix=tareas+aplica%2Caps%2C195&amp&sr=8-1-fkmrnull"},"yoast_head":"<!-- This site is optimized with the Yoast SEO plugin v26.6 - https:\/\/yoast.com\/wordpress\/plugins\/seo\/ -->\n<title>Tareas aplicadas de tiro - Catalogo | Letrame Grupo Editorial<\/title>\n<meta name=\"robots\" content=\"index, follow, max-snippet:-1, max-image-preview:large, max-video-preview:-1\" \/>\n<link rel=\"canonical\" href=\"https:\/\/letrame.com\/catalogo\/producto\/tareas-aplicadas-de-tiro\/\" \/>\n<meta property=\"og:locale\" content=\"es_ES\" \/>\n<meta property=\"og:type\" content=\"article\" \/>\n<meta property=\"og:title\" content=\"Tareas aplicadas de tiro - Catalogo | Letrame Grupo Editorial\" \/>\n<meta property=\"og:description\" content=\"ISBN: 978-84-17779-62-7  En este libro, a trav\u00e9s de 150 ejercicios, se presentan m\u00faltiples tareas aplicadas al tiro en baloncesto donde se trabajan situaciones reales de juego y conceptos t\u00e1cticos como el bloqueo directo, el bloqueo indirecto, el bloqueo ciego, juego en el poste bajo, la ocupaci\u00f3n de espacios, el tiro libre...\" \/>\n<meta property=\"og:url\" content=\"https:\/\/letrame.com\/catalogo\/producto\/tareas-aplicadas-de-tiro\/\" \/>\n<meta property=\"og:site_name\" content=\"Catalogo | Letrame Grupo Editorial\" \/>\n<meta property=\"article:modified_time\" content=\"2024-07-19T09:17:53+00:00\" \/>\n<meta property=\"og:image\" content=\"https:\/\/letrame.com\/catalogo\/wp-content\/uploads\/2024\/04\/Portada-compressed-55.jpg\" \/>\n\t<meta property=\"og:image:width\" content=\"1800\" \/>\n\t<meta property=\"og:image:height\" content=\"2459\" \/>\n\t<meta property=\"og:image:type\" content=\"image\/jpeg\" \/>\n<meta name=\"twitter:card\" content=\"summary_large_image\" \/>\n<meta name=\"twitter:label1\" content=\"Tiempo de lectura\" \/>\n\t<meta name=\"twitter:data1\" content=\"1 minuto\" \/>\n<script type=\"application\/ld+json\" class=\"yoast-schema-graph\">{\"@context\":\"https:\/\/schema.org\",\"@graph\":[{\"@type\":\"WebPage\",\"@id\":\"https:\/\/letrame.com\/catalogo\/producto\/tareas-aplicadas-de-tiro\/\",\"url\":\"https:\/\/letrame.com\/catalogo\/producto\/tareas-aplicadas-de-tiro\/\",\"name\":\"Tareas aplicadas de tiro - Catalogo | Letrame Grupo Editorial\",\"isPartOf\":{\"@id\":\"https:\/\/letrame.com\/catalogo\/#website\"},\"primaryImageOfPage\":{\"@id\":\"https:\/\/letrame.com\/catalogo\/producto\/tareas-aplicadas-de-tiro\/#primaryimage\"},\"image\":{\"@id\":\"https:\/\/letrame.com\/catalogo\/producto\/tareas-aplicadas-de-tiro\/#primaryimage\"},\"thumbnailUrl\":\"https:\/\/letrame.com\/catalogo\/wp-content\/uploads\/2024\/04\/Portada-compressed-55.jpg\",\"datePublished\":\"2024-04-18T09:03:49+00:00\",\"dateModified\":\"2024-07-19T09:17:53+00:00\",\"breadcrumb\":{\"@id\":\"https:\/\/letrame.com\/catalogo\/producto\/tareas-aplicadas-de-tiro\/#breadcrumb\"},\"inLanguage\":\"es\",\"potentialAction\":[{\"@type\":\"ReadAction\",\"target\":[\"https:\/\/letrame.com\/catalogo\/producto\/tareas-aplicadas-de-tiro\/\"]}]},{\"@type\":\"ImageObject\",\"inLanguage\":\"es\",\"@id\":\"https:\/\/letrame.com\/catalogo\/producto\/tareas-aplicadas-de-tiro\/#primaryimage\",\"url\":\"https:\/\/letrame.com\/catalogo\/wp-content\/uploads\/2024\/04\/Portada-compressed-55.jpg\",\"contentUrl\":\"https:\/\/letrame.com\/catalogo\/wp-content\/uploads\/2024\/04\/Portada-compressed-55.jpg\",\"width\":1800,\"height\":2459},{\"@type\":\"BreadcrumbList\",\"@id\":\"https:\/\/letrame.com\/catalogo\/producto\/tareas-aplicadas-de-tiro\/#breadcrumb\",\"itemListElement\":[{\"@type\":\"ListItem\",\"position\":1,\"name\":\"Portada\",\"item\":\"https:\/\/letrame.com\/catalogo\/\"},{\"@type\":\"ListItem\",\"position\":2,\"name\":\"Cat\u00e1logo\",\"item\":\"https:\/\/letrame.com\/catalogo\/\"},{\"@type\":\"ListItem\",\"position\":3,\"name\":\"Tareas aplicadas de tiro\"}]},{\"@type\":\"WebSite\",\"@id\":\"https:\/\/letrame.com\/catalogo\/#website\",\"url\":\"https:\/\/letrame.com\/catalogo\/\",\"name\":\"Catalogo | Letrame Grupo Editorial\",\"description\":\"\",\"publisher\":{\"@id\":\"https:\/\/letrame.com\/catalogo\/#organization\"},\"potentialAction\":[{\"@type\":\"SearchAction\",\"target\":{\"@type\":\"EntryPoint\",\"urlTemplate\":\"https:\/\/letrame.com\/catalogo\/?s={search_term_string}\"},\"query-input\":{\"@type\":\"PropertyValueSpecification\",\"valueRequired\":true,\"valueName\":\"search_term_string\"}}],\"inLanguage\":\"es\"},{\"@type\":\"Organization\",\"@id\":\"https:\/\/letrame.com\/catalogo\/#organization\",\"name\":\"Catalogo | Letrame Grupo Editorial\",\"url\":\"https:\/\/letrame.com\/catalogo\/\",\"logo\":{\"@type\":\"ImageObject\",\"inLanguage\":\"es\",\"@id\":\"https:\/\/letrame.com\/catalogo\/#\/schema\/logo\/image\/\",\"url\":\"https:\/\/letrame.com\/catalogo\/wp-content\/uploads\/2024\/03\/logo2.webp\",\"contentUrl\":\"https:\/\/letrame.com\/catalogo\/wp-content\/uploads\/2024\/03\/logo2.webp\",\"width\":394,\"height\":128,\"caption\":\"Catalogo | Letrame Grupo Editorial\"},\"image\":{\"@id\":\"https:\/\/letrame.com\/catalogo\/#\/schema\/logo\/image\/\"}}]}<\/script>\n<!-- \/ Yoast SEO plugin. -->","yoast_head_json":{"title":"Tareas aplicadas de tiro - Catalogo | Letrame Grupo Editorial","robots":{"index":"index","follow":"follow","max-snippet":"max-snippet:-1","max-image-preview":"max-image-preview:large","max-video-preview":"max-video-preview:-1"},"canonical":"https:\/\/letrame.com\/catalogo\/producto\/tareas-aplicadas-de-tiro\/","og_locale":"es_ES","og_type":"article","og_title":"Tareas aplicadas de tiro - Catalogo | Letrame Grupo Editorial","og_description":"ISBN: 978-84-17779-62-7  En este libro, a trav\u00e9s de 150 ejercicios, se presentan m\u00faltiples tareas aplicadas al tiro en baloncesto donde se trabajan situaciones reales de juego y conceptos t\u00e1cticos como el bloqueo directo, el bloqueo indirecto, el bloqueo ciego, juego en el poste bajo, la ocupaci\u00f3n de espacios, el tiro libre...","og_url":"https:\/\/letrame.com\/catalogo\/producto\/tareas-aplicadas-de-tiro\/","og_site_name":"Catalogo | Letrame Grupo Editorial","article_modified_time":"2024-07-19T09:17:53+00:00","og_image":[{"width":1800,"height":2459,"url":"https:\/\/letrame.com\/catalogo\/wp-content\/uploads\/2024\/04\/Portada-compressed-55.jpg","type":"image\/jpeg"}],"twitter_card":"summary_large_image","twitter_misc":{"Tiempo de lectura":"1 minuto"},"schema":{"@context":"https:\/\/schema.org","@graph":[{"@type":"WebPage","@id":"https:\/\/letrame.com\/catalogo\/producto\/tareas-aplicadas-de-tiro\/","url":"https:\/\/letrame.com\/catalogo\/producto\/tareas-aplicadas-de-tiro\/","name":"Tareas aplicadas de tiro - Catalogo | Letrame Grupo Editorial","isPartOf":{"@id":"https:\/\/letrame.com\/catalogo\/#website"},"primaryImageOfPage":{"@id":"https:\/\/letrame.com\/catalogo\/producto\/tareas-aplicadas-de-tiro\/#primaryimage"},"image":{"@id":"https:\/\/letrame.com\/catalogo\/producto\/tareas-aplicadas-de-tiro\/#primaryimage"},"thumbnailUrl":"https:\/\/letrame.com\/catalogo\/wp-content\/uploads\/2024\/04\/Portada-compressed-55.jpg","datePublished":"2024-04-18T09:03:49+00:00","dateModified":"2024-07-19T09:17:53+00:00","breadcrumb":{"@id":"https:\/\/letrame.com\/catalogo\/producto\/tareas-aplicadas-de-tiro\/#breadcrumb"},"inLanguage":"es","potentialAction":[{"@type":"ReadAction","target":["https:\/\/letrame.com\/catalogo\/producto\/tareas-aplicadas-de-tiro\/"]}]},{"@type":"ImageObject","inLanguage":"es","@id":"https:\/\/letrame.com\/catalogo\/producto\/tareas-aplicadas-de-tiro\/#primaryimage","url":"https:\/\/letrame.com\/catalogo\/wp-content\/uploads\/2024\/04\/Portada-compressed-55.jpg","contentUrl":"https:\/\/letrame.com\/catalogo\/wp-content\/uploads\/2024\/04\/Portada-compressed-55.jpg","width":1800,"height":2459},{"@type":"BreadcrumbList","@id":"https:\/\/letrame.com\/catalogo\/producto\/tareas-aplicadas-de-tiro\/#breadcrumb","itemListElement":[{"@type":"ListItem","position":1,"name":"Portada","item":"https:\/\/letrame.com\/catalogo\/"},{"@type":"ListItem","position":2,"name":"Cat\u00e1logo","item":"https:\/\/letrame.com\/catalogo\/"},{"@type":"ListItem","position":3,"name":"Tareas aplicadas de tiro"}]},{"@type":"WebSite","@id":"https:\/\/letrame.com\/catalogo\/#website","url":"https:\/\/letrame.com\/catalogo\/","name":"Catalogo | Letrame Grupo Editorial","description":"","publisher":{"@id":"https:\/\/letrame.com\/catalogo\/#organization"},"potentialAction":[{"@type":"SearchAction","target":{"@type":"EntryPoint","urlTemplate":"https:\/\/letrame.com\/catalogo\/?s={search_term_string}"},"query-input":{"@type":"PropertyValueSpecification","valueRequired":true,"valueName":"search_term_string"}}],"inLanguage":"es"},{"@type":"Organization","@id":"https:\/\/letrame.com\/catalogo\/#organization","name":"Catalogo | Letrame Grupo Editorial","url":"https:\/\/letrame.com\/catalogo\/","logo":{"@type":"ImageObject","inLanguage":"es","@id":"https:\/\/letrame.com\/catalogo\/#\/schema\/logo\/image\/","url":"https:\/\/letrame.com\/catalogo\/wp-content\/uploads\/2024\/03\/logo2.webp","contentUrl":"https:\/\/letrame.com\/catalogo\/wp-content\/uploads\/2024\/03\/logo2.webp","width":394,"height":128,"caption":"Catalogo | Letrame Grupo Editorial"},"image":{"@id":"https:\/\/letrame.com\/catalogo\/#\/schema\/logo\/image\/"}}]}},"_links":{"self":[{"href":"https:\/\/letrame.com\/catalogo\/wp-json\/wp\/v2\/product\/94601","targetHints":{"allow":["GET"]}}],"collection":[{"href":"https:\/\/letrame.com\/catalogo\/wp-json\/wp\/v2\/product"}],"about":[{"href":"https:\/\/letrame.com\/catalogo\/wp-json\/wp\/v2\/types\/product"}],"replies":[{"embeddable":true,"href":"https:\/\/letrame.com\/catalogo\/wp-json\/wp\/v2\/comments?post=94601"}],"acf:post":[{"embeddable":true,"href":"https:\/\/letrame.com\/catalogo\/wp-json\/wp\/v2\/author_book\/76540"},{"embeddable":true,"href":"https:\/\/letrame.com\/catalogo\/wp-json\/wp\/v2\/author_book\/73503"}],"wp:featuredmedia":[{"embeddable":true,"href":"https:\/\/letrame.com\/catalogo\/wp-json\/wp\/v2\/media\/94602"}],"wp:attachment":[{"href":"https:\/\/letrame.com\/catalogo\/wp-json\/wp\/v2\/media?parent=94601"}],"wp:term":[{"taxonomy":"libro","embeddable":true,"href":"https:\/\/letrame.com\/catalogo\/wp-json\/wp\/v2\/libro?post=94601"},{"taxonomy":"product_brand","embeddable":true,"href":"https:\/\/letrame.com\/catalogo\/wp-json\/wp\/v2\/product_brand?post=94601"},{"taxonomy":"product_cat","embeddable":true,"href":"https:\/\/letrame.com\/catalogo\/wp-json\/wp\/v2\/product_cat?post=94601"},{"taxonomy":"product_tag","embeddable":true,"href":"https:\/\/letrame.com\/catalogo\/wp-json\/wp\/v2\/product_tag?post=94601"}],"curies":[{"name":"wp","href":"https:\/\/api.w.org\/{rel}","templated":true}]}}