{"id":94573,"date":"2024-04-18T11:00:24","date_gmt":"2024-04-18T09:00:24","guid":{"rendered":"https:\/\/letrame.com\/catalogo\/producto\/instante-y-ensonacion\/"},"modified":"2024-05-15T12:59:27","modified_gmt":"2024-05-15T10:59:27","slug":"instante-y-ensonacion","status":"publish","type":"product","link":"https:\/\/letrame.com\/catalogo\/producto\/instante-y-ensonacion\/","title":{"rendered":"Instante y enso\u00f1aci\u00f3n"},"content":{"rendered":"<p><strong>ISBN<\/strong>: 978-84-17864-40-8<br \/>\n<strong>T\u00edtulo<\/strong>: Instante y enso\u00f1aci\u00f3n<br \/>\n<strong>Fecha<\/strong>: 2019<br \/>\n<strong>P\u00e1ginas<\/strong>: 110<\/p>\n<p>&nbsp;<\/p>\n<p><strong>SINOPSIS<\/strong><\/p>\n<section>\n<div class=\"about-this-book\">\n<div class=\"container\">\n<div class=\"right-detail shop-detail1 pull-right col-md-8 col-sm-8 col-xs-12\">\n<div id=\"editionnal-reviews\" class=\"book-desc-detail\"><span class=\"detail-desc box-detail-desc\">El poemario es una excursi\u00f3n al mundo de la fantas\u00eda en clave de amor recurrente y sobre todo pretende ser una exploraci\u00f3n dentro de la Po\u00e9tica de la enso\u00f1aci\u00f3n y La intuici\u00f3n del instante de Gast\u00f3n Bachelard. La obra se vuelca en la plasmaci\u00f3n de los l\u00edmites entre la noche y el d\u00eda, los sue\u00f1os y la vigilia, ese interludio que no es sue\u00f1o ni es consciencia plena. La mayor\u00eda de los poemas quieren captar y mostrar la importancia del ahora, del momento, del instante que tanto cuenta en la vida real y el confinamiento espacio-temporal en que nos movemos los seres humanos. Como hilo conductor se muestra que el tiempo es una realidad afianzada b\u00e1sicamente en el instante y suspendida entre las dos nadas que son el pasado y el futuro. Leyendo y haciendo propios estos poemas el lector entiende pronto aquellas famosas palabras del Fausto de Goethe: \u00ab\u00a1Detente instante, eres tan hermoso!\u00bb. El detalle de acompa\u00f1ar cada poema con una cita literaria nos predispone muy positivamente a adentrarnos en el alma de cada poema. En diversos poemas, al ahormarse en torno a la forma se deja entrever un halo culteranista y, en otros casos, conceptista al prevalecer el fondo. Finalmente, la nueva geometr\u00eda moderna e incursiones en la poes\u00eda visual constituyen en Instante y enso\u00f1aci\u00f3n un aliciente m\u00e1s para animarnos en su variada, demandante y enso\u00f1adora lectura.<\/span><\/div>\n<div id=\"clear-scroll\" class=\"clearfix\"><\/div>\n<\/div>\n<\/div>\n<\/div>\n<\/section>\n<div class=\"feature-section feature-option2\">\n<div class=\"container\">\n<div class=\"related products\">\n<div class=\"title-box\"><\/div>\n<\/div>\n<\/div>\n<\/div>\n","protected":false},"excerpt":{"rendered":"<p><strong>ISBN: 978-84-17864-40-8<\/strong><\/p>\n<p>El poemario es una excursi\u00f3n al mundo de la fantas\u00eda en clave de amor recurrente y sobre todo pretende ser una exploraci\u00f3n dentro de la Po\u00e9tica de la enso\u00f1aci\u00f3n y La intuici\u00f3n del instante de Gast\u00f3n Bachelard.<\/p>\n","protected":false},"featured_media":99989,"comment_status":"closed","ping_status":"closed","template":"","meta":{"_acf_changed":false},"libro":[],"product_brand":[],"product_cat":[20],"product_tag":[],"class_list":{"0":"post-94573","1":"product","2":"type-product","3":"status-publish","4":"has-post-thumbnail","6":"product_cat-poesia","8":"first","9":"instock","10":"product-type-simple"},"acf":{"autor":[72584],"enlace_de_compra":"https:\/\/www.todostuslibros.com\/libros\/instante-y-ensonacion_978-84-17864-40-8"},"yoast_head":"<!-- This site is optimized with the Yoast SEO plugin v26.6 - https:\/\/yoast.com\/wordpress\/plugins\/seo\/ -->\n<title>Instante y enso\u00f1aci\u00f3n - Catalogo | Letrame Grupo Editorial<\/title>\n<meta name=\"robots\" content=\"index, follow, max-snippet:-1, max-image-preview:large, max-video-preview:-1\" \/>\n<link rel=\"canonical\" href=\"https:\/\/letrame.com\/catalogo\/producto\/instante-y-ensonacion\/\" \/>\n<meta property=\"og:locale\" content=\"es_ES\" \/>\n<meta property=\"og:type\" content=\"article\" \/>\n<meta property=\"og:title\" content=\"Instante y enso\u00f1aci\u00f3n - Catalogo | Letrame Grupo Editorial\" \/>\n<meta property=\"og:description\" content=\"ISBN: 978-84-17864-40-8  El poemario es una excursi\u00f3n al mundo de la fantas\u00eda en clave de amor recurrente y sobre todo pretende ser una exploraci\u00f3n dentro de la Po\u00e9tica de la enso\u00f1aci\u00f3n y La intuici\u00f3n del instante de Gast\u00f3n Bachelard.\" \/>\n<meta property=\"og:url\" content=\"https:\/\/letrame.com\/catalogo\/producto\/instante-y-ensonacion\/\" \/>\n<meta property=\"og:site_name\" content=\"Catalogo | Letrame Grupo Editorial\" \/>\n<meta property=\"article:modified_time\" content=\"2024-05-15T10:59:27+00:00\" \/>\n<meta property=\"og:image\" content=\"https:\/\/letrame.com\/catalogo\/wp-content\/uploads\/2024\/04\/portada_Instanteyensonacion_68mm-compressed-scaled-1.webp\" \/>\n\t<meta property=\"og:image:width\" content=\"1746\" \/>\n\t<meta property=\"og:image:height\" content=\"2560\" \/>\n\t<meta property=\"og:image:type\" content=\"image\/webp\" \/>\n<meta name=\"twitter:card\" content=\"summary_large_image\" \/>\n<meta name=\"twitter:label1\" content=\"Tiempo de lectura\" \/>\n\t<meta name=\"twitter:data1\" content=\"2 minutos\" \/>\n<script type=\"application\/ld+json\" class=\"yoast-schema-graph\">{\"@context\":\"https:\/\/schema.org\",\"@graph\":[{\"@type\":\"WebPage\",\"@id\":\"https:\/\/letrame.com\/catalogo\/producto\/instante-y-ensonacion\/\",\"url\":\"https:\/\/letrame.com\/catalogo\/producto\/instante-y-ensonacion\/\",\"name\":\"Instante y enso\u00f1aci\u00f3n - Catalogo | Letrame Grupo Editorial\",\"isPartOf\":{\"@id\":\"https:\/\/letrame.com\/catalogo\/#website\"},\"primaryImageOfPage\":{\"@id\":\"https:\/\/letrame.com\/catalogo\/producto\/instante-y-ensonacion\/#primaryimage\"},\"image\":{\"@id\":\"https:\/\/letrame.com\/catalogo\/producto\/instante-y-ensonacion\/#primaryimage\"},\"thumbnailUrl\":\"https:\/\/letrame.com\/catalogo\/wp-content\/uploads\/2024\/04\/portada_Instanteyensonacion_68mm-compressed-scaled-1.webp\",\"datePublished\":\"2024-04-18T09:00:24+00:00\",\"dateModified\":\"2024-05-15T10:59:27+00:00\",\"breadcrumb\":{\"@id\":\"https:\/\/letrame.com\/catalogo\/producto\/instante-y-ensonacion\/#breadcrumb\"},\"inLanguage\":\"es\",\"potentialAction\":[{\"@type\":\"ReadAction\",\"target\":[\"https:\/\/letrame.com\/catalogo\/producto\/instante-y-ensonacion\/\"]}]},{\"@type\":\"ImageObject\",\"inLanguage\":\"es\",\"@id\":\"https:\/\/letrame.com\/catalogo\/producto\/instante-y-ensonacion\/#primaryimage\",\"url\":\"https:\/\/letrame.com\/catalogo\/wp-content\/uploads\/2024\/04\/portada_Instanteyensonacion_68mm-compressed-scaled-1.webp\",\"contentUrl\":\"https:\/\/letrame.com\/catalogo\/wp-content\/uploads\/2024\/04\/portada_Instanteyensonacion_68mm-compressed-scaled-1.webp\",\"width\":1746,\"height\":2560},{\"@type\":\"BreadcrumbList\",\"@id\":\"https:\/\/letrame.com\/catalogo\/producto\/instante-y-ensonacion\/#breadcrumb\",\"itemListElement\":[{\"@type\":\"ListItem\",\"position\":1,\"name\":\"Portada\",\"item\":\"https:\/\/letrame.com\/catalogo\/\"},{\"@type\":\"ListItem\",\"position\":2,\"name\":\"Cat\u00e1logo\",\"item\":\"https:\/\/letrame.com\/catalogo\/\"},{\"@type\":\"ListItem\",\"position\":3,\"name\":\"Instante y enso\u00f1aci\u00f3n\"}]},{\"@type\":\"WebSite\",\"@id\":\"https:\/\/letrame.com\/catalogo\/#website\",\"url\":\"https:\/\/letrame.com\/catalogo\/\",\"name\":\"Catalogo | Letrame Grupo Editorial\",\"description\":\"\",\"publisher\":{\"@id\":\"https:\/\/letrame.com\/catalogo\/#organization\"},\"potentialAction\":[{\"@type\":\"SearchAction\",\"target\":{\"@type\":\"EntryPoint\",\"urlTemplate\":\"https:\/\/letrame.com\/catalogo\/?s={search_term_string}\"},\"query-input\":{\"@type\":\"PropertyValueSpecification\",\"valueRequired\":true,\"valueName\":\"search_term_string\"}}],\"inLanguage\":\"es\"},{\"@type\":\"Organization\",\"@id\":\"https:\/\/letrame.com\/catalogo\/#organization\",\"name\":\"Catalogo | Letrame Grupo Editorial\",\"url\":\"https:\/\/letrame.com\/catalogo\/\",\"logo\":{\"@type\":\"ImageObject\",\"inLanguage\":\"es\",\"@id\":\"https:\/\/letrame.com\/catalogo\/#\/schema\/logo\/image\/\",\"url\":\"https:\/\/letrame.com\/catalogo\/wp-content\/uploads\/2024\/03\/logo2.webp\",\"contentUrl\":\"https:\/\/letrame.com\/catalogo\/wp-content\/uploads\/2024\/03\/logo2.webp\",\"width\":394,\"height\":128,\"caption\":\"Catalogo | Letrame Grupo Editorial\"},\"image\":{\"@id\":\"https:\/\/letrame.com\/catalogo\/#\/schema\/logo\/image\/\"}}]}<\/script>\n<!-- \/ Yoast SEO plugin. -->","yoast_head_json":{"title":"Instante y enso\u00f1aci\u00f3n - Catalogo | Letrame Grupo Editorial","robots":{"index":"index","follow":"follow","max-snippet":"max-snippet:-1","max-image-preview":"max-image-preview:large","max-video-preview":"max-video-preview:-1"},"canonical":"https:\/\/letrame.com\/catalogo\/producto\/instante-y-ensonacion\/","og_locale":"es_ES","og_type":"article","og_title":"Instante y enso\u00f1aci\u00f3n - Catalogo | Letrame Grupo Editorial","og_description":"ISBN: 978-84-17864-40-8  El poemario es una excursi\u00f3n al mundo de la fantas\u00eda en clave de amor recurrente y sobre todo pretende ser una exploraci\u00f3n dentro de la Po\u00e9tica de la enso\u00f1aci\u00f3n y La intuici\u00f3n del instante de Gast\u00f3n Bachelard.","og_url":"https:\/\/letrame.com\/catalogo\/producto\/instante-y-ensonacion\/","og_site_name":"Catalogo | Letrame Grupo Editorial","article_modified_time":"2024-05-15T10:59:27+00:00","og_image":[{"width":1746,"height":2560,"url":"https:\/\/letrame.com\/catalogo\/wp-content\/uploads\/2024\/04\/portada_Instanteyensonacion_68mm-compressed-scaled-1.webp","type":"image\/webp"}],"twitter_card":"summary_large_image","twitter_misc":{"Tiempo de lectura":"2 minutos"},"schema":{"@context":"https:\/\/schema.org","@graph":[{"@type":"WebPage","@id":"https:\/\/letrame.com\/catalogo\/producto\/instante-y-ensonacion\/","url":"https:\/\/letrame.com\/catalogo\/producto\/instante-y-ensonacion\/","name":"Instante y enso\u00f1aci\u00f3n - Catalogo | Letrame Grupo Editorial","isPartOf":{"@id":"https:\/\/letrame.com\/catalogo\/#website"},"primaryImageOfPage":{"@id":"https:\/\/letrame.com\/catalogo\/producto\/instante-y-ensonacion\/#primaryimage"},"image":{"@id":"https:\/\/letrame.com\/catalogo\/producto\/instante-y-ensonacion\/#primaryimage"},"thumbnailUrl":"https:\/\/letrame.com\/catalogo\/wp-content\/uploads\/2024\/04\/portada_Instanteyensonacion_68mm-compressed-scaled-1.webp","datePublished":"2024-04-18T09:00:24+00:00","dateModified":"2024-05-15T10:59:27+00:00","breadcrumb":{"@id":"https:\/\/letrame.com\/catalogo\/producto\/instante-y-ensonacion\/#breadcrumb"},"inLanguage":"es","potentialAction":[{"@type":"ReadAction","target":["https:\/\/letrame.com\/catalogo\/producto\/instante-y-ensonacion\/"]}]},{"@type":"ImageObject","inLanguage":"es","@id":"https:\/\/letrame.com\/catalogo\/producto\/instante-y-ensonacion\/#primaryimage","url":"https:\/\/letrame.com\/catalogo\/wp-content\/uploads\/2024\/04\/portada_Instanteyensonacion_68mm-compressed-scaled-1.webp","contentUrl":"https:\/\/letrame.com\/catalogo\/wp-content\/uploads\/2024\/04\/portada_Instanteyensonacion_68mm-compressed-scaled-1.webp","width":1746,"height":2560},{"@type":"BreadcrumbList","@id":"https:\/\/letrame.com\/catalogo\/producto\/instante-y-ensonacion\/#breadcrumb","itemListElement":[{"@type":"ListItem","position":1,"name":"Portada","item":"https:\/\/letrame.com\/catalogo\/"},{"@type":"ListItem","position":2,"name":"Cat\u00e1logo","item":"https:\/\/letrame.com\/catalogo\/"},{"@type":"ListItem","position":3,"name":"Instante y enso\u00f1aci\u00f3n"}]},{"@type":"WebSite","@id":"https:\/\/letrame.com\/catalogo\/#website","url":"https:\/\/letrame.com\/catalogo\/","name":"Catalogo | Letrame Grupo Editorial","description":"","publisher":{"@id":"https:\/\/letrame.com\/catalogo\/#organization"},"potentialAction":[{"@type":"SearchAction","target":{"@type":"EntryPoint","urlTemplate":"https:\/\/letrame.com\/catalogo\/?s={search_term_string}"},"query-input":{"@type":"PropertyValueSpecification","valueRequired":true,"valueName":"search_term_string"}}],"inLanguage":"es"},{"@type":"Organization","@id":"https:\/\/letrame.com\/catalogo\/#organization","name":"Catalogo | Letrame Grupo Editorial","url":"https:\/\/letrame.com\/catalogo\/","logo":{"@type":"ImageObject","inLanguage":"es","@id":"https:\/\/letrame.com\/catalogo\/#\/schema\/logo\/image\/","url":"https:\/\/letrame.com\/catalogo\/wp-content\/uploads\/2024\/03\/logo2.webp","contentUrl":"https:\/\/letrame.com\/catalogo\/wp-content\/uploads\/2024\/03\/logo2.webp","width":394,"height":128,"caption":"Catalogo | Letrame Grupo Editorial"},"image":{"@id":"https:\/\/letrame.com\/catalogo\/#\/schema\/logo\/image\/"}}]}},"_links":{"self":[{"href":"https:\/\/letrame.com\/catalogo\/wp-json\/wp\/v2\/product\/94573","targetHints":{"allow":["GET"]}}],"collection":[{"href":"https:\/\/letrame.com\/catalogo\/wp-json\/wp\/v2\/product"}],"about":[{"href":"https:\/\/letrame.com\/catalogo\/wp-json\/wp\/v2\/types\/product"}],"replies":[{"embeddable":true,"href":"https:\/\/letrame.com\/catalogo\/wp-json\/wp\/v2\/comments?post=94573"}],"acf:post":[{"embeddable":true,"href":"https:\/\/letrame.com\/catalogo\/wp-json\/wp\/v2\/author_book\/72584"}],"wp:featuredmedia":[{"embeddable":true,"href":"https:\/\/letrame.com\/catalogo\/wp-json\/wp\/v2\/media\/99989"}],"wp:attachment":[{"href":"https:\/\/letrame.com\/catalogo\/wp-json\/wp\/v2\/media?parent=94573"}],"wp:term":[{"taxonomy":"libro","embeddable":true,"href":"https:\/\/letrame.com\/catalogo\/wp-json\/wp\/v2\/libro?post=94573"},{"taxonomy":"product_brand","embeddable":true,"href":"https:\/\/letrame.com\/catalogo\/wp-json\/wp\/v2\/product_brand?post=94573"},{"taxonomy":"product_cat","embeddable":true,"href":"https:\/\/letrame.com\/catalogo\/wp-json\/wp\/v2\/product_cat?post=94573"},{"taxonomy":"product_tag","embeddable":true,"href":"https:\/\/letrame.com\/catalogo\/wp-json\/wp\/v2\/product_tag?post=94573"}],"curies":[{"name":"wp","href":"https:\/\/api.w.org\/{rel}","templated":true}]}}