{"id":94553,"date":"2024-04-18T10:58:44","date_gmt":"2024-04-18T08:58:44","guid":{"rendered":"https:\/\/letrame.com\/catalogo\/producto\/no-apto-para-fanaticos\/"},"modified":"2024-04-18T10:58:44","modified_gmt":"2024-04-18T08:58:44","slug":"no-apto-para-fanaticos","status":"publish","type":"product","link":"https:\/\/letrame.com\/catalogo\/producto\/no-apto-para-fanaticos\/","title":{"rendered":"No apto para fan\u00e1ticos"},"content":{"rendered":"<p><strong>ISBN<\/strong>: &nbsp;<span class=\"sku\">978-84-17864-70-5<\/span><br \/>\n<strong>T\u00edtulo<\/strong>: No apto para fan\u00e1ticos<br \/>\n<strong>Fecha<\/strong>: 2019<br \/>\n<strong>P\u00e1ginas<\/strong>: 240<\/p>\n<p>&nbsp;<\/p>\n<p><strong>SINOPSIS<\/strong><\/p>\n<section>\n<div class=\"about-this-book\">\n<div class=\"container\">\n<div class=\"right-detail shop-detail1 pull-right col-md-8 col-sm-8 col-xs-12\">\n<div id=\"editionnal-reviews\" class=\"book-desc-detail\"><span class=\"detail-desc box-detail-desc\">Aqu\u00ed re\u00fano mis reflexiones y apuntes sobre mi experiencia vital y pol\u00edtica, los cuales no pretenden ser una gu\u00eda de actuaci\u00f3n para nadie, sino una humilde aportaci\u00f3n a quien pudiera servirle y, sobre todo, un ejercicio que necesitaba llevar a cabo yo mismo: necesitaba contar cu\u00e1nto he vivido durante un per\u00edodo que termin\u00f3 convirti\u00e9ndose en los diez a\u00f1os m\u00e1s enriquecedores y apasionantes de mi vida. Aqu\u00ed est\u00e1n mi trayectoria inicial en los movimientos c\u00edvicos de lucha contra ETA, mi trabajo pol\u00edtico en el Parlamento Vasco durante dos legislaturas y mi participaci\u00f3n en la direcci\u00f3n de UPYD. Aqu\u00ed est\u00e1n mis miedos y mis dudas, mis recuerdos y mis experiencias vitales y pol\u00edticas. \u00c9xitos y fracasos, decepciones y alegr\u00edas. Subrayo aciertos y errores, hago cr\u00edtica y autocr\u00edtica, pongo en valor el trabajo formidable de tantos, cuento an\u00e9cdotas, dudo y afirmo y relato problemas que pudieron resolverse y otros que me hicieron m\u00e1s fuerte. No hay nada que sea blanco o negro. No tengo la verdad absoluta. No es palabra de Dios sino mi visi\u00f3n de las cosas, con todas sus deficiencias. No pretendo sentar c\u00e1tedra ni ajustar cuentas. Y reflejo no solo mi evoluci\u00f3n personal y pol\u00edtica, sino mi aprendizaje continuo, que hizo que las mismas cosas las viera diferentes seg\u00fan pasaba el tiempo. Claro que estoy orgulloso de mi trayectoria. Y claro que comet\u00ed errores que deben ser se\u00f1alados y reconocidos por honestidad y decencia. Nunca pretend\u00ed salvar a Espa\u00f1a ni cosa parecida, sino aportar lo mejor de m\u00ed mismo para mejorar la sociedad en la que vivo. No poseo la verdad absoluta y es seguro que, entre quienes piensan distinto, podemos encontrar infinidad de virtudes. Es una de las cosas m\u00e1s importantes que he aprendido. Fui y sigo siendo un humilde ciudadano comprometido con la sociedad y la gente que me rodea. Esta ha sido, hasta hoy, mi trayectoria.<\/span><\/div>\n<div id=\"clear-scroll\" class=\"clearfix\"><\/div>\n<\/div>\n<\/div>\n<\/div>\n<\/section>\n<div class=\"feature-section feature-option2\">\n<div class=\"container\">\n<div class=\"related products\">\n<div class=\"title-box\"><\/div>\n<\/div>\n<\/div>\n<\/div>\n","protected":false},"excerpt":{"rendered":"<p><strong>ISBN: 978-84-17864-70-5<\/strong><\/p>\n<p>Aqu\u00ed re\u00fano mis reflexiones y apuntes sobre mi experiencia vital y pol\u00edtica, los cuales no pretenden ser una gu\u00eda de actuaci\u00f3n para nadie, sino una humilde aportaci\u00f3n a quien pudiera servirle y, sobre todo, un ejercicio que necesitaba llevar a cabo yo mismo: necesitaba contar cu\u00e1nto he vivido durante un per\u00edodo que termin\u00f3 convirti\u00e9ndose en los diez a\u00f1os m\u00e1s enriquecedores y apasionantes de mi vida.<\/p>\n","protected":false},"featured_media":94554,"comment_status":"closed","ping_status":"open","template":"","meta":{"_acf_changed":false},"libro":[],"product_brand":[],"product_cat":[23],"product_tag":[],"class_list":{"0":"post-94553","1":"product","2":"type-product","3":"status-publish","4":"has-post-thumbnail","6":"product_cat-ensayos","8":"first","9":"instock","10":"purchasable","11":"product-type-simple"},"acf":{"autor":[73457],"enlace_de_compra":""},"yoast_head":"<!-- This site is optimized with the Yoast SEO plugin v27.4 - https:\/\/yoast.com\/product\/yoast-seo-wordpress\/ -->\n<title>No apto para fan\u00e1ticos - Catalogo | Letrame Grupo Editorial<\/title>\n<meta name=\"robots\" content=\"index, follow, max-snippet:-1, max-image-preview:large, max-video-preview:-1\" \/>\n<link rel=\"canonical\" href=\"https:\/\/letrame.com\/catalogo\/producto\/no-apto-para-fanaticos\/\" \/>\n<meta property=\"og:locale\" content=\"es_ES\" \/>\n<meta property=\"og:type\" content=\"article\" \/>\n<meta property=\"og:title\" content=\"No apto para fan\u00e1ticos - Catalogo | Letrame Grupo Editorial\" \/>\n<meta property=\"og:description\" content=\"ISBN: 978-84-17864-70-5 Aqu\u00ed re\u00fano mis reflexiones y apuntes sobre mi experiencia vital y pol\u00edtica, los cuales no pretenden ser una gu\u00eda de actuaci\u00f3n para nadie, sino una humilde aportaci\u00f3n a quien pudiera servirle y, sobre todo, un ejercicio que necesitaba llevar a cabo yo mismo: necesitaba contar cu\u00e1nto he vivido durante un per\u00edodo que termin\u00f3 convirti\u00e9ndose en los diez a\u00f1os m\u00e1s enriquecedores y apasionantes de mi vida.\" \/>\n<meta property=\"og:url\" content=\"https:\/\/letrame.com\/catalogo\/producto\/no-apto-para-fanaticos\/\" \/>\n<meta property=\"og:site_name\" content=\"Catalogo | Letrame Grupo Editorial\" \/>\n<meta property=\"og:image\" content=\"https:\/\/letrame.com\/catalogo\/wp-content\/uploads\/2024\/04\/portada_Guarda_Noapto_13mm-compressed-scaled-1.jpg\" \/>\n\t<meta property=\"og:image:width\" content=\"1704\" \/>\n\t<meta property=\"og:image:height\" content=\"2560\" \/>\n\t<meta property=\"og:image:type\" content=\"image\/jpeg\" \/>\n<meta name=\"twitter:card\" content=\"summary_large_image\" \/>\n<meta name=\"twitter:label1\" content=\"Tiempo de lectura\" \/>\n\t<meta name=\"twitter:data1\" content=\"2 minutos\" \/>\n<script type=\"application\/ld+json\" class=\"yoast-schema-graph\">{\"@context\":\"https:\\\/\\\/schema.org\",\"@graph\":[{\"@type\":\"WebPage\",\"@id\":\"https:\\\/\\\/letrame.com\\\/catalogo\\\/producto\\\/no-apto-para-fanaticos\\\/\",\"url\":\"https:\\\/\\\/letrame.com\\\/catalogo\\\/producto\\\/no-apto-para-fanaticos\\\/\",\"name\":\"No apto para fan\u00e1ticos - Catalogo | Letrame Grupo Editorial\",\"isPartOf\":{\"@id\":\"https:\\\/\\\/letrame.com\\\/catalogo\\\/#website\"},\"primaryImageOfPage\":{\"@id\":\"https:\\\/\\\/letrame.com\\\/catalogo\\\/producto\\\/no-apto-para-fanaticos\\\/#primaryimage\"},\"image\":{\"@id\":\"https:\\\/\\\/letrame.com\\\/catalogo\\\/producto\\\/no-apto-para-fanaticos\\\/#primaryimage\"},\"thumbnailUrl\":\"https:\\\/\\\/letrame.com\\\/catalogo\\\/wp-content\\\/uploads\\\/2024\\\/04\\\/portada_Guarda_Noapto_13mm-compressed-scaled-1.jpg\",\"datePublished\":\"2024-04-18T08:58:44+00:00\",\"breadcrumb\":{\"@id\":\"https:\\\/\\\/letrame.com\\\/catalogo\\\/producto\\\/no-apto-para-fanaticos\\\/#breadcrumb\"},\"inLanguage\":\"es\",\"potentialAction\":[{\"@type\":\"ReadAction\",\"target\":[\"https:\\\/\\\/letrame.com\\\/catalogo\\\/producto\\\/no-apto-para-fanaticos\\\/\"]}]},{\"@type\":\"ImageObject\",\"inLanguage\":\"es\",\"@id\":\"https:\\\/\\\/letrame.com\\\/catalogo\\\/producto\\\/no-apto-para-fanaticos\\\/#primaryimage\",\"url\":\"https:\\\/\\\/letrame.com\\\/catalogo\\\/wp-content\\\/uploads\\\/2024\\\/04\\\/portada_Guarda_Noapto_13mm-compressed-scaled-1.jpg\",\"contentUrl\":\"https:\\\/\\\/letrame.com\\\/catalogo\\\/wp-content\\\/uploads\\\/2024\\\/04\\\/portada_Guarda_Noapto_13mm-compressed-scaled-1.jpg\",\"width\":1704,\"height\":2560},{\"@type\":\"BreadcrumbList\",\"@id\":\"https:\\\/\\\/letrame.com\\\/catalogo\\\/producto\\\/no-apto-para-fanaticos\\\/#breadcrumb\",\"itemListElement\":[{\"@type\":\"ListItem\",\"position\":1,\"name\":\"Portada\",\"item\":\"https:\\\/\\\/letrame.com\\\/catalogo\\\/\"},{\"@type\":\"ListItem\",\"position\":2,\"name\":\"Cat\u00e1logo\",\"item\":\"https:\\\/\\\/letrame.com\\\/catalogo\\\/\"},{\"@type\":\"ListItem\",\"position\":3,\"name\":\"No apto para fan\u00e1ticos\"}]},{\"@type\":\"WebSite\",\"@id\":\"https:\\\/\\\/letrame.com\\\/catalogo\\\/#website\",\"url\":\"https:\\\/\\\/letrame.com\\\/catalogo\\\/\",\"name\":\"Catalogo | Letrame Grupo Editorial\",\"description\":\"\",\"publisher\":{\"@id\":\"https:\\\/\\\/letrame.com\\\/catalogo\\\/#organization\"},\"potentialAction\":[{\"@type\":\"SearchAction\",\"target\":{\"@type\":\"EntryPoint\",\"urlTemplate\":\"https:\\\/\\\/letrame.com\\\/catalogo\\\/?s={search_term_string}\"},\"query-input\":{\"@type\":\"PropertyValueSpecification\",\"valueRequired\":true,\"valueName\":\"search_term_string\"}}],\"inLanguage\":\"es\"},{\"@type\":\"Organization\",\"@id\":\"https:\\\/\\\/letrame.com\\\/catalogo\\\/#organization\",\"name\":\"Catalogo | Letrame Grupo Editorial\",\"url\":\"https:\\\/\\\/letrame.com\\\/catalogo\\\/\",\"logo\":{\"@type\":\"ImageObject\",\"inLanguage\":\"es\",\"@id\":\"https:\\\/\\\/letrame.com\\\/catalogo\\\/#\\\/schema\\\/logo\\\/image\\\/\",\"url\":\"https:\\\/\\\/letrame.com\\\/catalogo\\\/wp-content\\\/uploads\\\/2024\\\/03\\\/logo2.webp\",\"contentUrl\":\"https:\\\/\\\/letrame.com\\\/catalogo\\\/wp-content\\\/uploads\\\/2024\\\/03\\\/logo2.webp\",\"width\":394,\"height\":128,\"caption\":\"Catalogo | Letrame Grupo Editorial\"},\"image\":{\"@id\":\"https:\\\/\\\/letrame.com\\\/catalogo\\\/#\\\/schema\\\/logo\\\/image\\\/\"}}]}<\/script>\n<!-- \/ Yoast SEO plugin. -->","yoast_head_json":{"title":"No apto para fan\u00e1ticos - Catalogo | Letrame Grupo Editorial","robots":{"index":"index","follow":"follow","max-snippet":"max-snippet:-1","max-image-preview":"max-image-preview:large","max-video-preview":"max-video-preview:-1"},"canonical":"https:\/\/letrame.com\/catalogo\/producto\/no-apto-para-fanaticos\/","og_locale":"es_ES","og_type":"article","og_title":"No apto para fan\u00e1ticos - Catalogo | Letrame Grupo Editorial","og_description":"ISBN: 978-84-17864-70-5 Aqu\u00ed re\u00fano mis reflexiones y apuntes sobre mi experiencia vital y pol\u00edtica, los cuales no pretenden ser una gu\u00eda de actuaci\u00f3n para nadie, sino una humilde aportaci\u00f3n a quien pudiera servirle y, sobre todo, un ejercicio que necesitaba llevar a cabo yo mismo: necesitaba contar cu\u00e1nto he vivido durante un per\u00edodo que termin\u00f3 convirti\u00e9ndose en los diez a\u00f1os m\u00e1s enriquecedores y apasionantes de mi vida.","og_url":"https:\/\/letrame.com\/catalogo\/producto\/no-apto-para-fanaticos\/","og_site_name":"Catalogo | Letrame Grupo Editorial","og_image":[{"width":1704,"height":2560,"url":"https:\/\/letrame.com\/catalogo\/wp-content\/uploads\/2024\/04\/portada_Guarda_Noapto_13mm-compressed-scaled-1.jpg","type":"image\/jpeg"}],"twitter_card":"summary_large_image","twitter_misc":{"Tiempo de lectura":"2 minutos"},"schema":{"@context":"https:\/\/schema.org","@graph":[{"@type":"WebPage","@id":"https:\/\/letrame.com\/catalogo\/producto\/no-apto-para-fanaticos\/","url":"https:\/\/letrame.com\/catalogo\/producto\/no-apto-para-fanaticos\/","name":"No apto para fan\u00e1ticos - Catalogo | Letrame Grupo Editorial","isPartOf":{"@id":"https:\/\/letrame.com\/catalogo\/#website"},"primaryImageOfPage":{"@id":"https:\/\/letrame.com\/catalogo\/producto\/no-apto-para-fanaticos\/#primaryimage"},"image":{"@id":"https:\/\/letrame.com\/catalogo\/producto\/no-apto-para-fanaticos\/#primaryimage"},"thumbnailUrl":"https:\/\/letrame.com\/catalogo\/wp-content\/uploads\/2024\/04\/portada_Guarda_Noapto_13mm-compressed-scaled-1.jpg","datePublished":"2024-04-18T08:58:44+00:00","breadcrumb":{"@id":"https:\/\/letrame.com\/catalogo\/producto\/no-apto-para-fanaticos\/#breadcrumb"},"inLanguage":"es","potentialAction":[{"@type":"ReadAction","target":["https:\/\/letrame.com\/catalogo\/producto\/no-apto-para-fanaticos\/"]}]},{"@type":"ImageObject","inLanguage":"es","@id":"https:\/\/letrame.com\/catalogo\/producto\/no-apto-para-fanaticos\/#primaryimage","url":"https:\/\/letrame.com\/catalogo\/wp-content\/uploads\/2024\/04\/portada_Guarda_Noapto_13mm-compressed-scaled-1.jpg","contentUrl":"https:\/\/letrame.com\/catalogo\/wp-content\/uploads\/2024\/04\/portada_Guarda_Noapto_13mm-compressed-scaled-1.jpg","width":1704,"height":2560},{"@type":"BreadcrumbList","@id":"https:\/\/letrame.com\/catalogo\/producto\/no-apto-para-fanaticos\/#breadcrumb","itemListElement":[{"@type":"ListItem","position":1,"name":"Portada","item":"https:\/\/letrame.com\/catalogo\/"},{"@type":"ListItem","position":2,"name":"Cat\u00e1logo","item":"https:\/\/letrame.com\/catalogo\/"},{"@type":"ListItem","position":3,"name":"No apto para fan\u00e1ticos"}]},{"@type":"WebSite","@id":"https:\/\/letrame.com\/catalogo\/#website","url":"https:\/\/letrame.com\/catalogo\/","name":"Catalogo | Letrame Grupo Editorial","description":"","publisher":{"@id":"https:\/\/letrame.com\/catalogo\/#organization"},"potentialAction":[{"@type":"SearchAction","target":{"@type":"EntryPoint","urlTemplate":"https:\/\/letrame.com\/catalogo\/?s={search_term_string}"},"query-input":{"@type":"PropertyValueSpecification","valueRequired":true,"valueName":"search_term_string"}}],"inLanguage":"es"},{"@type":"Organization","@id":"https:\/\/letrame.com\/catalogo\/#organization","name":"Catalogo | Letrame Grupo Editorial","url":"https:\/\/letrame.com\/catalogo\/","logo":{"@type":"ImageObject","inLanguage":"es","@id":"https:\/\/letrame.com\/catalogo\/#\/schema\/logo\/image\/","url":"https:\/\/letrame.com\/catalogo\/wp-content\/uploads\/2024\/03\/logo2.webp","contentUrl":"https:\/\/letrame.com\/catalogo\/wp-content\/uploads\/2024\/03\/logo2.webp","width":394,"height":128,"caption":"Catalogo | Letrame Grupo Editorial"},"image":{"@id":"https:\/\/letrame.com\/catalogo\/#\/schema\/logo\/image\/"}}]}},"_links":{"self":[{"href":"https:\/\/letrame.com\/catalogo\/wp-json\/wp\/v2\/product\/94553","targetHints":{"allow":["GET"]}}],"collection":[{"href":"https:\/\/letrame.com\/catalogo\/wp-json\/wp\/v2\/product"}],"about":[{"href":"https:\/\/letrame.com\/catalogo\/wp-json\/wp\/v2\/types\/product"}],"replies":[{"embeddable":true,"href":"https:\/\/letrame.com\/catalogo\/wp-json\/wp\/v2\/comments?post=94553"}],"acf:post":[{"embeddable":true,"href":"https:\/\/letrame.com\/catalogo\/wp-json\/wp\/v2\/author_book\/73457"}],"wp:featuredmedia":[{"embeddable":true,"href":"https:\/\/letrame.com\/catalogo\/wp-json\/wp\/v2\/media\/94554"}],"wp:attachment":[{"href":"https:\/\/letrame.com\/catalogo\/wp-json\/wp\/v2\/media?parent=94553"}],"wp:term":[{"taxonomy":"libro","embeddable":true,"href":"https:\/\/letrame.com\/catalogo\/wp-json\/wp\/v2\/libro?post=94553"},{"taxonomy":"product_brand","embeddable":true,"href":"https:\/\/letrame.com\/catalogo\/wp-json\/wp\/v2\/product_brand?post=94553"},{"taxonomy":"product_cat","embeddable":true,"href":"https:\/\/letrame.com\/catalogo\/wp-json\/wp\/v2\/product_cat?post=94553"},{"taxonomy":"product_tag","embeddable":true,"href":"https:\/\/letrame.com\/catalogo\/wp-json\/wp\/v2\/product_tag?post=94553"}],"curies":[{"name":"wp","href":"https:\/\/api.w.org\/{rel}","templated":true}]}}