{"id":94512,"date":"2024-04-18T10:53:56","date_gmt":"2024-04-18T08:53:56","guid":{"rendered":"https:\/\/letrame.com\/catalogo\/producto\/los-misterios-de-mundos-superiores\/"},"modified":"2024-04-18T10:54:32","modified_gmt":"2024-04-18T08:54:32","slug":"los-misterios-de-mundos-superiores","status":"publish","type":"product","link":"https:\/\/letrame.com\/catalogo\/producto\/los-misterios-de-mundos-superiores\/","title":{"rendered":"Los misterios de mundos superiores"},"content":{"rendered":"<p><strong>ISBN<\/strong>: <span class=\"sku_wrapper\"><span class=\"sku\">978-84-17779-11-5<\/span><\/span><\/p>\n<p><strong>T\u00edtulo<\/strong>: Los misterios de mundos superiores<br \/>\n<strong>Fecha<\/strong>: 2019<br \/>\n<strong>P\u00e1ginas<\/strong>: 408<\/p>\n<p>&nbsp;<\/p>\n<p><strong>SINOPSIS<\/strong><\/p>\n<section>\n<div class=\"about-this-book\">\n<div class=\"container\">\n<div class=\"right-detail shop-detail1 pull-right col-md-8 col-sm-8 col-xs-12\">\n<div id=\"editionnal-reviews\" class=\"book-desc-detail\"><span class=\"detail-desc box-detail-desc\">Por primera vez, la Mente Superior revela ante la humanidad la nov\u00edsima informaci\u00f3n sobre la composici\u00f3n de los mundos Superiores dirigidos por Dios, acerca de las Leyes que rigen la construcci\u00f3n y existencia de tales mundos, sobre el ser humano como un Ser c\u00f3smico y su lugar en el Sistema general de la Edificaci\u00f3n Universal._ El libro contiene la extraordinaria informaci\u00f3n sobre el origen del ser humano y prop\u00f3sitos de su existencia, sobre los mundos paralelos de la Tierra y seres que viven en ellos, sobre la espiritualizaci\u00f3n de las formas y estructura hologr\u00e1fica de los mundos._ En forma de di\u00e1logo, Dios y el Diablo revelan a los contactados los secretos de su propia existencia e incluso facilitan algunos detalles de su pasado. La informaci\u00f3n puede representar el inter\u00e9s no solamente para las personas que se interesan por la filosof\u00eda esot\u00e9rica, sino tambi\u00e9n para aquellos que se destacan por su curiosidad mental con la sed por descubrir lo desconocido.<\/span><\/div>\n<div id=\"clear-scroll\" class=\"clearfix\"><\/div>\n<\/div>\n<\/div>\n<\/div>\n<\/section>\n<div class=\"feature-section feature-option2\">\n<div class=\"container\">\n<div class=\"related products\">\n<div class=\"title-box\"><\/div>\n<\/div>\n<\/div>\n<\/div>\n","protected":false},"excerpt":{"rendered":"<p><strong>ISBN: 978-84-17779-11-5<\/strong><\/p>\n<p>Por primera vez, la Mente Superior revela ante la humanidad la nov\u00edsima informaci\u00f3n sobre la composici\u00f3n de los mundos Superiores dirigidos por Dios, acerca de las Leyes que rigen la construcci\u00f3n y existencia de tales mundos, sobre el ser humano como un Ser c\u00f3smico y su lugar en el Sistema general de la Edificaci\u00f3n Universal.<br \/>\nEl libro contiene la extraordinaria informaci\u00f3n sobre el origen del ser humano y prop\u00f3sitos de su existencia, sobre los mundos paralelos de la Tierra y seres que viven en ellos, sobre la espiritualizaci\u00f3n de las formas y estructura hologr\u00e1fica de los mundos.<\/p>\n","protected":false},"featured_media":94513,"comment_status":"closed","ping_status":"open","template":"","meta":{"_acf_changed":false},"libro":[],"product_brand":[],"product_cat":[25],"product_tag":[],"class_list":{"0":"post-94512","1":"product","2":"type-product","3":"status-publish","4":"has-post-thumbnail","6":"product_cat-religion-y-espiritualidad","8":"first","9":"instock","10":"purchasable","11":"product-type-simple"},"acf":{"autor":[73427],"enlace_de_compra":"https:\/\/www.amazon.es\/Los-misterios-mundos-superiores-Existencia\/dp\/8417779116\/ref=sr_1_1?ie=UTF8&amp&qid=1552575132&amp&sr=8-1&amp&keywords=misterios+de+mundos+superiores+letrame"},"yoast_head":"<!-- This site is optimized with the Yoast SEO plugin v27.4 - https:\/\/yoast.com\/product\/yoast-seo-wordpress\/ -->\n<title>Los misterios de mundos superiores - Catalogo | Letrame Grupo Editorial<\/title>\n<meta name=\"robots\" content=\"index, follow, max-snippet:-1, max-image-preview:large, max-video-preview:-1\" \/>\n<link rel=\"canonical\" href=\"https:\/\/letrame.com\/catalogo\/producto\/los-misterios-de-mundos-superiores\/\" \/>\n<meta property=\"og:locale\" content=\"es_ES\" \/>\n<meta property=\"og:type\" content=\"article\" \/>\n<meta property=\"og:title\" content=\"Los misterios de mundos superiores - Catalogo | Letrame Grupo Editorial\" \/>\n<meta property=\"og:description\" content=\"ISBN: 978-84-17779-11-5 Por primera vez, la Mente Superior revela ante la humanidad la nov\u00edsima informaci\u00f3n sobre la composici\u00f3n de los mundos Superiores dirigidos por Dios, acerca de las Leyes que rigen la construcci\u00f3n y existencia de tales mundos, sobre el ser humano como un Ser c\u00f3smico y su lugar en el Sistema general de la Edificaci\u00f3n Universal. El libro contiene la extraordinaria informaci\u00f3n sobre el origen del ser humano y prop\u00f3sitos de su existencia, sobre los mundos paralelos de la Tierra y seres que viven en ellos, sobre la espiritualizaci\u00f3n de las formas y estructura hologr\u00e1fica de los mundos.\" \/>\n<meta property=\"og:url\" content=\"https:\/\/letrame.com\/catalogo\/producto\/los-misterios-de-mundos-superiores\/\" \/>\n<meta property=\"og:site_name\" content=\"Catalogo | Letrame Grupo Editorial\" \/>\n<meta property=\"article:modified_time\" content=\"2024-04-18T08:54:32+00:00\" \/>\n<meta property=\"og:image\" content=\"https:\/\/letrame.com\/catalogo\/wp-content\/uploads\/2024\/04\/Portada-compressed-21-1-scaled-1.jpg\" \/>\n\t<meta property=\"og:image:width\" content=\"1751\" \/>\n\t<meta property=\"og:image:height\" content=\"2560\" \/>\n\t<meta property=\"og:image:type\" content=\"image\/jpeg\" \/>\n<meta name=\"twitter:card\" content=\"summary_large_image\" \/>\n<meta name=\"twitter:label1\" content=\"Tiempo de lectura\" \/>\n\t<meta name=\"twitter:data1\" content=\"1 minuto\" \/>\n<script type=\"application\/ld+json\" class=\"yoast-schema-graph\">{\"@context\":\"https:\\\/\\\/schema.org\",\"@graph\":[{\"@type\":\"WebPage\",\"@id\":\"https:\\\/\\\/letrame.com\\\/catalogo\\\/producto\\\/los-misterios-de-mundos-superiores\\\/\",\"url\":\"https:\\\/\\\/letrame.com\\\/catalogo\\\/producto\\\/los-misterios-de-mundos-superiores\\\/\",\"name\":\"Los misterios de mundos superiores - Catalogo | Letrame Grupo Editorial\",\"isPartOf\":{\"@id\":\"https:\\\/\\\/letrame.com\\\/catalogo\\\/#website\"},\"primaryImageOfPage\":{\"@id\":\"https:\\\/\\\/letrame.com\\\/catalogo\\\/producto\\\/los-misterios-de-mundos-superiores\\\/#primaryimage\"},\"image\":{\"@id\":\"https:\\\/\\\/letrame.com\\\/catalogo\\\/producto\\\/los-misterios-de-mundos-superiores\\\/#primaryimage\"},\"thumbnailUrl\":\"https:\\\/\\\/letrame.com\\\/catalogo\\\/wp-content\\\/uploads\\\/2024\\\/04\\\/Portada-compressed-21-1-scaled-1.jpg\",\"datePublished\":\"2024-04-18T08:53:56+00:00\",\"dateModified\":\"2024-04-18T08:54:32+00:00\",\"breadcrumb\":{\"@id\":\"https:\\\/\\\/letrame.com\\\/catalogo\\\/producto\\\/los-misterios-de-mundos-superiores\\\/#breadcrumb\"},\"inLanguage\":\"es\",\"potentialAction\":[{\"@type\":\"ReadAction\",\"target\":[\"https:\\\/\\\/letrame.com\\\/catalogo\\\/producto\\\/los-misterios-de-mundos-superiores\\\/\"]}]},{\"@type\":\"ImageObject\",\"inLanguage\":\"es\",\"@id\":\"https:\\\/\\\/letrame.com\\\/catalogo\\\/producto\\\/los-misterios-de-mundos-superiores\\\/#primaryimage\",\"url\":\"https:\\\/\\\/letrame.com\\\/catalogo\\\/wp-content\\\/uploads\\\/2024\\\/04\\\/Portada-compressed-21-1-scaled-1.jpg\",\"contentUrl\":\"https:\\\/\\\/letrame.com\\\/catalogo\\\/wp-content\\\/uploads\\\/2024\\\/04\\\/Portada-compressed-21-1-scaled-1.jpg\",\"width\":1751,\"height\":2560},{\"@type\":\"BreadcrumbList\",\"@id\":\"https:\\\/\\\/letrame.com\\\/catalogo\\\/producto\\\/los-misterios-de-mundos-superiores\\\/#breadcrumb\",\"itemListElement\":[{\"@type\":\"ListItem\",\"position\":1,\"name\":\"Portada\",\"item\":\"https:\\\/\\\/letrame.com\\\/catalogo\\\/\"},{\"@type\":\"ListItem\",\"position\":2,\"name\":\"Cat\u00e1logo\",\"item\":\"https:\\\/\\\/letrame.com\\\/catalogo\\\/\"},{\"@type\":\"ListItem\",\"position\":3,\"name\":\"Los misterios de mundos superiores\"}]},{\"@type\":\"WebSite\",\"@id\":\"https:\\\/\\\/letrame.com\\\/catalogo\\\/#website\",\"url\":\"https:\\\/\\\/letrame.com\\\/catalogo\\\/\",\"name\":\"Catalogo | Letrame Grupo Editorial\",\"description\":\"\",\"publisher\":{\"@id\":\"https:\\\/\\\/letrame.com\\\/catalogo\\\/#organization\"},\"potentialAction\":[{\"@type\":\"SearchAction\",\"target\":{\"@type\":\"EntryPoint\",\"urlTemplate\":\"https:\\\/\\\/letrame.com\\\/catalogo\\\/?s={search_term_string}\"},\"query-input\":{\"@type\":\"PropertyValueSpecification\",\"valueRequired\":true,\"valueName\":\"search_term_string\"}}],\"inLanguage\":\"es\"},{\"@type\":\"Organization\",\"@id\":\"https:\\\/\\\/letrame.com\\\/catalogo\\\/#organization\",\"name\":\"Catalogo | Letrame Grupo Editorial\",\"url\":\"https:\\\/\\\/letrame.com\\\/catalogo\\\/\",\"logo\":{\"@type\":\"ImageObject\",\"inLanguage\":\"es\",\"@id\":\"https:\\\/\\\/letrame.com\\\/catalogo\\\/#\\\/schema\\\/logo\\\/image\\\/\",\"url\":\"https:\\\/\\\/letrame.com\\\/catalogo\\\/wp-content\\\/uploads\\\/2024\\\/03\\\/logo2.webp\",\"contentUrl\":\"https:\\\/\\\/letrame.com\\\/catalogo\\\/wp-content\\\/uploads\\\/2024\\\/03\\\/logo2.webp\",\"width\":394,\"height\":128,\"caption\":\"Catalogo | Letrame Grupo Editorial\"},\"image\":{\"@id\":\"https:\\\/\\\/letrame.com\\\/catalogo\\\/#\\\/schema\\\/logo\\\/image\\\/\"}}]}<\/script>\n<!-- \/ Yoast SEO plugin. -->","yoast_head_json":{"title":"Los misterios de mundos superiores - Catalogo | Letrame Grupo Editorial","robots":{"index":"index","follow":"follow","max-snippet":"max-snippet:-1","max-image-preview":"max-image-preview:large","max-video-preview":"max-video-preview:-1"},"canonical":"https:\/\/letrame.com\/catalogo\/producto\/los-misterios-de-mundos-superiores\/","og_locale":"es_ES","og_type":"article","og_title":"Los misterios de mundos superiores - Catalogo | Letrame Grupo Editorial","og_description":"ISBN: 978-84-17779-11-5 Por primera vez, la Mente Superior revela ante la humanidad la nov\u00edsima informaci\u00f3n sobre la composici\u00f3n de los mundos Superiores dirigidos por Dios, acerca de las Leyes que rigen la construcci\u00f3n y existencia de tales mundos, sobre el ser humano como un Ser c\u00f3smico y su lugar en el Sistema general de la Edificaci\u00f3n Universal. El libro contiene la extraordinaria informaci\u00f3n sobre el origen del ser humano y prop\u00f3sitos de su existencia, sobre los mundos paralelos de la Tierra y seres que viven en ellos, sobre la espiritualizaci\u00f3n de las formas y estructura hologr\u00e1fica de los mundos.","og_url":"https:\/\/letrame.com\/catalogo\/producto\/los-misterios-de-mundos-superiores\/","og_site_name":"Catalogo | Letrame Grupo Editorial","article_modified_time":"2024-04-18T08:54:32+00:00","og_image":[{"width":1751,"height":2560,"url":"https:\/\/letrame.com\/catalogo\/wp-content\/uploads\/2024\/04\/Portada-compressed-21-1-scaled-1.jpg","type":"image\/jpeg"}],"twitter_card":"summary_large_image","twitter_misc":{"Tiempo de lectura":"1 minuto"},"schema":{"@context":"https:\/\/schema.org","@graph":[{"@type":"WebPage","@id":"https:\/\/letrame.com\/catalogo\/producto\/los-misterios-de-mundos-superiores\/","url":"https:\/\/letrame.com\/catalogo\/producto\/los-misterios-de-mundos-superiores\/","name":"Los misterios de mundos superiores - Catalogo | Letrame Grupo Editorial","isPartOf":{"@id":"https:\/\/letrame.com\/catalogo\/#website"},"primaryImageOfPage":{"@id":"https:\/\/letrame.com\/catalogo\/producto\/los-misterios-de-mundos-superiores\/#primaryimage"},"image":{"@id":"https:\/\/letrame.com\/catalogo\/producto\/los-misterios-de-mundos-superiores\/#primaryimage"},"thumbnailUrl":"https:\/\/letrame.com\/catalogo\/wp-content\/uploads\/2024\/04\/Portada-compressed-21-1-scaled-1.jpg","datePublished":"2024-04-18T08:53:56+00:00","dateModified":"2024-04-18T08:54:32+00:00","breadcrumb":{"@id":"https:\/\/letrame.com\/catalogo\/producto\/los-misterios-de-mundos-superiores\/#breadcrumb"},"inLanguage":"es","potentialAction":[{"@type":"ReadAction","target":["https:\/\/letrame.com\/catalogo\/producto\/los-misterios-de-mundos-superiores\/"]}]},{"@type":"ImageObject","inLanguage":"es","@id":"https:\/\/letrame.com\/catalogo\/producto\/los-misterios-de-mundos-superiores\/#primaryimage","url":"https:\/\/letrame.com\/catalogo\/wp-content\/uploads\/2024\/04\/Portada-compressed-21-1-scaled-1.jpg","contentUrl":"https:\/\/letrame.com\/catalogo\/wp-content\/uploads\/2024\/04\/Portada-compressed-21-1-scaled-1.jpg","width":1751,"height":2560},{"@type":"BreadcrumbList","@id":"https:\/\/letrame.com\/catalogo\/producto\/los-misterios-de-mundos-superiores\/#breadcrumb","itemListElement":[{"@type":"ListItem","position":1,"name":"Portada","item":"https:\/\/letrame.com\/catalogo\/"},{"@type":"ListItem","position":2,"name":"Cat\u00e1logo","item":"https:\/\/letrame.com\/catalogo\/"},{"@type":"ListItem","position":3,"name":"Los misterios de mundos superiores"}]},{"@type":"WebSite","@id":"https:\/\/letrame.com\/catalogo\/#website","url":"https:\/\/letrame.com\/catalogo\/","name":"Catalogo | Letrame Grupo Editorial","description":"","publisher":{"@id":"https:\/\/letrame.com\/catalogo\/#organization"},"potentialAction":[{"@type":"SearchAction","target":{"@type":"EntryPoint","urlTemplate":"https:\/\/letrame.com\/catalogo\/?s={search_term_string}"},"query-input":{"@type":"PropertyValueSpecification","valueRequired":true,"valueName":"search_term_string"}}],"inLanguage":"es"},{"@type":"Organization","@id":"https:\/\/letrame.com\/catalogo\/#organization","name":"Catalogo | Letrame Grupo Editorial","url":"https:\/\/letrame.com\/catalogo\/","logo":{"@type":"ImageObject","inLanguage":"es","@id":"https:\/\/letrame.com\/catalogo\/#\/schema\/logo\/image\/","url":"https:\/\/letrame.com\/catalogo\/wp-content\/uploads\/2024\/03\/logo2.webp","contentUrl":"https:\/\/letrame.com\/catalogo\/wp-content\/uploads\/2024\/03\/logo2.webp","width":394,"height":128,"caption":"Catalogo | Letrame Grupo Editorial"},"image":{"@id":"https:\/\/letrame.com\/catalogo\/#\/schema\/logo\/image\/"}}]}},"_links":{"self":[{"href":"https:\/\/letrame.com\/catalogo\/wp-json\/wp\/v2\/product\/94512","targetHints":{"allow":["GET"]}}],"collection":[{"href":"https:\/\/letrame.com\/catalogo\/wp-json\/wp\/v2\/product"}],"about":[{"href":"https:\/\/letrame.com\/catalogo\/wp-json\/wp\/v2\/types\/product"}],"replies":[{"embeddable":true,"href":"https:\/\/letrame.com\/catalogo\/wp-json\/wp\/v2\/comments?post=94512"}],"acf:post":[{"embeddable":true,"href":"https:\/\/letrame.com\/catalogo\/wp-json\/wp\/v2\/author_book\/73427"}],"wp:featuredmedia":[{"embeddable":true,"href":"https:\/\/letrame.com\/catalogo\/wp-json\/wp\/v2\/media\/94513"}],"wp:attachment":[{"href":"https:\/\/letrame.com\/catalogo\/wp-json\/wp\/v2\/media?parent=94512"}],"wp:term":[{"taxonomy":"libro","embeddable":true,"href":"https:\/\/letrame.com\/catalogo\/wp-json\/wp\/v2\/libro?post=94512"},{"taxonomy":"product_brand","embeddable":true,"href":"https:\/\/letrame.com\/catalogo\/wp-json\/wp\/v2\/product_brand?post=94512"},{"taxonomy":"product_cat","embeddable":true,"href":"https:\/\/letrame.com\/catalogo\/wp-json\/wp\/v2\/product_cat?post=94512"},{"taxonomy":"product_tag","embeddable":true,"href":"https:\/\/letrame.com\/catalogo\/wp-json\/wp\/v2\/product_tag?post=94512"}],"curies":[{"name":"wp","href":"https:\/\/api.w.org\/{rel}","templated":true}]}}