{"id":94468,"date":"2024-04-18T10:50:12","date_gmt":"2024-04-18T08:50:12","guid":{"rendered":"https:\/\/letrame.com\/catalogo\/producto\/lo-importante-relatos-de-muchos-mundos\/"},"modified":"2024-04-18T10:50:12","modified_gmt":"2024-04-18T08:50:12","slug":"lo-importante-relatos-de-muchos-mundos","status":"publish","type":"product","link":"https:\/\/letrame.com\/catalogo\/producto\/lo-importante-relatos-de-muchos-mundos\/","title":{"rendered":"Lo Importante Relatos de Muchos Mundos"},"content":{"rendered":"<p><strong>ISBN<\/strong>: 978-84-17779-33-7<br \/>\n<strong>T\u00edtulo<\/strong>: Lo Importante Relatos de Muchos Mundos<br \/>\n<strong>Fecha<\/strong>: 2019<br \/>\n<strong>P\u00e1ginas<\/strong>: 142<\/p>\n<p>&nbsp;<\/p>\n<p><strong>SINOPSIS<\/strong><\/p>\n<section>\n<div class=\"about-this-book\">\n<div class=\"container\">\n<div class=\"right-detail shop-detail1 pull-right col-md-8 col-sm-8 col-xs-12\">\n<div id=\"editionnal-reviews\" class=\"book-desc-detail\"><span class=\"detail-desc box-detail-desc\">\u00bfQu\u00e9 pasar\u00eda si conduciendo por una carretera de monta\u00f1a encontraras un c\u00f3ndor inmenso que te obstruye el paso? \u00bfAlguna vez has notado que los pies se te mueven solos al escuchar un swing? \u00bfTe imaginas en el interior de una choza esperando la muerte? \u00bfHas pensado las miles de historias que se tejen alrededor de un \u00fanico n\u00e1ufrago en el Mediterr\u00e1neo? \u00bfHas so\u00f1ado con monta\u00f1as, con sobrevolar \u00c1frica en avioneta o en una cometa? \u00bfTe has preguntado qu\u00e9 es violencia? \u00bfCrees posible que un regalo pueda sorprenderte todav\u00eda? \u00bfO un trayecto en bus por Barcelona? En los relatos de este libro vivir\u00e1s d\u00edas de lluvia y sol en el Maestrazgo, en el Altiplano boliviano, en Barcelona, en el Congo, en el Mediterr\u00e1neo&#8230; Disfrutar\u00e1s la inocencia y la alegr\u00eda de vivir y seguir adelante. Te golpear\u00e1 la crudeza de las vidas de gente corriente de mundos muy diferentes que en realidad son solo uno: el nuestro. Y quiz\u00e1s, solo quiz\u00e1s, empieces a atisbar qu\u00e9 es Lo Importante.<\/span><\/div>\n<div id=\"clear-scroll\" class=\"clearfix\"><\/div>\n<\/div>\n<\/div>\n<\/div>\n<\/section>\n<div class=\"feature-section feature-option2\">\n<div class=\"container\">\n<div class=\"related products\">\n<div class=\"title-box\"><\/div>\n<\/div>\n<\/div>\n<\/div>\n","protected":false},"excerpt":{"rendered":"<p><strong>ISBN: 978-84-17779-33-7<\/strong><\/p>\n<p>En los relatos de este libro vivir\u00e1s d\u00edas de lluvia y sol en el Maestrazgo, en el Altiplano boliviano, en Barcelona, en el Congo, en el Mediterr\u00e1neo&#8230; Disfrutar\u00e1s la inocencia y la alegr\u00eda de vivir y seguir adelante. Te golpear\u00e1 la crudeza de las vidas de gente corriente de mundos muy diferentes que en realidad son solo uno: el nuestro. Y quiz\u00e1s, solo quiz\u00e1s, empieces a atisbar qu\u00e9 es Lo Importante.<\/p>\n","protected":false},"featured_media":94469,"comment_status":"closed","ping_status":"open","template":"","meta":{"_acf_changed":false},"libro":[],"product_brand":[],"product_cat":[21],"product_tag":[],"class_list":{"0":"post-94468","1":"product","2":"type-product","3":"status-publish","4":"has-post-thumbnail","6":"product_cat-relato","8":"first","9":"instock","10":"purchasable","11":"product-type-simple"},"acf":{"autor":[73387],"enlace_de_compra":""},"yoast_head":"<!-- This site is optimized with the Yoast SEO plugin v27.4 - https:\/\/yoast.com\/product\/yoast-seo-wordpress\/ -->\n<title>Lo Importante Relatos de Muchos Mundos - Catalogo | Letrame Grupo Editorial<\/title>\n<meta name=\"robots\" content=\"index, follow, max-snippet:-1, max-image-preview:large, max-video-preview:-1\" \/>\n<link rel=\"canonical\" href=\"https:\/\/letrame.com\/catalogo\/producto\/lo-importante-relatos-de-muchos-mundos\/\" \/>\n<meta property=\"og:locale\" content=\"es_ES\" \/>\n<meta property=\"og:type\" content=\"article\" \/>\n<meta property=\"og:title\" content=\"Lo Importante Relatos de Muchos Mundos - Catalogo | Letrame Grupo Editorial\" \/>\n<meta property=\"og:description\" content=\"ISBN: 978-84-17779-33-7 En los relatos de este libro vivir\u00e1s d\u00edas de lluvia y sol en el Maestrazgo, en el Altiplano boliviano, en Barcelona, en el Congo, en el Mediterr\u00e1neo... Disfrutar\u00e1s la inocencia y la alegr\u00eda de vivir y seguir adelante. Te golpear\u00e1 la crudeza de las vidas de gente corriente de mundos muy diferentes que en realidad son solo uno: el nuestro. Y quiz\u00e1s, solo quiz\u00e1s, empieces a atisbar qu\u00e9 es Lo Importante.\" \/>\n<meta property=\"og:url\" content=\"https:\/\/letrame.com\/catalogo\/producto\/lo-importante-relatos-de-muchos-mundos\/\" \/>\n<meta property=\"og:site_name\" content=\"Catalogo | Letrame Grupo Editorial\" \/>\n<meta property=\"og:image\" content=\"https:\/\/letrame.com\/catalogo\/wp-content\/uploads\/2024\/04\/portada_Loimportante_762mm-compressed.jpg\" \/>\n\t<meta property=\"og:image:width\" content=\"1772\" \/>\n\t<meta property=\"og:image:height\" content=\"2480\" \/>\n\t<meta property=\"og:image:type\" content=\"image\/jpeg\" \/>\n<meta name=\"twitter:card\" content=\"summary_large_image\" \/>\n<meta name=\"twitter:label1\" content=\"Tiempo de lectura\" \/>\n\t<meta name=\"twitter:data1\" content=\"1 minuto\" \/>\n<script type=\"application\/ld+json\" class=\"yoast-schema-graph\">{\"@context\":\"https:\\\/\\\/schema.org\",\"@graph\":[{\"@type\":\"WebPage\",\"@id\":\"https:\\\/\\\/letrame.com\\\/catalogo\\\/producto\\\/lo-importante-relatos-de-muchos-mundos\\\/\",\"url\":\"https:\\\/\\\/letrame.com\\\/catalogo\\\/producto\\\/lo-importante-relatos-de-muchos-mundos\\\/\",\"name\":\"Lo Importante Relatos de Muchos Mundos - Catalogo | Letrame Grupo Editorial\",\"isPartOf\":{\"@id\":\"https:\\\/\\\/letrame.com\\\/catalogo\\\/#website\"},\"primaryImageOfPage\":{\"@id\":\"https:\\\/\\\/letrame.com\\\/catalogo\\\/producto\\\/lo-importante-relatos-de-muchos-mundos\\\/#primaryimage\"},\"image\":{\"@id\":\"https:\\\/\\\/letrame.com\\\/catalogo\\\/producto\\\/lo-importante-relatos-de-muchos-mundos\\\/#primaryimage\"},\"thumbnailUrl\":\"https:\\\/\\\/letrame.com\\\/catalogo\\\/wp-content\\\/uploads\\\/2024\\\/04\\\/portada_Loimportante_762mm-compressed.jpg\",\"datePublished\":\"2024-04-18T08:50:12+00:00\",\"breadcrumb\":{\"@id\":\"https:\\\/\\\/letrame.com\\\/catalogo\\\/producto\\\/lo-importante-relatos-de-muchos-mundos\\\/#breadcrumb\"},\"inLanguage\":\"es\",\"potentialAction\":[{\"@type\":\"ReadAction\",\"target\":[\"https:\\\/\\\/letrame.com\\\/catalogo\\\/producto\\\/lo-importante-relatos-de-muchos-mundos\\\/\"]}]},{\"@type\":\"ImageObject\",\"inLanguage\":\"es\",\"@id\":\"https:\\\/\\\/letrame.com\\\/catalogo\\\/producto\\\/lo-importante-relatos-de-muchos-mundos\\\/#primaryimage\",\"url\":\"https:\\\/\\\/letrame.com\\\/catalogo\\\/wp-content\\\/uploads\\\/2024\\\/04\\\/portada_Loimportante_762mm-compressed.jpg\",\"contentUrl\":\"https:\\\/\\\/letrame.com\\\/catalogo\\\/wp-content\\\/uploads\\\/2024\\\/04\\\/portada_Loimportante_762mm-compressed.jpg\",\"width\":1772,\"height\":2480},{\"@type\":\"BreadcrumbList\",\"@id\":\"https:\\\/\\\/letrame.com\\\/catalogo\\\/producto\\\/lo-importante-relatos-de-muchos-mundos\\\/#breadcrumb\",\"itemListElement\":[{\"@type\":\"ListItem\",\"position\":1,\"name\":\"Portada\",\"item\":\"https:\\\/\\\/letrame.com\\\/catalogo\\\/\"},{\"@type\":\"ListItem\",\"position\":2,\"name\":\"Cat\u00e1logo\",\"item\":\"https:\\\/\\\/letrame.com\\\/catalogo\\\/\"},{\"@type\":\"ListItem\",\"position\":3,\"name\":\"Lo Importante Relatos de Muchos Mundos\"}]},{\"@type\":\"WebSite\",\"@id\":\"https:\\\/\\\/letrame.com\\\/catalogo\\\/#website\",\"url\":\"https:\\\/\\\/letrame.com\\\/catalogo\\\/\",\"name\":\"Catalogo | Letrame Grupo Editorial\",\"description\":\"\",\"publisher\":{\"@id\":\"https:\\\/\\\/letrame.com\\\/catalogo\\\/#organization\"},\"potentialAction\":[{\"@type\":\"SearchAction\",\"target\":{\"@type\":\"EntryPoint\",\"urlTemplate\":\"https:\\\/\\\/letrame.com\\\/catalogo\\\/?s={search_term_string}\"},\"query-input\":{\"@type\":\"PropertyValueSpecification\",\"valueRequired\":true,\"valueName\":\"search_term_string\"}}],\"inLanguage\":\"es\"},{\"@type\":\"Organization\",\"@id\":\"https:\\\/\\\/letrame.com\\\/catalogo\\\/#organization\",\"name\":\"Catalogo | Letrame Grupo Editorial\",\"url\":\"https:\\\/\\\/letrame.com\\\/catalogo\\\/\",\"logo\":{\"@type\":\"ImageObject\",\"inLanguage\":\"es\",\"@id\":\"https:\\\/\\\/letrame.com\\\/catalogo\\\/#\\\/schema\\\/logo\\\/image\\\/\",\"url\":\"https:\\\/\\\/letrame.com\\\/catalogo\\\/wp-content\\\/uploads\\\/2024\\\/03\\\/logo2.webp\",\"contentUrl\":\"https:\\\/\\\/letrame.com\\\/catalogo\\\/wp-content\\\/uploads\\\/2024\\\/03\\\/logo2.webp\",\"width\":394,\"height\":128,\"caption\":\"Catalogo | Letrame Grupo Editorial\"},\"image\":{\"@id\":\"https:\\\/\\\/letrame.com\\\/catalogo\\\/#\\\/schema\\\/logo\\\/image\\\/\"}}]}<\/script>\n<!-- \/ Yoast SEO plugin. -->","yoast_head_json":{"title":"Lo Importante Relatos de Muchos Mundos - Catalogo | Letrame Grupo Editorial","robots":{"index":"index","follow":"follow","max-snippet":"max-snippet:-1","max-image-preview":"max-image-preview:large","max-video-preview":"max-video-preview:-1"},"canonical":"https:\/\/letrame.com\/catalogo\/producto\/lo-importante-relatos-de-muchos-mundos\/","og_locale":"es_ES","og_type":"article","og_title":"Lo Importante Relatos de Muchos Mundos - Catalogo | Letrame Grupo Editorial","og_description":"ISBN: 978-84-17779-33-7 En los relatos de este libro vivir\u00e1s d\u00edas de lluvia y sol en el Maestrazgo, en el Altiplano boliviano, en Barcelona, en el Congo, en el Mediterr\u00e1neo... Disfrutar\u00e1s la inocencia y la alegr\u00eda de vivir y seguir adelante. Te golpear\u00e1 la crudeza de las vidas de gente corriente de mundos muy diferentes que en realidad son solo uno: el nuestro. Y quiz\u00e1s, solo quiz\u00e1s, empieces a atisbar qu\u00e9 es Lo Importante.","og_url":"https:\/\/letrame.com\/catalogo\/producto\/lo-importante-relatos-de-muchos-mundos\/","og_site_name":"Catalogo | Letrame Grupo Editorial","og_image":[{"width":1772,"height":2480,"url":"https:\/\/letrame.com\/catalogo\/wp-content\/uploads\/2024\/04\/portada_Loimportante_762mm-compressed.jpg","type":"image\/jpeg"}],"twitter_card":"summary_large_image","twitter_misc":{"Tiempo de lectura":"1 minuto"},"schema":{"@context":"https:\/\/schema.org","@graph":[{"@type":"WebPage","@id":"https:\/\/letrame.com\/catalogo\/producto\/lo-importante-relatos-de-muchos-mundos\/","url":"https:\/\/letrame.com\/catalogo\/producto\/lo-importante-relatos-de-muchos-mundos\/","name":"Lo Importante Relatos de Muchos Mundos - Catalogo | Letrame Grupo Editorial","isPartOf":{"@id":"https:\/\/letrame.com\/catalogo\/#website"},"primaryImageOfPage":{"@id":"https:\/\/letrame.com\/catalogo\/producto\/lo-importante-relatos-de-muchos-mundos\/#primaryimage"},"image":{"@id":"https:\/\/letrame.com\/catalogo\/producto\/lo-importante-relatos-de-muchos-mundos\/#primaryimage"},"thumbnailUrl":"https:\/\/letrame.com\/catalogo\/wp-content\/uploads\/2024\/04\/portada_Loimportante_762mm-compressed.jpg","datePublished":"2024-04-18T08:50:12+00:00","breadcrumb":{"@id":"https:\/\/letrame.com\/catalogo\/producto\/lo-importante-relatos-de-muchos-mundos\/#breadcrumb"},"inLanguage":"es","potentialAction":[{"@type":"ReadAction","target":["https:\/\/letrame.com\/catalogo\/producto\/lo-importante-relatos-de-muchos-mundos\/"]}]},{"@type":"ImageObject","inLanguage":"es","@id":"https:\/\/letrame.com\/catalogo\/producto\/lo-importante-relatos-de-muchos-mundos\/#primaryimage","url":"https:\/\/letrame.com\/catalogo\/wp-content\/uploads\/2024\/04\/portada_Loimportante_762mm-compressed.jpg","contentUrl":"https:\/\/letrame.com\/catalogo\/wp-content\/uploads\/2024\/04\/portada_Loimportante_762mm-compressed.jpg","width":1772,"height":2480},{"@type":"BreadcrumbList","@id":"https:\/\/letrame.com\/catalogo\/producto\/lo-importante-relatos-de-muchos-mundos\/#breadcrumb","itemListElement":[{"@type":"ListItem","position":1,"name":"Portada","item":"https:\/\/letrame.com\/catalogo\/"},{"@type":"ListItem","position":2,"name":"Cat\u00e1logo","item":"https:\/\/letrame.com\/catalogo\/"},{"@type":"ListItem","position":3,"name":"Lo Importante Relatos de Muchos Mundos"}]},{"@type":"WebSite","@id":"https:\/\/letrame.com\/catalogo\/#website","url":"https:\/\/letrame.com\/catalogo\/","name":"Catalogo | Letrame Grupo Editorial","description":"","publisher":{"@id":"https:\/\/letrame.com\/catalogo\/#organization"},"potentialAction":[{"@type":"SearchAction","target":{"@type":"EntryPoint","urlTemplate":"https:\/\/letrame.com\/catalogo\/?s={search_term_string}"},"query-input":{"@type":"PropertyValueSpecification","valueRequired":true,"valueName":"search_term_string"}}],"inLanguage":"es"},{"@type":"Organization","@id":"https:\/\/letrame.com\/catalogo\/#organization","name":"Catalogo | Letrame Grupo Editorial","url":"https:\/\/letrame.com\/catalogo\/","logo":{"@type":"ImageObject","inLanguage":"es","@id":"https:\/\/letrame.com\/catalogo\/#\/schema\/logo\/image\/","url":"https:\/\/letrame.com\/catalogo\/wp-content\/uploads\/2024\/03\/logo2.webp","contentUrl":"https:\/\/letrame.com\/catalogo\/wp-content\/uploads\/2024\/03\/logo2.webp","width":394,"height":128,"caption":"Catalogo | Letrame Grupo Editorial"},"image":{"@id":"https:\/\/letrame.com\/catalogo\/#\/schema\/logo\/image\/"}}]}},"_links":{"self":[{"href":"https:\/\/letrame.com\/catalogo\/wp-json\/wp\/v2\/product\/94468","targetHints":{"allow":["GET"]}}],"collection":[{"href":"https:\/\/letrame.com\/catalogo\/wp-json\/wp\/v2\/product"}],"about":[{"href":"https:\/\/letrame.com\/catalogo\/wp-json\/wp\/v2\/types\/product"}],"replies":[{"embeddable":true,"href":"https:\/\/letrame.com\/catalogo\/wp-json\/wp\/v2\/comments?post=94468"}],"acf:post":[{"embeddable":true,"href":"https:\/\/letrame.com\/catalogo\/wp-json\/wp\/v2\/author_book\/73387"}],"wp:featuredmedia":[{"embeddable":true,"href":"https:\/\/letrame.com\/catalogo\/wp-json\/wp\/v2\/media\/94469"}],"wp:attachment":[{"href":"https:\/\/letrame.com\/catalogo\/wp-json\/wp\/v2\/media?parent=94468"}],"wp:term":[{"taxonomy":"libro","embeddable":true,"href":"https:\/\/letrame.com\/catalogo\/wp-json\/wp\/v2\/libro?post=94468"},{"taxonomy":"product_brand","embeddable":true,"href":"https:\/\/letrame.com\/catalogo\/wp-json\/wp\/v2\/product_brand?post=94468"},{"taxonomy":"product_cat","embeddable":true,"href":"https:\/\/letrame.com\/catalogo\/wp-json\/wp\/v2\/product_cat?post=94468"},{"taxonomy":"product_tag","embeddable":true,"href":"https:\/\/letrame.com\/catalogo\/wp-json\/wp\/v2\/product_tag?post=94468"}],"curies":[{"name":"wp","href":"https:\/\/api.w.org\/{rel}","templated":true}]}}