{"id":94420,"date":"2024-04-18T10:45:30","date_gmt":"2024-04-18T08:45:30","guid":{"rendered":"https:\/\/letrame.com\/catalogo\/producto\/cuentame-el-sistema-metrico\/"},"modified":"2024-04-18T10:45:35","modified_gmt":"2024-04-18T08:45:35","slug":"cuentame-el-sistema-metrico","status":"publish","type":"product","link":"https:\/\/letrame.com\/catalogo\/producto\/cuentame-el-sistema-metrico\/","title":{"rendered":"Cu\u00e9ntame el Sistema M\u00e9trico"},"content":{"rendered":"<p><strong>ISBN<\/strong>: 978-84-17779-95-5<br \/>\n<strong>T\u00edtulo<\/strong>: Cu\u00e9ntame el Sistema M\u00e9trico<br \/>\n<strong>Fecha<\/strong>: 2019<br \/>\n<strong>P\u00e1ginas<\/strong>: 112<\/p>\n<p>&nbsp;<\/p>\n<p><strong>SINOPSIS<\/strong><\/p>\n<p>La novel escritora Mar\u00eda Jos\u00e9 Rodr\u00edguez Blanco nos adentra en el origen del sistema m\u00e9trico decimal con sorprendente agilidad y destreza. La unificaci\u00f3n del sistema m\u00e9trico fue un proceso largo y complejo puesto que desde sus or\u00edgenes la humanidad ten\u00eda la necesidad de contar y medir todo lo que estaba a su alcance. Pero no fue hasta la revoluci\u00f3n francesa cuando se establecieron criterios de medici\u00f3n universal.Por otro lado, son responsables de este trabajo dos investigadores: Fran\u00e7ois Pierre Andr\u00e9 Mechais y Jean Baptiste Joseph Delambre, con la colaboraci\u00f3n del investigador Gabriel C\u00edscar y C\u00edscar. Tomando como punto de partida la ciudad de Barcelona con el fin de establecer un sistema de unidades \u00fanicas en todo el mundo, que tiene contribuido par consolidar la capital catalana no solo como una referencia cultural, econ\u00f3mica y social, sino tambi\u00e9n como un epicentro del sistema m\u00e9trico.<\/p>\n","protected":false},"excerpt":{"rendered":"<p><strong><span class=\"sku_wrapper\">ISBN:\u00a0<span class=\"sku\">978-84-17779-95-5<\/span><\/span><\/strong><\/p>\n<p>La unificaci\u00f3n del sistema m\u00e9trico fue un proceso largo y complejo puesto que desde sus or\u00edgenes la humanidad ten\u00eda la necesidad de contar y medir todo lo que estaba a su alcance. Pero no fue hasta la revoluci\u00f3n francesa cuando se establecieron criterios de medici\u00f3n universal.Por otro lado, son responsables de este trabajo dos investigadores: Fran\u00e7ois Pierre Andr\u00e9 Mechais y Jean Baptiste Joseph Delambre, con la colaboraci\u00f3n del investigador Gabriel C\u00edscar y C\u00edscar.<\/p>\n","protected":false},"featured_media":94421,"comment_status":"closed","ping_status":"open","template":"","meta":{"_acf_changed":false},"libro":[],"product_brand":[],"product_cat":[23],"product_tag":[],"class_list":{"0":"post-94420","1":"product","2":"type-product","3":"status-publish","4":"has-post-thumbnail","6":"product_cat-ensayos","8":"first","9":"instock","10":"purchasable","11":"product-type-simple"},"acf":{"autor":[73354],"enlace_de_compra":"https:\/\/www.amazon.es\/Cu%C3%A9ntame-el-sistema-m%C3%A9trico-Investigaci%C3%B3n\/dp\/8417779957\/ref=sr_1_1?__mk_es_ES=%C3%85M%C3%85%C5%BD%C3%95%C3%91&amp&dchild=1&amp&keywords=Cu%C3%A9ntame+el+Sistema+M%C3%A9trico+letrame&amp&qid=1591282142&amp&s=books&amp&sr=1-1"},"yoast_head":"<!-- This site is optimized with the Yoast SEO plugin v27.4 - https:\/\/yoast.com\/product\/yoast-seo-wordpress\/ -->\n<title>Cu\u00e9ntame el Sistema M\u00e9trico - Catalogo | Letrame Grupo Editorial<\/title>\n<meta name=\"robots\" content=\"index, follow, max-snippet:-1, max-image-preview:large, max-video-preview:-1\" \/>\n<link rel=\"canonical\" href=\"https:\/\/letrame.com\/catalogo\/producto\/cuentame-el-sistema-metrico\/\" \/>\n<meta property=\"og:locale\" content=\"es_ES\" \/>\n<meta property=\"og:type\" content=\"article\" \/>\n<meta property=\"og:title\" content=\"Cu\u00e9ntame el Sistema M\u00e9trico - Catalogo | Letrame Grupo Editorial\" \/>\n<meta property=\"og:description\" content=\"ISBN:\u00a0978-84-17779-95-5 La unificaci\u00f3n del sistema m\u00e9trico fue un proceso largo y complejo puesto que desde sus or\u00edgenes la humanidad ten\u00eda la necesidad de contar y medir todo lo que estaba a su alcance. Pero no fue hasta la revoluci\u00f3n francesa cuando se establecieron criterios de medici\u00f3n universal.Por otro lado, son responsables de este trabajo dos investigadores: Fran\u00e7ois Pierre Andr\u00e9 Mechais y Jean Baptiste Joseph Delambre, con la colaboraci\u00f3n del investigador Gabriel C\u00edscar y C\u00edscar.\" \/>\n<meta property=\"og:url\" content=\"https:\/\/letrame.com\/catalogo\/producto\/cuentame-el-sistema-metrico\/\" \/>\n<meta property=\"og:site_name\" content=\"Catalogo | Letrame Grupo Editorial\" \/>\n<meta property=\"article:modified_time\" content=\"2024-04-18T08:45:35+00:00\" \/>\n<meta property=\"og:image\" content=\"https:\/\/letrame.com\/catalogo\/wp-content\/uploads\/2024\/04\/portada_Nacimientodelsistema_6mm-compressed.jpg\" \/>\n\t<meta property=\"og:image:width\" content=\"1772\" \/>\n\t<meta property=\"og:image:height\" content=\"2480\" \/>\n\t<meta property=\"og:image:type\" content=\"image\/jpeg\" \/>\n<meta name=\"twitter:card\" content=\"summary_large_image\" \/>\n<meta name=\"twitter:label1\" content=\"Tiempo de lectura\" \/>\n\t<meta name=\"twitter:data1\" content=\"1 minuto\" \/>\n<script type=\"application\/ld+json\" class=\"yoast-schema-graph\">{\"@context\":\"https:\\\/\\\/schema.org\",\"@graph\":[{\"@type\":\"WebPage\",\"@id\":\"https:\\\/\\\/letrame.com\\\/catalogo\\\/producto\\\/cuentame-el-sistema-metrico\\\/\",\"url\":\"https:\\\/\\\/letrame.com\\\/catalogo\\\/producto\\\/cuentame-el-sistema-metrico\\\/\",\"name\":\"Cu\u00e9ntame el Sistema M\u00e9trico - Catalogo | Letrame Grupo Editorial\",\"isPartOf\":{\"@id\":\"https:\\\/\\\/letrame.com\\\/catalogo\\\/#website\"},\"primaryImageOfPage\":{\"@id\":\"https:\\\/\\\/letrame.com\\\/catalogo\\\/producto\\\/cuentame-el-sistema-metrico\\\/#primaryimage\"},\"image\":{\"@id\":\"https:\\\/\\\/letrame.com\\\/catalogo\\\/producto\\\/cuentame-el-sistema-metrico\\\/#primaryimage\"},\"thumbnailUrl\":\"https:\\\/\\\/letrame.com\\\/catalogo\\\/wp-content\\\/uploads\\\/2024\\\/04\\\/portada_Nacimientodelsistema_6mm-compressed.jpg\",\"datePublished\":\"2024-04-18T08:45:30+00:00\",\"dateModified\":\"2024-04-18T08:45:35+00:00\",\"breadcrumb\":{\"@id\":\"https:\\\/\\\/letrame.com\\\/catalogo\\\/producto\\\/cuentame-el-sistema-metrico\\\/#breadcrumb\"},\"inLanguage\":\"es\",\"potentialAction\":[{\"@type\":\"ReadAction\",\"target\":[\"https:\\\/\\\/letrame.com\\\/catalogo\\\/producto\\\/cuentame-el-sistema-metrico\\\/\"]}]},{\"@type\":\"ImageObject\",\"inLanguage\":\"es\",\"@id\":\"https:\\\/\\\/letrame.com\\\/catalogo\\\/producto\\\/cuentame-el-sistema-metrico\\\/#primaryimage\",\"url\":\"https:\\\/\\\/letrame.com\\\/catalogo\\\/wp-content\\\/uploads\\\/2024\\\/04\\\/portada_Nacimientodelsistema_6mm-compressed.jpg\",\"contentUrl\":\"https:\\\/\\\/letrame.com\\\/catalogo\\\/wp-content\\\/uploads\\\/2024\\\/04\\\/portada_Nacimientodelsistema_6mm-compressed.jpg\",\"width\":1772,\"height\":2480},{\"@type\":\"BreadcrumbList\",\"@id\":\"https:\\\/\\\/letrame.com\\\/catalogo\\\/producto\\\/cuentame-el-sistema-metrico\\\/#breadcrumb\",\"itemListElement\":[{\"@type\":\"ListItem\",\"position\":1,\"name\":\"Portada\",\"item\":\"https:\\\/\\\/letrame.com\\\/catalogo\\\/\"},{\"@type\":\"ListItem\",\"position\":2,\"name\":\"Cat\u00e1logo\",\"item\":\"https:\\\/\\\/letrame.com\\\/catalogo\\\/\"},{\"@type\":\"ListItem\",\"position\":3,\"name\":\"Cu\u00e9ntame el Sistema M\u00e9trico\"}]},{\"@type\":\"WebSite\",\"@id\":\"https:\\\/\\\/letrame.com\\\/catalogo\\\/#website\",\"url\":\"https:\\\/\\\/letrame.com\\\/catalogo\\\/\",\"name\":\"Catalogo | Letrame Grupo Editorial\",\"description\":\"\",\"publisher\":{\"@id\":\"https:\\\/\\\/letrame.com\\\/catalogo\\\/#organization\"},\"potentialAction\":[{\"@type\":\"SearchAction\",\"target\":{\"@type\":\"EntryPoint\",\"urlTemplate\":\"https:\\\/\\\/letrame.com\\\/catalogo\\\/?s={search_term_string}\"},\"query-input\":{\"@type\":\"PropertyValueSpecification\",\"valueRequired\":true,\"valueName\":\"search_term_string\"}}],\"inLanguage\":\"es\"},{\"@type\":\"Organization\",\"@id\":\"https:\\\/\\\/letrame.com\\\/catalogo\\\/#organization\",\"name\":\"Catalogo | Letrame Grupo Editorial\",\"url\":\"https:\\\/\\\/letrame.com\\\/catalogo\\\/\",\"logo\":{\"@type\":\"ImageObject\",\"inLanguage\":\"es\",\"@id\":\"https:\\\/\\\/letrame.com\\\/catalogo\\\/#\\\/schema\\\/logo\\\/image\\\/\",\"url\":\"https:\\\/\\\/letrame.com\\\/catalogo\\\/wp-content\\\/uploads\\\/2024\\\/03\\\/logo2.webp\",\"contentUrl\":\"https:\\\/\\\/letrame.com\\\/catalogo\\\/wp-content\\\/uploads\\\/2024\\\/03\\\/logo2.webp\",\"width\":394,\"height\":128,\"caption\":\"Catalogo | Letrame Grupo Editorial\"},\"image\":{\"@id\":\"https:\\\/\\\/letrame.com\\\/catalogo\\\/#\\\/schema\\\/logo\\\/image\\\/\"}}]}<\/script>\n<!-- \/ Yoast SEO plugin. -->","yoast_head_json":{"title":"Cu\u00e9ntame el Sistema M\u00e9trico - Catalogo | Letrame Grupo Editorial","robots":{"index":"index","follow":"follow","max-snippet":"max-snippet:-1","max-image-preview":"max-image-preview:large","max-video-preview":"max-video-preview:-1"},"canonical":"https:\/\/letrame.com\/catalogo\/producto\/cuentame-el-sistema-metrico\/","og_locale":"es_ES","og_type":"article","og_title":"Cu\u00e9ntame el Sistema M\u00e9trico - Catalogo | Letrame Grupo Editorial","og_description":"ISBN:\u00a0978-84-17779-95-5 La unificaci\u00f3n del sistema m\u00e9trico fue un proceso largo y complejo puesto que desde sus or\u00edgenes la humanidad ten\u00eda la necesidad de contar y medir todo lo que estaba a su alcance. Pero no fue hasta la revoluci\u00f3n francesa cuando se establecieron criterios de medici\u00f3n universal.Por otro lado, son responsables de este trabajo dos investigadores: Fran\u00e7ois Pierre Andr\u00e9 Mechais y Jean Baptiste Joseph Delambre, con la colaboraci\u00f3n del investigador Gabriel C\u00edscar y C\u00edscar.","og_url":"https:\/\/letrame.com\/catalogo\/producto\/cuentame-el-sistema-metrico\/","og_site_name":"Catalogo | Letrame Grupo Editorial","article_modified_time":"2024-04-18T08:45:35+00:00","og_image":[{"width":1772,"height":2480,"url":"https:\/\/letrame.com\/catalogo\/wp-content\/uploads\/2024\/04\/portada_Nacimientodelsistema_6mm-compressed.jpg","type":"image\/jpeg"}],"twitter_card":"summary_large_image","twitter_misc":{"Tiempo de lectura":"1 minuto"},"schema":{"@context":"https:\/\/schema.org","@graph":[{"@type":"WebPage","@id":"https:\/\/letrame.com\/catalogo\/producto\/cuentame-el-sistema-metrico\/","url":"https:\/\/letrame.com\/catalogo\/producto\/cuentame-el-sistema-metrico\/","name":"Cu\u00e9ntame el Sistema M\u00e9trico - Catalogo | Letrame Grupo Editorial","isPartOf":{"@id":"https:\/\/letrame.com\/catalogo\/#website"},"primaryImageOfPage":{"@id":"https:\/\/letrame.com\/catalogo\/producto\/cuentame-el-sistema-metrico\/#primaryimage"},"image":{"@id":"https:\/\/letrame.com\/catalogo\/producto\/cuentame-el-sistema-metrico\/#primaryimage"},"thumbnailUrl":"https:\/\/letrame.com\/catalogo\/wp-content\/uploads\/2024\/04\/portada_Nacimientodelsistema_6mm-compressed.jpg","datePublished":"2024-04-18T08:45:30+00:00","dateModified":"2024-04-18T08:45:35+00:00","breadcrumb":{"@id":"https:\/\/letrame.com\/catalogo\/producto\/cuentame-el-sistema-metrico\/#breadcrumb"},"inLanguage":"es","potentialAction":[{"@type":"ReadAction","target":["https:\/\/letrame.com\/catalogo\/producto\/cuentame-el-sistema-metrico\/"]}]},{"@type":"ImageObject","inLanguage":"es","@id":"https:\/\/letrame.com\/catalogo\/producto\/cuentame-el-sistema-metrico\/#primaryimage","url":"https:\/\/letrame.com\/catalogo\/wp-content\/uploads\/2024\/04\/portada_Nacimientodelsistema_6mm-compressed.jpg","contentUrl":"https:\/\/letrame.com\/catalogo\/wp-content\/uploads\/2024\/04\/portada_Nacimientodelsistema_6mm-compressed.jpg","width":1772,"height":2480},{"@type":"BreadcrumbList","@id":"https:\/\/letrame.com\/catalogo\/producto\/cuentame-el-sistema-metrico\/#breadcrumb","itemListElement":[{"@type":"ListItem","position":1,"name":"Portada","item":"https:\/\/letrame.com\/catalogo\/"},{"@type":"ListItem","position":2,"name":"Cat\u00e1logo","item":"https:\/\/letrame.com\/catalogo\/"},{"@type":"ListItem","position":3,"name":"Cu\u00e9ntame el Sistema M\u00e9trico"}]},{"@type":"WebSite","@id":"https:\/\/letrame.com\/catalogo\/#website","url":"https:\/\/letrame.com\/catalogo\/","name":"Catalogo | Letrame Grupo Editorial","description":"","publisher":{"@id":"https:\/\/letrame.com\/catalogo\/#organization"},"potentialAction":[{"@type":"SearchAction","target":{"@type":"EntryPoint","urlTemplate":"https:\/\/letrame.com\/catalogo\/?s={search_term_string}"},"query-input":{"@type":"PropertyValueSpecification","valueRequired":true,"valueName":"search_term_string"}}],"inLanguage":"es"},{"@type":"Organization","@id":"https:\/\/letrame.com\/catalogo\/#organization","name":"Catalogo | Letrame Grupo Editorial","url":"https:\/\/letrame.com\/catalogo\/","logo":{"@type":"ImageObject","inLanguage":"es","@id":"https:\/\/letrame.com\/catalogo\/#\/schema\/logo\/image\/","url":"https:\/\/letrame.com\/catalogo\/wp-content\/uploads\/2024\/03\/logo2.webp","contentUrl":"https:\/\/letrame.com\/catalogo\/wp-content\/uploads\/2024\/03\/logo2.webp","width":394,"height":128,"caption":"Catalogo | Letrame Grupo Editorial"},"image":{"@id":"https:\/\/letrame.com\/catalogo\/#\/schema\/logo\/image\/"}}]}},"_links":{"self":[{"href":"https:\/\/letrame.com\/catalogo\/wp-json\/wp\/v2\/product\/94420","targetHints":{"allow":["GET"]}}],"collection":[{"href":"https:\/\/letrame.com\/catalogo\/wp-json\/wp\/v2\/product"}],"about":[{"href":"https:\/\/letrame.com\/catalogo\/wp-json\/wp\/v2\/types\/product"}],"replies":[{"embeddable":true,"href":"https:\/\/letrame.com\/catalogo\/wp-json\/wp\/v2\/comments?post=94420"}],"acf:post":[{"embeddable":true,"href":"https:\/\/letrame.com\/catalogo\/wp-json\/wp\/v2\/author_book\/73354"}],"wp:featuredmedia":[{"embeddable":true,"href":"https:\/\/letrame.com\/catalogo\/wp-json\/wp\/v2\/media\/94421"}],"wp:attachment":[{"href":"https:\/\/letrame.com\/catalogo\/wp-json\/wp\/v2\/media?parent=94420"}],"wp:term":[{"taxonomy":"libro","embeddable":true,"href":"https:\/\/letrame.com\/catalogo\/wp-json\/wp\/v2\/libro?post=94420"},{"taxonomy":"product_brand","embeddable":true,"href":"https:\/\/letrame.com\/catalogo\/wp-json\/wp\/v2\/product_brand?post=94420"},{"taxonomy":"product_cat","embeddable":true,"href":"https:\/\/letrame.com\/catalogo\/wp-json\/wp\/v2\/product_cat?post=94420"},{"taxonomy":"product_tag","embeddable":true,"href":"https:\/\/letrame.com\/catalogo\/wp-json\/wp\/v2\/product_tag?post=94420"}],"curies":[{"name":"wp","href":"https:\/\/api.w.org\/{rel}","templated":true}]}}