{"id":94407,"date":"2024-04-18T10:43:18","date_gmt":"2024-04-18T08:43:18","guid":{"rendered":"https:\/\/letrame.com\/catalogo\/producto\/la-puerta-cerrada\/"},"modified":"2024-04-18T10:44:09","modified_gmt":"2024-04-18T08:44:09","slug":"la-puerta-cerrada","status":"publish","type":"product","link":"https:\/\/letrame.com\/catalogo\/producto\/la-puerta-cerrada\/","title":{"rendered":"La puerta cerrada"},"content":{"rendered":"<p><strong>ISBN<\/strong>: &nbsp;<span class=\"sku\">978-84-17657-85-7<\/span><br \/>\n<strong>T\u00edtulo<\/strong>: La puerta cerrada<br \/>\n<strong>Fecha<\/strong>: 2019<br \/>\n<strong>P\u00e1ginas<\/strong>: 114<\/p>\n<p>&nbsp;<\/p>\n<p><strong>SINOPSIS<\/strong><\/p>\n<section>\n<div class=\"about-this-book\">\n<div class=\"container\">\n<div class=\"right-detail shop-detail1 pull-right col-md-8 col-sm-8 col-xs-12\">\n<div id=\"editionnal-reviews\" class=\"book-desc-detail\"><span class=\"detail-desc box-detail-desc\">Hay que decirlo. La puerta, que el poeta dice cerrada, para \u00e9l, por lo que se ve, sigue estando abierta. Al menos para su quehacer literario. As\u00ed, vuelve por sus sendas l\u00edricas m\u00e1s conocidas, que ahora dicen intimistas, cuando son afectivas o rom\u00e1nticas, cuya l\u00ednea cabe decir que nunca ha dejado el poeta a pesar de sus otros libros, de temas distintos. Podemos, pues, referir sus 25 a\u00f1os al frente de la revista Alto Nal\u00f3n y ya es decir mucho, en cuyo tiempo fueron saliendo otros libros suyos, de tem\u00e1tica variada a la que ahora ofrece en este libro. Hacer constar t\u00edtulos ser\u00eda inadecuado. Lo que s\u00ed cabe decir de \u00e9l es su necesidad de escribir, acaso con la simple palabra del vivir cotidiano; pero escribir de todos modos para salir de la rutina del ambiente que le envuelve. Y m\u00e1s en la cuenca minera asturiana. La Puerta Cerrada es un t\u00edtulo repetido, ya que ha sido publicado en un cuaderno impreso en Mirando de Ebro, en 1995, en la Colecci\u00f3n Est\u00edo. Lo que ahora hace el poeta es, como consta en portada, reimprimirlo y aumentarlo. Y es aqu\u00ed donde se\u00f1alamos que el aumento es notablemente m\u00e1s variado y rico, m\u00e1s digno de glosa, que es lo que hacemos aqu\u00ed, a la vista del conjunto po\u00e9tico que constituye este libro que, m\u00e1s que una Puerta Cerrada, es una Puerta Abierta para adentrarse en el alma sentimental de los poetas, a veces tan llenas de abnegaciones y sacrificios y otras tan repleta de amarguras. O de ficciones. Lo cierto es que el poeta ha elegido un temario as\u00ed porque en la poes\u00eda sentimental, o l\u00edricamente afectiva, son esos y no otros los fuegos que arden en la hoguera de las venturas y desventuras humanas. Los poetas las trasmiten en verso. La eternidad de la poes\u00eda sigue estando en el romanticismo. Y la admiraci\u00f3n y aceptaci\u00f3n de la misma, tambi\u00e9n. No es verdad que el romanticismo est\u00e9 trasnochado, como algunos dicen, acaso incapaces de saber lo que es un \u00e1pice de sensibilidad. El origen de la poes\u00eda m\u00e1s emotiva siempre estuvo en el amor y en el drama, en sus alteraciones y devaneos, que son tanto mayores cuanto m\u00e1s afecten al g\u00e9nero humano. Y los poetas son y han sido los que siempre han elevado a cimas de gloria incluso los dramas eternos del amor. Dudoso ser\u00e1 que haya quien se ruborice ante temas del sentimiento, al fin propios de la naturaleza. En todo caso, peor para tales, porque denotar\u00e1n que carecen de sensibilidad y sentimiento, cosa harto frecuente en la actualidad, lamentablemente, donde impera m\u00e1s que la admiraci\u00f3n por la belleza, la exacerbaci\u00f3n por la rudeza y la vulgaridad. Para quien prefiera esto, libros como La Puerta Cerrada de Albino Su\u00e1rez no son recomendables. Les herir\u00eda los sentimientos. Que no s\u00e9 si las carnes\u2026<\/span><\/div>\n<div id=\"clear-scroll\" class=\"clearfix\"><\/div>\n<\/div>\n<\/div>\n<\/div>\n<\/section>\n<div class=\"feature-section feature-option2\">\n<div class=\"container\">\n<div class=\"related products\">\n<div class=\"title-box\"><\/div>\n<\/div>\n<\/div>\n<\/div>\n","protected":false},"excerpt":{"rendered":"<p><strong>ISBN: 978-84-17657-85-7<\/strong><\/p>\n<p>Hay que decirlo. La puerta, que el poeta dice cerrada, para \u00e9l, por lo que se ve, sigue estando abierta. Al menos para su quehacer literario. As\u00ed, vuelve por sus sendas l\u00edricas m\u00e1s conocidas, que ahora dicen intimistas, cuando son afectivas o rom\u00e1nticas, cuya l\u00ednea cabe decir que nunca ha dejado el poeta a pesar de sus otros libros, de temas distintos. Podemos, pues, referir sus 25 a\u00f1os al frente de la revista Alto Nal\u00f3n y ya es decir mucho, en cuyo tiempo fueron saliendo otros libros suyos, de tem\u00e1tica variada a la que ahora ofrece en este libro. Hacer constar t\u00edtulos ser\u00eda inadecuado. Lo que s\u00ed cabe decir de \u00e9l es su necesidad de escribir, acaso con la simple palabra del vivir cotidiano; pero escribir de todos modos para salir de la rutina del ambiente que le envuelve.<\/p>\n","protected":false},"featured_media":94408,"comment_status":"closed","ping_status":"open","template":"","meta":{"_acf_changed":false},"libro":[],"product_brand":[],"product_cat":[20],"product_tag":[],"class_list":{"0":"post-94407","1":"product","2":"type-product","3":"status-publish","4":"has-post-thumbnail","6":"product_cat-poesia","8":"first","9":"instock","10":"purchasable","11":"product-type-simple"},"acf":{"autor":[73338],"enlace_de_compra":"https:\/\/www.todostuslibros.com\/libros\/la-puerta-cerrada_978-84-17657-85-7"},"yoast_head":"<!-- This site is optimized with the Yoast SEO plugin v26.6 - https:\/\/yoast.com\/wordpress\/plugins\/seo\/ -->\n<title>La puerta cerrada - Catalogo | Letrame Grupo Editorial<\/title>\n<meta name=\"robots\" content=\"index, follow, max-snippet:-1, max-image-preview:large, max-video-preview:-1\" \/>\n<link rel=\"canonical\" href=\"https:\/\/letrame.com\/catalogo\/producto\/la-puerta-cerrada\/\" \/>\n<meta property=\"og:locale\" content=\"es_ES\" \/>\n<meta property=\"og:type\" content=\"article\" \/>\n<meta property=\"og:title\" content=\"La puerta cerrada - Catalogo | Letrame Grupo Editorial\" \/>\n<meta property=\"og:description\" content=\"ISBN: 978-84-17657-85-7 Hay que decirlo. La puerta, que el poeta dice cerrada, para \u00e9l, por lo que se ve, sigue estando abierta. Al menos para su quehacer literario. As\u00ed, vuelve por sus sendas l\u00edricas m\u00e1s conocidas, que ahora dicen intimistas, cuando son afectivas o rom\u00e1nticas, cuya l\u00ednea cabe decir que nunca ha dejado el poeta a pesar de sus otros libros, de temas distintos. Podemos, pues, referir sus 25 a\u00f1os al frente de la revista Alto Nal\u00f3n y ya es decir mucho, en cuyo tiempo fueron saliendo otros libros suyos, de tem\u00e1tica variada a la que ahora ofrece en este libro. Hacer constar t\u00edtulos ser\u00eda inadecuado. Lo que s\u00ed cabe decir de \u00e9l es su necesidad de escribir, acaso con la simple palabra del vivir cotidiano; pero escribir de todos modos para salir de la rutina del ambiente que le envuelve.\" \/>\n<meta property=\"og:url\" content=\"https:\/\/letrame.com\/catalogo\/producto\/la-puerta-cerrada\/\" \/>\n<meta property=\"og:site_name\" content=\"Catalogo | Letrame Grupo Editorial\" \/>\n<meta property=\"article:modified_time\" content=\"2024-04-18T08:44:09+00:00\" \/>\n<meta property=\"og:image\" content=\"https:\/\/letrame.com\/catalogo\/wp-content\/uploads\/2024\/04\/Lapuertacerrada-compressed.jpg\" \/>\n\t<meta property=\"og:image:width\" content=\"1772\" \/>\n\t<meta property=\"og:image:height\" content=\"2480\" \/>\n\t<meta property=\"og:image:type\" content=\"image\/jpeg\" \/>\n<meta name=\"twitter:card\" content=\"summary_large_image\" \/>\n<meta name=\"twitter:label1\" content=\"Tiempo de lectura\" \/>\n\t<meta name=\"twitter:data1\" content=\"3 minutos\" \/>\n<script type=\"application\/ld+json\" class=\"yoast-schema-graph\">{\"@context\":\"https:\/\/schema.org\",\"@graph\":[{\"@type\":\"WebPage\",\"@id\":\"https:\/\/letrame.com\/catalogo\/producto\/la-puerta-cerrada\/\",\"url\":\"https:\/\/letrame.com\/catalogo\/producto\/la-puerta-cerrada\/\",\"name\":\"La puerta cerrada - Catalogo | Letrame Grupo Editorial\",\"isPartOf\":{\"@id\":\"https:\/\/letrame.com\/catalogo\/#website\"},\"primaryImageOfPage\":{\"@id\":\"https:\/\/letrame.com\/catalogo\/producto\/la-puerta-cerrada\/#primaryimage\"},\"image\":{\"@id\":\"https:\/\/letrame.com\/catalogo\/producto\/la-puerta-cerrada\/#primaryimage\"},\"thumbnailUrl\":\"https:\/\/letrame.com\/catalogo\/wp-content\/uploads\/2024\/04\/Lapuertacerrada-compressed.jpg\",\"datePublished\":\"2024-04-18T08:43:18+00:00\",\"dateModified\":\"2024-04-18T08:44:09+00:00\",\"breadcrumb\":{\"@id\":\"https:\/\/letrame.com\/catalogo\/producto\/la-puerta-cerrada\/#breadcrumb\"},\"inLanguage\":\"es\",\"potentialAction\":[{\"@type\":\"ReadAction\",\"target\":[\"https:\/\/letrame.com\/catalogo\/producto\/la-puerta-cerrada\/\"]}]},{\"@type\":\"ImageObject\",\"inLanguage\":\"es\",\"@id\":\"https:\/\/letrame.com\/catalogo\/producto\/la-puerta-cerrada\/#primaryimage\",\"url\":\"https:\/\/letrame.com\/catalogo\/wp-content\/uploads\/2024\/04\/Lapuertacerrada-compressed.jpg\",\"contentUrl\":\"https:\/\/letrame.com\/catalogo\/wp-content\/uploads\/2024\/04\/Lapuertacerrada-compressed.jpg\",\"width\":1772,\"height\":2480},{\"@type\":\"BreadcrumbList\",\"@id\":\"https:\/\/letrame.com\/catalogo\/producto\/la-puerta-cerrada\/#breadcrumb\",\"itemListElement\":[{\"@type\":\"ListItem\",\"position\":1,\"name\":\"Portada\",\"item\":\"https:\/\/letrame.com\/catalogo\/\"},{\"@type\":\"ListItem\",\"position\":2,\"name\":\"Cat\u00e1logo\",\"item\":\"https:\/\/letrame.com\/catalogo\/\"},{\"@type\":\"ListItem\",\"position\":3,\"name\":\"La puerta cerrada\"}]},{\"@type\":\"WebSite\",\"@id\":\"https:\/\/letrame.com\/catalogo\/#website\",\"url\":\"https:\/\/letrame.com\/catalogo\/\",\"name\":\"Catalogo | Letrame Grupo Editorial\",\"description\":\"\",\"publisher\":{\"@id\":\"https:\/\/letrame.com\/catalogo\/#organization\"},\"potentialAction\":[{\"@type\":\"SearchAction\",\"target\":{\"@type\":\"EntryPoint\",\"urlTemplate\":\"https:\/\/letrame.com\/catalogo\/?s={search_term_string}\"},\"query-input\":{\"@type\":\"PropertyValueSpecification\",\"valueRequired\":true,\"valueName\":\"search_term_string\"}}],\"inLanguage\":\"es\"},{\"@type\":\"Organization\",\"@id\":\"https:\/\/letrame.com\/catalogo\/#organization\",\"name\":\"Catalogo | Letrame Grupo Editorial\",\"url\":\"https:\/\/letrame.com\/catalogo\/\",\"logo\":{\"@type\":\"ImageObject\",\"inLanguage\":\"es\",\"@id\":\"https:\/\/letrame.com\/catalogo\/#\/schema\/logo\/image\/\",\"url\":\"https:\/\/letrame.com\/catalogo\/wp-content\/uploads\/2024\/03\/logo2.webp\",\"contentUrl\":\"https:\/\/letrame.com\/catalogo\/wp-content\/uploads\/2024\/03\/logo2.webp\",\"width\":394,\"height\":128,\"caption\":\"Catalogo | Letrame Grupo Editorial\"},\"image\":{\"@id\":\"https:\/\/letrame.com\/catalogo\/#\/schema\/logo\/image\/\"}}]}<\/script>\n<!-- \/ Yoast SEO plugin. -->","yoast_head_json":{"title":"La puerta cerrada - Catalogo | Letrame Grupo Editorial","robots":{"index":"index","follow":"follow","max-snippet":"max-snippet:-1","max-image-preview":"max-image-preview:large","max-video-preview":"max-video-preview:-1"},"canonical":"https:\/\/letrame.com\/catalogo\/producto\/la-puerta-cerrada\/","og_locale":"es_ES","og_type":"article","og_title":"La puerta cerrada - Catalogo | Letrame Grupo Editorial","og_description":"ISBN: 978-84-17657-85-7 Hay que decirlo. La puerta, que el poeta dice cerrada, para \u00e9l, por lo que se ve, sigue estando abierta. Al menos para su quehacer literario. As\u00ed, vuelve por sus sendas l\u00edricas m\u00e1s conocidas, que ahora dicen intimistas, cuando son afectivas o rom\u00e1nticas, cuya l\u00ednea cabe decir que nunca ha dejado el poeta a pesar de sus otros libros, de temas distintos. Podemos, pues, referir sus 25 a\u00f1os al frente de la revista Alto Nal\u00f3n y ya es decir mucho, en cuyo tiempo fueron saliendo otros libros suyos, de tem\u00e1tica variada a la que ahora ofrece en este libro. Hacer constar t\u00edtulos ser\u00eda inadecuado. Lo que s\u00ed cabe decir de \u00e9l es su necesidad de escribir, acaso con la simple palabra del vivir cotidiano; pero escribir de todos modos para salir de la rutina del ambiente que le envuelve.","og_url":"https:\/\/letrame.com\/catalogo\/producto\/la-puerta-cerrada\/","og_site_name":"Catalogo | Letrame Grupo Editorial","article_modified_time":"2024-04-18T08:44:09+00:00","og_image":[{"width":1772,"height":2480,"url":"https:\/\/letrame.com\/catalogo\/wp-content\/uploads\/2024\/04\/Lapuertacerrada-compressed.jpg","type":"image\/jpeg"}],"twitter_card":"summary_large_image","twitter_misc":{"Tiempo de lectura":"3 minutos"},"schema":{"@context":"https:\/\/schema.org","@graph":[{"@type":"WebPage","@id":"https:\/\/letrame.com\/catalogo\/producto\/la-puerta-cerrada\/","url":"https:\/\/letrame.com\/catalogo\/producto\/la-puerta-cerrada\/","name":"La puerta cerrada - Catalogo | Letrame Grupo Editorial","isPartOf":{"@id":"https:\/\/letrame.com\/catalogo\/#website"},"primaryImageOfPage":{"@id":"https:\/\/letrame.com\/catalogo\/producto\/la-puerta-cerrada\/#primaryimage"},"image":{"@id":"https:\/\/letrame.com\/catalogo\/producto\/la-puerta-cerrada\/#primaryimage"},"thumbnailUrl":"https:\/\/letrame.com\/catalogo\/wp-content\/uploads\/2024\/04\/Lapuertacerrada-compressed.jpg","datePublished":"2024-04-18T08:43:18+00:00","dateModified":"2024-04-18T08:44:09+00:00","breadcrumb":{"@id":"https:\/\/letrame.com\/catalogo\/producto\/la-puerta-cerrada\/#breadcrumb"},"inLanguage":"es","potentialAction":[{"@type":"ReadAction","target":["https:\/\/letrame.com\/catalogo\/producto\/la-puerta-cerrada\/"]}]},{"@type":"ImageObject","inLanguage":"es","@id":"https:\/\/letrame.com\/catalogo\/producto\/la-puerta-cerrada\/#primaryimage","url":"https:\/\/letrame.com\/catalogo\/wp-content\/uploads\/2024\/04\/Lapuertacerrada-compressed.jpg","contentUrl":"https:\/\/letrame.com\/catalogo\/wp-content\/uploads\/2024\/04\/Lapuertacerrada-compressed.jpg","width":1772,"height":2480},{"@type":"BreadcrumbList","@id":"https:\/\/letrame.com\/catalogo\/producto\/la-puerta-cerrada\/#breadcrumb","itemListElement":[{"@type":"ListItem","position":1,"name":"Portada","item":"https:\/\/letrame.com\/catalogo\/"},{"@type":"ListItem","position":2,"name":"Cat\u00e1logo","item":"https:\/\/letrame.com\/catalogo\/"},{"@type":"ListItem","position":3,"name":"La puerta cerrada"}]},{"@type":"WebSite","@id":"https:\/\/letrame.com\/catalogo\/#website","url":"https:\/\/letrame.com\/catalogo\/","name":"Catalogo | Letrame Grupo Editorial","description":"","publisher":{"@id":"https:\/\/letrame.com\/catalogo\/#organization"},"potentialAction":[{"@type":"SearchAction","target":{"@type":"EntryPoint","urlTemplate":"https:\/\/letrame.com\/catalogo\/?s={search_term_string}"},"query-input":{"@type":"PropertyValueSpecification","valueRequired":true,"valueName":"search_term_string"}}],"inLanguage":"es"},{"@type":"Organization","@id":"https:\/\/letrame.com\/catalogo\/#organization","name":"Catalogo | Letrame Grupo Editorial","url":"https:\/\/letrame.com\/catalogo\/","logo":{"@type":"ImageObject","inLanguage":"es","@id":"https:\/\/letrame.com\/catalogo\/#\/schema\/logo\/image\/","url":"https:\/\/letrame.com\/catalogo\/wp-content\/uploads\/2024\/03\/logo2.webp","contentUrl":"https:\/\/letrame.com\/catalogo\/wp-content\/uploads\/2024\/03\/logo2.webp","width":394,"height":128,"caption":"Catalogo | Letrame Grupo Editorial"},"image":{"@id":"https:\/\/letrame.com\/catalogo\/#\/schema\/logo\/image\/"}}]}},"_links":{"self":[{"href":"https:\/\/letrame.com\/catalogo\/wp-json\/wp\/v2\/product\/94407","targetHints":{"allow":["GET"]}}],"collection":[{"href":"https:\/\/letrame.com\/catalogo\/wp-json\/wp\/v2\/product"}],"about":[{"href":"https:\/\/letrame.com\/catalogo\/wp-json\/wp\/v2\/types\/product"}],"replies":[{"embeddable":true,"href":"https:\/\/letrame.com\/catalogo\/wp-json\/wp\/v2\/comments?post=94407"}],"acf:post":[{"embeddable":true,"href":"https:\/\/letrame.com\/catalogo\/wp-json\/wp\/v2\/author_book\/73338"}],"wp:featuredmedia":[{"embeddable":true,"href":"https:\/\/letrame.com\/catalogo\/wp-json\/wp\/v2\/media\/94408"}],"wp:attachment":[{"href":"https:\/\/letrame.com\/catalogo\/wp-json\/wp\/v2\/media?parent=94407"}],"wp:term":[{"taxonomy":"libro","embeddable":true,"href":"https:\/\/letrame.com\/catalogo\/wp-json\/wp\/v2\/libro?post=94407"},{"taxonomy":"product_brand","embeddable":true,"href":"https:\/\/letrame.com\/catalogo\/wp-json\/wp\/v2\/product_brand?post=94407"},{"taxonomy":"product_cat","embeddable":true,"href":"https:\/\/letrame.com\/catalogo\/wp-json\/wp\/v2\/product_cat?post=94407"},{"taxonomy":"product_tag","embeddable":true,"href":"https:\/\/letrame.com\/catalogo\/wp-json\/wp\/v2\/product_tag?post=94407"}],"curies":[{"name":"wp","href":"https:\/\/api.w.org\/{rel}","templated":true}]}}