{"id":94380,"date":"2024-04-18T10:41:03","date_gmt":"2024-04-18T08:41:03","guid":{"rendered":"https:\/\/letrame.com\/catalogo\/producto\/si-lo-hubiera-sabido-antes\/"},"modified":"2024-04-18T10:41:03","modified_gmt":"2024-04-18T08:41:03","slug":"si-lo-hubiera-sabido-antes","status":"publish","type":"product","link":"https:\/\/letrame.com\/catalogo\/producto\/si-lo-hubiera-sabido-antes\/","title":{"rendered":"Si lo hubiera sabido antes"},"content":{"rendered":"<p><strong>ISBN<\/strong>: 978-84-17657-70-3<br \/>\n<strong>T\u00edtulo<\/strong>: Si lo hubiera sabido antes<br \/>\n<strong>Fecha<\/strong>: 2019<br \/>\n<strong>P\u00e1ginas<\/strong>: 200<\/p>\n<p>&nbsp;<\/p>\n<p><strong>SINOPSIS<\/strong><\/p>\n<section>\n<div class=\"about-this-book\">\n<div class=\"container\">\n<div class=\"right-detail shop-detail1 pull-right col-md-8 col-sm-8 col-xs-12\">\n<div id=\"editionnal-reviews\" class=\"book-desc-detail\"><span class=\"detail-desc box-detail-desc\">Cuando has llevado una vida digamos que normal porque ni has fumado ni tomado alcohol en exceso, has practicado deporte y te has alimentado adecuadamente, y un d\u00eda te dicen: \u00abUsted lo que tiene es un c\u00e1ncer\u00bb\u2026 \u00a1hay que ver c\u00f3mo te cambia la vida! Ahora eres t\u00fa mismo el afectado y no puedes mirar para otro lado. Has de sacar fuerzas como sea, aferrarte a un clavo ardiendo para digerir ese mal y tratar de controlar tus emociones. Aprendes a vivir solo en presente, el futuro ya no te preocupa, y hasta que no se es plenamente consciente de la situaci\u00f3n, dif\u00edcilmente se puede actuar de forma sensata, ya que tu estado an\u00edmico va variando seg\u00fan cada nuevo resultado. Luego llegan los preparativos para la intervenci\u00f3n quir\u00fargica y para la que tampoco es f\u00e1cil estar preparado. Las sesiones de radioterapia y quimioterapia se reciben con resignaci\u00f3n y las secuelas de las mismas van apareciendo y has de acostumbrarte a ellas. Llegado el momento de ir a quir\u00f3fano lo ves como la luz que puede permitirte seguir vivo, desconociendo c\u00f3mo saldr\u00e1s de ese envite, pero confiando plenamente en la clase m\u00e9dica que intervendr\u00e1 en la operaci\u00f3n, sabiendo que pondr\u00e1n siempre cuanto est\u00e9 en su mano para mejorar tu estado de salud y que puedas tener una calidad de vida razonable. . Ya en casa, tras el postoperatorio y, con una bolsa en el costado, que precisa de cuidados especiales comienzas a ser consciente de lo que te espera, al menos durante un largo a\u00f1o, y te vas adaptando a la situaci\u00f3n y tratas de controlarla. Sabes que te toca convivir con un c\u00e1ncer y tratas de llevarte bien con \u00e9l. Y cuando crees haber superado esta dura situaci\u00f3n te dicen que hay met\u00e1stasis en el h\u00edgado. Lo primero que te preguntas es: \u00ab\u00bfSaldr\u00e9 de esta?\u00bb. Es como volver a empezar: poco a poco vas aprendiendo cosas del cuerpo humano y te animas al saber que el h\u00edgado es el \u00fanico \u00f3rgano que crece y se regenera. Nuevas sesiones de quimioterapia, con tambi\u00e9n nuevas sensaciones; mentaliz\u00e1ndote de que es lo que hay y confiando que salga todo bien. Pruebas y m\u00e1s pruebas hasta que te llega la llamada del doctor Fuentes Porcel diciendo que todo estaba preparado para esa intervenci\u00f3n. La operaci\u00f3n fue tan larga como imprescindible y las caras de satisfacci\u00f3n de todo el equipo m\u00e9dico y, de la familia, era el mejor presagio y, as\u00ed fue, ya que desde aquel mayo de 2016 estoy haciendo una vida normal. Desde el verano de 2013 hasta la fecha, he tenido tiempo de escribir el contenido de este libro y otros varios m\u00e1s. En este caso la lectura y la escritura han sido una buena terapia. Todas estas duras y largas experiencias me han servido para concienciar a amig@s y conocid@s de la importancia de la prevenci\u00f3n y de practicar h\u00e1bitos de vida saludables cuando de la salud se trata; de formar parte del Voluntariado en el Hospital de La Inmaculada de Hu\u00e9rcal-Overa y para decir que si siempre es pronto para morir que no se.<\/span><\/div>\n<div id=\"clear-scroll\" class=\"clearfix\"><\/div>\n<\/div>\n<\/div>\n<\/div>\n<\/section>\n<div class=\"feature-section feature-option2\">\n<div class=\"container\">\n<div class=\"related products\">\n<div class=\"title-box\"><\/div>\n<\/div>\n<\/div>\n<\/div>\n","protected":false},"excerpt":{"rendered":"<p><strong>ISBN: 978-84-17657-70-3<\/strong><\/p>\n<p>Cuando has llevado una vida digamos que normal porque ni has fumado ni tomado alcohol en exceso, has practicado deporte y te has alimentado adecuadamente, y un d\u00eda te dicen: \u00abUsted lo que tiene es un c\u00e1ncer\u00bb\u2026 \u00a1hay que ver c\u00f3mo te cambia la vida! Ahora eres t\u00fa mismo el afectado y no puedes mirar para otro lado. Has de sacar fuerzas como sea, aferrarte a un clavo ardiendo para digerir ese mal y tratar de controlar tus emociones. Aprendes a vivir solo en presente, el futuro ya no te preocupa, y hasta que no se es plenamente consciente de la situaci\u00f3n, dif\u00edcilmente se puede actuar de forma sensata, ya que tu estado an\u00edmico va variando seg\u00fan cada nuevo resultado. Luego llegan los preparativos para la intervenci\u00f3n quir\u00fargica y para la que tampoco es f\u00e1cil estar preparado. Las sesiones de radioterapia y quimioterapia se reciben con resignaci\u00f3n y las secuelas de las mismas van apareciendo y has de acostumbrarte a ellas.<br \/>\nLlegado el momento de ir a quir\u00f3fano lo ves como la luz que puede permitirte seguir vivo, desconociendo c\u00f3mo saldr\u00e1s de ese envite, pero confiando plenamente en la clase m\u00e9dica que intervendr\u00e1 en la operaci\u00f3n, sabiendo que pondr\u00e1n siempre cuanto est\u00e9 en su mano para mejorar tu estado de salud y que puedas tener una calidad de vida razonable.<\/p>\n","protected":false},"featured_media":94381,"comment_status":"closed","ping_status":"open","template":"","meta":{"_acf_changed":false},"libro":[],"product_brand":[],"product_cat":[20],"product_tag":[],"class_list":{"0":"post-94380","1":"product","2":"type-product","3":"status-publish","4":"has-post-thumbnail","6":"product_cat-poesia","8":"first","9":"instock","10":"purchasable","11":"product-type-simple"},"acf":{"autor":[73314],"enlace_de_compra":"https:\/\/www.centrallibrera.com\/libro\/si-lo-hubiera-sabido-antes_382636"},"yoast_head":"<!-- This site is optimized with the Yoast SEO plugin v26.6 - https:\/\/yoast.com\/wordpress\/plugins\/seo\/ -->\n<title>Si lo hubiera sabido antes - Catalogo | Letrame Grupo Editorial<\/title>\n<meta name=\"robots\" content=\"index, follow, max-snippet:-1, max-image-preview:large, max-video-preview:-1\" \/>\n<link rel=\"canonical\" href=\"https:\/\/letrame.com\/catalogo\/producto\/si-lo-hubiera-sabido-antes\/\" \/>\n<meta property=\"og:locale\" content=\"es_ES\" \/>\n<meta property=\"og:type\" content=\"article\" \/>\n<meta property=\"og:title\" content=\"Si lo hubiera sabido antes - Catalogo | Letrame Grupo Editorial\" \/>\n<meta property=\"og:description\" content=\"ISBN: 978-84-17657-70-3 Cuando has llevado una vida digamos que normal porque ni has fumado ni tomado alcohol en exceso, has practicado deporte y te has alimentado adecuadamente, y un d\u00eda te dicen: &quot;Usted lo que tiene es un c\u00e1ncer&quot;\u2026 \u00a1hay que ver c\u00f3mo te cambia la vida! Ahora eres t\u00fa mismo el afectado y no puedes mirar para otro lado. Has de sacar fuerzas como sea, aferrarte a un clavo ardiendo para digerir ese mal y tratar de controlar tus emociones. Aprendes a vivir solo en presente, el futuro ya no te preocupa, y hasta que no se es plenamente consciente de la situaci\u00f3n, dif\u00edcilmente se puede actuar de forma sensata, ya que tu estado an\u00edmico va variando seg\u00fan cada nuevo resultado. Luego llegan los preparativos para la intervenci\u00f3n quir\u00fargica y para la que tampoco es f\u00e1cil estar preparado. Las sesiones de radioterapia y quimioterapia se reciben con resignaci\u00f3n y las secuelas de las mismas van apareciendo y has de acostumbrarte a ellas. Llegado el momento de ir a quir\u00f3fano lo ves como la luz que puede permitirte seguir vivo, desconociendo c\u00f3mo saldr\u00e1s de ese envite, pero confiando plenamente en la clase m\u00e9dica que intervendr\u00e1 en la operaci\u00f3n, sabiendo que pondr\u00e1n siempre cuanto est\u00e9 en su mano para mejorar tu estado de salud y que puedas tener una calidad de vida razonable.\" \/>\n<meta property=\"og:url\" content=\"https:\/\/letrame.com\/catalogo\/producto\/si-lo-hubiera-sabido-antes\/\" \/>\n<meta property=\"og:site_name\" content=\"Catalogo | Letrame Grupo Editorial\" \/>\n<meta property=\"og:image\" content=\"https:\/\/letrame.com\/catalogo\/wp-content\/uploads\/2024\/04\/Silohubierasabido_10-compressed.jpg\" \/>\n\t<meta property=\"og:image:width\" content=\"1772\" \/>\n\t<meta property=\"og:image:height\" content=\"2480\" \/>\n\t<meta property=\"og:image:type\" content=\"image\/jpeg\" \/>\n<meta name=\"twitter:card\" content=\"summary_large_image\" \/>\n<meta name=\"twitter:label1\" content=\"Tiempo de lectura\" \/>\n\t<meta name=\"twitter:data1\" content=\"3 minutos\" \/>\n<script type=\"application\/ld+json\" class=\"yoast-schema-graph\">{\"@context\":\"https:\/\/schema.org\",\"@graph\":[{\"@type\":\"WebPage\",\"@id\":\"https:\/\/letrame.com\/catalogo\/producto\/si-lo-hubiera-sabido-antes\/\",\"url\":\"https:\/\/letrame.com\/catalogo\/producto\/si-lo-hubiera-sabido-antes\/\",\"name\":\"Si lo hubiera sabido antes - Catalogo | Letrame Grupo Editorial\",\"isPartOf\":{\"@id\":\"https:\/\/letrame.com\/catalogo\/#website\"},\"primaryImageOfPage\":{\"@id\":\"https:\/\/letrame.com\/catalogo\/producto\/si-lo-hubiera-sabido-antes\/#primaryimage\"},\"image\":{\"@id\":\"https:\/\/letrame.com\/catalogo\/producto\/si-lo-hubiera-sabido-antes\/#primaryimage\"},\"thumbnailUrl\":\"https:\/\/letrame.com\/catalogo\/wp-content\/uploads\/2024\/04\/Silohubierasabido_10-compressed.jpg\",\"datePublished\":\"2024-04-18T08:41:03+00:00\",\"breadcrumb\":{\"@id\":\"https:\/\/letrame.com\/catalogo\/producto\/si-lo-hubiera-sabido-antes\/#breadcrumb\"},\"inLanguage\":\"es\",\"potentialAction\":[{\"@type\":\"ReadAction\",\"target\":[\"https:\/\/letrame.com\/catalogo\/producto\/si-lo-hubiera-sabido-antes\/\"]}]},{\"@type\":\"ImageObject\",\"inLanguage\":\"es\",\"@id\":\"https:\/\/letrame.com\/catalogo\/producto\/si-lo-hubiera-sabido-antes\/#primaryimage\",\"url\":\"https:\/\/letrame.com\/catalogo\/wp-content\/uploads\/2024\/04\/Silohubierasabido_10-compressed.jpg\",\"contentUrl\":\"https:\/\/letrame.com\/catalogo\/wp-content\/uploads\/2024\/04\/Silohubierasabido_10-compressed.jpg\",\"width\":1772,\"height\":2480},{\"@type\":\"BreadcrumbList\",\"@id\":\"https:\/\/letrame.com\/catalogo\/producto\/si-lo-hubiera-sabido-antes\/#breadcrumb\",\"itemListElement\":[{\"@type\":\"ListItem\",\"position\":1,\"name\":\"Portada\",\"item\":\"https:\/\/letrame.com\/catalogo\/\"},{\"@type\":\"ListItem\",\"position\":2,\"name\":\"Cat\u00e1logo\",\"item\":\"https:\/\/letrame.com\/catalogo\/\"},{\"@type\":\"ListItem\",\"position\":3,\"name\":\"Si lo hubiera sabido antes\"}]},{\"@type\":\"WebSite\",\"@id\":\"https:\/\/letrame.com\/catalogo\/#website\",\"url\":\"https:\/\/letrame.com\/catalogo\/\",\"name\":\"Catalogo | Letrame Grupo Editorial\",\"description\":\"\",\"publisher\":{\"@id\":\"https:\/\/letrame.com\/catalogo\/#organization\"},\"potentialAction\":[{\"@type\":\"SearchAction\",\"target\":{\"@type\":\"EntryPoint\",\"urlTemplate\":\"https:\/\/letrame.com\/catalogo\/?s={search_term_string}\"},\"query-input\":{\"@type\":\"PropertyValueSpecification\",\"valueRequired\":true,\"valueName\":\"search_term_string\"}}],\"inLanguage\":\"es\"},{\"@type\":\"Organization\",\"@id\":\"https:\/\/letrame.com\/catalogo\/#organization\",\"name\":\"Catalogo | Letrame Grupo Editorial\",\"url\":\"https:\/\/letrame.com\/catalogo\/\",\"logo\":{\"@type\":\"ImageObject\",\"inLanguage\":\"es\",\"@id\":\"https:\/\/letrame.com\/catalogo\/#\/schema\/logo\/image\/\",\"url\":\"https:\/\/letrame.com\/catalogo\/wp-content\/uploads\/2024\/03\/logo2.webp\",\"contentUrl\":\"https:\/\/letrame.com\/catalogo\/wp-content\/uploads\/2024\/03\/logo2.webp\",\"width\":394,\"height\":128,\"caption\":\"Catalogo | Letrame Grupo Editorial\"},\"image\":{\"@id\":\"https:\/\/letrame.com\/catalogo\/#\/schema\/logo\/image\/\"}}]}<\/script>\n<!-- \/ Yoast SEO plugin. -->","yoast_head_json":{"title":"Si lo hubiera sabido antes - Catalogo | Letrame Grupo Editorial","robots":{"index":"index","follow":"follow","max-snippet":"max-snippet:-1","max-image-preview":"max-image-preview:large","max-video-preview":"max-video-preview:-1"},"canonical":"https:\/\/letrame.com\/catalogo\/producto\/si-lo-hubiera-sabido-antes\/","og_locale":"es_ES","og_type":"article","og_title":"Si lo hubiera sabido antes - Catalogo | Letrame Grupo Editorial","og_description":"ISBN: 978-84-17657-70-3 Cuando has llevado una vida digamos que normal porque ni has fumado ni tomado alcohol en exceso, has practicado deporte y te has alimentado adecuadamente, y un d\u00eda te dicen: \"Usted lo que tiene es un c\u00e1ncer\"\u2026 \u00a1hay que ver c\u00f3mo te cambia la vida! Ahora eres t\u00fa mismo el afectado y no puedes mirar para otro lado. Has de sacar fuerzas como sea, aferrarte a un clavo ardiendo para digerir ese mal y tratar de controlar tus emociones. Aprendes a vivir solo en presente, el futuro ya no te preocupa, y hasta que no se es plenamente consciente de la situaci\u00f3n, dif\u00edcilmente se puede actuar de forma sensata, ya que tu estado an\u00edmico va variando seg\u00fan cada nuevo resultado. Luego llegan los preparativos para la intervenci\u00f3n quir\u00fargica y para la que tampoco es f\u00e1cil estar preparado. Las sesiones de radioterapia y quimioterapia se reciben con resignaci\u00f3n y las secuelas de las mismas van apareciendo y has de acostumbrarte a ellas. Llegado el momento de ir a quir\u00f3fano lo ves como la luz que puede permitirte seguir vivo, desconociendo c\u00f3mo saldr\u00e1s de ese envite, pero confiando plenamente en la clase m\u00e9dica que intervendr\u00e1 en la operaci\u00f3n, sabiendo que pondr\u00e1n siempre cuanto est\u00e9 en su mano para mejorar tu estado de salud y que puedas tener una calidad de vida razonable.","og_url":"https:\/\/letrame.com\/catalogo\/producto\/si-lo-hubiera-sabido-antes\/","og_site_name":"Catalogo | Letrame Grupo Editorial","og_image":[{"width":1772,"height":2480,"url":"https:\/\/letrame.com\/catalogo\/wp-content\/uploads\/2024\/04\/Silohubierasabido_10-compressed.jpg","type":"image\/jpeg"}],"twitter_card":"summary_large_image","twitter_misc":{"Tiempo de lectura":"3 minutos"},"schema":{"@context":"https:\/\/schema.org","@graph":[{"@type":"WebPage","@id":"https:\/\/letrame.com\/catalogo\/producto\/si-lo-hubiera-sabido-antes\/","url":"https:\/\/letrame.com\/catalogo\/producto\/si-lo-hubiera-sabido-antes\/","name":"Si lo hubiera sabido antes - Catalogo | Letrame Grupo Editorial","isPartOf":{"@id":"https:\/\/letrame.com\/catalogo\/#website"},"primaryImageOfPage":{"@id":"https:\/\/letrame.com\/catalogo\/producto\/si-lo-hubiera-sabido-antes\/#primaryimage"},"image":{"@id":"https:\/\/letrame.com\/catalogo\/producto\/si-lo-hubiera-sabido-antes\/#primaryimage"},"thumbnailUrl":"https:\/\/letrame.com\/catalogo\/wp-content\/uploads\/2024\/04\/Silohubierasabido_10-compressed.jpg","datePublished":"2024-04-18T08:41:03+00:00","breadcrumb":{"@id":"https:\/\/letrame.com\/catalogo\/producto\/si-lo-hubiera-sabido-antes\/#breadcrumb"},"inLanguage":"es","potentialAction":[{"@type":"ReadAction","target":["https:\/\/letrame.com\/catalogo\/producto\/si-lo-hubiera-sabido-antes\/"]}]},{"@type":"ImageObject","inLanguage":"es","@id":"https:\/\/letrame.com\/catalogo\/producto\/si-lo-hubiera-sabido-antes\/#primaryimage","url":"https:\/\/letrame.com\/catalogo\/wp-content\/uploads\/2024\/04\/Silohubierasabido_10-compressed.jpg","contentUrl":"https:\/\/letrame.com\/catalogo\/wp-content\/uploads\/2024\/04\/Silohubierasabido_10-compressed.jpg","width":1772,"height":2480},{"@type":"BreadcrumbList","@id":"https:\/\/letrame.com\/catalogo\/producto\/si-lo-hubiera-sabido-antes\/#breadcrumb","itemListElement":[{"@type":"ListItem","position":1,"name":"Portada","item":"https:\/\/letrame.com\/catalogo\/"},{"@type":"ListItem","position":2,"name":"Cat\u00e1logo","item":"https:\/\/letrame.com\/catalogo\/"},{"@type":"ListItem","position":3,"name":"Si lo hubiera sabido antes"}]},{"@type":"WebSite","@id":"https:\/\/letrame.com\/catalogo\/#website","url":"https:\/\/letrame.com\/catalogo\/","name":"Catalogo | Letrame Grupo Editorial","description":"","publisher":{"@id":"https:\/\/letrame.com\/catalogo\/#organization"},"potentialAction":[{"@type":"SearchAction","target":{"@type":"EntryPoint","urlTemplate":"https:\/\/letrame.com\/catalogo\/?s={search_term_string}"},"query-input":{"@type":"PropertyValueSpecification","valueRequired":true,"valueName":"search_term_string"}}],"inLanguage":"es"},{"@type":"Organization","@id":"https:\/\/letrame.com\/catalogo\/#organization","name":"Catalogo | Letrame Grupo Editorial","url":"https:\/\/letrame.com\/catalogo\/","logo":{"@type":"ImageObject","inLanguage":"es","@id":"https:\/\/letrame.com\/catalogo\/#\/schema\/logo\/image\/","url":"https:\/\/letrame.com\/catalogo\/wp-content\/uploads\/2024\/03\/logo2.webp","contentUrl":"https:\/\/letrame.com\/catalogo\/wp-content\/uploads\/2024\/03\/logo2.webp","width":394,"height":128,"caption":"Catalogo | Letrame Grupo Editorial"},"image":{"@id":"https:\/\/letrame.com\/catalogo\/#\/schema\/logo\/image\/"}}]}},"_links":{"self":[{"href":"https:\/\/letrame.com\/catalogo\/wp-json\/wp\/v2\/product\/94380","targetHints":{"allow":["GET"]}}],"collection":[{"href":"https:\/\/letrame.com\/catalogo\/wp-json\/wp\/v2\/product"}],"about":[{"href":"https:\/\/letrame.com\/catalogo\/wp-json\/wp\/v2\/types\/product"}],"replies":[{"embeddable":true,"href":"https:\/\/letrame.com\/catalogo\/wp-json\/wp\/v2\/comments?post=94380"}],"acf:post":[{"embeddable":true,"href":"https:\/\/letrame.com\/catalogo\/wp-json\/wp\/v2\/author_book\/73314"}],"wp:featuredmedia":[{"embeddable":true,"href":"https:\/\/letrame.com\/catalogo\/wp-json\/wp\/v2\/media\/94381"}],"wp:attachment":[{"href":"https:\/\/letrame.com\/catalogo\/wp-json\/wp\/v2\/media?parent=94380"}],"wp:term":[{"taxonomy":"libro","embeddable":true,"href":"https:\/\/letrame.com\/catalogo\/wp-json\/wp\/v2\/libro?post=94380"},{"taxonomy":"product_brand","embeddable":true,"href":"https:\/\/letrame.com\/catalogo\/wp-json\/wp\/v2\/product_brand?post=94380"},{"taxonomy":"product_cat","embeddable":true,"href":"https:\/\/letrame.com\/catalogo\/wp-json\/wp\/v2\/product_cat?post=94380"},{"taxonomy":"product_tag","embeddable":true,"href":"https:\/\/letrame.com\/catalogo\/wp-json\/wp\/v2\/product_tag?post=94380"}],"curies":[{"name":"wp","href":"https:\/\/api.w.org\/{rel}","templated":true}]}}