{"id":94340,"date":"2024-04-18T10:36:52","date_gmt":"2024-04-18T08:36:52","guid":{"rendered":"https:\/\/letrame.com\/catalogo\/producto\/recopilacion-de-test-legislacion-sanitaria-comun-de-los-servicios-de-salud\/"},"modified":"2024-04-18T10:36:52","modified_gmt":"2024-04-18T08:36:52","slug":"recopilacion-de-test-legislacion-sanitaria-comun-de-los-servicios-de-salud","status":"publish","type":"product","link":"https:\/\/letrame.com\/catalogo\/producto\/recopilacion-de-test-legislacion-sanitaria-comun-de-los-servicios-de-salud\/","title":{"rendered":"Recopilaci\u00f3n de test. Legislaci\u00f3n sanitaria com\u00fan de los servicios de salud"},"content":{"rendered":"<p><strong>ISBN<\/strong>: &nbsp;<span class=\"sku\">978-84-17779-15-3<\/span><br \/>\n<strong>T\u00edtulo<\/strong>: Recopilaci\u00f3n de test. Legislaci\u00f3n sanitaria com\u00fan de los servicios de salud<br \/>\n<strong>Fecha<\/strong>: 2019<br \/>\n<strong>P\u00e1ginas<\/strong>: 332<\/p>\n<p>&nbsp;<\/p>\n<p><strong>SINOPSIS<\/strong><\/p>\n<section>\n<div class=\"about-this-book\">\n<div class=\"container\">\n<div class=\"right-detail shop-detail1 pull-right col-md-8 col-sm-8 col-xs-12\">\n<div id=\"editionnal-reviews\" class=\"book-desc-detail\"><span class=\"detail-desc box-detail-desc\">Esta obra recopila m\u00e1s de 2.000 test de legislaci\u00f3n b\u00e1sica sanitaria, com\u00fan a los Servicios de Salud, seleccionados de entre casi 200 ex\u00e1menes de distintas categor\u00edas laborales. Recoge por tanto una muestra real de los contenidos m\u00e1s relevantes de las siguientes leyes: _ Ley 41\/2002, de 14 de noviembre, b\u00e1sica reguladora de la autonom\u00eda del paciente y de derechos y obligaciones en materia de informaci\u00f3n y documentaci\u00f3n cl\u00ednica. _ Ley 55\/2003, de 16 de diciembre, del Estatuto Marco del personal estatutario de los servicios de salud. _ Ley 14\/1986, de 25 de abril, General de Sanidad. _ Ley 16\/2003, de 28 de mayo, de cohesi\u00f3n y calidad del Sistema Nacional de Salud. _ Real Decreto 521\/1987, de 15 de abril, por el que se aprueba el Reglamento sobre Estructura, Organizaci\u00f3n y Funcionamiento de los Hospitales gestionados por el Instituto Nacional de la Salud. _ Real Decreto 137\/1984, de 11 de enero, sobre estructuras b\u00e1sicas de salud. _ La Constituci\u00f3n Espa\u00f1ola de 1978. _ Ley Org\u00e1nica 3\/2007, de 22 de marzo, para la igualdad efectiva de mujeres y hombres. _ Ley Org\u00e1nica 1\/2004, de 28 de diciembre, de Medidas de Protecci\u00f3n Integral contra la Violencia de G\u00e9nero _ Ley 44\/2003, de 21 de noviembre, de ordenaci\u00f3n de las profesiones sanitarias _ Ley 31\/1995, de 8 de noviembre, de Prevenci\u00f3n de Riesgos Laborales. _ Reglamento (UE) 2016\/679 del Parlamento Europeo y del Consejo,&nbsp;de 27 de abril de 2016 relativo a la protecci\u00f3n de las personas f\u00edsicas en lo que respecta al tratamiento de datos personales y a la libre circulaci\u00f3n de estos datos _ Ley Org\u00e1nica 3\/2018, de 5 de diciembre, de Protecci\u00f3n de Datos Personales y garant\u00eda de los derechos digitales que DEROGA la Ley Org\u00e1nica 15\/1999 de Protecci\u00f3n de Datos de Car\u00e1cter Personal<\/span><\/div>\n<div id=\"clear-scroll\" class=\"clearfix\"><\/div>\n<\/div>\n<\/div>\n<\/div>\n<\/section>\n<div class=\"feature-section feature-option2\">\n<div class=\"container\">\n<div class=\"related products\">\n<div class=\"title-box\"><\/div>\n<\/div>\n<\/div>\n<\/div>\n","protected":false},"excerpt":{"rendered":"<p><strong>ISBN: 978-84-17779-15-3<br \/>\n<\/strong><\/p>\n<p>Esta obra recopila m\u00e1s de 2.000 test de legislaci\u00f3n b\u00e1sica sanitaria,<br \/>\ncom\u00fan a los Servicios de Salud, seleccionados de entre casi 200<br \/>\nex\u00e1menes de distintas categor\u00edas laborales.<\/p>\n","protected":false},"featured_media":94341,"comment_status":"closed","ping_status":"open","template":"","meta":{"_acf_changed":false},"libro":[],"product_brand":[],"product_cat":[22],"product_tag":[],"class_list":{"0":"post-94340","1":"product","2":"type-product","3":"status-publish","4":"has-post-thumbnail","6":"product_cat-docencia","8":"first","9":"instock","10":"purchasable","11":"product-type-simple"},"acf":{"autor":"","enlace_de_compra":""},"yoast_head":"<!-- This site is optimized with the Yoast SEO plugin v27.4 - https:\/\/yoast.com\/product\/yoast-seo-wordpress\/ -->\n<title>Recopilaci\u00f3n de test. Legislaci\u00f3n sanitaria com\u00fan de los servicios de salud - Catalogo | Letrame Grupo Editorial<\/title>\n<meta name=\"robots\" content=\"index, follow, max-snippet:-1, max-image-preview:large, max-video-preview:-1\" \/>\n<link rel=\"canonical\" href=\"https:\/\/letrame.com\/catalogo\/producto\/recopilacion-de-test-legislacion-sanitaria-comun-de-los-servicios-de-salud\/\" \/>\n<meta property=\"og:locale\" content=\"es_ES\" \/>\n<meta property=\"og:type\" content=\"article\" \/>\n<meta property=\"og:title\" content=\"Recopilaci\u00f3n de test. Legislaci\u00f3n sanitaria com\u00fan de los servicios de salud - Catalogo | Letrame Grupo Editorial\" \/>\n<meta property=\"og:description\" content=\"ISBN: 978-84-17779-15-3  Esta obra recopila m\u00e1s de 2.000 test de legislaci\u00f3n b\u00e1sica sanitaria, com\u00fan a los Servicios de Salud, seleccionados de entre casi 200 ex\u00e1menes de distintas categor\u00edas laborales.\" \/>\n<meta property=\"og:url\" content=\"https:\/\/letrame.com\/catalogo\/producto\/recopilacion-de-test-legislacion-sanitaria-comun-de-los-servicios-de-salud\/\" \/>\n<meta property=\"og:site_name\" content=\"Catalogo | Letrame Grupo Editorial\" \/>\n<meta property=\"og:image\" content=\"https:\/\/letrame.com\/catalogo\/wp-content\/uploads\/2024\/04\/portada_OPE_1788mm-compressed-scaled-1.jpg\" \/>\n\t<meta property=\"og:image:width\" content=\"1810\" \/>\n\t<meta property=\"og:image:height\" content=\"2560\" \/>\n\t<meta property=\"og:image:type\" content=\"image\/jpeg\" \/>\n<meta name=\"twitter:card\" content=\"summary_large_image\" \/>\n<meta name=\"twitter:label1\" content=\"Tiempo de lectura\" \/>\n\t<meta name=\"twitter:data1\" content=\"2 minutos\" \/>\n<script type=\"application\/ld+json\" class=\"yoast-schema-graph\">{\"@context\":\"https:\\\/\\\/schema.org\",\"@graph\":[{\"@type\":\"WebPage\",\"@id\":\"https:\\\/\\\/letrame.com\\\/catalogo\\\/producto\\\/recopilacion-de-test-legislacion-sanitaria-comun-de-los-servicios-de-salud\\\/\",\"url\":\"https:\\\/\\\/letrame.com\\\/catalogo\\\/producto\\\/recopilacion-de-test-legislacion-sanitaria-comun-de-los-servicios-de-salud\\\/\",\"name\":\"Recopilaci\u00f3n de test. Legislaci\u00f3n sanitaria com\u00fan de los servicios de salud - Catalogo | Letrame Grupo Editorial\",\"isPartOf\":{\"@id\":\"https:\\\/\\\/letrame.com\\\/catalogo\\\/#website\"},\"primaryImageOfPage\":{\"@id\":\"https:\\\/\\\/letrame.com\\\/catalogo\\\/producto\\\/recopilacion-de-test-legislacion-sanitaria-comun-de-los-servicios-de-salud\\\/#primaryimage\"},\"image\":{\"@id\":\"https:\\\/\\\/letrame.com\\\/catalogo\\\/producto\\\/recopilacion-de-test-legislacion-sanitaria-comun-de-los-servicios-de-salud\\\/#primaryimage\"},\"thumbnailUrl\":\"https:\\\/\\\/letrame.com\\\/catalogo\\\/wp-content\\\/uploads\\\/2024\\\/04\\\/portada_OPE_1788mm-compressed-scaled-1.jpg\",\"datePublished\":\"2024-04-18T08:36:52+00:00\",\"breadcrumb\":{\"@id\":\"https:\\\/\\\/letrame.com\\\/catalogo\\\/producto\\\/recopilacion-de-test-legislacion-sanitaria-comun-de-los-servicios-de-salud\\\/#breadcrumb\"},\"inLanguage\":\"es\",\"potentialAction\":[{\"@type\":\"ReadAction\",\"target\":[\"https:\\\/\\\/letrame.com\\\/catalogo\\\/producto\\\/recopilacion-de-test-legislacion-sanitaria-comun-de-los-servicios-de-salud\\\/\"]}]},{\"@type\":\"ImageObject\",\"inLanguage\":\"es\",\"@id\":\"https:\\\/\\\/letrame.com\\\/catalogo\\\/producto\\\/recopilacion-de-test-legislacion-sanitaria-comun-de-los-servicios-de-salud\\\/#primaryimage\",\"url\":\"https:\\\/\\\/letrame.com\\\/catalogo\\\/wp-content\\\/uploads\\\/2024\\\/04\\\/portada_OPE_1788mm-compressed-scaled-1.jpg\",\"contentUrl\":\"https:\\\/\\\/letrame.com\\\/catalogo\\\/wp-content\\\/uploads\\\/2024\\\/04\\\/portada_OPE_1788mm-compressed-scaled-1.jpg\",\"width\":1810,\"height\":2560},{\"@type\":\"BreadcrumbList\",\"@id\":\"https:\\\/\\\/letrame.com\\\/catalogo\\\/producto\\\/recopilacion-de-test-legislacion-sanitaria-comun-de-los-servicios-de-salud\\\/#breadcrumb\",\"itemListElement\":[{\"@type\":\"ListItem\",\"position\":1,\"name\":\"Portada\",\"item\":\"https:\\\/\\\/letrame.com\\\/catalogo\\\/\"},{\"@type\":\"ListItem\",\"position\":2,\"name\":\"Cat\u00e1logo\",\"item\":\"https:\\\/\\\/letrame.com\\\/catalogo\\\/\"},{\"@type\":\"ListItem\",\"position\":3,\"name\":\"Recopilaci\u00f3n de test. Legislaci\u00f3n sanitaria com\u00fan de los servicios de salud\"}]},{\"@type\":\"WebSite\",\"@id\":\"https:\\\/\\\/letrame.com\\\/catalogo\\\/#website\",\"url\":\"https:\\\/\\\/letrame.com\\\/catalogo\\\/\",\"name\":\"Catalogo | Letrame Grupo Editorial\",\"description\":\"\",\"publisher\":{\"@id\":\"https:\\\/\\\/letrame.com\\\/catalogo\\\/#organization\"},\"potentialAction\":[{\"@type\":\"SearchAction\",\"target\":{\"@type\":\"EntryPoint\",\"urlTemplate\":\"https:\\\/\\\/letrame.com\\\/catalogo\\\/?s={search_term_string}\"},\"query-input\":{\"@type\":\"PropertyValueSpecification\",\"valueRequired\":true,\"valueName\":\"search_term_string\"}}],\"inLanguage\":\"es\"},{\"@type\":\"Organization\",\"@id\":\"https:\\\/\\\/letrame.com\\\/catalogo\\\/#organization\",\"name\":\"Catalogo | Letrame Grupo Editorial\",\"url\":\"https:\\\/\\\/letrame.com\\\/catalogo\\\/\",\"logo\":{\"@type\":\"ImageObject\",\"inLanguage\":\"es\",\"@id\":\"https:\\\/\\\/letrame.com\\\/catalogo\\\/#\\\/schema\\\/logo\\\/image\\\/\",\"url\":\"https:\\\/\\\/letrame.com\\\/catalogo\\\/wp-content\\\/uploads\\\/2024\\\/03\\\/logo2.webp\",\"contentUrl\":\"https:\\\/\\\/letrame.com\\\/catalogo\\\/wp-content\\\/uploads\\\/2024\\\/03\\\/logo2.webp\",\"width\":394,\"height\":128,\"caption\":\"Catalogo | Letrame Grupo Editorial\"},\"image\":{\"@id\":\"https:\\\/\\\/letrame.com\\\/catalogo\\\/#\\\/schema\\\/logo\\\/image\\\/\"}}]}<\/script>\n<!-- \/ Yoast SEO plugin. -->","yoast_head_json":{"title":"Recopilaci\u00f3n de test. Legislaci\u00f3n sanitaria com\u00fan de los servicios de salud - Catalogo | Letrame Grupo Editorial","robots":{"index":"index","follow":"follow","max-snippet":"max-snippet:-1","max-image-preview":"max-image-preview:large","max-video-preview":"max-video-preview:-1"},"canonical":"https:\/\/letrame.com\/catalogo\/producto\/recopilacion-de-test-legislacion-sanitaria-comun-de-los-servicios-de-salud\/","og_locale":"es_ES","og_type":"article","og_title":"Recopilaci\u00f3n de test. Legislaci\u00f3n sanitaria com\u00fan de los servicios de salud - Catalogo | Letrame Grupo Editorial","og_description":"ISBN: 978-84-17779-15-3  Esta obra recopila m\u00e1s de 2.000 test de legislaci\u00f3n b\u00e1sica sanitaria, com\u00fan a los Servicios de Salud, seleccionados de entre casi 200 ex\u00e1menes de distintas categor\u00edas laborales.","og_url":"https:\/\/letrame.com\/catalogo\/producto\/recopilacion-de-test-legislacion-sanitaria-comun-de-los-servicios-de-salud\/","og_site_name":"Catalogo | Letrame Grupo Editorial","og_image":[{"width":1810,"height":2560,"url":"https:\/\/letrame.com\/catalogo\/wp-content\/uploads\/2024\/04\/portada_OPE_1788mm-compressed-scaled-1.jpg","type":"image\/jpeg"}],"twitter_card":"summary_large_image","twitter_misc":{"Tiempo de lectura":"2 minutos"},"schema":{"@context":"https:\/\/schema.org","@graph":[{"@type":"WebPage","@id":"https:\/\/letrame.com\/catalogo\/producto\/recopilacion-de-test-legislacion-sanitaria-comun-de-los-servicios-de-salud\/","url":"https:\/\/letrame.com\/catalogo\/producto\/recopilacion-de-test-legislacion-sanitaria-comun-de-los-servicios-de-salud\/","name":"Recopilaci\u00f3n de test. Legislaci\u00f3n sanitaria com\u00fan de los servicios de salud - Catalogo | Letrame Grupo Editorial","isPartOf":{"@id":"https:\/\/letrame.com\/catalogo\/#website"},"primaryImageOfPage":{"@id":"https:\/\/letrame.com\/catalogo\/producto\/recopilacion-de-test-legislacion-sanitaria-comun-de-los-servicios-de-salud\/#primaryimage"},"image":{"@id":"https:\/\/letrame.com\/catalogo\/producto\/recopilacion-de-test-legislacion-sanitaria-comun-de-los-servicios-de-salud\/#primaryimage"},"thumbnailUrl":"https:\/\/letrame.com\/catalogo\/wp-content\/uploads\/2024\/04\/portada_OPE_1788mm-compressed-scaled-1.jpg","datePublished":"2024-04-18T08:36:52+00:00","breadcrumb":{"@id":"https:\/\/letrame.com\/catalogo\/producto\/recopilacion-de-test-legislacion-sanitaria-comun-de-los-servicios-de-salud\/#breadcrumb"},"inLanguage":"es","potentialAction":[{"@type":"ReadAction","target":["https:\/\/letrame.com\/catalogo\/producto\/recopilacion-de-test-legislacion-sanitaria-comun-de-los-servicios-de-salud\/"]}]},{"@type":"ImageObject","inLanguage":"es","@id":"https:\/\/letrame.com\/catalogo\/producto\/recopilacion-de-test-legislacion-sanitaria-comun-de-los-servicios-de-salud\/#primaryimage","url":"https:\/\/letrame.com\/catalogo\/wp-content\/uploads\/2024\/04\/portada_OPE_1788mm-compressed-scaled-1.jpg","contentUrl":"https:\/\/letrame.com\/catalogo\/wp-content\/uploads\/2024\/04\/portada_OPE_1788mm-compressed-scaled-1.jpg","width":1810,"height":2560},{"@type":"BreadcrumbList","@id":"https:\/\/letrame.com\/catalogo\/producto\/recopilacion-de-test-legislacion-sanitaria-comun-de-los-servicios-de-salud\/#breadcrumb","itemListElement":[{"@type":"ListItem","position":1,"name":"Portada","item":"https:\/\/letrame.com\/catalogo\/"},{"@type":"ListItem","position":2,"name":"Cat\u00e1logo","item":"https:\/\/letrame.com\/catalogo\/"},{"@type":"ListItem","position":3,"name":"Recopilaci\u00f3n de test. Legislaci\u00f3n sanitaria com\u00fan de los servicios de salud"}]},{"@type":"WebSite","@id":"https:\/\/letrame.com\/catalogo\/#website","url":"https:\/\/letrame.com\/catalogo\/","name":"Catalogo | Letrame Grupo Editorial","description":"","publisher":{"@id":"https:\/\/letrame.com\/catalogo\/#organization"},"potentialAction":[{"@type":"SearchAction","target":{"@type":"EntryPoint","urlTemplate":"https:\/\/letrame.com\/catalogo\/?s={search_term_string}"},"query-input":{"@type":"PropertyValueSpecification","valueRequired":true,"valueName":"search_term_string"}}],"inLanguage":"es"},{"@type":"Organization","@id":"https:\/\/letrame.com\/catalogo\/#organization","name":"Catalogo | Letrame Grupo Editorial","url":"https:\/\/letrame.com\/catalogo\/","logo":{"@type":"ImageObject","inLanguage":"es","@id":"https:\/\/letrame.com\/catalogo\/#\/schema\/logo\/image\/","url":"https:\/\/letrame.com\/catalogo\/wp-content\/uploads\/2024\/03\/logo2.webp","contentUrl":"https:\/\/letrame.com\/catalogo\/wp-content\/uploads\/2024\/03\/logo2.webp","width":394,"height":128,"caption":"Catalogo | Letrame Grupo Editorial"},"image":{"@id":"https:\/\/letrame.com\/catalogo\/#\/schema\/logo\/image\/"}}]}},"_links":{"self":[{"href":"https:\/\/letrame.com\/catalogo\/wp-json\/wp\/v2\/product\/94340","targetHints":{"allow":["GET"]}}],"collection":[{"href":"https:\/\/letrame.com\/catalogo\/wp-json\/wp\/v2\/product"}],"about":[{"href":"https:\/\/letrame.com\/catalogo\/wp-json\/wp\/v2\/types\/product"}],"replies":[{"embeddable":true,"href":"https:\/\/letrame.com\/catalogo\/wp-json\/wp\/v2\/comments?post=94340"}],"wp:featuredmedia":[{"embeddable":true,"href":"https:\/\/letrame.com\/catalogo\/wp-json\/wp\/v2\/media\/94341"}],"wp:attachment":[{"href":"https:\/\/letrame.com\/catalogo\/wp-json\/wp\/v2\/media?parent=94340"}],"wp:term":[{"taxonomy":"libro","embeddable":true,"href":"https:\/\/letrame.com\/catalogo\/wp-json\/wp\/v2\/libro?post=94340"},{"taxonomy":"product_brand","embeddable":true,"href":"https:\/\/letrame.com\/catalogo\/wp-json\/wp\/v2\/product_brand?post=94340"},{"taxonomy":"product_cat","embeddable":true,"href":"https:\/\/letrame.com\/catalogo\/wp-json\/wp\/v2\/product_cat?post=94340"},{"taxonomy":"product_tag","embeddable":true,"href":"https:\/\/letrame.com\/catalogo\/wp-json\/wp\/v2\/product_tag?post=94340"}],"curies":[{"name":"wp","href":"https:\/\/api.w.org\/{rel}","templated":true}]}}