{"id":94305,"date":"2024-04-18T10:33:05","date_gmt":"2024-04-18T08:33:05","guid":{"rendered":"https:\/\/letrame.com\/catalogo\/producto\/el-asesino-de-la-memoria\/"},"modified":"2024-04-18T10:33:28","modified_gmt":"2024-04-18T08:33:28","slug":"el-asesino-de-la-memoria","status":"publish","type":"product","link":"https:\/\/letrame.com\/catalogo\/producto\/el-asesino-de-la-memoria\/","title":{"rendered":"El asesino de la memoria"},"content":{"rendered":"<p><strong>ISBN<\/strong>: 978-84-17704-28-5<br \/>\n<strong>T\u00edtulo<\/strong>: El asesino de la memoria<br \/>\n<strong>Fecha<\/strong>: 2019<br \/>\n<strong>P\u00e1ginas<\/strong>: 482<\/p>\n<p>&nbsp;<\/p>\n<p><strong>SINOPSIS<\/strong><\/p>\n<section>\n<div class=\"about-this-book\">\n<div class=\"container\">\n<div class=\"right-detail shop-detail1 pull-right col-md-8 col-sm-8 col-xs-12\">\n<div id=\"editionnal-reviews\" class=\"book-desc-detail\"><span class=\"detail-desc box-detail-desc\">El asesino de la memoria es a la vez un libro de arte; de la historia que nunca hay que olvidar; y una novela negra con su dosis de sexo, drogas y asesinatos en el marco y consecuencia de la Memoria Hist\u00f3rica. Ilustrado con grabados y dibujos originales&#8230; Trata de entretener y exponer los hechos recientes durante la dictadura franquista con el \u00e1nimo de evitar su olvido, mostrando la situaci\u00f3n actual para animar a su reflexi\u00f3n, pero sin abandonar la obligaci\u00f3n de disfrutar con su lectura. VERDAD-JUSTICIA-REPARACI\u00d3N \u00bfCu\u00e1ntos fueron los presos pol\u00edticos en ese dilatado per\u00edodo y a cu\u00e1ntos millones de a\u00f1os alcanzan las penas de reclusi\u00f3n cumplidas en presidios, c\u00e1rceles, destacamentos penitenciarios, campos de concentraci\u00f3n y trabajo, batallones disciplinarios y de castigo? \u00bfCu\u00e1ntos fueron asesinados y abandonados en las cunetas de los caminos? Los que no olvidan exigen Verdad, Justicia y Reparaci\u00f3n\u2026 pero \u00e9l o ellos, sicarios, solo buscan venganza y sin contemplaciones asesinan a aquellos familiares cercanos a los asesinos fascistas que ya por la edad han muerto. Uno o unos sicarios tratan de vengarse en los descendientes de aquellos fascistas que asesinaron y dejaron en las cunetas a infinidad de republicanos.<\/span><\/div>\n<div id=\"clear-scroll\" class=\"clearfix\"><\/div>\n<\/div>\n<\/div>\n<\/div>\n<\/section>\n<div class=\"feature-section feature-option2\">\n<div class=\"container\">\n<div class=\"related products\">\n<div class=\"title-box\"><\/div>\n<\/div>\n<\/div>\n<\/div>\n","protected":false},"excerpt":{"rendered":"<p><strong>ISBN: 978-84-17704-28-5<\/strong><\/p>\n<p>El asesino de la memoria es a la vez un libro de arte; de la historia que nunca hay que olvidar; y una novela negra con su dosis de sexo, drogas y asesinatos en el marco y consecuencia de la Memoria Hist\u00f3rica. Ilustrado con grabados y dibujos originales&#8230; Trata de entretener y exponer los hechos recientes durante la dictadura franquista con el \u00e1nimo de evitar su olvido, mostrando la situaci\u00f3n actual para animar a su reflexi\u00f3n, pero sin abandonar la obligaci\u00f3n de disfrutar con su lectura.<\/p>\n","protected":false},"featured_media":94306,"comment_status":"closed","ping_status":"open","template":"","meta":{"_acf_changed":false},"libro":[],"product_brand":[],"product_cat":[16],"product_tag":[],"class_list":{"0":"post-94305","1":"product","2":"type-product","3":"status-publish","4":"has-post-thumbnail","6":"product_cat-novela","8":"first","9":"instock","10":"purchasable","11":"product-type-simple"},"acf":{"autor":[73245],"enlace_de_compra":"https:\/\/www.amazon.es\/dp\/8417704280\/"},"yoast_head":"<!-- This site is optimized with the Yoast SEO plugin v26.6 - https:\/\/yoast.com\/wordpress\/plugins\/seo\/ -->\n<title>El asesino de la memoria - Catalogo | Letrame Grupo Editorial<\/title>\n<meta name=\"robots\" content=\"index, follow, max-snippet:-1, max-image-preview:large, max-video-preview:-1\" \/>\n<link rel=\"canonical\" href=\"https:\/\/letrame.com\/catalogo\/producto\/el-asesino-de-la-memoria\/\" \/>\n<meta property=\"og:locale\" content=\"es_ES\" \/>\n<meta property=\"og:type\" content=\"article\" \/>\n<meta property=\"og:title\" content=\"El asesino de la memoria - Catalogo | Letrame Grupo Editorial\" \/>\n<meta property=\"og:description\" content=\"ISBN: 978-84-17704-28-5 El asesino de la memoria es a la vez un libro de arte; de la historia que nunca hay que olvidar; y una novela negra con su dosis de sexo, drogas y asesinatos en el marco y consecuencia de la Memoria Hist\u00f3rica. Ilustrado con grabados y dibujos originales... Trata de entretener y exponer los hechos recientes durante la dictadura franquista con el \u00e1nimo de evitar su olvido, mostrando la situaci\u00f3n actual para animar a su reflexi\u00f3n, pero sin abandonar la obligaci\u00f3n de disfrutar con su lectura.\" \/>\n<meta property=\"og:url\" content=\"https:\/\/letrame.com\/catalogo\/producto\/el-asesino-de-la-memoria\/\" \/>\n<meta property=\"og:site_name\" content=\"Catalogo | Letrame Grupo Editorial\" \/>\n<meta property=\"article:modified_time\" content=\"2024-04-18T08:33:28+00:00\" \/>\n<meta property=\"og:image\" content=\"https:\/\/letrame.com\/catalogo\/wp-content\/uploads\/2024\/04\/Asesinomemoria_23mm_v3-compressed-scaled-1.jpg\" \/>\n\t<meta property=\"og:image:width\" content=\"765\" \/>\n\t<meta property=\"og:image:height\" content=\"1080\" \/>\n\t<meta property=\"og:image:type\" content=\"image\/jpeg\" \/>\n<meta name=\"twitter:card\" content=\"summary_large_image\" \/>\n<meta name=\"twitter:label1\" content=\"Tiempo de lectura\" \/>\n\t<meta name=\"twitter:data1\" content=\"1 minuto\" \/>\n<script type=\"application\/ld+json\" class=\"yoast-schema-graph\">{\"@context\":\"https:\/\/schema.org\",\"@graph\":[{\"@type\":\"WebPage\",\"@id\":\"https:\/\/letrame.com\/catalogo\/producto\/el-asesino-de-la-memoria\/\",\"url\":\"https:\/\/letrame.com\/catalogo\/producto\/el-asesino-de-la-memoria\/\",\"name\":\"El asesino de la memoria - Catalogo | Letrame Grupo Editorial\",\"isPartOf\":{\"@id\":\"https:\/\/letrame.com\/catalogo\/#website\"},\"primaryImageOfPage\":{\"@id\":\"https:\/\/letrame.com\/catalogo\/producto\/el-asesino-de-la-memoria\/#primaryimage\"},\"image\":{\"@id\":\"https:\/\/letrame.com\/catalogo\/producto\/el-asesino-de-la-memoria\/#primaryimage\"},\"thumbnailUrl\":\"https:\/\/letrame.com\/catalogo\/wp-content\/uploads\/2024\/04\/Asesinomemoria_23mm_v3-compressed-scaled-1.jpg\",\"datePublished\":\"2024-04-18T08:33:05+00:00\",\"dateModified\":\"2024-04-18T08:33:28+00:00\",\"breadcrumb\":{\"@id\":\"https:\/\/letrame.com\/catalogo\/producto\/el-asesino-de-la-memoria\/#breadcrumb\"},\"inLanguage\":\"es\",\"potentialAction\":[{\"@type\":\"ReadAction\",\"target\":[\"https:\/\/letrame.com\/catalogo\/producto\/el-asesino-de-la-memoria\/\"]}]},{\"@type\":\"ImageObject\",\"inLanguage\":\"es\",\"@id\":\"https:\/\/letrame.com\/catalogo\/producto\/el-asesino-de-la-memoria\/#primaryimage\",\"url\":\"https:\/\/letrame.com\/catalogo\/wp-content\/uploads\/2024\/04\/Asesinomemoria_23mm_v3-compressed-scaled-1.jpg\",\"contentUrl\":\"https:\/\/letrame.com\/catalogo\/wp-content\/uploads\/2024\/04\/Asesinomemoria_23mm_v3-compressed-scaled-1.jpg\",\"width\":765,\"height\":1080},{\"@type\":\"BreadcrumbList\",\"@id\":\"https:\/\/letrame.com\/catalogo\/producto\/el-asesino-de-la-memoria\/#breadcrumb\",\"itemListElement\":[{\"@type\":\"ListItem\",\"position\":1,\"name\":\"Portada\",\"item\":\"https:\/\/letrame.com\/catalogo\/\"},{\"@type\":\"ListItem\",\"position\":2,\"name\":\"Cat\u00e1logo\",\"item\":\"https:\/\/letrame.com\/catalogo\/\"},{\"@type\":\"ListItem\",\"position\":3,\"name\":\"El asesino de la memoria\"}]},{\"@type\":\"WebSite\",\"@id\":\"https:\/\/letrame.com\/catalogo\/#website\",\"url\":\"https:\/\/letrame.com\/catalogo\/\",\"name\":\"Catalogo | Letrame Grupo Editorial\",\"description\":\"\",\"publisher\":{\"@id\":\"https:\/\/letrame.com\/catalogo\/#organization\"},\"potentialAction\":[{\"@type\":\"SearchAction\",\"target\":{\"@type\":\"EntryPoint\",\"urlTemplate\":\"https:\/\/letrame.com\/catalogo\/?s={search_term_string}\"},\"query-input\":{\"@type\":\"PropertyValueSpecification\",\"valueRequired\":true,\"valueName\":\"search_term_string\"}}],\"inLanguage\":\"es\"},{\"@type\":\"Organization\",\"@id\":\"https:\/\/letrame.com\/catalogo\/#organization\",\"name\":\"Catalogo | Letrame Grupo Editorial\",\"url\":\"https:\/\/letrame.com\/catalogo\/\",\"logo\":{\"@type\":\"ImageObject\",\"inLanguage\":\"es\",\"@id\":\"https:\/\/letrame.com\/catalogo\/#\/schema\/logo\/image\/\",\"url\":\"https:\/\/letrame.com\/catalogo\/wp-content\/uploads\/2024\/03\/logo2.webp\",\"contentUrl\":\"https:\/\/letrame.com\/catalogo\/wp-content\/uploads\/2024\/03\/logo2.webp\",\"width\":394,\"height\":128,\"caption\":\"Catalogo | Letrame Grupo Editorial\"},\"image\":{\"@id\":\"https:\/\/letrame.com\/catalogo\/#\/schema\/logo\/image\/\"}}]}<\/script>\n<!-- \/ Yoast SEO plugin. -->","yoast_head_json":{"title":"El asesino de la memoria - Catalogo | Letrame Grupo Editorial","robots":{"index":"index","follow":"follow","max-snippet":"max-snippet:-1","max-image-preview":"max-image-preview:large","max-video-preview":"max-video-preview:-1"},"canonical":"https:\/\/letrame.com\/catalogo\/producto\/el-asesino-de-la-memoria\/","og_locale":"es_ES","og_type":"article","og_title":"El asesino de la memoria - Catalogo | Letrame Grupo Editorial","og_description":"ISBN: 978-84-17704-28-5 El asesino de la memoria es a la vez un libro de arte; de la historia que nunca hay que olvidar; y una novela negra con su dosis de sexo, drogas y asesinatos en el marco y consecuencia de la Memoria Hist\u00f3rica. Ilustrado con grabados y dibujos originales... Trata de entretener y exponer los hechos recientes durante la dictadura franquista con el \u00e1nimo de evitar su olvido, mostrando la situaci\u00f3n actual para animar a su reflexi\u00f3n, pero sin abandonar la obligaci\u00f3n de disfrutar con su lectura.","og_url":"https:\/\/letrame.com\/catalogo\/producto\/el-asesino-de-la-memoria\/","og_site_name":"Catalogo | Letrame Grupo Editorial","article_modified_time":"2024-04-18T08:33:28+00:00","og_image":[{"width":765,"height":1080,"url":"https:\/\/letrame.com\/catalogo\/wp-content\/uploads\/2024\/04\/Asesinomemoria_23mm_v3-compressed-scaled-1.jpg","type":"image\/jpeg"}],"twitter_card":"summary_large_image","twitter_misc":{"Tiempo de lectura":"1 minuto"},"schema":{"@context":"https:\/\/schema.org","@graph":[{"@type":"WebPage","@id":"https:\/\/letrame.com\/catalogo\/producto\/el-asesino-de-la-memoria\/","url":"https:\/\/letrame.com\/catalogo\/producto\/el-asesino-de-la-memoria\/","name":"El asesino de la memoria - Catalogo | Letrame Grupo Editorial","isPartOf":{"@id":"https:\/\/letrame.com\/catalogo\/#website"},"primaryImageOfPage":{"@id":"https:\/\/letrame.com\/catalogo\/producto\/el-asesino-de-la-memoria\/#primaryimage"},"image":{"@id":"https:\/\/letrame.com\/catalogo\/producto\/el-asesino-de-la-memoria\/#primaryimage"},"thumbnailUrl":"https:\/\/letrame.com\/catalogo\/wp-content\/uploads\/2024\/04\/Asesinomemoria_23mm_v3-compressed-scaled-1.jpg","datePublished":"2024-04-18T08:33:05+00:00","dateModified":"2024-04-18T08:33:28+00:00","breadcrumb":{"@id":"https:\/\/letrame.com\/catalogo\/producto\/el-asesino-de-la-memoria\/#breadcrumb"},"inLanguage":"es","potentialAction":[{"@type":"ReadAction","target":["https:\/\/letrame.com\/catalogo\/producto\/el-asesino-de-la-memoria\/"]}]},{"@type":"ImageObject","inLanguage":"es","@id":"https:\/\/letrame.com\/catalogo\/producto\/el-asesino-de-la-memoria\/#primaryimage","url":"https:\/\/letrame.com\/catalogo\/wp-content\/uploads\/2024\/04\/Asesinomemoria_23mm_v3-compressed-scaled-1.jpg","contentUrl":"https:\/\/letrame.com\/catalogo\/wp-content\/uploads\/2024\/04\/Asesinomemoria_23mm_v3-compressed-scaled-1.jpg","width":765,"height":1080},{"@type":"BreadcrumbList","@id":"https:\/\/letrame.com\/catalogo\/producto\/el-asesino-de-la-memoria\/#breadcrumb","itemListElement":[{"@type":"ListItem","position":1,"name":"Portada","item":"https:\/\/letrame.com\/catalogo\/"},{"@type":"ListItem","position":2,"name":"Cat\u00e1logo","item":"https:\/\/letrame.com\/catalogo\/"},{"@type":"ListItem","position":3,"name":"El asesino de la memoria"}]},{"@type":"WebSite","@id":"https:\/\/letrame.com\/catalogo\/#website","url":"https:\/\/letrame.com\/catalogo\/","name":"Catalogo | Letrame Grupo Editorial","description":"","publisher":{"@id":"https:\/\/letrame.com\/catalogo\/#organization"},"potentialAction":[{"@type":"SearchAction","target":{"@type":"EntryPoint","urlTemplate":"https:\/\/letrame.com\/catalogo\/?s={search_term_string}"},"query-input":{"@type":"PropertyValueSpecification","valueRequired":true,"valueName":"search_term_string"}}],"inLanguage":"es"},{"@type":"Organization","@id":"https:\/\/letrame.com\/catalogo\/#organization","name":"Catalogo | Letrame Grupo Editorial","url":"https:\/\/letrame.com\/catalogo\/","logo":{"@type":"ImageObject","inLanguage":"es","@id":"https:\/\/letrame.com\/catalogo\/#\/schema\/logo\/image\/","url":"https:\/\/letrame.com\/catalogo\/wp-content\/uploads\/2024\/03\/logo2.webp","contentUrl":"https:\/\/letrame.com\/catalogo\/wp-content\/uploads\/2024\/03\/logo2.webp","width":394,"height":128,"caption":"Catalogo | Letrame Grupo Editorial"},"image":{"@id":"https:\/\/letrame.com\/catalogo\/#\/schema\/logo\/image\/"}}]}},"_links":{"self":[{"href":"https:\/\/letrame.com\/catalogo\/wp-json\/wp\/v2\/product\/94305","targetHints":{"allow":["GET"]}}],"collection":[{"href":"https:\/\/letrame.com\/catalogo\/wp-json\/wp\/v2\/product"}],"about":[{"href":"https:\/\/letrame.com\/catalogo\/wp-json\/wp\/v2\/types\/product"}],"replies":[{"embeddable":true,"href":"https:\/\/letrame.com\/catalogo\/wp-json\/wp\/v2\/comments?post=94305"}],"acf:post":[{"embeddable":true,"href":"https:\/\/letrame.com\/catalogo\/wp-json\/wp\/v2\/author_book\/73245"}],"wp:featuredmedia":[{"embeddable":true,"href":"https:\/\/letrame.com\/catalogo\/wp-json\/wp\/v2\/media\/94306"}],"wp:attachment":[{"href":"https:\/\/letrame.com\/catalogo\/wp-json\/wp\/v2\/media?parent=94305"}],"wp:term":[{"taxonomy":"libro","embeddable":true,"href":"https:\/\/letrame.com\/catalogo\/wp-json\/wp\/v2\/libro?post=94305"},{"taxonomy":"product_brand","embeddable":true,"href":"https:\/\/letrame.com\/catalogo\/wp-json\/wp\/v2\/product_brand?post=94305"},{"taxonomy":"product_cat","embeddable":true,"href":"https:\/\/letrame.com\/catalogo\/wp-json\/wp\/v2\/product_cat?post=94305"},{"taxonomy":"product_tag","embeddable":true,"href":"https:\/\/letrame.com\/catalogo\/wp-json\/wp\/v2\/product_tag?post=94305"}],"curies":[{"name":"wp","href":"https:\/\/api.w.org\/{rel}","templated":true}]}}