{"id":94297,"date":"2024-04-18T10:32:01","date_gmt":"2024-04-18T08:32:01","guid":{"rendered":"https:\/\/letrame.com\/catalogo\/producto\/auto-sanacion-integral-segun-lonore-montori-entrando-en-la-cuarta-dimension\/"},"modified":"2024-07-19T10:51:56","modified_gmt":"2024-07-19T08:51:56","slug":"auto-sanacion-integral-segun-lonore-montori-entrando-en-la-cuarta-dimension","status":"publish","type":"product","link":"https:\/\/letrame.com\/catalogo\/producto\/auto-sanacion-integral-segun-lonore-montori-entrando-en-la-cuarta-dimension\/","title":{"rendered":"Auto Sanaci\u00f3n Integral seg\u00fan Lonore Montori. Entrando en la Cuarta Dimensi\u00f3n"},"content":{"rendered":"<p><strong>ISBN<\/strong>: 978-84-17396-09-1<br \/>\n<strong>T\u00edtulo<\/strong>: Auto Sanaci\u00f3n Integral seg\u00fan Lonore Montori. Entrando en la Cuarta Dimensi\u00f3n<br \/>\n<strong>Fecha<\/strong>: 2018<br \/>\n<strong>P\u00e1ginas<\/strong>: 132<\/p>\n<p>&nbsp;<\/p>\n<p><strong>SINOPSIS<\/strong><\/p>\n<section>\n<div class=\"about-this-book\">\n<div class=\"container\">\n<div class=\"right-detail shop-detail1 pull-right col-md-8 col-sm-8 col-xs-12\">\n<div id=\"editionnal-reviews\" class=\"book-desc-detail\"><span class=\"detail-desc box-detail-desc\">Lonore Montori, despu\u00e9s de haber re-conectado con su Alma y descubierto su Esencia, y despu\u00e9s de haber transformado su vida y la de su Hogar siguiendo su propio sentir interno, tal y como nos relata en su primer libro Re-Nacer a los 40. Cuando el Alma apuesta por la Vida, pone ahora en tus manos todo lo que debes comprender sobre lo que eres, sobre el funcionamiento de las Leyes Universales y sobre las \u201cherramientas\u201d que debes poner en Acci\u00f3n para, si quieres, poder llevar a cabo la Auto Sanaci\u00f3n y la transformaci\u00f3n de tu vida y de lo que te rodea, y hacerlo de forma consciente. Adem\u00e1s, tal y como es ella, lo hace de manera sencilla y transparente, de forma que cualquiera pueda comprender. Y desde aqu\u00ed simplemente te desea un feliz \u201cdespertar\u201d, te da la bienvenida a la \u201cCuarta Dimensi\u00f3n\u201d y siguiendo la \u201cMisi\u00f3n de su Alma\u201d, se ofrece a guiar en el proceso a toda aquella persona que solicite su ayuda y sus servicios. Recuerda: \u201cViniste a esta vida a ofrecer la mejor versi\u00f3n de ti mismo\u201d.<\/span><\/div>\n<div id=\"clear-scroll\" class=\"clearfix\"><\/div>\n<\/div>\n<\/div>\n<\/div>\n<\/section>\n<div class=\"feature-section feature-option2\">\n<div class=\"container\">\n<div class=\"related products\">\n<div class=\"title-box\"><\/div>\n<\/div>\n<\/div>\n<\/div>\n","protected":false},"excerpt":{"rendered":"<p><strong>ISBN: 978-84-17396-09-1<br \/>\n<\/strong><\/p>\n<p>Lonore Montori, despu\u00e9s de haber re-conectado con su Alma y descubierto su Esencia, y despu\u00e9s de haber transformado su vida y la de su Hogar siguiendo su propio sentir interno, tal y como nos relata en su primer libro Re-Nacer a los 40.<\/p>\n","protected":false},"featured_media":94298,"comment_status":"closed","ping_status":"closed","template":"","meta":{"_acf_changed":false},"libro":[],"product_brand":[],"product_cat":[18],"product_tag":[],"class_list":{"0":"post-94297","1":"product","2":"type-product","3":"status-publish","4":"has-post-thumbnail","6":"product_cat-autoayuda","8":"first","9":"instock","10":"purchasable","11":"product-type-simple"},"acf":{"autor":[73494],"enlace_de_compra":"https:\/\/www.amazon.es\/Sanaci%C3%B3n-Integral-Montori-Dimensi%C3%B3n-Autoayuda\/dp\/8417396888\/"},"yoast_head":"<!-- This site is optimized with the Yoast SEO plugin v26.6 - https:\/\/yoast.com\/wordpress\/plugins\/seo\/ -->\n<title>Auto Sanaci\u00f3n Integral seg\u00fan Lonore Montori. Entrando en la Cuarta Dimensi\u00f3n - Catalogo | Letrame Grupo Editorial<\/title>\n<meta name=\"robots\" content=\"index, follow, max-snippet:-1, max-image-preview:large, max-video-preview:-1\" \/>\n<link rel=\"canonical\" href=\"https:\/\/letrame.com\/catalogo\/producto\/auto-sanacion-integral-segun-lonore-montori-entrando-en-la-cuarta-dimension\/\" \/>\n<meta property=\"og:locale\" content=\"es_ES\" \/>\n<meta property=\"og:type\" content=\"article\" \/>\n<meta property=\"og:title\" content=\"Auto Sanaci\u00f3n Integral seg\u00fan Lonore Montori. Entrando en la Cuarta Dimensi\u00f3n - Catalogo | Letrame Grupo Editorial\" \/>\n<meta property=\"og:description\" content=\"ISBN: 978-84-17396-09-1   Lonore Montori, despu\u00e9s de haber re-conectado con su Alma y descubierto su Esencia, y despu\u00e9s de haber transformado su vida y la de su Hogar siguiendo su propio sentir interno, tal y como nos relata en su primer libro Re-Nacer a los 40.\" \/>\n<meta property=\"og:url\" content=\"https:\/\/letrame.com\/catalogo\/producto\/auto-sanacion-integral-segun-lonore-montori-entrando-en-la-cuarta-dimension\/\" \/>\n<meta property=\"og:site_name\" content=\"Catalogo | Letrame Grupo Editorial\" \/>\n<meta property=\"article:modified_time\" content=\"2024-07-19T08:51:56+00:00\" \/>\n<meta property=\"og:image\" content=\"https:\/\/letrame.com\/catalogo\/wp-content\/uploads\/2024\/04\/cubierta-compressed-1-1-scaled-1.jpg\" \/>\n\t<meta property=\"og:image:width\" content=\"1776\" \/>\n\t<meta property=\"og:image:height\" content=\"2560\" \/>\n\t<meta property=\"og:image:type\" content=\"image\/jpeg\" \/>\n<meta name=\"twitter:card\" content=\"summary_large_image\" \/>\n<meta name=\"twitter:label1\" content=\"Tiempo de lectura\" \/>\n\t<meta name=\"twitter:data1\" content=\"2 minutos\" \/>\n<script type=\"application\/ld+json\" class=\"yoast-schema-graph\">{\"@context\":\"https:\/\/schema.org\",\"@graph\":[{\"@type\":\"WebPage\",\"@id\":\"https:\/\/letrame.com\/catalogo\/producto\/auto-sanacion-integral-segun-lonore-montori-entrando-en-la-cuarta-dimension\/\",\"url\":\"https:\/\/letrame.com\/catalogo\/producto\/auto-sanacion-integral-segun-lonore-montori-entrando-en-la-cuarta-dimension\/\",\"name\":\"Auto Sanaci\u00f3n Integral seg\u00fan Lonore Montori. Entrando en la Cuarta Dimensi\u00f3n - Catalogo | Letrame Grupo Editorial\",\"isPartOf\":{\"@id\":\"https:\/\/letrame.com\/catalogo\/#website\"},\"primaryImageOfPage\":{\"@id\":\"https:\/\/letrame.com\/catalogo\/producto\/auto-sanacion-integral-segun-lonore-montori-entrando-en-la-cuarta-dimension\/#primaryimage\"},\"image\":{\"@id\":\"https:\/\/letrame.com\/catalogo\/producto\/auto-sanacion-integral-segun-lonore-montori-entrando-en-la-cuarta-dimension\/#primaryimage\"},\"thumbnailUrl\":\"https:\/\/letrame.com\/catalogo\/wp-content\/uploads\/2024\/04\/cubierta-compressed-1-1-scaled-1.jpg\",\"datePublished\":\"2024-04-18T08:32:01+00:00\",\"dateModified\":\"2024-07-19T08:51:56+00:00\",\"breadcrumb\":{\"@id\":\"https:\/\/letrame.com\/catalogo\/producto\/auto-sanacion-integral-segun-lonore-montori-entrando-en-la-cuarta-dimension\/#breadcrumb\"},\"inLanguage\":\"es\",\"potentialAction\":[{\"@type\":\"ReadAction\",\"target\":[\"https:\/\/letrame.com\/catalogo\/producto\/auto-sanacion-integral-segun-lonore-montori-entrando-en-la-cuarta-dimension\/\"]}]},{\"@type\":\"ImageObject\",\"inLanguage\":\"es\",\"@id\":\"https:\/\/letrame.com\/catalogo\/producto\/auto-sanacion-integral-segun-lonore-montori-entrando-en-la-cuarta-dimension\/#primaryimage\",\"url\":\"https:\/\/letrame.com\/catalogo\/wp-content\/uploads\/2024\/04\/cubierta-compressed-1-1-scaled-1.jpg\",\"contentUrl\":\"https:\/\/letrame.com\/catalogo\/wp-content\/uploads\/2024\/04\/cubierta-compressed-1-1-scaled-1.jpg\",\"width\":1776,\"height\":2560},{\"@type\":\"BreadcrumbList\",\"@id\":\"https:\/\/letrame.com\/catalogo\/producto\/auto-sanacion-integral-segun-lonore-montori-entrando-en-la-cuarta-dimension\/#breadcrumb\",\"itemListElement\":[{\"@type\":\"ListItem\",\"position\":1,\"name\":\"Portada\",\"item\":\"https:\/\/letrame.com\/catalogo\/\"},{\"@type\":\"ListItem\",\"position\":2,\"name\":\"Cat\u00e1logo\",\"item\":\"https:\/\/letrame.com\/catalogo\/\"},{\"@type\":\"ListItem\",\"position\":3,\"name\":\"Auto Sanaci\u00f3n Integral seg\u00fan Lonore Montori. Entrando en la Cuarta Dimensi\u00f3n\"}]},{\"@type\":\"WebSite\",\"@id\":\"https:\/\/letrame.com\/catalogo\/#website\",\"url\":\"https:\/\/letrame.com\/catalogo\/\",\"name\":\"Catalogo | Letrame Grupo Editorial\",\"description\":\"\",\"publisher\":{\"@id\":\"https:\/\/letrame.com\/catalogo\/#organization\"},\"potentialAction\":[{\"@type\":\"SearchAction\",\"target\":{\"@type\":\"EntryPoint\",\"urlTemplate\":\"https:\/\/letrame.com\/catalogo\/?s={search_term_string}\"},\"query-input\":{\"@type\":\"PropertyValueSpecification\",\"valueRequired\":true,\"valueName\":\"search_term_string\"}}],\"inLanguage\":\"es\"},{\"@type\":\"Organization\",\"@id\":\"https:\/\/letrame.com\/catalogo\/#organization\",\"name\":\"Catalogo | Letrame Grupo Editorial\",\"url\":\"https:\/\/letrame.com\/catalogo\/\",\"logo\":{\"@type\":\"ImageObject\",\"inLanguage\":\"es\",\"@id\":\"https:\/\/letrame.com\/catalogo\/#\/schema\/logo\/image\/\",\"url\":\"https:\/\/letrame.com\/catalogo\/wp-content\/uploads\/2024\/03\/logo2.webp\",\"contentUrl\":\"https:\/\/letrame.com\/catalogo\/wp-content\/uploads\/2024\/03\/logo2.webp\",\"width\":394,\"height\":128,\"caption\":\"Catalogo | Letrame Grupo Editorial\"},\"image\":{\"@id\":\"https:\/\/letrame.com\/catalogo\/#\/schema\/logo\/image\/\"}}]}<\/script>\n<!-- \/ Yoast SEO plugin. -->","yoast_head_json":{"title":"Auto Sanaci\u00f3n Integral seg\u00fan Lonore Montori. Entrando en la Cuarta Dimensi\u00f3n - Catalogo | Letrame Grupo Editorial","robots":{"index":"index","follow":"follow","max-snippet":"max-snippet:-1","max-image-preview":"max-image-preview:large","max-video-preview":"max-video-preview:-1"},"canonical":"https:\/\/letrame.com\/catalogo\/producto\/auto-sanacion-integral-segun-lonore-montori-entrando-en-la-cuarta-dimension\/","og_locale":"es_ES","og_type":"article","og_title":"Auto Sanaci\u00f3n Integral seg\u00fan Lonore Montori. Entrando en la Cuarta Dimensi\u00f3n - Catalogo | Letrame Grupo Editorial","og_description":"ISBN: 978-84-17396-09-1   Lonore Montori, despu\u00e9s de haber re-conectado con su Alma y descubierto su Esencia, y despu\u00e9s de haber transformado su vida y la de su Hogar siguiendo su propio sentir interno, tal y como nos relata en su primer libro Re-Nacer a los 40.","og_url":"https:\/\/letrame.com\/catalogo\/producto\/auto-sanacion-integral-segun-lonore-montori-entrando-en-la-cuarta-dimension\/","og_site_name":"Catalogo | Letrame Grupo Editorial","article_modified_time":"2024-07-19T08:51:56+00:00","og_image":[{"width":1776,"height":2560,"url":"https:\/\/letrame.com\/catalogo\/wp-content\/uploads\/2024\/04\/cubierta-compressed-1-1-scaled-1.jpg","type":"image\/jpeg"}],"twitter_card":"summary_large_image","twitter_misc":{"Tiempo de lectura":"2 minutos"},"schema":{"@context":"https:\/\/schema.org","@graph":[{"@type":"WebPage","@id":"https:\/\/letrame.com\/catalogo\/producto\/auto-sanacion-integral-segun-lonore-montori-entrando-en-la-cuarta-dimension\/","url":"https:\/\/letrame.com\/catalogo\/producto\/auto-sanacion-integral-segun-lonore-montori-entrando-en-la-cuarta-dimension\/","name":"Auto Sanaci\u00f3n Integral seg\u00fan Lonore Montori. Entrando en la Cuarta Dimensi\u00f3n - Catalogo | Letrame Grupo Editorial","isPartOf":{"@id":"https:\/\/letrame.com\/catalogo\/#website"},"primaryImageOfPage":{"@id":"https:\/\/letrame.com\/catalogo\/producto\/auto-sanacion-integral-segun-lonore-montori-entrando-en-la-cuarta-dimension\/#primaryimage"},"image":{"@id":"https:\/\/letrame.com\/catalogo\/producto\/auto-sanacion-integral-segun-lonore-montori-entrando-en-la-cuarta-dimension\/#primaryimage"},"thumbnailUrl":"https:\/\/letrame.com\/catalogo\/wp-content\/uploads\/2024\/04\/cubierta-compressed-1-1-scaled-1.jpg","datePublished":"2024-04-18T08:32:01+00:00","dateModified":"2024-07-19T08:51:56+00:00","breadcrumb":{"@id":"https:\/\/letrame.com\/catalogo\/producto\/auto-sanacion-integral-segun-lonore-montori-entrando-en-la-cuarta-dimension\/#breadcrumb"},"inLanguage":"es","potentialAction":[{"@type":"ReadAction","target":["https:\/\/letrame.com\/catalogo\/producto\/auto-sanacion-integral-segun-lonore-montori-entrando-en-la-cuarta-dimension\/"]}]},{"@type":"ImageObject","inLanguage":"es","@id":"https:\/\/letrame.com\/catalogo\/producto\/auto-sanacion-integral-segun-lonore-montori-entrando-en-la-cuarta-dimension\/#primaryimage","url":"https:\/\/letrame.com\/catalogo\/wp-content\/uploads\/2024\/04\/cubierta-compressed-1-1-scaled-1.jpg","contentUrl":"https:\/\/letrame.com\/catalogo\/wp-content\/uploads\/2024\/04\/cubierta-compressed-1-1-scaled-1.jpg","width":1776,"height":2560},{"@type":"BreadcrumbList","@id":"https:\/\/letrame.com\/catalogo\/producto\/auto-sanacion-integral-segun-lonore-montori-entrando-en-la-cuarta-dimension\/#breadcrumb","itemListElement":[{"@type":"ListItem","position":1,"name":"Portada","item":"https:\/\/letrame.com\/catalogo\/"},{"@type":"ListItem","position":2,"name":"Cat\u00e1logo","item":"https:\/\/letrame.com\/catalogo\/"},{"@type":"ListItem","position":3,"name":"Auto Sanaci\u00f3n Integral seg\u00fan Lonore Montori. Entrando en la Cuarta Dimensi\u00f3n"}]},{"@type":"WebSite","@id":"https:\/\/letrame.com\/catalogo\/#website","url":"https:\/\/letrame.com\/catalogo\/","name":"Catalogo | Letrame Grupo Editorial","description":"","publisher":{"@id":"https:\/\/letrame.com\/catalogo\/#organization"},"potentialAction":[{"@type":"SearchAction","target":{"@type":"EntryPoint","urlTemplate":"https:\/\/letrame.com\/catalogo\/?s={search_term_string}"},"query-input":{"@type":"PropertyValueSpecification","valueRequired":true,"valueName":"search_term_string"}}],"inLanguage":"es"},{"@type":"Organization","@id":"https:\/\/letrame.com\/catalogo\/#organization","name":"Catalogo | Letrame Grupo Editorial","url":"https:\/\/letrame.com\/catalogo\/","logo":{"@type":"ImageObject","inLanguage":"es","@id":"https:\/\/letrame.com\/catalogo\/#\/schema\/logo\/image\/","url":"https:\/\/letrame.com\/catalogo\/wp-content\/uploads\/2024\/03\/logo2.webp","contentUrl":"https:\/\/letrame.com\/catalogo\/wp-content\/uploads\/2024\/03\/logo2.webp","width":394,"height":128,"caption":"Catalogo | Letrame Grupo Editorial"},"image":{"@id":"https:\/\/letrame.com\/catalogo\/#\/schema\/logo\/image\/"}}]}},"_links":{"self":[{"href":"https:\/\/letrame.com\/catalogo\/wp-json\/wp\/v2\/product\/94297","targetHints":{"allow":["GET"]}}],"collection":[{"href":"https:\/\/letrame.com\/catalogo\/wp-json\/wp\/v2\/product"}],"about":[{"href":"https:\/\/letrame.com\/catalogo\/wp-json\/wp\/v2\/types\/product"}],"replies":[{"embeddable":true,"href":"https:\/\/letrame.com\/catalogo\/wp-json\/wp\/v2\/comments?post=94297"}],"acf:post":[{"embeddable":true,"href":"https:\/\/letrame.com\/catalogo\/wp-json\/wp\/v2\/author_book\/73494"}],"wp:featuredmedia":[{"embeddable":true,"href":"https:\/\/letrame.com\/catalogo\/wp-json\/wp\/v2\/media\/94298"}],"wp:attachment":[{"href":"https:\/\/letrame.com\/catalogo\/wp-json\/wp\/v2\/media?parent=94297"}],"wp:term":[{"taxonomy":"libro","embeddable":true,"href":"https:\/\/letrame.com\/catalogo\/wp-json\/wp\/v2\/libro?post=94297"},{"taxonomy":"product_brand","embeddable":true,"href":"https:\/\/letrame.com\/catalogo\/wp-json\/wp\/v2\/product_brand?post=94297"},{"taxonomy":"product_cat","embeddable":true,"href":"https:\/\/letrame.com\/catalogo\/wp-json\/wp\/v2\/product_cat?post=94297"},{"taxonomy":"product_tag","embeddable":true,"href":"https:\/\/letrame.com\/catalogo\/wp-json\/wp\/v2\/product_tag?post=94297"}],"curies":[{"name":"wp","href":"https:\/\/api.w.org\/{rel}","templated":true}]}}