{"id":94262,"date":"2024-04-18T10:28:57","date_gmt":"2024-04-18T08:28:57","guid":{"rendered":"https:\/\/letrame.com\/catalogo\/producto\/las-cronicas-del-agua-rio-arriba\/"},"modified":"2024-04-18T10:28:57","modified_gmt":"2024-04-18T08:28:57","slug":"las-cronicas-del-agua-rio-arriba","status":"publish","type":"product","link":"https:\/\/letrame.com\/catalogo\/producto\/las-cronicas-del-agua-rio-arriba\/","title":{"rendered":"\u00abLas Cr\u00f3nicas del Agua. R\u00edo Arriba\u00bb"},"content":{"rendered":"<p><strong>ISBN<\/strong>: 978-84-17657-45-1<br \/>\n<strong>T\u00edtulo<\/strong>: \u00abLas Cr\u00f3nicas del Agua. R\u00edo Arriba\u00bb<br \/>\n<strong>Fecha<\/strong>: 2018<br \/>\n<strong>P\u00e1ginas<\/strong>: 210<\/p>\n<p>&nbsp;<\/p>\n<p><strong>SINOPSIS<\/strong><\/p>\n<section>\n<div class=\"about-this-book\">\n<div class=\"container\">\n<div class=\"right-detail shop-detail1 pull-right col-md-8 col-sm-8 col-xs-12\">\n<div id=\"editionnal-reviews\" class=\"book-desc-detail\"><span class=\"detail-desc box-detail-desc\">\u00bfAlguna vez deseaste vivir una gran aventura? \u00bfTe has preguntado de qu\u00e9 madera est\u00e1n hechos los h\u00e9roes? Sum\u00e9rgete junto a Gunter para atravesar la dif\u00edcil senda de las aguas: desde los m\u00e1s bellos parajes del r\u00edo hasta los m\u00e1s rec\u00f3nditos lugares del inmenso oc\u00e9ano. Una traves\u00eda en la que hallar\u00e1s grandes amigos\u2026, aunque tambi\u00e9n te cruzar\u00e1s con alg\u00fan que otro adversario que pondr\u00e1 a prueba tus conocimientos y habilidades. Este libro es una herramienta did\u00e1ctica con la que trabajar la educaci\u00f3n emocional y en valores, adem\u00e1s de inspirar una conciencia y responsabilidad ambiental hacia los medios fluvial y marino. Peque\u00f1os y grandes se entusiasmar\u00e1n y sensibilizar\u00e1n sobre la vida all\u00e1 abajo\u2026 en las profundidades de las aguas. Una f\u00e1bula conmovedora en la que se ofrece una visi\u00f3n novedosa del viaje del h\u00e9roe. Un viaje a contracorriente en el que no podr\u00e1s dar nada por hecho&#8230;<\/span><\/div>\n<div id=\"clear-scroll\" class=\"clearfix\"><\/div>\n<\/div>\n<\/div>\n<\/div>\n<\/section>\n<div class=\"feature-section feature-option2\">\n<div class=\"container\">\n<div class=\"related products\">\n<div class=\"title-box\"><\/div>\n<\/div>\n<\/div>\n<\/div>\n","protected":false},"excerpt":{"rendered":"<p><strong>ISBN: 978-84-17657-45-1<br \/>\n<\/strong><\/p>\n<p>\u00bfAlguna vez deseaste vivir una gran aventura? \u00bfTe has preguntado de qu\u00e9 madera est\u00e1n hechos los h\u00e9roes? Sum\u00e9rgete junto a Gunter para atravesar la dif\u00edcil senda de las aguas: desde los m\u00e1s bellos parajes del r\u00edo hasta los m\u00e1s rec\u00f3nditos lugares del inmenso oc\u00e9ano.<\/p>\n","protected":false},"featured_media":94263,"comment_status":"closed","ping_status":"open","template":"","meta":{"_acf_changed":false},"libro":[],"product_brand":[],"product_cat":[16],"product_tag":[],"class_list":{"0":"post-94262","1":"product","2":"type-product","3":"status-publish","4":"has-post-thumbnail","6":"product_cat-novela","8":"first","9":"instock","10":"purchasable","11":"product-type-simple"},"acf":{"autor":[73198],"enlace_de_compra":"https:\/\/www.amazon.es\/Las-Cr%C3%B3nicas-Agua-Arriba-Novela\/dp\/8417657452\/ref=sr_1_1?__mk_es_ES=%C3%85M%C3%85%C5%BD%C3%95%C3%91&amp&dchild=1&amp&keywords=%22Las+Cr%C3%B3nicas+del+Agua.+R%C3%ADo+Arriba%22+letrame&amp&qid=1591627556&amp&sr=8-1"},"yoast_head":"<!-- This site is optimized with the Yoast SEO plugin v26.6 - https:\/\/yoast.com\/wordpress\/plugins\/seo\/ -->\n<title>&quot;Las Cr\u00f3nicas del Agua. R\u00edo Arriba&quot; - Catalogo | Letrame Grupo Editorial<\/title>\n<meta name=\"robots\" content=\"index, follow, max-snippet:-1, max-image-preview:large, max-video-preview:-1\" \/>\n<link rel=\"canonical\" href=\"https:\/\/letrame.com\/catalogo\/producto\/las-cronicas-del-agua-rio-arriba\/\" \/>\n<meta property=\"og:locale\" content=\"es_ES\" \/>\n<meta property=\"og:type\" content=\"article\" \/>\n<meta property=\"og:title\" content=\"&quot;Las Cr\u00f3nicas del Agua. R\u00edo Arriba&quot; - Catalogo | Letrame Grupo Editorial\" \/>\n<meta property=\"og:description\" content=\"ISBN: 978-84-17657-45-1  \u00bfAlguna vez deseaste vivir una gran aventura? \u00bfTe has preguntado de qu\u00e9 madera est\u00e1n hechos los h\u00e9roes? Sum\u00e9rgete junto a Gunter para atravesar la dif\u00edcil senda de las aguas: desde los m\u00e1s bellos parajes del r\u00edo hasta los m\u00e1s rec\u00f3nditos lugares del inmenso oc\u00e9ano.\" \/>\n<meta property=\"og:url\" content=\"https:\/\/letrame.com\/catalogo\/producto\/las-cronicas-del-agua-rio-arriba\/\" \/>\n<meta property=\"og:site_name\" content=\"Catalogo | Letrame Grupo Editorial\" \/>\n<meta property=\"og:image\" content=\"https:\/\/letrame.com\/catalogo\/wp-content\/uploads\/2024\/04\/cubierta-ok-compressed.jpg\" \/>\n\t<meta property=\"og:image:width\" content=\"1808\" \/>\n\t<meta property=\"og:image:height\" content=\"2539\" \/>\n\t<meta property=\"og:image:type\" content=\"image\/jpeg\" \/>\n<meta name=\"twitter:card\" content=\"summary_large_image\" \/>\n<meta name=\"twitter:label1\" content=\"Tiempo de lectura\" \/>\n\t<meta name=\"twitter:data1\" content=\"1 minuto\" \/>\n<script type=\"application\/ld+json\" class=\"yoast-schema-graph\">{\"@context\":\"https:\/\/schema.org\",\"@graph\":[{\"@type\":\"WebPage\",\"@id\":\"https:\/\/letrame.com\/catalogo\/producto\/las-cronicas-del-agua-rio-arriba\/\",\"url\":\"https:\/\/letrame.com\/catalogo\/producto\/las-cronicas-del-agua-rio-arriba\/\",\"name\":\"\\\"Las Cr\u00f3nicas del Agua. R\u00edo Arriba\\\" - Catalogo | Letrame Grupo Editorial\",\"isPartOf\":{\"@id\":\"https:\/\/letrame.com\/catalogo\/#website\"},\"primaryImageOfPage\":{\"@id\":\"https:\/\/letrame.com\/catalogo\/producto\/las-cronicas-del-agua-rio-arriba\/#primaryimage\"},\"image\":{\"@id\":\"https:\/\/letrame.com\/catalogo\/producto\/las-cronicas-del-agua-rio-arriba\/#primaryimage\"},\"thumbnailUrl\":\"https:\/\/letrame.com\/catalogo\/wp-content\/uploads\/2024\/04\/cubierta-ok-compressed.jpg\",\"datePublished\":\"2024-04-18T08:28:57+00:00\",\"breadcrumb\":{\"@id\":\"https:\/\/letrame.com\/catalogo\/producto\/las-cronicas-del-agua-rio-arriba\/#breadcrumb\"},\"inLanguage\":\"es\",\"potentialAction\":[{\"@type\":\"ReadAction\",\"target\":[\"https:\/\/letrame.com\/catalogo\/producto\/las-cronicas-del-agua-rio-arriba\/\"]}]},{\"@type\":\"ImageObject\",\"inLanguage\":\"es\",\"@id\":\"https:\/\/letrame.com\/catalogo\/producto\/las-cronicas-del-agua-rio-arriba\/#primaryimage\",\"url\":\"https:\/\/letrame.com\/catalogo\/wp-content\/uploads\/2024\/04\/cubierta-ok-compressed.jpg\",\"contentUrl\":\"https:\/\/letrame.com\/catalogo\/wp-content\/uploads\/2024\/04\/cubierta-ok-compressed.jpg\",\"width\":1808,\"height\":2539},{\"@type\":\"BreadcrumbList\",\"@id\":\"https:\/\/letrame.com\/catalogo\/producto\/las-cronicas-del-agua-rio-arriba\/#breadcrumb\",\"itemListElement\":[{\"@type\":\"ListItem\",\"position\":1,\"name\":\"Portada\",\"item\":\"https:\/\/letrame.com\/catalogo\/\"},{\"@type\":\"ListItem\",\"position\":2,\"name\":\"Cat\u00e1logo\",\"item\":\"https:\/\/letrame.com\/catalogo\/\"},{\"@type\":\"ListItem\",\"position\":3,\"name\":\"\u00abLas Cr\u00f3nicas del Agua. R\u00edo Arriba\u00bb\"}]},{\"@type\":\"WebSite\",\"@id\":\"https:\/\/letrame.com\/catalogo\/#website\",\"url\":\"https:\/\/letrame.com\/catalogo\/\",\"name\":\"Catalogo | Letrame Grupo Editorial\",\"description\":\"\",\"publisher\":{\"@id\":\"https:\/\/letrame.com\/catalogo\/#organization\"},\"potentialAction\":[{\"@type\":\"SearchAction\",\"target\":{\"@type\":\"EntryPoint\",\"urlTemplate\":\"https:\/\/letrame.com\/catalogo\/?s={search_term_string}\"},\"query-input\":{\"@type\":\"PropertyValueSpecification\",\"valueRequired\":true,\"valueName\":\"search_term_string\"}}],\"inLanguage\":\"es\"},{\"@type\":\"Organization\",\"@id\":\"https:\/\/letrame.com\/catalogo\/#organization\",\"name\":\"Catalogo | Letrame Grupo Editorial\",\"url\":\"https:\/\/letrame.com\/catalogo\/\",\"logo\":{\"@type\":\"ImageObject\",\"inLanguage\":\"es\",\"@id\":\"https:\/\/letrame.com\/catalogo\/#\/schema\/logo\/image\/\",\"url\":\"https:\/\/letrame.com\/catalogo\/wp-content\/uploads\/2024\/03\/logo2.webp\",\"contentUrl\":\"https:\/\/letrame.com\/catalogo\/wp-content\/uploads\/2024\/03\/logo2.webp\",\"width\":394,\"height\":128,\"caption\":\"Catalogo | Letrame Grupo Editorial\"},\"image\":{\"@id\":\"https:\/\/letrame.com\/catalogo\/#\/schema\/logo\/image\/\"}}]}<\/script>\n<!-- \/ Yoast SEO plugin. -->","yoast_head_json":{"title":"\"Las Cr\u00f3nicas del Agua. R\u00edo Arriba\" - Catalogo | Letrame Grupo Editorial","robots":{"index":"index","follow":"follow","max-snippet":"max-snippet:-1","max-image-preview":"max-image-preview:large","max-video-preview":"max-video-preview:-1"},"canonical":"https:\/\/letrame.com\/catalogo\/producto\/las-cronicas-del-agua-rio-arriba\/","og_locale":"es_ES","og_type":"article","og_title":"\"Las Cr\u00f3nicas del Agua. R\u00edo Arriba\" - Catalogo | Letrame Grupo Editorial","og_description":"ISBN: 978-84-17657-45-1  \u00bfAlguna vez deseaste vivir una gran aventura? \u00bfTe has preguntado de qu\u00e9 madera est\u00e1n hechos los h\u00e9roes? Sum\u00e9rgete junto a Gunter para atravesar la dif\u00edcil senda de las aguas: desde los m\u00e1s bellos parajes del r\u00edo hasta los m\u00e1s rec\u00f3nditos lugares del inmenso oc\u00e9ano.","og_url":"https:\/\/letrame.com\/catalogo\/producto\/las-cronicas-del-agua-rio-arriba\/","og_site_name":"Catalogo | Letrame Grupo Editorial","og_image":[{"width":1808,"height":2539,"url":"https:\/\/letrame.com\/catalogo\/wp-content\/uploads\/2024\/04\/cubierta-ok-compressed.jpg","type":"image\/jpeg"}],"twitter_card":"summary_large_image","twitter_misc":{"Tiempo de lectura":"1 minuto"},"schema":{"@context":"https:\/\/schema.org","@graph":[{"@type":"WebPage","@id":"https:\/\/letrame.com\/catalogo\/producto\/las-cronicas-del-agua-rio-arriba\/","url":"https:\/\/letrame.com\/catalogo\/producto\/las-cronicas-del-agua-rio-arriba\/","name":"\"Las Cr\u00f3nicas del Agua. R\u00edo Arriba\" - Catalogo | Letrame Grupo Editorial","isPartOf":{"@id":"https:\/\/letrame.com\/catalogo\/#website"},"primaryImageOfPage":{"@id":"https:\/\/letrame.com\/catalogo\/producto\/las-cronicas-del-agua-rio-arriba\/#primaryimage"},"image":{"@id":"https:\/\/letrame.com\/catalogo\/producto\/las-cronicas-del-agua-rio-arriba\/#primaryimage"},"thumbnailUrl":"https:\/\/letrame.com\/catalogo\/wp-content\/uploads\/2024\/04\/cubierta-ok-compressed.jpg","datePublished":"2024-04-18T08:28:57+00:00","breadcrumb":{"@id":"https:\/\/letrame.com\/catalogo\/producto\/las-cronicas-del-agua-rio-arriba\/#breadcrumb"},"inLanguage":"es","potentialAction":[{"@type":"ReadAction","target":["https:\/\/letrame.com\/catalogo\/producto\/las-cronicas-del-agua-rio-arriba\/"]}]},{"@type":"ImageObject","inLanguage":"es","@id":"https:\/\/letrame.com\/catalogo\/producto\/las-cronicas-del-agua-rio-arriba\/#primaryimage","url":"https:\/\/letrame.com\/catalogo\/wp-content\/uploads\/2024\/04\/cubierta-ok-compressed.jpg","contentUrl":"https:\/\/letrame.com\/catalogo\/wp-content\/uploads\/2024\/04\/cubierta-ok-compressed.jpg","width":1808,"height":2539},{"@type":"BreadcrumbList","@id":"https:\/\/letrame.com\/catalogo\/producto\/las-cronicas-del-agua-rio-arriba\/#breadcrumb","itemListElement":[{"@type":"ListItem","position":1,"name":"Portada","item":"https:\/\/letrame.com\/catalogo\/"},{"@type":"ListItem","position":2,"name":"Cat\u00e1logo","item":"https:\/\/letrame.com\/catalogo\/"},{"@type":"ListItem","position":3,"name":"\u00abLas Cr\u00f3nicas del Agua. R\u00edo Arriba\u00bb"}]},{"@type":"WebSite","@id":"https:\/\/letrame.com\/catalogo\/#website","url":"https:\/\/letrame.com\/catalogo\/","name":"Catalogo | Letrame Grupo Editorial","description":"","publisher":{"@id":"https:\/\/letrame.com\/catalogo\/#organization"},"potentialAction":[{"@type":"SearchAction","target":{"@type":"EntryPoint","urlTemplate":"https:\/\/letrame.com\/catalogo\/?s={search_term_string}"},"query-input":{"@type":"PropertyValueSpecification","valueRequired":true,"valueName":"search_term_string"}}],"inLanguage":"es"},{"@type":"Organization","@id":"https:\/\/letrame.com\/catalogo\/#organization","name":"Catalogo | Letrame Grupo Editorial","url":"https:\/\/letrame.com\/catalogo\/","logo":{"@type":"ImageObject","inLanguage":"es","@id":"https:\/\/letrame.com\/catalogo\/#\/schema\/logo\/image\/","url":"https:\/\/letrame.com\/catalogo\/wp-content\/uploads\/2024\/03\/logo2.webp","contentUrl":"https:\/\/letrame.com\/catalogo\/wp-content\/uploads\/2024\/03\/logo2.webp","width":394,"height":128,"caption":"Catalogo | Letrame Grupo Editorial"},"image":{"@id":"https:\/\/letrame.com\/catalogo\/#\/schema\/logo\/image\/"}}]}},"_links":{"self":[{"href":"https:\/\/letrame.com\/catalogo\/wp-json\/wp\/v2\/product\/94262","targetHints":{"allow":["GET"]}}],"collection":[{"href":"https:\/\/letrame.com\/catalogo\/wp-json\/wp\/v2\/product"}],"about":[{"href":"https:\/\/letrame.com\/catalogo\/wp-json\/wp\/v2\/types\/product"}],"replies":[{"embeddable":true,"href":"https:\/\/letrame.com\/catalogo\/wp-json\/wp\/v2\/comments?post=94262"}],"acf:post":[{"embeddable":true,"href":"https:\/\/letrame.com\/catalogo\/wp-json\/wp\/v2\/author_book\/73198"}],"wp:featuredmedia":[{"embeddable":true,"href":"https:\/\/letrame.com\/catalogo\/wp-json\/wp\/v2\/media\/94263"}],"wp:attachment":[{"href":"https:\/\/letrame.com\/catalogo\/wp-json\/wp\/v2\/media?parent=94262"}],"wp:term":[{"taxonomy":"libro","embeddable":true,"href":"https:\/\/letrame.com\/catalogo\/wp-json\/wp\/v2\/libro?post=94262"},{"taxonomy":"product_brand","embeddable":true,"href":"https:\/\/letrame.com\/catalogo\/wp-json\/wp\/v2\/product_brand?post=94262"},{"taxonomy":"product_cat","embeddable":true,"href":"https:\/\/letrame.com\/catalogo\/wp-json\/wp\/v2\/product_cat?post=94262"},{"taxonomy":"product_tag","embeddable":true,"href":"https:\/\/letrame.com\/catalogo\/wp-json\/wp\/v2\/product_tag?post=94262"}],"curies":[{"name":"wp","href":"https:\/\/api.w.org\/{rel}","templated":true}]}}