{"id":94242,"date":"2024-04-18T10:26:56","date_gmt":"2024-04-18T08:26:56","guid":{"rendered":"https:\/\/letrame.com\/catalogo\/producto\/vida-y-muerte-con-un-psicopata\/"},"modified":"2024-04-18T10:26:56","modified_gmt":"2024-04-18T08:26:56","slug":"vida-y-muerte-con-un-psicopata","status":"publish","type":"product","link":"https:\/\/letrame.com\/catalogo\/producto\/vida-y-muerte-con-un-psicopata\/","title":{"rendered":"Vida y muerte con un psic\u00f3pata"},"content":{"rendered":"<p><strong>ISBN<\/strong>: 978-84-17657-94-9<br \/>\n<strong>T\u00edtulo<\/strong>: Vida y muerte con un psic\u00f3pata<br \/>\n<strong>Fecha<\/strong>: 2018<br \/>\n<strong>P\u00e1ginas<\/strong>: 326<\/p>\n<p>&nbsp;<\/p>\n<p><strong>SINOPSIS<\/strong><\/p>\n<section>\n<div class=\"about-this-book\">\n<div class=\"container\">\n<div class=\"right-detail shop-detail1 pull-right col-md-8 col-sm-8 col-xs-12\">\n<div id=\"editionnal-reviews\" class=\"book-desc-detail\"><span class=\"detail-desc box-detail-desc\">A trav\u00e9s de una experiencia muy tr\u00e1gica y dolorosa, Simona quiere mostrarle al mundo la triste y dura realidad del da\u00f1o que muchas personas desequilibradas pueden provocar en la vida de alguien. La escritora relata c\u00f3mo desde ni\u00f1a fue influenciada por el maltrato familiar, lo que la llev\u00f3 a buscar amor, seguridad y estabilidad en un hombre mayor, quien finalmente result\u00f3 ser un psic\u00f3pata. Cada l\u00e1grima derramada y cada abuso vivido junto a \u00e9l la llevaron a tomar una decisi\u00f3n, que ser\u00eda la peor pesadilla de su vida. Tras conocer la macabra trama que este hombre hab\u00eda logrado planear y escuchar la noticia que ninguna persona quisiera o\u00edr, la vida de Simona se vio completamente paralizada y se sinti\u00f3 obligada a abandonarlo todo para buscar consuelo y fuerzas para sobrevivir. Con sus escritos, la autora intenta ayudar a jovencitas a prevenir y a tomar conciencia para alejarse de personas perturbadas patol\u00f3gicamente. La autora tambi\u00e9n nos invita a todos a reflexionar para mirar de qu\u00e9 manera estamos amando. Una historia ver\u00eddica, donde la escritora desnuda y vac\u00eda todo su ser con valent\u00eda. Nos relata su odisea desde su temprana juventud, llegando a la madurez humana y superando el horror para llegar a la luz de la esperanza.<\/span><\/div>\n<div id=\"clear-scroll\" class=\"clearfix\"><\/div>\n<\/div>\n<\/div>\n<\/div>\n<\/section>\n<div class=\"feature-section feature-option2\">\n<div class=\"container\">\n<div class=\"related products\">\n<div class=\"title-box\"><\/div>\n<\/div>\n<\/div>\n<\/div>\n","protected":false},"excerpt":{"rendered":"<p><strong><span class=\"sku_wrapper\">ISBN:\u00a0<span class=\"sku\">978-84-17657-94-9<\/span><\/span><\/strong><\/p>\n<p>A trav\u00e9s de una experiencia muy tr\u00e1gica y dolorosa, Simona quiere mostrarle al mundo la triste y dura realidad del da\u00f1o que muchas personas desequilibradas pueden provocar en la vida de alguien. La escritora relata c\u00f3mo desde ni\u00f1a fue influenciada por el maltrato familiar, lo que la llev\u00f3 a buscar amor, seguridad y estabilidad en un hombre mayor, quien finalmente result\u00f3 ser un psic\u00f3pata.<\/p>\n","protected":false},"featured_media":94243,"comment_status":"closed","ping_status":"open","template":"","meta":{"_acf_changed":false},"libro":[],"product_brand":[],"product_cat":[21],"product_tag":[],"class_list":{"0":"post-94242","1":"product","2":"type-product","3":"status-publish","4":"has-post-thumbnail","6":"product_cat-relato","8":"first","9":"instock","10":"purchasable","11":"product-type-simple"},"acf":{"autor":[73175],"enlace_de_compra":""},"yoast_head":"<!-- This site is optimized with the Yoast SEO plugin v26.6 - https:\/\/yoast.com\/wordpress\/plugins\/seo\/ -->\n<title>Vida y muerte con un psic\u00f3pata - Catalogo | Letrame Grupo Editorial<\/title>\n<meta name=\"robots\" content=\"index, follow, max-snippet:-1, max-image-preview:large, max-video-preview:-1\" \/>\n<link rel=\"canonical\" href=\"https:\/\/letrame.com\/catalogo\/producto\/vida-y-muerte-con-un-psicopata\/\" \/>\n<meta property=\"og:locale\" content=\"es_ES\" \/>\n<meta property=\"og:type\" content=\"article\" \/>\n<meta property=\"og:title\" content=\"Vida y muerte con un psic\u00f3pata - Catalogo | Letrame Grupo Editorial\" \/>\n<meta property=\"og:description\" content=\"ISBN:\u00a0978-84-17657-94-9 A trav\u00e9s de una experiencia muy tr\u00e1gica y dolorosa, Simona quiere mostrarle al mundo la triste y dura realidad del da\u00f1o que muchas personas desequilibradas pueden provocar en la vida de alguien. La escritora relata c\u00f3mo desde ni\u00f1a fue influenciada por el maltrato familiar, lo que la llev\u00f3 a buscar amor, seguridad y estabilidad en un hombre mayor, quien finalmente result\u00f3 ser un psic\u00f3pata.\" \/>\n<meta property=\"og:url\" content=\"https:\/\/letrame.com\/catalogo\/producto\/vida-y-muerte-con-un-psicopata\/\" \/>\n<meta property=\"og:site_name\" content=\"Catalogo | Letrame Grupo Editorial\" \/>\n<meta property=\"og:image\" content=\"https:\/\/letrame.com\/catalogo\/wp-content\/uploads\/2024\/04\/Vidaymuerte_16mmv4-compressed.jpg\" \/>\n\t<meta property=\"og:image:width\" content=\"1772\" \/>\n\t<meta property=\"og:image:height\" content=\"2480\" \/>\n\t<meta property=\"og:image:type\" content=\"image\/jpeg\" \/>\n<meta name=\"twitter:card\" content=\"summary_large_image\" \/>\n<meta name=\"twitter:label1\" content=\"Tiempo de lectura\" \/>\n\t<meta name=\"twitter:data1\" content=\"1 minuto\" \/>\n<script type=\"application\/ld+json\" class=\"yoast-schema-graph\">{\"@context\":\"https:\/\/schema.org\",\"@graph\":[{\"@type\":\"WebPage\",\"@id\":\"https:\/\/letrame.com\/catalogo\/producto\/vida-y-muerte-con-un-psicopata\/\",\"url\":\"https:\/\/letrame.com\/catalogo\/producto\/vida-y-muerte-con-un-psicopata\/\",\"name\":\"Vida y muerte con un psic\u00f3pata - Catalogo | Letrame Grupo Editorial\",\"isPartOf\":{\"@id\":\"https:\/\/letrame.com\/catalogo\/#website\"},\"primaryImageOfPage\":{\"@id\":\"https:\/\/letrame.com\/catalogo\/producto\/vida-y-muerte-con-un-psicopata\/#primaryimage\"},\"image\":{\"@id\":\"https:\/\/letrame.com\/catalogo\/producto\/vida-y-muerte-con-un-psicopata\/#primaryimage\"},\"thumbnailUrl\":\"https:\/\/letrame.com\/catalogo\/wp-content\/uploads\/2024\/04\/Vidaymuerte_16mmv4-compressed.jpg\",\"datePublished\":\"2024-04-18T08:26:56+00:00\",\"breadcrumb\":{\"@id\":\"https:\/\/letrame.com\/catalogo\/producto\/vida-y-muerte-con-un-psicopata\/#breadcrumb\"},\"inLanguage\":\"es\",\"potentialAction\":[{\"@type\":\"ReadAction\",\"target\":[\"https:\/\/letrame.com\/catalogo\/producto\/vida-y-muerte-con-un-psicopata\/\"]}]},{\"@type\":\"ImageObject\",\"inLanguage\":\"es\",\"@id\":\"https:\/\/letrame.com\/catalogo\/producto\/vida-y-muerte-con-un-psicopata\/#primaryimage\",\"url\":\"https:\/\/letrame.com\/catalogo\/wp-content\/uploads\/2024\/04\/Vidaymuerte_16mmv4-compressed.jpg\",\"contentUrl\":\"https:\/\/letrame.com\/catalogo\/wp-content\/uploads\/2024\/04\/Vidaymuerte_16mmv4-compressed.jpg\",\"width\":1772,\"height\":2480},{\"@type\":\"BreadcrumbList\",\"@id\":\"https:\/\/letrame.com\/catalogo\/producto\/vida-y-muerte-con-un-psicopata\/#breadcrumb\",\"itemListElement\":[{\"@type\":\"ListItem\",\"position\":1,\"name\":\"Portada\",\"item\":\"https:\/\/letrame.com\/catalogo\/\"},{\"@type\":\"ListItem\",\"position\":2,\"name\":\"Cat\u00e1logo\",\"item\":\"https:\/\/letrame.com\/catalogo\/\"},{\"@type\":\"ListItem\",\"position\":3,\"name\":\"Vida y muerte con un psic\u00f3pata\"}]},{\"@type\":\"WebSite\",\"@id\":\"https:\/\/letrame.com\/catalogo\/#website\",\"url\":\"https:\/\/letrame.com\/catalogo\/\",\"name\":\"Catalogo | Letrame Grupo Editorial\",\"description\":\"\",\"publisher\":{\"@id\":\"https:\/\/letrame.com\/catalogo\/#organization\"},\"potentialAction\":[{\"@type\":\"SearchAction\",\"target\":{\"@type\":\"EntryPoint\",\"urlTemplate\":\"https:\/\/letrame.com\/catalogo\/?s={search_term_string}\"},\"query-input\":{\"@type\":\"PropertyValueSpecification\",\"valueRequired\":true,\"valueName\":\"search_term_string\"}}],\"inLanguage\":\"es\"},{\"@type\":\"Organization\",\"@id\":\"https:\/\/letrame.com\/catalogo\/#organization\",\"name\":\"Catalogo | Letrame Grupo Editorial\",\"url\":\"https:\/\/letrame.com\/catalogo\/\",\"logo\":{\"@type\":\"ImageObject\",\"inLanguage\":\"es\",\"@id\":\"https:\/\/letrame.com\/catalogo\/#\/schema\/logo\/image\/\",\"url\":\"https:\/\/letrame.com\/catalogo\/wp-content\/uploads\/2024\/03\/logo2.webp\",\"contentUrl\":\"https:\/\/letrame.com\/catalogo\/wp-content\/uploads\/2024\/03\/logo2.webp\",\"width\":394,\"height\":128,\"caption\":\"Catalogo | Letrame Grupo Editorial\"},\"image\":{\"@id\":\"https:\/\/letrame.com\/catalogo\/#\/schema\/logo\/image\/\"}}]}<\/script>\n<!-- \/ Yoast SEO plugin. -->","yoast_head_json":{"title":"Vida y muerte con un psic\u00f3pata - Catalogo | Letrame Grupo Editorial","robots":{"index":"index","follow":"follow","max-snippet":"max-snippet:-1","max-image-preview":"max-image-preview:large","max-video-preview":"max-video-preview:-1"},"canonical":"https:\/\/letrame.com\/catalogo\/producto\/vida-y-muerte-con-un-psicopata\/","og_locale":"es_ES","og_type":"article","og_title":"Vida y muerte con un psic\u00f3pata - Catalogo | Letrame Grupo Editorial","og_description":"ISBN:\u00a0978-84-17657-94-9 A trav\u00e9s de una experiencia muy tr\u00e1gica y dolorosa, Simona quiere mostrarle al mundo la triste y dura realidad del da\u00f1o que muchas personas desequilibradas pueden provocar en la vida de alguien. La escritora relata c\u00f3mo desde ni\u00f1a fue influenciada por el maltrato familiar, lo que la llev\u00f3 a buscar amor, seguridad y estabilidad en un hombre mayor, quien finalmente result\u00f3 ser un psic\u00f3pata.","og_url":"https:\/\/letrame.com\/catalogo\/producto\/vida-y-muerte-con-un-psicopata\/","og_site_name":"Catalogo | Letrame Grupo Editorial","og_image":[{"width":1772,"height":2480,"url":"https:\/\/letrame.com\/catalogo\/wp-content\/uploads\/2024\/04\/Vidaymuerte_16mmv4-compressed.jpg","type":"image\/jpeg"}],"twitter_card":"summary_large_image","twitter_misc":{"Tiempo de lectura":"1 minuto"},"schema":{"@context":"https:\/\/schema.org","@graph":[{"@type":"WebPage","@id":"https:\/\/letrame.com\/catalogo\/producto\/vida-y-muerte-con-un-psicopata\/","url":"https:\/\/letrame.com\/catalogo\/producto\/vida-y-muerte-con-un-psicopata\/","name":"Vida y muerte con un psic\u00f3pata - Catalogo | Letrame Grupo Editorial","isPartOf":{"@id":"https:\/\/letrame.com\/catalogo\/#website"},"primaryImageOfPage":{"@id":"https:\/\/letrame.com\/catalogo\/producto\/vida-y-muerte-con-un-psicopata\/#primaryimage"},"image":{"@id":"https:\/\/letrame.com\/catalogo\/producto\/vida-y-muerte-con-un-psicopata\/#primaryimage"},"thumbnailUrl":"https:\/\/letrame.com\/catalogo\/wp-content\/uploads\/2024\/04\/Vidaymuerte_16mmv4-compressed.jpg","datePublished":"2024-04-18T08:26:56+00:00","breadcrumb":{"@id":"https:\/\/letrame.com\/catalogo\/producto\/vida-y-muerte-con-un-psicopata\/#breadcrumb"},"inLanguage":"es","potentialAction":[{"@type":"ReadAction","target":["https:\/\/letrame.com\/catalogo\/producto\/vida-y-muerte-con-un-psicopata\/"]}]},{"@type":"ImageObject","inLanguage":"es","@id":"https:\/\/letrame.com\/catalogo\/producto\/vida-y-muerte-con-un-psicopata\/#primaryimage","url":"https:\/\/letrame.com\/catalogo\/wp-content\/uploads\/2024\/04\/Vidaymuerte_16mmv4-compressed.jpg","contentUrl":"https:\/\/letrame.com\/catalogo\/wp-content\/uploads\/2024\/04\/Vidaymuerte_16mmv4-compressed.jpg","width":1772,"height":2480},{"@type":"BreadcrumbList","@id":"https:\/\/letrame.com\/catalogo\/producto\/vida-y-muerte-con-un-psicopata\/#breadcrumb","itemListElement":[{"@type":"ListItem","position":1,"name":"Portada","item":"https:\/\/letrame.com\/catalogo\/"},{"@type":"ListItem","position":2,"name":"Cat\u00e1logo","item":"https:\/\/letrame.com\/catalogo\/"},{"@type":"ListItem","position":3,"name":"Vida y muerte con un psic\u00f3pata"}]},{"@type":"WebSite","@id":"https:\/\/letrame.com\/catalogo\/#website","url":"https:\/\/letrame.com\/catalogo\/","name":"Catalogo | Letrame Grupo Editorial","description":"","publisher":{"@id":"https:\/\/letrame.com\/catalogo\/#organization"},"potentialAction":[{"@type":"SearchAction","target":{"@type":"EntryPoint","urlTemplate":"https:\/\/letrame.com\/catalogo\/?s={search_term_string}"},"query-input":{"@type":"PropertyValueSpecification","valueRequired":true,"valueName":"search_term_string"}}],"inLanguage":"es"},{"@type":"Organization","@id":"https:\/\/letrame.com\/catalogo\/#organization","name":"Catalogo | Letrame Grupo Editorial","url":"https:\/\/letrame.com\/catalogo\/","logo":{"@type":"ImageObject","inLanguage":"es","@id":"https:\/\/letrame.com\/catalogo\/#\/schema\/logo\/image\/","url":"https:\/\/letrame.com\/catalogo\/wp-content\/uploads\/2024\/03\/logo2.webp","contentUrl":"https:\/\/letrame.com\/catalogo\/wp-content\/uploads\/2024\/03\/logo2.webp","width":394,"height":128,"caption":"Catalogo | Letrame Grupo Editorial"},"image":{"@id":"https:\/\/letrame.com\/catalogo\/#\/schema\/logo\/image\/"}}]}},"_links":{"self":[{"href":"https:\/\/letrame.com\/catalogo\/wp-json\/wp\/v2\/product\/94242","targetHints":{"allow":["GET"]}}],"collection":[{"href":"https:\/\/letrame.com\/catalogo\/wp-json\/wp\/v2\/product"}],"about":[{"href":"https:\/\/letrame.com\/catalogo\/wp-json\/wp\/v2\/types\/product"}],"replies":[{"embeddable":true,"href":"https:\/\/letrame.com\/catalogo\/wp-json\/wp\/v2\/comments?post=94242"}],"acf:post":[{"embeddable":true,"href":"https:\/\/letrame.com\/catalogo\/wp-json\/wp\/v2\/author_book\/73175"}],"wp:featuredmedia":[{"embeddable":true,"href":"https:\/\/letrame.com\/catalogo\/wp-json\/wp\/v2\/media\/94243"}],"wp:attachment":[{"href":"https:\/\/letrame.com\/catalogo\/wp-json\/wp\/v2\/media?parent=94242"}],"wp:term":[{"taxonomy":"libro","embeddable":true,"href":"https:\/\/letrame.com\/catalogo\/wp-json\/wp\/v2\/libro?post=94242"},{"taxonomy":"product_brand","embeddable":true,"href":"https:\/\/letrame.com\/catalogo\/wp-json\/wp\/v2\/product_brand?post=94242"},{"taxonomy":"product_cat","embeddable":true,"href":"https:\/\/letrame.com\/catalogo\/wp-json\/wp\/v2\/product_cat?post=94242"},{"taxonomy":"product_tag","embeddable":true,"href":"https:\/\/letrame.com\/catalogo\/wp-json\/wp\/v2\/product_tag?post=94242"}],"curies":[{"name":"wp","href":"https:\/\/api.w.org\/{rel}","templated":true}]}}