{"id":94184,"date":"2024-04-18T10:18:55","date_gmt":"2024-04-18T08:18:55","guid":{"rendered":"https:\/\/letrame.com\/catalogo\/producto\/el-infierno-de-la-sextorsion\/"},"modified":"2024-04-18T10:19:37","modified_gmt":"2024-04-18T08:19:37","slug":"el-infierno-de-la-sextorsion","status":"publish","type":"product","link":"https:\/\/letrame.com\/catalogo\/producto\/el-infierno-de-la-sextorsion\/","title":{"rendered":"El infierno de la sextorsion"},"content":{"rendered":"<p><strong>ISBN<\/strong>: 978-84-17657-83-3<br \/>\n<strong>T\u00edtulo<\/strong>: El infierno de la sextorsion<br \/>\n<strong>Fecha<\/strong>: 2018<br \/>\n<strong>P\u00e1ginas<\/strong>: 126<\/p>\n<p>&nbsp;<\/p>\n<p><strong>SINOPSIS<\/strong><\/p>\n<section>\n<div class=\"about-this-book\">\n<div class=\"container\">\n<div class=\"right-detail shop-detail1 pull-right col-md-8 col-sm-8 col-xs-12\">\n<div id=\"editionnal-reviews\" class=\"book-desc-detail\"><span class=\"detail-desc box-detail-desc\">La sextorsi\u00f3n o extorsi\u00f3n sexual es una forma de explotaci\u00f3n sexual en la cual una persona es chantajeada con una imagen o v\u00eddeo de s\u00ed misma desnuda o realizando actos sexuales que generalmente es compartida con fines de que se haga viral mediante sexting. La v\u00edctima es coaccionada para tener relaciones sexuales con alguien, entregar m\u00e1s im\u00e1genes er\u00f3ticas o pornogr\u00e1ficas, dinero o alguna otra contrapartida, bajo la amenaza de difundir las im\u00e1genes originales si no accede a las exigencia C\u00f3mo actuar si eres v\u00edctima de una sextorsion. Las extorsiones sexuales en internet han aumentado en los \u00faltimos a\u00f1os. Cada a\u00f1o miles de hombres en todo el mundo caen v\u00edctimas de un fraude en internet que se conoce como \u00absextorsi\u00f3n\u00bb (extorsi\u00f3n sexual). Despu\u00e9s de ser enga\u00f1ados y persuadidos para tener encuentros sexuales en la red utilizando una c\u00e1mara web, son chantajeados con la publicaci\u00f3n de esas im\u00e1genes \u00edntimas. Muchas veces, los extorsionadores amenazan con publicarlas en redes sociales o con enviarlas a los familiares y amigos de sus v\u00edctimas si no reciben una determinada suma de dinero a cambio. En muchos casos, la trampa termina en tragedia.<\/span><\/div>\n<div id=\"clear-scroll\" class=\"clearfix\"><\/div>\n<\/div>\n<\/div>\n<\/div>\n<\/section>\n<div class=\"feature-section feature-option2\">\n<div class=\"container\">\n<div class=\"related products\">\n<div class=\"title-box\"><\/div>\n<\/div>\n<\/div>\n<\/div>\n","protected":false},"excerpt":{"rendered":"<p><strong>ISBN: 978-84-17657-83-3<br \/>\n<\/strong><\/p>\n<p>La sextorsi\u00f3n o extorsi\u00f3n sexual es una forma de explotaci\u00f3n sexual en la cual una persona es chantajeada con una imagen o v\u00eddeo de s\u00ed misma desnuda o realizando actos sexuales que generalmente es compartida con fines de que se haga viral mediante sexting.<\/p>\n","protected":false},"featured_media":94185,"comment_status":"closed","ping_status":"open","template":"","meta":{"_acf_changed":false},"libro":[],"product_brand":[],"product_cat":[21],"product_tag":[],"class_list":{"0":"post-94184","1":"product","2":"type-product","3":"status-publish","4":"has-post-thumbnail","6":"product_cat-relato","8":"first","9":"instock","10":"purchasable","11":"product-type-simple"},"acf":{"autor":[72509],"enlace_de_compra":"https:\/\/www.amazon.es\/infierno-sextorsi%C3%B3n-Investigaci%C3%B3n-Julio-S%C3%A1nchez\/dp\/8417657835\/"},"yoast_head":"<!-- This site is optimized with the Yoast SEO plugin v27.4 - https:\/\/yoast.com\/product\/yoast-seo-wordpress\/ -->\n<title>El infierno de la sextorsion - Catalogo | Letrame Grupo Editorial<\/title>\n<meta name=\"robots\" content=\"index, follow, max-snippet:-1, max-image-preview:large, max-video-preview:-1\" \/>\n<link rel=\"canonical\" href=\"https:\/\/letrame.com\/catalogo\/producto\/el-infierno-de-la-sextorsion\/\" \/>\n<meta property=\"og:locale\" content=\"es_ES\" \/>\n<meta property=\"og:type\" content=\"article\" \/>\n<meta property=\"og:title\" content=\"El infierno de la sextorsion - Catalogo | Letrame Grupo Editorial\" \/>\n<meta property=\"og:description\" content=\"ISBN: 978-84-17657-83-3  La sextorsi\u00f3n o extorsi\u00f3n sexual es una forma de explotaci\u00f3n sexual en la cual una persona es chantajeada con una imagen o v\u00eddeo de s\u00ed misma desnuda o realizando actos sexuales que generalmente es compartida con fines de que se haga viral mediante sexting.\" \/>\n<meta property=\"og:url\" content=\"https:\/\/letrame.com\/catalogo\/producto\/el-infierno-de-la-sextorsion\/\" \/>\n<meta property=\"og:site_name\" content=\"Catalogo | Letrame Grupo Editorial\" \/>\n<meta property=\"article:modified_time\" content=\"2024-04-18T08:19:37+00:00\" \/>\n<meta property=\"og:image\" content=\"https:\/\/letrame.com\/catalogo\/wp-content\/uploads\/2024\/04\/Sextorsionportada-compressed-scaled-1.jpg\" \/>\n\t<meta property=\"og:image:width\" content=\"1782\" \/>\n\t<meta property=\"og:image:height\" content=\"2560\" \/>\n\t<meta property=\"og:image:type\" content=\"image\/jpeg\" \/>\n<meta name=\"twitter:card\" content=\"summary_large_image\" \/>\n<meta name=\"twitter:label1\" content=\"Tiempo de lectura\" \/>\n\t<meta name=\"twitter:data1\" content=\"1 minuto\" \/>\n<script type=\"application\/ld+json\" class=\"yoast-schema-graph\">{\"@context\":\"https:\\\/\\\/schema.org\",\"@graph\":[{\"@type\":\"WebPage\",\"@id\":\"https:\\\/\\\/letrame.com\\\/catalogo\\\/producto\\\/el-infierno-de-la-sextorsion\\\/\",\"url\":\"https:\\\/\\\/letrame.com\\\/catalogo\\\/producto\\\/el-infierno-de-la-sextorsion\\\/\",\"name\":\"El infierno de la sextorsion - Catalogo | Letrame Grupo Editorial\",\"isPartOf\":{\"@id\":\"https:\\\/\\\/letrame.com\\\/catalogo\\\/#website\"},\"primaryImageOfPage\":{\"@id\":\"https:\\\/\\\/letrame.com\\\/catalogo\\\/producto\\\/el-infierno-de-la-sextorsion\\\/#primaryimage\"},\"image\":{\"@id\":\"https:\\\/\\\/letrame.com\\\/catalogo\\\/producto\\\/el-infierno-de-la-sextorsion\\\/#primaryimage\"},\"thumbnailUrl\":\"https:\\\/\\\/letrame.com\\\/catalogo\\\/wp-content\\\/uploads\\\/2024\\\/04\\\/Sextorsionportada-compressed-scaled-1.jpg\",\"datePublished\":\"2024-04-18T08:18:55+00:00\",\"dateModified\":\"2024-04-18T08:19:37+00:00\",\"breadcrumb\":{\"@id\":\"https:\\\/\\\/letrame.com\\\/catalogo\\\/producto\\\/el-infierno-de-la-sextorsion\\\/#breadcrumb\"},\"inLanguage\":\"es\",\"potentialAction\":[{\"@type\":\"ReadAction\",\"target\":[\"https:\\\/\\\/letrame.com\\\/catalogo\\\/producto\\\/el-infierno-de-la-sextorsion\\\/\"]}]},{\"@type\":\"ImageObject\",\"inLanguage\":\"es\",\"@id\":\"https:\\\/\\\/letrame.com\\\/catalogo\\\/producto\\\/el-infierno-de-la-sextorsion\\\/#primaryimage\",\"url\":\"https:\\\/\\\/letrame.com\\\/catalogo\\\/wp-content\\\/uploads\\\/2024\\\/04\\\/Sextorsionportada-compressed-scaled-1.jpg\",\"contentUrl\":\"https:\\\/\\\/letrame.com\\\/catalogo\\\/wp-content\\\/uploads\\\/2024\\\/04\\\/Sextorsionportada-compressed-scaled-1.jpg\",\"width\":1782,\"height\":2560},{\"@type\":\"BreadcrumbList\",\"@id\":\"https:\\\/\\\/letrame.com\\\/catalogo\\\/producto\\\/el-infierno-de-la-sextorsion\\\/#breadcrumb\",\"itemListElement\":[{\"@type\":\"ListItem\",\"position\":1,\"name\":\"Portada\",\"item\":\"https:\\\/\\\/letrame.com\\\/catalogo\\\/\"},{\"@type\":\"ListItem\",\"position\":2,\"name\":\"Cat\u00e1logo\",\"item\":\"https:\\\/\\\/letrame.com\\\/catalogo\\\/\"},{\"@type\":\"ListItem\",\"position\":3,\"name\":\"El infierno de la sextorsion\"}]},{\"@type\":\"WebSite\",\"@id\":\"https:\\\/\\\/letrame.com\\\/catalogo\\\/#website\",\"url\":\"https:\\\/\\\/letrame.com\\\/catalogo\\\/\",\"name\":\"Catalogo | Letrame Grupo Editorial\",\"description\":\"\",\"publisher\":{\"@id\":\"https:\\\/\\\/letrame.com\\\/catalogo\\\/#organization\"},\"potentialAction\":[{\"@type\":\"SearchAction\",\"target\":{\"@type\":\"EntryPoint\",\"urlTemplate\":\"https:\\\/\\\/letrame.com\\\/catalogo\\\/?s={search_term_string}\"},\"query-input\":{\"@type\":\"PropertyValueSpecification\",\"valueRequired\":true,\"valueName\":\"search_term_string\"}}],\"inLanguage\":\"es\"},{\"@type\":\"Organization\",\"@id\":\"https:\\\/\\\/letrame.com\\\/catalogo\\\/#organization\",\"name\":\"Catalogo | Letrame Grupo Editorial\",\"url\":\"https:\\\/\\\/letrame.com\\\/catalogo\\\/\",\"logo\":{\"@type\":\"ImageObject\",\"inLanguage\":\"es\",\"@id\":\"https:\\\/\\\/letrame.com\\\/catalogo\\\/#\\\/schema\\\/logo\\\/image\\\/\",\"url\":\"https:\\\/\\\/letrame.com\\\/catalogo\\\/wp-content\\\/uploads\\\/2024\\\/03\\\/logo2.webp\",\"contentUrl\":\"https:\\\/\\\/letrame.com\\\/catalogo\\\/wp-content\\\/uploads\\\/2024\\\/03\\\/logo2.webp\",\"width\":394,\"height\":128,\"caption\":\"Catalogo | Letrame Grupo Editorial\"},\"image\":{\"@id\":\"https:\\\/\\\/letrame.com\\\/catalogo\\\/#\\\/schema\\\/logo\\\/image\\\/\"}}]}<\/script>\n<!-- \/ Yoast SEO plugin. -->","yoast_head_json":{"title":"El infierno de la sextorsion - Catalogo | Letrame Grupo Editorial","robots":{"index":"index","follow":"follow","max-snippet":"max-snippet:-1","max-image-preview":"max-image-preview:large","max-video-preview":"max-video-preview:-1"},"canonical":"https:\/\/letrame.com\/catalogo\/producto\/el-infierno-de-la-sextorsion\/","og_locale":"es_ES","og_type":"article","og_title":"El infierno de la sextorsion - Catalogo | Letrame Grupo Editorial","og_description":"ISBN: 978-84-17657-83-3  La sextorsi\u00f3n o extorsi\u00f3n sexual es una forma de explotaci\u00f3n sexual en la cual una persona es chantajeada con una imagen o v\u00eddeo de s\u00ed misma desnuda o realizando actos sexuales que generalmente es compartida con fines de que se haga viral mediante sexting.","og_url":"https:\/\/letrame.com\/catalogo\/producto\/el-infierno-de-la-sextorsion\/","og_site_name":"Catalogo | Letrame Grupo Editorial","article_modified_time":"2024-04-18T08:19:37+00:00","og_image":[{"width":1782,"height":2560,"url":"https:\/\/letrame.com\/catalogo\/wp-content\/uploads\/2024\/04\/Sextorsionportada-compressed-scaled-1.jpg","type":"image\/jpeg"}],"twitter_card":"summary_large_image","twitter_misc":{"Tiempo de lectura":"1 minuto"},"schema":{"@context":"https:\/\/schema.org","@graph":[{"@type":"WebPage","@id":"https:\/\/letrame.com\/catalogo\/producto\/el-infierno-de-la-sextorsion\/","url":"https:\/\/letrame.com\/catalogo\/producto\/el-infierno-de-la-sextorsion\/","name":"El infierno de la sextorsion - Catalogo | Letrame Grupo Editorial","isPartOf":{"@id":"https:\/\/letrame.com\/catalogo\/#website"},"primaryImageOfPage":{"@id":"https:\/\/letrame.com\/catalogo\/producto\/el-infierno-de-la-sextorsion\/#primaryimage"},"image":{"@id":"https:\/\/letrame.com\/catalogo\/producto\/el-infierno-de-la-sextorsion\/#primaryimage"},"thumbnailUrl":"https:\/\/letrame.com\/catalogo\/wp-content\/uploads\/2024\/04\/Sextorsionportada-compressed-scaled-1.jpg","datePublished":"2024-04-18T08:18:55+00:00","dateModified":"2024-04-18T08:19:37+00:00","breadcrumb":{"@id":"https:\/\/letrame.com\/catalogo\/producto\/el-infierno-de-la-sextorsion\/#breadcrumb"},"inLanguage":"es","potentialAction":[{"@type":"ReadAction","target":["https:\/\/letrame.com\/catalogo\/producto\/el-infierno-de-la-sextorsion\/"]}]},{"@type":"ImageObject","inLanguage":"es","@id":"https:\/\/letrame.com\/catalogo\/producto\/el-infierno-de-la-sextorsion\/#primaryimage","url":"https:\/\/letrame.com\/catalogo\/wp-content\/uploads\/2024\/04\/Sextorsionportada-compressed-scaled-1.jpg","contentUrl":"https:\/\/letrame.com\/catalogo\/wp-content\/uploads\/2024\/04\/Sextorsionportada-compressed-scaled-1.jpg","width":1782,"height":2560},{"@type":"BreadcrumbList","@id":"https:\/\/letrame.com\/catalogo\/producto\/el-infierno-de-la-sextorsion\/#breadcrumb","itemListElement":[{"@type":"ListItem","position":1,"name":"Portada","item":"https:\/\/letrame.com\/catalogo\/"},{"@type":"ListItem","position":2,"name":"Cat\u00e1logo","item":"https:\/\/letrame.com\/catalogo\/"},{"@type":"ListItem","position":3,"name":"El infierno de la sextorsion"}]},{"@type":"WebSite","@id":"https:\/\/letrame.com\/catalogo\/#website","url":"https:\/\/letrame.com\/catalogo\/","name":"Catalogo | Letrame Grupo Editorial","description":"","publisher":{"@id":"https:\/\/letrame.com\/catalogo\/#organization"},"potentialAction":[{"@type":"SearchAction","target":{"@type":"EntryPoint","urlTemplate":"https:\/\/letrame.com\/catalogo\/?s={search_term_string}"},"query-input":{"@type":"PropertyValueSpecification","valueRequired":true,"valueName":"search_term_string"}}],"inLanguage":"es"},{"@type":"Organization","@id":"https:\/\/letrame.com\/catalogo\/#organization","name":"Catalogo | Letrame Grupo Editorial","url":"https:\/\/letrame.com\/catalogo\/","logo":{"@type":"ImageObject","inLanguage":"es","@id":"https:\/\/letrame.com\/catalogo\/#\/schema\/logo\/image\/","url":"https:\/\/letrame.com\/catalogo\/wp-content\/uploads\/2024\/03\/logo2.webp","contentUrl":"https:\/\/letrame.com\/catalogo\/wp-content\/uploads\/2024\/03\/logo2.webp","width":394,"height":128,"caption":"Catalogo | Letrame Grupo Editorial"},"image":{"@id":"https:\/\/letrame.com\/catalogo\/#\/schema\/logo\/image\/"}}]}},"_links":{"self":[{"href":"https:\/\/letrame.com\/catalogo\/wp-json\/wp\/v2\/product\/94184","targetHints":{"allow":["GET"]}}],"collection":[{"href":"https:\/\/letrame.com\/catalogo\/wp-json\/wp\/v2\/product"}],"about":[{"href":"https:\/\/letrame.com\/catalogo\/wp-json\/wp\/v2\/types\/product"}],"replies":[{"embeddable":true,"href":"https:\/\/letrame.com\/catalogo\/wp-json\/wp\/v2\/comments?post=94184"}],"acf:post":[{"embeddable":true,"href":"https:\/\/letrame.com\/catalogo\/wp-json\/wp\/v2\/author_book\/72509"}],"wp:featuredmedia":[{"embeddable":true,"href":"https:\/\/letrame.com\/catalogo\/wp-json\/wp\/v2\/media\/94185"}],"wp:attachment":[{"href":"https:\/\/letrame.com\/catalogo\/wp-json\/wp\/v2\/media?parent=94184"}],"wp:term":[{"taxonomy":"libro","embeddable":true,"href":"https:\/\/letrame.com\/catalogo\/wp-json\/wp\/v2\/libro?post=94184"},{"taxonomy":"product_brand","embeddable":true,"href":"https:\/\/letrame.com\/catalogo\/wp-json\/wp\/v2\/product_brand?post=94184"},{"taxonomy":"product_cat","embeddable":true,"href":"https:\/\/letrame.com\/catalogo\/wp-json\/wp\/v2\/product_cat?post=94184"},{"taxonomy":"product_tag","embeddable":true,"href":"https:\/\/letrame.com\/catalogo\/wp-json\/wp\/v2\/product_tag?post=94184"}],"curies":[{"name":"wp","href":"https:\/\/api.w.org\/{rel}","templated":true}]}}