{"id":94154,"date":"2024-04-18T10:16:11","date_gmt":"2024-04-18T08:16:11","guid":{"rendered":"https:\/\/letrame.com\/catalogo\/producto\/acupuntura-cientifica-basada-en-la-psiconeuroendocrinoinmunologia\/"},"modified":"2024-04-18T10:16:33","modified_gmt":"2024-04-18T08:16:33","slug":"acupuntura-cientifica-basada-en-la-psiconeuroendocrinoinmunologia","status":"publish","type":"product","link":"https:\/\/letrame.com\/catalogo\/producto\/acupuntura-cientifica-basada-en-la-psiconeuroendocrinoinmunologia\/","title":{"rendered":"Acupuntura Cient\u00edfica basada en la Psiconeuroendocrinoinmunolog\u00eda"},"content":{"rendered":"<p><strong>ISBN<\/strong>: 978-84-17608-27-9<br \/>\n<strong>T\u00edtulo<\/strong>: Acupuntura Cient\u00edfica basada en la Psiconeuroendocrinoinmunolog\u00eda<br \/>\n<strong>Fecha<\/strong>: 2018<br \/>\n<strong>P\u00e1ginas<\/strong>: 556<\/p>\n<p>&nbsp;<\/p>\n<p><strong>SINOPSIS<\/strong><\/p>\n<div id=\"primary\" class=\"content-area\"><main id=\"main\" class=\"site-main\" role=\"main\"><\/p>\n<div id=\"product-14908\" class=\"post-14908 product type-product status-publish has-post-thumbnail product_cat-medicina first instock shipping-taxable purchasable product-type-simple\">\n<section>\n<div class=\"about-this-book\">\n<div class=\"container\">\n<div class=\"right-detail shop-detail1 pull-right col-md-8 col-sm-8 col-xs-12\">\n<div id=\"editionnal-reviews\" class=\"book-desc-detail\"><span class=\"detail-desc box-detail-desc\">El objetivo fundamental de la obra es hacer converger la ciencia y ciertos modelos de la biolog\u00eda con los fen\u00f3menos observados en la pr\u00e1ctica cl\u00ednica de la acupuntura. Desde tiempos inmemoriales la acupuntura ha desarrollado y descrito una serie de fen\u00f3menos cl\u00ednicos fascinantes. Sin embargo, es ahora cuando podemos empezar a explicarlos. Saber c\u00f3mo la acupuntura act\u00faa a nivel biol\u00f3gico y bio-energ\u00e9tico es fundamental hoy en d\u00eda, pues nos presenta nuevos enfoques enriquecedores tanto para Oriente como para Occidente. La Psiconeuroendocrinoinmunolog\u00eda (PNIE) es una ciencia emergente que nos brinda un marco te\u00f3rico sobre el cual el m\u00e9dico puede entender las acciones de la acupuntura. Siempre respetando la tradici\u00f3n antigua, pero llev\u00e1ndola mucho m\u00e1s lejos. El TAO es movimiento, al igual que la energ\u00eda (Chi), si esta no se mueve, se estanca. Esta obra es el movimiento del conocimiento basado en la tradici\u00f3n llevado al aqu\u00ed y ahora.<\/span><\/div>\n<div id=\"clear-scroll\" class=\"clearfix\"><\/div>\n<\/div>\n<\/div>\n<\/div>\n<\/section>\n<\/div>\n<p><\/main><\/div>\n<footer class=\"\">\n<div class=\"top-footer\">\n<div class=\"container\">\n<div class=\"footer-column col-md-3 col-sm-3 col-xs-12\">\n<div class=\"footer-widget\">\n<div class=\"title-box widget-title\"><\/div>\n<\/div>\n<\/div>\n<\/div>\n<\/div>\n<\/footer>\n","protected":false},"excerpt":{"rendered":"<p><strong>ISBN: 978-84-17608-27-9<\/strong><\/p>\n<p>El objetivo fundamental de la obra es hacer converger la ciencia y ciertos modelos de la biolog\u00eda con los fen\u00f3menos observados en la pr\u00e1ctica cl\u00ednica de la acupuntura. Desde tiempos inmemoriales la acupuntura ha desarrollado y descrito una serie de fen\u00f3menos cl\u00ednicos fascinantes. Sin embargo, es ahora cuando podemos empezar a explicarlos.<\/p>\n","protected":false},"featured_media":94155,"comment_status":"closed","ping_status":"open","template":"","meta":{"_acf_changed":false},"libro":[],"product_brand":[],"product_cat":[22,23],"product_tag":[],"class_list":{"0":"post-94154","1":"product","2":"type-product","3":"status-publish","4":"has-post-thumbnail","6":"product_cat-docencia","7":"product_cat-ensayos","9":"first","10":"instock","11":"purchasable","12":"product-type-simple"},"acf":{"autor":[73097],"enlace_de_compra":"https:\/\/www.casadellibro.com\/libro-acupuntura-cientifica-basada-en-la-psiconeuroendocrinoinmunologia\/9788417608279\/7640531"},"yoast_head":"<!-- This site is optimized with the Yoast SEO plugin v27.4 - https:\/\/yoast.com\/product\/yoast-seo-wordpress\/ -->\n<title>Acupuntura Cient\u00edfica basada en la Psiconeuroendocrinoinmunolog\u00eda - Catalogo | Letrame Grupo Editorial<\/title>\n<meta name=\"robots\" content=\"index, follow, max-snippet:-1, max-image-preview:large, max-video-preview:-1\" \/>\n<link rel=\"canonical\" href=\"https:\/\/letrame.com\/catalogo\/producto\/acupuntura-cientifica-basada-en-la-psiconeuroendocrinoinmunologia\/\" \/>\n<meta property=\"og:locale\" content=\"es_ES\" \/>\n<meta property=\"og:type\" content=\"article\" \/>\n<meta property=\"og:title\" content=\"Acupuntura Cient\u00edfica basada en la Psiconeuroendocrinoinmunolog\u00eda - Catalogo | Letrame Grupo Editorial\" \/>\n<meta property=\"og:description\" content=\"ISBN: 978-84-17608-27-9 El objetivo fundamental de la obra es hacer converger la ciencia y ciertos modelos de la biolog\u00eda con los fen\u00f3menos observados en la pr\u00e1ctica cl\u00ednica de la acupuntura. Desde tiempos inmemoriales la acupuntura ha desarrollado y descrito una serie de fen\u00f3menos cl\u00ednicos fascinantes. Sin embargo, es ahora cuando podemos empezar a explicarlos.\" \/>\n<meta property=\"og:url\" content=\"https:\/\/letrame.com\/catalogo\/producto\/acupuntura-cientifica-basada-en-la-psiconeuroendocrinoinmunologia\/\" \/>\n<meta property=\"og:site_name\" content=\"Catalogo | Letrame Grupo Editorial\" \/>\n<meta property=\"article:modified_time\" content=\"2024-04-18T08:16:33+00:00\" \/>\n<meta property=\"og:image\" content=\"https:\/\/letrame.com\/catalogo\/wp-content\/uploads\/2024\/04\/portada-compressed-25-scaled-1.jpg\" \/>\n\t<meta property=\"og:image:width\" content=\"1782\" \/>\n\t<meta property=\"og:image:height\" content=\"2560\" \/>\n\t<meta property=\"og:image:type\" content=\"image\/jpeg\" \/>\n<meta name=\"twitter:card\" content=\"summary_large_image\" \/>\n<meta name=\"twitter:label1\" content=\"Tiempo de lectura\" \/>\n\t<meta name=\"twitter:data1\" content=\"1 minuto\" \/>\n<script type=\"application\/ld+json\" class=\"yoast-schema-graph\">{\"@context\":\"https:\\\/\\\/schema.org\",\"@graph\":[{\"@type\":\"WebPage\",\"@id\":\"https:\\\/\\\/letrame.com\\\/catalogo\\\/producto\\\/acupuntura-cientifica-basada-en-la-psiconeuroendocrinoinmunologia\\\/\",\"url\":\"https:\\\/\\\/letrame.com\\\/catalogo\\\/producto\\\/acupuntura-cientifica-basada-en-la-psiconeuroendocrinoinmunologia\\\/\",\"name\":\"Acupuntura Cient\u00edfica basada en la Psiconeuroendocrinoinmunolog\u00eda - Catalogo | Letrame Grupo Editorial\",\"isPartOf\":{\"@id\":\"https:\\\/\\\/letrame.com\\\/catalogo\\\/#website\"},\"primaryImageOfPage\":{\"@id\":\"https:\\\/\\\/letrame.com\\\/catalogo\\\/producto\\\/acupuntura-cientifica-basada-en-la-psiconeuroendocrinoinmunologia\\\/#primaryimage\"},\"image\":{\"@id\":\"https:\\\/\\\/letrame.com\\\/catalogo\\\/producto\\\/acupuntura-cientifica-basada-en-la-psiconeuroendocrinoinmunologia\\\/#primaryimage\"},\"thumbnailUrl\":\"https:\\\/\\\/letrame.com\\\/catalogo\\\/wp-content\\\/uploads\\\/2024\\\/04\\\/portada-compressed-25-scaled-1.jpg\",\"datePublished\":\"2024-04-18T08:16:11+00:00\",\"dateModified\":\"2024-04-18T08:16:33+00:00\",\"breadcrumb\":{\"@id\":\"https:\\\/\\\/letrame.com\\\/catalogo\\\/producto\\\/acupuntura-cientifica-basada-en-la-psiconeuroendocrinoinmunologia\\\/#breadcrumb\"},\"inLanguage\":\"es\",\"potentialAction\":[{\"@type\":\"ReadAction\",\"target\":[\"https:\\\/\\\/letrame.com\\\/catalogo\\\/producto\\\/acupuntura-cientifica-basada-en-la-psiconeuroendocrinoinmunologia\\\/\"]}]},{\"@type\":\"ImageObject\",\"inLanguage\":\"es\",\"@id\":\"https:\\\/\\\/letrame.com\\\/catalogo\\\/producto\\\/acupuntura-cientifica-basada-en-la-psiconeuroendocrinoinmunologia\\\/#primaryimage\",\"url\":\"https:\\\/\\\/letrame.com\\\/catalogo\\\/wp-content\\\/uploads\\\/2024\\\/04\\\/portada-compressed-25-scaled-1.jpg\",\"contentUrl\":\"https:\\\/\\\/letrame.com\\\/catalogo\\\/wp-content\\\/uploads\\\/2024\\\/04\\\/portada-compressed-25-scaled-1.jpg\",\"width\":1782,\"height\":2560},{\"@type\":\"BreadcrumbList\",\"@id\":\"https:\\\/\\\/letrame.com\\\/catalogo\\\/producto\\\/acupuntura-cientifica-basada-en-la-psiconeuroendocrinoinmunologia\\\/#breadcrumb\",\"itemListElement\":[{\"@type\":\"ListItem\",\"position\":1,\"name\":\"Portada\",\"item\":\"https:\\\/\\\/letrame.com\\\/catalogo\\\/\"},{\"@type\":\"ListItem\",\"position\":2,\"name\":\"Cat\u00e1logo\",\"item\":\"https:\\\/\\\/letrame.com\\\/catalogo\\\/\"},{\"@type\":\"ListItem\",\"position\":3,\"name\":\"Acupuntura Cient\u00edfica basada en la Psiconeuroendocrinoinmunolog\u00eda\"}]},{\"@type\":\"WebSite\",\"@id\":\"https:\\\/\\\/letrame.com\\\/catalogo\\\/#website\",\"url\":\"https:\\\/\\\/letrame.com\\\/catalogo\\\/\",\"name\":\"Catalogo | Letrame Grupo Editorial\",\"description\":\"\",\"publisher\":{\"@id\":\"https:\\\/\\\/letrame.com\\\/catalogo\\\/#organization\"},\"potentialAction\":[{\"@type\":\"SearchAction\",\"target\":{\"@type\":\"EntryPoint\",\"urlTemplate\":\"https:\\\/\\\/letrame.com\\\/catalogo\\\/?s={search_term_string}\"},\"query-input\":{\"@type\":\"PropertyValueSpecification\",\"valueRequired\":true,\"valueName\":\"search_term_string\"}}],\"inLanguage\":\"es\"},{\"@type\":\"Organization\",\"@id\":\"https:\\\/\\\/letrame.com\\\/catalogo\\\/#organization\",\"name\":\"Catalogo | Letrame Grupo Editorial\",\"url\":\"https:\\\/\\\/letrame.com\\\/catalogo\\\/\",\"logo\":{\"@type\":\"ImageObject\",\"inLanguage\":\"es\",\"@id\":\"https:\\\/\\\/letrame.com\\\/catalogo\\\/#\\\/schema\\\/logo\\\/image\\\/\",\"url\":\"https:\\\/\\\/letrame.com\\\/catalogo\\\/wp-content\\\/uploads\\\/2024\\\/03\\\/logo2.webp\",\"contentUrl\":\"https:\\\/\\\/letrame.com\\\/catalogo\\\/wp-content\\\/uploads\\\/2024\\\/03\\\/logo2.webp\",\"width\":394,\"height\":128,\"caption\":\"Catalogo | Letrame Grupo Editorial\"},\"image\":{\"@id\":\"https:\\\/\\\/letrame.com\\\/catalogo\\\/#\\\/schema\\\/logo\\\/image\\\/\"}}]}<\/script>\n<!-- \/ Yoast SEO plugin. -->","yoast_head_json":{"title":"Acupuntura Cient\u00edfica basada en la Psiconeuroendocrinoinmunolog\u00eda - Catalogo | Letrame Grupo Editorial","robots":{"index":"index","follow":"follow","max-snippet":"max-snippet:-1","max-image-preview":"max-image-preview:large","max-video-preview":"max-video-preview:-1"},"canonical":"https:\/\/letrame.com\/catalogo\/producto\/acupuntura-cientifica-basada-en-la-psiconeuroendocrinoinmunologia\/","og_locale":"es_ES","og_type":"article","og_title":"Acupuntura Cient\u00edfica basada en la Psiconeuroendocrinoinmunolog\u00eda - Catalogo | Letrame Grupo Editorial","og_description":"ISBN: 978-84-17608-27-9 El objetivo fundamental de la obra es hacer converger la ciencia y ciertos modelos de la biolog\u00eda con los fen\u00f3menos observados en la pr\u00e1ctica cl\u00ednica de la acupuntura. Desde tiempos inmemoriales la acupuntura ha desarrollado y descrito una serie de fen\u00f3menos cl\u00ednicos fascinantes. Sin embargo, es ahora cuando podemos empezar a explicarlos.","og_url":"https:\/\/letrame.com\/catalogo\/producto\/acupuntura-cientifica-basada-en-la-psiconeuroendocrinoinmunologia\/","og_site_name":"Catalogo | Letrame Grupo Editorial","article_modified_time":"2024-04-18T08:16:33+00:00","og_image":[{"width":1782,"height":2560,"url":"https:\/\/letrame.com\/catalogo\/wp-content\/uploads\/2024\/04\/portada-compressed-25-scaled-1.jpg","type":"image\/jpeg"}],"twitter_card":"summary_large_image","twitter_misc":{"Tiempo de lectura":"1 minuto"},"schema":{"@context":"https:\/\/schema.org","@graph":[{"@type":"WebPage","@id":"https:\/\/letrame.com\/catalogo\/producto\/acupuntura-cientifica-basada-en-la-psiconeuroendocrinoinmunologia\/","url":"https:\/\/letrame.com\/catalogo\/producto\/acupuntura-cientifica-basada-en-la-psiconeuroendocrinoinmunologia\/","name":"Acupuntura Cient\u00edfica basada en la Psiconeuroendocrinoinmunolog\u00eda - Catalogo | Letrame Grupo Editorial","isPartOf":{"@id":"https:\/\/letrame.com\/catalogo\/#website"},"primaryImageOfPage":{"@id":"https:\/\/letrame.com\/catalogo\/producto\/acupuntura-cientifica-basada-en-la-psiconeuroendocrinoinmunologia\/#primaryimage"},"image":{"@id":"https:\/\/letrame.com\/catalogo\/producto\/acupuntura-cientifica-basada-en-la-psiconeuroendocrinoinmunologia\/#primaryimage"},"thumbnailUrl":"https:\/\/letrame.com\/catalogo\/wp-content\/uploads\/2024\/04\/portada-compressed-25-scaled-1.jpg","datePublished":"2024-04-18T08:16:11+00:00","dateModified":"2024-04-18T08:16:33+00:00","breadcrumb":{"@id":"https:\/\/letrame.com\/catalogo\/producto\/acupuntura-cientifica-basada-en-la-psiconeuroendocrinoinmunologia\/#breadcrumb"},"inLanguage":"es","potentialAction":[{"@type":"ReadAction","target":["https:\/\/letrame.com\/catalogo\/producto\/acupuntura-cientifica-basada-en-la-psiconeuroendocrinoinmunologia\/"]}]},{"@type":"ImageObject","inLanguage":"es","@id":"https:\/\/letrame.com\/catalogo\/producto\/acupuntura-cientifica-basada-en-la-psiconeuroendocrinoinmunologia\/#primaryimage","url":"https:\/\/letrame.com\/catalogo\/wp-content\/uploads\/2024\/04\/portada-compressed-25-scaled-1.jpg","contentUrl":"https:\/\/letrame.com\/catalogo\/wp-content\/uploads\/2024\/04\/portada-compressed-25-scaled-1.jpg","width":1782,"height":2560},{"@type":"BreadcrumbList","@id":"https:\/\/letrame.com\/catalogo\/producto\/acupuntura-cientifica-basada-en-la-psiconeuroendocrinoinmunologia\/#breadcrumb","itemListElement":[{"@type":"ListItem","position":1,"name":"Portada","item":"https:\/\/letrame.com\/catalogo\/"},{"@type":"ListItem","position":2,"name":"Cat\u00e1logo","item":"https:\/\/letrame.com\/catalogo\/"},{"@type":"ListItem","position":3,"name":"Acupuntura Cient\u00edfica basada en la Psiconeuroendocrinoinmunolog\u00eda"}]},{"@type":"WebSite","@id":"https:\/\/letrame.com\/catalogo\/#website","url":"https:\/\/letrame.com\/catalogo\/","name":"Catalogo | Letrame Grupo Editorial","description":"","publisher":{"@id":"https:\/\/letrame.com\/catalogo\/#organization"},"potentialAction":[{"@type":"SearchAction","target":{"@type":"EntryPoint","urlTemplate":"https:\/\/letrame.com\/catalogo\/?s={search_term_string}"},"query-input":{"@type":"PropertyValueSpecification","valueRequired":true,"valueName":"search_term_string"}}],"inLanguage":"es"},{"@type":"Organization","@id":"https:\/\/letrame.com\/catalogo\/#organization","name":"Catalogo | Letrame Grupo Editorial","url":"https:\/\/letrame.com\/catalogo\/","logo":{"@type":"ImageObject","inLanguage":"es","@id":"https:\/\/letrame.com\/catalogo\/#\/schema\/logo\/image\/","url":"https:\/\/letrame.com\/catalogo\/wp-content\/uploads\/2024\/03\/logo2.webp","contentUrl":"https:\/\/letrame.com\/catalogo\/wp-content\/uploads\/2024\/03\/logo2.webp","width":394,"height":128,"caption":"Catalogo | Letrame Grupo Editorial"},"image":{"@id":"https:\/\/letrame.com\/catalogo\/#\/schema\/logo\/image\/"}}]}},"_links":{"self":[{"href":"https:\/\/letrame.com\/catalogo\/wp-json\/wp\/v2\/product\/94154","targetHints":{"allow":["GET"]}}],"collection":[{"href":"https:\/\/letrame.com\/catalogo\/wp-json\/wp\/v2\/product"}],"about":[{"href":"https:\/\/letrame.com\/catalogo\/wp-json\/wp\/v2\/types\/product"}],"replies":[{"embeddable":true,"href":"https:\/\/letrame.com\/catalogo\/wp-json\/wp\/v2\/comments?post=94154"}],"acf:post":[{"embeddable":true,"href":"https:\/\/letrame.com\/catalogo\/wp-json\/wp\/v2\/author_book\/73097"}],"wp:featuredmedia":[{"embeddable":true,"href":"https:\/\/letrame.com\/catalogo\/wp-json\/wp\/v2\/media\/94155"}],"wp:attachment":[{"href":"https:\/\/letrame.com\/catalogo\/wp-json\/wp\/v2\/media?parent=94154"}],"wp:term":[{"taxonomy":"libro","embeddable":true,"href":"https:\/\/letrame.com\/catalogo\/wp-json\/wp\/v2\/libro?post=94154"},{"taxonomy":"product_brand","embeddable":true,"href":"https:\/\/letrame.com\/catalogo\/wp-json\/wp\/v2\/product_brand?post=94154"},{"taxonomy":"product_cat","embeddable":true,"href":"https:\/\/letrame.com\/catalogo\/wp-json\/wp\/v2\/product_cat?post=94154"},{"taxonomy":"product_tag","embeddable":true,"href":"https:\/\/letrame.com\/catalogo\/wp-json\/wp\/v2\/product_tag?post=94154"}],"curies":[{"name":"wp","href":"https:\/\/api.w.org\/{rel}","templated":true}]}}