{"id":94116,"date":"2024-04-18T10:12:32","date_gmt":"2024-04-18T08:12:32","guid":{"rendered":"https:\/\/letrame.com\/catalogo\/producto\/anatomie-et-physiologie-de-laura\/"},"modified":"2024-04-18T10:13:24","modified_gmt":"2024-04-18T08:13:24","slug":"anatomie-et-physiologie-de-laura","status":"publish","type":"product","link":"https:\/\/letrame.com\/catalogo\/producto\/anatomie-et-physiologie-de-laura\/","title":{"rendered":"ANATOMIE ET PHYSIOLOGIE DE L\u2019AURA"},"content":{"rendered":"<p><strong>ISBN<\/strong>: 978-84-17608-30-9<br \/>\n<strong>T\u00edtulo<\/strong>: ANATOMIE ET PHYSIOLOGIE DE L\u2019AURA<br \/>\n<strong>Fecha<\/strong>: 2018<br \/>\n<strong>P\u00e1ginas<\/strong>: 221<\/p>\n<p>&nbsp;<\/p>\n<p><strong>SINOPSIS<\/strong><\/p>\n<section>\n<div class=\"about-this-book\">\n<div class=\"container\">\n<div class=\"right-detail shop-detail1 pull-right col-md-8 col-sm-8 col-xs-12\">\n<div id=\"editionnal-reviews\" class=\"book-desc-detail\"><span class=\"detail-desc box-detail-desc\">A travers des pages de ce livre, vous d\u00e9couvrirez que l\u2019aura et les chakras sont un sujet beaucoup plus vaste de ce que l\u2019on connait ; ils sont constitu\u00e9s de cellules qui forment des tissus, des organes et des syst\u00e8mes dont les particules subatomiques vibrent \u00e0 une fr\u00e9quence plus \u00e9lev\u00e9e que ceux du corps physique, expliquant ainsi les raisons pour lesquelles nous ne pouvons les voir ou les toucher. Pour vivre une exp\u00e9rience humaine, l\u2019Etre doit n\u00e9cessairement disposer de vingt champs auriques, dont les processus sont coordonn\u00e9s par les sph\u00e8res mentales faisant partie du cerveau de l\u2019Ame. Cher lecteur, je vous invite \u00e0 d\u00e9couvrir cet ouvrage, indispensable \u00e0 votre connaissance ainsi qu\u2019\u00e0 votre d\u00e9veloppement personnel et spirituel.<\/span><\/div>\n<div id=\"clear-scroll\" class=\"clearfix\"><\/div>\n<\/div>\n<\/div>\n<\/div>\n<\/section>\n<div class=\"feature-section feature-option2\">\n<div class=\"container\">\n<div class=\"related products\">\n<div class=\"title-box\"><\/div>\n<\/div>\n<\/div>\n<\/div>\n","protected":false},"excerpt":{"rendered":"<p><strong>ISBN: 978-84-17608-30-9<\/strong><\/p>\n<p>A travers des pages de ce livre, vous d\u00e9couvrirez que l\u2019aura et les chakras sont un sujet beaucoup plus vaste de ce que l\u2019on connait ; ils sont constitu\u00e9s de cellules qui forment des tissus, des organes et des syst\u00e8mes dont les particules subatomiques vibrent \u00e0 une fr\u00e9quence plus \u00e9lev\u00e9e que ceux du corps physique, expliquant ainsi les raisons pour lesquelles nous ne pouvons les voir ou les toucher.<\/p>\n","protected":false},"featured_media":94117,"comment_status":"closed","ping_status":"open","template":"","meta":{"_acf_changed":false},"libro":[],"product_brand":[],"product_cat":[23],"product_tag":[],"class_list":{"0":"post-94116","1":"product","2":"type-product","3":"status-publish","4":"has-post-thumbnail","6":"product_cat-ensayos","8":"first","9":"instock","10":"purchasable","11":"product-type-simple"},"acf":{"autor":[73069],"enlace_de_compra":"https:\/\/www.agapea.com\/Julieta-Huerta-Hernandez\/Anatomie-et-physiologie-de-la-aura-9788417608309-i.htm"},"yoast_head":"<!-- This site is optimized with the Yoast SEO plugin v27.4 - https:\/\/yoast.com\/product\/yoast-seo-wordpress\/ -->\n<title>ANATOMIE ET PHYSIOLOGIE DE L\u2019AURA - Catalogo | Letrame Grupo Editorial<\/title>\n<meta name=\"robots\" content=\"index, follow, max-snippet:-1, max-image-preview:large, max-video-preview:-1\" \/>\n<link rel=\"canonical\" href=\"https:\/\/letrame.com\/catalogo\/producto\/anatomie-et-physiologie-de-laura\/\" \/>\n<meta property=\"og:locale\" content=\"es_ES\" \/>\n<meta property=\"og:type\" content=\"article\" \/>\n<meta property=\"og:title\" content=\"ANATOMIE ET PHYSIOLOGIE DE L\u2019AURA - Catalogo | Letrame Grupo Editorial\" \/>\n<meta property=\"og:description\" content=\"ISBN: 978-84-17608-30-9 A travers des pages de ce livre, vous d\u00e9couvrirez que l\u2019aura et les chakras sont un sujet beaucoup plus vaste de ce que l\u2019on connait ; ils sont constitu\u00e9s de cellules qui forment des tissus, des organes et des syst\u00e8mes dont les particules subatomiques vibrent \u00e0 une fr\u00e9quence plus \u00e9lev\u00e9e que ceux du corps physique, expliquant ainsi les raisons pour lesquelles nous ne pouvons les voir ou les toucher.\" \/>\n<meta property=\"og:url\" content=\"https:\/\/letrame.com\/catalogo\/producto\/anatomie-et-physiologie-de-laura\/\" \/>\n<meta property=\"og:site_name\" content=\"Catalogo | Letrame Grupo Editorial\" \/>\n<meta property=\"article:modified_time\" content=\"2024-04-18T08:13:24+00:00\" \/>\n<meta property=\"og:image\" content=\"https:\/\/letrame.com\/catalogo\/wp-content\/uploads\/2024\/04\/Anatomie_9mm2-compressed-scaled-1.jpg\" \/>\n\t<meta property=\"og:image:width\" content=\"836\" \/>\n\t<meta property=\"og:image:height\" content=\"1080\" \/>\n\t<meta property=\"og:image:type\" content=\"image\/jpeg\" \/>\n<meta name=\"twitter:card\" content=\"summary_large_image\" \/>\n<meta name=\"twitter:label1\" content=\"Tiempo de lectura\" \/>\n\t<meta name=\"twitter:data1\" content=\"1 minuto\" \/>\n<script type=\"application\/ld+json\" class=\"yoast-schema-graph\">{\"@context\":\"https:\\\/\\\/schema.org\",\"@graph\":[{\"@type\":\"WebPage\",\"@id\":\"https:\\\/\\\/letrame.com\\\/catalogo\\\/producto\\\/anatomie-et-physiologie-de-laura\\\/\",\"url\":\"https:\\\/\\\/letrame.com\\\/catalogo\\\/producto\\\/anatomie-et-physiologie-de-laura\\\/\",\"name\":\"ANATOMIE ET PHYSIOLOGIE DE L\u2019AURA - Catalogo | Letrame Grupo Editorial\",\"isPartOf\":{\"@id\":\"https:\\\/\\\/letrame.com\\\/catalogo\\\/#website\"},\"primaryImageOfPage\":{\"@id\":\"https:\\\/\\\/letrame.com\\\/catalogo\\\/producto\\\/anatomie-et-physiologie-de-laura\\\/#primaryimage\"},\"image\":{\"@id\":\"https:\\\/\\\/letrame.com\\\/catalogo\\\/producto\\\/anatomie-et-physiologie-de-laura\\\/#primaryimage\"},\"thumbnailUrl\":\"https:\\\/\\\/letrame.com\\\/catalogo\\\/wp-content\\\/uploads\\\/2024\\\/04\\\/Anatomie_9mm2-compressed-scaled-1.jpg\",\"datePublished\":\"2024-04-18T08:12:32+00:00\",\"dateModified\":\"2024-04-18T08:13:24+00:00\",\"breadcrumb\":{\"@id\":\"https:\\\/\\\/letrame.com\\\/catalogo\\\/producto\\\/anatomie-et-physiologie-de-laura\\\/#breadcrumb\"},\"inLanguage\":\"es\",\"potentialAction\":[{\"@type\":\"ReadAction\",\"target\":[\"https:\\\/\\\/letrame.com\\\/catalogo\\\/producto\\\/anatomie-et-physiologie-de-laura\\\/\"]}]},{\"@type\":\"ImageObject\",\"inLanguage\":\"es\",\"@id\":\"https:\\\/\\\/letrame.com\\\/catalogo\\\/producto\\\/anatomie-et-physiologie-de-laura\\\/#primaryimage\",\"url\":\"https:\\\/\\\/letrame.com\\\/catalogo\\\/wp-content\\\/uploads\\\/2024\\\/04\\\/Anatomie_9mm2-compressed-scaled-1.jpg\",\"contentUrl\":\"https:\\\/\\\/letrame.com\\\/catalogo\\\/wp-content\\\/uploads\\\/2024\\\/04\\\/Anatomie_9mm2-compressed-scaled-1.jpg\",\"width\":836,\"height\":1080},{\"@type\":\"BreadcrumbList\",\"@id\":\"https:\\\/\\\/letrame.com\\\/catalogo\\\/producto\\\/anatomie-et-physiologie-de-laura\\\/#breadcrumb\",\"itemListElement\":[{\"@type\":\"ListItem\",\"position\":1,\"name\":\"Portada\",\"item\":\"https:\\\/\\\/letrame.com\\\/catalogo\\\/\"},{\"@type\":\"ListItem\",\"position\":2,\"name\":\"Cat\u00e1logo\",\"item\":\"https:\\\/\\\/letrame.com\\\/catalogo\\\/\"},{\"@type\":\"ListItem\",\"position\":3,\"name\":\"ANATOMIE ET PHYSIOLOGIE DE L\u2019AURA\"}]},{\"@type\":\"WebSite\",\"@id\":\"https:\\\/\\\/letrame.com\\\/catalogo\\\/#website\",\"url\":\"https:\\\/\\\/letrame.com\\\/catalogo\\\/\",\"name\":\"Catalogo | Letrame Grupo Editorial\",\"description\":\"\",\"publisher\":{\"@id\":\"https:\\\/\\\/letrame.com\\\/catalogo\\\/#organization\"},\"potentialAction\":[{\"@type\":\"SearchAction\",\"target\":{\"@type\":\"EntryPoint\",\"urlTemplate\":\"https:\\\/\\\/letrame.com\\\/catalogo\\\/?s={search_term_string}\"},\"query-input\":{\"@type\":\"PropertyValueSpecification\",\"valueRequired\":true,\"valueName\":\"search_term_string\"}}],\"inLanguage\":\"es\"},{\"@type\":\"Organization\",\"@id\":\"https:\\\/\\\/letrame.com\\\/catalogo\\\/#organization\",\"name\":\"Catalogo | Letrame Grupo Editorial\",\"url\":\"https:\\\/\\\/letrame.com\\\/catalogo\\\/\",\"logo\":{\"@type\":\"ImageObject\",\"inLanguage\":\"es\",\"@id\":\"https:\\\/\\\/letrame.com\\\/catalogo\\\/#\\\/schema\\\/logo\\\/image\\\/\",\"url\":\"https:\\\/\\\/letrame.com\\\/catalogo\\\/wp-content\\\/uploads\\\/2024\\\/03\\\/logo2.webp\",\"contentUrl\":\"https:\\\/\\\/letrame.com\\\/catalogo\\\/wp-content\\\/uploads\\\/2024\\\/03\\\/logo2.webp\",\"width\":394,\"height\":128,\"caption\":\"Catalogo | Letrame Grupo Editorial\"},\"image\":{\"@id\":\"https:\\\/\\\/letrame.com\\\/catalogo\\\/#\\\/schema\\\/logo\\\/image\\\/\"}}]}<\/script>\n<!-- \/ Yoast SEO plugin. -->","yoast_head_json":{"title":"ANATOMIE ET PHYSIOLOGIE DE L\u2019AURA - Catalogo | Letrame Grupo Editorial","robots":{"index":"index","follow":"follow","max-snippet":"max-snippet:-1","max-image-preview":"max-image-preview:large","max-video-preview":"max-video-preview:-1"},"canonical":"https:\/\/letrame.com\/catalogo\/producto\/anatomie-et-physiologie-de-laura\/","og_locale":"es_ES","og_type":"article","og_title":"ANATOMIE ET PHYSIOLOGIE DE L\u2019AURA - Catalogo | Letrame Grupo Editorial","og_description":"ISBN: 978-84-17608-30-9 A travers des pages de ce livre, vous d\u00e9couvrirez que l\u2019aura et les chakras sont un sujet beaucoup plus vaste de ce que l\u2019on connait ; ils sont constitu\u00e9s de cellules qui forment des tissus, des organes et des syst\u00e8mes dont les particules subatomiques vibrent \u00e0 une fr\u00e9quence plus \u00e9lev\u00e9e que ceux du corps physique, expliquant ainsi les raisons pour lesquelles nous ne pouvons les voir ou les toucher.","og_url":"https:\/\/letrame.com\/catalogo\/producto\/anatomie-et-physiologie-de-laura\/","og_site_name":"Catalogo | Letrame Grupo Editorial","article_modified_time":"2024-04-18T08:13:24+00:00","og_image":[{"width":836,"height":1080,"url":"https:\/\/letrame.com\/catalogo\/wp-content\/uploads\/2024\/04\/Anatomie_9mm2-compressed-scaled-1.jpg","type":"image\/jpeg"}],"twitter_card":"summary_large_image","twitter_misc":{"Tiempo de lectura":"1 minuto"},"schema":{"@context":"https:\/\/schema.org","@graph":[{"@type":"WebPage","@id":"https:\/\/letrame.com\/catalogo\/producto\/anatomie-et-physiologie-de-laura\/","url":"https:\/\/letrame.com\/catalogo\/producto\/anatomie-et-physiologie-de-laura\/","name":"ANATOMIE ET PHYSIOLOGIE DE L\u2019AURA - Catalogo | Letrame Grupo Editorial","isPartOf":{"@id":"https:\/\/letrame.com\/catalogo\/#website"},"primaryImageOfPage":{"@id":"https:\/\/letrame.com\/catalogo\/producto\/anatomie-et-physiologie-de-laura\/#primaryimage"},"image":{"@id":"https:\/\/letrame.com\/catalogo\/producto\/anatomie-et-physiologie-de-laura\/#primaryimage"},"thumbnailUrl":"https:\/\/letrame.com\/catalogo\/wp-content\/uploads\/2024\/04\/Anatomie_9mm2-compressed-scaled-1.jpg","datePublished":"2024-04-18T08:12:32+00:00","dateModified":"2024-04-18T08:13:24+00:00","breadcrumb":{"@id":"https:\/\/letrame.com\/catalogo\/producto\/anatomie-et-physiologie-de-laura\/#breadcrumb"},"inLanguage":"es","potentialAction":[{"@type":"ReadAction","target":["https:\/\/letrame.com\/catalogo\/producto\/anatomie-et-physiologie-de-laura\/"]}]},{"@type":"ImageObject","inLanguage":"es","@id":"https:\/\/letrame.com\/catalogo\/producto\/anatomie-et-physiologie-de-laura\/#primaryimage","url":"https:\/\/letrame.com\/catalogo\/wp-content\/uploads\/2024\/04\/Anatomie_9mm2-compressed-scaled-1.jpg","contentUrl":"https:\/\/letrame.com\/catalogo\/wp-content\/uploads\/2024\/04\/Anatomie_9mm2-compressed-scaled-1.jpg","width":836,"height":1080},{"@type":"BreadcrumbList","@id":"https:\/\/letrame.com\/catalogo\/producto\/anatomie-et-physiologie-de-laura\/#breadcrumb","itemListElement":[{"@type":"ListItem","position":1,"name":"Portada","item":"https:\/\/letrame.com\/catalogo\/"},{"@type":"ListItem","position":2,"name":"Cat\u00e1logo","item":"https:\/\/letrame.com\/catalogo\/"},{"@type":"ListItem","position":3,"name":"ANATOMIE ET PHYSIOLOGIE DE L\u2019AURA"}]},{"@type":"WebSite","@id":"https:\/\/letrame.com\/catalogo\/#website","url":"https:\/\/letrame.com\/catalogo\/","name":"Catalogo | Letrame Grupo Editorial","description":"","publisher":{"@id":"https:\/\/letrame.com\/catalogo\/#organization"},"potentialAction":[{"@type":"SearchAction","target":{"@type":"EntryPoint","urlTemplate":"https:\/\/letrame.com\/catalogo\/?s={search_term_string}"},"query-input":{"@type":"PropertyValueSpecification","valueRequired":true,"valueName":"search_term_string"}}],"inLanguage":"es"},{"@type":"Organization","@id":"https:\/\/letrame.com\/catalogo\/#organization","name":"Catalogo | Letrame Grupo Editorial","url":"https:\/\/letrame.com\/catalogo\/","logo":{"@type":"ImageObject","inLanguage":"es","@id":"https:\/\/letrame.com\/catalogo\/#\/schema\/logo\/image\/","url":"https:\/\/letrame.com\/catalogo\/wp-content\/uploads\/2024\/03\/logo2.webp","contentUrl":"https:\/\/letrame.com\/catalogo\/wp-content\/uploads\/2024\/03\/logo2.webp","width":394,"height":128,"caption":"Catalogo | Letrame Grupo Editorial"},"image":{"@id":"https:\/\/letrame.com\/catalogo\/#\/schema\/logo\/image\/"}}]}},"_links":{"self":[{"href":"https:\/\/letrame.com\/catalogo\/wp-json\/wp\/v2\/product\/94116","targetHints":{"allow":["GET"]}}],"collection":[{"href":"https:\/\/letrame.com\/catalogo\/wp-json\/wp\/v2\/product"}],"about":[{"href":"https:\/\/letrame.com\/catalogo\/wp-json\/wp\/v2\/types\/product"}],"replies":[{"embeddable":true,"href":"https:\/\/letrame.com\/catalogo\/wp-json\/wp\/v2\/comments?post=94116"}],"acf:post":[{"embeddable":true,"href":"https:\/\/letrame.com\/catalogo\/wp-json\/wp\/v2\/author_book\/73069"}],"wp:featuredmedia":[{"embeddable":true,"href":"https:\/\/letrame.com\/catalogo\/wp-json\/wp\/v2\/media\/94117"}],"wp:attachment":[{"href":"https:\/\/letrame.com\/catalogo\/wp-json\/wp\/v2\/media?parent=94116"}],"wp:term":[{"taxonomy":"libro","embeddable":true,"href":"https:\/\/letrame.com\/catalogo\/wp-json\/wp\/v2\/libro?post=94116"},{"taxonomy":"product_brand","embeddable":true,"href":"https:\/\/letrame.com\/catalogo\/wp-json\/wp\/v2\/product_brand?post=94116"},{"taxonomy":"product_cat","embeddable":true,"href":"https:\/\/letrame.com\/catalogo\/wp-json\/wp\/v2\/product_cat?post=94116"},{"taxonomy":"product_tag","embeddable":true,"href":"https:\/\/letrame.com\/catalogo\/wp-json\/wp\/v2\/product_tag?post=94116"}],"curies":[{"name":"wp","href":"https:\/\/api.w.org\/{rel}","templated":true}]}}