{"id":94099,"date":"2024-04-18T10:11:36","date_gmt":"2024-04-18T08:11:36","guid":{"rendered":"https:\/\/letrame.com\/catalogo\/producto\/intercatia-la-ciudad-elegida\/"},"modified":"2024-05-15T12:42:53","modified_gmt":"2024-05-15T10:42:53","slug":"intercatia-la-ciudad-elegida","status":"publish","type":"product","link":"https:\/\/letrame.com\/catalogo\/producto\/intercatia-la-ciudad-elegida\/","title":{"rendered":"Intercatia la Ciudad Elegida"},"content":{"rendered":"<p><strong>ISBN<\/strong>: \u00a0<span class=\"sku\">978-84-17608-40-8<\/span><br \/>\n<strong>T\u00edtulo<\/strong>: Intercatia la Ciudad Elegida<br \/>\n<strong>Fecha<\/strong>: 2018<br \/>\n<strong>P\u00e1ginas<\/strong>: 362<\/p>\n<p>&nbsp;<\/p>\n<p><strong>SINOPSIS<\/strong><\/p>\n<section>\n<div class=\"about-this-book\">\n<div class=\"container\">\n<div class=\"right-detail shop-detail1 pull-right col-md-8 col-sm-8 col-xs-12\">\n<div id=\"editionnal-reviews\" class=\"book-desc-detail\"><span class=\"detail-desc box-detail-desc\">Intercatia se menciona en las fuentes cl\u00e1sicas como una de las principales ciudades de los vacceos, pueblo que habitaba en el centro de la cuenca del Duero durante los siglos previos a la dominaci\u00f3n romana. A las puertas de su poderosa muralla tiene lugar en el a\u00f1o 151 a. C. un famoso combate protagonizado por el gran Escipi\u00f3n, que a\u00f1os despu\u00e9s conquistar\u00e1 Numancia, y por un valiente guerrero ind\u00edgena. Con este hecho hist\u00f3rico de fondo, y a trav\u00e9s de la visi\u00f3n de Valco y Argaelo, dos amigos de la infancia convertidos en valientes guerreros intercatienses, recorremos las tierras del Duero y del Ebro, conocemos a celt\u00edberos, berones, turmogos, autrigones, c\u00e1ntabros y, sobre todo, vacceos. Nos acercamos, mezclando los datos arqueol\u00f3gicos y la ficci\u00f3n hist\u00f3rica, a sus costumbres y creencias. La llegada de los conquistadores romanos est\u00e1 a punto de cambiar su mundo y los protagonistas de esta peque\u00f1a epopeya har\u00e1n todo lo posible para que su huella no se pierda en los recovecos de la Historia. Intercatia fue la ciudad elegida por los dioses de nuestros ancestros. Su nombre, uno de los escogidos para perdurar en la memoria de los hombres: nosotros cumplimos ahora con el deber de trasmitir, como hicieron los aedos del pasado, la gesta de lo que all\u00ed sucedi\u00f3.<\/span><\/div>\n<div id=\"clear-scroll\" class=\"clearfix\"><\/div>\n<\/div>\n<\/div>\n<\/div>\n<\/section>\n<div class=\"feature-section feature-option2\">\n<div class=\"container\">\n<div class=\"related products\">\n<div class=\"title-box\"><\/div>\n<\/div>\n<\/div>\n<\/div>\n","protected":false},"excerpt":{"rendered":"<p><strong>ISBN: 978-84-17608-40-8<br \/>\n<\/strong><\/p>\n<p>Intercatia se menciona en las fuentes cl\u00e1sicas como una de las principales ciudades de los vacceos, pueblo que habitaba en el centro de la cuenca del Duero durante los siglos previos a la dominaci\u00f3n romana. A las puertas de su poderosa muralla tiene lugar en el a\u00f1o 151 a. C.<\/p>\n","protected":false},"featured_media":99969,"comment_status":"closed","ping_status":"closed","template":"","meta":{"_acf_changed":false},"libro":[],"product_brand":[],"product_cat":[16],"product_tag":[],"class_list":{"0":"post-94099","1":"product","2":"type-product","3":"status-publish","4":"has-post-thumbnail","6":"product_cat-novela","8":"first","9":"instock","10":"purchasable","11":"product-type-simple"},"acf":{"autor":[73053],"enlace_de_compra":"https:\/\/www.amazon.es\/Intercatia-ciudad-elegida-Novela-Abarquero\/dp\/8417608400"},"yoast_head":"<!-- This site is optimized with the Yoast SEO plugin v26.6 - https:\/\/yoast.com\/wordpress\/plugins\/seo\/ -->\n<title>Intercatia la Ciudad Elegida - Catalogo | Letrame Grupo Editorial<\/title>\n<meta name=\"robots\" content=\"index, follow, max-snippet:-1, max-image-preview:large, max-video-preview:-1\" \/>\n<link rel=\"canonical\" href=\"https:\/\/letrame.com\/catalogo\/producto\/intercatia-la-ciudad-elegida\/\" \/>\n<meta property=\"og:locale\" content=\"es_ES\" \/>\n<meta property=\"og:type\" content=\"article\" \/>\n<meta property=\"og:title\" content=\"Intercatia la Ciudad Elegida - Catalogo | Letrame Grupo Editorial\" \/>\n<meta property=\"og:description\" content=\"ISBN: 978-84-17608-40-8   Intercatia se menciona en las fuentes cl\u00e1sicas como una de las principales ciudades de los vacceos, pueblo que habitaba en el centro de la cuenca del Duero durante los siglos previos a la dominaci\u00f3n romana. A las puertas de su poderosa muralla tiene lugar en el a\u00f1o 151 a. C.\" \/>\n<meta property=\"og:url\" content=\"https:\/\/letrame.com\/catalogo\/producto\/intercatia-la-ciudad-elegida\/\" \/>\n<meta property=\"og:site_name\" content=\"Catalogo | Letrame Grupo Editorial\" \/>\n<meta property=\"article:modified_time\" content=\"2024-05-15T10:42:53+00:00\" \/>\n<meta property=\"og:image\" content=\"https:\/\/letrame.com\/catalogo\/wp-content\/uploads\/2024\/04\/intercatia.webp\" \/>\n\t<meta property=\"og:image:width\" content=\"333\" \/>\n\t<meta property=\"og:image:height\" content=\"500\" \/>\n\t<meta property=\"og:image:type\" content=\"image\/webp\" \/>\n<meta name=\"twitter:card\" content=\"summary_large_image\" \/>\n<meta name=\"twitter:label1\" content=\"Tiempo de lectura\" \/>\n\t<meta name=\"twitter:data1\" content=\"2 minutos\" \/>\n<script type=\"application\/ld+json\" class=\"yoast-schema-graph\">{\"@context\":\"https:\/\/schema.org\",\"@graph\":[{\"@type\":\"WebPage\",\"@id\":\"https:\/\/letrame.com\/catalogo\/producto\/intercatia-la-ciudad-elegida\/\",\"url\":\"https:\/\/letrame.com\/catalogo\/producto\/intercatia-la-ciudad-elegida\/\",\"name\":\"Intercatia la Ciudad Elegida - Catalogo | Letrame Grupo Editorial\",\"isPartOf\":{\"@id\":\"https:\/\/letrame.com\/catalogo\/#website\"},\"primaryImageOfPage\":{\"@id\":\"https:\/\/letrame.com\/catalogo\/producto\/intercatia-la-ciudad-elegida\/#primaryimage\"},\"image\":{\"@id\":\"https:\/\/letrame.com\/catalogo\/producto\/intercatia-la-ciudad-elegida\/#primaryimage\"},\"thumbnailUrl\":\"https:\/\/letrame.com\/catalogo\/wp-content\/uploads\/2024\/04\/intercatia.webp\",\"datePublished\":\"2024-04-18T08:11:36+00:00\",\"dateModified\":\"2024-05-15T10:42:53+00:00\",\"breadcrumb\":{\"@id\":\"https:\/\/letrame.com\/catalogo\/producto\/intercatia-la-ciudad-elegida\/#breadcrumb\"},\"inLanguage\":\"es\",\"potentialAction\":[{\"@type\":\"ReadAction\",\"target\":[\"https:\/\/letrame.com\/catalogo\/producto\/intercatia-la-ciudad-elegida\/\"]}]},{\"@type\":\"ImageObject\",\"inLanguage\":\"es\",\"@id\":\"https:\/\/letrame.com\/catalogo\/producto\/intercatia-la-ciudad-elegida\/#primaryimage\",\"url\":\"https:\/\/letrame.com\/catalogo\/wp-content\/uploads\/2024\/04\/intercatia.webp\",\"contentUrl\":\"https:\/\/letrame.com\/catalogo\/wp-content\/uploads\/2024\/04\/intercatia.webp\",\"width\":333,\"height\":500},{\"@type\":\"BreadcrumbList\",\"@id\":\"https:\/\/letrame.com\/catalogo\/producto\/intercatia-la-ciudad-elegida\/#breadcrumb\",\"itemListElement\":[{\"@type\":\"ListItem\",\"position\":1,\"name\":\"Portada\",\"item\":\"https:\/\/letrame.com\/catalogo\/\"},{\"@type\":\"ListItem\",\"position\":2,\"name\":\"Cat\u00e1logo\",\"item\":\"https:\/\/letrame.com\/catalogo\/\"},{\"@type\":\"ListItem\",\"position\":3,\"name\":\"Intercatia la Ciudad Elegida\"}]},{\"@type\":\"WebSite\",\"@id\":\"https:\/\/letrame.com\/catalogo\/#website\",\"url\":\"https:\/\/letrame.com\/catalogo\/\",\"name\":\"Catalogo | Letrame Grupo Editorial\",\"description\":\"\",\"publisher\":{\"@id\":\"https:\/\/letrame.com\/catalogo\/#organization\"},\"potentialAction\":[{\"@type\":\"SearchAction\",\"target\":{\"@type\":\"EntryPoint\",\"urlTemplate\":\"https:\/\/letrame.com\/catalogo\/?s={search_term_string}\"},\"query-input\":{\"@type\":\"PropertyValueSpecification\",\"valueRequired\":true,\"valueName\":\"search_term_string\"}}],\"inLanguage\":\"es\"},{\"@type\":\"Organization\",\"@id\":\"https:\/\/letrame.com\/catalogo\/#organization\",\"name\":\"Catalogo | Letrame Grupo Editorial\",\"url\":\"https:\/\/letrame.com\/catalogo\/\",\"logo\":{\"@type\":\"ImageObject\",\"inLanguage\":\"es\",\"@id\":\"https:\/\/letrame.com\/catalogo\/#\/schema\/logo\/image\/\",\"url\":\"https:\/\/letrame.com\/catalogo\/wp-content\/uploads\/2024\/03\/logo2.webp\",\"contentUrl\":\"https:\/\/letrame.com\/catalogo\/wp-content\/uploads\/2024\/03\/logo2.webp\",\"width\":394,\"height\":128,\"caption\":\"Catalogo | Letrame Grupo Editorial\"},\"image\":{\"@id\":\"https:\/\/letrame.com\/catalogo\/#\/schema\/logo\/image\/\"}}]}<\/script>\n<!-- \/ Yoast SEO plugin. -->","yoast_head_json":{"title":"Intercatia la Ciudad Elegida - Catalogo | Letrame Grupo Editorial","robots":{"index":"index","follow":"follow","max-snippet":"max-snippet:-1","max-image-preview":"max-image-preview:large","max-video-preview":"max-video-preview:-1"},"canonical":"https:\/\/letrame.com\/catalogo\/producto\/intercatia-la-ciudad-elegida\/","og_locale":"es_ES","og_type":"article","og_title":"Intercatia la Ciudad Elegida - Catalogo | Letrame Grupo Editorial","og_description":"ISBN: 978-84-17608-40-8   Intercatia se menciona en las fuentes cl\u00e1sicas como una de las principales ciudades de los vacceos, pueblo que habitaba en el centro de la cuenca del Duero durante los siglos previos a la dominaci\u00f3n romana. A las puertas de su poderosa muralla tiene lugar en el a\u00f1o 151 a. C.","og_url":"https:\/\/letrame.com\/catalogo\/producto\/intercatia-la-ciudad-elegida\/","og_site_name":"Catalogo | Letrame Grupo Editorial","article_modified_time":"2024-05-15T10:42:53+00:00","og_image":[{"width":333,"height":500,"url":"https:\/\/letrame.com\/catalogo\/wp-content\/uploads\/2024\/04\/intercatia.webp","type":"image\/webp"}],"twitter_card":"summary_large_image","twitter_misc":{"Tiempo de lectura":"2 minutos"},"schema":{"@context":"https:\/\/schema.org","@graph":[{"@type":"WebPage","@id":"https:\/\/letrame.com\/catalogo\/producto\/intercatia-la-ciudad-elegida\/","url":"https:\/\/letrame.com\/catalogo\/producto\/intercatia-la-ciudad-elegida\/","name":"Intercatia la Ciudad Elegida - Catalogo | Letrame Grupo Editorial","isPartOf":{"@id":"https:\/\/letrame.com\/catalogo\/#website"},"primaryImageOfPage":{"@id":"https:\/\/letrame.com\/catalogo\/producto\/intercatia-la-ciudad-elegida\/#primaryimage"},"image":{"@id":"https:\/\/letrame.com\/catalogo\/producto\/intercatia-la-ciudad-elegida\/#primaryimage"},"thumbnailUrl":"https:\/\/letrame.com\/catalogo\/wp-content\/uploads\/2024\/04\/intercatia.webp","datePublished":"2024-04-18T08:11:36+00:00","dateModified":"2024-05-15T10:42:53+00:00","breadcrumb":{"@id":"https:\/\/letrame.com\/catalogo\/producto\/intercatia-la-ciudad-elegida\/#breadcrumb"},"inLanguage":"es","potentialAction":[{"@type":"ReadAction","target":["https:\/\/letrame.com\/catalogo\/producto\/intercatia-la-ciudad-elegida\/"]}]},{"@type":"ImageObject","inLanguage":"es","@id":"https:\/\/letrame.com\/catalogo\/producto\/intercatia-la-ciudad-elegida\/#primaryimage","url":"https:\/\/letrame.com\/catalogo\/wp-content\/uploads\/2024\/04\/intercatia.webp","contentUrl":"https:\/\/letrame.com\/catalogo\/wp-content\/uploads\/2024\/04\/intercatia.webp","width":333,"height":500},{"@type":"BreadcrumbList","@id":"https:\/\/letrame.com\/catalogo\/producto\/intercatia-la-ciudad-elegida\/#breadcrumb","itemListElement":[{"@type":"ListItem","position":1,"name":"Portada","item":"https:\/\/letrame.com\/catalogo\/"},{"@type":"ListItem","position":2,"name":"Cat\u00e1logo","item":"https:\/\/letrame.com\/catalogo\/"},{"@type":"ListItem","position":3,"name":"Intercatia la Ciudad Elegida"}]},{"@type":"WebSite","@id":"https:\/\/letrame.com\/catalogo\/#website","url":"https:\/\/letrame.com\/catalogo\/","name":"Catalogo | Letrame Grupo Editorial","description":"","publisher":{"@id":"https:\/\/letrame.com\/catalogo\/#organization"},"potentialAction":[{"@type":"SearchAction","target":{"@type":"EntryPoint","urlTemplate":"https:\/\/letrame.com\/catalogo\/?s={search_term_string}"},"query-input":{"@type":"PropertyValueSpecification","valueRequired":true,"valueName":"search_term_string"}}],"inLanguage":"es"},{"@type":"Organization","@id":"https:\/\/letrame.com\/catalogo\/#organization","name":"Catalogo | Letrame Grupo Editorial","url":"https:\/\/letrame.com\/catalogo\/","logo":{"@type":"ImageObject","inLanguage":"es","@id":"https:\/\/letrame.com\/catalogo\/#\/schema\/logo\/image\/","url":"https:\/\/letrame.com\/catalogo\/wp-content\/uploads\/2024\/03\/logo2.webp","contentUrl":"https:\/\/letrame.com\/catalogo\/wp-content\/uploads\/2024\/03\/logo2.webp","width":394,"height":128,"caption":"Catalogo | Letrame Grupo Editorial"},"image":{"@id":"https:\/\/letrame.com\/catalogo\/#\/schema\/logo\/image\/"}}]}},"_links":{"self":[{"href":"https:\/\/letrame.com\/catalogo\/wp-json\/wp\/v2\/product\/94099","targetHints":{"allow":["GET"]}}],"collection":[{"href":"https:\/\/letrame.com\/catalogo\/wp-json\/wp\/v2\/product"}],"about":[{"href":"https:\/\/letrame.com\/catalogo\/wp-json\/wp\/v2\/types\/product"}],"replies":[{"embeddable":true,"href":"https:\/\/letrame.com\/catalogo\/wp-json\/wp\/v2\/comments?post=94099"}],"acf:post":[{"embeddable":true,"href":"https:\/\/letrame.com\/catalogo\/wp-json\/wp\/v2\/author_book\/73053"}],"wp:featuredmedia":[{"embeddable":true,"href":"https:\/\/letrame.com\/catalogo\/wp-json\/wp\/v2\/media\/99969"}],"wp:attachment":[{"href":"https:\/\/letrame.com\/catalogo\/wp-json\/wp\/v2\/media?parent=94099"}],"wp:term":[{"taxonomy":"libro","embeddable":true,"href":"https:\/\/letrame.com\/catalogo\/wp-json\/wp\/v2\/libro?post=94099"},{"taxonomy":"product_brand","embeddable":true,"href":"https:\/\/letrame.com\/catalogo\/wp-json\/wp\/v2\/product_brand?post=94099"},{"taxonomy":"product_cat","embeddable":true,"href":"https:\/\/letrame.com\/catalogo\/wp-json\/wp\/v2\/product_cat?post=94099"},{"taxonomy":"product_tag","embeddable":true,"href":"https:\/\/letrame.com\/catalogo\/wp-json\/wp\/v2\/product_tag?post=94099"}],"curies":[{"name":"wp","href":"https:\/\/api.w.org\/{rel}","templated":true}]}}