{"id":94056,"date":"2024-04-18T10:07:13","date_gmt":"2024-04-18T08:07:13","guid":{"rendered":"https:\/\/letrame.com\/catalogo\/producto\/la-verdadera-historia-del-anillo-atlante\/"},"modified":"2024-04-18T10:07:44","modified_gmt":"2024-04-18T08:07:44","slug":"la-verdadera-historia-del-anillo-atlante","status":"publish","type":"product","link":"https:\/\/letrame.com\/catalogo\/producto\/la-verdadera-historia-del-anillo-atlante\/","title":{"rendered":"La verdadera historia del Anillo Atlante"},"content":{"rendered":"<p><strong>ISBN<\/strong>: 978-84-17542-61-0<br \/>\n<strong>T\u00edtulo<\/strong>: La verdadera historia del Anillo Atlante<br \/>\n<strong>Fecha<\/strong>: 2018<br \/>\n<strong>P\u00e1ginas<\/strong>: 144<\/p>\n<p>&nbsp;<\/p>\n<p><strong>SINOPSIS<\/strong><\/p>\n<section>\n<div class=\"about-this-book\">\n<div class=\"container\">\n<div class=\"right-detail shop-detail1 pull-right col-md-8 col-sm-8 col-xs-12\">\n<div id=\"editionnal-reviews\" class=\"book-desc-detail\"><span class=\"detail-desc box-detail-desc\">La historia del anillo atlante (egipcio) es tan fascinante como sencilla. Comerciantes sin escr\u00fapulos \u2014pero no los vendedores de feria que no saben lo que tienen\u2014 han venido confundiendo y distorsionando su dise\u00f1o e historia en las \u00faltimas d\u00e9cadas. El anillo original atlante (egipcio) es propiedad de la familia Belizal de Francia. Desde las arenas de los tiempos, este anillo protector lleg\u00f3 a manos del radiestesista Andr\u00e9 de Belizal gracias a su mujer Genevi\u00e8ve que lo hered\u00f3 de su abuelo el Marqu\u00e9s Armand-Arthur de PRADIER d\u00b4Agrain. Andr\u00e9 lo estudi\u00f3 en profundidad a mediados del siglo pasado perfeccion\u00e1ndolo en sumo grado. El original se hall\u00f3 desgastado y roto debido a su antig\u00fcedad, y ya no era suficientemente efectivo. Por primera vez cuento su verdadera historia y hago p\u00fablicas fotos in\u00e9ditas acerca del mismo. Mi contribuci\u00f3n consiste en fomentar la necesaria lucidez mental sobre el tema, pero cuidando algunos aspectos que no son para el profano. Que se diga que lo llev\u00f3 el arque\u00f3logo Howard Carter es, hoy por hoy, en extremo rid\u00edculo. \u00c9l dispon\u00eda de numerosos amuletos probablemente m\u00e1s efectivos y potentes que el anillo del que hablamos en este libro. Ahora bien, si usted quiere saber m\u00e1s sobre el tema, no dude en leer sus cap\u00edtulos. La proclama es para los que son puros de coraz\u00f3n.<\/span><\/div>\n<div id=\"clear-scroll\" class=\"clearfix\"><\/div>\n<\/div>\n<\/div>\n<\/div>\n<\/section>\n<div class=\"feature-section feature-option2\">\n<div class=\"container\">\n<div class=\"related products\">\n<div class=\"title-box\"><\/div>\n<\/div>\n<\/div>\n<\/div>\n","protected":false},"excerpt":{"rendered":"<p><strong>ISBN: 978-84-17542-61-0<\/strong><\/p>\n<p>La historia del anillo atlante (egipcio) es tan fascinante como sencilla. Comerciantes sin escr\u00fapulos \u2014pero no los vendedores de feria que no saben lo que tienen\u2014 han venido confundiendo y distorsionando su dise\u00f1o e historia en las \u00faltimas d\u00e9cadas. El anillo original atlante (egipcio) es propiedad de la familia Belizal de Francia. Desde las arenas de los tiempos, este anillo protector lleg\u00f3 a manos del radiestesista Andr\u00e9 de Belizal gracias a su mujer Genevi\u00e8ve que lo hered\u00f3 de su abuelo el Marqu\u00e9s Armand-Arthur de PRADIER d\u00b4Agrain.<\/p>\n","protected":false},"featured_media":94057,"comment_status":"closed","ping_status":"open","template":"","meta":{"_acf_changed":false},"libro":[],"product_brand":[],"product_cat":[23],"product_tag":[],"class_list":{"0":"post-94056","1":"product","2":"type-product","3":"status-publish","4":"has-post-thumbnail","6":"product_cat-ensayos","8":"first","9":"instock","10":"purchasable","11":"product-type-simple"},"acf":{"autor":[73015],"enlace_de_compra":"https:\/\/www.agapea.com\/libros\/La-verdadera-historia-del-Anillo-Atlante-Ebook--EB9788417657024-i.htm"},"yoast_head":"<!-- This site is optimized with the Yoast SEO plugin v27.4 - https:\/\/yoast.com\/product\/yoast-seo-wordpress\/ -->\n<title>La verdadera historia del Anillo Atlante - Catalogo | Letrame Grupo Editorial<\/title>\n<meta name=\"robots\" content=\"index, follow, max-snippet:-1, max-image-preview:large, max-video-preview:-1\" \/>\n<link rel=\"canonical\" href=\"https:\/\/letrame.com\/catalogo\/producto\/la-verdadera-historia-del-anillo-atlante\/\" \/>\n<meta property=\"og:locale\" content=\"es_ES\" \/>\n<meta property=\"og:type\" content=\"article\" \/>\n<meta property=\"og:title\" content=\"La verdadera historia del Anillo Atlante - Catalogo | Letrame Grupo Editorial\" \/>\n<meta property=\"og:description\" content=\"ISBN: 978-84-17542-61-0 La historia del anillo atlante (egipcio) es tan fascinante como sencilla. Comerciantes sin escr\u00fapulos \u2014pero no los vendedores de feria que no saben lo que tienen\u2014 han venido confundiendo y distorsionando su dise\u00f1o e historia en las \u00faltimas d\u00e9cadas. El anillo original atlante (egipcio) es propiedad de la familia Belizal de Francia. Desde las arenas de los tiempos, este anillo protector lleg\u00f3 a manos del radiestesista Andr\u00e9 de Belizal gracias a su mujer Genevi\u00e8ve que lo hered\u00f3 de su abuelo el Marqu\u00e9s Armand-Arthur de PRADIER d\u00b4Agrain.\" \/>\n<meta property=\"og:url\" content=\"https:\/\/letrame.com\/catalogo\/producto\/la-verdadera-historia-del-anillo-atlante\/\" \/>\n<meta property=\"og:site_name\" content=\"Catalogo | Letrame Grupo Editorial\" \/>\n<meta property=\"article:modified_time\" content=\"2024-04-18T08:07:44+00:00\" \/>\n<meta property=\"og:image\" content=\"https:\/\/letrame.com\/catalogo\/wp-content\/uploads\/2024\/04\/AnilloAtlante_7mm-compressed.jpg\" \/>\n\t<meta property=\"og:image:width\" content=\"1772\" \/>\n\t<meta property=\"og:image:height\" content=\"2480\" \/>\n\t<meta property=\"og:image:type\" content=\"image\/jpeg\" \/>\n<meta name=\"twitter:card\" content=\"summary_large_image\" \/>\n<meta name=\"twitter:label1\" content=\"Tiempo de lectura\" \/>\n\t<meta name=\"twitter:data1\" content=\"1 minuto\" \/>\n<script type=\"application\/ld+json\" class=\"yoast-schema-graph\">{\"@context\":\"https:\\\/\\\/schema.org\",\"@graph\":[{\"@type\":\"WebPage\",\"@id\":\"https:\\\/\\\/letrame.com\\\/catalogo\\\/producto\\\/la-verdadera-historia-del-anillo-atlante\\\/\",\"url\":\"https:\\\/\\\/letrame.com\\\/catalogo\\\/producto\\\/la-verdadera-historia-del-anillo-atlante\\\/\",\"name\":\"La verdadera historia del Anillo Atlante - Catalogo | Letrame Grupo Editorial\",\"isPartOf\":{\"@id\":\"https:\\\/\\\/letrame.com\\\/catalogo\\\/#website\"},\"primaryImageOfPage\":{\"@id\":\"https:\\\/\\\/letrame.com\\\/catalogo\\\/producto\\\/la-verdadera-historia-del-anillo-atlante\\\/#primaryimage\"},\"image\":{\"@id\":\"https:\\\/\\\/letrame.com\\\/catalogo\\\/producto\\\/la-verdadera-historia-del-anillo-atlante\\\/#primaryimage\"},\"thumbnailUrl\":\"https:\\\/\\\/letrame.com\\\/catalogo\\\/wp-content\\\/uploads\\\/2024\\\/04\\\/AnilloAtlante_7mm-compressed.jpg\",\"datePublished\":\"2024-04-18T08:07:13+00:00\",\"dateModified\":\"2024-04-18T08:07:44+00:00\",\"breadcrumb\":{\"@id\":\"https:\\\/\\\/letrame.com\\\/catalogo\\\/producto\\\/la-verdadera-historia-del-anillo-atlante\\\/#breadcrumb\"},\"inLanguage\":\"es\",\"potentialAction\":[{\"@type\":\"ReadAction\",\"target\":[\"https:\\\/\\\/letrame.com\\\/catalogo\\\/producto\\\/la-verdadera-historia-del-anillo-atlante\\\/\"]}]},{\"@type\":\"ImageObject\",\"inLanguage\":\"es\",\"@id\":\"https:\\\/\\\/letrame.com\\\/catalogo\\\/producto\\\/la-verdadera-historia-del-anillo-atlante\\\/#primaryimage\",\"url\":\"https:\\\/\\\/letrame.com\\\/catalogo\\\/wp-content\\\/uploads\\\/2024\\\/04\\\/AnilloAtlante_7mm-compressed.jpg\",\"contentUrl\":\"https:\\\/\\\/letrame.com\\\/catalogo\\\/wp-content\\\/uploads\\\/2024\\\/04\\\/AnilloAtlante_7mm-compressed.jpg\",\"width\":1772,\"height\":2480},{\"@type\":\"BreadcrumbList\",\"@id\":\"https:\\\/\\\/letrame.com\\\/catalogo\\\/producto\\\/la-verdadera-historia-del-anillo-atlante\\\/#breadcrumb\",\"itemListElement\":[{\"@type\":\"ListItem\",\"position\":1,\"name\":\"Portada\",\"item\":\"https:\\\/\\\/letrame.com\\\/catalogo\\\/\"},{\"@type\":\"ListItem\",\"position\":2,\"name\":\"Cat\u00e1logo\",\"item\":\"https:\\\/\\\/letrame.com\\\/catalogo\\\/\"},{\"@type\":\"ListItem\",\"position\":3,\"name\":\"La verdadera historia del Anillo Atlante\"}]},{\"@type\":\"WebSite\",\"@id\":\"https:\\\/\\\/letrame.com\\\/catalogo\\\/#website\",\"url\":\"https:\\\/\\\/letrame.com\\\/catalogo\\\/\",\"name\":\"Catalogo | Letrame Grupo Editorial\",\"description\":\"\",\"publisher\":{\"@id\":\"https:\\\/\\\/letrame.com\\\/catalogo\\\/#organization\"},\"potentialAction\":[{\"@type\":\"SearchAction\",\"target\":{\"@type\":\"EntryPoint\",\"urlTemplate\":\"https:\\\/\\\/letrame.com\\\/catalogo\\\/?s={search_term_string}\"},\"query-input\":{\"@type\":\"PropertyValueSpecification\",\"valueRequired\":true,\"valueName\":\"search_term_string\"}}],\"inLanguage\":\"es\"},{\"@type\":\"Organization\",\"@id\":\"https:\\\/\\\/letrame.com\\\/catalogo\\\/#organization\",\"name\":\"Catalogo | Letrame Grupo Editorial\",\"url\":\"https:\\\/\\\/letrame.com\\\/catalogo\\\/\",\"logo\":{\"@type\":\"ImageObject\",\"inLanguage\":\"es\",\"@id\":\"https:\\\/\\\/letrame.com\\\/catalogo\\\/#\\\/schema\\\/logo\\\/image\\\/\",\"url\":\"https:\\\/\\\/letrame.com\\\/catalogo\\\/wp-content\\\/uploads\\\/2024\\\/03\\\/logo2.webp\",\"contentUrl\":\"https:\\\/\\\/letrame.com\\\/catalogo\\\/wp-content\\\/uploads\\\/2024\\\/03\\\/logo2.webp\",\"width\":394,\"height\":128,\"caption\":\"Catalogo | Letrame Grupo Editorial\"},\"image\":{\"@id\":\"https:\\\/\\\/letrame.com\\\/catalogo\\\/#\\\/schema\\\/logo\\\/image\\\/\"}}]}<\/script>\n<!-- \/ Yoast SEO plugin. -->","yoast_head_json":{"title":"La verdadera historia del Anillo Atlante - Catalogo | Letrame Grupo Editorial","robots":{"index":"index","follow":"follow","max-snippet":"max-snippet:-1","max-image-preview":"max-image-preview:large","max-video-preview":"max-video-preview:-1"},"canonical":"https:\/\/letrame.com\/catalogo\/producto\/la-verdadera-historia-del-anillo-atlante\/","og_locale":"es_ES","og_type":"article","og_title":"La verdadera historia del Anillo Atlante - Catalogo | Letrame Grupo Editorial","og_description":"ISBN: 978-84-17542-61-0 La historia del anillo atlante (egipcio) es tan fascinante como sencilla. Comerciantes sin escr\u00fapulos \u2014pero no los vendedores de feria que no saben lo que tienen\u2014 han venido confundiendo y distorsionando su dise\u00f1o e historia en las \u00faltimas d\u00e9cadas. El anillo original atlante (egipcio) es propiedad de la familia Belizal de Francia. Desde las arenas de los tiempos, este anillo protector lleg\u00f3 a manos del radiestesista Andr\u00e9 de Belizal gracias a su mujer Genevi\u00e8ve que lo hered\u00f3 de su abuelo el Marqu\u00e9s Armand-Arthur de PRADIER d\u00b4Agrain.","og_url":"https:\/\/letrame.com\/catalogo\/producto\/la-verdadera-historia-del-anillo-atlante\/","og_site_name":"Catalogo | Letrame Grupo Editorial","article_modified_time":"2024-04-18T08:07:44+00:00","og_image":[{"width":1772,"height":2480,"url":"https:\/\/letrame.com\/catalogo\/wp-content\/uploads\/2024\/04\/AnilloAtlante_7mm-compressed.jpg","type":"image\/jpeg"}],"twitter_card":"summary_large_image","twitter_misc":{"Tiempo de lectura":"1 minuto"},"schema":{"@context":"https:\/\/schema.org","@graph":[{"@type":"WebPage","@id":"https:\/\/letrame.com\/catalogo\/producto\/la-verdadera-historia-del-anillo-atlante\/","url":"https:\/\/letrame.com\/catalogo\/producto\/la-verdadera-historia-del-anillo-atlante\/","name":"La verdadera historia del Anillo Atlante - Catalogo | Letrame Grupo Editorial","isPartOf":{"@id":"https:\/\/letrame.com\/catalogo\/#website"},"primaryImageOfPage":{"@id":"https:\/\/letrame.com\/catalogo\/producto\/la-verdadera-historia-del-anillo-atlante\/#primaryimage"},"image":{"@id":"https:\/\/letrame.com\/catalogo\/producto\/la-verdadera-historia-del-anillo-atlante\/#primaryimage"},"thumbnailUrl":"https:\/\/letrame.com\/catalogo\/wp-content\/uploads\/2024\/04\/AnilloAtlante_7mm-compressed.jpg","datePublished":"2024-04-18T08:07:13+00:00","dateModified":"2024-04-18T08:07:44+00:00","breadcrumb":{"@id":"https:\/\/letrame.com\/catalogo\/producto\/la-verdadera-historia-del-anillo-atlante\/#breadcrumb"},"inLanguage":"es","potentialAction":[{"@type":"ReadAction","target":["https:\/\/letrame.com\/catalogo\/producto\/la-verdadera-historia-del-anillo-atlante\/"]}]},{"@type":"ImageObject","inLanguage":"es","@id":"https:\/\/letrame.com\/catalogo\/producto\/la-verdadera-historia-del-anillo-atlante\/#primaryimage","url":"https:\/\/letrame.com\/catalogo\/wp-content\/uploads\/2024\/04\/AnilloAtlante_7mm-compressed.jpg","contentUrl":"https:\/\/letrame.com\/catalogo\/wp-content\/uploads\/2024\/04\/AnilloAtlante_7mm-compressed.jpg","width":1772,"height":2480},{"@type":"BreadcrumbList","@id":"https:\/\/letrame.com\/catalogo\/producto\/la-verdadera-historia-del-anillo-atlante\/#breadcrumb","itemListElement":[{"@type":"ListItem","position":1,"name":"Portada","item":"https:\/\/letrame.com\/catalogo\/"},{"@type":"ListItem","position":2,"name":"Cat\u00e1logo","item":"https:\/\/letrame.com\/catalogo\/"},{"@type":"ListItem","position":3,"name":"La verdadera historia del Anillo Atlante"}]},{"@type":"WebSite","@id":"https:\/\/letrame.com\/catalogo\/#website","url":"https:\/\/letrame.com\/catalogo\/","name":"Catalogo | Letrame Grupo Editorial","description":"","publisher":{"@id":"https:\/\/letrame.com\/catalogo\/#organization"},"potentialAction":[{"@type":"SearchAction","target":{"@type":"EntryPoint","urlTemplate":"https:\/\/letrame.com\/catalogo\/?s={search_term_string}"},"query-input":{"@type":"PropertyValueSpecification","valueRequired":true,"valueName":"search_term_string"}}],"inLanguage":"es"},{"@type":"Organization","@id":"https:\/\/letrame.com\/catalogo\/#organization","name":"Catalogo | Letrame Grupo Editorial","url":"https:\/\/letrame.com\/catalogo\/","logo":{"@type":"ImageObject","inLanguage":"es","@id":"https:\/\/letrame.com\/catalogo\/#\/schema\/logo\/image\/","url":"https:\/\/letrame.com\/catalogo\/wp-content\/uploads\/2024\/03\/logo2.webp","contentUrl":"https:\/\/letrame.com\/catalogo\/wp-content\/uploads\/2024\/03\/logo2.webp","width":394,"height":128,"caption":"Catalogo | Letrame Grupo Editorial"},"image":{"@id":"https:\/\/letrame.com\/catalogo\/#\/schema\/logo\/image\/"}}]}},"_links":{"self":[{"href":"https:\/\/letrame.com\/catalogo\/wp-json\/wp\/v2\/product\/94056","targetHints":{"allow":["GET"]}}],"collection":[{"href":"https:\/\/letrame.com\/catalogo\/wp-json\/wp\/v2\/product"}],"about":[{"href":"https:\/\/letrame.com\/catalogo\/wp-json\/wp\/v2\/types\/product"}],"replies":[{"embeddable":true,"href":"https:\/\/letrame.com\/catalogo\/wp-json\/wp\/v2\/comments?post=94056"}],"acf:post":[{"embeddable":true,"href":"https:\/\/letrame.com\/catalogo\/wp-json\/wp\/v2\/author_book\/73015"}],"wp:featuredmedia":[{"embeddable":true,"href":"https:\/\/letrame.com\/catalogo\/wp-json\/wp\/v2\/media\/94057"}],"wp:attachment":[{"href":"https:\/\/letrame.com\/catalogo\/wp-json\/wp\/v2\/media?parent=94056"}],"wp:term":[{"taxonomy":"libro","embeddable":true,"href":"https:\/\/letrame.com\/catalogo\/wp-json\/wp\/v2\/libro?post=94056"},{"taxonomy":"product_brand","embeddable":true,"href":"https:\/\/letrame.com\/catalogo\/wp-json\/wp\/v2\/product_brand?post=94056"},{"taxonomy":"product_cat","embeddable":true,"href":"https:\/\/letrame.com\/catalogo\/wp-json\/wp\/v2\/product_cat?post=94056"},{"taxonomy":"product_tag","embeddable":true,"href":"https:\/\/letrame.com\/catalogo\/wp-json\/wp\/v2\/product_tag?post=94056"}],"curies":[{"name":"wp","href":"https:\/\/api.w.org\/{rel}","templated":true}]}}