{"id":94021,"date":"2024-04-18T10:04:43","date_gmt":"2024-04-18T08:04:43","guid":{"rendered":"https:\/\/letrame.com\/catalogo\/producto\/a-toxa-la-leyenda\/"},"modified":"2024-04-18T10:04:43","modified_gmt":"2024-04-18T08:04:43","slug":"a-toxa-la-leyenda","status":"publish","type":"product","link":"https:\/\/letrame.com\/catalogo\/producto\/a-toxa-la-leyenda\/","title":{"rendered":"A toxa la leyenda"},"content":{"rendered":"<p><strong>ISBN<\/strong>: 978-84-17542-45-0<br \/>\n<strong>T\u00edtulo<\/strong>: A toxa la leyenda<br \/>\n<strong>Fecha<\/strong>: 2018<br \/>\n<strong>P\u00e1ginas<\/strong>: 516<\/p>\n<p>&nbsp;<\/p>\n<p><strong>SINOPSIS<\/strong><\/p>\n<section>\n<div class=\"about-this-book\">\n<div class=\"container\">\n<div class=\"right-detail shop-detail1 pull-right col-md-8 col-sm-8 col-xs-12\">\n<div id=\"editionnal-reviews\" class=\"book-desc-detail\"><span class=\"detail-desc box-detail-desc\">La leyenda de las aguas termales de A Toxa se reduce a muy pocas palabras; dice que las ha descubierto un burro que, muy enfermo; el due\u00f1o lo dej\u00f3 all\u00ed para que se muriese y \u00e9l descubri\u00f3 las aguas medicinales y se cur\u00f3. Esta obra va mucho m\u00e1s all\u00e1, describe el principio de esta isla cuando todav\u00eda no ten\u00eda nombre y como va evolucionando hasta ser uno de los lugares termales y hermosos m\u00e1s importantes de Espa\u00f1a. O Grove, este pueblo tur\u00edstico que ahora es (O Para\u00edso do Marisco) era entonces un peque\u00f1o pueblito pescador con dos barrios. No hab\u00eda puente de La Toja ni era una pen\u00ednsula como ahora; era una isla hasta pasado el siglo XVI, habla de la nobleza de la zona del Saln\u00e9s, donde Cambados era ya la villa m\u00e1s importante. Los Pazos y casonas de Cambados se conservan hoy tal cual estaban. La \u00fanica diferencia son las ru\u00ednas de Santa Mari\u00f1a; entonces Iglesia parroquial y hoy atractivo tur\u00edstico que se mantiene en pie con sus paredes y sus arcos descarnados; y la Torre de San Saturnino, levantada en el mar, de la que solo queda una esquina, que los inviernos de mar embravecido a\u00fan no fueron capaces de derribar. Tambi\u00e9n se conserva el Pazo de Fefi\u00f1\u00e1ns, con su impresionante plaza y la Iglesia de San Benito, pero conserva solo un arco; los dem\u00e1s se sacaron. Se describe lo que era la Pontevedra de aquella incierta \u00e9poca. Se habla del Santiago ya receptor de Peregrinos, del poder y la burocracia del Clero en aquellos tiempos. De Padr\u00f3n, su Pedr\u00f3n y Santiagui\u00f1o do Monte. De Caldas de Reyes, que ca\u00eda en el camino de Santiago y tiene tambi\u00e9n aguas termales. Del Monasterio que le d\u00e1 nombre a \u00fan pueblo, O Mosteiro, en la parroquia de San Vicente de Nogueira, ayuntamiento de Meis. ( En gallego, Monasterio es Mosteiro) y este era de los Benedictinos, del que se conserva la Iglesia; lo dem\u00e1s puede apreciarse perfectamente que fue vendido para viviendas privadas, que all\u00ed est\u00e1n despues de tantos a\u00f1os. Muy cerca quedaba el supuesto \u00abDucado de O Saln\u00e9s, que se extend\u00eda hasta el monte Castrove\u00bb Se termina hablando de La Toja y O Grove actual, usando alg\u00fan nombre real de alguna calle, un establecimiento, y alguna persona. Espero que disfruten tanto con su lectura, como yo disfrut\u00e9 escribi\u00e9ndolo.<\/span><\/div>\n<div id=\"clear-scroll\" class=\"clearfix\"><\/div>\n<\/div>\n<\/div>\n<\/div>\n<\/section>\n<div class=\"feature-section feature-option2\">\n<div class=\"container\">\n<div class=\"related products\">\n<div class=\"title-box\"><\/div>\n<\/div>\n<\/div>\n<\/div>\n","protected":false},"excerpt":{"rendered":"<p><strong>ISBN: 978-84-17542-45-0<\/strong><\/p>\n<p>La leyenda de las aguas termales de A Toxa se reduce a muy pocas palabras; dice que las ha descubierto un burro que, muy enfermo; el due\u00f1o lo dej\u00f3 all\u00ed para que se muriese y \u00e9l descubri\u00f3 las aguas medicinales y se cur\u00f3. Esta obra va mucho m\u00e1s all\u00e1, describe el principio de esta isla cuando todav\u00eda no ten\u00eda nombre y como va evolucionando hasta ser uno de los lugares termales y hermosos m\u00e1s importantes de Espa\u00f1a.<\/p>\n","protected":false},"featured_media":94022,"comment_status":"closed","ping_status":"open","template":"","meta":{"_acf_changed":false},"libro":[],"product_brand":[],"product_cat":[16],"product_tag":[],"class_list":{"0":"post-94021","1":"product","2":"type-product","3":"status-publish","4":"has-post-thumbnail","6":"product_cat-novela","8":"first","9":"instock","10":"purchasable","11":"product-type-simple"},"acf":{"autor":[72987],"enlace_de_compra":"https:\/\/www.agapea.com\/libros\/A-TOXA-LA-LEYENDA-Ebook--EB9788417608576-i.htm"},"yoast_head":"<!-- This site is optimized with the Yoast SEO plugin v27.4 - https:\/\/yoast.com\/product\/yoast-seo-wordpress\/ -->\n<title>A toxa la leyenda - Catalogo | Letrame Grupo Editorial<\/title>\n<meta name=\"robots\" content=\"index, follow, max-snippet:-1, max-image-preview:large, max-video-preview:-1\" \/>\n<link rel=\"canonical\" href=\"https:\/\/letrame.com\/catalogo\/producto\/a-toxa-la-leyenda\/\" \/>\n<meta property=\"og:locale\" content=\"es_ES\" \/>\n<meta property=\"og:type\" content=\"article\" \/>\n<meta property=\"og:title\" content=\"A toxa la leyenda - Catalogo | Letrame Grupo Editorial\" \/>\n<meta property=\"og:description\" content=\"ISBN: 978-84-17542-45-0 La leyenda de las aguas termales de A Toxa se reduce a muy pocas palabras; dice que las ha descubierto un burro que, muy enfermo; el due\u00f1o lo dej\u00f3 all\u00ed para que se muriese y \u00e9l descubri\u00f3 las aguas medicinales y se cur\u00f3. Esta obra va mucho m\u00e1s all\u00e1, describe el principio de esta isla cuando todav\u00eda no ten\u00eda nombre y como va evolucionando hasta ser uno de los lugares termales y hermosos m\u00e1s importantes de Espa\u00f1a.\" \/>\n<meta property=\"og:url\" content=\"https:\/\/letrame.com\/catalogo\/producto\/a-toxa-la-leyenda\/\" \/>\n<meta property=\"og:site_name\" content=\"Catalogo | Letrame Grupo Editorial\" \/>\n<meta property=\"og:image\" content=\"https:\/\/letrame.com\/catalogo\/wp-content\/uploads\/2024\/04\/Atoxa_24mmporta-compressed.jpg\" \/>\n\t<meta property=\"og:image:width\" content=\"1772\" \/>\n\t<meta property=\"og:image:height\" content=\"2480\" \/>\n\t<meta property=\"og:image:type\" content=\"image\/jpeg\" \/>\n<meta name=\"twitter:card\" content=\"summary_large_image\" \/>\n<meta name=\"twitter:label1\" content=\"Tiempo de lectura\" \/>\n\t<meta name=\"twitter:data1\" content=\"2 minutos\" \/>\n<script type=\"application\/ld+json\" class=\"yoast-schema-graph\">{\"@context\":\"https:\\\/\\\/schema.org\",\"@graph\":[{\"@type\":\"WebPage\",\"@id\":\"https:\\\/\\\/letrame.com\\\/catalogo\\\/producto\\\/a-toxa-la-leyenda\\\/\",\"url\":\"https:\\\/\\\/letrame.com\\\/catalogo\\\/producto\\\/a-toxa-la-leyenda\\\/\",\"name\":\"A toxa la leyenda - Catalogo | Letrame Grupo Editorial\",\"isPartOf\":{\"@id\":\"https:\\\/\\\/letrame.com\\\/catalogo\\\/#website\"},\"primaryImageOfPage\":{\"@id\":\"https:\\\/\\\/letrame.com\\\/catalogo\\\/producto\\\/a-toxa-la-leyenda\\\/#primaryimage\"},\"image\":{\"@id\":\"https:\\\/\\\/letrame.com\\\/catalogo\\\/producto\\\/a-toxa-la-leyenda\\\/#primaryimage\"},\"thumbnailUrl\":\"https:\\\/\\\/letrame.com\\\/catalogo\\\/wp-content\\\/uploads\\\/2024\\\/04\\\/Atoxa_24mmporta-compressed.jpg\",\"datePublished\":\"2024-04-18T08:04:43+00:00\",\"breadcrumb\":{\"@id\":\"https:\\\/\\\/letrame.com\\\/catalogo\\\/producto\\\/a-toxa-la-leyenda\\\/#breadcrumb\"},\"inLanguage\":\"es\",\"potentialAction\":[{\"@type\":\"ReadAction\",\"target\":[\"https:\\\/\\\/letrame.com\\\/catalogo\\\/producto\\\/a-toxa-la-leyenda\\\/\"]}]},{\"@type\":\"ImageObject\",\"inLanguage\":\"es\",\"@id\":\"https:\\\/\\\/letrame.com\\\/catalogo\\\/producto\\\/a-toxa-la-leyenda\\\/#primaryimage\",\"url\":\"https:\\\/\\\/letrame.com\\\/catalogo\\\/wp-content\\\/uploads\\\/2024\\\/04\\\/Atoxa_24mmporta-compressed.jpg\",\"contentUrl\":\"https:\\\/\\\/letrame.com\\\/catalogo\\\/wp-content\\\/uploads\\\/2024\\\/04\\\/Atoxa_24mmporta-compressed.jpg\",\"width\":1772,\"height\":2480},{\"@type\":\"BreadcrumbList\",\"@id\":\"https:\\\/\\\/letrame.com\\\/catalogo\\\/producto\\\/a-toxa-la-leyenda\\\/#breadcrumb\",\"itemListElement\":[{\"@type\":\"ListItem\",\"position\":1,\"name\":\"Portada\",\"item\":\"https:\\\/\\\/letrame.com\\\/catalogo\\\/\"},{\"@type\":\"ListItem\",\"position\":2,\"name\":\"Cat\u00e1logo\",\"item\":\"https:\\\/\\\/letrame.com\\\/catalogo\\\/\"},{\"@type\":\"ListItem\",\"position\":3,\"name\":\"A toxa la leyenda\"}]},{\"@type\":\"WebSite\",\"@id\":\"https:\\\/\\\/letrame.com\\\/catalogo\\\/#website\",\"url\":\"https:\\\/\\\/letrame.com\\\/catalogo\\\/\",\"name\":\"Catalogo | Letrame Grupo Editorial\",\"description\":\"\",\"publisher\":{\"@id\":\"https:\\\/\\\/letrame.com\\\/catalogo\\\/#organization\"},\"potentialAction\":[{\"@type\":\"SearchAction\",\"target\":{\"@type\":\"EntryPoint\",\"urlTemplate\":\"https:\\\/\\\/letrame.com\\\/catalogo\\\/?s={search_term_string}\"},\"query-input\":{\"@type\":\"PropertyValueSpecification\",\"valueRequired\":true,\"valueName\":\"search_term_string\"}}],\"inLanguage\":\"es\"},{\"@type\":\"Organization\",\"@id\":\"https:\\\/\\\/letrame.com\\\/catalogo\\\/#organization\",\"name\":\"Catalogo | Letrame Grupo Editorial\",\"url\":\"https:\\\/\\\/letrame.com\\\/catalogo\\\/\",\"logo\":{\"@type\":\"ImageObject\",\"inLanguage\":\"es\",\"@id\":\"https:\\\/\\\/letrame.com\\\/catalogo\\\/#\\\/schema\\\/logo\\\/image\\\/\",\"url\":\"https:\\\/\\\/letrame.com\\\/catalogo\\\/wp-content\\\/uploads\\\/2024\\\/03\\\/logo2.webp\",\"contentUrl\":\"https:\\\/\\\/letrame.com\\\/catalogo\\\/wp-content\\\/uploads\\\/2024\\\/03\\\/logo2.webp\",\"width\":394,\"height\":128,\"caption\":\"Catalogo | Letrame Grupo Editorial\"},\"image\":{\"@id\":\"https:\\\/\\\/letrame.com\\\/catalogo\\\/#\\\/schema\\\/logo\\\/image\\\/\"}}]}<\/script>\n<!-- \/ Yoast SEO plugin. -->","yoast_head_json":{"title":"A toxa la leyenda - Catalogo | Letrame Grupo Editorial","robots":{"index":"index","follow":"follow","max-snippet":"max-snippet:-1","max-image-preview":"max-image-preview:large","max-video-preview":"max-video-preview:-1"},"canonical":"https:\/\/letrame.com\/catalogo\/producto\/a-toxa-la-leyenda\/","og_locale":"es_ES","og_type":"article","og_title":"A toxa la leyenda - Catalogo | Letrame Grupo Editorial","og_description":"ISBN: 978-84-17542-45-0 La leyenda de las aguas termales de A Toxa se reduce a muy pocas palabras; dice que las ha descubierto un burro que, muy enfermo; el due\u00f1o lo dej\u00f3 all\u00ed para que se muriese y \u00e9l descubri\u00f3 las aguas medicinales y se cur\u00f3. Esta obra va mucho m\u00e1s all\u00e1, describe el principio de esta isla cuando todav\u00eda no ten\u00eda nombre y como va evolucionando hasta ser uno de los lugares termales y hermosos m\u00e1s importantes de Espa\u00f1a.","og_url":"https:\/\/letrame.com\/catalogo\/producto\/a-toxa-la-leyenda\/","og_site_name":"Catalogo | Letrame Grupo Editorial","og_image":[{"width":1772,"height":2480,"url":"https:\/\/letrame.com\/catalogo\/wp-content\/uploads\/2024\/04\/Atoxa_24mmporta-compressed.jpg","type":"image\/jpeg"}],"twitter_card":"summary_large_image","twitter_misc":{"Tiempo de lectura":"2 minutos"},"schema":{"@context":"https:\/\/schema.org","@graph":[{"@type":"WebPage","@id":"https:\/\/letrame.com\/catalogo\/producto\/a-toxa-la-leyenda\/","url":"https:\/\/letrame.com\/catalogo\/producto\/a-toxa-la-leyenda\/","name":"A toxa la leyenda - Catalogo | Letrame Grupo Editorial","isPartOf":{"@id":"https:\/\/letrame.com\/catalogo\/#website"},"primaryImageOfPage":{"@id":"https:\/\/letrame.com\/catalogo\/producto\/a-toxa-la-leyenda\/#primaryimage"},"image":{"@id":"https:\/\/letrame.com\/catalogo\/producto\/a-toxa-la-leyenda\/#primaryimage"},"thumbnailUrl":"https:\/\/letrame.com\/catalogo\/wp-content\/uploads\/2024\/04\/Atoxa_24mmporta-compressed.jpg","datePublished":"2024-04-18T08:04:43+00:00","breadcrumb":{"@id":"https:\/\/letrame.com\/catalogo\/producto\/a-toxa-la-leyenda\/#breadcrumb"},"inLanguage":"es","potentialAction":[{"@type":"ReadAction","target":["https:\/\/letrame.com\/catalogo\/producto\/a-toxa-la-leyenda\/"]}]},{"@type":"ImageObject","inLanguage":"es","@id":"https:\/\/letrame.com\/catalogo\/producto\/a-toxa-la-leyenda\/#primaryimage","url":"https:\/\/letrame.com\/catalogo\/wp-content\/uploads\/2024\/04\/Atoxa_24mmporta-compressed.jpg","contentUrl":"https:\/\/letrame.com\/catalogo\/wp-content\/uploads\/2024\/04\/Atoxa_24mmporta-compressed.jpg","width":1772,"height":2480},{"@type":"BreadcrumbList","@id":"https:\/\/letrame.com\/catalogo\/producto\/a-toxa-la-leyenda\/#breadcrumb","itemListElement":[{"@type":"ListItem","position":1,"name":"Portada","item":"https:\/\/letrame.com\/catalogo\/"},{"@type":"ListItem","position":2,"name":"Cat\u00e1logo","item":"https:\/\/letrame.com\/catalogo\/"},{"@type":"ListItem","position":3,"name":"A toxa la leyenda"}]},{"@type":"WebSite","@id":"https:\/\/letrame.com\/catalogo\/#website","url":"https:\/\/letrame.com\/catalogo\/","name":"Catalogo | Letrame Grupo Editorial","description":"","publisher":{"@id":"https:\/\/letrame.com\/catalogo\/#organization"},"potentialAction":[{"@type":"SearchAction","target":{"@type":"EntryPoint","urlTemplate":"https:\/\/letrame.com\/catalogo\/?s={search_term_string}"},"query-input":{"@type":"PropertyValueSpecification","valueRequired":true,"valueName":"search_term_string"}}],"inLanguage":"es"},{"@type":"Organization","@id":"https:\/\/letrame.com\/catalogo\/#organization","name":"Catalogo | Letrame Grupo Editorial","url":"https:\/\/letrame.com\/catalogo\/","logo":{"@type":"ImageObject","inLanguage":"es","@id":"https:\/\/letrame.com\/catalogo\/#\/schema\/logo\/image\/","url":"https:\/\/letrame.com\/catalogo\/wp-content\/uploads\/2024\/03\/logo2.webp","contentUrl":"https:\/\/letrame.com\/catalogo\/wp-content\/uploads\/2024\/03\/logo2.webp","width":394,"height":128,"caption":"Catalogo | Letrame Grupo Editorial"},"image":{"@id":"https:\/\/letrame.com\/catalogo\/#\/schema\/logo\/image\/"}}]}},"_links":{"self":[{"href":"https:\/\/letrame.com\/catalogo\/wp-json\/wp\/v2\/product\/94021","targetHints":{"allow":["GET"]}}],"collection":[{"href":"https:\/\/letrame.com\/catalogo\/wp-json\/wp\/v2\/product"}],"about":[{"href":"https:\/\/letrame.com\/catalogo\/wp-json\/wp\/v2\/types\/product"}],"replies":[{"embeddable":true,"href":"https:\/\/letrame.com\/catalogo\/wp-json\/wp\/v2\/comments?post=94021"}],"acf:post":[{"embeddable":true,"href":"https:\/\/letrame.com\/catalogo\/wp-json\/wp\/v2\/author_book\/72987"}],"wp:featuredmedia":[{"embeddable":true,"href":"https:\/\/letrame.com\/catalogo\/wp-json\/wp\/v2\/media\/94022"}],"wp:attachment":[{"href":"https:\/\/letrame.com\/catalogo\/wp-json\/wp\/v2\/media?parent=94021"}],"wp:term":[{"taxonomy":"libro","embeddable":true,"href":"https:\/\/letrame.com\/catalogo\/wp-json\/wp\/v2\/libro?post=94021"},{"taxonomy":"product_brand","embeddable":true,"href":"https:\/\/letrame.com\/catalogo\/wp-json\/wp\/v2\/product_brand?post=94021"},{"taxonomy":"product_cat","embeddable":true,"href":"https:\/\/letrame.com\/catalogo\/wp-json\/wp\/v2\/product_cat?post=94021"},{"taxonomy":"product_tag","embeddable":true,"href":"https:\/\/letrame.com\/catalogo\/wp-json\/wp\/v2\/product_tag?post=94021"}],"curies":[{"name":"wp","href":"https:\/\/api.w.org\/{rel}","templated":true}]}}