{"id":94016,"date":"2024-04-18T10:03:53","date_gmt":"2024-04-18T08:03:53","guid":{"rendered":"https:\/\/letrame.com\/catalogo\/producto\/lo-cu-ra-mistica\/"},"modified":"2024-04-18T10:04:17","modified_gmt":"2024-04-18T08:04:17","slug":"lo-cu-ra-mistica","status":"publish","type":"product","link":"https:\/\/letrame.com\/catalogo\/producto\/lo-cu-ra-mistica\/","title":{"rendered":"LO CU RA M\u00edstica"},"content":{"rendered":"<p><strong>ISBN<\/strong>: &nbsp;<span class=\"sku\">978-84-17499-17-4<\/span><br \/>\n<strong>T\u00edtulo<\/strong>: LO CU RA M\u00edstica<br \/>\n<strong>Fecha<\/strong>: 2018<br \/>\n<strong>P\u00e1ginas<\/strong>: 408<\/p>\n<p>&nbsp;<\/p>\n<p><strong>SINOPSIS<\/strong><\/p>\n<section>\n<div class=\"about-this-book\">\n<div class=\"container\">\n<div class=\"right-detail shop-detail1 pull-right col-md-8 col-sm-8 col-xs-12\">\n<h3>Segunda parte de &#8216;Met\u00e1foras de una vida&#8217;.<\/h3>\n<div id=\"editionnal-reviews\" class=\"book-desc-detail\"><span class=\"detail-desc box-detail-desc\">A modo de relatos, Malek cuenta sus diferentes experiencias espirituales marcadas por el retorno de Saturno. \u00c9l te llevar\u00e1 a un fant\u00e1stico viaje entre: Madrid, Casablanca, Dub\u00e1i, Dubl\u00edn, Londres, el mundo espiritual y del Tarot. En la primera parte de \u00e9ste libro \u201cMet\u00e1foras de una Vida\u201d. El autor nos cautiva con sus maravillosas an\u00e9cdotas llenas de magia en cada una de sus historias en verso y en prosa; nos habla de su vida y junto a \u00e9l viviremos emocionantes historias donde aprenderemos valiosas lecciones en relatos como: la ley del espejo, el tiempo, el amor, di\u00e1logos entre yoes etc. Tambi\u00e9n nos muestra la belleza y el amor a trav\u00e9s de poes\u00edas dedicadas al universo, a una desconocida y a la madre Tierra. En la Segunda parte \u201cPilares de una vida\u201d, el autor nos conecta con los veintid\u00f3s Arcanos Mayores del Tarot y cada uno de ellos, como si fueran alguien muy cercano a nosotros, nos conf\u00eda su historia personal, su modo de ver la vida y su filosof\u00eda, acerc\u00e1ndonos m\u00e1s a su mundo e invit\u00e1ndonos continuamente a reflexionar en cada aspecto de la vida, con el fin de que seamos seres m\u00e1s conscientes y plenos. Tambi\u00e9n a trav\u00e9s de ellos podemos conocer sin complejidades las diversas herramientas espirituales como: numerolog\u00eda, Ley de atracci\u00f3n, cromoterapia, cristaloterapia, Registros Akasicos, Reiki, c\u00e1bala, la astrolog\u00eda, hoponopono, transgeneracional, Angeolog\u00eda, Tantra, leyes herm\u00e9ticas, karma, etc. Esta maravillosa obra est\u00e1 llena de vida, porque cada texto va dirigido a nuestro coraz\u00f3n, conect\u00e1ndonos con nuestras emociones y poniendo a flor de piel nuestros sentimientos porque logra tocar nuestra alma y removernos de manera profunda, permiti\u00e9ndonos manifestar el amor, la felicidad, la risa a trav\u00e9s de situaciones graciosas, o fruncir el ce\u00f1o con las reflexiones, o quiz\u00e1s derramemos alguna l\u00e1grima. La idea es que podamos subir nuestra vibraci\u00f3n, retornar a nuestro centro y reconocer nuestra propia divinidad.<\/span><\/div>\n<div id=\"clear-scroll\" class=\"clearfix\"><\/div>\n<\/div>\n<\/div>\n<\/div>\n<\/section>\n<div class=\"feature-section feature-option2\">\n<div class=\"container\">\n<div class=\"related products\">\n<div class=\"title-box\"><\/div>\n<\/div>\n<\/div>\n<\/div>\n","protected":false},"excerpt":{"rendered":"<p><strong>ISBN: \u00a0<span class=\"sku\">978-84-17499-17-4<\/span><\/strong><\/p>\n<p>A modo de relatos, Malek cuenta sus diferentes experiencias espirituales marcadas por el retorno de Saturno. \u00c9l te llevar\u00e1 a un fant\u00e1stico viaje entre: Madrid, Casablanca, Dub\u00e1i, Dubl\u00edn, Londres, el mundo espiritual y del Tarot. En la primera parte de \u00e9ste libro \u201cMet\u00e1foras de Una Vida\u201d.<\/p>\n","protected":false},"featured_media":94017,"comment_status":"closed","ping_status":"open","template":"","meta":{"_acf_changed":false},"libro":[],"product_brand":[],"product_cat":[18],"product_tag":[],"class_list":{"0":"post-94016","1":"product","2":"type-product","3":"status-publish","4":"has-post-thumbnail","6":"product_cat-autoayuda","8":"first","9":"instock","10":"purchasable","11":"product-type-simple"},"acf":{"autor":[72982],"enlace_de_compra":""},"yoast_head":"<!-- This site is optimized with the Yoast SEO plugin v26.6 - https:\/\/yoast.com\/wordpress\/plugins\/seo\/ -->\n<title>LO CU RA M\u00edstica - Catalogo | Letrame Grupo Editorial<\/title>\n<meta name=\"robots\" content=\"index, follow, max-snippet:-1, max-image-preview:large, max-video-preview:-1\" \/>\n<link rel=\"canonical\" href=\"https:\/\/letrame.com\/catalogo\/producto\/lo-cu-ra-mistica\/\" \/>\n<meta property=\"og:locale\" content=\"es_ES\" \/>\n<meta property=\"og:type\" content=\"article\" \/>\n<meta property=\"og:title\" content=\"LO CU RA M\u00edstica - Catalogo | Letrame Grupo Editorial\" \/>\n<meta property=\"og:description\" content=\"ISBN: \u00a0978-84-17499-17-4 A modo de relatos, Malek cuenta sus diferentes experiencias espirituales marcadas por el retorno de Saturno. \u00c9l te llevar\u00e1 a un fant\u00e1stico viaje entre: Madrid, Casablanca, Dub\u00e1i, Dubl\u00edn, Londres, el mundo espiritual y del Tarot. En la primera parte de \u00e9ste libro \u201cMet\u00e1foras de Una Vida\u201d.\" \/>\n<meta property=\"og:url\" content=\"https:\/\/letrame.com\/catalogo\/producto\/lo-cu-ra-mistica\/\" \/>\n<meta property=\"og:site_name\" content=\"Catalogo | Letrame Grupo Editorial\" \/>\n<meta property=\"article:modified_time\" content=\"2024-04-18T08:04:17+00:00\" \/>\n<meta property=\"og:image\" content=\"https:\/\/letrame.com\/catalogo\/wp-content\/uploads\/2024\/04\/LOCURA_19mm_v4porta-compressed-scaled-1.jpg\" \/>\n\t<meta property=\"og:image:width\" content=\"1892\" \/>\n\t<meta property=\"og:image:height\" content=\"2560\" \/>\n\t<meta property=\"og:image:type\" content=\"image\/jpeg\" \/>\n<meta name=\"twitter:card\" content=\"summary_large_image\" \/>\n<meta name=\"twitter:label1\" content=\"Tiempo de lectura\" \/>\n\t<meta name=\"twitter:data1\" content=\"2 minutos\" \/>\n<script type=\"application\/ld+json\" class=\"yoast-schema-graph\">{\"@context\":\"https:\/\/schema.org\",\"@graph\":[{\"@type\":\"WebPage\",\"@id\":\"https:\/\/letrame.com\/catalogo\/producto\/lo-cu-ra-mistica\/\",\"url\":\"https:\/\/letrame.com\/catalogo\/producto\/lo-cu-ra-mistica\/\",\"name\":\"LO CU RA M\u00edstica - Catalogo | Letrame Grupo Editorial\",\"isPartOf\":{\"@id\":\"https:\/\/letrame.com\/catalogo\/#website\"},\"primaryImageOfPage\":{\"@id\":\"https:\/\/letrame.com\/catalogo\/producto\/lo-cu-ra-mistica\/#primaryimage\"},\"image\":{\"@id\":\"https:\/\/letrame.com\/catalogo\/producto\/lo-cu-ra-mistica\/#primaryimage\"},\"thumbnailUrl\":\"https:\/\/letrame.com\/catalogo\/wp-content\/uploads\/2024\/04\/LOCURA_19mm_v4porta-compressed-scaled-1.jpg\",\"datePublished\":\"2024-04-18T08:03:53+00:00\",\"dateModified\":\"2024-04-18T08:04:17+00:00\",\"breadcrumb\":{\"@id\":\"https:\/\/letrame.com\/catalogo\/producto\/lo-cu-ra-mistica\/#breadcrumb\"},\"inLanguage\":\"es\",\"potentialAction\":[{\"@type\":\"ReadAction\",\"target\":[\"https:\/\/letrame.com\/catalogo\/producto\/lo-cu-ra-mistica\/\"]}]},{\"@type\":\"ImageObject\",\"inLanguage\":\"es\",\"@id\":\"https:\/\/letrame.com\/catalogo\/producto\/lo-cu-ra-mistica\/#primaryimage\",\"url\":\"https:\/\/letrame.com\/catalogo\/wp-content\/uploads\/2024\/04\/LOCURA_19mm_v4porta-compressed-scaled-1.jpg\",\"contentUrl\":\"https:\/\/letrame.com\/catalogo\/wp-content\/uploads\/2024\/04\/LOCURA_19mm_v4porta-compressed-scaled-1.jpg\",\"width\":1892,\"height\":2560},{\"@type\":\"BreadcrumbList\",\"@id\":\"https:\/\/letrame.com\/catalogo\/producto\/lo-cu-ra-mistica\/#breadcrumb\",\"itemListElement\":[{\"@type\":\"ListItem\",\"position\":1,\"name\":\"Portada\",\"item\":\"https:\/\/letrame.com\/catalogo\/\"},{\"@type\":\"ListItem\",\"position\":2,\"name\":\"Cat\u00e1logo\",\"item\":\"https:\/\/letrame.com\/catalogo\/\"},{\"@type\":\"ListItem\",\"position\":3,\"name\":\"LO CU RA M\u00edstica\"}]},{\"@type\":\"WebSite\",\"@id\":\"https:\/\/letrame.com\/catalogo\/#website\",\"url\":\"https:\/\/letrame.com\/catalogo\/\",\"name\":\"Catalogo | Letrame Grupo Editorial\",\"description\":\"\",\"publisher\":{\"@id\":\"https:\/\/letrame.com\/catalogo\/#organization\"},\"potentialAction\":[{\"@type\":\"SearchAction\",\"target\":{\"@type\":\"EntryPoint\",\"urlTemplate\":\"https:\/\/letrame.com\/catalogo\/?s={search_term_string}\"},\"query-input\":{\"@type\":\"PropertyValueSpecification\",\"valueRequired\":true,\"valueName\":\"search_term_string\"}}],\"inLanguage\":\"es\"},{\"@type\":\"Organization\",\"@id\":\"https:\/\/letrame.com\/catalogo\/#organization\",\"name\":\"Catalogo | Letrame Grupo Editorial\",\"url\":\"https:\/\/letrame.com\/catalogo\/\",\"logo\":{\"@type\":\"ImageObject\",\"inLanguage\":\"es\",\"@id\":\"https:\/\/letrame.com\/catalogo\/#\/schema\/logo\/image\/\",\"url\":\"https:\/\/letrame.com\/catalogo\/wp-content\/uploads\/2024\/03\/logo2.webp\",\"contentUrl\":\"https:\/\/letrame.com\/catalogo\/wp-content\/uploads\/2024\/03\/logo2.webp\",\"width\":394,\"height\":128,\"caption\":\"Catalogo | Letrame Grupo Editorial\"},\"image\":{\"@id\":\"https:\/\/letrame.com\/catalogo\/#\/schema\/logo\/image\/\"}}]}<\/script>\n<!-- \/ Yoast SEO plugin. -->","yoast_head_json":{"title":"LO CU RA M\u00edstica - Catalogo | Letrame Grupo Editorial","robots":{"index":"index","follow":"follow","max-snippet":"max-snippet:-1","max-image-preview":"max-image-preview:large","max-video-preview":"max-video-preview:-1"},"canonical":"https:\/\/letrame.com\/catalogo\/producto\/lo-cu-ra-mistica\/","og_locale":"es_ES","og_type":"article","og_title":"LO CU RA M\u00edstica - Catalogo | Letrame Grupo Editorial","og_description":"ISBN: \u00a0978-84-17499-17-4 A modo de relatos, Malek cuenta sus diferentes experiencias espirituales marcadas por el retorno de Saturno. \u00c9l te llevar\u00e1 a un fant\u00e1stico viaje entre: Madrid, Casablanca, Dub\u00e1i, Dubl\u00edn, Londres, el mundo espiritual y del Tarot. En la primera parte de \u00e9ste libro \u201cMet\u00e1foras de Una Vida\u201d.","og_url":"https:\/\/letrame.com\/catalogo\/producto\/lo-cu-ra-mistica\/","og_site_name":"Catalogo | Letrame Grupo Editorial","article_modified_time":"2024-04-18T08:04:17+00:00","og_image":[{"width":1892,"height":2560,"url":"https:\/\/letrame.com\/catalogo\/wp-content\/uploads\/2024\/04\/LOCURA_19mm_v4porta-compressed-scaled-1.jpg","type":"image\/jpeg"}],"twitter_card":"summary_large_image","twitter_misc":{"Tiempo de lectura":"2 minutos"},"schema":{"@context":"https:\/\/schema.org","@graph":[{"@type":"WebPage","@id":"https:\/\/letrame.com\/catalogo\/producto\/lo-cu-ra-mistica\/","url":"https:\/\/letrame.com\/catalogo\/producto\/lo-cu-ra-mistica\/","name":"LO CU RA M\u00edstica - Catalogo | Letrame Grupo Editorial","isPartOf":{"@id":"https:\/\/letrame.com\/catalogo\/#website"},"primaryImageOfPage":{"@id":"https:\/\/letrame.com\/catalogo\/producto\/lo-cu-ra-mistica\/#primaryimage"},"image":{"@id":"https:\/\/letrame.com\/catalogo\/producto\/lo-cu-ra-mistica\/#primaryimage"},"thumbnailUrl":"https:\/\/letrame.com\/catalogo\/wp-content\/uploads\/2024\/04\/LOCURA_19mm_v4porta-compressed-scaled-1.jpg","datePublished":"2024-04-18T08:03:53+00:00","dateModified":"2024-04-18T08:04:17+00:00","breadcrumb":{"@id":"https:\/\/letrame.com\/catalogo\/producto\/lo-cu-ra-mistica\/#breadcrumb"},"inLanguage":"es","potentialAction":[{"@type":"ReadAction","target":["https:\/\/letrame.com\/catalogo\/producto\/lo-cu-ra-mistica\/"]}]},{"@type":"ImageObject","inLanguage":"es","@id":"https:\/\/letrame.com\/catalogo\/producto\/lo-cu-ra-mistica\/#primaryimage","url":"https:\/\/letrame.com\/catalogo\/wp-content\/uploads\/2024\/04\/LOCURA_19mm_v4porta-compressed-scaled-1.jpg","contentUrl":"https:\/\/letrame.com\/catalogo\/wp-content\/uploads\/2024\/04\/LOCURA_19mm_v4porta-compressed-scaled-1.jpg","width":1892,"height":2560},{"@type":"BreadcrumbList","@id":"https:\/\/letrame.com\/catalogo\/producto\/lo-cu-ra-mistica\/#breadcrumb","itemListElement":[{"@type":"ListItem","position":1,"name":"Portada","item":"https:\/\/letrame.com\/catalogo\/"},{"@type":"ListItem","position":2,"name":"Cat\u00e1logo","item":"https:\/\/letrame.com\/catalogo\/"},{"@type":"ListItem","position":3,"name":"LO CU RA M\u00edstica"}]},{"@type":"WebSite","@id":"https:\/\/letrame.com\/catalogo\/#website","url":"https:\/\/letrame.com\/catalogo\/","name":"Catalogo | Letrame Grupo Editorial","description":"","publisher":{"@id":"https:\/\/letrame.com\/catalogo\/#organization"},"potentialAction":[{"@type":"SearchAction","target":{"@type":"EntryPoint","urlTemplate":"https:\/\/letrame.com\/catalogo\/?s={search_term_string}"},"query-input":{"@type":"PropertyValueSpecification","valueRequired":true,"valueName":"search_term_string"}}],"inLanguage":"es"},{"@type":"Organization","@id":"https:\/\/letrame.com\/catalogo\/#organization","name":"Catalogo | Letrame Grupo Editorial","url":"https:\/\/letrame.com\/catalogo\/","logo":{"@type":"ImageObject","inLanguage":"es","@id":"https:\/\/letrame.com\/catalogo\/#\/schema\/logo\/image\/","url":"https:\/\/letrame.com\/catalogo\/wp-content\/uploads\/2024\/03\/logo2.webp","contentUrl":"https:\/\/letrame.com\/catalogo\/wp-content\/uploads\/2024\/03\/logo2.webp","width":394,"height":128,"caption":"Catalogo | Letrame Grupo Editorial"},"image":{"@id":"https:\/\/letrame.com\/catalogo\/#\/schema\/logo\/image\/"}}]}},"_links":{"self":[{"href":"https:\/\/letrame.com\/catalogo\/wp-json\/wp\/v2\/product\/94016","targetHints":{"allow":["GET"]}}],"collection":[{"href":"https:\/\/letrame.com\/catalogo\/wp-json\/wp\/v2\/product"}],"about":[{"href":"https:\/\/letrame.com\/catalogo\/wp-json\/wp\/v2\/types\/product"}],"replies":[{"embeddable":true,"href":"https:\/\/letrame.com\/catalogo\/wp-json\/wp\/v2\/comments?post=94016"}],"acf:post":[{"embeddable":true,"href":"https:\/\/letrame.com\/catalogo\/wp-json\/wp\/v2\/author_book\/72982"}],"wp:featuredmedia":[{"embeddable":true,"href":"https:\/\/letrame.com\/catalogo\/wp-json\/wp\/v2\/media\/94017"}],"wp:attachment":[{"href":"https:\/\/letrame.com\/catalogo\/wp-json\/wp\/v2\/media?parent=94016"}],"wp:term":[{"taxonomy":"libro","embeddable":true,"href":"https:\/\/letrame.com\/catalogo\/wp-json\/wp\/v2\/libro?post=94016"},{"taxonomy":"product_brand","embeddable":true,"href":"https:\/\/letrame.com\/catalogo\/wp-json\/wp\/v2\/product_brand?post=94016"},{"taxonomy":"product_cat","embeddable":true,"href":"https:\/\/letrame.com\/catalogo\/wp-json\/wp\/v2\/product_cat?post=94016"},{"taxonomy":"product_tag","embeddable":true,"href":"https:\/\/letrame.com\/catalogo\/wp-json\/wp\/v2\/product_tag?post=94016"}],"curies":[{"name":"wp","href":"https:\/\/api.w.org\/{rel}","templated":true}]}}