{"id":93934,"date":"2024-04-18T09:55:44","date_gmt":"2024-04-18T07:55:44","guid":{"rendered":"https:\/\/letrame.com\/catalogo\/producto\/vueltas-de-planeta\/"},"modified":"2024-04-18T09:56:23","modified_gmt":"2024-04-18T07:56:23","slug":"vueltas-de-planeta","status":"publish","type":"product","link":"https:\/\/letrame.com\/catalogo\/producto\/vueltas-de-planeta\/","title":{"rendered":"Vueltas de planeta"},"content":{"rendered":"<p><strong>ISBN<\/strong>: 978-84-17499-15-0<br \/>\n<strong>T\u00edtulo<\/strong>: Vueltas de planeta<br \/>\n<strong>Fecha<\/strong>: 2018<br \/>\n<strong>P\u00e1ginas<\/strong>: 170<\/p>\n<p>&nbsp;<\/p>\n<p><strong>SINOPSIS<\/strong><\/p>\n<section>\n<div class=\"about-this-book\">\n<div class=\"container\">\n<div class=\"right-detail shop-detail1 pull-right col-md-8 col-sm-8 col-xs-12\">\n<div id=\"editionnal-reviews\" class=\"book-desc-detail\"><span class=\"detail-desc box-detail-desc\">\u201cVueltas de Planeta\u201d es la biograf\u00eda versada de una existencia, de todas las existencias. A lo largo de 50 poemas ordenados cronol\u00f3gicamente el autor recorre las v\u00edas de la existencia: las que como despejados e inexplorados senderos se vislumbran al venir al mundo, aquellas que se abren como pizpiretas sendas en la floreciente adolescencia, las que se adivinan cuan tortuosos escalones al andar libre de la juventud, los ya marcados ra\u00edles por los que transitamos en la madurez, y aquellos desconocidos caminos que ahora est\u00e1n en construcci\u00f3n y que afrontaremos cuando acaben las obras, cuando la senectud nos alcance.<\/span><\/div>\n<div id=\"clear-scroll\" class=\"clearfix\"><\/div>\n<\/div>\n<\/div>\n<\/div>\n<\/section>\n<div class=\"feature-section feature-option2\">\n<div class=\"container\">\n<div class=\"related products\">\n<div class=\"title-box\"><\/div>\n<\/div>\n<\/div>\n<\/div>\n<p><iframe title=\"Vueltas de planeta\" data-src=\"https:\/\/player.vimeo.com\/video\/270160585?dnt=1&amp;app_id=122963\" width=\"800\" height=\"450\" frameborder=\"0\" allow=\"autoplay; fullscreen; picture-in-picture; clipboard-write\" src=\"data:image\/svg+xml;base64,PHN2ZyB3aWR0aD0iMSIgaGVpZ2h0PSIxIiB4bWxucz0iaHR0cDovL3d3dy53My5vcmcvMjAwMC9zdmciPjwvc3ZnPg==\" class=\"lazyload\" data-load-mode=\"1\"><\/iframe><\/p>\n","protected":false},"excerpt":{"rendered":"<p><span style=\"font-weight: 400;\"><strong>ISBN: 978-84-17499-15-0<\/strong><\/span><\/p>\n<p><span style=\"font-weight: 400;\">\u201cVueltas de Planeta\u201d es la biograf\u00eda versada de una existencia, de todas las existencias.<\/span><\/p>\n<p><span style=\"font-weight: 400;\">A lo largo de 50 poemas ordenados cronol\u00f3gicamente el autor recorre las v\u00edas de la existencia: las que como despejados e inexplorados senderos se vislumbran al venir al mundo, aquellas que se abren como pizpiretas sendas en la floreciente adolescencia, las que se adivinan cuan tortuosos \u00a0escalones al andar libre de la juventud, los ya marcados ra\u00edles por los que transitamos en la madurez, y aquellos desconocidos caminos que ahora est\u00e1n en construcci\u00f3n y que afrontaremos cuando acaben las obras, cuando la senectud nos alcance.<\/span><\/p>\n","protected":false},"featured_media":93935,"comment_status":"closed","ping_status":"open","template":"","meta":{"_acf_changed":false},"libro":[],"product_brand":[],"product_cat":[20],"product_tag":[],"class_list":{"0":"post-93934","1":"product","2":"type-product","3":"status-publish","4":"has-post-thumbnail","6":"product_cat-poesia","8":"first","9":"instock","10":"purchasable","11":"product-type-simple"},"acf":{"autor":[72904],"enlace_de_compra":"https:\/\/www.amazon.com\/Vueltas-planeta-Spanish-Francisco-Escobar\/dp\/8417499156\/"},"yoast_head":"<!-- This site is optimized with the Yoast SEO plugin v26.6 - https:\/\/yoast.com\/wordpress\/plugins\/seo\/ -->\n<title>Vueltas de planeta - Catalogo | Letrame Grupo Editorial<\/title>\n<meta name=\"robots\" content=\"index, follow, max-snippet:-1, max-image-preview:large, max-video-preview:-1\" \/>\n<link rel=\"canonical\" href=\"https:\/\/letrame.com\/catalogo\/producto\/vueltas-de-planeta\/\" \/>\n<meta property=\"og:locale\" content=\"es_ES\" \/>\n<meta property=\"og:type\" content=\"article\" \/>\n<meta property=\"og:title\" content=\"Vueltas de planeta - Catalogo | Letrame Grupo Editorial\" \/>\n<meta property=\"og:description\" content=\"ISBN: 978-84-17499-15-0 \u201cVueltas de Planeta\u201d es la biograf\u00eda versada de una existencia, de todas las existencias. A lo largo de 50 poemas ordenados cronol\u00f3gicamente el autor recorre las v\u00edas de la existencia: las que como despejados e inexplorados senderos se vislumbran al venir al mundo, aquellas que se abren como pizpiretas sendas en la floreciente adolescencia, las que se adivinan cuan tortuosos \u00a0escalones al andar libre de la juventud, los ya marcados ra\u00edles por los que transitamos en la madurez, y aquellos desconocidos caminos que ahora est\u00e1n en construcci\u00f3n y que afrontaremos cuando acaben las obras, cuando la senectud nos alcance.\" \/>\n<meta property=\"og:url\" content=\"https:\/\/letrame.com\/catalogo\/producto\/vueltas-de-planeta\/\" \/>\n<meta property=\"og:site_name\" content=\"Catalogo | Letrame Grupo Editorial\" \/>\n<meta property=\"article:modified_time\" content=\"2024-04-18T07:56:23+00:00\" \/>\n<meta property=\"og:image\" content=\"https:\/\/letrame.com\/catalogo\/wp-content\/uploads\/2024\/04\/Vueltas-de-planeta-1-compressed-scaled-1.jpg\" \/>\n\t<meta property=\"og:image:width\" content=\"1782\" \/>\n\t<meta property=\"og:image:height\" content=\"2560\" \/>\n\t<meta property=\"og:image:type\" content=\"image\/jpeg\" \/>\n<meta name=\"twitter:card\" content=\"summary_large_image\" \/>\n<meta name=\"twitter:label1\" content=\"Tiempo de lectura\" \/>\n\t<meta name=\"twitter:data1\" content=\"1 minuto\" \/>\n<script type=\"application\/ld+json\" class=\"yoast-schema-graph\">{\"@context\":\"https:\/\/schema.org\",\"@graph\":[{\"@type\":\"WebPage\",\"@id\":\"https:\/\/letrame.com\/catalogo\/producto\/vueltas-de-planeta\/\",\"url\":\"https:\/\/letrame.com\/catalogo\/producto\/vueltas-de-planeta\/\",\"name\":\"Vueltas de planeta - Catalogo | Letrame Grupo Editorial\",\"isPartOf\":{\"@id\":\"https:\/\/letrame.com\/catalogo\/#website\"},\"primaryImageOfPage\":{\"@id\":\"https:\/\/letrame.com\/catalogo\/producto\/vueltas-de-planeta\/#primaryimage\"},\"image\":{\"@id\":\"https:\/\/letrame.com\/catalogo\/producto\/vueltas-de-planeta\/#primaryimage\"},\"thumbnailUrl\":\"https:\/\/letrame.com\/catalogo\/wp-content\/uploads\/2024\/04\/Vueltas-de-planeta-1-compressed-scaled-1.jpg\",\"datePublished\":\"2024-04-18T07:55:44+00:00\",\"dateModified\":\"2024-04-18T07:56:23+00:00\",\"breadcrumb\":{\"@id\":\"https:\/\/letrame.com\/catalogo\/producto\/vueltas-de-planeta\/#breadcrumb\"},\"inLanguage\":\"es\",\"potentialAction\":[{\"@type\":\"ReadAction\",\"target\":[\"https:\/\/letrame.com\/catalogo\/producto\/vueltas-de-planeta\/\"]}]},{\"@type\":\"ImageObject\",\"inLanguage\":\"es\",\"@id\":\"https:\/\/letrame.com\/catalogo\/producto\/vueltas-de-planeta\/#primaryimage\",\"url\":\"https:\/\/letrame.com\/catalogo\/wp-content\/uploads\/2024\/04\/Vueltas-de-planeta-1-compressed-scaled-1.jpg\",\"contentUrl\":\"https:\/\/letrame.com\/catalogo\/wp-content\/uploads\/2024\/04\/Vueltas-de-planeta-1-compressed-scaled-1.jpg\",\"width\":1782,\"height\":2560},{\"@type\":\"BreadcrumbList\",\"@id\":\"https:\/\/letrame.com\/catalogo\/producto\/vueltas-de-planeta\/#breadcrumb\",\"itemListElement\":[{\"@type\":\"ListItem\",\"position\":1,\"name\":\"Portada\",\"item\":\"https:\/\/letrame.com\/catalogo\/\"},{\"@type\":\"ListItem\",\"position\":2,\"name\":\"Cat\u00e1logo\",\"item\":\"https:\/\/letrame.com\/catalogo\/\"},{\"@type\":\"ListItem\",\"position\":3,\"name\":\"Vueltas de planeta\"}]},{\"@type\":\"WebSite\",\"@id\":\"https:\/\/letrame.com\/catalogo\/#website\",\"url\":\"https:\/\/letrame.com\/catalogo\/\",\"name\":\"Catalogo | Letrame Grupo Editorial\",\"description\":\"\",\"publisher\":{\"@id\":\"https:\/\/letrame.com\/catalogo\/#organization\"},\"potentialAction\":[{\"@type\":\"SearchAction\",\"target\":{\"@type\":\"EntryPoint\",\"urlTemplate\":\"https:\/\/letrame.com\/catalogo\/?s={search_term_string}\"},\"query-input\":{\"@type\":\"PropertyValueSpecification\",\"valueRequired\":true,\"valueName\":\"search_term_string\"}}],\"inLanguage\":\"es\"},{\"@type\":\"Organization\",\"@id\":\"https:\/\/letrame.com\/catalogo\/#organization\",\"name\":\"Catalogo | Letrame Grupo Editorial\",\"url\":\"https:\/\/letrame.com\/catalogo\/\",\"logo\":{\"@type\":\"ImageObject\",\"inLanguage\":\"es\",\"@id\":\"https:\/\/letrame.com\/catalogo\/#\/schema\/logo\/image\/\",\"url\":\"https:\/\/letrame.com\/catalogo\/wp-content\/uploads\/2024\/03\/logo2.webp\",\"contentUrl\":\"https:\/\/letrame.com\/catalogo\/wp-content\/uploads\/2024\/03\/logo2.webp\",\"width\":394,\"height\":128,\"caption\":\"Catalogo | Letrame Grupo Editorial\"},\"image\":{\"@id\":\"https:\/\/letrame.com\/catalogo\/#\/schema\/logo\/image\/\"}}]}<\/script>\n<!-- \/ Yoast SEO plugin. -->","yoast_head_json":{"title":"Vueltas de planeta - Catalogo | Letrame Grupo Editorial","robots":{"index":"index","follow":"follow","max-snippet":"max-snippet:-1","max-image-preview":"max-image-preview:large","max-video-preview":"max-video-preview:-1"},"canonical":"https:\/\/letrame.com\/catalogo\/producto\/vueltas-de-planeta\/","og_locale":"es_ES","og_type":"article","og_title":"Vueltas de planeta - Catalogo | Letrame Grupo Editorial","og_description":"ISBN: 978-84-17499-15-0 \u201cVueltas de Planeta\u201d es la biograf\u00eda versada de una existencia, de todas las existencias. A lo largo de 50 poemas ordenados cronol\u00f3gicamente el autor recorre las v\u00edas de la existencia: las que como despejados e inexplorados senderos se vislumbran al venir al mundo, aquellas que se abren como pizpiretas sendas en la floreciente adolescencia, las que se adivinan cuan tortuosos \u00a0escalones al andar libre de la juventud, los ya marcados ra\u00edles por los que transitamos en la madurez, y aquellos desconocidos caminos que ahora est\u00e1n en construcci\u00f3n y que afrontaremos cuando acaben las obras, cuando la senectud nos alcance.","og_url":"https:\/\/letrame.com\/catalogo\/producto\/vueltas-de-planeta\/","og_site_name":"Catalogo | Letrame Grupo Editorial","article_modified_time":"2024-04-18T07:56:23+00:00","og_image":[{"width":1782,"height":2560,"url":"https:\/\/letrame.com\/catalogo\/wp-content\/uploads\/2024\/04\/Vueltas-de-planeta-1-compressed-scaled-1.jpg","type":"image\/jpeg"}],"twitter_card":"summary_large_image","twitter_misc":{"Tiempo de lectura":"1 minuto"},"schema":{"@context":"https:\/\/schema.org","@graph":[{"@type":"WebPage","@id":"https:\/\/letrame.com\/catalogo\/producto\/vueltas-de-planeta\/","url":"https:\/\/letrame.com\/catalogo\/producto\/vueltas-de-planeta\/","name":"Vueltas de planeta - Catalogo | Letrame Grupo Editorial","isPartOf":{"@id":"https:\/\/letrame.com\/catalogo\/#website"},"primaryImageOfPage":{"@id":"https:\/\/letrame.com\/catalogo\/producto\/vueltas-de-planeta\/#primaryimage"},"image":{"@id":"https:\/\/letrame.com\/catalogo\/producto\/vueltas-de-planeta\/#primaryimage"},"thumbnailUrl":"https:\/\/letrame.com\/catalogo\/wp-content\/uploads\/2024\/04\/Vueltas-de-planeta-1-compressed-scaled-1.jpg","datePublished":"2024-04-18T07:55:44+00:00","dateModified":"2024-04-18T07:56:23+00:00","breadcrumb":{"@id":"https:\/\/letrame.com\/catalogo\/producto\/vueltas-de-planeta\/#breadcrumb"},"inLanguage":"es","potentialAction":[{"@type":"ReadAction","target":["https:\/\/letrame.com\/catalogo\/producto\/vueltas-de-planeta\/"]}]},{"@type":"ImageObject","inLanguage":"es","@id":"https:\/\/letrame.com\/catalogo\/producto\/vueltas-de-planeta\/#primaryimage","url":"https:\/\/letrame.com\/catalogo\/wp-content\/uploads\/2024\/04\/Vueltas-de-planeta-1-compressed-scaled-1.jpg","contentUrl":"https:\/\/letrame.com\/catalogo\/wp-content\/uploads\/2024\/04\/Vueltas-de-planeta-1-compressed-scaled-1.jpg","width":1782,"height":2560},{"@type":"BreadcrumbList","@id":"https:\/\/letrame.com\/catalogo\/producto\/vueltas-de-planeta\/#breadcrumb","itemListElement":[{"@type":"ListItem","position":1,"name":"Portada","item":"https:\/\/letrame.com\/catalogo\/"},{"@type":"ListItem","position":2,"name":"Cat\u00e1logo","item":"https:\/\/letrame.com\/catalogo\/"},{"@type":"ListItem","position":3,"name":"Vueltas de planeta"}]},{"@type":"WebSite","@id":"https:\/\/letrame.com\/catalogo\/#website","url":"https:\/\/letrame.com\/catalogo\/","name":"Catalogo | Letrame Grupo Editorial","description":"","publisher":{"@id":"https:\/\/letrame.com\/catalogo\/#organization"},"potentialAction":[{"@type":"SearchAction","target":{"@type":"EntryPoint","urlTemplate":"https:\/\/letrame.com\/catalogo\/?s={search_term_string}"},"query-input":{"@type":"PropertyValueSpecification","valueRequired":true,"valueName":"search_term_string"}}],"inLanguage":"es"},{"@type":"Organization","@id":"https:\/\/letrame.com\/catalogo\/#organization","name":"Catalogo | Letrame Grupo Editorial","url":"https:\/\/letrame.com\/catalogo\/","logo":{"@type":"ImageObject","inLanguage":"es","@id":"https:\/\/letrame.com\/catalogo\/#\/schema\/logo\/image\/","url":"https:\/\/letrame.com\/catalogo\/wp-content\/uploads\/2024\/03\/logo2.webp","contentUrl":"https:\/\/letrame.com\/catalogo\/wp-content\/uploads\/2024\/03\/logo2.webp","width":394,"height":128,"caption":"Catalogo | Letrame Grupo Editorial"},"image":{"@id":"https:\/\/letrame.com\/catalogo\/#\/schema\/logo\/image\/"}}]}},"_links":{"self":[{"href":"https:\/\/letrame.com\/catalogo\/wp-json\/wp\/v2\/product\/93934","targetHints":{"allow":["GET"]}}],"collection":[{"href":"https:\/\/letrame.com\/catalogo\/wp-json\/wp\/v2\/product"}],"about":[{"href":"https:\/\/letrame.com\/catalogo\/wp-json\/wp\/v2\/types\/product"}],"replies":[{"embeddable":true,"href":"https:\/\/letrame.com\/catalogo\/wp-json\/wp\/v2\/comments?post=93934"}],"acf:post":[{"embeddable":true,"href":"https:\/\/letrame.com\/catalogo\/wp-json\/wp\/v2\/author_book\/72904"}],"wp:featuredmedia":[{"embeddable":true,"href":"https:\/\/letrame.com\/catalogo\/wp-json\/wp\/v2\/media\/93935"}],"wp:attachment":[{"href":"https:\/\/letrame.com\/catalogo\/wp-json\/wp\/v2\/media?parent=93934"}],"wp:term":[{"taxonomy":"libro","embeddable":true,"href":"https:\/\/letrame.com\/catalogo\/wp-json\/wp\/v2\/libro?post=93934"},{"taxonomy":"product_brand","embeddable":true,"href":"https:\/\/letrame.com\/catalogo\/wp-json\/wp\/v2\/product_brand?post=93934"},{"taxonomy":"product_cat","embeddable":true,"href":"https:\/\/letrame.com\/catalogo\/wp-json\/wp\/v2\/product_cat?post=93934"},{"taxonomy":"product_tag","embeddable":true,"href":"https:\/\/letrame.com\/catalogo\/wp-json\/wp\/v2\/product_tag?post=93934"}],"curies":[{"name":"wp","href":"https:\/\/api.w.org\/{rel}","templated":true}]}}