{"id":93880,"date":"2024-04-18T09:53:32","date_gmt":"2024-04-18T07:53:32","guid":{"rendered":"https:\/\/letrame.com\/catalogo\/producto\/mi-despertar\/"},"modified":"2024-04-18T09:53:38","modified_gmt":"2024-04-18T07:53:38","slug":"mi-despertar","status":"publish","type":"product","link":"https:\/\/letrame.com\/catalogo\/producto\/mi-despertar\/","title":{"rendered":"Mi despertar"},"content":{"rendered":"<p><strong>ISBN<\/strong>: &nbsp;<span class=\"sku\">978-84-17396-80-0<\/span><br \/>\n<strong>T\u00edtulo<\/strong>: Mi despertar<br \/>\n<strong>Fecha<\/strong>: 2018<br \/>\n<strong>P\u00e1ginas<\/strong>: 304<\/p>\n<p>&nbsp;<\/p>\n<p><strong>SINOPSIS<\/strong><\/p>\n<section>\n<div class=\"about-this-book\">\n<div class=\"container\">\n<div class=\"right-detail shop-detail1 pull-right col-md-8 col-sm-8 col-xs-12\">\n<div id=\"editionnal-reviews\" class=\"book-desc-detail\"><span class=\"detail-desc box-detail-desc\">El reconocido escritor Manuel Farin\u00f3s por fin da a conocer y desvela la fuente de toda su inspiraci\u00f3n. Francisco Jov\u00e9 Gelonch fue el manantial de sabidur\u00eda donde Manuel beb\u00eda incansablemente para colmar su sed espiritual. Paco, como lo llamaba con AMOR el autor, fue su Maestro terrenal, quien a su vez adquiri\u00f3 los conocimientos directamente de los grandes Yoguis como fueron Ramacharaka, Vivekananda, Samarkanda, Sivananda y un largo etc\u00e9tera. Aqu\u00ed encontrar\u00e9is la riqueza de la sabidur\u00eda de un ser extraordinario, transmitida al autor a trav\u00e9s de las cartas que le envi\u00f3 durante m\u00e1s de diez a\u00f1os, d\u00e1ndole a conocer los grandes secretos ocultos, los que est\u00e1n velados a la gran mayor\u00eda de las personas. Manifestando en ellas una bella y aut\u00e9ntica AMISTAD Y UNI\u00d3N personal y espiritual con el autor. Cada carta es comentada por Manuel reflexionando sobre el mensaje de cada una de ellas. Adem\u00e1s, os ofrece las \u00faltimas conversaciones personales, llenas de ternura, que mantuvo con \u00e9l antes de su partida a la Dimensi\u00f3n de Honor. \u00bfOs gustar\u00eda conocer realmente a un verdadero Maestro? \u00a1Pues no busqu\u00e9is m\u00e1s! Comenzad sin demora a leer este sencillo y ameno libro, MI DESPERTAR, el cual est\u00e1 lleno de ternura, comprensi\u00f3n y de much\u00edsimo AMOR. Debido a que este libro es una nueva edici\u00f3n, pasados ya 23 a\u00f1os desde la primera que se agot\u00f3 al poco de salir al mercado, est\u00e1 actualizado y ampliado con nuevas cartas y experiencias del autor. Es un libro tierno que os cautivar\u00e1 desde el mismo instante en que lo comenc\u00e9is a hojear, relatando el autor con toda su capacidad de AMAR su hermosa amistad con su Maestro.<\/span><\/div>\n<div id=\"clear-scroll\" class=\"clearfix\"><\/div>\n<\/div>\n<\/div>\n<\/div>\n<\/section>\n<div class=\"feature-section feature-option2\">\n<div class=\"container\">\n<div class=\"related products\">\n<div class=\"title-box\"><\/div>\n<\/div>\n<\/div>\n<\/div>\n","protected":false},"excerpt":{"rendered":"<p><strong>ISBN: \u00a0<span class=\"sku\">978-84-17396-80-0<\/span><\/strong><\/p>\n<p>El reconocido escritor Manuel Farin\u00f3s por fin da a conocer y desvela la fuente de toda su inspiraci\u00f3n. Francisco Jov\u00e9 Gelonch fue el manantial de sabidur\u00eda donde Manuel beb\u00eda incansablemente para colmar su sed espiritual. Paco, como lo llamaba con AMOR el autor, fue su Maestro terrenal, quien a su vez adquiri\u00f3 los conocimientos directamente de los grandes Yoguis como fueron Ramacharaka, Vivekananda, Samarkanda, Sivananda y un largo etc\u00e9tera.<\/p>\n","protected":false},"featured_media":93881,"comment_status":"closed","ping_status":"open","template":"","meta":{"_acf_changed":false},"libro":[],"product_brand":[],"product_cat":[18],"product_tag":[],"class_list":{"0":"post-93880","1":"product","2":"type-product","3":"status-publish","4":"has-post-thumbnail","6":"product_cat-autoayuda","8":"first","9":"instock","10":"purchasable","11":"product-type-simple"},"acf":{"autor":[72857],"enlace_de_compra":"https:\/\/www.amazon.com\/Mi-despertar-Spanish-Manuel-Farin%C3%B3s\/dp\/8417396802\/"},"yoast_head":"<!-- This site is optimized with the Yoast SEO plugin v26.6 - https:\/\/yoast.com\/wordpress\/plugins\/seo\/ -->\n<title>Mi despertar - Catalogo | Letrame Grupo Editorial<\/title>\n<meta name=\"robots\" content=\"index, follow, max-snippet:-1, max-image-preview:large, max-video-preview:-1\" \/>\n<link rel=\"canonical\" href=\"https:\/\/letrame.com\/catalogo\/producto\/mi-despertar\/\" \/>\n<meta property=\"og:locale\" content=\"es_ES\" \/>\n<meta property=\"og:type\" content=\"article\" \/>\n<meta property=\"og:title\" content=\"Mi despertar - Catalogo | Letrame Grupo Editorial\" \/>\n<meta property=\"og:description\" content=\"ISBN: \u00a0978-84-17396-80-0 El reconocido escritor Manuel Farin\u00f3s por fin da a conocer y desvela la fuente de toda su inspiraci\u00f3n. Francisco Jov\u00e9 Gelonch fue el manantial de sabidur\u00eda donde Manuel beb\u00eda incansablemente para colmar su sed espiritual. Paco, como lo llamaba con AMOR el autor, fue su Maestro terrenal, quien a su vez adquiri\u00f3 los conocimientos directamente de los grandes Yoguis como fueron Ramacharaka, Vivekananda, Samarkanda, Sivananda y un largo etc\u00e9tera.\" \/>\n<meta property=\"og:url\" content=\"https:\/\/letrame.com\/catalogo\/producto\/mi-despertar\/\" \/>\n<meta property=\"og:site_name\" content=\"Catalogo | Letrame Grupo Editorial\" \/>\n<meta property=\"article:modified_time\" content=\"2024-04-18T07:53:38+00:00\" \/>\n<meta property=\"og:image\" content=\"https:\/\/letrame.com\/catalogo\/wp-content\/uploads\/2024\/04\/Captura-de-pantalla-2018-05-28-a-las-14-compressed.jpg\" \/>\n\t<meta property=\"og:image:width\" content=\"423\" \/>\n\t<meta property=\"og:image:height\" content=\"616\" \/>\n\t<meta property=\"og:image:type\" content=\"image\/jpeg\" \/>\n<meta name=\"twitter:card\" content=\"summary_large_image\" \/>\n<meta name=\"twitter:label1\" content=\"Tiempo de lectura\" \/>\n\t<meta name=\"twitter:data1\" content=\"2 minutos\" \/>\n<script type=\"application\/ld+json\" class=\"yoast-schema-graph\">{\"@context\":\"https:\/\/schema.org\",\"@graph\":[{\"@type\":\"WebPage\",\"@id\":\"https:\/\/letrame.com\/catalogo\/producto\/mi-despertar\/\",\"url\":\"https:\/\/letrame.com\/catalogo\/producto\/mi-despertar\/\",\"name\":\"Mi despertar - Catalogo | Letrame Grupo Editorial\",\"isPartOf\":{\"@id\":\"https:\/\/letrame.com\/catalogo\/#website\"},\"primaryImageOfPage\":{\"@id\":\"https:\/\/letrame.com\/catalogo\/producto\/mi-despertar\/#primaryimage\"},\"image\":{\"@id\":\"https:\/\/letrame.com\/catalogo\/producto\/mi-despertar\/#primaryimage\"},\"thumbnailUrl\":\"https:\/\/letrame.com\/catalogo\/wp-content\/uploads\/2024\/04\/Captura-de-pantalla-2018-05-28-a-las-14-compressed.jpg\",\"datePublished\":\"2024-04-18T07:53:32+00:00\",\"dateModified\":\"2024-04-18T07:53:38+00:00\",\"breadcrumb\":{\"@id\":\"https:\/\/letrame.com\/catalogo\/producto\/mi-despertar\/#breadcrumb\"},\"inLanguage\":\"es\",\"potentialAction\":[{\"@type\":\"ReadAction\",\"target\":[\"https:\/\/letrame.com\/catalogo\/producto\/mi-despertar\/\"]}]},{\"@type\":\"ImageObject\",\"inLanguage\":\"es\",\"@id\":\"https:\/\/letrame.com\/catalogo\/producto\/mi-despertar\/#primaryimage\",\"url\":\"https:\/\/letrame.com\/catalogo\/wp-content\/uploads\/2024\/04\/Captura-de-pantalla-2018-05-28-a-las-14-compressed.jpg\",\"contentUrl\":\"https:\/\/letrame.com\/catalogo\/wp-content\/uploads\/2024\/04\/Captura-de-pantalla-2018-05-28-a-las-14-compressed.jpg\",\"width\":423,\"height\":616},{\"@type\":\"BreadcrumbList\",\"@id\":\"https:\/\/letrame.com\/catalogo\/producto\/mi-despertar\/#breadcrumb\",\"itemListElement\":[{\"@type\":\"ListItem\",\"position\":1,\"name\":\"Portada\",\"item\":\"https:\/\/letrame.com\/catalogo\/\"},{\"@type\":\"ListItem\",\"position\":2,\"name\":\"Cat\u00e1logo\",\"item\":\"https:\/\/letrame.com\/catalogo\/\"},{\"@type\":\"ListItem\",\"position\":3,\"name\":\"Mi despertar\"}]},{\"@type\":\"WebSite\",\"@id\":\"https:\/\/letrame.com\/catalogo\/#website\",\"url\":\"https:\/\/letrame.com\/catalogo\/\",\"name\":\"Catalogo | Letrame Grupo Editorial\",\"description\":\"\",\"publisher\":{\"@id\":\"https:\/\/letrame.com\/catalogo\/#organization\"},\"potentialAction\":[{\"@type\":\"SearchAction\",\"target\":{\"@type\":\"EntryPoint\",\"urlTemplate\":\"https:\/\/letrame.com\/catalogo\/?s={search_term_string}\"},\"query-input\":{\"@type\":\"PropertyValueSpecification\",\"valueRequired\":true,\"valueName\":\"search_term_string\"}}],\"inLanguage\":\"es\"},{\"@type\":\"Organization\",\"@id\":\"https:\/\/letrame.com\/catalogo\/#organization\",\"name\":\"Catalogo | Letrame Grupo Editorial\",\"url\":\"https:\/\/letrame.com\/catalogo\/\",\"logo\":{\"@type\":\"ImageObject\",\"inLanguage\":\"es\",\"@id\":\"https:\/\/letrame.com\/catalogo\/#\/schema\/logo\/image\/\",\"url\":\"https:\/\/letrame.com\/catalogo\/wp-content\/uploads\/2024\/03\/logo2.webp\",\"contentUrl\":\"https:\/\/letrame.com\/catalogo\/wp-content\/uploads\/2024\/03\/logo2.webp\",\"width\":394,\"height\":128,\"caption\":\"Catalogo | Letrame Grupo Editorial\"},\"image\":{\"@id\":\"https:\/\/letrame.com\/catalogo\/#\/schema\/logo\/image\/\"}}]}<\/script>\n<!-- \/ Yoast SEO plugin. -->","yoast_head_json":{"title":"Mi despertar - Catalogo | Letrame Grupo Editorial","robots":{"index":"index","follow":"follow","max-snippet":"max-snippet:-1","max-image-preview":"max-image-preview:large","max-video-preview":"max-video-preview:-1"},"canonical":"https:\/\/letrame.com\/catalogo\/producto\/mi-despertar\/","og_locale":"es_ES","og_type":"article","og_title":"Mi despertar - Catalogo | Letrame Grupo Editorial","og_description":"ISBN: \u00a0978-84-17396-80-0 El reconocido escritor Manuel Farin\u00f3s por fin da a conocer y desvela la fuente de toda su inspiraci\u00f3n. Francisco Jov\u00e9 Gelonch fue el manantial de sabidur\u00eda donde Manuel beb\u00eda incansablemente para colmar su sed espiritual. Paco, como lo llamaba con AMOR el autor, fue su Maestro terrenal, quien a su vez adquiri\u00f3 los conocimientos directamente de los grandes Yoguis como fueron Ramacharaka, Vivekananda, Samarkanda, Sivananda y un largo etc\u00e9tera.","og_url":"https:\/\/letrame.com\/catalogo\/producto\/mi-despertar\/","og_site_name":"Catalogo | Letrame Grupo Editorial","article_modified_time":"2024-04-18T07:53:38+00:00","og_image":[{"width":423,"height":616,"url":"https:\/\/letrame.com\/catalogo\/wp-content\/uploads\/2024\/04\/Captura-de-pantalla-2018-05-28-a-las-14-compressed.jpg","type":"image\/jpeg"}],"twitter_card":"summary_large_image","twitter_misc":{"Tiempo de lectura":"2 minutos"},"schema":{"@context":"https:\/\/schema.org","@graph":[{"@type":"WebPage","@id":"https:\/\/letrame.com\/catalogo\/producto\/mi-despertar\/","url":"https:\/\/letrame.com\/catalogo\/producto\/mi-despertar\/","name":"Mi despertar - Catalogo | Letrame Grupo Editorial","isPartOf":{"@id":"https:\/\/letrame.com\/catalogo\/#website"},"primaryImageOfPage":{"@id":"https:\/\/letrame.com\/catalogo\/producto\/mi-despertar\/#primaryimage"},"image":{"@id":"https:\/\/letrame.com\/catalogo\/producto\/mi-despertar\/#primaryimage"},"thumbnailUrl":"https:\/\/letrame.com\/catalogo\/wp-content\/uploads\/2024\/04\/Captura-de-pantalla-2018-05-28-a-las-14-compressed.jpg","datePublished":"2024-04-18T07:53:32+00:00","dateModified":"2024-04-18T07:53:38+00:00","breadcrumb":{"@id":"https:\/\/letrame.com\/catalogo\/producto\/mi-despertar\/#breadcrumb"},"inLanguage":"es","potentialAction":[{"@type":"ReadAction","target":["https:\/\/letrame.com\/catalogo\/producto\/mi-despertar\/"]}]},{"@type":"ImageObject","inLanguage":"es","@id":"https:\/\/letrame.com\/catalogo\/producto\/mi-despertar\/#primaryimage","url":"https:\/\/letrame.com\/catalogo\/wp-content\/uploads\/2024\/04\/Captura-de-pantalla-2018-05-28-a-las-14-compressed.jpg","contentUrl":"https:\/\/letrame.com\/catalogo\/wp-content\/uploads\/2024\/04\/Captura-de-pantalla-2018-05-28-a-las-14-compressed.jpg","width":423,"height":616},{"@type":"BreadcrumbList","@id":"https:\/\/letrame.com\/catalogo\/producto\/mi-despertar\/#breadcrumb","itemListElement":[{"@type":"ListItem","position":1,"name":"Portada","item":"https:\/\/letrame.com\/catalogo\/"},{"@type":"ListItem","position":2,"name":"Cat\u00e1logo","item":"https:\/\/letrame.com\/catalogo\/"},{"@type":"ListItem","position":3,"name":"Mi despertar"}]},{"@type":"WebSite","@id":"https:\/\/letrame.com\/catalogo\/#website","url":"https:\/\/letrame.com\/catalogo\/","name":"Catalogo | Letrame Grupo Editorial","description":"","publisher":{"@id":"https:\/\/letrame.com\/catalogo\/#organization"},"potentialAction":[{"@type":"SearchAction","target":{"@type":"EntryPoint","urlTemplate":"https:\/\/letrame.com\/catalogo\/?s={search_term_string}"},"query-input":{"@type":"PropertyValueSpecification","valueRequired":true,"valueName":"search_term_string"}}],"inLanguage":"es"},{"@type":"Organization","@id":"https:\/\/letrame.com\/catalogo\/#organization","name":"Catalogo | Letrame Grupo Editorial","url":"https:\/\/letrame.com\/catalogo\/","logo":{"@type":"ImageObject","inLanguage":"es","@id":"https:\/\/letrame.com\/catalogo\/#\/schema\/logo\/image\/","url":"https:\/\/letrame.com\/catalogo\/wp-content\/uploads\/2024\/03\/logo2.webp","contentUrl":"https:\/\/letrame.com\/catalogo\/wp-content\/uploads\/2024\/03\/logo2.webp","width":394,"height":128,"caption":"Catalogo | Letrame Grupo Editorial"},"image":{"@id":"https:\/\/letrame.com\/catalogo\/#\/schema\/logo\/image\/"}}]}},"_links":{"self":[{"href":"https:\/\/letrame.com\/catalogo\/wp-json\/wp\/v2\/product\/93880","targetHints":{"allow":["GET"]}}],"collection":[{"href":"https:\/\/letrame.com\/catalogo\/wp-json\/wp\/v2\/product"}],"about":[{"href":"https:\/\/letrame.com\/catalogo\/wp-json\/wp\/v2\/types\/product"}],"replies":[{"embeddable":true,"href":"https:\/\/letrame.com\/catalogo\/wp-json\/wp\/v2\/comments?post=93880"}],"acf:post":[{"embeddable":true,"href":"https:\/\/letrame.com\/catalogo\/wp-json\/wp\/v2\/author_book\/72857"}],"wp:featuredmedia":[{"embeddable":true,"href":"https:\/\/letrame.com\/catalogo\/wp-json\/wp\/v2\/media\/93881"}],"wp:attachment":[{"href":"https:\/\/letrame.com\/catalogo\/wp-json\/wp\/v2\/media?parent=93880"}],"wp:term":[{"taxonomy":"libro","embeddable":true,"href":"https:\/\/letrame.com\/catalogo\/wp-json\/wp\/v2\/libro?post=93880"},{"taxonomy":"product_brand","embeddable":true,"href":"https:\/\/letrame.com\/catalogo\/wp-json\/wp\/v2\/product_brand?post=93880"},{"taxonomy":"product_cat","embeddable":true,"href":"https:\/\/letrame.com\/catalogo\/wp-json\/wp\/v2\/product_cat?post=93880"},{"taxonomy":"product_tag","embeddable":true,"href":"https:\/\/letrame.com\/catalogo\/wp-json\/wp\/v2\/product_tag?post=93880"}],"curies":[{"name":"wp","href":"https:\/\/api.w.org\/{rel}","templated":true}]}}